{"id":3178,"date":"2025-11-05T14:49:59","date_gmt":"2025-11-05T14:49:59","guid":{"rendered":"https:\/\/eletricistadelisboa.pt\/?page_id=3178"},"modified":"2025-11-05T14:49:59","modified_gmt":"2025-11-05T14:49:59","slug":"illuminazione-lisbona","status":"publish","type":"page","link":"https:\/\/eletricistadelisboa.pt\/it\/illuminazione-lisbona\/","title":{"rendered":"Illuminazione Lisbona - Intervento elettrico rapido e sicuro"},"content":{"rendered":"<p>Risolviamo <strong>illuminazione a Lisbona<\/strong> in modo rapido e sicuro. Luci che sfarfallano, lampadine che si bruciano spesso, circuiti senza corrente o faretti che smettono di funzionare: arriviamo sul posto e risolviamo il problema.<\/p>\n<p>Se l'illuminazione della vostra casa o della vostra azienda si \u00e8 guastata, non cercate di improvvisare. I problemi elettrici possono causare un cortocircuito o un surriscaldamento. Interveniamo il giorno stesso, quando possibile.<\/p>\n<h2>Servizi di illuminazione rapida<\/h2>\n<ul>\n<li>Riparazione dei faretti da incasso e delle luci a LED;<\/li>\n<li>Correzione dei collegamenti allentati e dei contatti difettosi;<\/li>\n<li>Sostituzione di interruttori e dimmer;<\/li>\n<li>Riparazione dei circuiti di illuminazione nel quadro elettrico;<\/li>\n<li>Installazione o miglioramento dell'illuminazione di cucine, soggiorni e scale.<\/li>\n<\/ul>\n<p>Interveniamo in tutta la citt\u00e0. Nessuna complicazione, nessun ritardo.<\/p>\n<p>Se avete bisogno di un <a href=\"https:\/\/eletricistadelisboa.pt\/it\/\" title=\"Eletricista de Lisboa\">Eletricista de Lisboa<\/a> per risolvere subito un problema di illuminazione, contattateci.<\/p>\n<hr>\n<p style=\"text-align:center; font-size:1.2em;\">\n\u26a1 Guasto alla luce? Problemi di illuminazione?<br \/>\n<strong>Chiamateci ora. Verremo da voi.<\/strong><\/p>","protected":false},"excerpt":{"rendered":"<p>Resolvemos problemas de ilumina\u00e7\u00e3o em Lisboa de forma r\u00e1pida e segura. Luzes que piscam, l\u00e2mpadas a queimar com frequ\u00eancia, circuitos sem energia ou focos que deixam de funcionar \u2014 vamos at\u00e9 ao local e resolvemos. Se a ilumina\u00e7\u00e3o da sua casa ou neg\u00f3cio falhou, n\u00e3o tente improvisar. Problemas el\u00e9tricos podem causar curto-circuito ou sobreaquecimento. Intervimos [&hellip;]<\/p>\n","protected":false},"author":1,"featured_media":0,"parent":0,"menu_order":0,"comment_status":"closed","ping_status":"closed","template":"","meta":{"iawp_total_views":22,"footnotes":""},"class_list":["post-3178","page","type-page","status-publish","hentry"],"yoast_head":"<!-- This site is optimized with the Yoast SEO plugin v27.5 - https:\/\/yoast.com\/product\/yoast-seo-wordpress\/ -->\n<title>Ilumina\u00e7\u00e3o Lisboa \u2013 Interven\u00e7\u00e3o El\u00e9trica R\u00e1pida e Segura<\/title>\n<meta name=\"description\" content=\"Luzes a piscar, focos sem funcionar ou ilumina\u00e7\u00e3o fraca? T\u00e9cnico em Lisboa com interven\u00e7\u00e3o imediata. Resolvo no mesmo dia. Ligue agora.\" \/>\n<meta name=\"robots\" content=\"index, follow, max-snippet:-1, max-image-preview:large, max-video-preview:-1\" \/>\n<link rel=\"canonical\" href=\"https:\/\/eletricistadelisboa.pt\/it\/illuminazione-lisbona\/\" \/>\n<meta property=\"og:locale\" content=\"it_IT\" \/>\n<meta property=\"og:type\" content=\"article\" \/>\n<meta property=\"og:title\" content=\"Ilumina\u00e7\u00e3o Lisboa \u2013 Interven\u00e7\u00e3o El\u00e9trica R\u00e1pida e Segura\" \/>\n<meta property=\"og:description\" content=\"Luzes a piscar, focos sem funcionar ou ilumina\u00e7\u00e3o fraca? T\u00e9cnico em Lisboa com interven\u00e7\u00e3o imediata. Resolvo no mesmo dia. Ligue agora.\" \/>\n<meta property=\"og:url\" content=\"https:\/\/eletricistadelisboa.pt\/it\/illuminazione-lisbona\/\" \/>\n<meta property=\"og:site_name\" content=\"Eletricista de Lisboa\" \/>\n<meta name=\"twitter:card\" content=\"summary_large_image\" \/>\n<meta name=\"twitter:label1\" content=\"Tempo di lettura stimato\" \/>\n\t<meta name=\"twitter:data1\" content=\"1 minuto\" \/>\n<script type=\"application\/ld+json\" class=\"yoast-schema-graph\">{\"@context\":\"https:\\\/\\\/schema.org\",\"@graph\":[{\"@type\":\"WebPage\",\"@id\":\"https:\\\/\\\/eletricistadelisboa.pt\\\/iluminacao-lisboa\\\/\",\"url\":\"https:\\\/\\\/eletricistadelisboa.pt\\\/iluminacao-lisboa\\\/\",\"name\":\"Ilumina\u00e7\u00e3o Lisboa \u2013 Interven\u00e7\u00e3o El\u00e9trica R\u00e1pida e Segura\",\"isPartOf\":{\"@id\":\"https:\\\/\\\/eletricistadelisboa.pt\\\/#website\"},\"datePublished\":\"2025-11-05T14:49:59+00:00\",\"description\":\"Luzes a piscar, focos sem funcionar ou ilumina\u00e7\u00e3o fraca? T\u00e9cnico em Lisboa com interven\u00e7\u00e3o imediata. Resolvo no mesmo dia. Ligue agora.\",\"breadcrumb\":{\"@id\":\"https:\\\/\\\/eletricistadelisboa.pt\\\/iluminacao-lisboa\\\/#breadcrumb\"},\"inLanguage\":\"it-IT\",\"potentialAction\":[{\"@type\":\"ReadAction\",\"target\":[\"https:\\\/\\\/eletricistadelisboa.pt\\\/iluminacao-lisboa\\\/\"]}]},{\"@type\":\"BreadcrumbList\",\"@id\":\"https:\\\/\\\/eletricistadelisboa.pt\\\/iluminacao-lisboa\\\/#breadcrumb\",\"itemListElement\":[{\"@type\":\"ListItem\",\"position\":1,\"name\":\"In\u00edcio\",\"item\":\"https:\\\/\\\/eletricistadelisboa.pt\\\/\"},{\"@type\":\"ListItem\",\"position\":2,\"name\":\"Ilumina\u00e7\u00e3o Lisboa \u2013 Interven\u00e7\u00e3o El\u00e9trica R\u00e1pida e Segura\"}]},{\"@type\":\"WebSite\",\"@id\":\"https:\\\/\\\/eletricistadelisboa.pt\\\/#website\",\"url\":\"https:\\\/\\\/eletricistadelisboa.pt\\\/\",\"name\":\"Eletricista de Lisboa\",\"description\":\"Servi\u00e7os el\u00e9tricos r\u00e1pidos e de alta qualidade em Lisboa, dispon\u00edveis 24 horas por dia.\",\"potentialAction\":[{\"@type\":\"SearchAction\",\"target\":{\"@type\":\"EntryPoint\",\"urlTemplate\":\"https:\\\/\\\/eletricistadelisboa.pt\\\/?s={search_term_string}\"},\"query-input\":{\"@type\":\"PropertyValueSpecification\",\"valueRequired\":true,\"valueName\":\"search_term_string\"}}],\"inLanguage\":\"it-IT\"}]}<\/script>\n<!-- \/ Yoast SEO plugin. -->","yoast_head_json":{"title":"Illuminazione Lisbona - Intervento elettrico rapido e sicuro","description":"Luci tremolanti, faretti non funzionanti o scarsa illuminazione? Tecnico a Lisbona con intervento immediato. Lo risolvo il giorno stesso. Chiama ora.","robots":{"index":"index","follow":"follow","max-snippet":"max-snippet:-1","max-image-preview":"max-image-preview:large","max-video-preview":"max-video-preview:-1"},"canonical":"https:\/\/eletricistadelisboa.pt\/it\/illuminazione-lisbona\/","og_locale":"it_IT","og_type":"article","og_title":"Ilumina\u00e7\u00e3o Lisboa \u2013 Interven\u00e7\u00e3o El\u00e9trica R\u00e1pida e Segura","og_description":"Luzes a piscar, focos sem funcionar ou ilumina\u00e7\u00e3o fraca? T\u00e9cnico em Lisboa com interven\u00e7\u00e3o imediata. Resolvo no mesmo dia. Ligue agora.","og_url":"https:\/\/eletricistadelisboa.pt\/it\/illuminazione-lisbona\/","og_site_name":"Eletricista de Lisboa","twitter_card":"summary_large_image","twitter_misc":{"Tempo di lettura stimato":"1 minuto"},"schema":{"@context":"https:\/\/schema.org","@graph":[{"@type":"WebPage","@id":"https:\/\/eletricistadelisboa.pt\/iluminacao-lisboa\/","url":"https:\/\/eletricistadelisboa.pt\/iluminacao-lisboa\/","name":"Illuminazione Lisbona - Intervento elettrico rapido e sicuro","isPartOf":{"@id":"https:\/\/eletricistadelisboa.pt\/#website"},"datePublished":"2025-11-05T14:49:59+00:00","description":"Luci tremolanti, faretti non funzionanti o scarsa illuminazione? Tecnico a Lisbona con intervento immediato. Lo risolvo il giorno stesso. Chiama ora.","breadcrumb":{"@id":"https:\/\/eletricistadelisboa.pt\/iluminacao-lisboa\/#breadcrumb"},"inLanguage":"it-IT","potentialAction":[{"@type":"ReadAction","target":["https:\/\/eletricistadelisboa.pt\/iluminacao-lisboa\/"]}]},{"@type":"BreadcrumbList","@id":"https:\/\/eletricistadelisboa.pt\/iluminacao-lisboa\/#breadcrumb","itemListElement":[{"@type":"ListItem","position":1,"name":"In\u00edcio","item":"https:\/\/eletricistadelisboa.pt\/"},{"@type":"ListItem","position":2,"name":"Ilumina\u00e7\u00e3o Lisboa \u2013 Interven\u00e7\u00e3o El\u00e9trica R\u00e1pida e Segura"}]},{"@type":"WebSite","@id":"https:\/\/eletricistadelisboa.pt\/#website","url":"https:\/\/eletricistadelisboa.pt\/","name":"Eletricista de Lisboa","description":"Servizi elettrici rapidi e di alta qualit\u00e0 a Lisbona, disponibili 24 ore al giorno.","potentialAction":[{"@type":"SearchAction","target":{"@type":"EntryPoint","urlTemplate":"https:\/\/eletricistadelisboa.pt\/?s={search_term_string}"},"query-input":{"@type":"PropertyValueSpecification","valueRequired":true,"valueName":"search_term_string"}}],"inLanguage":"it-IT"}]}},"_links":{"self":[{"href":"https:\/\/eletricistadelisboa.pt\/it\/wp-json\/wp\/v2\/pages\/3178","targetHints":{"allow":["GET"]}}],"collection":[{"href":"https:\/\/eletricistadelisboa.pt\/it\/wp-json\/wp\/v2\/pages"}],"about":[{"href":"https:\/\/eletricistadelisboa.pt\/it\/wp-json\/wp\/v2\/types\/page"}],"author":[{"embeddable":true,"href":"https:\/\/eletricistadelisboa.pt\/it\/wp-json\/wp\/v2\/users\/1"}],"replies":[{"embeddable":true,"href":"https:\/\/eletricistadelisboa.pt\/it\/wp-json\/wp\/v2\/comments?post=3178"}],"version-history":[{"count":1,"href":"https:\/\/eletricistadelisboa.pt\/it\/wp-json\/wp\/v2\/pages\/3178\/revisions"}],"predecessor-version":[{"id":3179,"href":"https:\/\/eletricistadelisboa.pt\/it\/wp-json\/wp\/v2\/pages\/3178\/revisions\/3179"}],"wp:attachment":[{"href":"https:\/\/eletricistadelisboa.pt\/it\/wp-json\/wp\/v2\/media?parent=3178"}],"curies":[{"name":"wp","href":"https:\/\/api.w.org\/{rel}","templated":true}]}}