{"id":3087,"date":"2025-01-31T14:05:32","date_gmt":"2025-01-31T14:05:32","guid":{"rendered":"https:\/\/eletricistadelisboa.pt\/?page_id=3087"},"modified":"2025-01-31T14:05:32","modified_gmt":"2025-01-31T14:05:32","slug":"elettricista-certificato","status":"publish","type":"page","link":"https:\/\/eletricistadelisboa.pt\/it\/elettricista-certificato\/","title":{"rendered":"Elettricista certificato - Sicurezza e qualit\u00e0 garantite"},"content":{"rendered":"<p>\u00c8 necessario un <strong>elettricista certificato<\/strong> per realizzare un impianto elettrico sicuro e a norma? Affidarsi a un professionista qualificato evita i rischi elettrici, garantisce l'approvazione dell'impianto e assicura un servizio efficiente e duraturo.<\/p>\n<p>Che si tratti di una nuova installazione, di una certificazione elettrica, di una riparazione o di una regolarizzazione della rete, una <strong>elettricista certificato<\/strong> offre sicurezza e qualit\u00e0 in ogni servizio svolto.<\/p>\n<h2>Che cos'\u00e8 un elettricista certificato?<\/h2>\n<p>Uno <strong>elettricista certificato<\/strong> \u00e8 un professionista qualificato e registrato presso le organizzazioni di regolamentazione come l'Ordine dei Dottori Commercialisti. <strong>Direzione generale dell'Energia e della Geologia (DGEG)<\/strong>. \u00c8 autorizzato a eseguire lavori elettrici in conformit\u00e0 alle norme tecniche e ai regolamenti di sicurezza.<\/p>\n<p>Solo un elettricista certificato pu\u00f2 firmare e rilasciare documenti ufficiali quali:<\/p>\n<ul>\n<li>Dichiarazione di responsabilit\u00e0 elettrica.<\/li>\n<li>Fascicolo elettrotecnico.<\/li>\n<li>Progetti elettrici residenziali e commerciali.<\/li>\n<li>Certificazione degli impianti elettrici.<\/li>\n<li>Ispezione dei collegamenti di alimentazione.<\/li>\n<\/ul>\n<p>Se avete bisogno di un servizio elettrico professionale e legalizzato, l'assunzione di un elettricista certificato \u00e8 d'obbligo.<\/p>\n<h2>Quando \u00e8 necessario un elettricista certificato?<\/h2>\n<p>Il servizio di un <strong>elettricista certificato<\/strong> \u00e8 necessario in varie situazioni, come ad esempio<\/p>\n<ul>\n<li><strong>Nuovo collegamento elettrico:<\/strong> Per gli immobili che necessitano di un approvvigionamento energetico.<\/li>\n<li><strong>Variazione della potenza contrattuale:<\/strong> Se si desidera aumentare o ridurre la carica elettrica.<\/li>\n<li><strong>Regolarizzazione degli impianti elettrici:<\/strong> Per gli immobili vecchi o con reti elettriche irregolari.<\/li>\n<li><strong>Ispezioni per la vendita di immobili:<\/strong> Alcune agenzie immobiliari e banche richiedono la certificazione elettrica.<\/li>\n<li><strong>Progetti elettrici industriali e commerciali:<\/strong> Le aziende devono garantire la conformit\u00e0 agli standard.<\/li>\n<li><strong>Installazione di caricatori per veicoli elettrici:<\/strong> Adattamento della rete elettrica per supportare il nuovo carico.<\/li>\n<\/ul>\n<p>Se avete bisogno di una di queste soluzioni, un elettricista certificato pu\u00f2 garantire che tutto sia fatto correttamente.<\/p>\n<h2>Quali servizi pu\u00f2 offrire un elettricista certificato?<\/h2>\n<p>Il <strong>elettricisti certificati<\/strong> garantire che gli impianti elettrici siano conformi a tutte le norme di sicurezza. I servizi principali comprendono:<\/p>\n<ul>\n<li><strong>Nuove installazioni elettriche:<\/strong> Residenziale, commerciale e industriale.<\/li>\n<li><strong>Riparazione e manutenzione elettrica:<\/strong> Correzione dei guasti nella rete elettrica.<\/li>\n<li><strong>Certificazione elettrica:<\/strong> Documento essenziale per l'approvazione dell'impianto.<\/li>\n<li><strong>Progetti elettrici:<\/strong> Pianificazione e dimensionamento dei circuiti elettrici.<\/li>\n<li><strong>Installazione e manutenzione di quadri elettrici:<\/strong> Sostituzione e ammodernamento.<\/li>\n<li><strong>Messa a terra elettrica:<\/strong> Protezione contro le sovratensioni elettriche e i fulmini.<\/li>\n<li><strong>Domotica:<\/strong> Integrazione di sistemi intelligenti di illuminazione e sicurezza.<\/li>\n<\/ul>\n<p>Con un <strong>elettricista certificato<\/strong>Vi garantiamo un servizio sicuro e di alta qualit\u00e0.<\/p>\n<h2>Perch\u00e9 assumere un elettricista certificato?<\/h2>\n<p>Assumere un <strong>elettricista certificato<\/strong> ha molti vantaggi:<\/p>\n<ul>\n<li><strong>Conformit\u00e0 legale:<\/strong> Tutte le installazioni sono conformi agli standard richiesti.<\/li>\n<li><strong>Sicurezza garantita:<\/strong> Riduzione del rischio di cortocircuiti e incendi.<\/li>\n<li><strong>Facile approvazione del collegamento elettrico:<\/strong> Una documentazione adeguata evita ritardi.<\/li>\n<li><strong>Risparmio a lungo termine:<\/strong> Evita costi di riparazione e sprechi di energia.<\/li>\n<li><strong>Valutazione della propriet\u00e0:<\/strong> Gli impianti certificati godono di maggiore credibilit\u00e0 sul mercato.<\/li>\n<\/ul>\n<p>Con un professionista certificato, potete essere certi di un servizio sicuro e senza complicazioni future.<\/p>\n<h2>Quanto costa un elettricista certificato?<\/h2>\n<p>Il valore di un <strong>elettricista certificato<\/strong> pu\u00f2 variare a seconda<\/p>\n<ul>\n<li>Dimensioni dell'impianto elettrico.<\/li>\n<li>Complessit\u00e0 del progetto elettrico.<\/li>\n<li>Documentazione richiesta.<\/li>\n<li>Necessit\u00e0 di ispezioni e test elettrici.<\/li>\n<\/ul>\n<p>Per un preventivo equo e trasparente, consigliamo una valutazione professionale.<\/p>\n<h2>Quanto tempo occorre per ottenere un certificato elettrico?<\/h2>\n<p>Il termine per il rilascio dei documenti e della certificazione elettrica dipende dalla complessit\u00e0 dell'impianto. In generale, le ispezioni e le certificazioni possono essere completate entro 24-72 ore, a condizione che l'impianto sia conforme agli standard richiesti.<\/p>\n<h2>Avete bisogno di un elettricista certificato? Rivolgetevi a noi!<\/h2>\n<p>Se siete alla ricerca di un <strong>elettricista certificato<\/strong> per l'installazione di impianti elettrici, la regolarizzazione del vostro immobile o il rilascio di certificazioni, contattateci. Garantiamo un servizio professionale e di qualit\u00e0, rispettando tutti gli standard richiesti.<\/p>\n<p><strong>Contattate subito e richiedete un preventivo non vincolante!<\/strong><\/p>","protected":false},"excerpt":{"rendered":"<p>Precisa de um eletricista certificado para realizar uma instala\u00e7\u00e3o el\u00e9trica segura e em conformidade com as normas? Contar com um profissional qualificado evita riscos el\u00e9tricos, garante a aprova\u00e7\u00e3o da instala\u00e7\u00e3o e assegura um servi\u00e7o eficiente e duradouro. Seja para uma nova instala\u00e7\u00e3o, certifica\u00e7\u00e3o el\u00e9trica, reparos ou regulariza\u00e7\u00e3o da rede, um eletricista certificado oferece seguran\u00e7a e [&hellip;]<\/p>\n","protected":false},"author":1,"featured_media":0,"parent":0,"menu_order":0,"comment_status":"closed","ping_status":"closed","template":"","meta":{"iawp_total_views":31,"footnotes":""},"class_list":["post-3087","page","type-page","status-publish","hentry"],"yoast_head":"<!-- This site is optimized with the Yoast SEO plugin v27.5 - https:\/\/yoast.com\/product\/yoast-seo-wordpress\/ -->\n<title>Eletricista Certificado \u2013 Seguran\u00e7a e Qualidade Garantidas<\/title>\n<meta name=\"description\" content=\"Procura um eletricista certificado? Garantimos instala\u00e7\u00f5es el\u00e9tricas seguras, dentro das normas e com certifica\u00e7\u00e3o oficial. Pe\u00e7a um or\u00e7amento agora!\" \/>\n<meta name=\"robots\" content=\"index, follow, max-snippet:-1, max-image-preview:large, max-video-preview:-1\" \/>\n<link rel=\"canonical\" href=\"https:\/\/eletricistadelisboa.pt\/it\/elettricista-certificato\/\" \/>\n<meta property=\"og:locale\" content=\"it_IT\" \/>\n<meta property=\"og:type\" content=\"article\" \/>\n<meta property=\"og:title\" content=\"Eletricista Certificado \u2013 Seguran\u00e7a e Qualidade Garantidas\" \/>\n<meta property=\"og:description\" content=\"Procura um eletricista certificado? Garantimos instala\u00e7\u00f5es el\u00e9tricas seguras, dentro das normas e com certifica\u00e7\u00e3o oficial. Pe\u00e7a um or\u00e7amento agora!\" \/>\n<meta property=\"og:url\" content=\"https:\/\/eletricistadelisboa.pt\/it\/elettricista-certificato\/\" \/>\n<meta property=\"og:site_name\" content=\"Eletricista de Lisboa\" \/>\n<meta name=\"twitter:card\" content=\"summary_large_image\" \/>\n<script type=\"application\/ld+json\" class=\"yoast-schema-graph\">{\"@context\":\"https:\\\/\\\/schema.org\",\"@graph\":[{\"@type\":\"WebPage\",\"@id\":\"https:\\\/\\\/eletricistadelisboa.pt\\\/eletricista-certificado\\\/\",\"url\":\"https:\\\/\\\/eletricistadelisboa.pt\\\/eletricista-certificado\\\/\",\"name\":\"Eletricista Certificado \u2013 Seguran\u00e7a e Qualidade Garantidas\",\"isPartOf\":{\"@id\":\"https:\\\/\\\/eletricistadelisboa.pt\\\/#website\"},\"datePublished\":\"2025-01-31T14:05:32+00:00\",\"description\":\"Procura um eletricista certificado? Garantimos instala\u00e7\u00f5es el\u00e9tricas seguras, dentro das normas e com certifica\u00e7\u00e3o oficial. Pe\u00e7a um or\u00e7amento agora!\",\"breadcrumb\":{\"@id\":\"https:\\\/\\\/eletricistadelisboa.pt\\\/eletricista-certificado\\\/#breadcrumb\"},\"inLanguage\":\"it-IT\",\"potentialAction\":[{\"@type\":\"ReadAction\",\"target\":[\"https:\\\/\\\/eletricistadelisboa.pt\\\/eletricista-certificado\\\/\"]}]},{\"@type\":\"BreadcrumbList\",\"@id\":\"https:\\\/\\\/eletricistadelisboa.pt\\\/eletricista-certificado\\\/#breadcrumb\",\"itemListElement\":[{\"@type\":\"ListItem\",\"position\":1,\"name\":\"In\u00edcio\",\"item\":\"https:\\\/\\\/eletricistadelisboa.pt\\\/\"},{\"@type\":\"ListItem\",\"position\":2,\"name\":\"Eletricista Certificado \u2013 Seguran\u00e7a e Qualidade Garantidas\"}]},{\"@type\":\"WebSite\",\"@id\":\"https:\\\/\\\/eletricistadelisboa.pt\\\/#website\",\"url\":\"https:\\\/\\\/eletricistadelisboa.pt\\\/\",\"name\":\"Eletricista de Lisboa\",\"description\":\"Servi\u00e7os el\u00e9tricos r\u00e1pidos e de alta qualidade em Lisboa, dispon\u00edveis 24 horas por dia.\",\"potentialAction\":[{\"@type\":\"SearchAction\",\"target\":{\"@type\":\"EntryPoint\",\"urlTemplate\":\"https:\\\/\\\/eletricistadelisboa.pt\\\/?s={search_term_string}\"},\"query-input\":{\"@type\":\"PropertyValueSpecification\",\"valueRequired\":true,\"valueName\":\"search_term_string\"}}],\"inLanguage\":\"it-IT\"}]}<\/script>\n<!-- \/ Yoast SEO plugin. -->","yoast_head_json":{"title":"Elettricista certificato - Sicurezza e qualit\u00e0 garantite","description":"Cercate un elettricista certificato? Garantiamo impianti elettrici sicuri, a norma e con certificazione ufficiale. Richiedi subito un preventivo!","robots":{"index":"index","follow":"follow","max-snippet":"max-snippet:-1","max-image-preview":"max-image-preview:large","max-video-preview":"max-video-preview:-1"},"canonical":"https:\/\/eletricistadelisboa.pt\/it\/elettricista-certificato\/","og_locale":"it_IT","og_type":"article","og_title":"Eletricista Certificado \u2013 Seguran\u00e7a e Qualidade Garantidas","og_description":"Procura um eletricista certificado? Garantimos instala\u00e7\u00f5es el\u00e9tricas seguras, dentro das normas e com certifica\u00e7\u00e3o oficial. Pe\u00e7a um or\u00e7amento agora!","og_url":"https:\/\/eletricistadelisboa.pt\/it\/elettricista-certificato\/","og_site_name":"Eletricista de Lisboa","twitter_card":"summary_large_image","schema":{"@context":"https:\/\/schema.org","@graph":[{"@type":"WebPage","@id":"https:\/\/eletricistadelisboa.pt\/eletricista-certificado\/","url":"https:\/\/eletricistadelisboa.pt\/eletricista-certificado\/","name":"Elettricista certificato - Sicurezza e qualit\u00e0 garantite","isPartOf":{"@id":"https:\/\/eletricistadelisboa.pt\/#website"},"datePublished":"2025-01-31T14:05:32+00:00","description":"Cercate un elettricista certificato? Garantiamo impianti elettrici sicuri, a norma e con certificazione ufficiale. Richiedi subito un preventivo!","breadcrumb":{"@id":"https:\/\/eletricistadelisboa.pt\/eletricista-certificado\/#breadcrumb"},"inLanguage":"it-IT","potentialAction":[{"@type":"ReadAction","target":["https:\/\/eletricistadelisboa.pt\/eletricista-certificado\/"]}]},{"@type":"BreadcrumbList","@id":"https:\/\/eletricistadelisboa.pt\/eletricista-certificado\/#breadcrumb","itemListElement":[{"@type":"ListItem","position":1,"name":"In\u00edcio","item":"https:\/\/eletricistadelisboa.pt\/"},{"@type":"ListItem","position":2,"name":"Eletricista Certificado \u2013 Seguran\u00e7a e Qualidade Garantidas"}]},{"@type":"WebSite","@id":"https:\/\/eletricistadelisboa.pt\/#website","url":"https:\/\/eletricistadelisboa.pt\/","name":"Eletricista de Lisboa","description":"Servizi elettrici rapidi e di alta qualit\u00e0 a Lisbona, disponibili 24 ore al giorno.","potentialAction":[{"@type":"SearchAction","target":{"@type":"EntryPoint","urlTemplate":"https:\/\/eletricistadelisboa.pt\/?s={search_term_string}"},"query-input":{"@type":"PropertyValueSpecification","valueRequired":true,"valueName":"search_term_string"}}],"inLanguage":"it-IT"}]}},"_links":{"self":[{"href":"https:\/\/eletricistadelisboa.pt\/it\/wp-json\/wp\/v2\/pages\/3087","targetHints":{"allow":["GET"]}}],"collection":[{"href":"https:\/\/eletricistadelisboa.pt\/it\/wp-json\/wp\/v2\/pages"}],"about":[{"href":"https:\/\/eletricistadelisboa.pt\/it\/wp-json\/wp\/v2\/types\/page"}],"author":[{"embeddable":true,"href":"https:\/\/eletricistadelisboa.pt\/it\/wp-json\/wp\/v2\/users\/1"}],"replies":[{"embeddable":true,"href":"https:\/\/eletricistadelisboa.pt\/it\/wp-json\/wp\/v2\/comments?post=3087"}],"version-history":[{"count":1,"href":"https:\/\/eletricistadelisboa.pt\/it\/wp-json\/wp\/v2\/pages\/3087\/revisions"}],"predecessor-version":[{"id":3088,"href":"https:\/\/eletricistadelisboa.pt\/it\/wp-json\/wp\/v2\/pages\/3087\/revisions\/3088"}],"wp:attachment":[{"href":"https:\/\/eletricistadelisboa.pt\/it\/wp-json\/wp\/v2\/media?parent=3087"}],"curies":[{"name":"wp","href":"https:\/\/api.w.org\/{rel}","templated":true}]}}