{"id":3078,"date":"2025-01-31T13:53:43","date_gmt":"2025-01-31T13:53:43","guid":{"rendered":"https:\/\/eletricistadelisboa.pt\/?page_id=3078"},"modified":"2025-01-31T13:53:43","modified_gmt":"2025-01-31T13:53:43","slug":"elettricista-24-ore-su-24","status":"publish","type":"page","link":"https:\/\/eletricistadelisboa.pt\/it\/elettricista-24-ore-su-24\/","title":{"rendered":"Elettricista 24 ore - Servizio rapido per le emergenze"},"content":{"rendered":"<p>Avete un problema elettrico e avete bisogno di un <strong>Elettricista 24 ore su 24<\/strong>? I guasti elettrici possono verificarsi in qualsiasi momento, mettendo a rischio la sicurezza della vostra casa, azienda o attivit\u00e0 commerciale. Per evitare disagi e garantire una riparazione immediata, un <strong>servizio elettrico di emergenza<\/strong> \u00e8 a disposizione per aiutarvi ogni volta che ne avete bisogno.<\/p>\n<p>Di giorno, di notte, nei fine settimana o nei giorni festivi, un elettricista qualificato pu\u00f2 risolvere qualsiasi guasto elettrico in modo rapido e sicuro.<\/p>\n<h2>Quando \u00e8 necessario chiamare un elettricista 24 ore su 24?<\/h2>\n<p>I problemi elettrici non devono essere ignorati, perch\u00e9 possono trasformarsi in guasti gravi e persino in incendi. Se notate uno di questi segnali, chiamate un elettricista. <strong>Elettricista 24 ore su 24<\/strong> immediatamente:<\/p>\n<ul>\n<li><strong>Interruzione improvvisa dell'alimentazione:<\/strong> Se la vostra propriet\u00e0 \u00e8 rimasta senza elettricit\u00e0 mentre i vostri vicini ne hanno ancora.<\/li>\n<li><strong>L'interruttore automatico scatta continuamente:<\/strong> Ci\u00f2 potrebbe indicare un sovraccarico elettrico o un cortocircuito.<\/li>\n<li><strong>Prese di corrente o odore di bruciato:<\/strong> Segno di un cortocircuito che potrebbe provocare un incendio.<\/li>\n<li><strong>Luci lampeggianti o oscillanti:<\/strong> Ci\u00f2 potrebbe indicare un problema al cablaggio o al quadro elettrico.<\/li>\n<li><strong>Fili scoperti o scintille nelle prese:<\/strong> Pericolo immediato di scosse elettriche.<\/li>\n<li><strong>L'apparecchiatura si spegne da sola:<\/strong> Potrebbe trattarsi di un problema di distribuzione elettrica.<\/li>\n<li><strong>Doccia elettrica bruciata:<\/strong> Il resistore deve essere riparato o sostituito.<\/li>\n<\/ul>\n<p>Se vi trovate in una di queste situazioni, non cercate di risolverla da soli. Un elettricista qualificato pu\u00f2 diagnosticare e risolvere il problema in modo sicuro.<\/p>\n<h2>Servizi offerti da un elettricista 24 ore su 24<\/h2>\n<p>Il nostro <strong>Elettricisti 24 ore su 24<\/strong> sono pronti ad affrontare qualsiasi tipo di emergenza elettrica. I servizi principali includono:<\/p>\n<ul>\n<li>Riparazione di cortocircuiti e sovraccarichi.<\/li>\n<li>Sostituzione e manutenzione degli interruttori automatici.<\/li>\n<li>Riparazione di prese e interruttori danneggiati.<\/li>\n<li>Sostituzione dei cavi bruciati o fusi.<\/li>\n<li>Correzione dei guasti nel quadro elettrico.<\/li>\n<li>Riparazione di circuiti elettrici e di illuminazione.<\/li>\n<li>Individuazione e risoluzione di perdite elettriche.<\/li>\n<li>Installazione di quadri elettrici e nuovi circuiti.<\/li>\n<\/ul>\n<p>Qualunque sia l'emergenza, lavoriamo in modo rapido ed efficiente per ripristinare l'energia elettrica.<\/p>\n<h2>Perch\u00e9 assumere un elettricista 24 ore su 24?<\/h2>\n<p>Risolvere i problemi elettrici senza conoscenze tecniche pu\u00f2 essere pericoloso e aumentare il rischio di scosse elettriche o incendi. Quando si assume un <strong>Elettricista 24 ore su 24<\/strong>garantite:<\/p>\n<ul>\n<li><strong>Sicurezza:<\/strong> Previene incidenti e futuri guasti nella rete elettrica.<\/li>\n<li><strong>Servizio immediato:<\/strong> Abbiamo risolto il problema nel pi\u00f9 breve tempo possibile.<\/li>\n<li><strong>Diagnosi precisa:<\/strong> Abbiamo identificato la vera causa del guasto elettrico.<\/li>\n<li><strong>Utilizzo di materiali certificati:<\/strong> Garanzia di un servizio duraturo ed efficiente.<\/li>\n<li><strong>Servizio disponibile 24 ore su 24:<\/strong> Servizio di emergenza in qualsiasi momento.<\/li>\n<\/ul>\n<p>Non correte rischi con impianti elettrici difettosi. Affidatevi a un <strong>elettricista certificato<\/strong> per risolvere qualsiasi emergenza elettrica.<\/p>\n<h2>Quanto costa un elettricista 24 ore su 24?<\/h2>\n<p>Il costo di un <strong>Elettricista 24 ore su 24<\/strong> pu\u00f2 variare in base a:<\/p>\n<ul>\n<li>Tipo e complessit\u00e0 del problema elettrico.<\/li>\n<li>Orari di apertura (orari d'ufficio, serali o festivi).<\/li>\n<li>Parti e materiali necessari per la riparazione.<\/li>\n<li>Distanza e viaggio per raggiungere il sito.<\/li>\n<\/ul>\n<p>Per un preventivo rapido e trasparente, contattateci e spiegate la vostra emergenza.<\/p>\n<h2>Quanto tempo ci vuole per risolvere un problema elettrico?<\/h2>\n<p>Il tempo di riparazione dipende dalla gravit\u00e0 del guasto. Le riparazioni minori, come la sostituzione di interruttori o prese, possono essere risolte in meno di un'ora. I problemi pi\u00f9 complessi, come i cortocircuiti nel cablaggio o i guasti al quadro elettrico, possono richiedere pi\u00f9 tempo.<\/p>\n<h2>Elettricista 24 ore su 24 per abitazioni, attivit\u00e0 commerciali e aziende<\/h2>\n<p>Il nostro <strong>Servizio elettricista 24 ore su 24<\/strong> si rivolge a tutti i tipi di propriet\u00e0:<\/p>\n<ul>\n<li><strong>Residenze:<\/strong> Soluzione rapida dei guasti elettrici, evitando disagi e rischi.<\/li>\n<li><strong>Aziende e uffici:<\/strong> Manutenzione elettrica per evitare danni e perdite di produttivit\u00e0.<\/li>\n<li><strong>Industrie:<\/strong> Assistenza di emergenza per mantenere le attrezzature in funzione in modo sicuro.<\/li>\n<li><strong>Condomini:<\/strong> Riparazioni elettriche nelle aree comuni e nelle singole unit\u00e0.<\/li>\n<\/ul>\n<p>Per qualsiasi esigenza, siamo a disposizione per aiutarvi in qualsiasi momento.<\/p>\n<h2>Avete bisogno di un elettricista 24 ore su 24? Chiamateci subito!<\/h2>\n<p>Se state affrontando un <strong>emergenza elettrica<\/strong>non esitate a chiamarci. Il nostro <strong>Elettricista 24 ore su 24<\/strong> \u00e8 pronta a soddisfare le vostre esigenze in modo rapido, efficiente e in totale sicurezza.<\/p>\n<p><strong>Chiamate ora e risolvete subito il vostro problema elettrico!<\/strong><\/p>","protected":false},"excerpt":{"rendered":"<p>Est\u00e1 com um problema el\u00e9trico e precisa de um eletricista 24 horas? Falhas el\u00e9tricas podem ocorrer a qualquer momento, colocando em risco a seguran\u00e7a da sua casa, empresa ou com\u00e9rcio. Para evitar transtornos e garantir um reparo imediato, um servi\u00e7o el\u00e9trico de emerg\u00eancia est\u00e1 dispon\u00edvel para atend\u00ea-lo sempre que precisar. Seja durante o dia, \u00e0 [&hellip;]<\/p>\n","protected":false},"author":1,"featured_media":0,"parent":0,"menu_order":0,"comment_status":"closed","ping_status":"closed","template":"","meta":{"iawp_total_views":12,"footnotes":""},"class_list":["post-3078","page","type-page","status-publish","hentry"],"yoast_head":"<!-- This site is optimized with the Yoast SEO plugin v27.5 - https:\/\/yoast.com\/product\/yoast-seo-wordpress\/ -->\n<title>Eletricista 24 Horas - Atendimento R\u00e1pido para Emerg\u00eancias<\/title>\n<meta name=\"description\" content=\"Precisa de um eletricista 24 horas? Atendimento r\u00e1pido e seguro para emerg\u00eancias el\u00e9tricas a qualquer hora do dia ou da noite. Ligue agora!\" \/>\n<meta name=\"robots\" content=\"index, follow, max-snippet:-1, max-image-preview:large, max-video-preview:-1\" \/>\n<link rel=\"canonical\" href=\"https:\/\/eletricistadelisboa.pt\/it\/elettricista-24-ore-su-24\/\" \/>\n<meta property=\"og:locale\" content=\"it_IT\" \/>\n<meta property=\"og:type\" content=\"article\" \/>\n<meta property=\"og:title\" content=\"Eletricista 24 Horas - Atendimento R\u00e1pido para Emerg\u00eancias\" \/>\n<meta property=\"og:description\" content=\"Precisa de um eletricista 24 horas? Atendimento r\u00e1pido e seguro para emerg\u00eancias el\u00e9tricas a qualquer hora do dia ou da noite. Ligue agora!\" \/>\n<meta property=\"og:url\" content=\"https:\/\/eletricistadelisboa.pt\/it\/elettricista-24-ore-su-24\/\" \/>\n<meta property=\"og:site_name\" content=\"Eletricista de Lisboa\" \/>\n<meta name=\"twitter:card\" content=\"summary_large_image\" \/>\n<script type=\"application\/ld+json\" class=\"yoast-schema-graph\">{\"@context\":\"https:\\\/\\\/schema.org\",\"@graph\":[{\"@type\":\"WebPage\",\"@id\":\"https:\\\/\\\/eletricistadelisboa.pt\\\/eletricista-24-horas\\\/\",\"url\":\"https:\\\/\\\/eletricistadelisboa.pt\\\/eletricista-24-horas\\\/\",\"name\":\"Eletricista 24 Horas - Atendimento R\u00e1pido para Emerg\u00eancias\",\"isPartOf\":{\"@id\":\"https:\\\/\\\/eletricistadelisboa.pt\\\/#website\"},\"datePublished\":\"2025-01-31T13:53:43+00:00\",\"description\":\"Precisa de um eletricista 24 horas? Atendimento r\u00e1pido e seguro para emerg\u00eancias el\u00e9tricas a qualquer hora do dia ou da noite. Ligue agora!\",\"breadcrumb\":{\"@id\":\"https:\\\/\\\/eletricistadelisboa.pt\\\/eletricista-24-horas\\\/#breadcrumb\"},\"inLanguage\":\"it-IT\",\"potentialAction\":[{\"@type\":\"ReadAction\",\"target\":[\"https:\\\/\\\/eletricistadelisboa.pt\\\/eletricista-24-horas\\\/\"]}]},{\"@type\":\"BreadcrumbList\",\"@id\":\"https:\\\/\\\/eletricistadelisboa.pt\\\/eletricista-24-horas\\\/#breadcrumb\",\"itemListElement\":[{\"@type\":\"ListItem\",\"position\":1,\"name\":\"In\u00edcio\",\"item\":\"https:\\\/\\\/eletricistadelisboa.pt\\\/\"},{\"@type\":\"ListItem\",\"position\":2,\"name\":\"Eletricista 24 Horas &#8211; Atendimento R\u00e1pido para Emerg\u00eancias\"}]},{\"@type\":\"WebSite\",\"@id\":\"https:\\\/\\\/eletricistadelisboa.pt\\\/#website\",\"url\":\"https:\\\/\\\/eletricistadelisboa.pt\\\/\",\"name\":\"Eletricista de Lisboa\",\"description\":\"Servi\u00e7os el\u00e9tricos r\u00e1pidos e de alta qualidade em Lisboa, dispon\u00edveis 24 horas por dia.\",\"potentialAction\":[{\"@type\":\"SearchAction\",\"target\":{\"@type\":\"EntryPoint\",\"urlTemplate\":\"https:\\\/\\\/eletricistadelisboa.pt\\\/?s={search_term_string}\"},\"query-input\":{\"@type\":\"PropertyValueSpecification\",\"valueRequired\":true,\"valueName\":\"search_term_string\"}}],\"inLanguage\":\"it-IT\"}]}<\/script>\n<!-- \/ Yoast SEO plugin. -->","yoast_head_json":{"title":"Elettricista 24 ore - Servizio rapido per le emergenze","description":"Avete bisogno di un elettricista 24 ore su 24? Un servizio rapido e sicuro per le emergenze elettriche a qualsiasi ora del giorno e della notte. Chiamateci ora!","robots":{"index":"index","follow":"follow","max-snippet":"max-snippet:-1","max-image-preview":"max-image-preview:large","max-video-preview":"max-video-preview:-1"},"canonical":"https:\/\/eletricistadelisboa.pt\/it\/elettricista-24-ore-su-24\/","og_locale":"it_IT","og_type":"article","og_title":"Eletricista 24 Horas - Atendimento R\u00e1pido para Emerg\u00eancias","og_description":"Precisa de um eletricista 24 horas? Atendimento r\u00e1pido e seguro para emerg\u00eancias el\u00e9tricas a qualquer hora do dia ou da noite. Ligue agora!","og_url":"https:\/\/eletricistadelisboa.pt\/it\/elettricista-24-ore-su-24\/","og_site_name":"Eletricista de Lisboa","twitter_card":"summary_large_image","schema":{"@context":"https:\/\/schema.org","@graph":[{"@type":"WebPage","@id":"https:\/\/eletricistadelisboa.pt\/eletricista-24-horas\/","url":"https:\/\/eletricistadelisboa.pt\/eletricista-24-horas\/","name":"Elettricista 24 ore - Servizio rapido per le emergenze","isPartOf":{"@id":"https:\/\/eletricistadelisboa.pt\/#website"},"datePublished":"2025-01-31T13:53:43+00:00","description":"Avete bisogno di un elettricista 24 ore su 24? Un servizio rapido e sicuro per le emergenze elettriche a qualsiasi ora del giorno e della notte. Chiamateci ora!","breadcrumb":{"@id":"https:\/\/eletricistadelisboa.pt\/eletricista-24-horas\/#breadcrumb"},"inLanguage":"it-IT","potentialAction":[{"@type":"ReadAction","target":["https:\/\/eletricistadelisboa.pt\/eletricista-24-horas\/"]}]},{"@type":"BreadcrumbList","@id":"https:\/\/eletricistadelisboa.pt\/eletricista-24-horas\/#breadcrumb","itemListElement":[{"@type":"ListItem","position":1,"name":"In\u00edcio","item":"https:\/\/eletricistadelisboa.pt\/"},{"@type":"ListItem","position":2,"name":"Eletricista 24 Horas &#8211; Atendimento R\u00e1pido para Emerg\u00eancias"}]},{"@type":"WebSite","@id":"https:\/\/eletricistadelisboa.pt\/#website","url":"https:\/\/eletricistadelisboa.pt\/","name":"Eletricista de Lisboa","description":"Servizi elettrici rapidi e di alta qualit\u00e0 a Lisbona, disponibili 24 ore al giorno.","potentialAction":[{"@type":"SearchAction","target":{"@type":"EntryPoint","urlTemplate":"https:\/\/eletricistadelisboa.pt\/?s={search_term_string}"},"query-input":{"@type":"PropertyValueSpecification","valueRequired":true,"valueName":"search_term_string"}}],"inLanguage":"it-IT"}]}},"_links":{"self":[{"href":"https:\/\/eletricistadelisboa.pt\/it\/wp-json\/wp\/v2\/pages\/3078","targetHints":{"allow":["GET"]}}],"collection":[{"href":"https:\/\/eletricistadelisboa.pt\/it\/wp-json\/wp\/v2\/pages"}],"about":[{"href":"https:\/\/eletricistadelisboa.pt\/it\/wp-json\/wp\/v2\/types\/page"}],"author":[{"embeddable":true,"href":"https:\/\/eletricistadelisboa.pt\/it\/wp-json\/wp\/v2\/users\/1"}],"replies":[{"embeddable":true,"href":"https:\/\/eletricistadelisboa.pt\/it\/wp-json\/wp\/v2\/comments?post=3078"}],"version-history":[{"count":1,"href":"https:\/\/eletricistadelisboa.pt\/it\/wp-json\/wp\/v2\/pages\/3078\/revisions"}],"predecessor-version":[{"id":3079,"href":"https:\/\/eletricistadelisboa.pt\/it\/wp-json\/wp\/v2\/pages\/3078\/revisions\/3079"}],"wp:attachment":[{"href":"https:\/\/eletricistadelisboa.pt\/it\/wp-json\/wp\/v2\/media?parent=3078"}],"curies":[{"name":"wp","href":"https:\/\/api.w.org\/{rel}","templated":true}]}}