{"id":3074,"date":"2025-01-31T13:50:46","date_gmt":"2025-01-31T13:50:46","guid":{"rendered":"https:\/\/eletricistadelisboa.pt\/?page_id=3074"},"modified":"2025-01-31T13:50:46","modified_gmt":"2025-01-31T13:50:46","slug":"elettricista-urgente","status":"publish","type":"page","link":"https:\/\/eletricistadelisboa.pt\/it\/elettricista-urgente\/","title":{"rendered":"Elettricista urgente - Servizio rapido e sicuro 24 ore su 24"},"content":{"rendered":"<p><!DOCTYPE html><br \/>\n<html lang=\"pt\"><br \/>\n<head><br \/>\n    <meta charset=\"UTF-8\"><br \/>\n    <meta name=\"viewport\" content=\"width=device-width, initial-scale=1.0\"><br \/>\n    <meta name=\"description\" content=\"\"><br \/>\n    <title><\/title><br \/>\n<\/head><br \/>\n<body><\/p>\n<h1>Elettricista urgente - Servizio rapido e sicuro 24 ore su 24<\/h1>\n<p>Avete un <strong>problema elettrico urgente<\/strong> e necessitano di un <strong>elettricista urgente<\/strong>? Interruzioni di corrente, cortocircuiti, interruttori automatici scattati e prese bruciate possono verificarsi in qualsiasi momento. In questi casi, una soluzione rapida e sicura \u00e8 essenziale per evitare rischi maggiori.<\/p>\n<p>Offriamo <strong>Servizio 24 ore su 24<\/strong> per le emergenze elettriche, garantendo un servizio affidabile e professionale a qualsiasi ora del giorno e della notte.<\/p>\n<h2>Quando chiamare un elettricista urgente?<\/h2>\n<p>Non tutti i problemi elettrici possono aspettare. Se notate uno dei segnali riportati di seguito, contattate immediatamente un elettricista. <strong>elettricista urgente<\/strong>:<\/p>\n<ul>\n<li><strong>Interruzione improvvisa dell'alimentazione:<\/strong> Se la vostra casa o azienda \u00e8 senza elettricit\u00e0 e i vostri vicini hanno ancora la corrente.<\/li>\n<li><strong>Gli interruttori automatici scattano frequentemente:<\/strong> Indica un sovraccarico o un cortocircuito nella rete elettrica.<\/li>\n<li><strong>Prese di corrente o odore di bruciato:<\/strong> Segnale di imminente cortocircuito, con rischio di incendio.<\/li>\n<li><strong>Fili esposti o che fanno scintille:<\/strong> Pericolo immediato di scosse elettriche e incendio.<\/li>\n<li><strong>Doccia elettrica non funzionante:<\/strong> Ci\u00f2 potrebbe indicare un problema di cablaggio o di interruttore automatico.<\/li>\n<li><strong>Luci lampeggianti o oscillanti:<\/strong> Potrebbe essere un problema di rete o di quadro elettrico.<\/li>\n<\/ul>\n<p>Se si riscontra uno di questi problemi, chiamare un <strong>elettricista di emergenza<\/strong> per evitare ulteriori danni.<\/p>\n<h2>Servizi elettrici di emergenza<\/h2>\n<p>Il nostro <strong>elettricisti urgenti<\/strong> sono pronti a risolvere rapidamente qualsiasi guasto elettrico. Offriamo servizi quali:<\/p>\n<ul>\n<li>Riparazione di cortocircuiti e sovraccarichi.<\/li>\n<li>Sostituzione e riparazione di interruttori bruciati.<\/li>\n<li>Riparazione di prese e interruttori danneggiati.<\/li>\n<li>Sostituzione di cavi fusi o bruciati.<\/li>\n<li>Correzione dei guasti nel quadro elettrico.<\/li>\n<li>Riparazione di circuiti elettrici e di illuminazione.<\/li>\n<li>Identificare e risolvere le perdite elettriche.<\/li>\n<\/ul>\n<p>Lavoriamo rapidamente per ripristinare l'energia elettrica e garantire che tutto funzioni perfettamente.<\/p>\n<h2>Perch\u00e9 rivolgersi a un elettricista d'emergenza professionista?<\/h2>\n<p>Riparare da soli i problemi elettrici pu\u00f2 essere pericoloso e causare gravi danni. Rivolgetevi a un <strong>elettricista urgente<\/strong> offre diversi vantaggi:<\/p>\n<ul>\n<li><strong>Sicurezza garantita:<\/strong> Previene il rischio di scosse elettriche e incendi.<\/li>\n<li><strong>Diagnosi precisa:<\/strong> Identifichiamo la vera causa del problema e lo risolviamo una volta per tutte.<\/li>\n<li><strong>Servizio rapido:<\/strong> Siamo arrivati sul posto rapidamente per evitare ulteriori problemi.<\/li>\n<li><strong>Servizio 24 ore su 24:<\/strong> Disponibile a qualsiasi ora del giorno e della notte.<\/li>\n<li><strong>Utilizzo di materiali certificati:<\/strong> Garanzia di un servizio sicuro e duraturo.<\/li>\n<\/ul>\n<p>Non correte rischi con impianti elettrici compromessi. Affidatevi a un <strong>elettricista certificato<\/strong> per risolvere qualsiasi emergenza elettrica.<\/p>\n<h2>Quanto costa un elettricista urgente?<\/h2>\n<p>Il costo di <strong>servizio elettricista urgente<\/strong> pu\u00f2 variare in base a:<\/p>\n<ul>\n<li>Complessit\u00e0 del problema elettrico.<\/li>\n<li>Orari di apertura (orari d'ufficio, serali o festivi).<\/li>\n<li>Parti e materiali necessari per la riparazione.<\/li>\n<li>Distanza e viaggio per raggiungere il sito.<\/li>\n<\/ul>\n<p>Per un preventivo rapido e trasparente, contattateci e spiegate la vostra emergenza.<\/p>\n<h2>Quanto tempo richiede un servizio urgente di elettricista?<\/h2>\n<p>I tempi di riparazione dipendono dal tipo di problema. Le piccole riparazioni, come la sostituzione di prese o interruttori, possono essere risolte in meno di un'ora. I problemi pi\u00f9 complessi, come i cortocircuiti o i guasti alla rete elettrica, possono richiedere pi\u00f9 tempo.<\/p>\n<h2>Elettricista di emergenza 24 ore su 24<\/h2>\n<p>I problemi elettrici non scelgono un momento per accadere. Ecco perch\u00e9 offriamo <strong>Servizio elettricista 24 ore su 24<\/strong>Questo garantisce un servizio rapido ed efficiente a qualsiasi ora del giorno e della notte.<\/p>\n<p>Interveniamo in caso di emergenze elettriche in abitazioni, attivit\u00e0 commerciali e aziende, garantendo soluzioni rapide a qualsiasi guasto elettrico.<\/p>\n<h2>Avete bisogno di un elettricista urgente? Chiamateci subito!<\/h2>\n<p>Se dovete affrontare un'emergenza elettrica, non esitate a chiamarci. Il nostro <strong>elettricista urgente<\/strong> \u00e8 pronta a soddisfare le vostre esigenze in modo rapido e sicuro.<\/p>\n<p><strong>Chiamate ora e risolvete subito il vostro problema elettrico!<\/strong><\/p>","protected":false},"excerpt":{"rendered":"<p>Eletricista Urgente \u2013 Atendimento 24 Horas R\u00e1pido e Seguro Est\u00e1 com um problema el\u00e9trico urgente e precisa de um eletricista urgente? Quedas de energia, curtos-circuitos, disjuntores desarmando e tomadas queimadas podem acontecer a qualquer momento. Nesses casos, uma solu\u00e7\u00e3o r\u00e1pida e segura \u00e9 essencial para evitar riscos maiores. Oferecemos atendimento 24 horas para emerg\u00eancias el\u00e9tricas, [&hellip;]<\/p>\n","protected":false},"author":1,"featured_media":0,"parent":0,"menu_order":0,"comment_status":"closed","ping_status":"closed","template":"","meta":{"iawp_total_views":18,"footnotes":""},"class_list":["post-3074","page","type-page","status-publish","hentry"],"yoast_head":"<!-- This site is optimized with the Yoast SEO plugin v27.5 - https:\/\/yoast.com\/product\/yoast-seo-wordpress\/ -->\n<title>Eletricista Urgente - Atendimento 24 Horas R\u00e1pido e Seguro<\/title>\n<meta name=\"description\" content=\"Precisa de um eletricista urgente? Atendimento 24 horas para emerg\u00eancias el\u00e9tricas. Ligue agora para um servi\u00e7o r\u00e1pido e seguro!\" \/>\n<meta name=\"robots\" content=\"index, follow, max-snippet:-1, max-image-preview:large, max-video-preview:-1\" \/>\n<link rel=\"canonical\" href=\"https:\/\/eletricistadelisboa.pt\/it\/elettricista-urgente\/\" \/>\n<meta property=\"og:locale\" content=\"it_IT\" \/>\n<meta property=\"og:type\" content=\"article\" \/>\n<meta property=\"og:title\" content=\"Eletricista Urgente - Atendimento 24 Horas R\u00e1pido e Seguro\" \/>\n<meta property=\"og:description\" content=\"Precisa de um eletricista urgente? Atendimento 24 horas para emerg\u00eancias el\u00e9tricas. Ligue agora para um servi\u00e7o r\u00e1pido e seguro!\" \/>\n<meta property=\"og:url\" content=\"https:\/\/eletricistadelisboa.pt\/it\/elettricista-urgente\/\" \/>\n<meta property=\"og:site_name\" content=\"Eletricista de Lisboa\" \/>\n<meta name=\"twitter:card\" content=\"summary_large_image\" \/>\n<script type=\"application\/ld+json\" class=\"yoast-schema-graph\">{\"@context\":\"https:\\\/\\\/schema.org\",\"@graph\":[{\"@type\":\"WebPage\",\"@id\":\"https:\\\/\\\/eletricistadelisboa.pt\\\/eletricista-urgente\\\/\",\"url\":\"https:\\\/\\\/eletricistadelisboa.pt\\\/eletricista-urgente\\\/\",\"name\":\"Eletricista Urgente - Atendimento 24 Horas R\u00e1pido e Seguro\",\"isPartOf\":{\"@id\":\"https:\\\/\\\/eletricistadelisboa.pt\\\/#website\"},\"datePublished\":\"2025-01-31T13:50:46+00:00\",\"description\":\"Precisa de um eletricista urgente? Atendimento 24 horas para emerg\u00eancias el\u00e9tricas. Ligue agora para um servi\u00e7o r\u00e1pido e seguro!\",\"breadcrumb\":{\"@id\":\"https:\\\/\\\/eletricistadelisboa.pt\\\/eletricista-urgente\\\/#breadcrumb\"},\"inLanguage\":\"it-IT\",\"potentialAction\":[{\"@type\":\"ReadAction\",\"target\":[\"https:\\\/\\\/eletricistadelisboa.pt\\\/eletricista-urgente\\\/\"]}]},{\"@type\":\"BreadcrumbList\",\"@id\":\"https:\\\/\\\/eletricistadelisboa.pt\\\/eletricista-urgente\\\/#breadcrumb\",\"itemListElement\":[{\"@type\":\"ListItem\",\"position\":1,\"name\":\"In\u00edcio\",\"item\":\"https:\\\/\\\/eletricistadelisboa.pt\\\/\"},{\"@type\":\"ListItem\",\"position\":2,\"name\":\"Eletricista Urgente &#8211; Atendimento 24 Horas R\u00e1pido e Seguro\"}]},{\"@type\":\"WebSite\",\"@id\":\"https:\\\/\\\/eletricistadelisboa.pt\\\/#website\",\"url\":\"https:\\\/\\\/eletricistadelisboa.pt\\\/\",\"name\":\"Eletricista de Lisboa\",\"description\":\"Servi\u00e7os el\u00e9tricos r\u00e1pidos e de alta qualidade em Lisboa, dispon\u00edveis 24 horas por dia.\",\"potentialAction\":[{\"@type\":\"SearchAction\",\"target\":{\"@type\":\"EntryPoint\",\"urlTemplate\":\"https:\\\/\\\/eletricistadelisboa.pt\\\/?s={search_term_string}\"},\"query-input\":{\"@type\":\"PropertyValueSpecification\",\"valueRequired\":true,\"valueName\":\"search_term_string\"}}],\"inLanguage\":\"it-IT\"}]}<\/script>\n<!-- \/ Yoast SEO plugin. -->","yoast_head_json":{"title":"Elettricista urgente - Servizio rapido e sicuro 24 ore su 24","description":"Avete bisogno di un elettricista urgente? Servizio 24 ore su 24 per le emergenze elettriche. Chiamate ora per un servizio rapido e sicuro!","robots":{"index":"index","follow":"follow","max-snippet":"max-snippet:-1","max-image-preview":"max-image-preview:large","max-video-preview":"max-video-preview:-1"},"canonical":"https:\/\/eletricistadelisboa.pt\/it\/elettricista-urgente\/","og_locale":"it_IT","og_type":"article","og_title":"Eletricista Urgente - Atendimento 24 Horas R\u00e1pido e Seguro","og_description":"Precisa de um eletricista urgente? Atendimento 24 horas para emerg\u00eancias el\u00e9tricas. Ligue agora para um servi\u00e7o r\u00e1pido e seguro!","og_url":"https:\/\/eletricistadelisboa.pt\/it\/elettricista-urgente\/","og_site_name":"Eletricista de Lisboa","twitter_card":"summary_large_image","schema":{"@context":"https:\/\/schema.org","@graph":[{"@type":"WebPage","@id":"https:\/\/eletricistadelisboa.pt\/eletricista-urgente\/","url":"https:\/\/eletricistadelisboa.pt\/eletricista-urgente\/","name":"Elettricista urgente - Servizio rapido e sicuro 24 ore su 24","isPartOf":{"@id":"https:\/\/eletricistadelisboa.pt\/#website"},"datePublished":"2025-01-31T13:50:46+00:00","description":"Avete bisogno di un elettricista urgente? Servizio 24 ore su 24 per le emergenze elettriche. Chiamate ora per un servizio rapido e sicuro!","breadcrumb":{"@id":"https:\/\/eletricistadelisboa.pt\/eletricista-urgente\/#breadcrumb"},"inLanguage":"it-IT","potentialAction":[{"@type":"ReadAction","target":["https:\/\/eletricistadelisboa.pt\/eletricista-urgente\/"]}]},{"@type":"BreadcrumbList","@id":"https:\/\/eletricistadelisboa.pt\/eletricista-urgente\/#breadcrumb","itemListElement":[{"@type":"ListItem","position":1,"name":"In\u00edcio","item":"https:\/\/eletricistadelisboa.pt\/"},{"@type":"ListItem","position":2,"name":"Eletricista Urgente &#8211; Atendimento 24 Horas R\u00e1pido e Seguro"}]},{"@type":"WebSite","@id":"https:\/\/eletricistadelisboa.pt\/#website","url":"https:\/\/eletricistadelisboa.pt\/","name":"Eletricista de Lisboa","description":"Servizi elettrici rapidi e di alta qualit\u00e0 a Lisbona, disponibili 24 ore al giorno.","potentialAction":[{"@type":"SearchAction","target":{"@type":"EntryPoint","urlTemplate":"https:\/\/eletricistadelisboa.pt\/?s={search_term_string}"},"query-input":{"@type":"PropertyValueSpecification","valueRequired":true,"valueName":"search_term_string"}}],"inLanguage":"it-IT"}]}},"_links":{"self":[{"href":"https:\/\/eletricistadelisboa.pt\/it\/wp-json\/wp\/v2\/pages\/3074","targetHints":{"allow":["GET"]}}],"collection":[{"href":"https:\/\/eletricistadelisboa.pt\/it\/wp-json\/wp\/v2\/pages"}],"about":[{"href":"https:\/\/eletricistadelisboa.pt\/it\/wp-json\/wp\/v2\/types\/page"}],"author":[{"embeddable":true,"href":"https:\/\/eletricistadelisboa.pt\/it\/wp-json\/wp\/v2\/users\/1"}],"replies":[{"embeddable":true,"href":"https:\/\/eletricistadelisboa.pt\/it\/wp-json\/wp\/v2\/comments?post=3074"}],"version-history":[{"count":1,"href":"https:\/\/eletricistadelisboa.pt\/it\/wp-json\/wp\/v2\/pages\/3074\/revisions"}],"predecessor-version":[{"id":3076,"href":"https:\/\/eletricistadelisboa.pt\/it\/wp-json\/wp\/v2\/pages\/3074\/revisions\/3076"}],"wp:attachment":[{"href":"https:\/\/eletricistadelisboa.pt\/it\/wp-json\/wp\/v2\/media?parent=3074"}],"curies":[{"name":"wp","href":"https:\/\/api.w.org\/{rel}","templated":true}]}}