{"id":3068,"date":"2025-01-31T13:45:19","date_gmt":"2025-01-31T13:45:19","guid":{"rendered":"https:\/\/eletricistadelisboa.pt\/?page_id=3068"},"modified":"2025-01-31T13:45:19","modified_gmt":"2025-01-31T13:45:19","slug":"elettricista-certificato-dgeg","status":"publish","type":"page","link":"https:\/\/eletricistadelisboa.pt\/it\/elettricista-certificato-dgeg\/","title":{"rendered":"Elettricista certificato DGEG - Impianti elettrici garantiti"},"content":{"rendered":"<p>\u00c8 necessario un <strong>Elettricista certificato DGEG<\/strong> per realizzare un impianto elettrico sicuro e conforme? Il <strong>Direzione generale dell'Energia e della Geologia (DGEG)<\/strong> \u00e8 essenziale garantire che i lavori elettrici siano eseguiti da professionisti qualificati e adeguatamente accreditati.<\/p>\n<p>Che si tratti di una nuova installazione, di una certificazione elettrica o di una regolarizzazione della rete, affidarsi ad un <strong>Elettricista certificato DGEG<\/strong> \u00e8 essenziale per evitare problemi e garantire la piena conformit\u00e0 ai requisiti di legge.<\/p>\n<h2>Che cos'\u00e8 un elettricista certificato DGEG?<\/h2>\n<p>Uno <strong>Elettricista certificato DGEG<\/strong> \u00e8 un professionista autorizzato a realizzare impianti elettrici in conformit\u00e0 alle norme e ai regolamenti tecnici in vigore. Solo gli elettricisti accreditati possono firmare documenti tecnici come:<\/p>\n<ul>\n<li>Condizioni di responsabilit\u00e0 elettrica.<\/li>\n<li>Schede tecniche elettriche.<\/li>\n<li>Progetti elettrici per abitazioni e industrie.<\/li>\n<li>Certificazione degli impianti elettrici.<\/li>\n<li>Ispezione dei collegamenti di alimentazione.<\/li>\n<\/ul>\n<p>Se avete bisogno di un servizio elettrico certificato, \u00e8 obbligatorio affidarsi a un professionista autorizzato dall'ente di certificazione. <strong>DGEG<\/strong>.<\/p>\n<h2>Quando ho bisogno di un elettricista certificato DGEG?<\/h2>\n<p>Le prestazioni di un <strong>Elettricista certificato DGEG<\/strong> \u00e8 necessario in varie situazioni, come ad esempio:<\/p>\n<ul>\n<li><strong>Nuovo collegamento elettrico:<\/strong> Se avete costruito un immobile e avete bisogno di una fornitura di energia.<\/li>\n<li><strong>Variazione della potenza contrattuale:<\/strong> Per aumentare la carica elettrica in modo sicuro e legale.<\/li>\n<li><strong>Regolarizzazione degli impianti elettrici:<\/strong> Gli immobili con reti vecchie o irregolari necessitano di una certificazione.<\/li>\n<li><strong>Ispezione per la vendita di un immobile:<\/strong> Molte banche e compagnie assicurative richiedono strutture certificate.<\/li>\n<li><strong>Installazioni industriali e commerciali:<\/strong> Le aziende devono assicurarsi che le loro strutture soddisfino gli standard.<\/li>\n<li><strong>Installazione di caricatori per veicoli elettrici:<\/strong> Richiede l'adattamento della rete elettrica e la certificazione da parte di un professionista accreditato.<\/li>\n<\/ul>\n<p>Se il vostro progetto rientra in una di queste situazioni, un elettricista certificato pu\u00f2 garantire che tutto sia fatto correttamente.<\/p>\n<h2>Cosa pu\u00f2 fare un elettricista certificato DGEG?<\/h2>\n<p>Il <strong>Elettricisti certificati DGEG<\/strong> sono responsabili di garantire che gli impianti elettrici siano conformi alle norme di sicurezza. I servizi principali comprendono:<\/p>\n<ul>\n<li><strong>Nuove installazioni elettriche:<\/strong> Residenziale, commerciale e industriale.<\/li>\n<li><strong>Riparazione e manutenzione elettrica:<\/strong> Correzione dei guasti e ottimizzazione della rete elettrica.<\/li>\n<li><strong>Certificazione e ispezione elettrica:<\/strong> Per l'approvazione dell'impianto con il concessionario di energia.<\/li>\n<li><strong>Progetti elettrici:<\/strong> Pianificazione e dimensionamento delle reti elettriche.<\/li>\n<li><strong>Installazione di quadri elettrici:<\/strong> Sostituzione e ammodernamento degli impianti elettrici.<\/li>\n<li><strong>Messa a terra elettrica:<\/strong> Protezione da sovratensioni e scariche elettriche.<\/li>\n<li><strong>Automazione residenziale e industriale:<\/strong> Integrazione di sistemi intelligenti.<\/li>\n<\/ul>\n<p>Con un <strong>elettricista certificato<\/strong>Vi garantiamo un servizio qualificato e sicuro.<\/p>\n<h2>Vantaggi dell'assunzione di un elettricista certificato DGEG<\/h2>\n<p>Assumere un <strong>elettricista certificato<\/strong> ha molti vantaggi:<\/p>\n<ul>\n<li><strong>Conformit\u00e0 legale:<\/strong> Servizio svolto nel rispetto degli standard richiesti.<\/li>\n<li><strong>Sicurezza garantita:<\/strong> Riduzione del rischio di cortocircuiti e incendi elettrici.<\/li>\n<li><strong>Facile approvazione del collegamento elettrico:<\/strong> Una documentazione adeguata evita ritardi nell'attivazione della fornitura.<\/li>\n<li><strong>Risparmio a lungo termine:<\/strong> Una corretta installazione evita costi di riparazione e sprechi di energia.<\/li>\n<li><strong>Valutazione della propriet\u00e0:<\/strong> Gli impianti certificati aumentano la credibilit\u00e0 dell'immobile in vendita o in affitto.<\/li>\n<\/ul>\n<p>Con un professionista certificato, avrete la certezza di un servizio di alta qualit\u00e0 e di non avere complicazioni future.<\/p>\n<h2>Quanto costa un servizio di elettricista certificato DGEG?<\/h2>\n<p>Il valore di un <strong>Elettricista certificato DGEG<\/strong> pu\u00f2 variare a seconda<\/p>\n<ul>\n<li>Dimensioni dell'impianto elettrico.<\/li>\n<li>Complessit\u00e0 del progetto elettrico.<\/li>\n<li>Documentazione richiesta.<\/li>\n<li>Necessit\u00e0 di ispezioni e test elettrici.<\/li>\n<\/ul>\n<p>Per un preventivo equo e trasparente, consigliamo una valutazione professionale.<\/p>\n<h2>Quanto tempo occorre per ottenere un certificato elettrico?<\/h2>\n<p>Il termine per il rilascio dei documenti e della certificazione elettrica dipende dalla complessit\u00e0 del progetto. In generale, le ispezioni e le certificazioni possono essere completate entro 24-72 ore, a condizione che l'installazione sia conforme agli standard richiesti.<\/p>\n<h2>Come faccio a sapere se un elettricista \u00e8 certificato dalla DGEG?<\/h2>\n<p>Per essere sicuri di assumere un professionista qualificato, verificate che l'elettricista sia registrato presso l'autorit\u00e0 nazionale. <strong>Direzione generale dell'Energia e della Geologia (DGEG)<\/strong>. \u00c8 necessaria la presenza di un elettricista certificato:<\/p>\n<ul>\n<li>Registrazione ufficiale presso la DGEG.<\/li>\n<li>Certificazione professionale riconosciuta.<\/li>\n<li>Comprovata esperienza nel settore elettrico.<\/li>\n<li>Capacit\u00e0 di firmare ed emettere documenti elettrici ufficiali.<\/li>\n<\/ul>\n<p>L'assunzione di un professionista certificato evita i problemi e garantisce la regolarit\u00e0 dell'installazione.<\/p>\n<h2>Avete bisogno di un elettricista certificato DGEG? Rivolgetevi a noi!<\/h2>\n<p>Se siete alla ricerca di un <strong>Elettricista certificato DGEG<\/strong> per realizzare impianti elettrici, regolarizzare il vostro immobile o rilasciare certificazioni, contattateci. Garantiamo un servizio professionale e di qualit\u00e0, rispettando tutti gli standard richiesti.<\/p>","protected":false},"excerpt":{"rendered":"<p>Precisa de um eletricista certificado pela DGEG para realizar uma instala\u00e7\u00e3o el\u00e9trica segura e dentro das normas? A certifica\u00e7\u00e3o da Dire\u00e7\u00e3o-Geral de Energia e Geologia (DGEG) \u00e9 fundamental para garantir que os trabalhos el\u00e9tricos sejam realizados por profissionais qualificados e devidamente credenciados. Seja para uma nova instala\u00e7\u00e3o, certifica\u00e7\u00e3o el\u00e9trica ou regulariza\u00e7\u00e3o da rede, contar com [&hellip;]<\/p>\n","protected":false},"author":1,"featured_media":0,"parent":0,"menu_order":0,"comment_status":"closed","ping_status":"closed","template":"","meta":{"iawp_total_views":1109,"footnotes":""},"class_list":["post-3068","page","type-page","status-publish","hentry"],"yoast_head":"<!-- This site is optimized with the Yoast SEO plugin v27.5 - https:\/\/yoast.com\/product\/yoast-seo-wordpress\/ -->\n<title>Eletricista Certificado DGEG - Instala\u00e7\u00f5es El\u00e9tricas com Garantia<\/title>\n<meta name=\"description\" content=\"Precisa de um eletricista certificado pela DGEG? Oferecemos servi\u00e7os el\u00e9tricos seguros e em conformidade com as normas exigidas. Pe\u00e7a um or\u00e7amento agora!\" \/>\n<meta name=\"robots\" content=\"index, follow, max-snippet:-1, max-image-preview:large, max-video-preview:-1\" \/>\n<link rel=\"canonical\" href=\"https:\/\/eletricistadelisboa.pt\/it\/elettricista-certificato-dgeg\/\" \/>\n<meta property=\"og:locale\" content=\"it_IT\" \/>\n<meta property=\"og:type\" content=\"article\" \/>\n<meta property=\"og:title\" content=\"Eletricista Certificado DGEG - Instala\u00e7\u00f5es El\u00e9tricas com Garantia\" \/>\n<meta property=\"og:description\" content=\"Precisa de um eletricista certificado pela DGEG? Oferecemos servi\u00e7os el\u00e9tricos seguros e em conformidade com as normas exigidas. Pe\u00e7a um or\u00e7amento agora!\" \/>\n<meta property=\"og:url\" content=\"https:\/\/eletricistadelisboa.pt\/it\/elettricista-certificato-dgeg\/\" \/>\n<meta property=\"og:site_name\" content=\"Eletricista de Lisboa\" \/>\n<meta name=\"twitter:card\" content=\"summary_large_image\" \/>\n<script type=\"application\/ld+json\" class=\"yoast-schema-graph\">{\"@context\":\"https:\\\/\\\/schema.org\",\"@graph\":[{\"@type\":\"WebPage\",\"@id\":\"https:\\\/\\\/eletricistadelisboa.pt\\\/eletricista-certificado-dgeg\\\/\",\"url\":\"https:\\\/\\\/eletricistadelisboa.pt\\\/eletricista-certificado-dgeg\\\/\",\"name\":\"Eletricista Certificado DGEG - Instala\u00e7\u00f5es El\u00e9tricas com Garantia\",\"isPartOf\":{\"@id\":\"https:\\\/\\\/eletricistadelisboa.pt\\\/#website\"},\"datePublished\":\"2025-01-31T13:45:19+00:00\",\"description\":\"Precisa de um eletricista certificado pela DGEG? Oferecemos servi\u00e7os el\u00e9tricos seguros e em conformidade com as normas exigidas. Pe\u00e7a um or\u00e7amento agora!\",\"breadcrumb\":{\"@id\":\"https:\\\/\\\/eletricistadelisboa.pt\\\/eletricista-certificado-dgeg\\\/#breadcrumb\"},\"inLanguage\":\"it-IT\",\"potentialAction\":[{\"@type\":\"ReadAction\",\"target\":[\"https:\\\/\\\/eletricistadelisboa.pt\\\/eletricista-certificado-dgeg\\\/\"]}]},{\"@type\":\"BreadcrumbList\",\"@id\":\"https:\\\/\\\/eletricistadelisboa.pt\\\/eletricista-certificado-dgeg\\\/#breadcrumb\",\"itemListElement\":[{\"@type\":\"ListItem\",\"position\":1,\"name\":\"In\u00edcio\",\"item\":\"https:\\\/\\\/eletricistadelisboa.pt\\\/\"},{\"@type\":\"ListItem\",\"position\":2,\"name\":\"Eletricista Certificado DGEG &#8211; Instala\u00e7\u00f5es El\u00e9tricas com Garantia\"}]},{\"@type\":\"WebSite\",\"@id\":\"https:\\\/\\\/eletricistadelisboa.pt\\\/#website\",\"url\":\"https:\\\/\\\/eletricistadelisboa.pt\\\/\",\"name\":\"Eletricista de Lisboa\",\"description\":\"Servi\u00e7os el\u00e9tricos r\u00e1pidos e de alta qualidade em Lisboa, dispon\u00edveis 24 horas por dia.\",\"potentialAction\":[{\"@type\":\"SearchAction\",\"target\":{\"@type\":\"EntryPoint\",\"urlTemplate\":\"https:\\\/\\\/eletricistadelisboa.pt\\\/?s={search_term_string}\"},\"query-input\":{\"@type\":\"PropertyValueSpecification\",\"valueRequired\":true,\"valueName\":\"search_term_string\"}}],\"inLanguage\":\"it-IT\"}]}<\/script>\n<!-- \/ Yoast SEO plugin. -->","yoast_head_json":{"title":"Elettricista certificato DGEG - Impianti elettrici garantiti","description":"Avete bisogno di un elettricista certificato DGEG? Offriamo servizi elettrici sicuri e conformi agli standard richiesti. Richiedete subito un preventivo!","robots":{"index":"index","follow":"follow","max-snippet":"max-snippet:-1","max-image-preview":"max-image-preview:large","max-video-preview":"max-video-preview:-1"},"canonical":"https:\/\/eletricistadelisboa.pt\/it\/elettricista-certificato-dgeg\/","og_locale":"it_IT","og_type":"article","og_title":"Eletricista Certificado DGEG - Instala\u00e7\u00f5es El\u00e9tricas com Garantia","og_description":"Precisa de um eletricista certificado pela DGEG? Oferecemos servi\u00e7os el\u00e9tricos seguros e em conformidade com as normas exigidas. Pe\u00e7a um or\u00e7amento agora!","og_url":"https:\/\/eletricistadelisboa.pt\/it\/elettricista-certificato-dgeg\/","og_site_name":"Eletricista de Lisboa","twitter_card":"summary_large_image","schema":{"@context":"https:\/\/schema.org","@graph":[{"@type":"WebPage","@id":"https:\/\/eletricistadelisboa.pt\/eletricista-certificado-dgeg\/","url":"https:\/\/eletricistadelisboa.pt\/eletricista-certificado-dgeg\/","name":"Elettricista certificato DGEG - Impianti elettrici garantiti","isPartOf":{"@id":"https:\/\/eletricistadelisboa.pt\/#website"},"datePublished":"2025-01-31T13:45:19+00:00","description":"Avete bisogno di un elettricista certificato DGEG? Offriamo servizi elettrici sicuri e conformi agli standard richiesti. Richiedete subito un preventivo!","breadcrumb":{"@id":"https:\/\/eletricistadelisboa.pt\/eletricista-certificado-dgeg\/#breadcrumb"},"inLanguage":"it-IT","potentialAction":[{"@type":"ReadAction","target":["https:\/\/eletricistadelisboa.pt\/eletricista-certificado-dgeg\/"]}]},{"@type":"BreadcrumbList","@id":"https:\/\/eletricistadelisboa.pt\/eletricista-certificado-dgeg\/#breadcrumb","itemListElement":[{"@type":"ListItem","position":1,"name":"In\u00edcio","item":"https:\/\/eletricistadelisboa.pt\/"},{"@type":"ListItem","position":2,"name":"Eletricista Certificado DGEG &#8211; Instala\u00e7\u00f5es El\u00e9tricas com Garantia"}]},{"@type":"WebSite","@id":"https:\/\/eletricistadelisboa.pt\/#website","url":"https:\/\/eletricistadelisboa.pt\/","name":"Eletricista de Lisboa","description":"Servizi elettrici rapidi e di alta qualit\u00e0 a Lisbona, disponibili 24 ore al giorno.","potentialAction":[{"@type":"SearchAction","target":{"@type":"EntryPoint","urlTemplate":"https:\/\/eletricistadelisboa.pt\/?s={search_term_string}"},"query-input":{"@type":"PropertyValueSpecification","valueRequired":true,"valueName":"search_term_string"}}],"inLanguage":"it-IT"}]}},"_links":{"self":[{"href":"https:\/\/eletricistadelisboa.pt\/it\/wp-json\/wp\/v2\/pages\/3068","targetHints":{"allow":["GET"]}}],"collection":[{"href":"https:\/\/eletricistadelisboa.pt\/it\/wp-json\/wp\/v2\/pages"}],"about":[{"href":"https:\/\/eletricistadelisboa.pt\/it\/wp-json\/wp\/v2\/types\/page"}],"author":[{"embeddable":true,"href":"https:\/\/eletricistadelisboa.pt\/it\/wp-json\/wp\/v2\/users\/1"}],"replies":[{"embeddable":true,"href":"https:\/\/eletricistadelisboa.pt\/it\/wp-json\/wp\/v2\/comments?post=3068"}],"version-history":[{"count":1,"href":"https:\/\/eletricistadelisboa.pt\/it\/wp-json\/wp\/v2\/pages\/3068\/revisions"}],"predecessor-version":[{"id":3070,"href":"https:\/\/eletricistadelisboa.pt\/it\/wp-json\/wp\/v2\/pages\/3068\/revisions\/3070"}],"wp:attachment":[{"href":"https:\/\/eletricistadelisboa.pt\/it\/wp-json\/wp\/v2\/media?parent=3068"}],"curies":[{"name":"wp","href":"https:\/\/api.w.org\/{rel}","templated":true}]}}