{"id":3065,"date":"2025-11-04T13:43:08","date_gmt":"2025-11-04T13:43:08","guid":{"rendered":"https:\/\/eletricistadelisboa.pt\/?page_id=3065"},"modified":"2025-11-05T14:52:59","modified_gmt":"2025-11-05T14:52:59","slug":"elettricista-urgente-lisbona","status":"publish","type":"page","link":"https:\/\/eletricistadelisboa.pt\/it\/elettricista-urgente-lisbona\/","title":{"rendered":"Elettricista urgente Lisbona - Servizio rapido e affidabile 24 ore su 24"},"content":{"rendered":"<p><strong>Elettricista urgente a Lisbona<\/strong> per risolvere guasti elettrici, cortocircuiti, interruzioni di circuiti e prese di corrente. Arriviamo rapidamente e agiamo in modo sicuro.<\/p>\n<p>Se qualcosa inizia a puzzare di bruciato, se la luce si spegne o se si sente un crepitio nell'impianto, non rischiate. Spegnete il circuito e chiamate immediatamente l'assistenza.<\/p>\n<h2>L'intervento di emergenza comprende:<\/h2>\n<ul>\n<li>Ripristino dell'energia;<\/li>\n<li>Correzione del cortocircuito;<\/li>\n<li>Sostituzione di interruttori e prese danneggiati;<\/li>\n<li>Riparazione dell'illuminazione e dei quadri elettrici;<\/li>\n<li>Servizio in case, negozi e uffici.<\/li>\n<\/ul>\n<p>Operiamo in tutta Lisbona e dintorni, con arrivi rapidi e soluzioni in giornata.<\/p>\n<p>Ne avete bisogno ora? Parlate direttamente con un <a href=\"https:\/\/eletricistadelisboa.pt\/it\/\" title=\"Elettricista urgente Lisbona\">Elettricista urgente Lisbona<\/a>.<\/p>\n<hr>\n<p style=\"text-align:center; font-size:1.2em;\">\n\u26a1 **Elettricit\u00e0?<br \/>\n<strong>Chiamate ora. Verremo subito.<\/strong><\/p>","protected":false},"excerpt":{"rendered":"<p>Eletricista urgente em Lisboa para resolver falhas el\u00e9tricas, curtos, disjuntores a disparar e tomadas a aquecer. Chegamos r\u00e1pido e atuamos com seguran\u00e7a. Se algo come\u00e7ou a cheirar a queimado, se a luz foi abaixo ou se ouviu estalos na instala\u00e7\u00e3o, n\u00e3o arrisque. Desligue o circuito e pe\u00e7a assist\u00eancia imediata. Interven\u00e7\u00e3o de urg\u00eancia inclui: Restabelecimento de [&hellip;]<\/p>\n","protected":false},"author":1,"featured_media":0,"parent":0,"menu_order":0,"comment_status":"closed","ping_status":"closed","template":"","meta":{"iawp_total_views":19,"footnotes":""},"class_list":["post-3065","page","type-page","status-publish","hentry"],"yoast_head":"<!-- This site is optimized with the Yoast SEO plugin v27.5 - https:\/\/yoast.com\/product\/yoast-seo-wordpress\/ -->\n<title>Eletricista Urgente Lisboa \u2013 Servi\u00e7o 24 Horas R\u00e1pido e Seguro<\/title>\n<meta name=\"description\" content=\"Precisa de um eletricista urgente em Lisboa? Atendimento 24 horas para emerg\u00eancias el\u00e9tricas. Chame agora para um servi\u00e7o r\u00e1pido e seguro!\" \/>\n<meta name=\"robots\" content=\"index, follow, max-snippet:-1, max-image-preview:large, max-video-preview:-1\" \/>\n<link rel=\"canonical\" href=\"https:\/\/eletricistadelisboa.pt\/it\/elettricista-urgente-lisbona\/\" \/>\n<meta property=\"og:locale\" content=\"it_IT\" \/>\n<meta property=\"og:type\" content=\"article\" \/>\n<meta property=\"og:title\" content=\"Eletricista Urgente Lisboa \u2013 Servi\u00e7o 24 Horas R\u00e1pido e Seguro\" \/>\n<meta property=\"og:description\" content=\"Precisa de um eletricista urgente em Lisboa? Atendimento 24 horas para emerg\u00eancias el\u00e9tricas. Chame agora para um servi\u00e7o r\u00e1pido e seguro!\" \/>\n<meta property=\"og:url\" content=\"https:\/\/eletricistadelisboa.pt\/it\/elettricista-urgente-lisbona\/\" \/>\n<meta property=\"og:site_name\" content=\"Eletricista de Lisboa\" \/>\n<meta property=\"article:modified_time\" content=\"2025-11-05T14:52:59+00:00\" \/>\n<meta name=\"twitter:card\" content=\"summary_large_image\" \/>\n<meta name=\"twitter:label1\" content=\"Tempo di lettura stimato\" \/>\n\t<meta name=\"twitter:data1\" content=\"4 minuti\" \/>\n<script type=\"application\/ld+json\" class=\"yoast-schema-graph\">{\"@context\":\"https:\\\/\\\/schema.org\",\"@graph\":[{\"@type\":\"WebPage\",\"@id\":\"https:\\\/\\\/eletricistadelisboa.pt\\\/eletricista-urgente-lisboa\\\/\",\"url\":\"https:\\\/\\\/eletricistadelisboa.pt\\\/eletricista-urgente-lisboa\\\/\",\"name\":\"Eletricista Urgente Lisboa \u2013 Servi\u00e7o 24 Horas R\u00e1pido e Seguro\",\"isPartOf\":{\"@id\":\"https:\\\/\\\/eletricistadelisboa.pt\\\/#website\"},\"datePublished\":\"2025-11-04T13:43:08+00:00\",\"dateModified\":\"2025-11-05T14:52:59+00:00\",\"description\":\"Precisa de um eletricista urgente em Lisboa? Atendimento 24 horas para emerg\u00eancias el\u00e9tricas. Chame agora para um servi\u00e7o r\u00e1pido e seguro!\",\"breadcrumb\":{\"@id\":\"https:\\\/\\\/eletricistadelisboa.pt\\\/eletricista-urgente-lisboa\\\/#breadcrumb\"},\"inLanguage\":\"it-IT\",\"potentialAction\":[{\"@type\":\"ReadAction\",\"target\":[\"https:\\\/\\\/eletricistadelisboa.pt\\\/eletricista-urgente-lisboa\\\/\"]}]},{\"@type\":\"BreadcrumbList\",\"@id\":\"https:\\\/\\\/eletricistadelisboa.pt\\\/eletricista-urgente-lisboa\\\/#breadcrumb\",\"itemListElement\":[{\"@type\":\"ListItem\",\"position\":1,\"name\":\"In\u00edcio\",\"item\":\"https:\\\/\\\/eletricistadelisboa.pt\\\/\"},{\"@type\":\"ListItem\",\"position\":2,\"name\":\"Eletricista Urgente Lisboa \u2013 Servi\u00e7o 24 Horas R\u00e1pido e Seguro\"}]},{\"@type\":\"WebSite\",\"@id\":\"https:\\\/\\\/eletricistadelisboa.pt\\\/#website\",\"url\":\"https:\\\/\\\/eletricistadelisboa.pt\\\/\",\"name\":\"Eletricista de Lisboa\",\"description\":\"Servi\u00e7os el\u00e9tricos r\u00e1pidos e de alta qualidade em Lisboa, dispon\u00edveis 24 horas por dia.\",\"potentialAction\":[{\"@type\":\"SearchAction\",\"target\":{\"@type\":\"EntryPoint\",\"urlTemplate\":\"https:\\\/\\\/eletricistadelisboa.pt\\\/?s={search_term_string}\"},\"query-input\":{\"@type\":\"PropertyValueSpecification\",\"valueRequired\":true,\"valueName\":\"search_term_string\"}}],\"inLanguage\":\"it-IT\"}]}<\/script>\n<!-- \/ Yoast SEO plugin. -->","yoast_head_json":{"title":"Elettricista urgente Lisbona - Servizio rapido e affidabile 24 ore su 24","description":"Avete bisogno di un elettricista urgente a Lisbona? Servizio 24 ore su 24 per le emergenze elettriche. Chiamate ora per un servizio veloce e sicuro!","robots":{"index":"index","follow":"follow","max-snippet":"max-snippet:-1","max-image-preview":"max-image-preview:large","max-video-preview":"max-video-preview:-1"},"canonical":"https:\/\/eletricistadelisboa.pt\/it\/elettricista-urgente-lisbona\/","og_locale":"it_IT","og_type":"article","og_title":"Eletricista Urgente Lisboa \u2013 Servi\u00e7o 24 Horas R\u00e1pido e Seguro","og_description":"Precisa de um eletricista urgente em Lisboa? Atendimento 24 horas para emerg\u00eancias el\u00e9tricas. Chame agora para um servi\u00e7o r\u00e1pido e seguro!","og_url":"https:\/\/eletricistadelisboa.pt\/it\/elettricista-urgente-lisbona\/","og_site_name":"Eletricista de Lisboa","article_modified_time":"2025-11-05T14:52:59+00:00","twitter_card":"summary_large_image","twitter_misc":{"Tempo di lettura stimato":"4 minuti"},"schema":{"@context":"https:\/\/schema.org","@graph":[{"@type":"WebPage","@id":"https:\/\/eletricistadelisboa.pt\/eletricista-urgente-lisboa\/","url":"https:\/\/eletricistadelisboa.pt\/eletricista-urgente-lisboa\/","name":"Elettricista urgente Lisbona - Servizio rapido e affidabile 24 ore su 24","isPartOf":{"@id":"https:\/\/eletricistadelisboa.pt\/#website"},"datePublished":"2025-11-04T13:43:08+00:00","dateModified":"2025-11-05T14:52:59+00:00","description":"Avete bisogno di un elettricista urgente a Lisbona? Servizio 24 ore su 24 per le emergenze elettriche. Chiamate ora per un servizio veloce e sicuro!","breadcrumb":{"@id":"https:\/\/eletricistadelisboa.pt\/eletricista-urgente-lisboa\/#breadcrumb"},"inLanguage":"it-IT","potentialAction":[{"@type":"ReadAction","target":["https:\/\/eletricistadelisboa.pt\/eletricista-urgente-lisboa\/"]}]},{"@type":"BreadcrumbList","@id":"https:\/\/eletricistadelisboa.pt\/eletricista-urgente-lisboa\/#breadcrumb","itemListElement":[{"@type":"ListItem","position":1,"name":"In\u00edcio","item":"https:\/\/eletricistadelisboa.pt\/"},{"@type":"ListItem","position":2,"name":"Eletricista Urgente Lisboa \u2013 Servi\u00e7o 24 Horas R\u00e1pido e Seguro"}]},{"@type":"WebSite","@id":"https:\/\/eletricistadelisboa.pt\/#website","url":"https:\/\/eletricistadelisboa.pt\/","name":"Eletricista de Lisboa","description":"Servizi elettrici rapidi e di alta qualit\u00e0 a Lisbona, disponibili 24 ore al giorno.","potentialAction":[{"@type":"SearchAction","target":{"@type":"EntryPoint","urlTemplate":"https:\/\/eletricistadelisboa.pt\/?s={search_term_string}"},"query-input":{"@type":"PropertyValueSpecification","valueRequired":true,"valueName":"search_term_string"}}],"inLanguage":"it-IT"}]}},"_links":{"self":[{"href":"https:\/\/eletricistadelisboa.pt\/it\/wp-json\/wp\/v2\/pages\/3065","targetHints":{"allow":["GET"]}}],"collection":[{"href":"https:\/\/eletricistadelisboa.pt\/it\/wp-json\/wp\/v2\/pages"}],"about":[{"href":"https:\/\/eletricistadelisboa.pt\/it\/wp-json\/wp\/v2\/types\/page"}],"author":[{"embeddable":true,"href":"https:\/\/eletricistadelisboa.pt\/it\/wp-json\/wp\/v2\/users\/1"}],"replies":[{"embeddable":true,"href":"https:\/\/eletricistadelisboa.pt\/it\/wp-json\/wp\/v2\/comments?post=3065"}],"version-history":[{"count":2,"href":"https:\/\/eletricistadelisboa.pt\/it\/wp-json\/wp\/v2\/pages\/3065\/revisions"}],"predecessor-version":[{"id":3181,"href":"https:\/\/eletricistadelisboa.pt\/it\/wp-json\/wp\/v2\/pages\/3065\/revisions\/3181"}],"wp:attachment":[{"href":"https:\/\/eletricistadelisboa.pt\/it\/wp-json\/wp\/v2\/media?parent=3065"}],"curies":[{"name":"wp","href":"https:\/\/api.w.org\/{rel}","templated":true}]}}