{"id":3057,"date":"2025-01-31T12:50:07","date_gmt":"2025-01-31T12:50:07","guid":{"rendered":"https:\/\/eletricistadelisboa.pt\/?page_id=3057"},"modified":"2025-01-31T12:50:07","modified_gmt":"2025-01-31T12:50:07","slug":"manutenzione-elettrica-preventiva","status":"publish","type":"page","link":"https:\/\/eletricistadelisboa.pt\/it\/manutenzione-elettrica-preventiva\/","title":{"rendered":"Manutenzione elettrica preventiva - Sicurezza ed efficienza"},"content":{"rendered":"<p>A <strong>manutenzione elettrica preventiva<\/strong> \u00e8 essenziale per garantire il corretto funzionamento dell'impianto elettrico, prevenire i guasti ed evitare gli incidenti. Piccoli problemi elettrici possono trasformarsi in guasti gravi, causando cortocircuiti, incendi o addirittura danni alle apparecchiature elettroniche.<\/p>\n<p>Se volete evitare spiacevoli sorprese e garantire la sicurezza, un piano di manutenzione elettrica preventiva \u00e8 la soluzione migliore per case, aziende e industrie.<\/p>\n<h2>Che cos'\u00e8 la manutenzione elettrica preventiva?<\/h2>\n<p>A <strong>manutenzione elettrica preventiva<\/strong> consiste in ispezioni e regolazioni regolari della rete elettrica prima che si verifichino problemi. L'obiettivo \u00e8 quello di individuare l'usura, il surriscaldamento, i collegamenti allentati e altri difetti che possono compromettere la sicurezza e l'efficienza dell'impianto elettrico.<\/p>\n<p>Oltre a prevenire guasti imprevisti, questo tipo di manutenzione prolunga la vita delle apparecchiature e riduce i costi delle riparazioni di emergenza.<\/p>\n<h2>Perch\u00e9 \u00e8 importante la manutenzione elettrica preventiva?<\/h2>\n<p>L'esecuzione di ispezioni periodiche sulla rete elettrica offre diversi vantaggi:<\/p>\n<ul>\n<li><strong>Evitare guasti imprevisti:<\/strong> L'identificazione precoce dei problemi riduce il rischio di blackout e cortocircuiti.<\/li>\n<li><strong>Riduzione dei costi:<\/strong> La manutenzione programmata evita i costi delle riparazioni di emergenza e della sostituzione delle apparecchiature bruciate.<\/li>\n<li><strong>Maggiore sicurezza:<\/strong> Riduce il rischio di scosse elettriche, incendi e danni strutturali.<\/li>\n<li><strong>Efficienza energetica:<\/strong> Corregge gli sprechi di energia causati da connessioni allentate o cavi sovraccarichi.<\/li>\n<li><strong>Prolunga la vita delle apparecchiature:<\/strong> Previene il sovraccarico e il surriscaldamento dei dispositivi elettrici.<\/li>\n<\/ul>\n<p>Con un <strong>manutenzione elettrica preventiva<\/strong>Il vostro impianto sar\u00e0 sempre perfettamente funzionante e conforme alle norme di sicurezza.<\/p>\n<h2>Cosa comprende un servizio di manutenzione elettrica preventiva?<\/h2>\n<p>A <strong>manutenzione elettrica preventiva<\/strong> comporta diverse fasi per garantire che il sistema sia sicuro ed efficiente. Le attivit\u00e0 principali comprendono:<\/p>\n<ul>\n<li><strong>Ispezione del cablaggio elettrico:<\/strong> Controllo dei cavi sfilacciati, dell'isolamento danneggiato e del surriscaldamento.<\/li>\n<li><strong>Analisi di interruttori e quadri elettrici:<\/strong> Verifica della capacit\u00e0 degli interruttori automatici per evitare sovraccarichi.<\/li>\n<li><strong>Verifica di prese e interruttori:<\/strong> Valutazione dei collegamenti allentati o mal dimensionati.<\/li>\n<li><strong>Misura della resistenza di messa a terra:<\/strong> Controllo dell'impianto di messa a terra per garantire la protezione dalle sovratensioni elettriche.<\/li>\n<li><strong>Ispezione dei sistemi di illuminazione:<\/strong> Valutazione del funzionamento delle lampade, dei riflettori e del cablaggio degli apparecchi di illuminazione.<\/li>\n<li><strong>Controllo dei quadri e dei cavi elettrici:<\/strong> Ispezione per rilevare sovraccarichi e guasti ai circuiti.<\/li>\n<li><strong>Collaudo di apparecchiature elettriche:<\/strong> Valutazione del consumo energetico e dell'efficienza di macchine e apparecchi.<\/li>\n<\/ul>\n<p>Grazie a questo approccio globale, garantiamo che il vostro impianto elettrico sia sempre sicuro e funzioni correttamente.<\/p>\n<h2>Chi ha bisogno di una manutenzione elettrica preventiva?<\/h2>\n<p>A <strong>manutenzione elettrica preventiva<\/strong> \u00e8 consigliato per diversi tipi di propriet\u00e0 e settori:<\/p>\n<ul>\n<li><strong>Residenze:<\/strong> Per prevenire i sovraccarichi e garantire il funzionamento sicuro delle apparecchiature elettriche.<\/li>\n<li><strong>Aziende e uffici:<\/strong> Per evitare interruzioni di corrente e guasti alle apparecchiature essenziali.<\/li>\n<li><strong>Industrie:<\/strong> Mantenere le macchine e le attrezzature in funzione senza interruzioni.<\/li>\n<li><strong>Condomini ed edifici:<\/strong> Per garantire la sicurezza nelle aree comuni e prevenire i guasti alla rete elettrica.<\/li>\n<li><strong>Ospedali e cliniche:<\/strong> Dove l'elettricit\u00e0 \u00e8 essenziale per il funzionamento delle apparecchiature mediche.<\/li>\n<\/ul>\n<p>Indipendentemente dal tipo di immobile, la manutenzione preventiva \u00e8 essenziale per evitare problemi e garantire il corretto funzionamento dell'impianto elettrico.<\/p>\n<h2>Con quale frequenza deve essere effettuata la manutenzione elettrica?<\/h2>\n<p>La frequenza di <strong>manutenzione elettrica preventiva<\/strong> dipende dal tipo di installazione e dal carico elettrico utilizzato. Alcune raccomandazioni generali includono:<\/p>\n<ul>\n<li><strong>Residenze:<\/strong> Ispezione annuale per evitare guasti alla rete elettrica.<\/li>\n<li><strong>Aziende e uffici:<\/strong> Ispezione ogni 6 mesi a causa dell'uso costante dell'apparecchiatura.<\/li>\n<li><strong>Industrie:<\/strong> Manutenzione trimestrale o come raccomandato dal produttore dell'apparecchiatura.<\/li>\n<li><strong>Ospedali e laboratori:<\/strong> Ispezione mensile o in base a normative specifiche.<\/li>\n<\/ul>\n<p>La raccomandazione ideale dovrebbe essere fatta da un elettricista qualificato dopo una valutazione dell'impianto elettrico.<\/p>\n<h2>Quanto costa la manutenzione elettrica preventiva?<\/h2>\n<p>Il costo di <strong>manutenzione elettrica preventiva<\/strong> pu\u00f2 variare in base a diversi fattori:<\/p>\n<ul>\n<li>Dimensioni dell'impianto elettrico.<\/li>\n<li>Quantit\u00e0 di apparecchiature elettriche da ispezionare.<\/li>\n<li>Complessit\u00e0 del sistema elettrico (monofase, bifase o trifase).<\/li>\n<li>Necessit\u00e0 di riparazione o sostituzione di componenti.<\/li>\n<\/ul>\n<p>Per un preventivo dettagliato ed equo, consigliamo una valutazione professionale del sito.<\/p>\n<h2>Quanto dura la manutenzione elettrica preventiva?<\/h2>\n<p>Il tempo necessario per completare il <strong>manutenzione elettrica preventiva<\/strong> dipende dalla complessit\u00e0 del servizio. Piccole ispezioni possono essere completate in poche ore, mentre analisi pi\u00f9 dettagliate possono richiedere uno o due giorni.<\/p>\n<h2>Avete bisogno di una manutenzione elettrica preventiva? Rivolgetevi a noi!<\/h2>\n<p>Se volete garantire la sicurezza e l'efficienza del vostro impianto elettrico, contattateci. Offriamo un servizio professionale <strong>manutenzione elettrica preventiva<\/strong> per case, aziende e industrie.<\/p>","protected":false},"excerpt":{"rendered":"<p>A manuten\u00e7\u00e3o el\u00e9trica preventiva \u00e9 essencial para garantir o bom funcionamento da instala\u00e7\u00e3o el\u00e9trica, prevenir falhas e evitar acidentes. Pequenos problemas el\u00e9tricos podem evoluir para falhas graves, causando curtos-circuitos, inc\u00eandios ou at\u00e9 mesmo danos a equipamentos eletr\u00f4nicos. Se deseja evitar surpresas desagrad\u00e1veis e garantir seguran\u00e7a, um plano de manuten\u00e7\u00e3o el\u00e9trica preventiva \u00e9 a melhor solu\u00e7\u00e3o [&hellip;]<\/p>\n","protected":false},"author":1,"featured_media":0,"parent":0,"menu_order":0,"comment_status":"closed","ping_status":"closed","template":"","meta":{"iawp_total_views":14,"footnotes":""},"class_list":["post-3057","page","type-page","status-publish","hentry"],"yoast_head":"<!-- This site is optimized with the Yoast SEO plugin v27.5 - https:\/\/yoast.com\/product\/yoast-seo-wordpress\/ -->\n<title>Manuten\u00e7\u00e3o El\u00e9trica Preventiva \u2013 Seguran\u00e7a e Efici\u00eancia<\/title>\n<meta name=\"description\" content=\"Precisa de manuten\u00e7\u00e3o el\u00e9trica preventiva? Evite falhas, aumente a seguran\u00e7a e reduza custos com inspe\u00e7\u00f5es regulares. Pe\u00e7a um or\u00e7amento agora!\" \/>\n<meta name=\"robots\" content=\"index, follow, max-snippet:-1, max-image-preview:large, max-video-preview:-1\" \/>\n<link rel=\"canonical\" href=\"https:\/\/eletricistadelisboa.pt\/it\/manutenzione-elettrica-preventiva\/\" \/>\n<meta property=\"og:locale\" content=\"it_IT\" \/>\n<meta property=\"og:type\" content=\"article\" \/>\n<meta property=\"og:title\" content=\"Manuten\u00e7\u00e3o El\u00e9trica Preventiva \u2013 Seguran\u00e7a e Efici\u00eancia\" \/>\n<meta property=\"og:description\" content=\"Precisa de manuten\u00e7\u00e3o el\u00e9trica preventiva? Evite falhas, aumente a seguran\u00e7a e reduza custos com inspe\u00e7\u00f5es regulares. Pe\u00e7a um or\u00e7amento agora!\" \/>\n<meta property=\"og:url\" content=\"https:\/\/eletricistadelisboa.pt\/it\/manutenzione-elettrica-preventiva\/\" \/>\n<meta property=\"og:site_name\" content=\"Eletricista de Lisboa\" \/>\n<meta name=\"twitter:card\" content=\"summary_large_image\" \/>\n<script type=\"application\/ld+json\" class=\"yoast-schema-graph\">{\"@context\":\"https:\\\/\\\/schema.org\",\"@graph\":[{\"@type\":\"WebPage\",\"@id\":\"https:\\\/\\\/eletricistadelisboa.pt\\\/manutencao-eletrica-preventiva\\\/\",\"url\":\"https:\\\/\\\/eletricistadelisboa.pt\\\/manutencao-eletrica-preventiva\\\/\",\"name\":\"Manuten\u00e7\u00e3o El\u00e9trica Preventiva \u2013 Seguran\u00e7a e Efici\u00eancia\",\"isPartOf\":{\"@id\":\"https:\\\/\\\/eletricistadelisboa.pt\\\/#website\"},\"datePublished\":\"2025-01-31T12:50:07+00:00\",\"description\":\"Precisa de manuten\u00e7\u00e3o el\u00e9trica preventiva? Evite falhas, aumente a seguran\u00e7a e reduza custos com inspe\u00e7\u00f5es regulares. Pe\u00e7a um or\u00e7amento agora!\",\"breadcrumb\":{\"@id\":\"https:\\\/\\\/eletricistadelisboa.pt\\\/manutencao-eletrica-preventiva\\\/#breadcrumb\"},\"inLanguage\":\"it-IT\",\"potentialAction\":[{\"@type\":\"ReadAction\",\"target\":[\"https:\\\/\\\/eletricistadelisboa.pt\\\/manutencao-eletrica-preventiva\\\/\"]}]},{\"@type\":\"BreadcrumbList\",\"@id\":\"https:\\\/\\\/eletricistadelisboa.pt\\\/manutencao-eletrica-preventiva\\\/#breadcrumb\",\"itemListElement\":[{\"@type\":\"ListItem\",\"position\":1,\"name\":\"In\u00edcio\",\"item\":\"https:\\\/\\\/eletricistadelisboa.pt\\\/\"},{\"@type\":\"ListItem\",\"position\":2,\"name\":\"Manuten\u00e7\u00e3o El\u00e9trica Preventiva \u2013 Seguran\u00e7a e Efici\u00eancia\"}]},{\"@type\":\"WebSite\",\"@id\":\"https:\\\/\\\/eletricistadelisboa.pt\\\/#website\",\"url\":\"https:\\\/\\\/eletricistadelisboa.pt\\\/\",\"name\":\"Eletricista de Lisboa\",\"description\":\"Servi\u00e7os el\u00e9tricos r\u00e1pidos e de alta qualidade em Lisboa, dispon\u00edveis 24 horas por dia.\",\"potentialAction\":[{\"@type\":\"SearchAction\",\"target\":{\"@type\":\"EntryPoint\",\"urlTemplate\":\"https:\\\/\\\/eletricistadelisboa.pt\\\/?s={search_term_string}\"},\"query-input\":{\"@type\":\"PropertyValueSpecification\",\"valueRequired\":true,\"valueName\":\"search_term_string\"}}],\"inLanguage\":\"it-IT\"}]}<\/script>\n<!-- \/ Yoast SEO plugin. -->","yoast_head_json":{"title":"Manutenzione elettrica preventiva - Sicurezza ed efficienza","description":"Avete bisogno di una manutenzione elettrica preventiva? Evitate i guasti, aumentate la sicurezza e riducete i costi con ispezioni regolari. Richiedete subito un preventivo!","robots":{"index":"index","follow":"follow","max-snippet":"max-snippet:-1","max-image-preview":"max-image-preview:large","max-video-preview":"max-video-preview:-1"},"canonical":"https:\/\/eletricistadelisboa.pt\/it\/manutenzione-elettrica-preventiva\/","og_locale":"it_IT","og_type":"article","og_title":"Manuten\u00e7\u00e3o El\u00e9trica Preventiva \u2013 Seguran\u00e7a e Efici\u00eancia","og_description":"Precisa de manuten\u00e7\u00e3o el\u00e9trica preventiva? Evite falhas, aumente a seguran\u00e7a e reduza custos com inspe\u00e7\u00f5es regulares. Pe\u00e7a um or\u00e7amento agora!","og_url":"https:\/\/eletricistadelisboa.pt\/it\/manutenzione-elettrica-preventiva\/","og_site_name":"Eletricista de Lisboa","twitter_card":"summary_large_image","schema":{"@context":"https:\/\/schema.org","@graph":[{"@type":"WebPage","@id":"https:\/\/eletricistadelisboa.pt\/manutencao-eletrica-preventiva\/","url":"https:\/\/eletricistadelisboa.pt\/manutencao-eletrica-preventiva\/","name":"Manutenzione elettrica preventiva - Sicurezza ed efficienza","isPartOf":{"@id":"https:\/\/eletricistadelisboa.pt\/#website"},"datePublished":"2025-01-31T12:50:07+00:00","description":"Avete bisogno di una manutenzione elettrica preventiva? Evitate i guasti, aumentate la sicurezza e riducete i costi con ispezioni regolari. Richiedete subito un preventivo!","breadcrumb":{"@id":"https:\/\/eletricistadelisboa.pt\/manutencao-eletrica-preventiva\/#breadcrumb"},"inLanguage":"it-IT","potentialAction":[{"@type":"ReadAction","target":["https:\/\/eletricistadelisboa.pt\/manutencao-eletrica-preventiva\/"]}]},{"@type":"BreadcrumbList","@id":"https:\/\/eletricistadelisboa.pt\/manutencao-eletrica-preventiva\/#breadcrumb","itemListElement":[{"@type":"ListItem","position":1,"name":"In\u00edcio","item":"https:\/\/eletricistadelisboa.pt\/"},{"@type":"ListItem","position":2,"name":"Manuten\u00e7\u00e3o El\u00e9trica Preventiva \u2013 Seguran\u00e7a e Efici\u00eancia"}]},{"@type":"WebSite","@id":"https:\/\/eletricistadelisboa.pt\/#website","url":"https:\/\/eletricistadelisboa.pt\/","name":"Eletricista de Lisboa","description":"Servizi elettrici rapidi e di alta qualit\u00e0 a Lisbona, disponibili 24 ore al giorno.","potentialAction":[{"@type":"SearchAction","target":{"@type":"EntryPoint","urlTemplate":"https:\/\/eletricistadelisboa.pt\/?s={search_term_string}"},"query-input":{"@type":"PropertyValueSpecification","valueRequired":true,"valueName":"search_term_string"}}],"inLanguage":"it-IT"}]}},"_links":{"self":[{"href":"https:\/\/eletricistadelisboa.pt\/it\/wp-json\/wp\/v2\/pages\/3057","targetHints":{"allow":["GET"]}}],"collection":[{"href":"https:\/\/eletricistadelisboa.pt\/it\/wp-json\/wp\/v2\/pages"}],"about":[{"href":"https:\/\/eletricistadelisboa.pt\/it\/wp-json\/wp\/v2\/types\/page"}],"author":[{"embeddable":true,"href":"https:\/\/eletricistadelisboa.pt\/it\/wp-json\/wp\/v2\/users\/1"}],"replies":[{"embeddable":true,"href":"https:\/\/eletricistadelisboa.pt\/it\/wp-json\/wp\/v2\/comments?post=3057"}],"version-history":[{"count":1,"href":"https:\/\/eletricistadelisboa.pt\/it\/wp-json\/wp\/v2\/pages\/3057\/revisions"}],"predecessor-version":[{"id":3058,"href":"https:\/\/eletricistadelisboa.pt\/it\/wp-json\/wp\/v2\/pages\/3057\/revisions\/3058"}],"wp:attachment":[{"href":"https:\/\/eletricistadelisboa.pt\/it\/wp-json\/wp\/v2\/media?parent=3057"}],"curies":[{"name":"wp","href":"https:\/\/api.w.org\/{rel}","templated":true}]}}