{"id":3047,"date":"2025-01-31T12:28:46","date_gmt":"2025-01-31T12:28:46","guid":{"rendered":"https:\/\/eletricistadelisboa.pt\/?page_id=3047"},"modified":"2025-01-31T12:28:46","modified_gmt":"2025-01-31T12:28:46","slug":"installazione-di-una-presa-per-auto-elettrica","status":"publish","type":"page","link":"https:\/\/eletricistadelisboa.pt\/it\/installazione-di-una-presa-per-auto-elettrica\/","title":{"rendered":"Installazione di prese per auto elettriche"},"content":{"rendered":"<p>Avete acquistato un veicolo elettrico e avete bisogno di un punto di ricarica a casa o al lavoro? A <strong>Installazione di una presa elettrica per auto<\/strong> \u00e8 essenziale per assicurare una ricarica rapida, sicura ed efficiente, evitando rischi elettrici e garantendo le massime prestazioni del veicolo.<\/p>\n<p>Con un servizio professionale, potete contare su una ricarica affidabile e adatta alla vostra infrastruttura elettrica, senza preoccuparvi di sovraccarichi o sprechi di energia.<\/p>\n<h2>Perch\u00e9 installare una presa specifica per le auto elettriche?<\/h2>\n<p>Sebbene sia possibile ricaricare un veicolo elettrico da una presa di corrente standard, non \u00e8 consigliabile a causa dell'elevato consumo energetico e del rischio di surriscaldamento. L'ideale sarebbe installare una <strong>presa di corrente rinforzata o caricatore da parete<\/strong>garantire:<\/p>\n<ul>\n<li><strong>Ricarica pi\u00f9 rapida:<\/strong> Le prese ad alta potenza riducono i tempi di ricarica.<\/li>\n<li><strong>Sicurezza elettrica:<\/strong> Evita di sovraccaricare la rete elettrica dell'abitazione.<\/li>\n<li><strong>Efficienza energetica:<\/strong> Minore spreco di energia durante la ricarica.<\/li>\n<li><strong>Maggiore durata dell'impianto elettrico:<\/strong> Cablaggio e interruttori automatici preparati per resistere al carico del veicolo.<\/li>\n<li><strong>Conformit\u00e0 agli standard tecnici:<\/strong> Un'installazione corretta evita rischi e problemi con la rete elettrica.<\/li>\n<\/ul>\n<h2>Cosa serve per installare una presa elettrica per auto?<\/h2>\n<p>A <strong>installazione di una presa per auto elettrica<\/strong> richiede alcune modifiche all'infrastruttura elettrica per garantire una ricarica sicura ed efficiente. I requisiti principali includono:<\/p>\n<ul>\n<li><strong>Cablaggio corretto:<\/strong> Cavi di calibro adeguato a sopportare il carico elettrico.<\/li>\n<li><strong>Interruttore esclusivo:<\/strong> Protezione da sovraccarico e cortocircuito.<\/li>\n<li><strong>Presa rinforzata:<\/strong> Si consiglia di installare una presa industriale o un caricatore specifico (Wallbox).<\/li>\n<li><strong>Verifica della potenza contrattuale:<\/strong> La propriet\u00e0 deve avere una potenza sufficiente a sostenere la ricarica dell'auto.<\/li>\n<li><strong>Protezione contro le sovratensioni:<\/strong> Dispositivi che impediscono il danneggiamento del veicolo in caso di fluttuazioni elettriche.<\/li>\n<\/ul>\n<p>Con un'installazione professionale, garantiamo che tutti questi aspetti siano rispettati, garantendo una ricarica sicura ed efficiente.<\/p>\n<h2>Tipi di caricabatterie per auto elettriche<\/h2>\n<p>Esistono diverse opzioni per la ricarica del veicolo elettrico, a seconda dell'infrastruttura elettrica disponibile e della necessit\u00e0 di ricarica:<\/p>\n<ul>\n<li><strong>Presa convenzionale (220V):<\/strong> Ricarica lenta, adatta solo per le emergenze.<\/li>\n<li><strong>Presa rinforzata (32A):<\/strong> L'opzione migliore per ricaricare l'auto elettrica senza bisogno di un caricatore dedicato.<\/li>\n<li><strong>Caricabatterie da parete:<\/strong> Sistema di ricarica intelligente e veloce in grado di ricaricare il veicolo in poche ore.<\/li>\n<li><strong>Carica trifase:<\/strong> Ideale per le aziende e le abitazioni con un elevato fabbisogno elettrico.<\/li>\n<\/ul>\n<p>Se si desidera una ricarica pi\u00f9 rapida ed efficiente, l'installazione di un sistema di ricarica <strong>Caricabatterie da parete<\/strong> \u00e8 la scelta migliore.<\/p>\n<h2>Come funziona la presa per auto elettriche?<\/h2>\n<p>A <strong>Installazione di una presa elettrica per auto<\/strong> deve essere eseguita da un elettricista qualificato per garantire la sicurezza e la conformit\u00e0 agli standard elettrici. Il processo comprende:<\/p>\n<ul>\n<li>Valutazione dell'infrastruttura elettrica della propriet\u00e0.<\/li>\n<li>Scegliere il tipo di caricabatterie o la presa giusta.<\/li>\n<li>Installazione di interruttori e cavi appropriati.<\/li>\n<li>Attacco per caricabatterie da parete o presa rinforzata.<\/li>\n<li>Test di funzionamento e di sicurezza elettrica.<\/li>\n<\/ul>\n<p>Con un servizio professionale, evitiamo problemi come il sovraccarico, il surriscaldamento e i malfunzionamenti del caricabatterie.<\/p>\n<h2>Quanto costa installare una presa per auto elettrica?<\/h2>\n<p>Il costo di <strong>Installazione di una presa elettrica per auto<\/strong> pu\u00f2 variare in base a una serie di fattori, come ad esempio<\/p>\n<ul>\n<li>Tipo di caricabatterie (presa rinforzata o wallbox).<\/li>\n<li>Distanza tra il quadro elettrico e il punto di ricarica.<\/li>\n<li>Il cablaggio elettrico deve essere rinforzato.<\/li>\n<li>Energia elettrica disponibile nella propriet\u00e0.<\/li>\n<\/ul>\n<p>Per un preventivo equo e un servizio di qualit\u00e0, consigliamo una valutazione professionale.<\/p>\n<h2>Quanto tempo occorre per installare una presa elettrica per auto?<\/h2>\n<p>Il tempo di installazione dipende dalla complessit\u00e0 del lavoro. In generale, una presa di corrente rinforzata pu\u00f2 essere installata in poche ore. L'installazione di un caricabatterie da parete, invece, pu\u00f2 richiedere un giorno se l'infrastruttura elettrica deve essere rinforzata.<\/p>\n<h2>Vale la pena installare un caricabatterie da parete?<\/h2>\n<p>Se si desidera una ricarica rapida e sicura, installare un <strong>Wallbox<\/strong> \u00e8 l'opzione migliore. Rispetto a una presa tradizionale, una Wallbox offre:<\/p>\n<ul>\n<li><strong>Ricarica fino a 5 volte pi\u00f9 veloce.<\/strong><\/li>\n<li><strong>Controllo dei consumi e integrazione con l'energia solare.<\/strong><\/li>\n<li><strong>Sicurezza elettrica superiore.<\/strong><\/li>\n<li><strong>Migliore utilizzo della rete elettrica.<\/strong><\/li>\n<\/ul>\n<p>Per chi utilizza quotidianamente la propria auto elettrica, una wallbox \u00e8 un investimento essenziale.<\/p>\n<h2>Dovete installare una presa elettrica per auto? Rivolgetevi a noi!<\/h2>\n<p>Se volete un <strong>Installazione di una presa elettrica per auto<\/strong> sicuro ed efficiente, contattateci. Garantiamo un servizio professionale che vi permetter\u00e0 di caricare il vostro veicolo in tutta tranquillit\u00e0.<\/p>","protected":false},"excerpt":{"rendered":"<p>Adquiriu um ve\u00edculo el\u00e9trico e precisa de um ponto de carregamento em casa ou na empresa? A instala\u00e7\u00e3o de tomada para carro el\u00e9trico \u00e9 essencial para garantir um carregamento r\u00e1pido, seguro e eficiente, evitando riscos el\u00e9tricos e garantindo a m\u00e1xima performance do seu ve\u00edculo. Com um servi\u00e7o profissional, voc\u00ea pode contar com um carregamento confi\u00e1vel [&hellip;]<\/p>\n","protected":false},"author":1,"featured_media":0,"parent":0,"menu_order":0,"comment_status":"closed","ping_status":"closed","template":"","meta":{"iawp_total_views":63,"footnotes":""},"class_list":["post-3047","page","type-page","status-publish","hentry"],"yoast_head":"<!-- This site is optimized with the Yoast SEO plugin v27.5 - https:\/\/yoast.com\/product\/yoast-seo-wordpress\/ -->\n<title>Instala\u00e7\u00e3o de Tomada para Carro El\u00e9trico<\/title>\n<meta name=\"description\" content=\"Precisa de uma instala\u00e7\u00e3o de tomada para carro el\u00e9trico? Garantimos um servi\u00e7o seguro e eficiente para carregar seu ve\u00edculo em casa ou na empresa. Pe\u00e7a um or\u00e7amento agora!\" \/>\n<meta name=\"robots\" content=\"index, follow, max-snippet:-1, max-image-preview:large, max-video-preview:-1\" \/>\n<link rel=\"canonical\" href=\"https:\/\/eletricistadelisboa.pt\/it\/installazione-di-una-presa-per-auto-elettrica\/\" \/>\n<meta property=\"og:locale\" content=\"it_IT\" \/>\n<meta property=\"og:type\" content=\"article\" \/>\n<meta property=\"og:title\" content=\"Instala\u00e7\u00e3o de Tomada para Carro El\u00e9trico\" \/>\n<meta property=\"og:description\" content=\"Precisa de uma instala\u00e7\u00e3o de tomada para carro el\u00e9trico? Garantimos um servi\u00e7o seguro e eficiente para carregar seu ve\u00edculo em casa ou na empresa. Pe\u00e7a um or\u00e7amento agora!\" \/>\n<meta property=\"og:url\" content=\"https:\/\/eletricistadelisboa.pt\/it\/installazione-di-una-presa-per-auto-elettrica\/\" \/>\n<meta property=\"og:site_name\" content=\"Eletricista de Lisboa\" \/>\n<meta name=\"twitter:card\" content=\"summary_large_image\" \/>\n<script type=\"application\/ld+json\" class=\"yoast-schema-graph\">{\"@context\":\"https:\\\/\\\/schema.org\",\"@graph\":[{\"@type\":\"WebPage\",\"@id\":\"https:\\\/\\\/eletricistadelisboa.pt\\\/instalacao-de-tomada-para-carro-eletrico\\\/\",\"url\":\"https:\\\/\\\/eletricistadelisboa.pt\\\/instalacao-de-tomada-para-carro-eletrico\\\/\",\"name\":\"Instala\u00e7\u00e3o de Tomada para Carro El\u00e9trico\",\"isPartOf\":{\"@id\":\"https:\\\/\\\/eletricistadelisboa.pt\\\/#website\"},\"datePublished\":\"2025-01-31T12:28:46+00:00\",\"description\":\"Precisa de uma instala\u00e7\u00e3o de tomada para carro el\u00e9trico? Garantimos um servi\u00e7o seguro e eficiente para carregar seu ve\u00edculo em casa ou na empresa. Pe\u00e7a um or\u00e7amento agora!\",\"breadcrumb\":{\"@id\":\"https:\\\/\\\/eletricistadelisboa.pt\\\/instalacao-de-tomada-para-carro-eletrico\\\/#breadcrumb\"},\"inLanguage\":\"it-IT\",\"potentialAction\":[{\"@type\":\"ReadAction\",\"target\":[\"https:\\\/\\\/eletricistadelisboa.pt\\\/instalacao-de-tomada-para-carro-eletrico\\\/\"]}]},{\"@type\":\"BreadcrumbList\",\"@id\":\"https:\\\/\\\/eletricistadelisboa.pt\\\/instalacao-de-tomada-para-carro-eletrico\\\/#breadcrumb\",\"itemListElement\":[{\"@type\":\"ListItem\",\"position\":1,\"name\":\"In\u00edcio\",\"item\":\"https:\\\/\\\/eletricistadelisboa.pt\\\/\"},{\"@type\":\"ListItem\",\"position\":2,\"name\":\"Instala\u00e7\u00e3o de Tomada para Carro El\u00e9trico\"}]},{\"@type\":\"WebSite\",\"@id\":\"https:\\\/\\\/eletricistadelisboa.pt\\\/#website\",\"url\":\"https:\\\/\\\/eletricistadelisboa.pt\\\/\",\"name\":\"Eletricista de Lisboa\",\"description\":\"Servi\u00e7os el\u00e9tricos r\u00e1pidos e de alta qualidade em Lisboa, dispon\u00edveis 24 horas por dia.\",\"potentialAction\":[{\"@type\":\"SearchAction\",\"target\":{\"@type\":\"EntryPoint\",\"urlTemplate\":\"https:\\\/\\\/eletricistadelisboa.pt\\\/?s={search_term_string}\"},\"query-input\":{\"@type\":\"PropertyValueSpecification\",\"valueRequired\":true,\"valueName\":\"search_term_string\"}}],\"inLanguage\":\"it-IT\"}]}<\/script>\n<!-- \/ Yoast SEO plugin. -->","yoast_head_json":{"title":"Installazione di prese per auto elettriche","description":"Avete bisogno di installare una presa elettrica per auto? Garantiamo un servizio sicuro ed efficiente per la ricarica del vostro veicolo a casa o al lavoro. Richiedete subito un preventivo!","robots":{"index":"index","follow":"follow","max-snippet":"max-snippet:-1","max-image-preview":"max-image-preview:large","max-video-preview":"max-video-preview:-1"},"canonical":"https:\/\/eletricistadelisboa.pt\/it\/installazione-di-una-presa-per-auto-elettrica\/","og_locale":"it_IT","og_type":"article","og_title":"Instala\u00e7\u00e3o de Tomada para Carro El\u00e9trico","og_description":"Precisa de uma instala\u00e7\u00e3o de tomada para carro el\u00e9trico? Garantimos um servi\u00e7o seguro e eficiente para carregar seu ve\u00edculo em casa ou na empresa. Pe\u00e7a um or\u00e7amento agora!","og_url":"https:\/\/eletricistadelisboa.pt\/it\/installazione-di-una-presa-per-auto-elettrica\/","og_site_name":"Eletricista de Lisboa","twitter_card":"summary_large_image","schema":{"@context":"https:\/\/schema.org","@graph":[{"@type":"WebPage","@id":"https:\/\/eletricistadelisboa.pt\/instalacao-de-tomada-para-carro-eletrico\/","url":"https:\/\/eletricistadelisboa.pt\/instalacao-de-tomada-para-carro-eletrico\/","name":"Installazione di prese per auto elettriche","isPartOf":{"@id":"https:\/\/eletricistadelisboa.pt\/#website"},"datePublished":"2025-01-31T12:28:46+00:00","description":"Avete bisogno di installare una presa elettrica per auto? Garantiamo un servizio sicuro ed efficiente per la ricarica del vostro veicolo a casa o al lavoro. Richiedete subito un preventivo!","breadcrumb":{"@id":"https:\/\/eletricistadelisboa.pt\/instalacao-de-tomada-para-carro-eletrico\/#breadcrumb"},"inLanguage":"it-IT","potentialAction":[{"@type":"ReadAction","target":["https:\/\/eletricistadelisboa.pt\/instalacao-de-tomada-para-carro-eletrico\/"]}]},{"@type":"BreadcrumbList","@id":"https:\/\/eletricistadelisboa.pt\/instalacao-de-tomada-para-carro-eletrico\/#breadcrumb","itemListElement":[{"@type":"ListItem","position":1,"name":"In\u00edcio","item":"https:\/\/eletricistadelisboa.pt\/"},{"@type":"ListItem","position":2,"name":"Instala\u00e7\u00e3o de Tomada para Carro El\u00e9trico"}]},{"@type":"WebSite","@id":"https:\/\/eletricistadelisboa.pt\/#website","url":"https:\/\/eletricistadelisboa.pt\/","name":"Eletricista de Lisboa","description":"Servizi elettrici rapidi e di alta qualit\u00e0 a Lisbona, disponibili 24 ore al giorno.","potentialAction":[{"@type":"SearchAction","target":{"@type":"EntryPoint","urlTemplate":"https:\/\/eletricistadelisboa.pt\/?s={search_term_string}"},"query-input":{"@type":"PropertyValueSpecification","valueRequired":true,"valueName":"search_term_string"}}],"inLanguage":"it-IT"}]}},"_links":{"self":[{"href":"https:\/\/eletricistadelisboa.pt\/it\/wp-json\/wp\/v2\/pages\/3047","targetHints":{"allow":["GET"]}}],"collection":[{"href":"https:\/\/eletricistadelisboa.pt\/it\/wp-json\/wp\/v2\/pages"}],"about":[{"href":"https:\/\/eletricistadelisboa.pt\/it\/wp-json\/wp\/v2\/types\/page"}],"author":[{"embeddable":true,"href":"https:\/\/eletricistadelisboa.pt\/it\/wp-json\/wp\/v2\/users\/1"}],"replies":[{"embeddable":true,"href":"https:\/\/eletricistadelisboa.pt\/it\/wp-json\/wp\/v2\/comments?post=3047"}],"version-history":[{"count":1,"href":"https:\/\/eletricistadelisboa.pt\/it\/wp-json\/wp\/v2\/pages\/3047\/revisions"}],"predecessor-version":[{"id":3049,"href":"https:\/\/eletricistadelisboa.pt\/it\/wp-json\/wp\/v2\/pages\/3047\/revisions\/3049"}],"wp:attachment":[{"href":"https:\/\/eletricistadelisboa.pt\/it\/wp-json\/wp\/v2\/media?parent=3047"}],"curies":[{"name":"wp","href":"https:\/\/api.w.org\/{rel}","templated":true}]}}