{"id":3030,"date":"2025-01-31T09:20:06","date_gmt":"2025-01-31T09:20:06","guid":{"rendered":"https:\/\/eletricistadelisboa.pt\/?page_id=3030"},"modified":"2025-01-31T09:20:06","modified_gmt":"2025-01-31T09:20:06","slug":"automazione-domestica","status":"publish","type":"page","link":"https:\/\/eletricistadelisboa.pt\/it\/automazione-domestica\/","title":{"rendered":"Domotica - Comfort, sicurezza e tecnologia"},"content":{"rendered":"<p><!DOCTYPE html><br \/>\n<html lang=\"pt\"><br \/>\n<head><br \/>\n    <meta charset=\"UTF-8\"><br \/>\n    <meta name=\"viewport\" content=\"width=device-width, initial-scale=1.0\"><br \/>\n    <meta name=\"description\" content=\"\"><br \/>\n    <title>Domotica - Comfort, sicurezza e tecnologia<\/title><br \/>\n<\/head><br \/>\n<body><\/p>\n<h1><\/h1>\n<p>Riuscite a immaginare di controllare l'illuminazione, la climatizzazione, la sicurezza e gli elettrodomestici della vostra casa con un semplice tocco del vostro cellulare o con un comando vocale? Con un <strong>automazione domestica<\/strong>\u00c8 possibile. La tecnologia permette di trasformare qualsiasi immobile in una casa intelligente, offrendo maggiore comfort, praticit\u00e0 ed efficienza energetica.<\/p>\n<p>Se volete modernizzare la vostra casa con soluzioni intelligenti, un servizio professionale garantisce un'installazione sicura e la personalizzazione del sistema in base alle vostre esigenze.<\/p>\n<h2>Che cos'\u00e8 la domotica?<\/h2>\n<p>A <strong>automazione domestica<\/strong> consiste nell'integrazione di dispositivi e sistemi elettronici per il controllo automatizzato della casa. Con un sistema intelligente, \u00e8 possibile gestire l'illuminazione, la sicurezza, l'aria condizionata, l'audio surround e persino gli elettrodomestici tramite app mobili, assistenti virtuali (Alexa, Google Assistant, Siri) o pannelli di controllo.<\/p>\n<p>Oltre a garantire il comfort, l'automazione migliora anche la sicurezza e riduce il consumo energetico, rendendo l'ambiente pi\u00f9 efficiente e sostenibile.<\/p>\n<h2>Quali sono i principali sistemi di automazione domestica?<\/h2>\n<p>I sistemi di automazione possono essere personalizzati in base alle preferenze dell'utente. Tra i pi\u00f9 utilizzati ci sono:<\/p>\n<ul>\n<li><strong>Illuminazione intelligente:<\/strong> Controllo remoto della lampada, regolazione dell'intensit\u00e0 e programmazione oraria.<\/li>\n<li><strong>Sicurezza e monitoraggio:<\/strong> Telecamere di sorveglianza, allarmi, serrature elettroniche e sensori di movimento.<\/li>\n<li><strong>Climatizzatore automatico:<\/strong> Controllo di aria condizionata, ventilatori e tende termiche.<\/li>\n<li><strong>Automazione del suono e dell'intrattenimento:<\/strong> Integrazione di diffusori, televisori e home theater.<\/li>\n<li><strong>Elettrodomestici intelligenti:<\/strong> Controllo di macchine da caff\u00e8, forni, robot aspirapolvere e lavatrici.<\/li>\n<li><strong>Energia e sostenibilit\u00e0:<\/strong> Monitoraggio del consumo di elettricit\u00e0 e ottimizzazione dell'uso dell'energia solare.<\/li>\n<\/ul>\n<p>La combinazione di questi sistemi crea un ambiente automatizzato che offre maggiore praticit\u00e0 nella vita quotidiana.<\/p>\n<h2>Quali sono i vantaggi della domotica?<\/h2>\n<p>Investire in un <strong>automazione domestica<\/strong> porta molti vantaggi alla vostra casa e alla vostra routine:<\/p>\n<ul>\n<li><strong>Pi\u00f9 comfort:<\/strong> Controllo completo dei dispositivi senza dover lasciare la poltrona.<\/li>\n<li><strong>Sicurezza rafforzata:<\/strong> Monitoraggio remoto e avvisi in tempo reale.<\/li>\n<li><strong>Risparmio energetico:<\/strong> Uso efficiente dell'illuminazione, dell'aria condizionata e degli elettrodomestici.<\/li>\n<li><strong>Valutazione della propriet\u00e0:<\/strong> Le case intelligenti sono pi\u00f9 interessanti per il mercato immobiliare.<\/li>\n<li><strong>Personalizzazione:<\/strong> Regolazione dei sistemi in base alle vostre esigenze e alla vostra routine.<\/li>\n<\/ul>\n<p>Con un progetto ben strutturato, la vostra casa diventa pi\u00f9 pratica, sicura e moderna.<\/p>\n<h2>Come funziona l'installazione di un sistema domotico?<\/h2>\n<p>L'installazione di un <strong>automazione domestica<\/strong> devono essere eseguiti da professionisti per garantire efficienza e sicurezza. Il processo comprende:<\/p>\n<ul>\n<li>Analizzare l'ambiente e definire le soluzioni ideali per ogni esigenza.<\/li>\n<li>Scelta dei dispositivi e integrazione con la rete elettrica e il Wi-Fi.<\/li>\n<li>Installazione di sensori, pannelli di controllo e dispositivi intelligenti.<\/li>\n<li>Configurazione di applicazioni mobili e assistenti vocali.<\/li>\n<li>Test di funzionamento e impostazioni personalizzate.<\/li>\n<\/ul>\n<p>Con un servizio professionale, la vostra automazione sar\u00e0 installata correttamente e funzioner\u00e0 in modo perfetto ed efficiente.<\/p>\n<h2>Quanto costa la domotica?<\/h2>\n<p>Il costo di un <strong>automazione domestica<\/strong> dipende da diversi fattori, quali<\/p>\n<ul>\n<li>Numero di dispositivi da automatizzare.<\/li>\n<li>Tipo di tecnologia utilizzata (Wi-Fi, Zigbee, Bluetooth, ecc.).<\/li>\n<li>Integrazione con gli assistenti virtuali (Alexa, Google Home, Siri).<\/li>\n<li>Complessit\u00e0 dell'installazione e necessit\u00e0 di regolazioni elettriche.<\/li>\n<li>Personalizzazione del sistema in base alle abitudini del cliente.<\/li>\n<\/ul>\n<p>Per un preventivo equo e un progetto adatto alle vostre esigenze, vi consigliamo una valutazione professionale.<\/p>\n<h2>Quanto tempo occorre per installare un sistema domotico?<\/h2>\n<p>I tempi di installazione variano a seconda delle dimensioni del progetto. I sistemi semplici possono essere impostati in poche ore, mentre i progetti pi\u00f9 completi possono richiedere diversi giorni per l'implementazione e la regolazione completa.<\/p>\n<h2>La domotica \u00e8 sicura?<\/h2>\n<p>Se installata correttamente, la domotica \u00e8 estremamente sicura. I dispositivi utilizzano la crittografia e protocolli di sicurezza avanzati per proteggere i dati e impedire l'accesso non autorizzato. Inoltre, \u00e8 possibile impostare password, autenticazione a due fattori e monitoraggio remoto per una maggiore protezione.<\/p>\n<h2>Volete trasformare la vostra casa con la domotica? Parlatene con noi!<\/h2>\n<p>Se desiderate ammodernare la vostra casa con una <strong>progetto di domotica<\/strong>contattateci. Creiamo soluzioni personalizzate per rendere la vostra casa pi\u00f9 intelligente, confortevole e sicura.<\/p>","protected":false},"excerpt":{"rendered":"<p>Automa\u00e7\u00e3o Residencial &#8211; Conforto, Seguran\u00e7a e Tecnologia J\u00e1 imaginou controlar a ilumina\u00e7\u00e3o, climatiza\u00e7\u00e3o, seguran\u00e7a e eletrodom\u00e9sticos da sua casa com um simples toque no celular ou comando de voz? Com um sistema de automa\u00e7\u00e3o residencial, isso \u00e9 poss\u00edvel. A tecnologia permite transformar qualquer im\u00f3vel em uma casa inteligente, proporcionando mais conforto, praticidade e efici\u00eancia energ\u00e9tica. [&hellip;]<\/p>\n","protected":false},"author":1,"featured_media":0,"parent":0,"menu_order":0,"comment_status":"closed","ping_status":"closed","template":"","meta":{"iawp_total_views":13,"footnotes":""},"class_list":["post-3030","page","type-page","status-publish","hentry"],"yoast_head":"<!-- This site is optimized with the Yoast SEO plugin v27.5 - https:\/\/yoast.com\/product\/yoast-seo-wordpress\/ -->\n<title>Automa\u00e7\u00e3o Residencial \u2013 Conforto, Seguran\u00e7a e Tecnologia<\/title>\n<meta name=\"description\" content=\"Precisa de automa\u00e7\u00e3o residencial? Transforme sua casa com tecnologia para mais conforto, seguran\u00e7a e economia de energia. Pe\u00e7a um or\u00e7amento agora!\" \/>\n<meta name=\"robots\" content=\"index, follow, max-snippet:-1, max-image-preview:large, max-video-preview:-1\" \/>\n<link rel=\"canonical\" href=\"https:\/\/eletricistadelisboa.pt\/it\/automazione-domestica\/\" \/>\n<meta property=\"og:locale\" content=\"it_IT\" \/>\n<meta property=\"og:type\" content=\"article\" \/>\n<meta property=\"og:title\" content=\"Automa\u00e7\u00e3o Residencial \u2013 Conforto, Seguran\u00e7a e Tecnologia\" \/>\n<meta property=\"og:description\" content=\"Precisa de automa\u00e7\u00e3o residencial? Transforme sua casa com tecnologia para mais conforto, seguran\u00e7a e economia de energia. Pe\u00e7a um or\u00e7amento agora!\" \/>\n<meta property=\"og:url\" content=\"https:\/\/eletricistadelisboa.pt\/it\/automazione-domestica\/\" \/>\n<meta property=\"og:site_name\" content=\"Eletricista de Lisboa\" \/>\n<meta name=\"twitter:card\" content=\"summary_large_image\" \/>\n<script type=\"application\/ld+json\" class=\"yoast-schema-graph\">{\"@context\":\"https:\\\/\\\/schema.org\",\"@graph\":[{\"@type\":\"WebPage\",\"@id\":\"https:\\\/\\\/eletricistadelisboa.pt\\\/automacao-residencial\\\/\",\"url\":\"https:\\\/\\\/eletricistadelisboa.pt\\\/automacao-residencial\\\/\",\"name\":\"Automa\u00e7\u00e3o Residencial \u2013 Conforto, Seguran\u00e7a e Tecnologia\",\"isPartOf\":{\"@id\":\"https:\\\/\\\/eletricistadelisboa.pt\\\/#website\"},\"datePublished\":\"2025-01-31T09:20:06+00:00\",\"description\":\"Precisa de automa\u00e7\u00e3o residencial? Transforme sua casa com tecnologia para mais conforto, seguran\u00e7a e economia de energia. Pe\u00e7a um or\u00e7amento agora!\",\"breadcrumb\":{\"@id\":\"https:\\\/\\\/eletricistadelisboa.pt\\\/automacao-residencial\\\/#breadcrumb\"},\"inLanguage\":\"it-IT\",\"potentialAction\":[{\"@type\":\"ReadAction\",\"target\":[\"https:\\\/\\\/eletricistadelisboa.pt\\\/automacao-residencial\\\/\"]}]},{\"@type\":\"BreadcrumbList\",\"@id\":\"https:\\\/\\\/eletricistadelisboa.pt\\\/automacao-residencial\\\/#breadcrumb\",\"itemListElement\":[{\"@type\":\"ListItem\",\"position\":1,\"name\":\"In\u00edcio\",\"item\":\"https:\\\/\\\/eletricistadelisboa.pt\\\/\"},{\"@type\":\"ListItem\",\"position\":2,\"name\":\"Automa\u00e7\u00e3o Residencial \u2013 Conforto, Seguran\u00e7a e Tecnologia\"}]},{\"@type\":\"WebSite\",\"@id\":\"https:\\\/\\\/eletricistadelisboa.pt\\\/#website\",\"url\":\"https:\\\/\\\/eletricistadelisboa.pt\\\/\",\"name\":\"Eletricista de Lisboa\",\"description\":\"Servi\u00e7os el\u00e9tricos r\u00e1pidos e de alta qualidade em Lisboa, dispon\u00edveis 24 horas por dia.\",\"potentialAction\":[{\"@type\":\"SearchAction\",\"target\":{\"@type\":\"EntryPoint\",\"urlTemplate\":\"https:\\\/\\\/eletricistadelisboa.pt\\\/?s={search_term_string}\"},\"query-input\":{\"@type\":\"PropertyValueSpecification\",\"valueRequired\":true,\"valueName\":\"search_term_string\"}}],\"inLanguage\":\"it-IT\"}]}<\/script>\n<!-- \/ Yoast SEO plugin. -->","yoast_head_json":{"title":"Domotica - Comfort, sicurezza e tecnologia","description":"Avete bisogno di automazione domestica? Trasformate la vostra casa con la tecnologia per ottenere maggiore comfort, sicurezza e risparmio energetico. Richiedete subito un preventivo!","robots":{"index":"index","follow":"follow","max-snippet":"max-snippet:-1","max-image-preview":"max-image-preview:large","max-video-preview":"max-video-preview:-1"},"canonical":"https:\/\/eletricistadelisboa.pt\/it\/automazione-domestica\/","og_locale":"it_IT","og_type":"article","og_title":"Automa\u00e7\u00e3o Residencial \u2013 Conforto, Seguran\u00e7a e Tecnologia","og_description":"Precisa de automa\u00e7\u00e3o residencial? Transforme sua casa com tecnologia para mais conforto, seguran\u00e7a e economia de energia. Pe\u00e7a um or\u00e7amento agora!","og_url":"https:\/\/eletricistadelisboa.pt\/it\/automazione-domestica\/","og_site_name":"Eletricista de Lisboa","twitter_card":"summary_large_image","schema":{"@context":"https:\/\/schema.org","@graph":[{"@type":"WebPage","@id":"https:\/\/eletricistadelisboa.pt\/automacao-residencial\/","url":"https:\/\/eletricistadelisboa.pt\/automacao-residencial\/","name":"Domotica - Comfort, sicurezza e tecnologia","isPartOf":{"@id":"https:\/\/eletricistadelisboa.pt\/#website"},"datePublished":"2025-01-31T09:20:06+00:00","description":"Avete bisogno di automazione domestica? Trasformate la vostra casa con la tecnologia per ottenere maggiore comfort, sicurezza e risparmio energetico. Richiedete subito un preventivo!","breadcrumb":{"@id":"https:\/\/eletricistadelisboa.pt\/automacao-residencial\/#breadcrumb"},"inLanguage":"it-IT","potentialAction":[{"@type":"ReadAction","target":["https:\/\/eletricistadelisboa.pt\/automacao-residencial\/"]}]},{"@type":"BreadcrumbList","@id":"https:\/\/eletricistadelisboa.pt\/automacao-residencial\/#breadcrumb","itemListElement":[{"@type":"ListItem","position":1,"name":"In\u00edcio","item":"https:\/\/eletricistadelisboa.pt\/"},{"@type":"ListItem","position":2,"name":"Automa\u00e7\u00e3o Residencial \u2013 Conforto, Seguran\u00e7a e Tecnologia"}]},{"@type":"WebSite","@id":"https:\/\/eletricistadelisboa.pt\/#website","url":"https:\/\/eletricistadelisboa.pt\/","name":"Eletricista de Lisboa","description":"Servizi elettrici rapidi e di alta qualit\u00e0 a Lisbona, disponibili 24 ore al giorno.","potentialAction":[{"@type":"SearchAction","target":{"@type":"EntryPoint","urlTemplate":"https:\/\/eletricistadelisboa.pt\/?s={search_term_string}"},"query-input":{"@type":"PropertyValueSpecification","valueRequired":true,"valueName":"search_term_string"}}],"inLanguage":"it-IT"}]}},"_links":{"self":[{"href":"https:\/\/eletricistadelisboa.pt\/it\/wp-json\/wp\/v2\/pages\/3030","targetHints":{"allow":["GET"]}}],"collection":[{"href":"https:\/\/eletricistadelisboa.pt\/it\/wp-json\/wp\/v2\/pages"}],"about":[{"href":"https:\/\/eletricistadelisboa.pt\/it\/wp-json\/wp\/v2\/types\/page"}],"author":[{"embeddable":true,"href":"https:\/\/eletricistadelisboa.pt\/it\/wp-json\/wp\/v2\/users\/1"}],"replies":[{"embeddable":true,"href":"https:\/\/eletricistadelisboa.pt\/it\/wp-json\/wp\/v2\/comments?post=3030"}],"version-history":[{"count":1,"href":"https:\/\/eletricistadelisboa.pt\/it\/wp-json\/wp\/v2\/pages\/3030\/revisions"}],"predecessor-version":[{"id":3031,"href":"https:\/\/eletricistadelisboa.pt\/it\/wp-json\/wp\/v2\/pages\/3030\/revisions\/3031"}],"wp:attachment":[{"href":"https:\/\/eletricistadelisboa.pt\/it\/wp-json\/wp\/v2\/media?parent=3030"}],"curies":[{"name":"wp","href":"https:\/\/api.w.org\/{rel}","templated":true}]}}