{"id":2905,"date":"2025-01-29T09:54:27","date_gmt":"2025-01-29T09:54:27","guid":{"rendered":"https:\/\/eletricistadelisboa.pt\/?page_id=2905"},"modified":"2025-01-29T09:54:27","modified_gmt":"2025-01-29T09:54:27","slug":"installazione-del-campanello","status":"publish","type":"page","link":"https:\/\/eletricistadelisboa.pt\/it\/installazione-del-campanello\/","title":{"rendered":"Installazione del campanello - Servizio professionale e sicuro"},"content":{"rendered":"<p>\u00c8 necessario un <strong>installazione del campanello<\/strong>? Avere un sistema di chiamata efficiente \u00e8 essenziale per la sicurezza e la comodit\u00e0, sia a casa che in ufficio.<\/p>\n<h2>Quando \u00e8 necessario installare un campanello?<\/h2>\n<p>Se il vostro campanello ha smesso di funzionare, se volete installare un modello moderno con connessione video o cellulare, o se avete bisogno di un nuovo impianto elettrico per supportare il sistema, \u00e8 il momento di agire.<\/p>\n<p>Inoltre, i vecchi campanelli possono avere fili sfilacciati o contatti difettosi, con conseguenti frequenti guasti. Una sostituzione garantisce maggiore affidabilit\u00e0 e praticit\u00e0.<\/p>\n<h2>Come funziona l'installazione del campanello?<\/h2>\n<p>Per prima cosa, valutiamo il vostro impianto elettrico per assicurarci che il nuovo campanello sia collegato correttamente. Quindi installiamo i cavi, il pulsante di chiamata e il citofono, se necessario.<\/p>\n<p>Possiamo installare qualsiasi cosa, dai modelli pi\u00f9 semplici ai campanelli intelligenti con integrazione Wi-Fi, che consentono di rispondere ai visitatori anche a distanza.<\/p>\n<h2>Quali sono i vantaggi di un'installazione professionale?<\/h2>\n<p>A <strong>installazione del campanello<\/strong> un sistema ben fatto previene i guasti, garantisce un collegamento elettrico sicuro e migliora l'esperienza quotidiana.<\/p>\n<p>Inoltre, un moderno sistema di campanelli pu\u00f2 aumentare la sicurezza della vostra casa o della vostra azienda, dandovi un maggiore controllo su chi arriva nei locali.<\/p>\n<h2>Quanto costa l'installazione di un campanello?<\/h2>\n<p>Il costo dipende dal tipo di campanello e dalla complessit\u00e0 dell'installazione. Ma garantiamo un servizio efficiente e un preventivo trasparente.<\/p>\n<p>Contattate per un preventivo non vincolante.<\/p>\n<h2>Avete bisogno di installare un campanello? Contate su di noi!<\/h2>\n<p>Se avete bisogno di un <strong>installazione del campanello<\/strong>Se siete alla ricerca del miglior servizio, affidatevi a professionisti che garantiscano un servizio sicuro ed efficiente.<\/p>","protected":false},"excerpt":{"rendered":"<p>Precisa de uma instala\u00e7\u00e3o de campainha? Ter um sistema de chamada eficiente \u00e9 essencial para seguran\u00e7a e comodidade, seja em casa ou no escrit\u00f3rio. Quando \u00e9 necess\u00e1ria a instala\u00e7\u00e3o de uma campainha? Se a sua campainha deixou de funcionar, se deseja instalar um modelo moderno com v\u00eddeo ou liga\u00e7\u00e3o ao telem\u00f3vel, ou se precisa de [&hellip;]<\/p>\n","protected":false},"author":1,"featured_media":0,"parent":0,"menu_order":0,"comment_status":"closed","ping_status":"closed","template":"","meta":{"iawp_total_views":14,"footnotes":""},"class_list":["post-2905","page","type-page","status-publish","hentry"],"yoast_head":"<!-- This site is optimized with the Yoast SEO plugin v27.5 - https:\/\/yoast.com\/product\/yoast-seo-wordpress\/ -->\n<title>Instala\u00e7\u00e3o de Campainha - Servi\u00e7o Profissional e Seguro<\/title>\n<meta name=\"description\" content=\"Precisa de instala\u00e7\u00e3o de campainha? Garantimos um servi\u00e7o profissional, r\u00e1pido e seguro para um funcionamento perfeito do seu intercomunicador.\" \/>\n<meta name=\"robots\" content=\"index, follow, max-snippet:-1, max-image-preview:large, max-video-preview:-1\" \/>\n<link rel=\"canonical\" href=\"https:\/\/eletricistadelisboa.pt\/it\/installazione-del-campanello\/\" \/>\n<meta property=\"og:locale\" content=\"it_IT\" \/>\n<meta property=\"og:type\" content=\"article\" \/>\n<meta property=\"og:title\" content=\"Instala\u00e7\u00e3o de Campainha - Servi\u00e7o Profissional e Seguro\" \/>\n<meta property=\"og:description\" content=\"Precisa de instala\u00e7\u00e3o de campainha? Garantimos um servi\u00e7o profissional, r\u00e1pido e seguro para um funcionamento perfeito do seu intercomunicador.\" \/>\n<meta property=\"og:url\" content=\"https:\/\/eletricistadelisboa.pt\/it\/installazione-del-campanello\/\" \/>\n<meta property=\"og:site_name\" content=\"Eletricista de Lisboa\" \/>\n<meta name=\"twitter:card\" content=\"summary_large_image\" \/>\n<script type=\"application\/ld+json\" class=\"yoast-schema-graph\">{\"@context\":\"https:\\\/\\\/schema.org\",\"@graph\":[{\"@type\":\"WebPage\",\"@id\":\"https:\\\/\\\/eletricistadelisboa.pt\\\/instalacao-de-campainha\\\/\",\"url\":\"https:\\\/\\\/eletricistadelisboa.pt\\\/instalacao-de-campainha\\\/\",\"name\":\"Instala\u00e7\u00e3o de Campainha - Servi\u00e7o Profissional e Seguro\",\"isPartOf\":{\"@id\":\"https:\\\/\\\/eletricistadelisboa.pt\\\/#website\"},\"datePublished\":\"2025-01-29T09:54:27+00:00\",\"description\":\"Precisa de instala\u00e7\u00e3o de campainha? Garantimos um servi\u00e7o profissional, r\u00e1pido e seguro para um funcionamento perfeito do seu intercomunicador.\",\"breadcrumb\":{\"@id\":\"https:\\\/\\\/eletricistadelisboa.pt\\\/instalacao-de-campainha\\\/#breadcrumb\"},\"inLanguage\":\"it-IT\",\"potentialAction\":[{\"@type\":\"ReadAction\",\"target\":[\"https:\\\/\\\/eletricistadelisboa.pt\\\/instalacao-de-campainha\\\/\"]}]},{\"@type\":\"BreadcrumbList\",\"@id\":\"https:\\\/\\\/eletricistadelisboa.pt\\\/instalacao-de-campainha\\\/#breadcrumb\",\"itemListElement\":[{\"@type\":\"ListItem\",\"position\":1,\"name\":\"In\u00edcio\",\"item\":\"https:\\\/\\\/eletricistadelisboa.pt\\\/\"},{\"@type\":\"ListItem\",\"position\":2,\"name\":\"Instala\u00e7\u00e3o de Campainha &#8211; Servi\u00e7o Profissional e Seguro\"}]},{\"@type\":\"WebSite\",\"@id\":\"https:\\\/\\\/eletricistadelisboa.pt\\\/#website\",\"url\":\"https:\\\/\\\/eletricistadelisboa.pt\\\/\",\"name\":\"Eletricista de Lisboa\",\"description\":\"Servi\u00e7os el\u00e9tricos r\u00e1pidos e de alta qualidade em Lisboa, dispon\u00edveis 24 horas por dia.\",\"potentialAction\":[{\"@type\":\"SearchAction\",\"target\":{\"@type\":\"EntryPoint\",\"urlTemplate\":\"https:\\\/\\\/eletricistadelisboa.pt\\\/?s={search_term_string}\"},\"query-input\":{\"@type\":\"PropertyValueSpecification\",\"valueRequired\":true,\"valueName\":\"search_term_string\"}}],\"inLanguage\":\"it-IT\"}]}<\/script>\n<!-- \/ Yoast SEO plugin. -->","yoast_head_json":{"title":"Installazione del campanello - Servizio professionale e sicuro","description":"Avete bisogno di installare un campanello? Garantiamo un servizio professionale, veloce e sicuro per il perfetto funzionamento del vostro citofono.","robots":{"index":"index","follow":"follow","max-snippet":"max-snippet:-1","max-image-preview":"max-image-preview:large","max-video-preview":"max-video-preview:-1"},"canonical":"https:\/\/eletricistadelisboa.pt\/it\/installazione-del-campanello\/","og_locale":"it_IT","og_type":"article","og_title":"Instala\u00e7\u00e3o de Campainha - Servi\u00e7o Profissional e Seguro","og_description":"Precisa de instala\u00e7\u00e3o de campainha? Garantimos um servi\u00e7o profissional, r\u00e1pido e seguro para um funcionamento perfeito do seu intercomunicador.","og_url":"https:\/\/eletricistadelisboa.pt\/it\/installazione-del-campanello\/","og_site_name":"Eletricista de Lisboa","twitter_card":"summary_large_image","schema":{"@context":"https:\/\/schema.org","@graph":[{"@type":"WebPage","@id":"https:\/\/eletricistadelisboa.pt\/instalacao-de-campainha\/","url":"https:\/\/eletricistadelisboa.pt\/instalacao-de-campainha\/","name":"Installazione del campanello - Servizio professionale e sicuro","isPartOf":{"@id":"https:\/\/eletricistadelisboa.pt\/#website"},"datePublished":"2025-01-29T09:54:27+00:00","description":"Avete bisogno di installare un campanello? Garantiamo un servizio professionale, veloce e sicuro per il perfetto funzionamento del vostro citofono.","breadcrumb":{"@id":"https:\/\/eletricistadelisboa.pt\/instalacao-de-campainha\/#breadcrumb"},"inLanguage":"it-IT","potentialAction":[{"@type":"ReadAction","target":["https:\/\/eletricistadelisboa.pt\/instalacao-de-campainha\/"]}]},{"@type":"BreadcrumbList","@id":"https:\/\/eletricistadelisboa.pt\/instalacao-de-campainha\/#breadcrumb","itemListElement":[{"@type":"ListItem","position":1,"name":"In\u00edcio","item":"https:\/\/eletricistadelisboa.pt\/"},{"@type":"ListItem","position":2,"name":"Instala\u00e7\u00e3o de Campainha &#8211; Servi\u00e7o Profissional e Seguro"}]},{"@type":"WebSite","@id":"https:\/\/eletricistadelisboa.pt\/#website","url":"https:\/\/eletricistadelisboa.pt\/","name":"Eletricista de Lisboa","description":"Servizi elettrici rapidi e di alta qualit\u00e0 a Lisbona, disponibili 24 ore al giorno.","potentialAction":[{"@type":"SearchAction","target":{"@type":"EntryPoint","urlTemplate":"https:\/\/eletricistadelisboa.pt\/?s={search_term_string}"},"query-input":{"@type":"PropertyValueSpecification","valueRequired":true,"valueName":"search_term_string"}}],"inLanguage":"it-IT"}]}},"_links":{"self":[{"href":"https:\/\/eletricistadelisboa.pt\/it\/wp-json\/wp\/v2\/pages\/2905","targetHints":{"allow":["GET"]}}],"collection":[{"href":"https:\/\/eletricistadelisboa.pt\/it\/wp-json\/wp\/v2\/pages"}],"about":[{"href":"https:\/\/eletricistadelisboa.pt\/it\/wp-json\/wp\/v2\/types\/page"}],"author":[{"embeddable":true,"href":"https:\/\/eletricistadelisboa.pt\/it\/wp-json\/wp\/v2\/users\/1"}],"replies":[{"embeddable":true,"href":"https:\/\/eletricistadelisboa.pt\/it\/wp-json\/wp\/v2\/comments?post=2905"}],"version-history":[{"count":1,"href":"https:\/\/eletricistadelisboa.pt\/it\/wp-json\/wp\/v2\/pages\/2905\/revisions"}],"predecessor-version":[{"id":2906,"href":"https:\/\/eletricistadelisboa.pt\/it\/wp-json\/wp\/v2\/pages\/2905\/revisions\/2906"}],"wp:attachment":[{"href":"https:\/\/eletricistadelisboa.pt\/it\/wp-json\/wp\/v2\/media?parent=2905"}],"curies":[{"name":"wp","href":"https:\/\/api.w.org\/{rel}","templated":true}]}}