{"id":2892,"date":"2025-01-29T09:40:19","date_gmt":"2025-01-29T09:40:19","guid":{"rendered":"https:\/\/eletricistadelisboa.pt\/?page_id=2892"},"modified":"2025-01-29T09:40:19","modified_gmt":"2025-01-29T09:40:19","slug":"installazione-della-presa","status":"publish","type":"page","link":"https:\/\/eletricistadelisboa.pt\/it\/installazione-della-presa\/","title":{"rendered":"Installazione di prese - Servizio sicuro e professionale"},"content":{"rendered":"<p>\u00c8 necessario un <strong>Installazione della presa<\/strong>? Prese di corrente insufficienti o mal posizionate possono essere un grosso fastidio e persino un rischio per la sicurezza elettrica della casa o dell'azienda.<\/p>\n<h2>Quando \u00e8 necessaria l'installazione di una presa?<\/h2>\n<p>Se si utilizzano troppe spine e prese, \u00e8 segno che servono pi\u00f9 prese di corrente. I vecchi impianti elettrici non erano generalmente progettati per il numero di apparecchi moderni che utilizziamo oggi.<\/p>\n<p>Inoltre, se si notano scintille, surriscaldamento o prese allentate, \u00e8 il momento di fare un upgrade per garantire maggiore sicurezza e praticit\u00e0 nella vita quotidiana.<\/p>\n<h2>Come funziona l'installazione della presa?<\/h2>\n<p>Prima dell'installazione, valutiamo la rete elettrica per garantire che la nuova presa sia collegata in modo sicuro. Successivamente, posiamo il cablaggio necessario e fissiamo la presa nella posizione desiderata.<\/p>\n<p>Assicuriamo inoltre che tutti i collegamenti siano conformi agli standard tecnici, evitando sovraccarichi e garantendo un funzionamento efficiente.<\/p>\n<h2>Quali sono i vantaggi dell'installazione di nuove prese?<\/h2>\n<p>A <strong>Installazione della presa<\/strong> un sistema ben progettato previene i sovraccarichi, riduce il rischio di cortocircuiti e migliora l'organizzazione dei fili, eliminando le prolunghe e gli adattatori in eccesso.<\/p>\n<p>Inoltre, facilita l'utilizzo delle apparecchiature elettriche senza dover ricorrere a soluzioni improvvisate.<\/p>\n<h2>Quanto costa l'installazione di una presa?<\/h2>\n<p>Il prezzo varia a seconda della complessit\u00e0 del servizio e della necessit\u00e0 di adeguamento dell'impianto elettrico esistente. Ma garantiamo un preventivo trasparente ed equo.<\/p>\n<p>Contattate per un preventivo non vincolante.<\/p>\n<h2>Dovete installare delle prese? Rivolgetevi a noi!<\/h2>\n<p>Se avete bisogno di un <strong>Installazione della presa<\/strong>non rimandare. Garantite sicurezza, praticit\u00e0 ed efficienza con un servizio professionale.<\/p>","protected":false},"excerpt":{"rendered":"<p>Precisa de uma instala\u00e7\u00e3o de tomada? Tomadas insuficientes ou mal posicionadas podem ser um grande inc\u00f4modo e at\u00e9 um risco para a seguran\u00e7a el\u00e9trica da sua casa ou empresa. Quando \u00e9 necess\u00e1ria uma instala\u00e7\u00e3o de tomada? Se usa extens\u00f5es e adaptadores em excesso, \u00e9 um sinal de que precisa de mais pontos de energia. Sistemas [&hellip;]<\/p>\n","protected":false},"author":1,"featured_media":0,"parent":0,"menu_order":0,"comment_status":"closed","ping_status":"closed","template":"","meta":{"iawp_total_views":36,"footnotes":""},"class_list":["post-2892","page","type-page","status-publish","hentry"],"yoast_head":"<!-- This site is optimized with the Yoast SEO plugin v27.5 - https:\/\/yoast.com\/product\/yoast-seo-wordpress\/ -->\n<title>Instala\u00e7\u00e3o de Tomada - Servi\u00e7o Seguro e Profissional<\/title>\n<meta name=\"description\" content=\"Precisa de instala\u00e7\u00e3o de tomada? Garantimos um servi\u00e7o r\u00e1pido, seguro e profissional para refor\u00e7ar a rede el\u00e9trica da sua casa ou empresa.\" \/>\n<meta name=\"robots\" content=\"index, follow, max-snippet:-1, max-image-preview:large, max-video-preview:-1\" \/>\n<link rel=\"canonical\" href=\"https:\/\/eletricistadelisboa.pt\/it\/installazione-della-presa\/\" \/>\n<meta property=\"og:locale\" content=\"it_IT\" \/>\n<meta property=\"og:type\" content=\"article\" \/>\n<meta property=\"og:title\" content=\"Instala\u00e7\u00e3o de Tomada - Servi\u00e7o Seguro e Profissional\" \/>\n<meta property=\"og:description\" content=\"Precisa de instala\u00e7\u00e3o de tomada? Garantimos um servi\u00e7o r\u00e1pido, seguro e profissional para refor\u00e7ar a rede el\u00e9trica da sua casa ou empresa.\" \/>\n<meta property=\"og:url\" content=\"https:\/\/eletricistadelisboa.pt\/it\/installazione-della-presa\/\" \/>\n<meta property=\"og:site_name\" content=\"Eletricista de Lisboa\" \/>\n<meta name=\"twitter:card\" content=\"summary_large_image\" \/>\n<script type=\"application\/ld+json\" class=\"yoast-schema-graph\">{\"@context\":\"https:\\\/\\\/schema.org\",\"@graph\":[{\"@type\":\"WebPage\",\"@id\":\"https:\\\/\\\/eletricistadelisboa.pt\\\/instalacao-de-tomada\\\/\",\"url\":\"https:\\\/\\\/eletricistadelisboa.pt\\\/instalacao-de-tomada\\\/\",\"name\":\"Instala\u00e7\u00e3o de Tomada - Servi\u00e7o Seguro e Profissional\",\"isPartOf\":{\"@id\":\"https:\\\/\\\/eletricistadelisboa.pt\\\/#website\"},\"datePublished\":\"2025-01-29T09:40:19+00:00\",\"description\":\"Precisa de instala\u00e7\u00e3o de tomada? Garantimos um servi\u00e7o r\u00e1pido, seguro e profissional para refor\u00e7ar a rede el\u00e9trica da sua casa ou empresa.\",\"breadcrumb\":{\"@id\":\"https:\\\/\\\/eletricistadelisboa.pt\\\/instalacao-de-tomada\\\/#breadcrumb\"},\"inLanguage\":\"it-IT\",\"potentialAction\":[{\"@type\":\"ReadAction\",\"target\":[\"https:\\\/\\\/eletricistadelisboa.pt\\\/instalacao-de-tomada\\\/\"]}]},{\"@type\":\"BreadcrumbList\",\"@id\":\"https:\\\/\\\/eletricistadelisboa.pt\\\/instalacao-de-tomada\\\/#breadcrumb\",\"itemListElement\":[{\"@type\":\"ListItem\",\"position\":1,\"name\":\"In\u00edcio\",\"item\":\"https:\\\/\\\/eletricistadelisboa.pt\\\/\"},{\"@type\":\"ListItem\",\"position\":2,\"name\":\"Instala\u00e7\u00e3o de Tomada &#8211; Servi\u00e7o Seguro e Profissional\"}]},{\"@type\":\"WebSite\",\"@id\":\"https:\\\/\\\/eletricistadelisboa.pt\\\/#website\",\"url\":\"https:\\\/\\\/eletricistadelisboa.pt\\\/\",\"name\":\"Eletricista de Lisboa\",\"description\":\"Servi\u00e7os el\u00e9tricos r\u00e1pidos e de alta qualidade em Lisboa, dispon\u00edveis 24 horas por dia.\",\"potentialAction\":[{\"@type\":\"SearchAction\",\"target\":{\"@type\":\"EntryPoint\",\"urlTemplate\":\"https:\\\/\\\/eletricistadelisboa.pt\\\/?s={search_term_string}\"},\"query-input\":{\"@type\":\"PropertyValueSpecification\",\"valueRequired\":true,\"valueName\":\"search_term_string\"}}],\"inLanguage\":\"it-IT\"}]}<\/script>\n<!-- \/ Yoast SEO plugin. -->","yoast_head_json":{"title":"Installazione di prese - Servizio sicuro e professionale","description":"Avete bisogno di installare una presa di corrente? Garantiamo un servizio rapido, sicuro e professionale per rinforzare la rete elettrica della vostra casa o della vostra azienda.","robots":{"index":"index","follow":"follow","max-snippet":"max-snippet:-1","max-image-preview":"max-image-preview:large","max-video-preview":"max-video-preview:-1"},"canonical":"https:\/\/eletricistadelisboa.pt\/it\/installazione-della-presa\/","og_locale":"it_IT","og_type":"article","og_title":"Instala\u00e7\u00e3o de Tomada - Servi\u00e7o Seguro e Profissional","og_description":"Precisa de instala\u00e7\u00e3o de tomada? Garantimos um servi\u00e7o r\u00e1pido, seguro e profissional para refor\u00e7ar a rede el\u00e9trica da sua casa ou empresa.","og_url":"https:\/\/eletricistadelisboa.pt\/it\/installazione-della-presa\/","og_site_name":"Eletricista de Lisboa","twitter_card":"summary_large_image","schema":{"@context":"https:\/\/schema.org","@graph":[{"@type":"WebPage","@id":"https:\/\/eletricistadelisboa.pt\/instalacao-de-tomada\/","url":"https:\/\/eletricistadelisboa.pt\/instalacao-de-tomada\/","name":"Installazione di prese - Servizio sicuro e professionale","isPartOf":{"@id":"https:\/\/eletricistadelisboa.pt\/#website"},"datePublished":"2025-01-29T09:40:19+00:00","description":"Avete bisogno di installare una presa di corrente? Garantiamo un servizio rapido, sicuro e professionale per rinforzare la rete elettrica della vostra casa o della vostra azienda.","breadcrumb":{"@id":"https:\/\/eletricistadelisboa.pt\/instalacao-de-tomada\/#breadcrumb"},"inLanguage":"it-IT","potentialAction":[{"@type":"ReadAction","target":["https:\/\/eletricistadelisboa.pt\/instalacao-de-tomada\/"]}]},{"@type":"BreadcrumbList","@id":"https:\/\/eletricistadelisboa.pt\/instalacao-de-tomada\/#breadcrumb","itemListElement":[{"@type":"ListItem","position":1,"name":"In\u00edcio","item":"https:\/\/eletricistadelisboa.pt\/"},{"@type":"ListItem","position":2,"name":"Instala\u00e7\u00e3o de Tomada &#8211; Servi\u00e7o Seguro e Profissional"}]},{"@type":"WebSite","@id":"https:\/\/eletricistadelisboa.pt\/#website","url":"https:\/\/eletricistadelisboa.pt\/","name":"Eletricista de Lisboa","description":"Servizi elettrici rapidi e di alta qualit\u00e0 a Lisbona, disponibili 24 ore al giorno.","potentialAction":[{"@type":"SearchAction","target":{"@type":"EntryPoint","urlTemplate":"https:\/\/eletricistadelisboa.pt\/?s={search_term_string}"},"query-input":{"@type":"PropertyValueSpecification","valueRequired":true,"valueName":"search_term_string"}}],"inLanguage":"it-IT"}]}},"_links":{"self":[{"href":"https:\/\/eletricistadelisboa.pt\/it\/wp-json\/wp\/v2\/pages\/2892","targetHints":{"allow":["GET"]}}],"collection":[{"href":"https:\/\/eletricistadelisboa.pt\/it\/wp-json\/wp\/v2\/pages"}],"about":[{"href":"https:\/\/eletricistadelisboa.pt\/it\/wp-json\/wp\/v2\/types\/page"}],"author":[{"embeddable":true,"href":"https:\/\/eletricistadelisboa.pt\/it\/wp-json\/wp\/v2\/users\/1"}],"replies":[{"embeddable":true,"href":"https:\/\/eletricistadelisboa.pt\/it\/wp-json\/wp\/v2\/comments?post=2892"}],"version-history":[{"count":1,"href":"https:\/\/eletricistadelisboa.pt\/it\/wp-json\/wp\/v2\/pages\/2892\/revisions"}],"predecessor-version":[{"id":2893,"href":"https:\/\/eletricistadelisboa.pt\/it\/wp-json\/wp\/v2\/pages\/2892\/revisions\/2893"}],"wp:attachment":[{"href":"https:\/\/eletricistadelisboa.pt\/it\/wp-json\/wp\/v2\/media?parent=2892"}],"curies":[{"name":"wp","href":"https:\/\/api.w.org\/{rel}","templated":true}]}}