{"id":2889,"date":"2025-01-29T09:36:32","date_gmt":"2025-01-29T09:36:32","guid":{"rendered":"https:\/\/eletricistadelisboa.pt\/?page_id=2889"},"modified":"2025-01-29T09:36:32","modified_gmt":"2025-01-29T09:36:32","slug":"ristrutturazione-elettrica","status":"publish","type":"page","link":"https:\/\/eletricistadelisboa.pt\/it\/ristrutturazione-elettrica\/","title":{"rendered":"Ristrutturazione elettrica - Aggiornare l'impianto in modo sicuro"},"content":{"rendered":"<p>\u00c8 necessario un <strong>ristrutturazione elettrica<\/strong>? I vecchi impianti possono essere pericolosi e inefficienti. L'aggiornamento dell'impianto \u00e8 essenziale per evitare rischi e garantire un consumo energetico ottimale.<\/p>\n<h2>Quando \u00e8 necessario un intervento di ristrutturazione elettrica?<\/h2>\n<p>Se il vostro impianto elettrico ha pi\u00f9 di 20 anni, potrebbe essere obsoleto. Fili sfilacciati, prese bruciate, frequenti interruzioni di corrente o interruttori che scattano da soli sono tutti chiari segni che qualcosa non va.<\/p>\n<p>Inoltre, se sono stati aggiunti nuovi elettrodomestici o \u00e8 stata ampliata la propriet\u00e0, la capacit\u00e0 elettrica deve essere adattata per supportare in modo sicuro la nuova domanda.<\/p>\n<h2>Come funziona la ristrutturazione elettrica?<\/h2>\n<p>La prima fase consiste nel valutare l'impianto attuale. Quindi definiamo un piano di ammodernamento, sostituendo i vecchi cavi, rinforzando il quadro elettrico e installando componenti pi\u00f9 sicuri ed efficienti.<\/p>\n<p>Lavoriamo in modo rapido e organizzato, garantendo un'interruzione minima della vostra vita quotidiana. Alla fine, testiamo tutto per garantire il perfetto funzionamento.<\/p>\n<h2>Quali sono i vantaggi dell'aggiornamento dell'impianto elettrico?<\/h2>\n<p>A <strong>ristrutturazione elettrica<\/strong> previene cortocircuiti e incendi, migliora l'efficienza energetica e aggiunge valore alla propriet\u00e0. Inoltre, consente di collegare pi\u00f9 apparecchi senza il rischio di sovraccarichi.<\/p>\n<p>\u00c8 un investimento per la sicurezza e il comfort della vostra casa o della vostra azienda.<\/p>\n<h2>Quanto costa una ristrutturazione elettrica?<\/h2>\n<p>Il prezzo varia a seconda delle dimensioni dell'immobile, della complessit\u00e0 dell'installazione e dei materiali utilizzati. Ma vi garantiamo un preventivo trasparente e adatto alle vostre esigenze.<\/p>\n<p>Contattate per un preventivo non vincolante.<\/p>\n<h2>Ordinate subito la vostra ristrutturazione elettrica!<\/h2>\n<p>Se avete bisogno di un <strong>ristrutturazione elettrica<\/strong> a Lisbona, non rimandate. Aggiornate il vostro impianto e garantitevi maggiore sicurezza, efficienza e tranquillit\u00e0.<\/p>","protected":false},"excerpt":{"rendered":"<p>Est\u00e1 a precisar de uma remodela\u00e7\u00e3o el\u00e9trica? Sistemas antigos podem ser perigosos e ineficientes. Atualizar a instala\u00e7\u00e3o \u00e9 essencial para evitar riscos e garantir um consumo energ\u00e9tico otimizado. Quando \u00e9 necess\u00e1ria uma remodela\u00e7\u00e3o el\u00e9trica? Se a sua instala\u00e7\u00e3o el\u00e9trica tem mais de 20 anos, pode estar desatualizada. Fios desgastados, tomadas queimadas, quedas de energia frequentes [&hellip;]<\/p>\n","protected":false},"author":1,"featured_media":0,"parent":0,"menu_order":0,"comment_status":"closed","ping_status":"closed","template":"","meta":{"iawp_total_views":22,"footnotes":""},"class_list":["post-2889","page","type-page","status-publish","hentry"],"yoast_head":"<!-- This site is optimized with the Yoast SEO plugin v27.5 - https:\/\/yoast.com\/product\/yoast-seo-wordpress\/ -->\n<title>Remodela\u00e7\u00e3o El\u00e9trica - Atualize sua Instala\u00e7\u00e3o com Seguran\u00e7a<\/title>\n<meta name=\"description\" content=\"Precisa de uma remodela\u00e7\u00e3o el\u00e9trica em Lisboa? Atualizamos instala\u00e7\u00f5es antigas para maior seguran\u00e7a e efici\u00eancia. Pe\u00e7a um or\u00e7amento agora!\" \/>\n<meta name=\"robots\" content=\"index, follow, max-snippet:-1, max-image-preview:large, max-video-preview:-1\" \/>\n<link rel=\"canonical\" href=\"https:\/\/eletricistadelisboa.pt\/it\/ristrutturazione-elettrica\/\" \/>\n<meta property=\"og:locale\" content=\"it_IT\" \/>\n<meta property=\"og:type\" content=\"article\" \/>\n<meta property=\"og:title\" content=\"Remodela\u00e7\u00e3o El\u00e9trica - Atualize sua Instala\u00e7\u00e3o com Seguran\u00e7a\" \/>\n<meta property=\"og:description\" content=\"Precisa de uma remodela\u00e7\u00e3o el\u00e9trica em Lisboa? Atualizamos instala\u00e7\u00f5es antigas para maior seguran\u00e7a e efici\u00eancia. Pe\u00e7a um or\u00e7amento agora!\" \/>\n<meta property=\"og:url\" content=\"https:\/\/eletricistadelisboa.pt\/it\/ristrutturazione-elettrica\/\" \/>\n<meta property=\"og:site_name\" content=\"Eletricista de Lisboa\" \/>\n<meta name=\"twitter:card\" content=\"summary_large_image\" \/>\n<script type=\"application\/ld+json\" class=\"yoast-schema-graph\">{\"@context\":\"https:\\\/\\\/schema.org\",\"@graph\":[{\"@type\":\"WebPage\",\"@id\":\"https:\\\/\\\/eletricistadelisboa.pt\\\/remodelacao-eletrica\\\/\",\"url\":\"https:\\\/\\\/eletricistadelisboa.pt\\\/remodelacao-eletrica\\\/\",\"name\":\"Remodela\u00e7\u00e3o El\u00e9trica - Atualize sua Instala\u00e7\u00e3o com Seguran\u00e7a\",\"isPartOf\":{\"@id\":\"https:\\\/\\\/eletricistadelisboa.pt\\\/#website\"},\"datePublished\":\"2025-01-29T09:36:32+00:00\",\"description\":\"Precisa de uma remodela\u00e7\u00e3o el\u00e9trica em Lisboa? Atualizamos instala\u00e7\u00f5es antigas para maior seguran\u00e7a e efici\u00eancia. Pe\u00e7a um or\u00e7amento agora!\",\"breadcrumb\":{\"@id\":\"https:\\\/\\\/eletricistadelisboa.pt\\\/remodelacao-eletrica\\\/#breadcrumb\"},\"inLanguage\":\"it-IT\",\"potentialAction\":[{\"@type\":\"ReadAction\",\"target\":[\"https:\\\/\\\/eletricistadelisboa.pt\\\/remodelacao-eletrica\\\/\"]}]},{\"@type\":\"BreadcrumbList\",\"@id\":\"https:\\\/\\\/eletricistadelisboa.pt\\\/remodelacao-eletrica\\\/#breadcrumb\",\"itemListElement\":[{\"@type\":\"ListItem\",\"position\":1,\"name\":\"In\u00edcio\",\"item\":\"https:\\\/\\\/eletricistadelisboa.pt\\\/\"},{\"@type\":\"ListItem\",\"position\":2,\"name\":\"Remodela\u00e7\u00e3o El\u00e9trica &#8211; Atualize sua Instala\u00e7\u00e3o com Seguran\u00e7a\"}]},{\"@type\":\"WebSite\",\"@id\":\"https:\\\/\\\/eletricistadelisboa.pt\\\/#website\",\"url\":\"https:\\\/\\\/eletricistadelisboa.pt\\\/\",\"name\":\"Eletricista de Lisboa\",\"description\":\"Servi\u00e7os el\u00e9tricos r\u00e1pidos e de alta qualidade em Lisboa, dispon\u00edveis 24 horas por dia.\",\"potentialAction\":[{\"@type\":\"SearchAction\",\"target\":{\"@type\":\"EntryPoint\",\"urlTemplate\":\"https:\\\/\\\/eletricistadelisboa.pt\\\/?s={search_term_string}\"},\"query-input\":{\"@type\":\"PropertyValueSpecification\",\"valueRequired\":true,\"valueName\":\"search_term_string\"}}],\"inLanguage\":\"it-IT\"}]}<\/script>\n<!-- \/ Yoast SEO plugin. -->","yoast_head_json":{"title":"Ristrutturazione elettrica - Aggiornare l'impianto in modo sicuro","description":"Avete bisogno di una ristrutturazione elettrica a Lisbona? Aggiorniamo i vecchi impianti per una maggiore sicurezza ed efficienza. Richiedete subito un preventivo!","robots":{"index":"index","follow":"follow","max-snippet":"max-snippet:-1","max-image-preview":"max-image-preview:large","max-video-preview":"max-video-preview:-1"},"canonical":"https:\/\/eletricistadelisboa.pt\/it\/ristrutturazione-elettrica\/","og_locale":"it_IT","og_type":"article","og_title":"Remodela\u00e7\u00e3o El\u00e9trica - Atualize sua Instala\u00e7\u00e3o com Seguran\u00e7a","og_description":"Precisa de uma remodela\u00e7\u00e3o el\u00e9trica em Lisboa? Atualizamos instala\u00e7\u00f5es antigas para maior seguran\u00e7a e efici\u00eancia. Pe\u00e7a um or\u00e7amento agora!","og_url":"https:\/\/eletricistadelisboa.pt\/it\/ristrutturazione-elettrica\/","og_site_name":"Eletricista de Lisboa","twitter_card":"summary_large_image","schema":{"@context":"https:\/\/schema.org","@graph":[{"@type":"WebPage","@id":"https:\/\/eletricistadelisboa.pt\/remodelacao-eletrica\/","url":"https:\/\/eletricistadelisboa.pt\/remodelacao-eletrica\/","name":"Ristrutturazione elettrica - Aggiornare l'impianto in modo sicuro","isPartOf":{"@id":"https:\/\/eletricistadelisboa.pt\/#website"},"datePublished":"2025-01-29T09:36:32+00:00","description":"Avete bisogno di una ristrutturazione elettrica a Lisbona? Aggiorniamo i vecchi impianti per una maggiore sicurezza ed efficienza. Richiedete subito un preventivo!","breadcrumb":{"@id":"https:\/\/eletricistadelisboa.pt\/remodelacao-eletrica\/#breadcrumb"},"inLanguage":"it-IT","potentialAction":[{"@type":"ReadAction","target":["https:\/\/eletricistadelisboa.pt\/remodelacao-eletrica\/"]}]},{"@type":"BreadcrumbList","@id":"https:\/\/eletricistadelisboa.pt\/remodelacao-eletrica\/#breadcrumb","itemListElement":[{"@type":"ListItem","position":1,"name":"In\u00edcio","item":"https:\/\/eletricistadelisboa.pt\/"},{"@type":"ListItem","position":2,"name":"Remodela\u00e7\u00e3o El\u00e9trica &#8211; Atualize sua Instala\u00e7\u00e3o com Seguran\u00e7a"}]},{"@type":"WebSite","@id":"https:\/\/eletricistadelisboa.pt\/#website","url":"https:\/\/eletricistadelisboa.pt\/","name":"Eletricista de Lisboa","description":"Servizi elettrici rapidi e di alta qualit\u00e0 a Lisbona, disponibili 24 ore al giorno.","potentialAction":[{"@type":"SearchAction","target":{"@type":"EntryPoint","urlTemplate":"https:\/\/eletricistadelisboa.pt\/?s={search_term_string}"},"query-input":{"@type":"PropertyValueSpecification","valueRequired":true,"valueName":"search_term_string"}}],"inLanguage":"it-IT"}]}},"_links":{"self":[{"href":"https:\/\/eletricistadelisboa.pt\/it\/wp-json\/wp\/v2\/pages\/2889","targetHints":{"allow":["GET"]}}],"collection":[{"href":"https:\/\/eletricistadelisboa.pt\/it\/wp-json\/wp\/v2\/pages"}],"about":[{"href":"https:\/\/eletricistadelisboa.pt\/it\/wp-json\/wp\/v2\/types\/page"}],"author":[{"embeddable":true,"href":"https:\/\/eletricistadelisboa.pt\/it\/wp-json\/wp\/v2\/users\/1"}],"replies":[{"embeddable":true,"href":"https:\/\/eletricistadelisboa.pt\/it\/wp-json\/wp\/v2\/comments?post=2889"}],"version-history":[{"count":1,"href":"https:\/\/eletricistadelisboa.pt\/it\/wp-json\/wp\/v2\/pages\/2889\/revisions"}],"predecessor-version":[{"id":2890,"href":"https:\/\/eletricistadelisboa.pt\/it\/wp-json\/wp\/v2\/pages\/2889\/revisions\/2890"}],"wp:attachment":[{"href":"https:\/\/eletricistadelisboa.pt\/it\/wp-json\/wp\/v2\/media?parent=2889"}],"curies":[{"name":"wp","href":"https:\/\/api.w.org\/{rel}","templated":true}]}}