{"id":2883,"date":"2025-01-29T08:05:57","date_gmt":"2025-01-29T08:05:57","guid":{"rendered":"https:\/\/eletricistadelisboa.pt\/?page_id=2883"},"modified":"2025-11-06T10:02:30","modified_gmt":"2025-11-06T10:02:30","slug":"servizi","status":"publish","type":"page","link":"https:\/\/eletricistadelisboa.pt\/it\/servizi\/","title":{"rendered":"Servizi"},"content":{"rendered":"<p>Noi di Eletricista de Lisboa offriamo un'ampia gamma di servizi per soddisfare tutte le vostre esigenze elettriche. Di seguito trovate un elenco completo dei nostri servizi:<\/p>\n<h2>Installazione elettrica<\/h2>\n<p><a href=\"https:\/\/eletricistadelisboa.pt\/it\/installazione-elettrica\/\">Installazione elettrica<\/a><br \/>\n<a href=\"https:\/\/eletricistadelisboa.pt\/it\/nuovo-impianto-elettrico\/\">Nuova installazione elettrica<\/a><br \/>\n<a href=\"https:\/\/eletricistadelisboa.pt\/it\/ristrutturazione-elettrica\/\">Ristrutturazione elettrica<\/a><br \/>\n<a href=\"https:\/\/eletricistadelisboa.pt\/it\/installazione-della-presa\/\">Installazione della presa<\/a><br \/>\n<a href=\"https:\/\/eletricistadelisboa.pt\/it\/installazione-dellinterruttore\/\">Installazione dell'interruttore<\/a><br \/>\n<a href=\"https:\/\/eletricistadelisboa.pt\/it\/installazione-di-elettrodomestici\/\">Installazione di elettrodomestici<\/a><br \/>\n<a href=\"https:\/\/eletricistadelisboa.pt\/it\/installazione-del-sistema-di-riscaldamento\/\">Installazione del sistema di riscaldamento<\/a><br \/>\n<a href=\"https:\/\/eletricistadelisboa.pt\/it\/installazione-del-campanello\/\">Installazione del campanello<\/a><br \/>\n<a href=\"https:\/\/eletricistadelisboa.pt\/it\/installazione-elettrica-lisbona\/\">Installazione elettrica Lisbona<\/a><\/p>\n<h2>Pannello elettrico<\/h2>\n<p><a href=\"https:\/\/eletricistadelisboa.pt\/it\/installazione-del-quadro-elettrico\/\">Installazione del pannello elettrico<\/a><br \/>\n<a href=\"https:\/\/eletricistadelisboa.pt\/it\/aggiornamento-del-quadro-elettrico\/\">Aggiornamento del quadro elettrico<\/a><br \/>\n<a href=\"https:\/\/eletricistadelisboa.pt\/it\/manutenzione-del-centralino\/\">Manutenzione del quadro elettrico<\/a><br \/>\n<a href=\"https:\/\/eletricistadelisboa.pt\/it\/montaggio-del-quadro-elettrico\/\">Montaggio del pannello elettrico<\/a><br \/>\n<a href=\"https:\/\/eletricistadelisboa.pt\/it\/cambio-di-un-quadro-monofase-in-un-quadro-trifase\/\">Passaggio da quadro monofase a quadro trifase<\/a><br \/>\n<a href=\"https:\/\/eletricistadelisboa.pt\/it\/sostituzione-dellinterruttore-automatico\/\">Sostituzione dell'interruttore automatico<\/a><br \/>\n<a href=\"https:\/\/eletricistadelisboa.pt\/it\/sostituzione-del-fusibile\/\">Sostituzione del fusibile<\/a><br \/>\n<a href=\"https:\/\/eletricistadelisboa.pt\/it\/quadro-elettrico-lisbona\/\">Pannello elettrico Lisbona<\/a><\/p>\n<h2>Riparazioni elettriche<\/h2>\n<p><a href=\"https:\/\/eletricistadelisboa.pt\/it\/diagnosi-dei-guasti-elettrici\/\">Diagnosi dei guasti elettrici<\/a><br \/>\n<a href=\"https:\/\/eletricistadelisboa.pt\/it\/riparazione-del-centralino\/\">Riparazione del pannello elettrico<\/a><br \/>\n<a href=\"https:\/\/eletricistadelisboa.pt\/it\/riparazione-della-presa\/\">Riparazione della presa<\/a><br \/>\n<a href=\"https:\/\/eletricistadelisboa.pt\/it\/riparazione-dellinterruttore\/\">Riparazione dell'interruttore<\/a><br \/>\n<a href=\"https:\/\/eletricistadelisboa.pt\/it\/riparazioni-del-cablaggio-elettrico\/\">Riparazione del cablaggio elettrico<\/a><br \/>\n<a href=\"https:\/\/eletricistadelisboa.pt\/it\/riparazione-della-luce\/\">Riparazione degli apparecchi di illuminazione<\/a><br \/>\n<a href=\"https:\/\/eletricistadelisboa.pt\/it\/riparazioni-elettriche-lisbona\/\">Riparazione elettrica Lisbon<\/a><\/p>\n<h2>Illuminazione<\/h2>\n<p><a href=\"https:\/\/eletricistadelisboa.pt\/it\/progetti-di-illuminazione\/\">Progetti di illuminazione<\/a><br \/>\n<a href=\"https:\/\/eletricistadelisboa.pt\/it\/installazione-dellilluminazione\/\">Installazione dell'illuminazione a LED<\/a><br \/>\n<a href=\"https:\/\/eletricistadelisboa.pt\/it\/installazione-spot\/\">Installazione a spot<\/a><br \/>\n<a href=\"https:\/\/eletricistadelisboa.pt\/it\/installazione-della-lampada\/\">Installazione della lampada<\/a><br \/>\n<a href=\"https:\/\/eletricistadelisboa.pt\/it\/installazione-della-plafoniera\/\">Installazione della plafoniera<\/a><br \/>\n<a href=\"https:\/\/eletricistadelisboa.pt\/it\/illuminazione-decorativa\/\">Illuminazione decorativa<\/a><br \/>\n<a href=\"https:\/\/eletricistadelisboa.pt\/it\/illuminazione-del-giardino\/\">Illuminazione del giardino<\/a><br \/>\n<a href=\"https:\/\/eletricistadelisboa.pt\/it\/illuminazione-esterna\/\">Illuminazione per esterni<\/a><br \/>\n<a href=\"https:\/\/eletricistadelisboa.pt\/it\/illuminazione-lisbona\/\">Illuminazione Lisbona<\/a><\/p>\n<h2>Altri servizi<\/h2>\n<p><a href=\"https:\/\/eletricistadelisboa.pt\/it\/colonna-importo-elettricita\/\">Colonna Elettricit\u00e0<\/a><br \/>\n<a href=\"https:\/\/eletricistadelisboa.pt\/it\/ramo-elettrico\/\">Ramo elettrico<\/a><br \/>\n<a href=\"https:\/\/eletricistadelisboa.pt\/it\/automazione-domestica\/\">Automazione domestica<\/a><br \/>\n<a href=\"https:\/\/eletricistadelisboa.pt\/it\/cambio-di-potenza-contrattuale\/\">Variazione Potenza contrattuale<\/a><br \/>\n<a href=\"https:\/\/eletricistadelisboa.pt\/it\/aumento-della-potenza-elettrica\/\">Aumento della potenza elettrica<\/a><br \/>\n<a href=\"https:\/\/eletricistadelisboa.pt\/it\/installazione-di-una-presa-per-auto-elettrica\/\">Installazione di prese per auto elettriche<\/a><br \/>\n<a href=\"https:\/\/eletricistadelisboa.pt\/it\/installazione-del-caricabatterie-per-auto-elettriche\/\">Installazione di caricabatterie per auto elettriche<\/a><br \/>\n<a href=\"https:\/\/eletricistadelisboa.pt\/it\/messa-a-terra-elettrica\/\">Messa a terra<\/a><br \/>\n<a href=\"https:\/\/eletricistadelisboa.pt\/it\/manutenzione-elettrica-preventiva\/\">Manutenzione elettrica preventiva<\/a><br \/>\n<a href=\"https:\/\/eletricistadelisboa.pt\/it\/scheda-tecnica-elettrotecnica\/\">Fascicolo elettrotecnico<\/a><br \/>\n<a href=\"https:\/\/eletricistadelisboa.pt\/it\/termine-di-responsabilita\/\">Esclusione di responsabilit\u00e0<\/a><\/p>\n<h2>Ricerche frequenti<\/h2>\n<p><a href=\"https:\/\/eletricistadelisboa.pt\/it\/servizio-elettricista\/\">Servizio Elettricista<\/a><br \/>\n<a href=\"https:\/\/eletricistadelisboa.pt\/it\/elettricisti-certificati\/\">Elettricisti certificati<\/a><br \/>\n<a href=\"https:\/\/eletricistadelisboa.pt\/it\/elettricista-urgente\/\">Elettricista urgente<\/a><br \/>\n<a href=\"https:\/\/eletricistadelisboa.pt\/it\/elettricista-urgente-lisbona\/\">Elettricista urgente Lisbona<\/a><br \/>\n<a href=\"https:\/\/eletricistadelisboa.pt\/it\/elettricista-certificato-dgeg\/\">Elettricista certificato DGEG<\/a><br \/>\n<a href=\"https:\/\/eletricistadelisboa.pt\/it\/potenza-contrattuale\/\">Potenza contrattuale<\/a><br \/>\n<a href=\"https:\/\/eletricistadelisboa.pt\/it\/elettricista-24-ore-su-24\/\">Elettricista 24 ore su 24<\/a><br \/>\n<a href=\"https:\/\/eletricistadelisboa.pt\/it\/elettricista-24-ore-su-24-lisbona\/\">Elettricista 24 ore Lisbona<\/a><br \/>\n<a href=\"https:\/\/eletricistadelisboa.pt\/it\/elettricista-certificato-lisbona\/\">Elettricista certificato Lisbona<\/a><br \/>\n<a href=\"https:\/\/eletricistadelisboa.pt\/it\/elettricista-certificato\/\">Elettricista certificato<\/a><br \/>\n<a href=\"https:\/\/eletricistadelisboa.pt\/it\/il-miglior-elettricista-di-lisbona\/\">Il miglior elettricista di Lisbona<\/a><br \/>\n<a href=\"https:\/\/eletricistadelisboa.pt\/it\/elettricista-amadora\/\">Elettricista Amadora<\/a><br \/>\n<a href=\"https:\/\/eletricistadelisboa.pt\/it\/elettricista-parque-das-nacoes\/\">Elettricista Parque das Na\u00e7\u00f5es<\/a><br \/>\n<a href=\"https:\/\/eletricistadelisboa.pt\/it\/elettricista-benfica\/\">Elettricista Benfica<\/a><\/p>","protected":false},"excerpt":{"rendered":"<p>Na Eletricista de Lisboa, oferecemos uma ampla gama de servi\u00e7os para atender todas as suas necessidades el\u00e9tricas. Veja abaixo a lista completa dos nossos servi\u00e7os: Instala\u00e7\u00e3o el\u00e9trica Instala\u00e7\u00e3o El\u00e9trica Instala\u00e7\u00e3o El\u00e9trica Nova Remodela\u00e7\u00e3o El\u00e9trica Instala\u00e7\u00e3o de Tomada Instala\u00e7\u00e3o de Interruptor Instala\u00e7\u00e3o de Eletrodom\u00e9stico Instala\u00e7\u00e3o de Sistema de Aquecimento Instala\u00e7\u00e3o de Campainha Instala\u00e7\u00e3o el\u00e9trica Lisboa Quadro [&hellip;]<\/p>\n","protected":false},"author":1,"featured_media":0,"parent":0,"menu_order":0,"comment_status":"closed","ping_status":"closed","template":"","meta":{"iawp_total_views":381,"footnotes":""},"class_list":["post-2883","page","type-page","status-publish","hentry"],"yoast_head":"<!-- This site is optimized with the Yoast SEO plugin v27.5 - https:\/\/yoast.com\/product\/yoast-seo-wordpress\/ -->\n<title>Servi\u00e7os<\/title>\n<meta name=\"description\" content=\"Na Eletricista de Lisboa, oferecemos servi\u00e7os el\u00e9tricos completos para resid\u00eancias e empresas, garantindo seguran\u00e7a e efici\u00eancia. Confira abaixo a lista dos nossos servi\u00e7os.\" \/>\n<meta name=\"robots\" content=\"index, follow, max-snippet:-1, max-image-preview:large, max-video-preview:-1\" \/>\n<link rel=\"canonical\" href=\"https:\/\/eletricistadelisboa.pt\/it\/servizi\/\" \/>\n<meta property=\"og:locale\" content=\"it_IT\" \/>\n<meta property=\"og:type\" content=\"article\" \/>\n<meta property=\"og:title\" content=\"Servi\u00e7os\" \/>\n<meta property=\"og:description\" content=\"Na Eletricista de Lisboa, oferecemos servi\u00e7os el\u00e9tricos completos para resid\u00eancias e empresas, garantindo seguran\u00e7a e efici\u00eancia. Confira abaixo a lista dos nossos servi\u00e7os.\" \/>\n<meta property=\"og:url\" content=\"https:\/\/eletricistadelisboa.pt\/it\/servizi\/\" \/>\n<meta property=\"og:site_name\" content=\"Eletricista de Lisboa\" \/>\n<meta property=\"article:modified_time\" content=\"2025-11-06T10:02:30+00:00\" \/>\n<meta name=\"twitter:card\" content=\"summary_large_image\" \/>\n<meta name=\"twitter:label1\" content=\"Tempo di lettura stimato\" \/>\n\t<meta name=\"twitter:data1\" content=\"2 minuti\" \/>\n<script type=\"application\/ld+json\" class=\"yoast-schema-graph\">{\"@context\":\"https:\\\/\\\/schema.org\",\"@graph\":[{\"@type\":\"WebPage\",\"@id\":\"https:\\\/\\\/eletricistadelisboa.pt\\\/servicos\\\/\",\"url\":\"https:\\\/\\\/eletricistadelisboa.pt\\\/servicos\\\/\",\"name\":\"Servi\u00e7os\",\"isPartOf\":{\"@id\":\"https:\\\/\\\/eletricistadelisboa.pt\\\/#website\"},\"datePublished\":\"2025-01-29T08:05:57+00:00\",\"dateModified\":\"2025-11-06T10:02:30+00:00\",\"description\":\"Na Eletricista de Lisboa, oferecemos servi\u00e7os el\u00e9tricos completos para resid\u00eancias e empresas, garantindo seguran\u00e7a e efici\u00eancia. Confira abaixo a lista dos nossos servi\u00e7os.\",\"breadcrumb\":{\"@id\":\"https:\\\/\\\/eletricistadelisboa.pt\\\/servicos\\\/#breadcrumb\"},\"inLanguage\":\"it-IT\",\"potentialAction\":[{\"@type\":\"ReadAction\",\"target\":[\"https:\\\/\\\/eletricistadelisboa.pt\\\/servicos\\\/\"]}]},{\"@type\":\"BreadcrumbList\",\"@id\":\"https:\\\/\\\/eletricistadelisboa.pt\\\/servicos\\\/#breadcrumb\",\"itemListElement\":[{\"@type\":\"ListItem\",\"position\":1,\"name\":\"In\u00edcio\",\"item\":\"https:\\\/\\\/eletricistadelisboa.pt\\\/\"},{\"@type\":\"ListItem\",\"position\":2,\"name\":\"Servi\u00e7os\"}]},{\"@type\":\"WebSite\",\"@id\":\"https:\\\/\\\/eletricistadelisboa.pt\\\/#website\",\"url\":\"https:\\\/\\\/eletricistadelisboa.pt\\\/\",\"name\":\"Eletricista de Lisboa\",\"description\":\"Servi\u00e7os el\u00e9tricos r\u00e1pidos e de alta qualidade em Lisboa, dispon\u00edveis 24 horas por dia.\",\"potentialAction\":[{\"@type\":\"SearchAction\",\"target\":{\"@type\":\"EntryPoint\",\"urlTemplate\":\"https:\\\/\\\/eletricistadelisboa.pt\\\/?s={search_term_string}\"},\"query-input\":{\"@type\":\"PropertyValueSpecification\",\"valueRequired\":true,\"valueName\":\"search_term_string\"}}],\"inLanguage\":\"it-IT\"}]}<\/script>\n<!-- \/ Yoast SEO plugin. -->","yoast_head_json":{"title":"Servizi","description":"Noi di Eletricista de Lisboa offriamo servizi elettrici completi per abitazioni e aziende, garantendo sicurezza ed efficienza. Di seguito trovate un elenco dei nostri servizi.","robots":{"index":"index","follow":"follow","max-snippet":"max-snippet:-1","max-image-preview":"max-image-preview:large","max-video-preview":"max-video-preview:-1"},"canonical":"https:\/\/eletricistadelisboa.pt\/it\/servizi\/","og_locale":"it_IT","og_type":"article","og_title":"Servi\u00e7os","og_description":"Na Eletricista de Lisboa, oferecemos servi\u00e7os el\u00e9tricos completos para resid\u00eancias e empresas, garantindo seguran\u00e7a e efici\u00eancia. Confira abaixo a lista dos nossos servi\u00e7os.","og_url":"https:\/\/eletricistadelisboa.pt\/it\/servizi\/","og_site_name":"Eletricista de Lisboa","article_modified_time":"2025-11-06T10:02:30+00:00","twitter_card":"summary_large_image","twitter_misc":{"Tempo di lettura stimato":"2 minuti"},"schema":{"@context":"https:\/\/schema.org","@graph":[{"@type":"WebPage","@id":"https:\/\/eletricistadelisboa.pt\/servicos\/","url":"https:\/\/eletricistadelisboa.pt\/servicos\/","name":"Servizi","isPartOf":{"@id":"https:\/\/eletricistadelisboa.pt\/#website"},"datePublished":"2025-01-29T08:05:57+00:00","dateModified":"2025-11-06T10:02:30+00:00","description":"Noi di Eletricista de Lisboa offriamo servizi elettrici completi per abitazioni e aziende, garantendo sicurezza ed efficienza. Di seguito trovate un elenco dei nostri servizi.","breadcrumb":{"@id":"https:\/\/eletricistadelisboa.pt\/servicos\/#breadcrumb"},"inLanguage":"it-IT","potentialAction":[{"@type":"ReadAction","target":["https:\/\/eletricistadelisboa.pt\/servicos\/"]}]},{"@type":"BreadcrumbList","@id":"https:\/\/eletricistadelisboa.pt\/servicos\/#breadcrumb","itemListElement":[{"@type":"ListItem","position":1,"name":"In\u00edcio","item":"https:\/\/eletricistadelisboa.pt\/"},{"@type":"ListItem","position":2,"name":"Servi\u00e7os"}]},{"@type":"WebSite","@id":"https:\/\/eletricistadelisboa.pt\/#website","url":"https:\/\/eletricistadelisboa.pt\/","name":"Eletricista de Lisboa","description":"Servizi elettrici rapidi e di alta qualit\u00e0 a Lisbona, disponibili 24 ore al giorno.","potentialAction":[{"@type":"SearchAction","target":{"@type":"EntryPoint","urlTemplate":"https:\/\/eletricistadelisboa.pt\/?s={search_term_string}"},"query-input":{"@type":"PropertyValueSpecification","valueRequired":true,"valueName":"search_term_string"}}],"inLanguage":"it-IT"}]}},"_links":{"self":[{"href":"https:\/\/eletricistadelisboa.pt\/it\/wp-json\/wp\/v2\/pages\/2883","targetHints":{"allow":["GET"]}}],"collection":[{"href":"https:\/\/eletricistadelisboa.pt\/it\/wp-json\/wp\/v2\/pages"}],"about":[{"href":"https:\/\/eletricistadelisboa.pt\/it\/wp-json\/wp\/v2\/types\/page"}],"author":[{"embeddable":true,"href":"https:\/\/eletricistadelisboa.pt\/it\/wp-json\/wp\/v2\/users\/1"}],"replies":[{"embeddable":true,"href":"https:\/\/eletricistadelisboa.pt\/it\/wp-json\/wp\/v2\/comments?post=2883"}],"version-history":[{"count":57,"href":"https:\/\/eletricistadelisboa.pt\/it\/wp-json\/wp\/v2\/pages\/2883\/revisions"}],"predecessor-version":[{"id":3203,"href":"https:\/\/eletricistadelisboa.pt\/it\/wp-json\/wp\/v2\/pages\/2883\/revisions\/3203"}],"wp:attachment":[{"href":"https:\/\/eletricistadelisboa.pt\/it\/wp-json\/wp\/v2\/media?parent=2883"}],"curies":[{"name":"wp","href":"https:\/\/api.w.org\/{rel}","templated":true}]}}