{"id":3199,"date":"2025-11-06T10:00:21","date_gmt":"2025-11-06T10:00:21","guid":{"rendered":"https:\/\/eletricistadelisboa.pt\/?page_id=3199"},"modified":"2025-11-06T10:01:43","modified_gmt":"2025-11-06T10:01:43","slug":"electricien-parque-das-nacoes","status":"publish","type":"page","link":"https:\/\/eletricistadelisboa.pt\/fr\/electricien-parque-das-nacoes\/","title":{"rendered":"\u00c9lectricien Parque das Na\u00e7\u00f5es - Assistance rapide, le jour m\u00eame"},"content":{"rendered":"<p>Si vous avez besoin d'un <strong>\u00e9lectricien \u00e0 Parque das Na\u00e7\u00f5es<\/strong>, s'entretenir avec <strong>Eletricista de Lisboa<\/strong>. Intervention rapide en cas de d\u00e9faillance des lampes, de chute des disjoncteurs, de surchauffe des prises et de probl\u00e8mes li\u00e9s au tableau \u00e9lectrique.<\/p>\n<h2>Services dans le Parque das Na\u00e7\u00f5es<\/h2>\n<ul>\n<li>R\u00e9paration des courts-circuits ;<\/li>\n<li>Remplacement des disjoncteurs et interrupteurs grill\u00e9s ;<\/li>\n<li>Correction de l'\u00e9clairage LED et des spots encastr\u00e9s ;<\/li>\n<li>Entretien et c\u00e2blage des panneaux \u00e9lectriques ;<\/li>\n<li>Service pour les maisons, les appartements, les magasins et les bureaux.<\/li>\n<\/ul>\n<p>Nous sommes arriv\u00e9s rapidement, avons expliqu\u00e9 le probl\u00e8me et l'avons r\u00e9solu en toute s\u00e9curit\u00e9.<\/p>\n<p>S'adresser directement \u00e0 <a href=\"https:\/\/eletricistadelisboa.pt\/fr\/\" title=\"\u00c9lectricien Parque das Na\u00e7\u00f5es\">\u00c9lectricien Parque das Na\u00e7\u00f5es<\/a> pour une assistance imm\u00e9diate.<\/p>\n<hr>\n<p style=\"text-align:center; font-size:1.2em;\">\n\u26a1 **Electricity?**<br \/>\n<strong>Appelez-nous maintenant. Nous viendrons \u00e0 vous.<\/strong><\/p>","protected":false},"excerpt":{"rendered":"<p>Se precisa de um eletricista no Parque das Na\u00e7\u00f5es, fale com a Eletricista de Lisboa. Interven\u00e7\u00e3o r\u00e1pida para luzes a falhar, disjuntores a cair, tomadas a aquecer e problemas no quadro el\u00e9trico. Servi\u00e7os no Parque das Na\u00e7\u00f5es Repara\u00e7\u00e3o de curto-circuito; Substitui\u00e7\u00e3o de disjuntores e interruptores queimados; Corre\u00e7\u00e3o de ilumina\u00e7\u00e3o LED e focos embutidos; Manuten\u00e7\u00e3o de [&hellip;]<\/p>\n","protected":false},"author":1,"featured_media":0,"parent":0,"menu_order":0,"comment_status":"closed","ping_status":"closed","template":"","meta":{"iawp_total_views":16,"footnotes":""},"class_list":["post-3199","page","type-page","status-publish","hentry"],"yoast_head":"<!-- This site is optimized with the Yoast SEO plugin v27.5 - https:\/\/yoast.com\/product\/yoast-seo-wordpress\/ -->\n<title>Eletricista Parque das Na\u00e7\u00f5es \u2013 Assist\u00eancia R\u00e1pida no Mesmo Dia<\/title>\n<meta name=\"description\" content=\"Eletricista no Parque das Na\u00e7\u00f5es para falhas el\u00e9tricas, curto-circuito e problemas de ilumina\u00e7\u00e3o. Chegada r\u00e1pida. Ligue j\u00e1.\" \/>\n<meta name=\"robots\" content=\"index, follow, max-snippet:-1, max-image-preview:large, max-video-preview:-1\" \/>\n<link rel=\"canonical\" href=\"https:\/\/eletricistadelisboa.pt\/fr\/electricien-parque-das-nacoes\/\" \/>\n<meta property=\"og:locale\" content=\"fr_FR\" \/>\n<meta property=\"og:type\" content=\"article\" \/>\n<meta property=\"og:title\" content=\"Eletricista Parque das Na\u00e7\u00f5es \u2013 Assist\u00eancia R\u00e1pida no Mesmo Dia\" \/>\n<meta property=\"og:description\" content=\"Eletricista no Parque das Na\u00e7\u00f5es para falhas el\u00e9tricas, curto-circuito e problemas de ilumina\u00e7\u00e3o. Chegada r\u00e1pida. Ligue j\u00e1.\" \/>\n<meta property=\"og:url\" content=\"https:\/\/eletricistadelisboa.pt\/fr\/electricien-parque-das-nacoes\/\" \/>\n<meta property=\"og:site_name\" content=\"Eletricista de Lisboa\" \/>\n<meta property=\"article:modified_time\" content=\"2025-11-06T10:01:43+00:00\" \/>\n<meta name=\"twitter:card\" content=\"summary_large_image\" \/>\n<meta name=\"twitter:label1\" content=\"Dur\u00e9e de lecture estim\u00e9e\" \/>\n\t<meta name=\"twitter:data1\" content=\"1 minute\" \/>\n<script type=\"application\/ld+json\" class=\"yoast-schema-graph\">{\"@context\":\"https:\\\/\\\/schema.org\",\"@graph\":[{\"@type\":\"WebPage\",\"@id\":\"https:\\\/\\\/eletricistadelisboa.pt\\\/eletricista-parque-das-nacoes\\\/\",\"url\":\"https:\\\/\\\/eletricistadelisboa.pt\\\/eletricista-parque-das-nacoes\\\/\",\"name\":\"Eletricista Parque das Na\u00e7\u00f5es \u2013 Assist\u00eancia R\u00e1pida no Mesmo Dia\",\"isPartOf\":{\"@id\":\"https:\\\/\\\/eletricistadelisboa.pt\\\/#website\"},\"datePublished\":\"2025-11-06T10:00:21+00:00\",\"dateModified\":\"2025-11-06T10:01:43+00:00\",\"description\":\"Eletricista no Parque das Na\u00e7\u00f5es para falhas el\u00e9tricas, curto-circuito e problemas de ilumina\u00e7\u00e3o. Chegada r\u00e1pida. Ligue j\u00e1.\",\"breadcrumb\":{\"@id\":\"https:\\\/\\\/eletricistadelisboa.pt\\\/eletricista-parque-das-nacoes\\\/#breadcrumb\"},\"inLanguage\":\"fr-FR\",\"potentialAction\":[{\"@type\":\"ReadAction\",\"target\":[\"https:\\\/\\\/eletricistadelisboa.pt\\\/eletricista-parque-das-nacoes\\\/\"]}]},{\"@type\":\"BreadcrumbList\",\"@id\":\"https:\\\/\\\/eletricistadelisboa.pt\\\/eletricista-parque-das-nacoes\\\/#breadcrumb\",\"itemListElement\":[{\"@type\":\"ListItem\",\"position\":1,\"name\":\"In\u00edcio\",\"item\":\"https:\\\/\\\/eletricistadelisboa.pt\\\/\"},{\"@type\":\"ListItem\",\"position\":2,\"name\":\"Eletricista Parque das Na\u00e7\u00f5es \u2013 Assist\u00eancia R\u00e1pida no Mesmo Dia\"}]},{\"@type\":\"WebSite\",\"@id\":\"https:\\\/\\\/eletricistadelisboa.pt\\\/#website\",\"url\":\"https:\\\/\\\/eletricistadelisboa.pt\\\/\",\"name\":\"Eletricista de Lisboa\",\"description\":\"Servi\u00e7os el\u00e9tricos r\u00e1pidos e de alta qualidade em Lisboa, dispon\u00edveis 24 horas por dia.\",\"potentialAction\":[{\"@type\":\"SearchAction\",\"target\":{\"@type\":\"EntryPoint\",\"urlTemplate\":\"https:\\\/\\\/eletricistadelisboa.pt\\\/?s={search_term_string}\"},\"query-input\":{\"@type\":\"PropertyValueSpecification\",\"valueRequired\":true,\"valueName\":\"search_term_string\"}}],\"inLanguage\":\"fr-FR\"}]}<\/script>\n<!-- \/ Yoast SEO plugin. -->","yoast_head_json":{"title":"\u00c9lectricien Parque das Na\u00e7\u00f5es - Assistance rapide, le jour m\u00eame","description":"\u00c9lectricien \u00e0 Parque das Na\u00e7\u00f5es pour les pannes \u00e9lectriques, les courts-circuits et les probl\u00e8mes d'\u00e9clairage. Arriv\u00e9e rapide. Appelez-nous maintenant.","robots":{"index":"index","follow":"follow","max-snippet":"max-snippet:-1","max-image-preview":"max-image-preview:large","max-video-preview":"max-video-preview:-1"},"canonical":"https:\/\/eletricistadelisboa.pt\/fr\/electricien-parque-das-nacoes\/","og_locale":"fr_FR","og_type":"article","og_title":"Eletricista Parque das Na\u00e7\u00f5es \u2013 Assist\u00eancia R\u00e1pida no Mesmo Dia","og_description":"Eletricista no Parque das Na\u00e7\u00f5es para falhas el\u00e9tricas, curto-circuito e problemas de ilumina\u00e7\u00e3o. Chegada r\u00e1pida. Ligue j\u00e1.","og_url":"https:\/\/eletricistadelisboa.pt\/fr\/electricien-parque-das-nacoes\/","og_site_name":"Eletricista de Lisboa","article_modified_time":"2025-11-06T10:01:43+00:00","twitter_card":"summary_large_image","twitter_misc":{"Dur\u00e9e de lecture estim\u00e9e":"1 minute"},"schema":{"@context":"https:\/\/schema.org","@graph":[{"@type":"WebPage","@id":"https:\/\/eletricistadelisboa.pt\/eletricista-parque-das-nacoes\/","url":"https:\/\/eletricistadelisboa.pt\/eletricista-parque-das-nacoes\/","name":"\u00c9lectricien Parque das Na\u00e7\u00f5es - Assistance rapide, le jour m\u00eame","isPartOf":{"@id":"https:\/\/eletricistadelisboa.pt\/#website"},"datePublished":"2025-11-06T10:00:21+00:00","dateModified":"2025-11-06T10:01:43+00:00","description":"\u00c9lectricien \u00e0 Parque das Na\u00e7\u00f5es pour les pannes \u00e9lectriques, les courts-circuits et les probl\u00e8mes d'\u00e9clairage. Arriv\u00e9e rapide. Appelez-nous maintenant.","breadcrumb":{"@id":"https:\/\/eletricistadelisboa.pt\/eletricista-parque-das-nacoes\/#breadcrumb"},"inLanguage":"fr-FR","potentialAction":[{"@type":"ReadAction","target":["https:\/\/eletricistadelisboa.pt\/eletricista-parque-das-nacoes\/"]}]},{"@type":"BreadcrumbList","@id":"https:\/\/eletricistadelisboa.pt\/eletricista-parque-das-nacoes\/#breadcrumb","itemListElement":[{"@type":"ListItem","position":1,"name":"In\u00edcio","item":"https:\/\/eletricistadelisboa.pt\/"},{"@type":"ListItem","position":2,"name":"Eletricista Parque das Na\u00e7\u00f5es \u2013 Assist\u00eancia R\u00e1pida no Mesmo Dia"}]},{"@type":"WebSite","@id":"https:\/\/eletricistadelisboa.pt\/#website","url":"https:\/\/eletricistadelisboa.pt\/","name":"Eletricista de Lisboa","description":"Des services \u00e9lectriques rapides et de haute qualit\u00e9 \u00e0 Lisbonne, disponibles 24 heures sur 24.","potentialAction":[{"@type":"SearchAction","target":{"@type":"EntryPoint","urlTemplate":"https:\/\/eletricistadelisboa.pt\/?s={search_term_string}"},"query-input":{"@type":"PropertyValueSpecification","valueRequired":true,"valueName":"search_term_string"}}],"inLanguage":"fr-FR"}]}},"_links":{"self":[{"href":"https:\/\/eletricistadelisboa.pt\/fr\/wp-json\/wp\/v2\/pages\/3199","targetHints":{"allow":["GET"]}}],"collection":[{"href":"https:\/\/eletricistadelisboa.pt\/fr\/wp-json\/wp\/v2\/pages"}],"about":[{"href":"https:\/\/eletricistadelisboa.pt\/fr\/wp-json\/wp\/v2\/types\/page"}],"author":[{"embeddable":true,"href":"https:\/\/eletricistadelisboa.pt\/fr\/wp-json\/wp\/v2\/users\/1"}],"replies":[{"embeddable":true,"href":"https:\/\/eletricistadelisboa.pt\/fr\/wp-json\/wp\/v2\/comments?post=3199"}],"version-history":[{"count":1,"href":"https:\/\/eletricistadelisboa.pt\/fr\/wp-json\/wp\/v2\/pages\/3199\/revisions"}],"predecessor-version":[{"id":3200,"href":"https:\/\/eletricistadelisboa.pt\/fr\/wp-json\/wp\/v2\/pages\/3199\/revisions\/3200"}],"wp:attachment":[{"href":"https:\/\/eletricistadelisboa.pt\/fr\/wp-json\/wp\/v2\/media?parent=3199"}],"curies":[{"name":"wp","href":"https:\/\/api.w.org\/{rel}","templated":true}]}}