{"id":3197,"date":"2025-11-06T09:59:12","date_gmt":"2025-11-06T09:59:12","guid":{"rendered":"https:\/\/eletricistadelisboa.pt\/?page_id=3197"},"modified":"2025-11-06T09:59:12","modified_gmt":"2025-11-06T09:59:12","slug":"electricien-benfica","status":"publish","type":"page","link":"https:\/\/eletricistadelisboa.pt\/fr\/electricien-benfica\/","title":{"rendered":"Electriciens Benfica - Assistance rapide et s\u00fbre le jour m\u00eame"},"content":{"rendered":"<p>Ensuite, il faut s'adresser \u00e0 <strong>Eletricista de Lisboa<\/strong>. Nous desservons Benfica avec une arriv\u00e9e rapide et une r\u00e9solution s\u00fbre des d\u00e9fauts \u00e9lectriques, des courts-circuits, des lumi\u00e8res clignotantes et des prises de courant chaudes.<\/p>\n<h2>Services \u00e0 Benfica<\/h2>\n<ul>\n<li>R\u00e9paration de l'\u00e9clairage LED et des spots ;<\/li>\n<li>Correction de la chute des disjoncteurs ;<\/li>\n<li>Remplacement des prises et interrupteurs grill\u00e9s ;<\/li>\n<li>R\u00e9paration d'un court-circuit dans le tableau \u00e9lectrique ;<\/li>\n<li>Installation et maintenance \u00e9lectrique dans les maisons et les magasins.<\/li>\n<\/ul>\n<p>Nous arrivons rapidement, expliquons le probl\u00e8me et le r\u00e9solvons sur place dans la mesure du possible.<\/p>\n<p>S'adresser directement \u00e0 <a href=\"https:\/\/eletricistadelisboa.pt\/fr\/\" title=\"\u00c9lectricien Benfica\">\u00c9lectricien Benfica<\/a> pour une assistance imm\u00e9diate.<\/p>\n<hr>\n<p style=\"text-align:center; font-size:1.2em;\">\nL'\u00e9clairage est d\u00e9faillant ? Le disjoncteur s'est d\u00e9clench\u00e9 ?<br \/>\n<strong>Appelez-nous maintenant. Nous viendrons \u00e0 vous.<\/strong><\/p>","protected":false},"excerpt":{"rendered":"<p>Ent\u00e3o fale com a Eletricista de Lisboa. Atendemos Benfica com chegada r\u00e1pida e resolu\u00e7\u00e3o segura de falhas el\u00e9tricas, curto-circuito, luzes a piscar e tomadas a aquecer. Servi\u00e7os em Benfica Repara\u00e7\u00e3o de ilumina\u00e7\u00e3o e focos LED; Corre\u00e7\u00e3o de disjuntores a cair; Substitui\u00e7\u00e3o de tomadas e interruptores queimados; Repara\u00e7\u00e3o de curto-circuito no quadro el\u00e9trico; Instala\u00e7\u00e3o e manuten\u00e7\u00e3o [&hellip;]<\/p>\n","protected":false},"author":1,"featured_media":0,"parent":0,"menu_order":0,"comment_status":"closed","ping_status":"closed","template":"","meta":{"iawp_total_views":13,"footnotes":""},"class_list":["post-3197","page","type-page","status-publish","hentry"],"yoast_head":"<!-- This site is optimized with the Yoast SEO plugin v27.5 - https:\/\/yoast.com\/product\/yoast-seo-wordpress\/ -->\n<title>Eletricista Benfica \u2013 Assist\u00eancia R\u00e1pida e Segura no Mesmo Dia<\/title>\n<meta name=\"description\" content=\"Eletricista em Benfica para falhas el\u00e9tricas, curto-circuito e problemas de ilumina\u00e7\u00e3o. Interven\u00e7\u00e3o r\u00e1pida. Ligue j\u00e1.\" \/>\n<meta name=\"robots\" content=\"index, follow, max-snippet:-1, max-image-preview:large, max-video-preview:-1\" \/>\n<link rel=\"canonical\" href=\"https:\/\/eletricistadelisboa.pt\/fr\/electricien-benfica\/\" \/>\n<meta property=\"og:locale\" content=\"fr_FR\" \/>\n<meta property=\"og:type\" content=\"article\" \/>\n<meta property=\"og:title\" content=\"Eletricista Benfica \u2013 Assist\u00eancia R\u00e1pida e Segura no Mesmo Dia\" \/>\n<meta property=\"og:description\" content=\"Eletricista em Benfica para falhas el\u00e9tricas, curto-circuito e problemas de ilumina\u00e7\u00e3o. Interven\u00e7\u00e3o r\u00e1pida. Ligue j\u00e1.\" \/>\n<meta property=\"og:url\" content=\"https:\/\/eletricistadelisboa.pt\/fr\/electricien-benfica\/\" \/>\n<meta property=\"og:site_name\" content=\"Eletricista de Lisboa\" \/>\n<meta name=\"twitter:card\" content=\"summary_large_image\" \/>\n<meta name=\"twitter:label1\" content=\"Dur\u00e9e de lecture estim\u00e9e\" \/>\n\t<meta name=\"twitter:data1\" content=\"1 minute\" \/>\n<script type=\"application\/ld+json\" class=\"yoast-schema-graph\">{\"@context\":\"https:\\\/\\\/schema.org\",\"@graph\":[{\"@type\":\"WebPage\",\"@id\":\"https:\\\/\\\/eletricistadelisboa.pt\\\/eletricista-benfica\\\/\",\"url\":\"https:\\\/\\\/eletricistadelisboa.pt\\\/eletricista-benfica\\\/\",\"name\":\"Eletricista Benfica \u2013 Assist\u00eancia R\u00e1pida e Segura no Mesmo Dia\",\"isPartOf\":{\"@id\":\"https:\\\/\\\/eletricistadelisboa.pt\\\/#website\"},\"datePublished\":\"2025-11-06T09:59:12+00:00\",\"description\":\"Eletricista em Benfica para falhas el\u00e9tricas, curto-circuito e problemas de ilumina\u00e7\u00e3o. Interven\u00e7\u00e3o r\u00e1pida. Ligue j\u00e1.\",\"breadcrumb\":{\"@id\":\"https:\\\/\\\/eletricistadelisboa.pt\\\/eletricista-benfica\\\/#breadcrumb\"},\"inLanguage\":\"fr-FR\",\"potentialAction\":[{\"@type\":\"ReadAction\",\"target\":[\"https:\\\/\\\/eletricistadelisboa.pt\\\/eletricista-benfica\\\/\"]}]},{\"@type\":\"BreadcrumbList\",\"@id\":\"https:\\\/\\\/eletricistadelisboa.pt\\\/eletricista-benfica\\\/#breadcrumb\",\"itemListElement\":[{\"@type\":\"ListItem\",\"position\":1,\"name\":\"In\u00edcio\",\"item\":\"https:\\\/\\\/eletricistadelisboa.pt\\\/\"},{\"@type\":\"ListItem\",\"position\":2,\"name\":\"Eletricista Benfica \u2013 Assist\u00eancia R\u00e1pida e Segura no Mesmo Dia\"}]},{\"@type\":\"WebSite\",\"@id\":\"https:\\\/\\\/eletricistadelisboa.pt\\\/#website\",\"url\":\"https:\\\/\\\/eletricistadelisboa.pt\\\/\",\"name\":\"Eletricista de Lisboa\",\"description\":\"Servi\u00e7os el\u00e9tricos r\u00e1pidos e de alta qualidade em Lisboa, dispon\u00edveis 24 horas por dia.\",\"potentialAction\":[{\"@type\":\"SearchAction\",\"target\":{\"@type\":\"EntryPoint\",\"urlTemplate\":\"https:\\\/\\\/eletricistadelisboa.pt\\\/?s={search_term_string}\"},\"query-input\":{\"@type\":\"PropertyValueSpecification\",\"valueRequired\":true,\"valueName\":\"search_term_string\"}}],\"inLanguage\":\"fr-FR\"}]}<\/script>\n<!-- \/ Yoast SEO plugin. -->","yoast_head_json":{"title":"Electriciens Benfica - Assistance rapide et s\u00fbre le jour m\u00eame","description":"\u00c9lectricien \u00e0 Benfica pour les pannes \u00e9lectriques, les courts-circuits et les probl\u00e8mes d'\u00e9clairage. Intervention rapide. Appelez-nous.","robots":{"index":"index","follow":"follow","max-snippet":"max-snippet:-1","max-image-preview":"max-image-preview:large","max-video-preview":"max-video-preview:-1"},"canonical":"https:\/\/eletricistadelisboa.pt\/fr\/electricien-benfica\/","og_locale":"fr_FR","og_type":"article","og_title":"Eletricista Benfica \u2013 Assist\u00eancia R\u00e1pida e Segura no Mesmo Dia","og_description":"Eletricista em Benfica para falhas el\u00e9tricas, curto-circuito e problemas de ilumina\u00e7\u00e3o. Interven\u00e7\u00e3o r\u00e1pida. Ligue j\u00e1.","og_url":"https:\/\/eletricistadelisboa.pt\/fr\/electricien-benfica\/","og_site_name":"Eletricista de Lisboa","twitter_card":"summary_large_image","twitter_misc":{"Dur\u00e9e de lecture estim\u00e9e":"1 minute"},"schema":{"@context":"https:\/\/schema.org","@graph":[{"@type":"WebPage","@id":"https:\/\/eletricistadelisboa.pt\/eletricista-benfica\/","url":"https:\/\/eletricistadelisboa.pt\/eletricista-benfica\/","name":"Electriciens Benfica - Assistance rapide et s\u00fbre le jour m\u00eame","isPartOf":{"@id":"https:\/\/eletricistadelisboa.pt\/#website"},"datePublished":"2025-11-06T09:59:12+00:00","description":"\u00c9lectricien \u00e0 Benfica pour les pannes \u00e9lectriques, les courts-circuits et les probl\u00e8mes d'\u00e9clairage. Intervention rapide. Appelez-nous.","breadcrumb":{"@id":"https:\/\/eletricistadelisboa.pt\/eletricista-benfica\/#breadcrumb"},"inLanguage":"fr-FR","potentialAction":[{"@type":"ReadAction","target":["https:\/\/eletricistadelisboa.pt\/eletricista-benfica\/"]}]},{"@type":"BreadcrumbList","@id":"https:\/\/eletricistadelisboa.pt\/eletricista-benfica\/#breadcrumb","itemListElement":[{"@type":"ListItem","position":1,"name":"In\u00edcio","item":"https:\/\/eletricistadelisboa.pt\/"},{"@type":"ListItem","position":2,"name":"Eletricista Benfica \u2013 Assist\u00eancia R\u00e1pida e Segura no Mesmo Dia"}]},{"@type":"WebSite","@id":"https:\/\/eletricistadelisboa.pt\/#website","url":"https:\/\/eletricistadelisboa.pt\/","name":"Eletricista de Lisboa","description":"Des services \u00e9lectriques rapides et de haute qualit\u00e9 \u00e0 Lisbonne, disponibles 24 heures sur 24.","potentialAction":[{"@type":"SearchAction","target":{"@type":"EntryPoint","urlTemplate":"https:\/\/eletricistadelisboa.pt\/?s={search_term_string}"},"query-input":{"@type":"PropertyValueSpecification","valueRequired":true,"valueName":"search_term_string"}}],"inLanguage":"fr-FR"}]}},"_links":{"self":[{"href":"https:\/\/eletricistadelisboa.pt\/fr\/wp-json\/wp\/v2\/pages\/3197","targetHints":{"allow":["GET"]}}],"collection":[{"href":"https:\/\/eletricistadelisboa.pt\/fr\/wp-json\/wp\/v2\/pages"}],"about":[{"href":"https:\/\/eletricistadelisboa.pt\/fr\/wp-json\/wp\/v2\/types\/page"}],"author":[{"embeddable":true,"href":"https:\/\/eletricistadelisboa.pt\/fr\/wp-json\/wp\/v2\/users\/1"}],"replies":[{"embeddable":true,"href":"https:\/\/eletricistadelisboa.pt\/fr\/wp-json\/wp\/v2\/comments?post=3197"}],"version-history":[{"count":1,"href":"https:\/\/eletricistadelisboa.pt\/fr\/wp-json\/wp\/v2\/pages\/3197\/revisions"}],"predecessor-version":[{"id":3198,"href":"https:\/\/eletricistadelisboa.pt\/fr\/wp-json\/wp\/v2\/pages\/3197\/revisions\/3198"}],"wp:attachment":[{"href":"https:\/\/eletricistadelisboa.pt\/fr\/wp-json\/wp\/v2\/media?parent=3197"}],"curies":[{"name":"wp","href":"https:\/\/api.w.org\/{rel}","templated":true}]}}