{"id":3083,"date":"2025-01-31T14:00:49","date_gmt":"2025-01-31T14:00:49","guid":{"rendered":"https:\/\/eletricistadelisboa.pt\/?page_id=3083"},"modified":"2025-01-31T14:00:49","modified_gmt":"2025-01-31T14:00:49","slug":"electricien-certifie-lisbonne","status":"publish","type":"page","link":"https:\/\/eletricistadelisboa.pt\/fr\/electricien-certifie-lisbonne\/","title":{"rendered":"\u00c9lectricien certifi\u00e9 Lisbonne - Installations \u00e9lectriques s\u00fbres"},"content":{"rendered":"<p>Vous \u00eates \u00e0 la recherche d'un <strong>\u00e9lectricien certifi\u00e9 \u00e0 Lisbonne<\/strong> pour r\u00e9aliser une installation \u00e9lectrique s\u00fbre et conforme ? Faire appel \u00e0 un professionnel qualifi\u00e9 est essentiel pour \u00e9viter les risques, garantir la conformit\u00e9 l\u00e9gale et obtenir un service \u00e9lectrique efficace et durable.<\/p>\n<p>Qu'il s'agisse d'une nouvelle installation, d'une certification \u00e9lectrique, de r\u00e9parations ou de la r\u00e9gularisation d'un r\u00e9seau, une <strong>\u00e9lectricien certifi\u00e9<\/strong> offre la s\u00e9curit\u00e9 et la qualit\u00e9 dans chaque service effectu\u00e9.<\/p>\n<h2>Qu'est-ce qu'un \u00e9lectricien agr\u00e9\u00e9 ?<\/h2>\n<p>Un <strong>\u00e9lectricien certifi\u00e9<\/strong> est un professionnel qualifi\u00e9 enregistr\u00e9 aupr\u00e8s de l <strong>Direction g\u00e9n\u00e9rale de l'\u00e9nergie et de la g\u00e9ologie (DGEG)<\/strong>habilit\u00e9 \u00e0 r\u00e9aliser des installations \u00e9lectriques conform\u00e9ment aux normes techniques et aux r\u00e8gles de s\u00e9curit\u00e9.<\/p>\n<p>Seul un \u00e9lectricien agr\u00e9\u00e9 peut d\u00e9livrer des documents officiels tels que :<\/p>\n<ul>\n<li>D\u00e9claration de responsabilit\u00e9 \u00e9lectrique.<\/li>\n<li>Dossier \u00e9lectrotechnique.<\/li>\n<li>Projets \u00e9lectriques r\u00e9sidentiels et commerciaux.<\/li>\n<li>Certification des installations \u00e9lectriques.<\/li>\n<li>Inspections des connexions \u00e9lectriques.<\/li>\n<\/ul>\n<p>Si vous avez besoin d'un service \u00e9lectrique professionnel et l\u00e9galis\u00e9, il est indispensable de faire appel \u00e0 un \u00e9lectricien certifi\u00e9.<\/p>\n<h2>Quand faut-il faire appel \u00e0 un \u00e9lectricien agr\u00e9\u00e9 ?<\/h2>\n<p>Le service d'un <strong>\u00e9lectricien certifi\u00e9 \u00e0 Lisbonne<\/strong> est n\u00e9cessaire dans diverses situations, telles que<\/p>\n<ul>\n<li><strong>Nouvelle connexion \u00e9lectrique :<\/strong> Pour les propri\u00e9t\u00e9s qui ont besoin d'une alimentation \u00e9lectrique pour la premi\u00e8re fois.<\/li>\n<li><strong>Modification de la puissance souscrite :<\/strong> Que vous souhaitiez augmenter ou r\u00e9duire la charge \u00e9lectrique disponible.<\/li>\n<li><strong>R\u00e9gularisation des installations \u00e9lectriques :<\/strong> Pour les biens anciens ou ceux dont le r\u00e9seau \u00e9lectrique est irr\u00e9gulier.<\/li>\n<li><strong>Inspections pour la vente de biens immobiliers :<\/strong> Certaines agences immobili\u00e8res et banques exigent une certification \u00e9lectrique.<\/li>\n<li><strong>Projets \u00e9lectriques industriels et commerciaux :<\/strong> Les entreprises doivent veiller au respect des normes \u00e9lectriques.<\/li>\n<li><strong>Installation de chargeurs de v\u00e9hicules \u00e9lectriques :<\/strong> Adaptation du r\u00e9seau \u00e9lectrique pour supporter la nouvelle charge.<\/li>\n<\/ul>\n<p>Si vous avez besoin de l'une de ces solutions, un \u00e9lectricien certifi\u00e9 peut s'assurer que tout est fait correctement.<\/p>\n<h2>Quels sont les services offerts par un \u00e9lectricien certifi\u00e9 \u00e0 Lisbonne ?<\/h2>\n<p>Le <strong>\u00e9lectriciens certifi\u00e9s<\/strong> sont charg\u00e9s de veiller \u00e0 ce que les installations \u00e9lectriques soient conformes aux r\u00e8gles de s\u00e9curit\u00e9. Les principaux services sont les suivants :<\/p>\n<ul>\n<li><strong>Nouvelles installations \u00e9lectriques :<\/strong> R\u00e9sidentiel, commercial et industriel.<\/li>\n<li><strong>R\u00e9paration et entretien des installations \u00e9lectriques :<\/strong> Correction des d\u00e9fauts du r\u00e9seau \u00e9lectrique.<\/li>\n<li><strong>Certification \u00e9lectrique :<\/strong> Document essentiel pour l'approbation de l'installation.<\/li>\n<li><strong>Projets \u00e9lectriques :<\/strong> Planification et dimensionnement des circuits \u00e9lectriques.<\/li>\n<li><strong>Installation et entretien de tableaux \u00e9lectriques :<\/strong> Remplacement et modernisation.<\/li>\n<li><strong>Mise \u00e0 la terre \u00e9lectrique :<\/strong> Protection contre les surtensions \u00e9lectriques et la foudre.<\/li>\n<li><strong>Domotique :<\/strong> Int\u00e9gration de syst\u00e8mes d'\u00e9clairage et de s\u00e9curit\u00e9 intelligents.<\/li>\n<\/ul>\n<p>Avec un <strong>\u00e9lectricien certifi\u00e9 \u00e0 Lisbonne<\/strong>Vous avez la garantie d'un service s\u00fbr et de qualit\u00e9.<\/p>\n<h2>Pourquoi faire appel \u00e0 un \u00e9lectricien agr\u00e9\u00e9 ?<\/h2>\n<p>Embaucher un <strong>\u00e9lectricien certifi\u00e9<\/strong> pr\u00e9sente de nombreux avantages :<\/p>\n<ul>\n<li><strong>Conformit\u00e9 l\u00e9gale :<\/strong> Toutes les installations sont conformes aux normes exig\u00e9es par la DGEG.<\/li>\n<li><strong>S\u00e9curit\u00e9 garantie :<\/strong> R\u00e9duction des risques de court-circuit et d'incendie.<\/li>\n<li><strong>Approbation facile de la connexion \u00e9lectrique :<\/strong> Une documentation appropri\u00e9e permet d'\u00e9viter les retards.<\/li>\n<li><strong>\u00c9conomies \u00e0 long terme :<\/strong> \u00c9vite les co\u00fbts de r\u00e9paration et le gaspillage d'\u00e9nergie.<\/li>\n<li><strong>\u00c9valuation de la propri\u00e9t\u00e9 :<\/strong> Les biens certifi\u00e9s sont plus cr\u00e9dibles sur le march\u00e9.<\/li>\n<\/ul>\n<p>Avec un professionnel certifi\u00e9, vous pouvez \u00eatre s\u00fbr d'un service s\u00fbr et sans complications futures.<\/p>\n<h2>Combien co\u00fbte un \u00e9lectricien certifi\u00e9 \u00e0 Lisbonne ?<\/h2>\n<p>La valeur d'un <strong>\u00e9lectricien certifi\u00e9 \u00e0 Lisbonne<\/strong> peut varier en fonction de<\/p>\n<ul>\n<li>Taille de l'installation \u00e9lectrique.<\/li>\n<li>Complexit\u00e9 du projet \u00e9lectrique.<\/li>\n<li>Documentation requise.<\/li>\n<li>N\u00e9cessit\u00e9 d'inspections et d'essais \u00e9lectriques.<\/li>\n<\/ul>\n<p>Pour un devis juste et transparent, nous recommandons une \u00e9valuation professionnelle.<\/p>\n<h2>Combien de temps faut-il pour obtenir un certificat \u00e9lectrique ?<\/h2>\n<p>Le d\u00e9lai de d\u00e9livrance des documents et de la certification \u00e9lectrique d\u00e9pend de la complexit\u00e9 de l'installation. En g\u00e9n\u00e9ral, les inspections et les certifications peuvent \u00eatre effectu\u00e9es dans un d\u00e9lai de 24 \u00e0 72 heures, \u00e0 condition que l'installation soit conforme aux normes requises.<\/p>\n<h2>Besoin d'un \u00e9lectricien certifi\u00e9 \u00e0 Lisbonne ? Parlez-en avec nous !<\/h2>\n<p>Si vous \u00eates \u00e0 la recherche d'un <strong>\u00e9lectricien certifi\u00e9 \u00e0 Lisbonne<\/strong> Pour les installations \u00e9lectriques, la r\u00e9gularisation de votre propri\u00e9t\u00e9 ou la d\u00e9livrance de certifications, n'h\u00e9sitez pas \u00e0 nous contacter. Nous vous garantissons un service professionnel et de qualit\u00e9, dans le respect des normes en vigueur.<\/p>\n<p><strong>Prenez contact avec nous et demandez un devis sans engagement !<\/strong><\/p>","protected":false},"excerpt":{"rendered":"<p>Est\u00e1 \u00e0 procura de um eletricista certificado em Lisboa para realizar uma instala\u00e7\u00e3o el\u00e9trica segura e dentro das normas? Contar com um profissional qualificado \u00e9 essencial para evitar riscos, garantir conformidade legal e obter um servi\u00e7o el\u00e9trico eficiente e duradouro. Seja para uma nova instala\u00e7\u00e3o, certifica\u00e7\u00e3o el\u00e9trica, reparos ou regulariza\u00e7\u00e3o da rede, um eletricista certificado [&hellip;]<\/p>\n","protected":false},"author":1,"featured_media":0,"parent":0,"menu_order":0,"comment_status":"closed","ping_status":"closed","template":"","meta":{"iawp_total_views":90,"footnotes":""},"class_list":["post-3083","page","type-page","status-publish","hentry"],"yoast_head":"<!-- This site is optimized with the Yoast SEO plugin v27.3 - https:\/\/yoast.com\/product\/yoast-seo-wordpress\/ -->\n<title>Eletricista Certificado Lisboa \u2013 Instala\u00e7\u00f5es El\u00e9tricas Seguras<\/title>\n<meta name=\"description\" content=\"Precisa de um eletricista certificado em Lisboa? Servi\u00e7os el\u00e9tricos seguros, legais e em conformidade com as normas exigidas. Pe\u00e7a um or\u00e7amento agora!\" \/>\n<meta name=\"robots\" content=\"index, follow, max-snippet:-1, max-image-preview:large, max-video-preview:-1\" \/>\n<link rel=\"canonical\" href=\"https:\/\/eletricistadelisboa.pt\/fr\/electricien-certifie-lisbonne\/\" \/>\n<meta property=\"og:locale\" content=\"fr_FR\" \/>\n<meta property=\"og:type\" content=\"article\" \/>\n<meta property=\"og:title\" content=\"Eletricista Certificado Lisboa \u2013 Instala\u00e7\u00f5es El\u00e9tricas Seguras\" \/>\n<meta property=\"og:description\" content=\"Precisa de um eletricista certificado em Lisboa? Servi\u00e7os el\u00e9tricos seguros, legais e em conformidade com as normas exigidas. Pe\u00e7a um or\u00e7amento agora!\" \/>\n<meta property=\"og:url\" content=\"https:\/\/eletricistadelisboa.pt\/fr\/electricien-certifie-lisbonne\/\" \/>\n<meta property=\"og:site_name\" content=\"Eletricista de Lisboa\" \/>\n<meta name=\"twitter:card\" content=\"summary_large_image\" \/>\n<script type=\"application\/ld+json\" class=\"yoast-schema-graph\">{\"@context\":\"https:\\\/\\\/schema.org\",\"@graph\":[{\"@type\":\"WebPage\",\"@id\":\"https:\\\/\\\/eletricistadelisboa.pt\\\/eletricista-certificado-lisboa\\\/\",\"url\":\"https:\\\/\\\/eletricistadelisboa.pt\\\/eletricista-certificado-lisboa\\\/\",\"name\":\"Eletricista Certificado Lisboa \u2013 Instala\u00e7\u00f5es El\u00e9tricas Seguras\",\"isPartOf\":{\"@id\":\"https:\\\/\\\/eletricistadelisboa.pt\\\/#website\"},\"datePublished\":\"2025-01-31T14:00:49+00:00\",\"description\":\"Precisa de um eletricista certificado em Lisboa? Servi\u00e7os el\u00e9tricos seguros, legais e em conformidade com as normas exigidas. Pe\u00e7a um or\u00e7amento agora!\",\"breadcrumb\":{\"@id\":\"https:\\\/\\\/eletricistadelisboa.pt\\\/eletricista-certificado-lisboa\\\/#breadcrumb\"},\"inLanguage\":\"fr-FR\",\"potentialAction\":[{\"@type\":\"ReadAction\",\"target\":[\"https:\\\/\\\/eletricistadelisboa.pt\\\/eletricista-certificado-lisboa\\\/\"]}]},{\"@type\":\"BreadcrumbList\",\"@id\":\"https:\\\/\\\/eletricistadelisboa.pt\\\/eletricista-certificado-lisboa\\\/#breadcrumb\",\"itemListElement\":[{\"@type\":\"ListItem\",\"position\":1,\"name\":\"In\u00edcio\",\"item\":\"https:\\\/\\\/eletricistadelisboa.pt\\\/\"},{\"@type\":\"ListItem\",\"position\":2,\"name\":\"Eletricista Certificado Lisboa \u2013 Instala\u00e7\u00f5es El\u00e9tricas Seguras\"}]},{\"@type\":\"WebSite\",\"@id\":\"https:\\\/\\\/eletricistadelisboa.pt\\\/#website\",\"url\":\"https:\\\/\\\/eletricistadelisboa.pt\\\/\",\"name\":\"Eletricista de Lisboa\",\"description\":\"Servi\u00e7os el\u00e9tricos r\u00e1pidos e de alta qualidade em Lisboa, dispon\u00edveis 24 horas por dia.\",\"potentialAction\":[{\"@type\":\"SearchAction\",\"target\":{\"@type\":\"EntryPoint\",\"urlTemplate\":\"https:\\\/\\\/eletricistadelisboa.pt\\\/?s={search_term_string}\"},\"query-input\":{\"@type\":\"PropertyValueSpecification\",\"valueRequired\":true,\"valueName\":\"search_term_string\"}}],\"inLanguage\":\"fr-FR\"}]}<\/script>\n<!-- \/ Yoast SEO plugin. -->","yoast_head_json":{"title":"\u00c9lectricien certifi\u00e9 Lisbonne - Installations \u00e9lectriques s\u00fbres","description":"Besoin d'un \u00e9lectricien certifi\u00e9 \u00e0 Lisbonne ? Des services \u00e9lectriques s\u00fbrs, l\u00e9gaux et conformes. Demandez un devis maintenant !","robots":{"index":"index","follow":"follow","max-snippet":"max-snippet:-1","max-image-preview":"max-image-preview:large","max-video-preview":"max-video-preview:-1"},"canonical":"https:\/\/eletricistadelisboa.pt\/fr\/electricien-certifie-lisbonne\/","og_locale":"fr_FR","og_type":"article","og_title":"Eletricista Certificado Lisboa \u2013 Instala\u00e7\u00f5es El\u00e9tricas Seguras","og_description":"Precisa de um eletricista certificado em Lisboa? Servi\u00e7os el\u00e9tricos seguros, legais e em conformidade com as normas exigidas. Pe\u00e7a um or\u00e7amento agora!","og_url":"https:\/\/eletricistadelisboa.pt\/fr\/electricien-certifie-lisbonne\/","og_site_name":"Eletricista de Lisboa","twitter_card":"summary_large_image","schema":{"@context":"https:\/\/schema.org","@graph":[{"@type":"WebPage","@id":"https:\/\/eletricistadelisboa.pt\/eletricista-certificado-lisboa\/","url":"https:\/\/eletricistadelisboa.pt\/eletricista-certificado-lisboa\/","name":"\u00c9lectricien certifi\u00e9 Lisbonne - Installations \u00e9lectriques s\u00fbres","isPartOf":{"@id":"https:\/\/eletricistadelisboa.pt\/#website"},"datePublished":"2025-01-31T14:00:49+00:00","description":"Besoin d'un \u00e9lectricien certifi\u00e9 \u00e0 Lisbonne ? Des services \u00e9lectriques s\u00fbrs, l\u00e9gaux et conformes. Demandez un devis maintenant !","breadcrumb":{"@id":"https:\/\/eletricistadelisboa.pt\/eletricista-certificado-lisboa\/#breadcrumb"},"inLanguage":"fr-FR","potentialAction":[{"@type":"ReadAction","target":["https:\/\/eletricistadelisboa.pt\/eletricista-certificado-lisboa\/"]}]},{"@type":"BreadcrumbList","@id":"https:\/\/eletricistadelisboa.pt\/eletricista-certificado-lisboa\/#breadcrumb","itemListElement":[{"@type":"ListItem","position":1,"name":"In\u00edcio","item":"https:\/\/eletricistadelisboa.pt\/"},{"@type":"ListItem","position":2,"name":"Eletricista Certificado Lisboa \u2013 Instala\u00e7\u00f5es El\u00e9tricas Seguras"}]},{"@type":"WebSite","@id":"https:\/\/eletricistadelisboa.pt\/#website","url":"https:\/\/eletricistadelisboa.pt\/","name":"Eletricista de Lisboa","description":"Des services \u00e9lectriques rapides et de haute qualit\u00e9 \u00e0 Lisbonne, disponibles 24 heures sur 24.","potentialAction":[{"@type":"SearchAction","target":{"@type":"EntryPoint","urlTemplate":"https:\/\/eletricistadelisboa.pt\/?s={search_term_string}"},"query-input":{"@type":"PropertyValueSpecification","valueRequired":true,"valueName":"search_term_string"}}],"inLanguage":"fr-FR"}]}},"_links":{"self":[{"href":"https:\/\/eletricistadelisboa.pt\/fr\/wp-json\/wp\/v2\/pages\/3083","targetHints":{"allow":["GET"]}}],"collection":[{"href":"https:\/\/eletricistadelisboa.pt\/fr\/wp-json\/wp\/v2\/pages"}],"about":[{"href":"https:\/\/eletricistadelisboa.pt\/fr\/wp-json\/wp\/v2\/types\/page"}],"author":[{"embeddable":true,"href":"https:\/\/eletricistadelisboa.pt\/fr\/wp-json\/wp\/v2\/users\/1"}],"replies":[{"embeddable":true,"href":"https:\/\/eletricistadelisboa.pt\/fr\/wp-json\/wp\/v2\/comments?post=3083"}],"version-history":[{"count":1,"href":"https:\/\/eletricistadelisboa.pt\/fr\/wp-json\/wp\/v2\/pages\/3083\/revisions"}],"predecessor-version":[{"id":3085,"href":"https:\/\/eletricistadelisboa.pt\/fr\/wp-json\/wp\/v2\/pages\/3083\/revisions\/3085"}],"wp:attachment":[{"href":"https:\/\/eletricistadelisboa.pt\/fr\/wp-json\/wp\/v2\/media?parent=3083"}],"curies":[{"name":"wp","href":"https:\/\/api.w.org\/{rel}","templated":true}]}}