{"id":3068,"date":"2025-01-31T13:45:19","date_gmt":"2025-01-31T13:45:19","guid":{"rendered":"https:\/\/eletricistadelisboa.pt\/?page_id=3068"},"modified":"2025-01-31T13:45:19","modified_gmt":"2025-01-31T13:45:19","slug":"electricien-certifie-dgeg","status":"publish","type":"page","link":"https:\/\/eletricistadelisboa.pt\/fr\/electricien-certifie-dgeg\/","title":{"rendered":"\u00c9lectricien certifi\u00e9 DGEG - Installations \u00e9lectriques garanties"},"content":{"rendered":"<p>Vous avez besoin d'un <strong>\u00c9lectricien certifi\u00e9 DGEG<\/strong> pour r\u00e9aliser une installation \u00e9lectrique s\u00fbre et conforme ? Les <strong>Direction g\u00e9n\u00e9rale de l'\u00e9nergie et de la g\u00e9ologie (DGEG)<\/strong> il est essentiel de veiller \u00e0 ce que les travaux \u00e9lectriques soient effectu\u00e9s par des professionnels qualifi\u00e9s et d\u00fbment accr\u00e9dit\u00e9s.<\/p>\n<p>Qu'il s'agisse d'une nouvelle installation, d'une certification \u00e9lectrique ou de la r\u00e9gularisation d'un r\u00e9seau, s'appuyer sur un <strong>\u00c9lectricien certifi\u00e9 DGEG<\/strong> est essentielle pour \u00e9viter les probl\u00e8mes et garantir le respect total des exigences l\u00e9gales.<\/p>\n<h2>Qu'est-ce qu'un \u00e9lectricien certifi\u00e9 DGEG ?<\/h2>\n<p>Un <strong>\u00c9lectricien certifi\u00e9 DGEG<\/strong> est un professionnel habilit\u00e9 \u00e0 r\u00e9aliser des installations \u00e9lectriques conform\u00e9ment aux normes techniques et aux r\u00e9glementations en vigueur. Seuls les \u00e9lectriciens accr\u00e9dit\u00e9s peuvent signer des documents techniques tels que :<\/p>\n<ul>\n<li>Conditions de la responsabilit\u00e9 \u00e9lectrique.<\/li>\n<li>Fiches techniques \u00e9lectriques.<\/li>\n<li>Projets \u00e9lectriques pour le logement et l'industrie.<\/li>\n<li>Certification des installations \u00e9lectriques.<\/li>\n<li>Inspections des connexions \u00e9lectriques.<\/li>\n<\/ul>\n<p>Si vous avez besoin d'un service \u00e9lectrique certifi\u00e9, il est obligatoire de faire appel \u00e0 un professionnel agr\u00e9\u00e9 par l'Office national de l'\u00e9nergie. <strong>DGEG<\/strong>.<\/p>\n<h2>Quand ai-je besoin d'un \u00e9lectricien certifi\u00e9 DGEG ?<\/h2>\n<p>La performance d'un <strong>\u00c9lectricien certifi\u00e9 DGEG<\/strong> est n\u00e9cessaire dans diverses situations, telles que<\/p>\n<ul>\n<li><strong>Nouvelle connexion \u00e9lectrique :<\/strong> Si vous avez construit un bien immobilier et que vous avez besoin d'un approvisionnement en \u00e9nergie.<\/li>\n<li><strong>Modification de la puissance souscrite :<\/strong> Augmenter la charge \u00e9lectrique en toute s\u00e9curit\u00e9 et l\u00e9galit\u00e9.<\/li>\n<li><strong>R\u00e9gularisation des installations \u00e9lectriques :<\/strong> Les propri\u00e9t\u00e9s dont les r\u00e9seaux sont anciens ou irr\u00e9guliers doivent faire l'objet d'une certification.<\/li>\n<li><strong>Inspection pour la vente d'un bien immobilier :<\/strong> De nombreuses banques et compagnies d'assurance exigent des installations certifi\u00e9es.<\/li>\n<li><strong>Installations industrielles et commerciales :<\/strong> Les entreprises doivent s'assurer que leurs installations r\u00e9pondent aux normes.<\/li>\n<li><strong>Installation de chargeurs de v\u00e9hicules \u00e9lectriques :<\/strong> N\u00e9cessite une adaptation du r\u00e9seau \u00e9lectrique et une certification par un professionnel accr\u00e9dit\u00e9.<\/li>\n<\/ul>\n<p>Si votre projet se trouve dans l'une de ces situations, un \u00e9lectricien certifi\u00e9 peut s'assurer que tout est fait correctement.<\/p>\n<h2>Que peut faire un \u00e9lectricien certifi\u00e9 DGEG ?<\/h2>\n<p>Le <strong>\u00c9lectriciens certifi\u00e9s DGEG<\/strong> sont charg\u00e9s de veiller \u00e0 ce que les installations \u00e9lectriques soient conformes aux r\u00e8gles de s\u00e9curit\u00e9. Les principaux services sont les suivants :<\/p>\n<ul>\n<li><strong>Nouvelles installations \u00e9lectriques :<\/strong> R\u00e9sidentiel, commercial et industriel.<\/li>\n<li><strong>R\u00e9paration et entretien des installations \u00e9lectriques :<\/strong> Correction des d\u00e9fauts et optimisation du r\u00e9seau \u00e9lectrique.<\/li>\n<li><strong>Certification et inspection \u00e9lectrique :<\/strong> Pour l'approbation de l'installation avec le concessionnaire d'\u00e9nergie.<\/li>\n<li><strong>Projets \u00e9lectriques :<\/strong> Planification et dimensionnement des r\u00e9seaux \u00e9lectriques.<\/li>\n<li><strong>Installation de panneaux \u00e9lectriques :<\/strong> Remplacement et modernisation des syst\u00e8mes \u00e9lectriques.<\/li>\n<li><strong>Mise \u00e0 la terre \u00e9lectrique :<\/strong> Protection contre les surtensions et les d\u00e9charges \u00e9lectriques.<\/li>\n<li><strong>Automatisation r\u00e9sidentielle et industrielle :<\/strong> Int\u00e9gration des syst\u00e8mes intelligents.<\/li>\n<\/ul>\n<p>Avec un <strong>\u00e9lectricien certifi\u00e9<\/strong>Vous avez la garantie d'un service qualifi\u00e9 et s\u00fbr.<\/p>\n<h2>Avantages de faire appel \u00e0 un \u00e9lectricien certifi\u00e9 DGEG<\/h2>\n<p>Embaucher un <strong>\u00e9lectricien certifi\u00e9<\/strong> pr\u00e9sente de nombreux avantages :<\/p>\n<ul>\n<li><strong>Conformit\u00e9 l\u00e9gale :<\/strong> Service effectu\u00e9 dans les normes requises.<\/li>\n<li><strong>S\u00e9curit\u00e9 garantie :<\/strong> R\u00e9duction des risques de courts-circuits et d'incendies \u00e9lectriques.<\/li>\n<li><strong>Approbation facile de la connexion \u00e9lectrique :<\/strong> Une documentation appropri\u00e9e permet d'\u00e9viter les retards dans l'activation de la fourniture.<\/li>\n<li><strong>\u00c9conomies \u00e0 long terme :<\/strong> Une installation correcte permet d'\u00e9viter les co\u00fbts de r\u00e9paration et le gaspillage d'\u00e9nergie.<\/li>\n<li><strong>\u00c9valuation de la propri\u00e9t\u00e9 :<\/strong> Les installations certifi\u00e9es augmentent la cr\u00e9dibilit\u00e9 du bien \u00e0 vendre ou \u00e0 louer.<\/li>\n<\/ul>\n<p>Avec un professionnel certifi\u00e9, vous \u00eates s\u00fbr d'obtenir un service de qualit\u00e9 et d'\u00e9viter toute complication future.<\/p>\n<h2>Combien co\u00fbte un service d'\u00e9lectricien certifi\u00e9 par la DGEG ?<\/h2>\n<p>La valeur d'un <strong>\u00c9lectricien certifi\u00e9 DGEG<\/strong> peut varier en fonction de<\/p>\n<ul>\n<li>Taille de l'installation \u00e9lectrique.<\/li>\n<li>Complexit\u00e9 du projet \u00e9lectrique.<\/li>\n<li>Documentation requise.<\/li>\n<li>N\u00e9cessit\u00e9 d'inspections et d'essais \u00e9lectriques.<\/li>\n<\/ul>\n<p>Pour un devis juste et transparent, nous recommandons une \u00e9valuation professionnelle.<\/p>\n<h2>Combien de temps faut-il pour obtenir un certificat \u00e9lectrique ?<\/h2>\n<p>Le d\u00e9lai de d\u00e9livrance des documents et de la certification \u00e9lectrique d\u00e9pend de la complexit\u00e9 du projet. En g\u00e9n\u00e9ral, les inspections et les certifications peuvent \u00eatre effectu\u00e9es dans un d\u00e9lai de 24 \u00e0 72 heures, \u00e0 condition que l'installation soit conforme aux normes requises.<\/p>\n<h2>Comment savoir si un \u00e9lectricien est certifi\u00e9 par la DGEG ?<\/h2>\n<p>Pour \u00eatre s\u00fbr d'engager un professionnel qualifi\u00e9, v\u00e9rifiez que l'\u00e9lectricien est enregistr\u00e9 aupr\u00e8s de l'autorit\u00e9 nationale. <strong>Direction g\u00e9n\u00e9rale de l'\u00e9nergie et de la g\u00e9ologie (DGEG)<\/strong>. Un \u00e9lectricien agr\u00e9\u00e9 doit \u00eatre pr\u00e9sent :<\/p>\n<ul>\n<li>Enregistrement officiel aupr\u00e8s de la DGEG.<\/li>\n<li>Certification professionnelle reconnue.<\/li>\n<li>Exp\u00e9rience confirm\u00e9e dans le domaine de l'\u00e9lectricit\u00e9.<\/li>\n<li>Capacit\u00e9 \u00e0 signer et \u00e0 d\u00e9livrer des documents \u00e9lectriques officiels.<\/li>\n<\/ul>\n<p>Faire appel \u00e0 un professionnel certifi\u00e9 permet d'\u00e9viter les probl\u00e8mes et de garantir la r\u00e9gularit\u00e9 de l'installation.<\/p>\n<h2>Vous avez besoin d'un \u00e9lectricien certifi\u00e9 DGEG ? N'h\u00e9sitez pas \u00e0 nous contacter !<\/h2>\n<p>Si vous \u00eates \u00e0 la recherche d'un <strong>\u00c9lectricien certifi\u00e9 DGEG<\/strong> Pour r\u00e9aliser des installations \u00e9lectriques, r\u00e9gulariser votre propri\u00e9t\u00e9 ou d\u00e9livrer des certifications, n'h\u00e9sitez pas \u00e0 nous contacter. Nous vous garantissons un service professionnel et de qualit\u00e9, dans le respect des normes en vigueur.<\/p>","protected":false},"excerpt":{"rendered":"<p>Precisa de um eletricista certificado pela DGEG para realizar uma instala\u00e7\u00e3o el\u00e9trica segura e dentro das normas? A certifica\u00e7\u00e3o da Dire\u00e7\u00e3o-Geral de Energia e Geologia (DGEG) \u00e9 fundamental para garantir que os trabalhos el\u00e9tricos sejam realizados por profissionais qualificados e devidamente credenciados. Seja para uma nova instala\u00e7\u00e3o, certifica\u00e7\u00e3o el\u00e9trica ou regulariza\u00e7\u00e3o da rede, contar com [&hellip;]<\/p>\n","protected":false},"author":1,"featured_media":0,"parent":0,"menu_order":0,"comment_status":"closed","ping_status":"closed","template":"","meta":{"iawp_total_views":1109,"footnotes":""},"class_list":["post-3068","page","type-page","status-publish","hentry"],"yoast_head":"<!-- This site is optimized with the Yoast SEO plugin v27.5 - https:\/\/yoast.com\/product\/yoast-seo-wordpress\/ -->\n<title>Eletricista Certificado DGEG - Instala\u00e7\u00f5es El\u00e9tricas com Garantia<\/title>\n<meta name=\"description\" content=\"Precisa de um eletricista certificado pela DGEG? Oferecemos servi\u00e7os el\u00e9tricos seguros e em conformidade com as normas exigidas. Pe\u00e7a um or\u00e7amento agora!\" \/>\n<meta name=\"robots\" content=\"index, follow, max-snippet:-1, max-image-preview:large, max-video-preview:-1\" \/>\n<link rel=\"canonical\" href=\"https:\/\/eletricistadelisboa.pt\/fr\/electricien-certifie-dgeg\/\" \/>\n<meta property=\"og:locale\" content=\"fr_FR\" \/>\n<meta property=\"og:type\" content=\"article\" \/>\n<meta property=\"og:title\" content=\"Eletricista Certificado DGEG - Instala\u00e7\u00f5es El\u00e9tricas com Garantia\" \/>\n<meta property=\"og:description\" content=\"Precisa de um eletricista certificado pela DGEG? Oferecemos servi\u00e7os el\u00e9tricos seguros e em conformidade com as normas exigidas. Pe\u00e7a um or\u00e7amento agora!\" \/>\n<meta property=\"og:url\" content=\"https:\/\/eletricistadelisboa.pt\/fr\/electricien-certifie-dgeg\/\" \/>\n<meta property=\"og:site_name\" content=\"Eletricista de Lisboa\" \/>\n<meta name=\"twitter:card\" content=\"summary_large_image\" \/>\n<script type=\"application\/ld+json\" class=\"yoast-schema-graph\">{\"@context\":\"https:\\\/\\\/schema.org\",\"@graph\":[{\"@type\":\"WebPage\",\"@id\":\"https:\\\/\\\/eletricistadelisboa.pt\\\/eletricista-certificado-dgeg\\\/\",\"url\":\"https:\\\/\\\/eletricistadelisboa.pt\\\/eletricista-certificado-dgeg\\\/\",\"name\":\"Eletricista Certificado DGEG - Instala\u00e7\u00f5es El\u00e9tricas com Garantia\",\"isPartOf\":{\"@id\":\"https:\\\/\\\/eletricistadelisboa.pt\\\/#website\"},\"datePublished\":\"2025-01-31T13:45:19+00:00\",\"description\":\"Precisa de um eletricista certificado pela DGEG? Oferecemos servi\u00e7os el\u00e9tricos seguros e em conformidade com as normas exigidas. Pe\u00e7a um or\u00e7amento agora!\",\"breadcrumb\":{\"@id\":\"https:\\\/\\\/eletricistadelisboa.pt\\\/eletricista-certificado-dgeg\\\/#breadcrumb\"},\"inLanguage\":\"fr-FR\",\"potentialAction\":[{\"@type\":\"ReadAction\",\"target\":[\"https:\\\/\\\/eletricistadelisboa.pt\\\/eletricista-certificado-dgeg\\\/\"]}]},{\"@type\":\"BreadcrumbList\",\"@id\":\"https:\\\/\\\/eletricistadelisboa.pt\\\/eletricista-certificado-dgeg\\\/#breadcrumb\",\"itemListElement\":[{\"@type\":\"ListItem\",\"position\":1,\"name\":\"In\u00edcio\",\"item\":\"https:\\\/\\\/eletricistadelisboa.pt\\\/\"},{\"@type\":\"ListItem\",\"position\":2,\"name\":\"Eletricista Certificado DGEG &#8211; Instala\u00e7\u00f5es El\u00e9tricas com Garantia\"}]},{\"@type\":\"WebSite\",\"@id\":\"https:\\\/\\\/eletricistadelisboa.pt\\\/#website\",\"url\":\"https:\\\/\\\/eletricistadelisboa.pt\\\/\",\"name\":\"Eletricista de Lisboa\",\"description\":\"Servi\u00e7os el\u00e9tricos r\u00e1pidos e de alta qualidade em Lisboa, dispon\u00edveis 24 horas por dia.\",\"potentialAction\":[{\"@type\":\"SearchAction\",\"target\":{\"@type\":\"EntryPoint\",\"urlTemplate\":\"https:\\\/\\\/eletricistadelisboa.pt\\\/?s={search_term_string}\"},\"query-input\":{\"@type\":\"PropertyValueSpecification\",\"valueRequired\":true,\"valueName\":\"search_term_string\"}}],\"inLanguage\":\"fr-FR\"}]}<\/script>\n<!-- \/ Yoast SEO plugin. -->","yoast_head_json":{"title":"\u00c9lectricien certifi\u00e9 DGEG - Installations \u00e9lectriques garanties","description":"Vous avez besoin d'un \u00e9lectricien certifi\u00e9 DGEG ? Nous vous proposons des services \u00e9lectriques s\u00fbrs et conformes aux normes en vigueur. Demandez un devis d\u00e8s maintenant !","robots":{"index":"index","follow":"follow","max-snippet":"max-snippet:-1","max-image-preview":"max-image-preview:large","max-video-preview":"max-video-preview:-1"},"canonical":"https:\/\/eletricistadelisboa.pt\/fr\/electricien-certifie-dgeg\/","og_locale":"fr_FR","og_type":"article","og_title":"Eletricista Certificado DGEG - Instala\u00e7\u00f5es El\u00e9tricas com Garantia","og_description":"Precisa de um eletricista certificado pela DGEG? Oferecemos servi\u00e7os el\u00e9tricos seguros e em conformidade com as normas exigidas. Pe\u00e7a um or\u00e7amento agora!","og_url":"https:\/\/eletricistadelisboa.pt\/fr\/electricien-certifie-dgeg\/","og_site_name":"Eletricista de Lisboa","twitter_card":"summary_large_image","schema":{"@context":"https:\/\/schema.org","@graph":[{"@type":"WebPage","@id":"https:\/\/eletricistadelisboa.pt\/eletricista-certificado-dgeg\/","url":"https:\/\/eletricistadelisboa.pt\/eletricista-certificado-dgeg\/","name":"\u00c9lectricien certifi\u00e9 DGEG - Installations \u00e9lectriques garanties","isPartOf":{"@id":"https:\/\/eletricistadelisboa.pt\/#website"},"datePublished":"2025-01-31T13:45:19+00:00","description":"Vous avez besoin d'un \u00e9lectricien certifi\u00e9 DGEG ? Nous vous proposons des services \u00e9lectriques s\u00fbrs et conformes aux normes en vigueur. Demandez un devis d\u00e8s maintenant !","breadcrumb":{"@id":"https:\/\/eletricistadelisboa.pt\/eletricista-certificado-dgeg\/#breadcrumb"},"inLanguage":"fr-FR","potentialAction":[{"@type":"ReadAction","target":["https:\/\/eletricistadelisboa.pt\/eletricista-certificado-dgeg\/"]}]},{"@type":"BreadcrumbList","@id":"https:\/\/eletricistadelisboa.pt\/eletricista-certificado-dgeg\/#breadcrumb","itemListElement":[{"@type":"ListItem","position":1,"name":"In\u00edcio","item":"https:\/\/eletricistadelisboa.pt\/"},{"@type":"ListItem","position":2,"name":"Eletricista Certificado DGEG &#8211; Instala\u00e7\u00f5es El\u00e9tricas com Garantia"}]},{"@type":"WebSite","@id":"https:\/\/eletricistadelisboa.pt\/#website","url":"https:\/\/eletricistadelisboa.pt\/","name":"Eletricista de Lisboa","description":"Des services \u00e9lectriques rapides et de haute qualit\u00e9 \u00e0 Lisbonne, disponibles 24 heures sur 24.","potentialAction":[{"@type":"SearchAction","target":{"@type":"EntryPoint","urlTemplate":"https:\/\/eletricistadelisboa.pt\/?s={search_term_string}"},"query-input":{"@type":"PropertyValueSpecification","valueRequired":true,"valueName":"search_term_string"}}],"inLanguage":"fr-FR"}]}},"_links":{"self":[{"href":"https:\/\/eletricistadelisboa.pt\/fr\/wp-json\/wp\/v2\/pages\/3068","targetHints":{"allow":["GET"]}}],"collection":[{"href":"https:\/\/eletricistadelisboa.pt\/fr\/wp-json\/wp\/v2\/pages"}],"about":[{"href":"https:\/\/eletricistadelisboa.pt\/fr\/wp-json\/wp\/v2\/types\/page"}],"author":[{"embeddable":true,"href":"https:\/\/eletricistadelisboa.pt\/fr\/wp-json\/wp\/v2\/users\/1"}],"replies":[{"embeddable":true,"href":"https:\/\/eletricistadelisboa.pt\/fr\/wp-json\/wp\/v2\/comments?post=3068"}],"version-history":[{"count":1,"href":"https:\/\/eletricistadelisboa.pt\/fr\/wp-json\/wp\/v2\/pages\/3068\/revisions"}],"predecessor-version":[{"id":3070,"href":"https:\/\/eletricistadelisboa.pt\/fr\/wp-json\/wp\/v2\/pages\/3068\/revisions\/3070"}],"wp:attachment":[{"href":"https:\/\/eletricistadelisboa.pt\/fr\/wp-json\/wp\/v2\/media?parent=3068"}],"curies":[{"name":"wp","href":"https:\/\/api.w.org\/{rel}","templated":true}]}}