{"id":3057,"date":"2025-01-31T12:50:07","date_gmt":"2025-01-31T12:50:07","guid":{"rendered":"https:\/\/eletricistadelisboa.pt\/?page_id=3057"},"modified":"2025-01-31T12:50:07","modified_gmt":"2025-01-31T12:50:07","slug":"maintenance-electrique-preventive","status":"publish","type":"page","link":"https:\/\/eletricistadelisboa.pt\/fr\/maintenance-electrique-preventive\/","title":{"rendered":"Maintenance \u00e9lectrique pr\u00e9ventive - S\u00e9curit\u00e9 et efficacit\u00e9"},"content":{"rendered":"<p>A <strong>maintenance \u00e9lectrique pr\u00e9ventive<\/strong> est essentiel pour assurer le bon fonctionnement de l'installation \u00e9lectrique, pr\u00e9venir les pannes et \u00e9viter les accidents. De petits probl\u00e8mes \u00e9lectriques peuvent se transformer en d\u00e9fauts graves, provoquant des courts-circuits, des incendies ou m\u00eame des dommages \u00e0 l'\u00e9quipement \u00e9lectronique.<\/p>\n<p>Pour \u00e9viter les mauvaises surprises et garantir la s\u00e9curit\u00e9, un plan de maintenance \u00e9lectrique pr\u00e9ventive est la meilleure solution pour les particuliers, les entreprises et les industries.<\/p>\n<h2>Qu'est-ce que la maintenance \u00e9lectrique pr\u00e9ventive ?<\/h2>\n<p>A <strong>maintenance \u00e9lectrique pr\u00e9ventive<\/strong> consiste en des inspections r\u00e9guli\u00e8res et des ajustements du r\u00e9seau \u00e9lectrique avant que des probl\u00e8mes ne surviennent. L'objectif est de d\u00e9tecter l'usure, la surchauffe, les connexions desserr\u00e9es et d'autres d\u00e9fauts qui peuvent compromettre la s\u00e9curit\u00e9 et l'efficacit\u00e9 du syst\u00e8me \u00e9lectrique.<\/p>\n<p>En plus de pr\u00e9venir les pannes inattendues, ce type d'entretien prolonge la dur\u00e9e de vie de l'\u00e9quipement et r\u00e9duit le co\u00fbt des r\u00e9parations d'urgence.<\/p>\n<h2>Pourquoi la maintenance \u00e9lectrique pr\u00e9ventive est-elle importante ?<\/h2>\n<p>La r\u00e9alisation d'inspections p\u00e9riodiques sur le r\u00e9seau \u00e9lectrique pr\u00e9sente plusieurs avantages :<\/p>\n<ul>\n<li><strong>\u00c9viter les d\u00e9faillances inattendues :<\/strong> L'identification pr\u00e9coce des probl\u00e8mes r\u00e9duit le risque de pannes et de courts-circuits.<\/li>\n<li><strong>R\u00e9duction des co\u00fbts :<\/strong> L'entretien programm\u00e9 permet d'\u00e9viter le co\u00fbt des r\u00e9parations d'urgence et le remplacement des \u00e9quipements br\u00fbl\u00e9s.<\/li>\n<li><strong>Une plus grande s\u00e9curit\u00e9 :<\/strong> R\u00e9duit le risque de choc \u00e9lectrique, d'incendie et de dommages structurels.<\/li>\n<li><strong>Efficacit\u00e9 \u00e9nerg\u00e9tique :<\/strong> Corrige le gaspillage d'\u00e9nergie caus\u00e9 par des connexions l\u00e2ches ou des c\u00e2bles surcharg\u00e9s.<\/li>\n<li><strong>Prolonge la dur\u00e9e de vie des \u00e9quipements :<\/strong> Pr\u00e9vient la surcharge et la surchauffe des appareils \u00e9lectriques.<\/li>\n<\/ul>\n<p>Avec un <strong>maintenance \u00e9lectrique pr\u00e9ventive<\/strong>Votre installation sera toujours en parfait \u00e9tat de fonctionnement et conforme aux r\u00e8gles de s\u00e9curit\u00e9.<\/p>\n<h2>Que comprend un service de maintenance \u00e9lectrique pr\u00e9ventive ?<\/h2>\n<p>A <strong>maintenance \u00e9lectrique pr\u00e9ventive<\/strong> implique plusieurs \u00e9tapes visant \u00e0 garantir la s\u00e9curit\u00e9 et l'efficacit\u00e9 du syst\u00e8me. Les principales activit\u00e9s sont les suivantes<\/p>\n<ul>\n<li><strong>Inspection du c\u00e2blage \u00e9lectrique :<\/strong> V\u00e9rifier que les c\u00e2bles ne sont pas effiloch\u00e9s, que l'isolation n'est pas endommag\u00e9e et qu'il n'y a pas de surchauffe.<\/li>\n<li><strong>Analyser les disjoncteurs et les tableaux de distribution :<\/strong> Tester la capacit\u00e9 des disjoncteurs pour \u00e9viter les surcharges.<\/li>\n<li><strong>Test des prises et des interrupteurs :<\/strong> \u00c9valuation des connexions l\u00e2ches ou mal dimensionn\u00e9es.<\/li>\n<li><strong>Mesure de la r\u00e9sistance de mise \u00e0 la terre :<\/strong> V\u00e9rification du syst\u00e8me de mise \u00e0 la terre pour assurer la protection contre les surtensions \u00e9lectriques.<\/li>\n<li><strong>Inspection des syst\u00e8mes d'\u00e9clairage :<\/strong> \u00c9valuation du fonctionnement des lampes, des r\u00e9flecteurs et du c\u00e2blage des luminaires.<\/li>\n<li><strong>V\u00e9rification des panneaux et des c\u00e2bles \u00e9lectriques :<\/strong> Inspection pour d\u00e9tecter les surcharges et les d\u00e9fauts de circuit.<\/li>\n<li><strong>Test de l'\u00e9quipement \u00e9lectrique :<\/strong> \u00c9valuation de la consommation d'\u00e9nergie et de l'efficacit\u00e9 des machines et des appareils.<\/li>\n<\/ul>\n<p>Gr\u00e2ce \u00e0 cette approche globale, nous veillons \u00e0 ce que votre installation \u00e9lectrique soit toujours s\u00fbre et fonctionne correctement.<\/p>\n<h2>Qui a besoin d'une maintenance \u00e9lectrique pr\u00e9ventive ?<\/h2>\n<p>A <strong>maintenance \u00e9lectrique pr\u00e9ventive<\/strong> est recommand\u00e9 pour diff\u00e9rents types de biens et de secteurs :<\/p>\n<ul>\n<li><strong>R\u00e9sidences :<\/strong> Pour \u00e9viter les surcharges et assurer la s\u00e9curit\u00e9 de fonctionnement des \u00e9quipements \u00e9lectriques.<\/li>\n<li><strong>Entreprises et bureaux :<\/strong> Pour \u00e9viter les coupures de courant et les pannes des \u00e9quipements essentiels.<\/li>\n<li><strong>Industries :<\/strong> Pour que les machines et les \u00e9quipements fonctionnent sans interruption.<\/li>\n<li><strong>Copropri\u00e9t\u00e9s et immeubles :<\/strong> Pour assurer la s\u00e9curit\u00e9 dans les zones communes et \u00e9viter les coupures de courant.<\/li>\n<li><strong>H\u00f4pitaux et cliniques :<\/strong> Lorsque l'\u00e9lectricit\u00e9 est essentielle au fonctionnement de l'\u00e9quipement m\u00e9dical.<\/li>\n<\/ul>\n<p>Quel que soit le type de propri\u00e9t\u00e9, la maintenance pr\u00e9ventive est essentielle pour \u00e9viter les probl\u00e8mes et garantir le bon fonctionnement du syst\u00e8me \u00e9lectrique.<\/p>\n<h2>\u00c0 quelle fr\u00e9quence la maintenance \u00e9lectrique doit-elle \u00eatre effectu\u00e9e ?<\/h2>\n<p>La fr\u00e9quence des <strong>maintenance \u00e9lectrique pr\u00e9ventive<\/strong> d\u00e9pend du type d'installation et de la charge \u00e9lectrique utilis\u00e9e. Voici quelques recommandations g\u00e9n\u00e9rales :<\/p>\n<ul>\n<li><strong>R\u00e9sidences :<\/strong> Inspection annuelle pour \u00e9viter les d\u00e9faillances du r\u00e9seau \u00e9lectrique.<\/li>\n<li><strong>Entreprises et bureaux :<\/strong> Inspection tous les 6 mois en raison de l'utilisation constante de l'\u00e9quipement.<\/li>\n<li><strong>Industries :<\/strong> Entretien trimestriel ou selon les recommandations du fabricant de l'\u00e9quipement.<\/li>\n<li><strong>H\u00f4pitaux et laboratoires :<\/strong> Inspection mensuelle ou selon des r\u00e9glementations sp\u00e9cifiques.<\/li>\n<\/ul>\n<p>La recommandation id\u00e9ale doit \u00eatre faite par un \u00e9lectricien qualifi\u00e9 apr\u00e8s une \u00e9valuation du syst\u00e8me \u00e9lectrique.<\/p>\n<h2>Quel est le co\u00fbt de la maintenance \u00e9lectrique pr\u00e9ventive ?<\/h2>\n<p>Le co\u00fbt de la <strong>maintenance \u00e9lectrique pr\u00e9ventive<\/strong> peut varier en fonction de plusieurs facteurs :<\/p>\n<ul>\n<li>Taille de l'installation \u00e9lectrique.<\/li>\n<li>Quantit\u00e9 de mat\u00e9riel \u00e9lectrique \u00e0 inspecter.<\/li>\n<li>Complexit\u00e9 du syst\u00e8me \u00e9lectrique (monophas\u00e9, biphas\u00e9 ou triphas\u00e9).<\/li>\n<li>N\u00e9cessit\u00e9 de r\u00e9parer ou de remplacer des composants.<\/li>\n<\/ul>\n<p>Pour obtenir un devis d\u00e9taill\u00e9 et \u00e9quitable, nous recommandons une \u00e9valuation professionnelle du site.<\/p>\n<h2>Combien de temps dure la maintenance \u00e9lectrique pr\u00e9ventive ?<\/h2>\n<p>Le temps n\u00e9cessaire pour compl\u00e9ter le <strong>maintenance \u00e9lectrique pr\u00e9ventive<\/strong> d\u00e9pend de la complexit\u00e9 du service. Les petites inspections peuvent \u00eatre r\u00e9alis\u00e9es en quelques heures, tandis que les analyses plus d\u00e9taill\u00e9es peuvent prendre un jour ou deux.<\/p>\n<h2>Besoin d'une maintenance \u00e9lectrique pr\u00e9ventive ? N'h\u00e9sitez pas \u00e0 nous contacter !<\/h2>\n<p>Si vous souhaitez garantir la s\u00e9curit\u00e9 et l'efficacit\u00e9 de votre installation \u00e9lectrique, n'h\u00e9sitez pas \u00e0 nous contacter. Nous offrons un service professionnel <strong>maintenance \u00e9lectrique pr\u00e9ventive<\/strong> pour les particuliers, les entreprises et les industries.<\/p>","protected":false},"excerpt":{"rendered":"<p>A manuten\u00e7\u00e3o el\u00e9trica preventiva \u00e9 essencial para garantir o bom funcionamento da instala\u00e7\u00e3o el\u00e9trica, prevenir falhas e evitar acidentes. Pequenos problemas el\u00e9tricos podem evoluir para falhas graves, causando curtos-circuitos, inc\u00eandios ou at\u00e9 mesmo danos a equipamentos eletr\u00f4nicos. Se deseja evitar surpresas desagrad\u00e1veis e garantir seguran\u00e7a, um plano de manuten\u00e7\u00e3o el\u00e9trica preventiva \u00e9 a melhor solu\u00e7\u00e3o [&hellip;]<\/p>\n","protected":false},"author":1,"featured_media":0,"parent":0,"menu_order":0,"comment_status":"closed","ping_status":"closed","template":"","meta":{"iawp_total_views":14,"footnotes":""},"class_list":["post-3057","page","type-page","status-publish","hentry"],"yoast_head":"<!-- This site is optimized with the Yoast SEO plugin v27.5 - https:\/\/yoast.com\/product\/yoast-seo-wordpress\/ -->\n<title>Manuten\u00e7\u00e3o El\u00e9trica Preventiva \u2013 Seguran\u00e7a e Efici\u00eancia<\/title>\n<meta name=\"description\" content=\"Precisa de manuten\u00e7\u00e3o el\u00e9trica preventiva? Evite falhas, aumente a seguran\u00e7a e reduza custos com inspe\u00e7\u00f5es regulares. Pe\u00e7a um or\u00e7amento agora!\" \/>\n<meta name=\"robots\" content=\"index, follow, max-snippet:-1, max-image-preview:large, max-video-preview:-1\" \/>\n<link rel=\"canonical\" href=\"https:\/\/eletricistadelisboa.pt\/fr\/maintenance-electrique-preventive\/\" \/>\n<meta property=\"og:locale\" content=\"fr_FR\" \/>\n<meta property=\"og:type\" content=\"article\" \/>\n<meta property=\"og:title\" content=\"Manuten\u00e7\u00e3o El\u00e9trica Preventiva \u2013 Seguran\u00e7a e Efici\u00eancia\" \/>\n<meta property=\"og:description\" content=\"Precisa de manuten\u00e7\u00e3o el\u00e9trica preventiva? Evite falhas, aumente a seguran\u00e7a e reduza custos com inspe\u00e7\u00f5es regulares. Pe\u00e7a um or\u00e7amento agora!\" \/>\n<meta property=\"og:url\" content=\"https:\/\/eletricistadelisboa.pt\/fr\/maintenance-electrique-preventive\/\" \/>\n<meta property=\"og:site_name\" content=\"Eletricista de Lisboa\" \/>\n<meta name=\"twitter:card\" content=\"summary_large_image\" \/>\n<script type=\"application\/ld+json\" class=\"yoast-schema-graph\">{\"@context\":\"https:\\\/\\\/schema.org\",\"@graph\":[{\"@type\":\"WebPage\",\"@id\":\"https:\\\/\\\/eletricistadelisboa.pt\\\/manutencao-eletrica-preventiva\\\/\",\"url\":\"https:\\\/\\\/eletricistadelisboa.pt\\\/manutencao-eletrica-preventiva\\\/\",\"name\":\"Manuten\u00e7\u00e3o El\u00e9trica Preventiva \u2013 Seguran\u00e7a e Efici\u00eancia\",\"isPartOf\":{\"@id\":\"https:\\\/\\\/eletricistadelisboa.pt\\\/#website\"},\"datePublished\":\"2025-01-31T12:50:07+00:00\",\"description\":\"Precisa de manuten\u00e7\u00e3o el\u00e9trica preventiva? Evite falhas, aumente a seguran\u00e7a e reduza custos com inspe\u00e7\u00f5es regulares. Pe\u00e7a um or\u00e7amento agora!\",\"breadcrumb\":{\"@id\":\"https:\\\/\\\/eletricistadelisboa.pt\\\/manutencao-eletrica-preventiva\\\/#breadcrumb\"},\"inLanguage\":\"fr-FR\",\"potentialAction\":[{\"@type\":\"ReadAction\",\"target\":[\"https:\\\/\\\/eletricistadelisboa.pt\\\/manutencao-eletrica-preventiva\\\/\"]}]},{\"@type\":\"BreadcrumbList\",\"@id\":\"https:\\\/\\\/eletricistadelisboa.pt\\\/manutencao-eletrica-preventiva\\\/#breadcrumb\",\"itemListElement\":[{\"@type\":\"ListItem\",\"position\":1,\"name\":\"In\u00edcio\",\"item\":\"https:\\\/\\\/eletricistadelisboa.pt\\\/\"},{\"@type\":\"ListItem\",\"position\":2,\"name\":\"Manuten\u00e7\u00e3o El\u00e9trica Preventiva \u2013 Seguran\u00e7a e Efici\u00eancia\"}]},{\"@type\":\"WebSite\",\"@id\":\"https:\\\/\\\/eletricistadelisboa.pt\\\/#website\",\"url\":\"https:\\\/\\\/eletricistadelisboa.pt\\\/\",\"name\":\"Eletricista de Lisboa\",\"description\":\"Servi\u00e7os el\u00e9tricos r\u00e1pidos e de alta qualidade em Lisboa, dispon\u00edveis 24 horas por dia.\",\"potentialAction\":[{\"@type\":\"SearchAction\",\"target\":{\"@type\":\"EntryPoint\",\"urlTemplate\":\"https:\\\/\\\/eletricistadelisboa.pt\\\/?s={search_term_string}\"},\"query-input\":{\"@type\":\"PropertyValueSpecification\",\"valueRequired\":true,\"valueName\":\"search_term_string\"}}],\"inLanguage\":\"fr-FR\"}]}<\/script>\n<!-- \/ Yoast SEO plugin. -->","yoast_head_json":{"title":"Maintenance \u00e9lectrique pr\u00e9ventive - S\u00e9curit\u00e9 et efficacit\u00e9","description":"Besoin d'une maintenance \u00e9lectrique pr\u00e9ventive ? \u00c9vitez les pannes, augmentez la s\u00e9curit\u00e9 et r\u00e9duisez les co\u00fbts gr\u00e2ce \u00e0 des inspections r\u00e9guli\u00e8res. Demandez un devis maintenant !","robots":{"index":"index","follow":"follow","max-snippet":"max-snippet:-1","max-image-preview":"max-image-preview:large","max-video-preview":"max-video-preview:-1"},"canonical":"https:\/\/eletricistadelisboa.pt\/fr\/maintenance-electrique-preventive\/","og_locale":"fr_FR","og_type":"article","og_title":"Manuten\u00e7\u00e3o El\u00e9trica Preventiva \u2013 Seguran\u00e7a e Efici\u00eancia","og_description":"Precisa de manuten\u00e7\u00e3o el\u00e9trica preventiva? Evite falhas, aumente a seguran\u00e7a e reduza custos com inspe\u00e7\u00f5es regulares. Pe\u00e7a um or\u00e7amento agora!","og_url":"https:\/\/eletricistadelisboa.pt\/fr\/maintenance-electrique-preventive\/","og_site_name":"Eletricista de Lisboa","twitter_card":"summary_large_image","schema":{"@context":"https:\/\/schema.org","@graph":[{"@type":"WebPage","@id":"https:\/\/eletricistadelisboa.pt\/manutencao-eletrica-preventiva\/","url":"https:\/\/eletricistadelisboa.pt\/manutencao-eletrica-preventiva\/","name":"Maintenance \u00e9lectrique pr\u00e9ventive - S\u00e9curit\u00e9 et efficacit\u00e9","isPartOf":{"@id":"https:\/\/eletricistadelisboa.pt\/#website"},"datePublished":"2025-01-31T12:50:07+00:00","description":"Besoin d'une maintenance \u00e9lectrique pr\u00e9ventive ? \u00c9vitez les pannes, augmentez la s\u00e9curit\u00e9 et r\u00e9duisez les co\u00fbts gr\u00e2ce \u00e0 des inspections r\u00e9guli\u00e8res. Demandez un devis maintenant !","breadcrumb":{"@id":"https:\/\/eletricistadelisboa.pt\/manutencao-eletrica-preventiva\/#breadcrumb"},"inLanguage":"fr-FR","potentialAction":[{"@type":"ReadAction","target":["https:\/\/eletricistadelisboa.pt\/manutencao-eletrica-preventiva\/"]}]},{"@type":"BreadcrumbList","@id":"https:\/\/eletricistadelisboa.pt\/manutencao-eletrica-preventiva\/#breadcrumb","itemListElement":[{"@type":"ListItem","position":1,"name":"In\u00edcio","item":"https:\/\/eletricistadelisboa.pt\/"},{"@type":"ListItem","position":2,"name":"Manuten\u00e7\u00e3o El\u00e9trica Preventiva \u2013 Seguran\u00e7a e Efici\u00eancia"}]},{"@type":"WebSite","@id":"https:\/\/eletricistadelisboa.pt\/#website","url":"https:\/\/eletricistadelisboa.pt\/","name":"Eletricista de Lisboa","description":"Des services \u00e9lectriques rapides et de haute qualit\u00e9 \u00e0 Lisbonne, disponibles 24 heures sur 24.","potentialAction":[{"@type":"SearchAction","target":{"@type":"EntryPoint","urlTemplate":"https:\/\/eletricistadelisboa.pt\/?s={search_term_string}"},"query-input":{"@type":"PropertyValueSpecification","valueRequired":true,"valueName":"search_term_string"}}],"inLanguage":"fr-FR"}]}},"_links":{"self":[{"href":"https:\/\/eletricistadelisboa.pt\/fr\/wp-json\/wp\/v2\/pages\/3057","targetHints":{"allow":["GET"]}}],"collection":[{"href":"https:\/\/eletricistadelisboa.pt\/fr\/wp-json\/wp\/v2\/pages"}],"about":[{"href":"https:\/\/eletricistadelisboa.pt\/fr\/wp-json\/wp\/v2\/types\/page"}],"author":[{"embeddable":true,"href":"https:\/\/eletricistadelisboa.pt\/fr\/wp-json\/wp\/v2\/users\/1"}],"replies":[{"embeddable":true,"href":"https:\/\/eletricistadelisboa.pt\/fr\/wp-json\/wp\/v2\/comments?post=3057"}],"version-history":[{"count":1,"href":"https:\/\/eletricistadelisboa.pt\/fr\/wp-json\/wp\/v2\/pages\/3057\/revisions"}],"predecessor-version":[{"id":3058,"href":"https:\/\/eletricistadelisboa.pt\/fr\/wp-json\/wp\/v2\/pages\/3057\/revisions\/3058"}],"wp:attachment":[{"href":"https:\/\/eletricistadelisboa.pt\/fr\/wp-json\/wp\/v2\/media?parent=3057"}],"curies":[{"name":"wp","href":"https:\/\/api.w.org\/{rel}","templated":true}]}}