{"id":2964,"date":"2025-01-30T12:20:14","date_gmt":"2025-01-30T12:20:14","guid":{"rendered":"https:\/\/eletricistadelisboa.pt\/?page_id=2964"},"modified":"2025-01-30T12:20:14","modified_gmt":"2025-01-30T12:20:14","slug":"eclairage-de-jardin","status":"publish","type":"page","link":"https:\/\/eletricistadelisboa.pt\/fr\/eclairage-de-jardin\/","title":{"rendered":"Eclairage de jardin - Beaut\u00e9 et s\u00e9curit\u00e9 pour votre espace"},"content":{"rendered":"<p>Vous souhaitez am\u00e9liorer l'am\u00e9nagement de votre espace ext\u00e9rieur ? A <strong>\u00e9clairage de jardin<\/strong> est essentiel pour mettre en valeur la beaut\u00e9 des plantes, des all\u00e9es et des espaces de vie, ainsi que pour accro\u00eetre la s\u00e9curit\u00e9 nocturne. Un projet bien con\u00e7u transforme tout environnement ext\u00e9rieur, le rendant plus \u00e9l\u00e9gant et plus fonctionnel.<\/p>\n<p>Gr\u00e2ce \u00e0 une installation professionnelle, nous veillons \u00e0 ce que votre \u00e9clairage de jardin soit efficace, durable et \u00e9conomique.<\/p>\n<h2>Pourquoi investir dans un \u00e9clairage de jardin ?<\/h2>\n<p>L'\u00e9clairage ext\u00e9rieur n'est pas seulement esth\u00e9tique. Il offre de nombreux avantages, tels que<\/p>\n<ul>\n<li><strong>Am\u00e9lioration de l'am\u00e9nagement paysager :<\/strong> Il met en valeur les arbres, les buissons, les fontaines et les chemins.<\/li>\n<li><strong>La s\u00e9curit\u00e9 :<\/strong> R\u00e9duit le risque d'accident en \u00e9clairant les escaliers et les passages.<\/li>\n<li><strong>Protection contre les intrusions :<\/strong> Les pi\u00e8ces bien \u00e9clair\u00e9es emp\u00eachent les intrus d'y p\u00e9n\u00e9trer.<\/li>\n<li><strong>Ambiance chaleureuse :<\/strong> Il cr\u00e9e un espace agr\u00e9able pour les loisirs et la socialisation.<\/li>\n<li><strong>Efficacit\u00e9 \u00e9nerg\u00e9tique :<\/strong> L'utilisation de LED r\u00e9duit la consommation d'\u00e9nergie.<\/li>\n<\/ul>\n<p>Avec un <strong>conception de l'\u00e9clairage du jardin<\/strong> Bien ex\u00e9cut\u00e9, votre espace ext\u00e9rieur devient plus beau, plus s\u00fbr et plus durable.<\/p>\n<h2>Quels sont les types d'\u00e9clairage de jardin ?<\/h2>\n<p>Il existe diff\u00e9rentes techniques et diff\u00e9rents \u00e9quipements pour cr\u00e9er des effets impressionnants dans l'\u00e9clairage du jardin. Les principales options sont les suivantes :<\/p>\n<ul>\n<li><strong>Taches directionnelles :<\/strong> Id\u00e9al pour mettre en valeur les arbres et les sculptures.<\/li>\n<li><strong>Balises :<\/strong> Ils \u00e9clairent les chemins et les zones de circulation.<\/li>\n<li><strong>Appliques ext\u00e9rieures :<\/strong> Fix\u00e9 au mur pour une lumi\u00e8re indirecte sophistiqu\u00e9e.<\/li>\n<li><strong>Poteaux d\u00e9coratifs :<\/strong> Ils cr\u00e9ent un effet classique dans les grands jardins.<\/li>\n<li><strong>Bandes LED :<\/strong> Appliqu\u00e9 sur les pergolas, les marches et les meubles d'ext\u00e9rieur.<\/li>\n<li><strong>R\u00e9flecteurs :<\/strong> Utilis\u00e9 pour l'\u00e9clairage intense de grandes surfaces.<\/li>\n<li><strong>Luminaires solaires :<\/strong> Une option durable et \u00e9conomique, qui ne n\u00e9cessite aucun c\u00e2blage.<\/li>\n<\/ul>\n<p>La combinaison de ces options garantit un effet harmonieux et personnalis\u00e9 pour chaque type d'espace.<\/p>\n<h2>O\u00f9 peut-on utiliser l'\u00e9clairage de jardin ?<\/h2>\n<p>A <strong>\u00e9clairage de jardin<\/strong> peut \u00eatre utilis\u00e9 \u00e0 diff\u00e9rentes fins, par exemple :<\/p>\n<ul>\n<li><strong>Arbres et plantes :<\/strong> Ils mettent en valeur la v\u00e9g\u00e9tation avec un effet naturel.<\/li>\n<li><strong>Chemins et passages :<\/strong> Ils \u00e9vitent de tr\u00e9bucher et rendent les d\u00e9placements plus s\u00fbrs.<\/li>\n<li><strong>Escaliers ext\u00e9rieurs :<\/strong> Ils garantissent la s\u00e9curit\u00e9 et le style.<\/li>\n<li><strong>Fontaines et lacs artificiels :<\/strong> Ils cr\u00e9ent un effet \u00e9blouissant la nuit.<\/li>\n<li><strong>Espaces de vie :<\/strong> \u00c9clairage doux pour les terrasses, les pergolas et les balcons.<\/li>\n<\/ul>\n<p>Le choix des points lumineux et le type de lampe font toute la diff\u00e9rence pour le r\u00e9sultat final.<\/p>\n<h2>Comment fonctionne l'installation d'un \u00e9clairage de jardin ?<\/h2>\n<p>L'installation d'un <strong>conception de l'\u00e9clairage du jardin<\/strong> doit \u00eatre r\u00e9alis\u00e9e par des professionnels afin de garantir sa durabilit\u00e9 et sa s\u00e9curit\u00e9. Le processus comprend<\/p>\n<ul>\n<li>Analyse de l'espace pour d\u00e9finir les points d'\u00e9clairage.<\/li>\n<li>Choisir le bon type de luminaire pour chaque zone.<\/li>\n<li>Installation d'un c\u00e2blage \u00e9lectrique ou de luminaires solaires selon les besoins.<\/li>\n<li>Fixation de spots, de poteaux et de balises au sol, aux murs ou aux structures.<\/li>\n<li>Tests d'\u00e9clairage et ajustements finaux pour un effet optimal.<\/li>\n<\/ul>\n<p>Une installation professionnelle \u00e9vite les gaspillages d'\u00e9nergie et les probl\u00e8mes \u00e9lectriques, et garantit une finition impeccable.<\/p>\n<h2>Quels sont les avantages d'un projet d'\u00e9clairage de jardin professionnel ?<\/h2>\n<p>Engagez un expert pour \u00e9laborer un <strong>conception de l'\u00e9clairage du jardin<\/strong> pr\u00e9sente plusieurs avantages :<\/p>\n<ul>\n<li><strong>Esth\u00e9tique am\u00e9lior\u00e9e :<\/strong> Un \u00e9clairage strat\u00e9gique met en valeur l'espace ext\u00e9rieur.<\/li>\n<li><strong>Efficacit\u00e9 \u00e9nerg\u00e9tique :<\/strong> L'utilisation de LED et de capteurs permet de r\u00e9duire la consommation.<\/li>\n<li><strong>Une plus grande durabilit\u00e9 :<\/strong> Une installation correcte permet d'\u00e9viter les pannes et les entretiens fr\u00e9quents.<\/li>\n<li><strong>Personnalisation :<\/strong> L'\u00e9clairage est adapt\u00e9 au style du jardin et aux besoins du client.<\/li>\n<li><strong>Un environnement plus s\u00fbr :<\/strong> R\u00e9duction des risques dans les zones ext\u00e9rieures mal \u00e9clair\u00e9es.<\/li>\n<\/ul>\n<h2>Combien co\u00fbte l'\u00e9clairage de jardin ?<\/h2>\n<p>Le co\u00fbt de la <strong>\u00e9clairage de jardin<\/strong> d\u00e9pend de plusieurs facteurs, tels que<\/p>\n<ul>\n<li>\u00c9tendue de la zone \u00e0 \u00e9clairer.<\/li>\n<li>Nombre et type de luminaires utilis\u00e9s.<\/li>\n<li>Installation \u00e9lectrique complexe et n\u00e9cessit\u00e9 de nouveaux points lumineux.<\/li>\n<li>Utilisation de capteurs d'automatisation et de pr\u00e9sence.<\/li>\n<\/ul>\n<p>Pour un devis juste et un service de qualit\u00e9, nous recommandons une \u00e9valuation professionnelle.<\/p>\n<h2>Combien de temps faut-il pour installer un \u00e9clairage de jardin ?<\/h2>\n<p>Le temps d'installation varie en fonction de la taille du projet. Les petits jardins peuvent \u00eatre \u00e9clair\u00e9s en une journ\u00e9e, tandis que les grands espaces ext\u00e9rieurs peuvent n\u00e9cessiter plusieurs jours.<\/p>\n<h2>Besoin d'un projet d'\u00e9clairage de jardin ? N'h\u00e9sitez pas \u00e0 nous contacter !<\/h2>\n<p>Si vous souhaitez un <strong>\u00e9clairage de jardin<\/strong> Si vous avez besoin d'un syst\u00e8me d'\u00e9clairage qui am\u00e9liore votre espace ext\u00e9rieur avec \u00e9l\u00e9gance et efficacit\u00e9, n'h\u00e9sitez pas \u00e0 nous contacter. Nous cr\u00e9ons des projets sur mesure pour transformer votre jardin en un environnement incroyable et accueillant.<\/p>","protected":false},"excerpt":{"rendered":"<p>Quer valorizar o paisagismo do seu espa\u00e7o externo? A ilumina\u00e7\u00e3o de jardim \u00e9 essencial para destacar a beleza das plantas, caminhos e \u00e1reas de conviv\u00eancia, al\u00e9m de aumentar a seguran\u00e7a durante a noite. Um projeto bem planejado transforma qualquer ambiente externo, tornando-o mais elegante e funcional. Com uma instala\u00e7\u00e3o profissional, garantimos que a ilumina\u00e7\u00e3o do [&hellip;]<\/p>\n","protected":false},"author":1,"featured_media":0,"parent":0,"menu_order":0,"comment_status":"closed","ping_status":"closed","template":"","meta":{"iawp_total_views":11,"footnotes":""},"class_list":["post-2964","page","type-page","status-publish","hentry"],"yoast_head":"<!-- This site is optimized with the Yoast SEO plugin v27.5 - https:\/\/yoast.com\/product\/yoast-seo-wordpress\/ -->\n<title>Ilumina\u00e7\u00e3o de Jardim \u2013 Beleza e Seguran\u00e7a para Seu Espa\u00e7o<\/title>\n<meta name=\"description\" content=\"Precisa de ilumina\u00e7\u00e3o de jardim? Criamos projetos personalizados para real\u00e7ar paisagismo e garantir seguran\u00e7a com economia. Pe\u00e7a um or\u00e7amento agora!\" \/>\n<meta name=\"robots\" content=\"index, follow, max-snippet:-1, max-image-preview:large, max-video-preview:-1\" \/>\n<link rel=\"canonical\" href=\"https:\/\/eletricistadelisboa.pt\/fr\/eclairage-de-jardin\/\" \/>\n<meta property=\"og:locale\" content=\"fr_FR\" \/>\n<meta property=\"og:type\" content=\"article\" \/>\n<meta property=\"og:title\" content=\"Ilumina\u00e7\u00e3o de Jardim \u2013 Beleza e Seguran\u00e7a para Seu Espa\u00e7o\" \/>\n<meta property=\"og:description\" content=\"Precisa de ilumina\u00e7\u00e3o de jardim? Criamos projetos personalizados para real\u00e7ar paisagismo e garantir seguran\u00e7a com economia. Pe\u00e7a um or\u00e7amento agora!\" \/>\n<meta property=\"og:url\" content=\"https:\/\/eletricistadelisboa.pt\/fr\/eclairage-de-jardin\/\" \/>\n<meta property=\"og:site_name\" content=\"Eletricista de Lisboa\" \/>\n<meta name=\"twitter:card\" content=\"summary_large_image\" \/>\n<script type=\"application\/ld+json\" class=\"yoast-schema-graph\">{\"@context\":\"https:\\\/\\\/schema.org\",\"@graph\":[{\"@type\":\"WebPage\",\"@id\":\"https:\\\/\\\/eletricistadelisboa.pt\\\/iluminacao-de-jardim\\\/\",\"url\":\"https:\\\/\\\/eletricistadelisboa.pt\\\/iluminacao-de-jardim\\\/\",\"name\":\"Ilumina\u00e7\u00e3o de Jardim \u2013 Beleza e Seguran\u00e7a para Seu Espa\u00e7o\",\"isPartOf\":{\"@id\":\"https:\\\/\\\/eletricistadelisboa.pt\\\/#website\"},\"datePublished\":\"2025-01-30T12:20:14+00:00\",\"description\":\"Precisa de ilumina\u00e7\u00e3o de jardim? Criamos projetos personalizados para real\u00e7ar paisagismo e garantir seguran\u00e7a com economia. Pe\u00e7a um or\u00e7amento agora!\",\"breadcrumb\":{\"@id\":\"https:\\\/\\\/eletricistadelisboa.pt\\\/iluminacao-de-jardim\\\/#breadcrumb\"},\"inLanguage\":\"fr-FR\",\"potentialAction\":[{\"@type\":\"ReadAction\",\"target\":[\"https:\\\/\\\/eletricistadelisboa.pt\\\/iluminacao-de-jardim\\\/\"]}]},{\"@type\":\"BreadcrumbList\",\"@id\":\"https:\\\/\\\/eletricistadelisboa.pt\\\/iluminacao-de-jardim\\\/#breadcrumb\",\"itemListElement\":[{\"@type\":\"ListItem\",\"position\":1,\"name\":\"In\u00edcio\",\"item\":\"https:\\\/\\\/eletricistadelisboa.pt\\\/\"},{\"@type\":\"ListItem\",\"position\":2,\"name\":\"Ilumina\u00e7\u00e3o de Jardim \u2013 Beleza e Seguran\u00e7a para Seu Espa\u00e7o\"}]},{\"@type\":\"WebSite\",\"@id\":\"https:\\\/\\\/eletricistadelisboa.pt\\\/#website\",\"url\":\"https:\\\/\\\/eletricistadelisboa.pt\\\/\",\"name\":\"Eletricista de Lisboa\",\"description\":\"Servi\u00e7os el\u00e9tricos r\u00e1pidos e de alta qualidade em Lisboa, dispon\u00edveis 24 horas por dia.\",\"potentialAction\":[{\"@type\":\"SearchAction\",\"target\":{\"@type\":\"EntryPoint\",\"urlTemplate\":\"https:\\\/\\\/eletricistadelisboa.pt\\\/?s={search_term_string}\"},\"query-input\":{\"@type\":\"PropertyValueSpecification\",\"valueRequired\":true,\"valueName\":\"search_term_string\"}}],\"inLanguage\":\"fr-FR\"}]}<\/script>\n<!-- \/ Yoast SEO plugin. -->","yoast_head_json":{"title":"Eclairage de jardin - Beaut\u00e9 et s\u00e9curit\u00e9 pour votre espace","description":"Besoin d'un \u00e9clairage de jardin ? Nous cr\u00e9ons des projets sur mesure pour am\u00e9liorer votre am\u00e9nagement paysager et assurer la s\u00e9curit\u00e9 tout en \u00e9conomisant de l'argent. Demandez un devis d\u00e8s maintenant !","robots":{"index":"index","follow":"follow","max-snippet":"max-snippet:-1","max-image-preview":"max-image-preview:large","max-video-preview":"max-video-preview:-1"},"canonical":"https:\/\/eletricistadelisboa.pt\/fr\/eclairage-de-jardin\/","og_locale":"fr_FR","og_type":"article","og_title":"Ilumina\u00e7\u00e3o de Jardim \u2013 Beleza e Seguran\u00e7a para Seu Espa\u00e7o","og_description":"Precisa de ilumina\u00e7\u00e3o de jardim? Criamos projetos personalizados para real\u00e7ar paisagismo e garantir seguran\u00e7a com economia. Pe\u00e7a um or\u00e7amento agora!","og_url":"https:\/\/eletricistadelisboa.pt\/fr\/eclairage-de-jardin\/","og_site_name":"Eletricista de Lisboa","twitter_card":"summary_large_image","schema":{"@context":"https:\/\/schema.org","@graph":[{"@type":"WebPage","@id":"https:\/\/eletricistadelisboa.pt\/iluminacao-de-jardim\/","url":"https:\/\/eletricistadelisboa.pt\/iluminacao-de-jardim\/","name":"Eclairage de jardin - Beaut\u00e9 et s\u00e9curit\u00e9 pour votre espace","isPartOf":{"@id":"https:\/\/eletricistadelisboa.pt\/#website"},"datePublished":"2025-01-30T12:20:14+00:00","description":"Besoin d'un \u00e9clairage de jardin ? Nous cr\u00e9ons des projets sur mesure pour am\u00e9liorer votre am\u00e9nagement paysager et assurer la s\u00e9curit\u00e9 tout en \u00e9conomisant de l'argent. Demandez un devis d\u00e8s maintenant !","breadcrumb":{"@id":"https:\/\/eletricistadelisboa.pt\/iluminacao-de-jardim\/#breadcrumb"},"inLanguage":"fr-FR","potentialAction":[{"@type":"ReadAction","target":["https:\/\/eletricistadelisboa.pt\/iluminacao-de-jardim\/"]}]},{"@type":"BreadcrumbList","@id":"https:\/\/eletricistadelisboa.pt\/iluminacao-de-jardim\/#breadcrumb","itemListElement":[{"@type":"ListItem","position":1,"name":"In\u00edcio","item":"https:\/\/eletricistadelisboa.pt\/"},{"@type":"ListItem","position":2,"name":"Ilumina\u00e7\u00e3o de Jardim \u2013 Beleza e Seguran\u00e7a para Seu Espa\u00e7o"}]},{"@type":"WebSite","@id":"https:\/\/eletricistadelisboa.pt\/#website","url":"https:\/\/eletricistadelisboa.pt\/","name":"Eletricista de Lisboa","description":"Des services \u00e9lectriques rapides et de haute qualit\u00e9 \u00e0 Lisbonne, disponibles 24 heures sur 24.","potentialAction":[{"@type":"SearchAction","target":{"@type":"EntryPoint","urlTemplate":"https:\/\/eletricistadelisboa.pt\/?s={search_term_string}"},"query-input":{"@type":"PropertyValueSpecification","valueRequired":true,"valueName":"search_term_string"}}],"inLanguage":"fr-FR"}]}},"_links":{"self":[{"href":"https:\/\/eletricistadelisboa.pt\/fr\/wp-json\/wp\/v2\/pages\/2964","targetHints":{"allow":["GET"]}}],"collection":[{"href":"https:\/\/eletricistadelisboa.pt\/fr\/wp-json\/wp\/v2\/pages"}],"about":[{"href":"https:\/\/eletricistadelisboa.pt\/fr\/wp-json\/wp\/v2\/types\/page"}],"author":[{"embeddable":true,"href":"https:\/\/eletricistadelisboa.pt\/fr\/wp-json\/wp\/v2\/users\/1"}],"replies":[{"embeddable":true,"href":"https:\/\/eletricistadelisboa.pt\/fr\/wp-json\/wp\/v2\/comments?post=2964"}],"version-history":[{"count":1,"href":"https:\/\/eletricistadelisboa.pt\/fr\/wp-json\/wp\/v2\/pages\/2964\/revisions"}],"predecessor-version":[{"id":2967,"href":"https:\/\/eletricistadelisboa.pt\/fr\/wp-json\/wp\/v2\/pages\/2964\/revisions\/2967"}],"wp:attachment":[{"href":"https:\/\/eletricistadelisboa.pt\/fr\/wp-json\/wp\/v2\/media?parent=2964"}],"curies":[{"name":"wp","href":"https:\/\/api.w.org\/{rel}","templated":true}]}}