{"id":2962,"date":"2025-01-30T11:43:45","date_gmt":"2025-01-30T11:43:45","guid":{"rendered":"https:\/\/eletricistadelisboa.pt\/?page_id=2962"},"modified":"2025-01-30T11:43:45","modified_gmt":"2025-01-30T11:43:45","slug":"eclairage-decoratif","status":"publish","type":"page","link":"https:\/\/eletricistadelisboa.pt\/fr\/eclairage-decoratif\/","title":{"rendered":"\u00c9clairage d\u00e9coratif - Environnements modernes et sophistiqu\u00e9s"},"content":{"rendered":"<p>Vous \u00eates \u00e0 la recherche d'un <strong>\u00e9clairage d\u00e9coratif<\/strong> pour transformer une pi\u00e8ce ? Un bon \u00e9clairage fait toute la diff\u00e9rence pour l'esth\u00e9tique et le confort d'un espace. Qu'il s'agisse de souligner des d\u00e9tails architecturaux, de cr\u00e9er une atmosph\u00e8re chaleureuse ou de mettre en valeur des objets d\u00e9coratifs, un projet d'\u00e9clairage bien con\u00e7u met en valeur n'importe quelle pi\u00e8ce.<\/p>\n<p>Avec une installation professionnelle, nous nous assurons que chaque d\u00e9tail de l'\u00e9clairage d\u00e9coratif est pens\u00e9 pour offrir un effet visuel percutant et fonctionnel.<\/p>\n<h2>Qu'est-ce que l'\u00e9clairage d\u00e9coratif ?<\/h2>\n<p>A <strong>\u00e9clairage d\u00e9coratif<\/strong> est utilis\u00e9 pour cr\u00e9er des effets visuels, mettre en valeur des \u00e9l\u00e9ments sp\u00e9cifiques et cr\u00e9er une atmosph\u00e8re agr\u00e9able dans la pi\u00e8ce. Contrairement \u00e0 l'\u00e9clairage g\u00e9n\u00e9ral, qui vise \u00e0 \u00e9clairer un espace de mani\u00e8re uniforme, l'\u00e9clairage d\u00e9coratif se concentre sur l'esth\u00e9tique et le design de l'espace.<\/p>\n<h2>Quels sont les types d'\u00e9clairage d\u00e9coratif ?<\/h2>\n<p>Il existe plusieurs fa\u00e7ons de cr\u00e9er des effets d\u00e9coratifs avec la lumi\u00e8re, en fonction du type de pi\u00e8ce et du r\u00e9sultat souhait\u00e9. Les principales options sont les suivantes :<\/p>\n<ul>\n<li><strong>Taches et incrustations :<\/strong> Ils mettent en valeur les tableaux, les \u00e9tag\u00e8res, les murs textur\u00e9s et les d\u00e9tails architecturaux.<\/li>\n<li><strong>Bandes LED :<\/strong> Ils cr\u00e9ent des effets modernes sur les moulures en pl\u00e2tre, les meubles et les plinthes.<\/li>\n<li><strong>Appliques :<\/strong> Un \u00e9clairage indirect qui ajoute de la sophistication aux couloirs, aux salons et aux espaces ext\u00e9rieurs.<\/li>\n<li><strong>Pendentifs d\u00e9coratifs :<\/strong> Id\u00e9al pour les tables \u00e0 manger, les cuisines et les espaces de vie.<\/li>\n<li><strong>Lampes et luminaires stylis\u00e9s :<\/strong> Ils compl\u00e8tent le d\u00e9cor et am\u00e9liorent l'esth\u00e9tique de la pi\u00e8ce.<\/li>\n<li><strong>\u00c9clairage encastr\u00e9 dans les meubles :<\/strong> Appliqu\u00e9 sur les armoires, les penderies et les plans de travail pour un effet sophistiqu\u00e9.<\/li>\n<li><strong>\u00c9clairage du jardin et am\u00e9nagement paysager :<\/strong> Les points forts sont les plantes, les chemins et les espaces ext\u00e9rieurs.<\/li>\n<\/ul>\n<p>L'utilisation correcte de ces \u00e9l\u00e9ments peut transformer n'importe quel espace, le rendant plus agr\u00e9able et plus \u00e9l\u00e9gant.<\/p>\n<h2>O\u00f9 peut-on utiliser l'\u00e9clairage d\u00e9coratif ?<\/h2>\n<p>A <strong>\u00e9clairage d\u00e9coratif<\/strong> peut \u00eatre utilis\u00e9 dans diff\u00e9rents environnements, cr\u00e9ant des atmosph\u00e8res uniques et mettant en valeur des \u00e9l\u00e9ments importants :<\/p>\n<ul>\n<li><strong>Salles de s\u00e9jour :<\/strong> Lumi\u00e8re indirecte et spots pour une atmosph\u00e8re chaleureuse.<\/li>\n<li><strong>Chambres :<\/strong> Un \u00e9clairage doux pour la d\u00e9tente et le confort.<\/li>\n<li><strong>Cuisines :<\/strong> \u00c9clairage du plan de travail pour la fonctionnalit\u00e9 et le style.<\/li>\n<li><strong>Salles de bains :<\/strong> Lumi\u00e8res int\u00e9gr\u00e9es dans le miroir pour un look moderne.<\/li>\n<li><strong>Bureaux :<\/strong> Un \u00e9clairage cibl\u00e9 pour augmenter la productivit\u00e9.<\/li>\n<li><strong>Jardins et balcons :<\/strong> \u00c9clairage d'accentuation pour les espaces ext\u00e9rieurs.<\/li>\n<\/ul>\n<p>Quel que soit l'endroit, une bonne conception de l'\u00e9clairage garantit un effet sophistiqu\u00e9 et fonctionnel.<\/p>\n<h2>Comment se d\u00e9roule l'installation d'un \u00e9clairage d\u00e9coratif ?<\/h2>\n<p>A <strong>l'installation d'un \u00e9clairage d\u00e9coratif<\/strong> doit \u00eatre effectu\u00e9e par des professionnels qualifi\u00e9s afin de garantir une finition impeccable et un fonctionnement s\u00fbr. Le processus comprend<\/p>\n<ul>\n<li>\u00c9valuation de l'environnement et d\u00e9finition du type d'\u00e9clairage id\u00e9al.<\/li>\n<li>Installation du c\u00e2blage et des points lumineux en fonction du projet.<\/li>\n<li>Fixation de luminaires, de bandes LED, de spots et d'autres \u00e9l\u00e9ments d\u00e9coratifs.<\/li>\n<li>Testez l'\u00e9clairage pour vous assurer de l'effet d\u00e9sir\u00e9.<\/li>\n<li>Ajustements finaux pour une meilleure distribution de la lumi\u00e8re dans l'espace.<\/li>\n<\/ul>\n<p>Avec un service professionnel, vous \u00e9vitez les probl\u00e8mes tels que les ombres ind\u00e9sirables, les d\u00e9fauts dans l'installation \u00e9lectrique et le gaspillage d'\u00e9nergie.<\/p>\n<h2>Quels sont les avantages d'un \u00e9clairage d\u00e9coratif bien con\u00e7u ?<\/h2>\n<p>Investir dans un bon projet d'\u00e9clairage pr\u00e9sente des avantages qui vont au-del\u00e0 de l'esth\u00e9tique :<\/p>\n<ul>\n<li><strong>Des environnements plus agr\u00e9ables :<\/strong> Une lumi\u00e8re douce et bien r\u00e9partie am\u00e9liore le confort visuel.<\/li>\n<li><strong>\u00c9valuation de la propri\u00e9t\u00e9 :<\/strong> Un \u00e9clairage bien con\u00e7u augmente la valeur de l'espace.<\/li>\n<li><strong>Efficacit\u00e9 \u00e9nerg\u00e9tique :<\/strong> L'utilisation de LED r\u00e9duit la consommation d'\u00e9lectricit\u00e9.<\/li>\n<li><strong>Personnalisation de l'espace :<\/strong> Diff\u00e9rents effets de lumi\u00e8re cr\u00e9ent des atmosph\u00e8res uniques.<\/li>\n<li><strong>Une plus grande fonctionnalit\u00e9 :<\/strong> Un \u00e9clairage ad\u00e9quat am\u00e9liore la convivialit\u00e9 de l'environnement.<\/li>\n<\/ul>\n<h2>Quel est le co\u00fbt d'un \u00e9clairage d\u00e9coratif ?<\/h2>\n<p>Le co\u00fbt de l'installation peut varier en fonction de diff\u00e9rents facteurs :<\/p>\n<ul>\n<li>Taille de la pi\u00e8ce et nombre de points lumineux.<\/li>\n<li>Type d'\u00e9clairage choisi (LED, spots, appliques, etc.).<\/li>\n<li>Complexit\u00e9 de l'installation \u00e9lectrique et n\u00e9cessit\u00e9 de proc\u00e9der \u00e0 des ajustements.<\/li>\n<li>Personnalisation du projet en fonction du style du client.<\/li>\n<\/ul>\n<p>Pour un devis juste et un service de qualit\u00e9, nous recommandons une \u00e9valuation professionnelle.<\/p>\n<h2>Combien de temps faut-il pour installer un \u00e9clairage d\u00e9coratif ?<\/h2>\n<p>Le temps d'installation d\u00e9pend du type et du nombre d'\u00e9l\u00e9ments \u00e0 installer. Les projets simples peuvent \u00eatre r\u00e9alis\u00e9s en quelques heures, tandis que les installations plus d\u00e9taill\u00e9es peuvent prendre quelques jours.<\/p>\n<h2>Vous avez besoin d'un projet d'\u00e9clairage d\u00e9coratif ? N'h\u00e9sitez pas \u00e0 nous contacter !<\/h2>\n<p>Si vous souhaitez un <strong>\u00e9clairage d\u00e9coratif<\/strong> Pour transformer votre environnement avec sophistication et efficacit\u00e9, contactez-nous. Nous garantissons un service professionnel et personnalis\u00e9 pour cr\u00e9er des espaces incroyables avec de la lumi\u00e8re et du style.<\/p>","protected":false},"excerpt":{"rendered":"<p>Est\u00e1 \u00e0 procura de uma ilumina\u00e7\u00e3o decorativa para transformar o ambiente? A ilumina\u00e7\u00e3o certa faz toda a diferen\u00e7a na est\u00e9tica e no conforto de um espa\u00e7o. Seja para real\u00e7ar detalhes arquitet\u00f4nicos, criar um clima aconchegante ou destacar objetos decorativos, um projeto de ilumina\u00e7\u00e3o bem planejado valoriza qualquer ambiente. Com uma instala\u00e7\u00e3o profissional, garantimos que cada [&hellip;]<\/p>\n","protected":false},"author":1,"featured_media":0,"parent":0,"menu_order":0,"comment_status":"closed","ping_status":"closed","template":"","meta":{"iawp_total_views":8,"footnotes":""},"class_list":["post-2962","page","type-page","status-publish","hentry"],"yoast_head":"<!-- This site is optimized with the Yoast SEO plugin v27.3 - https:\/\/yoast.com\/product\/yoast-seo-wordpress\/ -->\n<title>Ilumina\u00e7\u00e3o Decorativa - Ambientes Modernos e Sofisticados<\/title>\n<meta name=\"description\" content=\"Precisa de ilumina\u00e7\u00e3o decorativa? Criamos projetos personalizados para transformar ambientes com luz, sofistica\u00e7\u00e3o e aconchego. Pe\u00e7a um or\u00e7amento agora!\" \/>\n<meta name=\"robots\" content=\"index, follow, max-snippet:-1, max-image-preview:large, max-video-preview:-1\" \/>\n<link rel=\"canonical\" href=\"https:\/\/eletricistadelisboa.pt\/fr\/eclairage-decoratif\/\" \/>\n<meta property=\"og:locale\" content=\"fr_FR\" \/>\n<meta property=\"og:type\" content=\"article\" \/>\n<meta property=\"og:title\" content=\"Ilumina\u00e7\u00e3o Decorativa - Ambientes Modernos e Sofisticados\" \/>\n<meta property=\"og:description\" content=\"Precisa de ilumina\u00e7\u00e3o decorativa? Criamos projetos personalizados para transformar ambientes com luz, sofistica\u00e7\u00e3o e aconchego. Pe\u00e7a um or\u00e7amento agora!\" \/>\n<meta property=\"og:url\" content=\"https:\/\/eletricistadelisboa.pt\/fr\/eclairage-decoratif\/\" \/>\n<meta property=\"og:site_name\" content=\"Eletricista de Lisboa\" \/>\n<meta name=\"twitter:card\" content=\"summary_large_image\" \/>\n<script type=\"application\/ld+json\" class=\"yoast-schema-graph\">{\"@context\":\"https:\\\/\\\/schema.org\",\"@graph\":[{\"@type\":\"WebPage\",\"@id\":\"https:\\\/\\\/eletricistadelisboa.pt\\\/iluminacao-decorativa\\\/\",\"url\":\"https:\\\/\\\/eletricistadelisboa.pt\\\/iluminacao-decorativa\\\/\",\"name\":\"Ilumina\u00e7\u00e3o Decorativa - Ambientes Modernos e Sofisticados\",\"isPartOf\":{\"@id\":\"https:\\\/\\\/eletricistadelisboa.pt\\\/#website\"},\"datePublished\":\"2025-01-30T11:43:45+00:00\",\"description\":\"Precisa de ilumina\u00e7\u00e3o decorativa? Criamos projetos personalizados para transformar ambientes com luz, sofistica\u00e7\u00e3o e aconchego. Pe\u00e7a um or\u00e7amento agora!\",\"breadcrumb\":{\"@id\":\"https:\\\/\\\/eletricistadelisboa.pt\\\/iluminacao-decorativa\\\/#breadcrumb\"},\"inLanguage\":\"fr-FR\",\"potentialAction\":[{\"@type\":\"ReadAction\",\"target\":[\"https:\\\/\\\/eletricistadelisboa.pt\\\/iluminacao-decorativa\\\/\"]}]},{\"@type\":\"BreadcrumbList\",\"@id\":\"https:\\\/\\\/eletricistadelisboa.pt\\\/iluminacao-decorativa\\\/#breadcrumb\",\"itemListElement\":[{\"@type\":\"ListItem\",\"position\":1,\"name\":\"In\u00edcio\",\"item\":\"https:\\\/\\\/eletricistadelisboa.pt\\\/\"},{\"@type\":\"ListItem\",\"position\":2,\"name\":\"Ilumina\u00e7\u00e3o Decorativa &#8211; Ambientes Modernos e Sofisticados\"}]},{\"@type\":\"WebSite\",\"@id\":\"https:\\\/\\\/eletricistadelisboa.pt\\\/#website\",\"url\":\"https:\\\/\\\/eletricistadelisboa.pt\\\/\",\"name\":\"Eletricista de Lisboa\",\"description\":\"Servi\u00e7os el\u00e9tricos r\u00e1pidos e de alta qualidade em Lisboa, dispon\u00edveis 24 horas por dia.\",\"potentialAction\":[{\"@type\":\"SearchAction\",\"target\":{\"@type\":\"EntryPoint\",\"urlTemplate\":\"https:\\\/\\\/eletricistadelisboa.pt\\\/?s={search_term_string}\"},\"query-input\":{\"@type\":\"PropertyValueSpecification\",\"valueRequired\":true,\"valueName\":\"search_term_string\"}}],\"inLanguage\":\"fr-FR\"}]}<\/script>\n<!-- \/ Yoast SEO plugin. -->","yoast_head_json":{"title":"\u00c9clairage d\u00e9coratif - Environnements modernes et sophistiqu\u00e9s","description":"Besoin d'un \u00e9clairage d\u00e9coratif ? Nous cr\u00e9ons des projets sur mesure pour transformer les environnements avec de la lumi\u00e8re, de la sophistication et de la chaleur. Demandez un devis d\u00e8s maintenant !","robots":{"index":"index","follow":"follow","max-snippet":"max-snippet:-1","max-image-preview":"max-image-preview:large","max-video-preview":"max-video-preview:-1"},"canonical":"https:\/\/eletricistadelisboa.pt\/fr\/eclairage-decoratif\/","og_locale":"fr_FR","og_type":"article","og_title":"Ilumina\u00e7\u00e3o Decorativa - Ambientes Modernos e Sofisticados","og_description":"Precisa de ilumina\u00e7\u00e3o decorativa? Criamos projetos personalizados para transformar ambientes com luz, sofistica\u00e7\u00e3o e aconchego. Pe\u00e7a um or\u00e7amento agora!","og_url":"https:\/\/eletricistadelisboa.pt\/fr\/eclairage-decoratif\/","og_site_name":"Eletricista de Lisboa","twitter_card":"summary_large_image","schema":{"@context":"https:\/\/schema.org","@graph":[{"@type":"WebPage","@id":"https:\/\/eletricistadelisboa.pt\/iluminacao-decorativa\/","url":"https:\/\/eletricistadelisboa.pt\/iluminacao-decorativa\/","name":"\u00c9clairage d\u00e9coratif - Environnements modernes et sophistiqu\u00e9s","isPartOf":{"@id":"https:\/\/eletricistadelisboa.pt\/#website"},"datePublished":"2025-01-30T11:43:45+00:00","description":"Besoin d'un \u00e9clairage d\u00e9coratif ? Nous cr\u00e9ons des projets sur mesure pour transformer les environnements avec de la lumi\u00e8re, de la sophistication et de la chaleur. Demandez un devis d\u00e8s maintenant !","breadcrumb":{"@id":"https:\/\/eletricistadelisboa.pt\/iluminacao-decorativa\/#breadcrumb"},"inLanguage":"fr-FR","potentialAction":[{"@type":"ReadAction","target":["https:\/\/eletricistadelisboa.pt\/iluminacao-decorativa\/"]}]},{"@type":"BreadcrumbList","@id":"https:\/\/eletricistadelisboa.pt\/iluminacao-decorativa\/#breadcrumb","itemListElement":[{"@type":"ListItem","position":1,"name":"In\u00edcio","item":"https:\/\/eletricistadelisboa.pt\/"},{"@type":"ListItem","position":2,"name":"Ilumina\u00e7\u00e3o Decorativa &#8211; Ambientes Modernos e Sofisticados"}]},{"@type":"WebSite","@id":"https:\/\/eletricistadelisboa.pt\/#website","url":"https:\/\/eletricistadelisboa.pt\/","name":"Eletricista de Lisboa","description":"Des services \u00e9lectriques rapides et de haute qualit\u00e9 \u00e0 Lisbonne, disponibles 24 heures sur 24.","potentialAction":[{"@type":"SearchAction","target":{"@type":"EntryPoint","urlTemplate":"https:\/\/eletricistadelisboa.pt\/?s={search_term_string}"},"query-input":{"@type":"PropertyValueSpecification","valueRequired":true,"valueName":"search_term_string"}}],"inLanguage":"fr-FR"}]}},"_links":{"self":[{"href":"https:\/\/eletricistadelisboa.pt\/fr\/wp-json\/wp\/v2\/pages\/2962","targetHints":{"allow":["GET"]}}],"collection":[{"href":"https:\/\/eletricistadelisboa.pt\/fr\/wp-json\/wp\/v2\/pages"}],"about":[{"href":"https:\/\/eletricistadelisboa.pt\/fr\/wp-json\/wp\/v2\/types\/page"}],"author":[{"embeddable":true,"href":"https:\/\/eletricistadelisboa.pt\/fr\/wp-json\/wp\/v2\/users\/1"}],"replies":[{"embeddable":true,"href":"https:\/\/eletricistadelisboa.pt\/fr\/wp-json\/wp\/v2\/comments?post=2962"}],"version-history":[{"count":1,"href":"https:\/\/eletricistadelisboa.pt\/fr\/wp-json\/wp\/v2\/pages\/2962\/revisions"}],"predecessor-version":[{"id":2963,"href":"https:\/\/eletricistadelisboa.pt\/fr\/wp-json\/wp\/v2\/pages\/2962\/revisions\/2963"}],"wp:attachment":[{"href":"https:\/\/eletricistadelisboa.pt\/fr\/wp-json\/wp\/v2\/media?parent=2962"}],"curies":[{"name":"wp","href":"https:\/\/api.w.org\/{rel}","templated":true}]}}