{"id":2953,"date":"2025-01-30T07:20:45","date_gmt":"2025-01-30T07:20:45","guid":{"rendered":"https:\/\/eletricistadelisboa.pt\/?page_id=2953"},"modified":"2025-01-30T07:20:45","modified_gmt":"2025-01-30T07:20:45","slug":"installation-ponctuelle","status":"publish","type":"page","link":"https:\/\/eletricistadelisboa.pt\/fr\/installation-ponctuelle\/","title":{"rendered":"Installation de spots - Un \u00e9clairage sophistiqu\u00e9 et fonctionnel"},"content":{"rendered":"<p>Vous avez besoin d'un <strong>installation ponctuelle<\/strong>? Les spots sont id\u00e9aux pour cr\u00e9er un \u00e9clairage moderne et \u00e9l\u00e9gant, mettant en valeur chaque d\u00e9tail de la pi\u00e8ce. Avec une installation ad\u00e9quate, vous pouvez mettre en valeur les meubles, les tableaux et les textures, tout en apportant un effet chaleureux et fonctionnel.<\/p>\n<p>Que vous souhaitiez installer des spots encastr\u00e9s, directionnels ou sur rail, faire appel \u00e0 un service professionnel vous garantit une finition impeccable et une pi\u00e8ce bien \u00e9clair\u00e9e.<\/p>\n<h2>Quels sont les avantages de l'\u00e9clairage ponctuel ?<\/h2>\n<p>L'\u00e9clairage ponctuel est l'un des plus polyvalents et offre plusieurs avantages, tels que<\/p>\n<ul>\n<li><strong>Design moderne :<\/strong> Il ajoute une touche sophistiqu\u00e9e \u00e0 la pi\u00e8ce.<\/li>\n<li><strong>\u00c9clairage dirig\u00e9 :<\/strong> Il permet de mettre en valeur des objets sp\u00e9cifiques et de cr\u00e9er des effets d\u00e9coratifs.<\/li>\n<li><strong>Efficacit\u00e9 \u00e9nerg\u00e9tique :<\/strong> Il utilise des ampoules LED, ce qui r\u00e9duit la consommation d'\u00e9nergie.<\/li>\n<li><strong>Polyvalence :<\/strong> Il peut \u00eatre install\u00e9 sur les plafonds, les murs ou les meubles.<\/li>\n<li><strong>\u00c9valuation de la propri\u00e9t\u00e9 :<\/strong> Des pi\u00e8ces bien \u00e9clair\u00e9es rendent tout espace plus attrayant.<\/li>\n<\/ul>\n<p>Avec un <strong>projet d'installation de spots<\/strong> Si vous planifiez bien, vous pouvez transformer n'importe quelle pi\u00e8ce en la rendant plus fonctionnelle et plus agr\u00e9able.<\/p>\n<h2>O\u00f9 les spots peuvent-ils \u00eatre install\u00e9s ?<\/h2>\n<p>Les projecteurs peuvent \u00eatre utilis\u00e9s dans diff\u00e9rents environnements et \u00e0 diff\u00e9rentes fins :<\/p>\n<ul>\n<li><strong>Salon et salle \u00e0 manger :<\/strong> Ils cr\u00e9ent un effet sophistiqu\u00e9 et mettent en valeur les \u00e9l\u00e9ments d\u00e9coratifs.<\/li>\n<li><strong>Cuisines :<\/strong> Ils am\u00e9liorent l'\u00e9clairage des plans de travail et des zones de travail.<\/li>\n<li><strong>Chambres :<\/strong> Ils cr\u00e9ent une atmosph\u00e8re chaleureuse et moderne.<\/li>\n<li><strong>Salles de bains :<\/strong> \u00c9clairage efficace des miroirs et des zones d'hygi\u00e8ne.<\/li>\n<li><strong>Couloirs et escaliers :<\/strong> Ils am\u00e9liorent la s\u00e9curit\u00e9 et la conception de l'espace.<\/li>\n<li><strong>Zones ext\u00e9rieures :<\/strong> Ils illuminent les fa\u00e7ades et les jardins de mani\u00e8re \u00e9l\u00e9gante.<\/li>\n<\/ul>\n<p>Le choix du type de projecteur et de la temp\u00e9rature de couleur de la lumi\u00e8re fait toute la diff\u00e9rence pour le r\u00e9sultat final.<\/p>\n<h2>Quels sont les types de places disponibles ?<\/h2>\n<p>Il existe diff\u00e9rents mod\u00e8les de spots qui peuvent \u00eatre install\u00e9s en fonction des besoins de la pi\u00e8ce :<\/p>\n<ul>\n<li><strong>Spots int\u00e9gr\u00e9s :<\/strong> Installation discr\u00e8te dans un plafond en pl\u00e2tre ou un lambris en bois.<\/li>\n<li><strong>Pointes de rail :<\/strong> Ils permettent d'ajuster la direction de la lumi\u00e8re en fonction des besoins.<\/li>\n<li><strong>Taches superficielles :<\/strong> Id\u00e9al pour les plafonds qui ne sont pas encastr\u00e9s, pour un effet moderne.<\/li>\n<li><strong>Taches directionnelles :<\/strong> Ils permettent de concentrer l'\u00e9clairage sur des points pr\u00e9cis de la pi\u00e8ce.<\/li>\n<li><strong>Spots LED :<\/strong> Une option \u00e9conomique et durable avec une plus grande durabilit\u00e9.<\/li>\n<\/ul>\n<p>Le choix du mod\u00e8le d\u00e9pend de l'effet recherch\u00e9 et des caract\u00e9ristiques de l'espace o\u00f9 il sera install\u00e9.<\/p>\n<h2>Comment fonctionne l'installation ponctuelle ?<\/h2>\n<p>A <strong>installation ponctuelle<\/strong> n\u00e9cessite une planification et un service sp\u00e9cialis\u00e9 pour garantir la s\u00e9curit\u00e9 et une finition parfaite. Le processus comprend<\/p>\n<ul>\n<li>\u00c9valuation de l'espace pour d\u00e9finir le meilleur positionnement des spots.<\/li>\n<li>Pr\u00e9paration du plafond ou du mur pour la fixation des points lumineux.<\/li>\n<li>Installation du c\u00e2blage \u00e9lectrique et connexions correctes.<\/li>\n<li>R\u00e9parer les taches et tester le syst\u00e8me d'\u00e9clairage.<\/li>\n<li>R\u00e9glez l'intensit\u00e9 et la direction de la lumi\u00e8re pour un effet parfait.<\/li>\n<\/ul>\n<p>Une installation professionnelle permet d'\u00e9viter les d\u00e9fauts \u00e9lectriques, les mauvais contacts et les probl\u00e8mes de finition.<\/p>\n<h2>Quels sont les avantages de faire appel \u00e0 un service professionnel ?<\/h2>\n<p>A <strong>installation ponctuelle<\/strong> des garanties offertes par les experts :<\/p>\n<ul>\n<li><strong>S\u00e9curit\u00e9 \u00e9lectrique :<\/strong> Installation correcte pour \u00e9viter les courts-circuits et les mauvais contacts.<\/li>\n<li><strong>Meilleure r\u00e9partition de la lumi\u00e8re :<\/strong> Positionnement strat\u00e9gique des spots pour un effet \u00e9quilibr\u00e9.<\/li>\n<li><strong>Finition impeccable :<\/strong> Le plafond et les murs ne sont pas endommag\u00e9s.<\/li>\n<li><strong>Efficacit\u00e9 \u00e9nerg\u00e9tique :<\/strong> Utilisation correcte des ampoules LED pour \u00e9conomiser sur les factures d'\u00e9lectricit\u00e9.<\/li>\n<li><strong>Personnalisation :<\/strong> Conception adapt\u00e9e aux besoins de l'environnement et du client.<\/li>\n<\/ul>\n<h2>Combien co\u00fbte l'installation d'un spot ?<\/h2>\n<p>Le co\u00fbt de l'installation peut varier en fonction de diff\u00e9rents facteurs, tels que<\/p>\n<ul>\n<li>Nombre de spots \u00e0 installer.<\/li>\n<li>Complexit\u00e9 du travail (incrustations, rails, c\u00e2blage, etc.).<\/li>\n<li>Le plafond doit \u00eatre abaiss\u00e9 ou ajust\u00e9.<\/li>\n<li>Type de lampes et de luminaires utilis\u00e9s.<\/li>\n<\/ul>\n<p>Pour garantir un devis \u00e9quitable et un service efficace, nous recommandons une \u00e9valuation professionnelle.<\/p>\n<h2>Combien de temps faut-il pour installer des spots ?<\/h2>\n<p>Le temps n\u00e9cessaire pour <strong>installation ponctuelle<\/strong> varie en fonction de la complexit\u00e9 du travail. Les installations simples peuvent \u00eatre r\u00e9alis\u00e9es en quelques heures, tandis que les projets plus importants n\u00e9cessitant des ajustements de c\u00e2blage ou l'abaissement du plafond peuvent prendre un jour ou deux.<\/p>\n<h2>Besoin d'installer des spots ? Parlez-en avec nous !<\/h2>\n<p>Si vous souhaitez un <strong>installation ponctuelle<\/strong> Si vous souhaitez un \u00e9clairage bien fait, s\u00fbr et esth\u00e9tiquement parfait, n'h\u00e9sitez pas \u00e0 nous contacter. Nous vous garantissons un service professionnel pour transformer votre \u00e9clairage avec modernit\u00e9 et sophistication.<\/p>","protected":false},"excerpt":{"rendered":"<p>Precisa de uma instala\u00e7\u00e3o de spot? Os spots s\u00e3o ideais para criar uma ilumina\u00e7\u00e3o moderna e elegante, valorizando cada detalhe do ambiente. Com a instala\u00e7\u00e3o correta, \u00e9 poss\u00edvel destacar m\u00f3veis, quadros e texturas, al\u00e9m de proporcionar um efeito aconchegante e funcional. Se deseja instalar spots embutidos, direcion\u00e1veis ou de trilho, contar com um servi\u00e7o profissional [&hellip;]<\/p>\n","protected":false},"author":1,"featured_media":0,"parent":0,"menu_order":0,"comment_status":"closed","ping_status":"closed","template":"","meta":{"iawp_total_views":8,"footnotes":""},"class_list":["post-2953","page","type-page","status-publish","hentry"],"yoast_head":"<!-- This site is optimized with the Yoast SEO plugin v27.5 - https:\/\/yoast.com\/product\/yoast-seo-wordpress\/ -->\n<title>Instala\u00e7\u00e3o de Spot \u2013 Ilumina\u00e7\u00e3o Sofisticada e Funcional<\/title>\n<meta name=\"description\" content=\"Precisa de instala\u00e7\u00e3o de spot? Criamos ambientes modernos e sofisticados com ilumina\u00e7\u00e3o personalizada. Pe\u00e7a um or\u00e7amento agora!\" \/>\n<meta name=\"robots\" content=\"index, follow, max-snippet:-1, max-image-preview:large, max-video-preview:-1\" \/>\n<link rel=\"canonical\" href=\"https:\/\/eletricistadelisboa.pt\/fr\/installation-ponctuelle\/\" \/>\n<meta property=\"og:locale\" content=\"fr_FR\" \/>\n<meta property=\"og:type\" content=\"article\" \/>\n<meta property=\"og:title\" content=\"Instala\u00e7\u00e3o de Spot \u2013 Ilumina\u00e7\u00e3o Sofisticada e Funcional\" \/>\n<meta property=\"og:description\" content=\"Precisa de instala\u00e7\u00e3o de spot? Criamos ambientes modernos e sofisticados com ilumina\u00e7\u00e3o personalizada. Pe\u00e7a um or\u00e7amento agora!\" \/>\n<meta property=\"og:url\" content=\"https:\/\/eletricistadelisboa.pt\/fr\/installation-ponctuelle\/\" \/>\n<meta property=\"og:site_name\" content=\"Eletricista de Lisboa\" \/>\n<meta name=\"twitter:card\" content=\"summary_large_image\" \/>\n<script type=\"application\/ld+json\" class=\"yoast-schema-graph\">{\"@context\":\"https:\\\/\\\/schema.org\",\"@graph\":[{\"@type\":\"WebPage\",\"@id\":\"https:\\\/\\\/eletricistadelisboa.pt\\\/instalacao-de-spot\\\/\",\"url\":\"https:\\\/\\\/eletricistadelisboa.pt\\\/instalacao-de-spot\\\/\",\"name\":\"Instala\u00e7\u00e3o de Spot \u2013 Ilumina\u00e7\u00e3o Sofisticada e Funcional\",\"isPartOf\":{\"@id\":\"https:\\\/\\\/eletricistadelisboa.pt\\\/#website\"},\"datePublished\":\"2025-01-30T07:20:45+00:00\",\"description\":\"Precisa de instala\u00e7\u00e3o de spot? Criamos ambientes modernos e sofisticados com ilumina\u00e7\u00e3o personalizada. Pe\u00e7a um or\u00e7amento agora!\",\"breadcrumb\":{\"@id\":\"https:\\\/\\\/eletricistadelisboa.pt\\\/instalacao-de-spot\\\/#breadcrumb\"},\"inLanguage\":\"fr-FR\",\"potentialAction\":[{\"@type\":\"ReadAction\",\"target\":[\"https:\\\/\\\/eletricistadelisboa.pt\\\/instalacao-de-spot\\\/\"]}]},{\"@type\":\"BreadcrumbList\",\"@id\":\"https:\\\/\\\/eletricistadelisboa.pt\\\/instalacao-de-spot\\\/#breadcrumb\",\"itemListElement\":[{\"@type\":\"ListItem\",\"position\":1,\"name\":\"In\u00edcio\",\"item\":\"https:\\\/\\\/eletricistadelisboa.pt\\\/\"},{\"@type\":\"ListItem\",\"position\":2,\"name\":\"Instala\u00e7\u00e3o de Spot \u2013 Ilumina\u00e7\u00e3o Sofisticada e Funcional\"}]},{\"@type\":\"WebSite\",\"@id\":\"https:\\\/\\\/eletricistadelisboa.pt\\\/#website\",\"url\":\"https:\\\/\\\/eletricistadelisboa.pt\\\/\",\"name\":\"Eletricista de Lisboa\",\"description\":\"Servi\u00e7os el\u00e9tricos r\u00e1pidos e de alta qualidade em Lisboa, dispon\u00edveis 24 horas por dia.\",\"potentialAction\":[{\"@type\":\"SearchAction\",\"target\":{\"@type\":\"EntryPoint\",\"urlTemplate\":\"https:\\\/\\\/eletricistadelisboa.pt\\\/?s={search_term_string}\"},\"query-input\":{\"@type\":\"PropertyValueSpecification\",\"valueRequired\":true,\"valueName\":\"search_term_string\"}}],\"inLanguage\":\"fr-FR\"}]}<\/script>\n<!-- \/ Yoast SEO plugin. -->","yoast_head_json":{"title":"Installation de spots - Un \u00e9clairage sophistiqu\u00e9 et fonctionnel","description":"Besoin d'installer un projecteur ? Nous cr\u00e9ons des environnements modernes et sophistiqu\u00e9s gr\u00e2ce \u00e0 un \u00e9clairage personnalis\u00e9. Demandez un devis d\u00e8s maintenant !","robots":{"index":"index","follow":"follow","max-snippet":"max-snippet:-1","max-image-preview":"max-image-preview:large","max-video-preview":"max-video-preview:-1"},"canonical":"https:\/\/eletricistadelisboa.pt\/fr\/installation-ponctuelle\/","og_locale":"fr_FR","og_type":"article","og_title":"Instala\u00e7\u00e3o de Spot \u2013 Ilumina\u00e7\u00e3o Sofisticada e Funcional","og_description":"Precisa de instala\u00e7\u00e3o de spot? Criamos ambientes modernos e sofisticados com ilumina\u00e7\u00e3o personalizada. Pe\u00e7a um or\u00e7amento agora!","og_url":"https:\/\/eletricistadelisboa.pt\/fr\/installation-ponctuelle\/","og_site_name":"Eletricista de Lisboa","twitter_card":"summary_large_image","schema":{"@context":"https:\/\/schema.org","@graph":[{"@type":"WebPage","@id":"https:\/\/eletricistadelisboa.pt\/instalacao-de-spot\/","url":"https:\/\/eletricistadelisboa.pt\/instalacao-de-spot\/","name":"Installation de spots - Un \u00e9clairage sophistiqu\u00e9 et fonctionnel","isPartOf":{"@id":"https:\/\/eletricistadelisboa.pt\/#website"},"datePublished":"2025-01-30T07:20:45+00:00","description":"Besoin d'installer un projecteur ? Nous cr\u00e9ons des environnements modernes et sophistiqu\u00e9s gr\u00e2ce \u00e0 un \u00e9clairage personnalis\u00e9. Demandez un devis d\u00e8s maintenant !","breadcrumb":{"@id":"https:\/\/eletricistadelisboa.pt\/instalacao-de-spot\/#breadcrumb"},"inLanguage":"fr-FR","potentialAction":[{"@type":"ReadAction","target":["https:\/\/eletricistadelisboa.pt\/instalacao-de-spot\/"]}]},{"@type":"BreadcrumbList","@id":"https:\/\/eletricistadelisboa.pt\/instalacao-de-spot\/#breadcrumb","itemListElement":[{"@type":"ListItem","position":1,"name":"In\u00edcio","item":"https:\/\/eletricistadelisboa.pt\/"},{"@type":"ListItem","position":2,"name":"Instala\u00e7\u00e3o de Spot \u2013 Ilumina\u00e7\u00e3o Sofisticada e Funcional"}]},{"@type":"WebSite","@id":"https:\/\/eletricistadelisboa.pt\/#website","url":"https:\/\/eletricistadelisboa.pt\/","name":"Eletricista de Lisboa","description":"Des services \u00e9lectriques rapides et de haute qualit\u00e9 \u00e0 Lisbonne, disponibles 24 heures sur 24.","potentialAction":[{"@type":"SearchAction","target":{"@type":"EntryPoint","urlTemplate":"https:\/\/eletricistadelisboa.pt\/?s={search_term_string}"},"query-input":{"@type":"PropertyValueSpecification","valueRequired":true,"valueName":"search_term_string"}}],"inLanguage":"fr-FR"}]}},"_links":{"self":[{"href":"https:\/\/eletricistadelisboa.pt\/fr\/wp-json\/wp\/v2\/pages\/2953","targetHints":{"allow":["GET"]}}],"collection":[{"href":"https:\/\/eletricistadelisboa.pt\/fr\/wp-json\/wp\/v2\/pages"}],"about":[{"href":"https:\/\/eletricistadelisboa.pt\/fr\/wp-json\/wp\/v2\/types\/page"}],"author":[{"embeddable":true,"href":"https:\/\/eletricistadelisboa.pt\/fr\/wp-json\/wp\/v2\/users\/1"}],"replies":[{"embeddable":true,"href":"https:\/\/eletricistadelisboa.pt\/fr\/wp-json\/wp\/v2\/comments?post=2953"}],"version-history":[{"count":1,"href":"https:\/\/eletricistadelisboa.pt\/fr\/wp-json\/wp\/v2\/pages\/2953\/revisions"}],"predecessor-version":[{"id":2955,"href":"https:\/\/eletricistadelisboa.pt\/fr\/wp-json\/wp\/v2\/pages\/2953\/revisions\/2955"}],"wp:attachment":[{"href":"https:\/\/eletricistadelisboa.pt\/fr\/wp-json\/wp\/v2\/media?parent=2953"}],"curies":[{"name":"wp","href":"https:\/\/api.w.org\/{rel}","templated":true}]}}