{"id":2926,"date":"2025-01-29T11:43:26","date_gmt":"2025-01-29T11:43:26","guid":{"rendered":"https:\/\/eletricistadelisboa.pt\/?page_id=2926"},"modified":"2025-01-29T11:43:26","modified_gmt":"2025-01-29T11:43:26","slug":"remplacement-des-fusibles","status":"publish","type":"page","link":"https:\/\/eletricistadelisboa.pt\/fr\/remplacement-des-fusibles\/","title":{"rendered":"Remplacement des fusibles - Un service s\u00fbr et professionnel"},"content":{"rendered":"<p>Vous avez besoin d'un <strong>remplacement des fusibles<\/strong>? Les fusibles sont des \u00e9l\u00e9ments essentiels de la protection du syst\u00e8me \u00e9lectrique contre les surcharges et les courts-circuits. Si un fusible saute fr\u00e9quemment ou est d\u00e9fectueux, il est essentiel de le remplacer correctement pour \u00e9viter des probl\u00e8mes \u00e9lectriques plus graves.<\/p>\n<h2>Quand faut-il remplacer un fusible ?<\/h2>\n<p>Les fusibles ont pour fonction d'interrompre le flux d'\u00e9lectricit\u00e9 en cas de surintensit\u00e9, \u00e9vitant ainsi d'endommager l'installation \u00e9lectrique. Toutefois, avec le temps ou en raison de surcharges fr\u00e9quentes, il peut s'av\u00e9rer n\u00e9cessaire de les remplacer. Voici quelques signes indiquant qu'il est temps de changer le fusible :<\/p>\n<ul>\n<li><strong>Fusible grill\u00e9 :<\/strong> Si un circuit \u00e9lectrique a cess\u00e9 de fonctionner et que le fusible est noirci ou cass\u00e9, il doit \u00eatre remplac\u00e9.<\/li>\n<li><strong>Coupures de courant sur certains circuits :<\/strong> Cela peut indiquer que le fusible ne supporte plus la charge requise.<\/li>\n<li><strong>Surchauffe du tableau de distribution :<\/strong> Si vous sentez une odeur de br\u00fbl\u00e9 ou si vous remarquez que le fusible chauffe, il est peut-\u00eatre sur le point de tomber en panne.<\/li>\n<li><strong>D\u00e9clenchement fr\u00e9quent des fusibles :<\/strong> Si cela se r\u00e9p\u00e8te, il peut y avoir un probl\u00e8me \u00e9lectrique sous-jacent qui doit \u00eatre examin\u00e9.<\/li>\n<\/ul>\n<p>Si l'un de ces signes est pr\u00e9sent, le fusible doit \u00eatre remplac\u00e9 d\u00e8s que possible afin d'\u00e9viter des d\u00e9faillances \u00e9lectriques majeures.<\/p>\n<h2>Comment fonctionne le remplacement d'un fusible ?<\/h2>\n<p>Pour garantir la s\u00e9curit\u00e9 et le bon fonctionnement du syst\u00e8me \u00e9lectrique, le remplacement d'un fusible doit \u00eatre effectu\u00e9 par un professionnel qualifi\u00e9. Le service comprend :<\/p>\n<ul>\n<li>Couper l'alimentation pour \u00e9viter les accidents.<\/li>\n<li>Identifiez le fusible grill\u00e9 et v\u00e9rifiez la cause du probl\u00e8me.<\/li>\n<li>Choisissez le bon fusible en fonction de l'amp\u00e9rage requis.<\/li>\n<li>Installation du nouveau fusible et tests fonctionnels.<\/li>\n<li>V\u00e9rification du syst\u00e8me \u00e9lectrique pour s'assurer qu'il n'y a pas d'autres d\u00e9fauts.<\/li>\n<\/ul>\n<p>Outre le remplacement du fusible, il est important de v\u00e9rifier que l'installation \u00e9lectrique est correctement dimensionn\u00e9e pour la charge actuelle, afin d'\u00e9viter des br\u00fblures inutiles \u00e0 l'avenir.<\/p>\n<h2>Quels sont les avantages du remplacement d'un fusible d\u00e9fectueux ?<\/h2>\n<p>A <strong>remplacement des fusibles<\/strong> si elle est effectu\u00e9e correctement, elle pr\u00e9sente plusieurs avantages, tels que<\/p>\n<ul>\n<li><strong>La s\u00e9curit\u00e9 :<\/strong> Pr\u00e9vient les courts-circuits et les incendies d'origine \u00e9lectrique.<\/li>\n<li><strong>Protection des appareils \u00e9lectriques :<\/strong> Emp\u00eache les fluctuations de courant d'endommager les \u00e9quipements sensibles.<\/li>\n<li><strong>Efficacit\u00e9 \u00e9nerg\u00e9tique :<\/strong> Il veille \u00e0 ce que le courant \u00e9lectrique circule correctement et sans interruption.<\/li>\n<li><strong>Fonctionnement correct de l'installation \u00e9lectrique :<\/strong> Pr\u00e9vient les d\u00e9fauts et les coupures de courant dans certains circuits.<\/li>\n<li><strong>Respect des normes \u00e9lectriques :<\/strong> Maintient votre installation dans les normes techniques recommand\u00e9es.<\/li>\n<\/ul>\n<h2>Combien co\u00fbte le remplacement d'un fusible ?<\/h2>\n<p>Le co\u00fbt du service peut varier en fonction de la n\u00e9cessit\u00e9 de r\u00e9parations suppl\u00e9mentaires et du type de fusible utilis\u00e9. Les principaux facteurs influen\u00e7ant le prix sont les suivants :<\/p>\n<ul>\n<li>Nombre de fusibles \u00e0 remplacer.<\/li>\n<li>Type de fusible (cartouche, bouchon, fusible en verre, etc.).<\/li>\n<li>\u00c9tat du tableau \u00e9lectrique et du c\u00e2blage.<\/li>\n<li>Temps n\u00e9cessaire \u00e0 la r\u00e9alisation du service.<\/li>\n<\/ul>\n<p>Pour garantir un devis \u00e9quitable et un service s\u00fbr, nous recommandons une \u00e9valuation professionnelle.<\/p>\n<h2>\u00c0 quelle fr\u00e9quence faut-il v\u00e9rifier les fusibles ?<\/h2>\n<p>Les fusibles doivent \u00eatre v\u00e9rifi\u00e9s p\u00e9riodiquement, en particulier dans les installations \u00e9lectriques anciennes. Si les fusibles sautent fr\u00e9quemment, il peut \u00eatre n\u00e9cessaire d'\u00e9valuer la r\u00e9partition de la charge \u00e9lectrique et de les remplacer par des disjoncteurs modernes, qui offrent une meilleure protection.<\/p>\n<h2>Besoin de remplacer un fusible ? Parlez-en avec nous !<\/h2>\n<p>Si vous avez besoin d'un <strong>remplacement des fusibles<\/strong>ne prenez pas de risques. Un service professionnel garantit la s\u00e9curit\u00e9, l'efficacit\u00e9 et la protection de votre installation \u00e9lectrique.<\/p>","protected":false},"excerpt":{"rendered":"<p>Precisa de uma substitui\u00e7\u00e3o de fus\u00edvel? Os fus\u00edveis s\u00e3o componentes essenciais na prote\u00e7\u00e3o do sistema el\u00e9trico contra sobrecargas e curtos-circuitos. Se um fus\u00edvel queima com frequ\u00eancia ou apresenta falhas, a substitui\u00e7\u00e3o correta \u00e9 fundamental para evitar problemas el\u00e9tricos mais graves. Quando \u00e9 necess\u00e1ria a substitui\u00e7\u00e3o de um fus\u00edvel? Os fus\u00edveis t\u00eam a fun\u00e7\u00e3o de interromper [&hellip;]<\/p>\n","protected":false},"author":1,"featured_media":0,"parent":0,"menu_order":0,"comment_status":"closed","ping_status":"closed","template":"","meta":{"iawp_total_views":71,"footnotes":""},"class_list":["post-2926","page","type-page","status-publish","hentry"],"yoast_head":"<!-- This site is optimized with the Yoast SEO plugin v27.5 - https:\/\/yoast.com\/product\/yoast-seo-wordpress\/ -->\n<title>Substitui\u00e7\u00e3o de Fus\u00edvel - Servi\u00e7o Seguro e Profissional<\/title>\n<meta name=\"description\" content=\"Precisa de substitui\u00e7\u00e3o de fus\u00edvel? Oferecemos um servi\u00e7o profissional e seguro para proteger sua instala\u00e7\u00e3o el\u00e9trica contra curtos-circuitos e sobrecargas.\" \/>\n<meta name=\"robots\" content=\"index, follow, max-snippet:-1, max-image-preview:large, max-video-preview:-1\" \/>\n<link rel=\"canonical\" href=\"https:\/\/eletricistadelisboa.pt\/fr\/remplacement-des-fusibles\/\" \/>\n<meta property=\"og:locale\" content=\"fr_FR\" \/>\n<meta property=\"og:type\" content=\"article\" \/>\n<meta property=\"og:title\" content=\"Substitui\u00e7\u00e3o de Fus\u00edvel - Servi\u00e7o Seguro e Profissional\" \/>\n<meta property=\"og:description\" content=\"Precisa de substitui\u00e7\u00e3o de fus\u00edvel? Oferecemos um servi\u00e7o profissional e seguro para proteger sua instala\u00e7\u00e3o el\u00e9trica contra curtos-circuitos e sobrecargas.\" \/>\n<meta property=\"og:url\" content=\"https:\/\/eletricistadelisboa.pt\/fr\/remplacement-des-fusibles\/\" \/>\n<meta property=\"og:site_name\" content=\"Eletricista de Lisboa\" \/>\n<meta name=\"twitter:card\" content=\"summary_large_image\" \/>\n<script type=\"application\/ld+json\" class=\"yoast-schema-graph\">{\"@context\":\"https:\\\/\\\/schema.org\",\"@graph\":[{\"@type\":\"WebPage\",\"@id\":\"https:\\\/\\\/eletricistadelisboa.pt\\\/substituicao-de-fusivel\\\/\",\"url\":\"https:\\\/\\\/eletricistadelisboa.pt\\\/substituicao-de-fusivel\\\/\",\"name\":\"Substitui\u00e7\u00e3o de Fus\u00edvel - Servi\u00e7o Seguro e Profissional\",\"isPartOf\":{\"@id\":\"https:\\\/\\\/eletricistadelisboa.pt\\\/#website\"},\"datePublished\":\"2025-01-29T11:43:26+00:00\",\"description\":\"Precisa de substitui\u00e7\u00e3o de fus\u00edvel? Oferecemos um servi\u00e7o profissional e seguro para proteger sua instala\u00e7\u00e3o el\u00e9trica contra curtos-circuitos e sobrecargas.\",\"breadcrumb\":{\"@id\":\"https:\\\/\\\/eletricistadelisboa.pt\\\/substituicao-de-fusivel\\\/#breadcrumb\"},\"inLanguage\":\"fr-FR\",\"potentialAction\":[{\"@type\":\"ReadAction\",\"target\":[\"https:\\\/\\\/eletricistadelisboa.pt\\\/substituicao-de-fusivel\\\/\"]}]},{\"@type\":\"BreadcrumbList\",\"@id\":\"https:\\\/\\\/eletricistadelisboa.pt\\\/substituicao-de-fusivel\\\/#breadcrumb\",\"itemListElement\":[{\"@type\":\"ListItem\",\"position\":1,\"name\":\"In\u00edcio\",\"item\":\"https:\\\/\\\/eletricistadelisboa.pt\\\/\"},{\"@type\":\"ListItem\",\"position\":2,\"name\":\"Substitui\u00e7\u00e3o de Fus\u00edvel &#8211; Servi\u00e7o Seguro e Profissional\"}]},{\"@type\":\"WebSite\",\"@id\":\"https:\\\/\\\/eletricistadelisboa.pt\\\/#website\",\"url\":\"https:\\\/\\\/eletricistadelisboa.pt\\\/\",\"name\":\"Eletricista de Lisboa\",\"description\":\"Servi\u00e7os el\u00e9tricos r\u00e1pidos e de alta qualidade em Lisboa, dispon\u00edveis 24 horas por dia.\",\"potentialAction\":[{\"@type\":\"SearchAction\",\"target\":{\"@type\":\"EntryPoint\",\"urlTemplate\":\"https:\\\/\\\/eletricistadelisboa.pt\\\/?s={search_term_string}\"},\"query-input\":{\"@type\":\"PropertyValueSpecification\",\"valueRequired\":true,\"valueName\":\"search_term_string\"}}],\"inLanguage\":\"fr-FR\"}]}<\/script>\n<!-- \/ Yoast SEO plugin. -->","yoast_head_json":{"title":"Remplacement des fusibles - Un service s\u00fbr et professionnel","description":"Besoin de remplacer un fusible ? Nous offrons un service professionnel et s\u00fbr pour prot\u00e9ger votre installation \u00e9lectrique contre les courts-circuits et les surcharges.","robots":{"index":"index","follow":"follow","max-snippet":"max-snippet:-1","max-image-preview":"max-image-preview:large","max-video-preview":"max-video-preview:-1"},"canonical":"https:\/\/eletricistadelisboa.pt\/fr\/remplacement-des-fusibles\/","og_locale":"fr_FR","og_type":"article","og_title":"Substitui\u00e7\u00e3o de Fus\u00edvel - Servi\u00e7o Seguro e Profissional","og_description":"Precisa de substitui\u00e7\u00e3o de fus\u00edvel? Oferecemos um servi\u00e7o profissional e seguro para proteger sua instala\u00e7\u00e3o el\u00e9trica contra curtos-circuitos e sobrecargas.","og_url":"https:\/\/eletricistadelisboa.pt\/fr\/remplacement-des-fusibles\/","og_site_name":"Eletricista de Lisboa","twitter_card":"summary_large_image","schema":{"@context":"https:\/\/schema.org","@graph":[{"@type":"WebPage","@id":"https:\/\/eletricistadelisboa.pt\/substituicao-de-fusivel\/","url":"https:\/\/eletricistadelisboa.pt\/substituicao-de-fusivel\/","name":"Remplacement des fusibles - Un service s\u00fbr et professionnel","isPartOf":{"@id":"https:\/\/eletricistadelisboa.pt\/#website"},"datePublished":"2025-01-29T11:43:26+00:00","description":"Besoin de remplacer un fusible ? Nous offrons un service professionnel et s\u00fbr pour prot\u00e9ger votre installation \u00e9lectrique contre les courts-circuits et les surcharges.","breadcrumb":{"@id":"https:\/\/eletricistadelisboa.pt\/substituicao-de-fusivel\/#breadcrumb"},"inLanguage":"fr-FR","potentialAction":[{"@type":"ReadAction","target":["https:\/\/eletricistadelisboa.pt\/substituicao-de-fusivel\/"]}]},{"@type":"BreadcrumbList","@id":"https:\/\/eletricistadelisboa.pt\/substituicao-de-fusivel\/#breadcrumb","itemListElement":[{"@type":"ListItem","position":1,"name":"In\u00edcio","item":"https:\/\/eletricistadelisboa.pt\/"},{"@type":"ListItem","position":2,"name":"Substitui\u00e7\u00e3o de Fus\u00edvel &#8211; Servi\u00e7o Seguro e Profissional"}]},{"@type":"WebSite","@id":"https:\/\/eletricistadelisboa.pt\/#website","url":"https:\/\/eletricistadelisboa.pt\/","name":"Eletricista de Lisboa","description":"Des services \u00e9lectriques rapides et de haute qualit\u00e9 \u00e0 Lisbonne, disponibles 24 heures sur 24.","potentialAction":[{"@type":"SearchAction","target":{"@type":"EntryPoint","urlTemplate":"https:\/\/eletricistadelisboa.pt\/?s={search_term_string}"},"query-input":{"@type":"PropertyValueSpecification","valueRequired":true,"valueName":"search_term_string"}}],"inLanguage":"fr-FR"}]}},"_links":{"self":[{"href":"https:\/\/eletricistadelisboa.pt\/fr\/wp-json\/wp\/v2\/pages\/2926","targetHints":{"allow":["GET"]}}],"collection":[{"href":"https:\/\/eletricistadelisboa.pt\/fr\/wp-json\/wp\/v2\/pages"}],"about":[{"href":"https:\/\/eletricistadelisboa.pt\/fr\/wp-json\/wp\/v2\/types\/page"}],"author":[{"embeddable":true,"href":"https:\/\/eletricistadelisboa.pt\/fr\/wp-json\/wp\/v2\/users\/1"}],"replies":[{"embeddable":true,"href":"https:\/\/eletricistadelisboa.pt\/fr\/wp-json\/wp\/v2\/comments?post=2926"}],"version-history":[{"count":1,"href":"https:\/\/eletricistadelisboa.pt\/fr\/wp-json\/wp\/v2\/pages\/2926\/revisions"}],"predecessor-version":[{"id":2927,"href":"https:\/\/eletricistadelisboa.pt\/fr\/wp-json\/wp\/v2\/pages\/2926\/revisions\/2927"}],"wp:attachment":[{"href":"https:\/\/eletricistadelisboa.pt\/fr\/wp-json\/wp\/v2\/media?parent=2926"}],"curies":[{"name":"wp","href":"https:\/\/api.w.org\/{rel}","templated":true}]}}