{"id":2898,"date":"2025-01-29T09:45:17","date_gmt":"2025-01-29T09:45:17","guid":{"rendered":"https:\/\/eletricistadelisboa.pt\/?page_id=2898"},"modified":"2025-01-29T09:45:17","modified_gmt":"2025-01-29T09:45:17","slug":"linstallation-dappareils-menagers","status":"publish","type":"page","link":"https:\/\/eletricistadelisboa.pt\/fr\/linstallation-dappareils-menagers\/","title":{"rendered":"Installation d'appareils \u00e9lectrom\u00e9nagers - Service professionnel et s\u00fbr"},"content":{"rendered":"<p>Vous avez besoin d'un <strong>installation des appareils<\/strong>? Le fait d'allumer correctement un appareil \u00e9lectrique peut \u00e9viter des probl\u00e8mes tels que des dysfonctionnements, une consommation d'\u00e9nergie excessive ou m\u00eame des risques \u00e9lectriques.<\/p>\n<h2>Quand une installation professionnelle est-elle n\u00e9cessaire ?<\/h2>\n<p>Si vous avez achet\u00e9 un nouvel appareil et que vous ne savez pas comment l'installer, ou si vous devez modifier l'installation \u00e9lectrique pour supporter la charge de l'appareil, il est pr\u00e9f\u00e9rable de faire appel \u00e0 un service professionnel.<\/p>\n<p>Les lave-linge, les plaques de cuisson \u00e9lectriques, les fours encastr\u00e9s, les hottes aspirantes et d'autres appareils n\u00e9cessitent des raccordements s\u00fbrs et de bonne qualit\u00e9 pour fonctionner parfaitement.<\/p>\n<h2>Comment fonctionne l'installation d'appareils \u00e9lectrom\u00e9nagers ?<\/h2>\n<p>Avant de brancher l'appareil, nous v\u00e9rifions que le r\u00e9seau \u00e9lectrique peut supporter la charge n\u00e9cessaire. Nous ajustons les prises, les disjoncteurs et proc\u00e9dons \u00e0 tous les r\u00e9glages n\u00e9cessaires pour garantir une s\u00e9curit\u00e9 totale.<\/p>\n<p>Outre le c\u00e2blage \u00e9lectrique, nous proc\u00e9dons \u00e0 des ajustements tels que la mise \u00e0 niveau des machines \u00e0 laver, la fixation des hottes aspirantes et les raccordements au gaz pour les appareils compatibles.<\/p>\n<h2>Quels sont les avantages d'un service professionnel ?<\/h2>\n<p>A <strong>installation des appareils<\/strong> S'il est effectu\u00e9 correctement, il \u00e9vite les courts-circuits, prot\u00e8ge contre les surcharges et prolonge la dur\u00e9e de vie de l'appareil.<\/p>\n<p>Il garantit \u00e9galement un fonctionnement efficace, \u00e9vitant le gaspillage d'\u00e9nergie et les pannes inattendues.<\/p>\n<h2>Combien co\u00fbte l'installation d'un appareil m\u00e9nager ?<\/h2>\n<p>Le prix varie en fonction du type d'appareil et de la n\u00e9cessit\u00e9 d'adapter l'installation \u00e9lectrique. Mais nous garantissons un service de qualit\u00e9 et un devis transparent.<\/p>\n<p>Prenez contact avec nous pour obtenir un devis sans engagement.<\/p>\n<h2>Vous devez installer un appareil m\u00e9nager ? Comptez sur nous !<\/h2>\n<p>Si vous avez besoin d'un <strong>installation des appareils<\/strong>pour \u00e9viter les probl\u00e8mes et garantir un service s\u00fbr et efficace.<\/p>","protected":false},"excerpt":{"rendered":"<p>Precisa de uma instala\u00e7\u00e3o de eletrodom\u00e9stico? Ligar corretamente um aparelho el\u00e9trico pode evitar problemas como mau funcionamento, consumo excessivo de energia ou at\u00e9 riscos el\u00e9tricos. Quando \u00e9 necess\u00e1ria uma instala\u00e7\u00e3o profissional? Se comprou um novo eletrodom\u00e9stico e n\u00e3o sabe como instal\u00e1-lo ou se precisa de ajustes na instala\u00e7\u00e3o el\u00e9trica para suportar a carga do aparelho, [&hellip;]<\/p>\n","protected":false},"author":1,"featured_media":0,"parent":0,"menu_order":0,"comment_status":"closed","ping_status":"closed","template":"","meta":{"iawp_total_views":6,"footnotes":""},"class_list":["post-2898","page","type-page","status-publish","hentry"],"yoast_head":"<!-- This site is optimized with the Yoast SEO plugin v27.3 - https:\/\/yoast.com\/product\/yoast-seo-wordpress\/ -->\n<title>Instala\u00e7\u00e3o de Eletrodom\u00e9stico \u2013 Servi\u00e7o Profissional e Seguro<\/title>\n<meta name=\"description\" content=\"Precisa de instala\u00e7\u00e3o de eletrodom\u00e9stico? Garantimos um servi\u00e7o profissional, r\u00e1pido e seguro para a liga\u00e7\u00e3o correta dos seus aparelhos.\" \/>\n<meta name=\"robots\" content=\"index, follow, max-snippet:-1, max-image-preview:large, max-video-preview:-1\" \/>\n<link rel=\"canonical\" href=\"https:\/\/eletricistadelisboa.pt\/fr\/linstallation-dappareils-menagers\/\" \/>\n<meta property=\"og:locale\" content=\"fr_FR\" \/>\n<meta property=\"og:type\" content=\"article\" \/>\n<meta property=\"og:title\" content=\"Instala\u00e7\u00e3o de Eletrodom\u00e9stico \u2013 Servi\u00e7o Profissional e Seguro\" \/>\n<meta property=\"og:description\" content=\"Precisa de instala\u00e7\u00e3o de eletrodom\u00e9stico? Garantimos um servi\u00e7o profissional, r\u00e1pido e seguro para a liga\u00e7\u00e3o correta dos seus aparelhos.\" \/>\n<meta property=\"og:url\" content=\"https:\/\/eletricistadelisboa.pt\/fr\/linstallation-dappareils-menagers\/\" \/>\n<meta property=\"og:site_name\" content=\"Eletricista de Lisboa\" \/>\n<meta name=\"twitter:card\" content=\"summary_large_image\" \/>\n<script type=\"application\/ld+json\" class=\"yoast-schema-graph\">{\"@context\":\"https:\\\/\\\/schema.org\",\"@graph\":[{\"@type\":\"WebPage\",\"@id\":\"https:\\\/\\\/eletricistadelisboa.pt\\\/instalacao-de-eletrodomestico\\\/\",\"url\":\"https:\\\/\\\/eletricistadelisboa.pt\\\/instalacao-de-eletrodomestico\\\/\",\"name\":\"Instala\u00e7\u00e3o de Eletrodom\u00e9stico \u2013 Servi\u00e7o Profissional e Seguro\",\"isPartOf\":{\"@id\":\"https:\\\/\\\/eletricistadelisboa.pt\\\/#website\"},\"datePublished\":\"2025-01-29T09:45:17+00:00\",\"description\":\"Precisa de instala\u00e7\u00e3o de eletrodom\u00e9stico? Garantimos um servi\u00e7o profissional, r\u00e1pido e seguro para a liga\u00e7\u00e3o correta dos seus aparelhos.\",\"breadcrumb\":{\"@id\":\"https:\\\/\\\/eletricistadelisboa.pt\\\/instalacao-de-eletrodomestico\\\/#breadcrumb\"},\"inLanguage\":\"fr-FR\",\"potentialAction\":[{\"@type\":\"ReadAction\",\"target\":[\"https:\\\/\\\/eletricistadelisboa.pt\\\/instalacao-de-eletrodomestico\\\/\"]}]},{\"@type\":\"BreadcrumbList\",\"@id\":\"https:\\\/\\\/eletricistadelisboa.pt\\\/instalacao-de-eletrodomestico\\\/#breadcrumb\",\"itemListElement\":[{\"@type\":\"ListItem\",\"position\":1,\"name\":\"In\u00edcio\",\"item\":\"https:\\\/\\\/eletricistadelisboa.pt\\\/\"},{\"@type\":\"ListItem\",\"position\":2,\"name\":\"Instala\u00e7\u00e3o de Eletrodom\u00e9stico \u2013 Servi\u00e7o Profissional e Seguro\"}]},{\"@type\":\"WebSite\",\"@id\":\"https:\\\/\\\/eletricistadelisboa.pt\\\/#website\",\"url\":\"https:\\\/\\\/eletricistadelisboa.pt\\\/\",\"name\":\"Eletricista de Lisboa\",\"description\":\"Servi\u00e7os el\u00e9tricos r\u00e1pidos e de alta qualidade em Lisboa, dispon\u00edveis 24 horas por dia.\",\"potentialAction\":[{\"@type\":\"SearchAction\",\"target\":{\"@type\":\"EntryPoint\",\"urlTemplate\":\"https:\\\/\\\/eletricistadelisboa.pt\\\/?s={search_term_string}\"},\"query-input\":{\"@type\":\"PropertyValueSpecification\",\"valueRequired\":true,\"valueName\":\"search_term_string\"}}],\"inLanguage\":\"fr-FR\"}]}<\/script>\n<!-- \/ Yoast SEO plugin. -->","yoast_head_json":{"title":"Installation d'appareils \u00e9lectrom\u00e9nagers - Service professionnel et s\u00fbr","description":"Vous avez besoin d'installer un appareil \u00e9lectrom\u00e9nager ? Nous vous garantissons un service professionnel, rapide et s\u00fbr pour le raccordement correct de vos appareils.","robots":{"index":"index","follow":"follow","max-snippet":"max-snippet:-1","max-image-preview":"max-image-preview:large","max-video-preview":"max-video-preview:-1"},"canonical":"https:\/\/eletricistadelisboa.pt\/fr\/linstallation-dappareils-menagers\/","og_locale":"fr_FR","og_type":"article","og_title":"Instala\u00e7\u00e3o de Eletrodom\u00e9stico \u2013 Servi\u00e7o Profissional e Seguro","og_description":"Precisa de instala\u00e7\u00e3o de eletrodom\u00e9stico? Garantimos um servi\u00e7o profissional, r\u00e1pido e seguro para a liga\u00e7\u00e3o correta dos seus aparelhos.","og_url":"https:\/\/eletricistadelisboa.pt\/fr\/linstallation-dappareils-menagers\/","og_site_name":"Eletricista de Lisboa","twitter_card":"summary_large_image","schema":{"@context":"https:\/\/schema.org","@graph":[{"@type":"WebPage","@id":"https:\/\/eletricistadelisboa.pt\/instalacao-de-eletrodomestico\/","url":"https:\/\/eletricistadelisboa.pt\/instalacao-de-eletrodomestico\/","name":"Installation d'appareils \u00e9lectrom\u00e9nagers - Service professionnel et s\u00fbr","isPartOf":{"@id":"https:\/\/eletricistadelisboa.pt\/#website"},"datePublished":"2025-01-29T09:45:17+00:00","description":"Vous avez besoin d'installer un appareil \u00e9lectrom\u00e9nager ? Nous vous garantissons un service professionnel, rapide et s\u00fbr pour le raccordement correct de vos appareils.","breadcrumb":{"@id":"https:\/\/eletricistadelisboa.pt\/instalacao-de-eletrodomestico\/#breadcrumb"},"inLanguage":"fr-FR","potentialAction":[{"@type":"ReadAction","target":["https:\/\/eletricistadelisboa.pt\/instalacao-de-eletrodomestico\/"]}]},{"@type":"BreadcrumbList","@id":"https:\/\/eletricistadelisboa.pt\/instalacao-de-eletrodomestico\/#breadcrumb","itemListElement":[{"@type":"ListItem","position":1,"name":"In\u00edcio","item":"https:\/\/eletricistadelisboa.pt\/"},{"@type":"ListItem","position":2,"name":"Instala\u00e7\u00e3o de Eletrodom\u00e9stico \u2013 Servi\u00e7o Profissional e Seguro"}]},{"@type":"WebSite","@id":"https:\/\/eletricistadelisboa.pt\/#website","url":"https:\/\/eletricistadelisboa.pt\/","name":"Eletricista de Lisboa","description":"Des services \u00e9lectriques rapides et de haute qualit\u00e9 \u00e0 Lisbonne, disponibles 24 heures sur 24.","potentialAction":[{"@type":"SearchAction","target":{"@type":"EntryPoint","urlTemplate":"https:\/\/eletricistadelisboa.pt\/?s={search_term_string}"},"query-input":{"@type":"PropertyValueSpecification","valueRequired":true,"valueName":"search_term_string"}}],"inLanguage":"fr-FR"}]}},"_links":{"self":[{"href":"https:\/\/eletricistadelisboa.pt\/fr\/wp-json\/wp\/v2\/pages\/2898","targetHints":{"allow":["GET"]}}],"collection":[{"href":"https:\/\/eletricistadelisboa.pt\/fr\/wp-json\/wp\/v2\/pages"}],"about":[{"href":"https:\/\/eletricistadelisboa.pt\/fr\/wp-json\/wp\/v2\/types\/page"}],"author":[{"embeddable":true,"href":"https:\/\/eletricistadelisboa.pt\/fr\/wp-json\/wp\/v2\/users\/1"}],"replies":[{"embeddable":true,"href":"https:\/\/eletricistadelisboa.pt\/fr\/wp-json\/wp\/v2\/comments?post=2898"}],"version-history":[{"count":1,"href":"https:\/\/eletricistadelisboa.pt\/fr\/wp-json\/wp\/v2\/pages\/2898\/revisions"}],"predecessor-version":[{"id":2899,"href":"https:\/\/eletricistadelisboa.pt\/fr\/wp-json\/wp\/v2\/pages\/2898\/revisions\/2899"}],"wp:attachment":[{"href":"https:\/\/eletricistadelisboa.pt\/fr\/wp-json\/wp\/v2\/media?parent=2898"}],"curies":[{"name":"wp","href":"https:\/\/api.w.org\/{rel}","templated":true}]}}