{"id":2883,"date":"2025-01-29T08:05:57","date_gmt":"2025-01-29T08:05:57","guid":{"rendered":"https:\/\/eletricistadelisboa.pt\/?page_id=2883"},"modified":"2025-11-06T10:02:30","modified_gmt":"2025-11-06T10:02:30","slug":"services","status":"publish","type":"page","link":"https:\/\/eletricistadelisboa.pt\/fr\/services\/","title":{"rendered":"Services"},"content":{"rendered":"<p>Chez Eletricista de Lisboa, nous proposons une large gamme de services pour r\u00e9pondre \u00e0 tous vos besoins en mati\u00e8re d'\u00e9lectricit\u00e9. Vous trouverez ci-dessous une liste compl\u00e8te de nos services :<\/p>\n<h2>Installation \u00e9lectrique<\/h2>\n<p><a href=\"https:\/\/eletricistadelisboa.pt\/fr\/installation-electrique\/\">Installation \u00e9lectrique<\/a><br \/>\n<a href=\"https:\/\/eletricistadelisboa.pt\/fr\/nouvelle-installation-electrique\/\">Nouvelle installation \u00e9lectrique<\/a><br \/>\n<a href=\"https:\/\/eletricistadelisboa.pt\/fr\/remodelage-electrique\/\">Remodelage \u00e9lectrique<\/a><br \/>\n<a href=\"https:\/\/eletricistadelisboa.pt\/fr\/installation-de-la-prise\/\">Installation de la prise<\/a><br \/>\n<a href=\"https:\/\/eletricistadelisboa.pt\/fr\/installation-du-commutateur\/\">Installation de l'interrupteur<\/a><br \/>\n<a href=\"https:\/\/eletricistadelisboa.pt\/fr\/linstallation-dappareils-menagers\/\">Installation d'appareils \u00e9lectrom\u00e9nagers<\/a><br \/>\n<a href=\"https:\/\/eletricistadelisboa.pt\/fr\/installation-du-systeme-de-chauffage\/\">Installation du syst\u00e8me de chauffage<\/a><br \/>\n<a href=\"https:\/\/eletricistadelisboa.pt\/fr\/installation-dune-sonnette\/\">Installation d'une sonnette<\/a><br \/>\n<a href=\"https:\/\/eletricistadelisboa.pt\/fr\/installation-electrique-lisbonne\/\">Installation \u00e9lectrique Lisbonne<\/a><\/p>\n<h2>Tableau \u00e9lectrique<\/h2>\n<p><a href=\"https:\/\/eletricistadelisboa.pt\/fr\/installation-dun-panneau-electrique\/\">Installation de panneaux \u00e9lectriques<\/a><br \/>\n<a href=\"https:\/\/eletricistadelisboa.pt\/fr\/modernisation-du-panneau-electrique\/\">Am\u00e9lioration du tableau \u00e9lectrique<\/a><br \/>\n<a href=\"https:\/\/eletricistadelisboa.pt\/fr\/maintenance-du-standard-telephonique\/\">Maintenance du standard t\u00e9l\u00e9phonique<\/a><br \/>\n<a href=\"https:\/\/eletricistadelisboa.pt\/fr\/assemblage-du-panneau-electrique\/\">Assemblage du panneau \u00e9lectrique<\/a><br \/>\n<a href=\"https:\/\/eletricistadelisboa.pt\/fr\/transformation-dun-tableau-de-distribution-monophase-en-un-tableau-de-distribution-triphase\/\">Passage d'un tableau de distribution monophas\u00e9 \u00e0 un tableau de distribution triphas\u00e9<\/a><br \/>\n<a href=\"https:\/\/eletricistadelisboa.pt\/fr\/remplacement-des-disjoncteurs\/\">Remplacement des disjoncteurs<\/a><br \/>\n<a href=\"https:\/\/eletricistadelisboa.pt\/fr\/remplacement-des-fusibles\/\">Remplacement des fusibles<\/a><br \/>\n<a href=\"https:\/\/eletricistadelisboa.pt\/fr\/tableau-electrique-lisbonne\/\">Tableau \u00e9lectrique Lisbon<\/a><\/p>\n<h2>R\u00e9parations \u00e9lectriques<\/h2>\n<p><a href=\"https:\/\/eletricistadelisboa.pt\/fr\/diagnostic-des-defauts-electriques\/\">Diagnostic des d\u00e9fauts \u00e9lectriques<\/a><br \/>\n<a href=\"https:\/\/eletricistadelisboa.pt\/fr\/reparation-du-standard-telephonique\/\">R\u00e9paration du tableau \u00e9lectrique<\/a><br \/>\n<a href=\"https:\/\/eletricistadelisboa.pt\/fr\/reparation-de-la-douille\/\">R\u00e9paration de la douille<\/a><br \/>\n<a href=\"https:\/\/eletricistadelisboa.pt\/fr\/reparation-de-linterrupteur\/\">R\u00e9paration de l'interrupteur<\/a><br \/>\n<a href=\"https:\/\/eletricistadelisboa.pt\/fr\/reparation-du-cablage-electrique\/\">R\u00e9paration du c\u00e2blage \u00e9lectrique<\/a><br \/>\n<a href=\"https:\/\/eletricistadelisboa.pt\/fr\/reparation-de-la-lumiere\/\">R\u00e9paration de luminaires<\/a><br \/>\n<a href=\"https:\/\/eletricistadelisboa.pt\/fr\/reparations-electriques-lisbonne\/\">R\u00e9paration \u00e9lectrique Lisbonne<\/a><\/p>\n<h2>Eclairage<\/h2>\n<p><a href=\"https:\/\/eletricistadelisboa.pt\/fr\/projets-declairage\/\">Projets d'\u00e9clairage<\/a><br \/>\n<a href=\"https:\/\/eletricistadelisboa.pt\/fr\/installation-declairage\/\">Installation de l'\u00e9clairage LED<\/a><br \/>\n<a href=\"https:\/\/eletricistadelisboa.pt\/fr\/installation-ponctuelle\/\">Installation ponctuelle<\/a><br \/>\n<a href=\"https:\/\/eletricistadelisboa.pt\/fr\/installation-de-la-lampe\/\">Installation de la lampe<\/a><br \/>\n<a href=\"https:\/\/eletricistadelisboa.pt\/fr\/installation-dun-plafonnier\/\">Installation du plafonnier<\/a><br \/>\n<a href=\"https:\/\/eletricistadelisboa.pt\/fr\/eclairage-decoratif\/\">\u00c9clairage d\u00e9coratif<\/a><br \/>\n<a href=\"https:\/\/eletricistadelisboa.pt\/fr\/eclairage-de-jardin\/\">Eclairage de jardin<\/a><br \/>\n<a href=\"https:\/\/eletricistadelisboa.pt\/fr\/eclairage-exterieur\/\">Eclairage ext\u00e9rieur<\/a><br \/>\n<a href=\"https:\/\/eletricistadelisboa.pt\/fr\/eclairage-lisbonne\/\">Eclairage Lisbonne<\/a><\/p>\n<h2>Plus de services<\/h2>\n<p><a href=\"https:\/\/eletricistadelisboa.pt\/fr\/colonne-du-montant-de-lelectricite\/\">Colonne d'\u00e9lectricit\u00e9<\/a><br \/>\n<a href=\"https:\/\/eletricistadelisboa.pt\/fr\/branche-electricite\/\">Branche \u00e9lectricit\u00e9<\/a><br \/>\n<a href=\"https:\/\/eletricistadelisboa.pt\/fr\/domotique\/\">Domotique<\/a><br \/>\n<a href=\"https:\/\/eletricistadelisboa.pt\/fr\/changement-puissance-contractee\/\">Modification de la puissance souscrite<\/a><br \/>\n<a href=\"https:\/\/eletricistadelisboa.pt\/fr\/laugmentation-de-la-puissance-electrique\/\">Augmenter la puissance \u00e9lectrique<\/a><br \/>\n<a href=\"https:\/\/eletricistadelisboa.pt\/fr\/installation-dune-prise-pour-voiture-electrique\/\">Installation d'une prise pour voiture \u00e9lectrique<\/a><br \/>\n<a href=\"https:\/\/eletricistadelisboa.pt\/fr\/installation-dun-chargeur-de-voiture-electrique\/\">Installation d'un chargeur de voiture \u00e9lectrique<\/a><br \/>\n<a href=\"https:\/\/eletricistadelisboa.pt\/fr\/mise-a-la-terre-electrique\/\">Mise \u00e0 la terre<\/a><br \/>\n<a href=\"https:\/\/eletricistadelisboa.pt\/fr\/maintenance-electrique-preventive\/\">Maintenance \u00e9lectrique pr\u00e9ventive<\/a><br \/>\n<a href=\"https:\/\/eletricistadelisboa.pt\/fr\/fiche-de-donnees-electrotechniques\/\">Dossier \u00e9lectrotechnique<\/a><br \/>\n<a href=\"https:\/\/eletricistadelisboa.pt\/fr\/duree-de-la-responsabilite\/\">Dur\u00e9e de la responsabilit\u00e9<\/a><\/p>\n<h2>Recherches fr\u00e9quentes<\/h2>\n<p><a href=\"https:\/\/eletricistadelisboa.pt\/fr\/service-delectricien\/\">Service d'\u00e9lectricien<\/a><br \/>\n<a href=\"https:\/\/eletricistadelisboa.pt\/fr\/electriciens-certifies\/\">\u00c9lectriciens certifi\u00e9s<\/a><br \/>\n<a href=\"https:\/\/eletricistadelisboa.pt\/fr\/electricien-urgent\/\">Urgent \u00e9lectricien<\/a><br \/>\n<a href=\"https:\/\/eletricistadelisboa.pt\/fr\/electricien-urgent-lisbonne\/\">Urgent \u00e9lectricien Lisbonne<\/a><br \/>\n<a href=\"https:\/\/eletricistadelisboa.pt\/fr\/electricien-certifie-dgeg\/\">\u00c9lectricien certifi\u00e9 DGEG<\/a><br \/>\n<a href=\"https:\/\/eletricistadelisboa.pt\/fr\/puissance-souscrite\/\">Puissance souscrite<\/a><br \/>\n<a href=\"https:\/\/eletricistadelisboa.pt\/fr\/electricien-24-heures-sur-24\/\">\u00c9lectricien 24 heures<\/a><br \/>\n<a href=\"https:\/\/eletricistadelisboa.pt\/fr\/electricien-24-heures-sur-24-a-lisbonne\/\">24 Hour Electrician Lisbon<\/a><br \/>\n<a href=\"https:\/\/eletricistadelisboa.pt\/fr\/electricien-certifie-lisbonne\/\">\u00c9lectricien certifi\u00e9 Lisbonne<\/a><br \/>\n<a href=\"https:\/\/eletricistadelisboa.pt\/fr\/electricien-certifie\/\">\u00c9lectricien certifi\u00e9<\/a><br \/>\n<a href=\"https:\/\/eletricistadelisboa.pt\/fr\/meilleur-electricien-a-lisbonne\/\">Meilleur \u00e9lectricien \u00e0 Lisbonne<\/a><br \/>\n<a href=\"https:\/\/eletricistadelisboa.pt\/fr\/electricien-amadora\/\">\u00c9lectricien Amadora<\/a><br \/>\n<a href=\"https:\/\/eletricistadelisboa.pt\/fr\/electricien-parque-das-nacoes\/\">\u00c9lectricien Parque das Na\u00e7\u00f5es<\/a><br \/>\n<a href=\"https:\/\/eletricistadelisboa.pt\/fr\/electricien-benfica\/\">\u00c9lectricien Benfica<\/a><\/p>","protected":false},"excerpt":{"rendered":"<p>Na Eletricista de Lisboa, oferecemos uma ampla gama de servi\u00e7os para atender todas as suas necessidades el\u00e9tricas. Veja abaixo a lista completa dos nossos servi\u00e7os: Instala\u00e7\u00e3o el\u00e9trica Instala\u00e7\u00e3o El\u00e9trica Instala\u00e7\u00e3o El\u00e9trica Nova Remodela\u00e7\u00e3o El\u00e9trica Instala\u00e7\u00e3o de Tomada Instala\u00e7\u00e3o de Interruptor Instala\u00e7\u00e3o de Eletrodom\u00e9stico Instala\u00e7\u00e3o de Sistema de Aquecimento Instala\u00e7\u00e3o de Campainha Instala\u00e7\u00e3o el\u00e9trica Lisboa Quadro [&hellip;]<\/p>\n","protected":false},"author":1,"featured_media":0,"parent":0,"menu_order":0,"comment_status":"closed","ping_status":"closed","template":"","meta":{"iawp_total_views":381,"footnotes":""},"class_list":["post-2883","page","type-page","status-publish","hentry"],"yoast_head":"<!-- This site is optimized with the Yoast SEO plugin v27.5 - https:\/\/yoast.com\/product\/yoast-seo-wordpress\/ -->\n<title>Servi\u00e7os<\/title>\n<meta name=\"description\" content=\"Na Eletricista de Lisboa, oferecemos servi\u00e7os el\u00e9tricos completos para resid\u00eancias e empresas, garantindo seguran\u00e7a e efici\u00eancia. Confira abaixo a lista dos nossos servi\u00e7os.\" \/>\n<meta name=\"robots\" content=\"index, follow, max-snippet:-1, max-image-preview:large, max-video-preview:-1\" \/>\n<link rel=\"canonical\" href=\"https:\/\/eletricistadelisboa.pt\/fr\/services\/\" \/>\n<meta property=\"og:locale\" content=\"fr_FR\" \/>\n<meta property=\"og:type\" content=\"article\" \/>\n<meta property=\"og:title\" content=\"Servi\u00e7os\" \/>\n<meta property=\"og:description\" content=\"Na Eletricista de Lisboa, oferecemos servi\u00e7os el\u00e9tricos completos para resid\u00eancias e empresas, garantindo seguran\u00e7a e efici\u00eancia. Confira abaixo a lista dos nossos servi\u00e7os.\" \/>\n<meta property=\"og:url\" content=\"https:\/\/eletricistadelisboa.pt\/fr\/services\/\" \/>\n<meta property=\"og:site_name\" content=\"Eletricista de Lisboa\" \/>\n<meta property=\"article:modified_time\" content=\"2025-11-06T10:02:30+00:00\" \/>\n<meta name=\"twitter:card\" content=\"summary_large_image\" \/>\n<meta name=\"twitter:label1\" content=\"Dur\u00e9e de lecture estim\u00e9e\" \/>\n\t<meta name=\"twitter:data1\" content=\"2 minutes\" \/>\n<script type=\"application\/ld+json\" class=\"yoast-schema-graph\">{\"@context\":\"https:\\\/\\\/schema.org\",\"@graph\":[{\"@type\":\"WebPage\",\"@id\":\"https:\\\/\\\/eletricistadelisboa.pt\\\/servicos\\\/\",\"url\":\"https:\\\/\\\/eletricistadelisboa.pt\\\/servicos\\\/\",\"name\":\"Servi\u00e7os\",\"isPartOf\":{\"@id\":\"https:\\\/\\\/eletricistadelisboa.pt\\\/#website\"},\"datePublished\":\"2025-01-29T08:05:57+00:00\",\"dateModified\":\"2025-11-06T10:02:30+00:00\",\"description\":\"Na Eletricista de Lisboa, oferecemos servi\u00e7os el\u00e9tricos completos para resid\u00eancias e empresas, garantindo seguran\u00e7a e efici\u00eancia. Confira abaixo a lista dos nossos servi\u00e7os.\",\"breadcrumb\":{\"@id\":\"https:\\\/\\\/eletricistadelisboa.pt\\\/servicos\\\/#breadcrumb\"},\"inLanguage\":\"fr-FR\",\"potentialAction\":[{\"@type\":\"ReadAction\",\"target\":[\"https:\\\/\\\/eletricistadelisboa.pt\\\/servicos\\\/\"]}]},{\"@type\":\"BreadcrumbList\",\"@id\":\"https:\\\/\\\/eletricistadelisboa.pt\\\/servicos\\\/#breadcrumb\",\"itemListElement\":[{\"@type\":\"ListItem\",\"position\":1,\"name\":\"In\u00edcio\",\"item\":\"https:\\\/\\\/eletricistadelisboa.pt\\\/\"},{\"@type\":\"ListItem\",\"position\":2,\"name\":\"Servi\u00e7os\"}]},{\"@type\":\"WebSite\",\"@id\":\"https:\\\/\\\/eletricistadelisboa.pt\\\/#website\",\"url\":\"https:\\\/\\\/eletricistadelisboa.pt\\\/\",\"name\":\"Eletricista de Lisboa\",\"description\":\"Servi\u00e7os el\u00e9tricos r\u00e1pidos e de alta qualidade em Lisboa, dispon\u00edveis 24 horas por dia.\",\"potentialAction\":[{\"@type\":\"SearchAction\",\"target\":{\"@type\":\"EntryPoint\",\"urlTemplate\":\"https:\\\/\\\/eletricistadelisboa.pt\\\/?s={search_term_string}\"},\"query-input\":{\"@type\":\"PropertyValueSpecification\",\"valueRequired\":true,\"valueName\":\"search_term_string\"}}],\"inLanguage\":\"fr-FR\"}]}<\/script>\n<!-- \/ Yoast SEO plugin. -->","yoast_head_json":{"title":"Services","description":"Chez Eletricista de Lisboa, nous proposons des services \u00e9lectriques complets pour les particuliers et les entreprises, en garantissant la s\u00e9curit\u00e9 et l'efficacit\u00e9. Vous trouverez ci-dessous une liste de nos services.","robots":{"index":"index","follow":"follow","max-snippet":"max-snippet:-1","max-image-preview":"max-image-preview:large","max-video-preview":"max-video-preview:-1"},"canonical":"https:\/\/eletricistadelisboa.pt\/fr\/services\/","og_locale":"fr_FR","og_type":"article","og_title":"Servi\u00e7os","og_description":"Na Eletricista de Lisboa, oferecemos servi\u00e7os el\u00e9tricos completos para resid\u00eancias e empresas, garantindo seguran\u00e7a e efici\u00eancia. Confira abaixo a lista dos nossos servi\u00e7os.","og_url":"https:\/\/eletricistadelisboa.pt\/fr\/services\/","og_site_name":"Eletricista de Lisboa","article_modified_time":"2025-11-06T10:02:30+00:00","twitter_card":"summary_large_image","twitter_misc":{"Dur\u00e9e de lecture estim\u00e9e":"2 minutes"},"schema":{"@context":"https:\/\/schema.org","@graph":[{"@type":"WebPage","@id":"https:\/\/eletricistadelisboa.pt\/servicos\/","url":"https:\/\/eletricistadelisboa.pt\/servicos\/","name":"Services","isPartOf":{"@id":"https:\/\/eletricistadelisboa.pt\/#website"},"datePublished":"2025-01-29T08:05:57+00:00","dateModified":"2025-11-06T10:02:30+00:00","description":"Chez Eletricista de Lisboa, nous proposons des services \u00e9lectriques complets pour les particuliers et les entreprises, en garantissant la s\u00e9curit\u00e9 et l'efficacit\u00e9. Vous trouverez ci-dessous une liste de nos services.","breadcrumb":{"@id":"https:\/\/eletricistadelisboa.pt\/servicos\/#breadcrumb"},"inLanguage":"fr-FR","potentialAction":[{"@type":"ReadAction","target":["https:\/\/eletricistadelisboa.pt\/servicos\/"]}]},{"@type":"BreadcrumbList","@id":"https:\/\/eletricistadelisboa.pt\/servicos\/#breadcrumb","itemListElement":[{"@type":"ListItem","position":1,"name":"In\u00edcio","item":"https:\/\/eletricistadelisboa.pt\/"},{"@type":"ListItem","position":2,"name":"Servi\u00e7os"}]},{"@type":"WebSite","@id":"https:\/\/eletricistadelisboa.pt\/#website","url":"https:\/\/eletricistadelisboa.pt\/","name":"Eletricista de Lisboa","description":"Des services \u00e9lectriques rapides et de haute qualit\u00e9 \u00e0 Lisbonne, disponibles 24 heures sur 24.","potentialAction":[{"@type":"SearchAction","target":{"@type":"EntryPoint","urlTemplate":"https:\/\/eletricistadelisboa.pt\/?s={search_term_string}"},"query-input":{"@type":"PropertyValueSpecification","valueRequired":true,"valueName":"search_term_string"}}],"inLanguage":"fr-FR"}]}},"_links":{"self":[{"href":"https:\/\/eletricistadelisboa.pt\/fr\/wp-json\/wp\/v2\/pages\/2883","targetHints":{"allow":["GET"]}}],"collection":[{"href":"https:\/\/eletricistadelisboa.pt\/fr\/wp-json\/wp\/v2\/pages"}],"about":[{"href":"https:\/\/eletricistadelisboa.pt\/fr\/wp-json\/wp\/v2\/types\/page"}],"author":[{"embeddable":true,"href":"https:\/\/eletricistadelisboa.pt\/fr\/wp-json\/wp\/v2\/users\/1"}],"replies":[{"embeddable":true,"href":"https:\/\/eletricistadelisboa.pt\/fr\/wp-json\/wp\/v2\/comments?post=2883"}],"version-history":[{"count":57,"href":"https:\/\/eletricistadelisboa.pt\/fr\/wp-json\/wp\/v2\/pages\/2883\/revisions"}],"predecessor-version":[{"id":3203,"href":"https:\/\/eletricistadelisboa.pt\/fr\/wp-json\/wp\/v2\/pages\/2883\/revisions\/3203"}],"wp:attachment":[{"href":"https:\/\/eletricistadelisboa.pt\/fr\/wp-json\/wp\/v2\/media?parent=2883"}],"curies":[{"name":"wp","href":"https:\/\/api.w.org\/{rel}","templated":true}]}}