{"id":3201,"date":"2025-11-06T10:01:05","date_gmt":"2025-11-06T10:01:05","guid":{"rendered":"https:\/\/eletricistadelisboa.pt\/?page_id=3201"},"modified":"2025-11-06T10:01:33","modified_gmt":"2025-11-06T10:01:33","slug":"electricista-amadora","status":"publish","type":"page","link":"https:\/\/eletricistadelisboa.pt\/es\/electricista-amadora\/","title":{"rendered":"Electricista Amadora - Asistencia r\u00e1pida el mismo d\u00eda"},"content":{"rendered":"<p>Si necesita un <strong>electricista en Amadora<\/strong>, hablar con <strong>Eletricista de Lisboa<\/strong>. Llegamos r\u00e1pidamente y solucionamos problemas de iluminaci\u00f3n, disyuntores que se ca\u00edan, enchufes que se calentaban y fallos en el cuadro el\u00e9ctrico.<\/p>\n<h2>Servicios en Amadora<\/h2>\n<ul>\n<li>Reparaci\u00f3n de cortocircuitos;<\/li>\n<li>Sustituci\u00f3n de enchufes e interruptores fundidos;<\/li>\n<li>Correcci\u00f3n de la iluminaci\u00f3n LED y focos empotrados;<\/li>\n<li>Reparaci\u00f3n y mantenimiento de cuadros el\u00e9ctricos;<\/li>\n<li>Servicio para casas, pisos, comercios y oficinas.<\/li>\n<\/ul>\n<p>Trabajamos con seguridad, materiales adecuados y una explicaci\u00f3n clara de lo que se est\u00e1 haciendo.<\/p>\n<p>Hable directamente con <a href=\"https:\/\/eletricistadelisboa.pt\/es\/\" title=\"Electricista Amadora\">Electricista Amadora<\/a> para asistencia inmediata.<\/p>\n<hr>\n<p style=\"text-align:center; font-size:1.2em;\">\n\u26a1 <strong>\u00bfFallan las luces? \u00bfOlor a quemado?<\/strong><br \/>\n<strong>Ll\u00e1menos ahora. Iremos a verte.<\/strong><\/p>","protected":false},"excerpt":{"rendered":"<p>Se precisa de um eletricista na Amadora, fale com a Eletricista de Lisboa. Chegamos r\u00e1pido e resolvemos problemas de ilumina\u00e7\u00e3o, disjuntores a cair, tomadas a aquecer e falhas no quadro el\u00e9trico. Servi\u00e7os na Amadora Repara\u00e7\u00e3o de curto-circuito; Substitui\u00e7\u00e3o de tomadas e interruptores queimados; Corre\u00e7\u00e3o de ilumina\u00e7\u00e3o LED e focos embutidos; Repara\u00e7\u00e3o e manuten\u00e7\u00e3o de quadro [&hellip;]<\/p>\n","protected":false},"author":1,"featured_media":0,"parent":0,"menu_order":0,"comment_status":"closed","ping_status":"closed","template":"","meta":{"iawp_total_views":19,"footnotes":""},"class_list":["post-3201","page","type-page","status-publish","hentry"],"yoast_head":"<!-- This site is optimized with the Yoast SEO plugin v27.5 - https:\/\/yoast.com\/product\/yoast-seo-wordpress\/ -->\n<title>Eletricista Amadora \u2013 Assist\u00eancia R\u00e1pida no Mesmo Dia<\/title>\n<meta name=\"description\" content=\"Eletricista na Amadora para falhas el\u00e9tricas, curto-circuito e problemas de ilumina\u00e7\u00e3o. Interven\u00e7\u00e3o r\u00e1pida e segura. Ligue j\u00e1.\" \/>\n<meta name=\"robots\" content=\"index, follow, max-snippet:-1, max-image-preview:large, max-video-preview:-1\" \/>\n<link rel=\"canonical\" href=\"https:\/\/eletricistadelisboa.pt\/es\/electricista-amadora\/\" \/>\n<meta property=\"og:locale\" content=\"es_ES\" \/>\n<meta property=\"og:type\" content=\"article\" \/>\n<meta property=\"og:title\" content=\"Eletricista Amadora \u2013 Assist\u00eancia R\u00e1pida no Mesmo Dia\" \/>\n<meta property=\"og:description\" content=\"Eletricista na Amadora para falhas el\u00e9tricas, curto-circuito e problemas de ilumina\u00e7\u00e3o. Interven\u00e7\u00e3o r\u00e1pida e segura. Ligue j\u00e1.\" \/>\n<meta property=\"og:url\" content=\"https:\/\/eletricistadelisboa.pt\/es\/electricista-amadora\/\" \/>\n<meta property=\"og:site_name\" content=\"Eletricista de Lisboa\" \/>\n<meta property=\"article:modified_time\" content=\"2025-11-06T10:01:33+00:00\" \/>\n<meta name=\"twitter:card\" content=\"summary_large_image\" \/>\n<meta name=\"twitter:label1\" content=\"Tiempo de lectura\" \/>\n\t<meta name=\"twitter:data1\" content=\"1 minuto\" \/>\n<script type=\"application\/ld+json\" class=\"yoast-schema-graph\">{\"@context\":\"https:\\\/\\\/schema.org\",\"@graph\":[{\"@type\":\"WebPage\",\"@id\":\"https:\\\/\\\/eletricistadelisboa.pt\\\/eletricista-amadora\\\/\",\"url\":\"https:\\\/\\\/eletricistadelisboa.pt\\\/eletricista-amadora\\\/\",\"name\":\"Eletricista Amadora \u2013 Assist\u00eancia R\u00e1pida no Mesmo Dia\",\"isPartOf\":{\"@id\":\"https:\\\/\\\/eletricistadelisboa.pt\\\/#website\"},\"datePublished\":\"2025-11-06T10:01:05+00:00\",\"dateModified\":\"2025-11-06T10:01:33+00:00\",\"description\":\"Eletricista na Amadora para falhas el\u00e9tricas, curto-circuito e problemas de ilumina\u00e7\u00e3o. Interven\u00e7\u00e3o r\u00e1pida e segura. Ligue j\u00e1.\",\"breadcrumb\":{\"@id\":\"https:\\\/\\\/eletricistadelisboa.pt\\\/eletricista-amadora\\\/#breadcrumb\"},\"inLanguage\":\"es\",\"potentialAction\":[{\"@type\":\"ReadAction\",\"target\":[\"https:\\\/\\\/eletricistadelisboa.pt\\\/eletricista-amadora\\\/\"]}]},{\"@type\":\"BreadcrumbList\",\"@id\":\"https:\\\/\\\/eletricistadelisboa.pt\\\/eletricista-amadora\\\/#breadcrumb\",\"itemListElement\":[{\"@type\":\"ListItem\",\"position\":1,\"name\":\"In\u00edcio\",\"item\":\"https:\\\/\\\/eletricistadelisboa.pt\\\/\"},{\"@type\":\"ListItem\",\"position\":2,\"name\":\"Eletricista Amadora \u2013 Assist\u00eancia R\u00e1pida no Mesmo Dia\"}]},{\"@type\":\"WebSite\",\"@id\":\"https:\\\/\\\/eletricistadelisboa.pt\\\/#website\",\"url\":\"https:\\\/\\\/eletricistadelisboa.pt\\\/\",\"name\":\"Eletricista de Lisboa\",\"description\":\"Servi\u00e7os el\u00e9tricos r\u00e1pidos e de alta qualidade em Lisboa, dispon\u00edveis 24 horas por dia.\",\"potentialAction\":[{\"@type\":\"SearchAction\",\"target\":{\"@type\":\"EntryPoint\",\"urlTemplate\":\"https:\\\/\\\/eletricistadelisboa.pt\\\/?s={search_term_string}\"},\"query-input\":{\"@type\":\"PropertyValueSpecification\",\"valueRequired\":true,\"valueName\":\"search_term_string\"}}],\"inLanguage\":\"es\"}]}<\/script>\n<!-- \/ Yoast SEO plugin. -->","yoast_head_json":{"title":"Electricista Amadora - Asistencia r\u00e1pida el mismo d\u00eda","description":"Electricista en Amadora para aver\u00edas el\u00e9ctricas, cortocircuitos y problemas de iluminaci\u00f3n. Intervenci\u00f3n r\u00e1pida y segura. Ll\u00e1menos ahora.","robots":{"index":"index","follow":"follow","max-snippet":"max-snippet:-1","max-image-preview":"max-image-preview:large","max-video-preview":"max-video-preview:-1"},"canonical":"https:\/\/eletricistadelisboa.pt\/es\/electricista-amadora\/","og_locale":"es_ES","og_type":"article","og_title":"Eletricista Amadora \u2013 Assist\u00eancia R\u00e1pida no Mesmo Dia","og_description":"Eletricista na Amadora para falhas el\u00e9tricas, curto-circuito e problemas de ilumina\u00e7\u00e3o. Interven\u00e7\u00e3o r\u00e1pida e segura. Ligue j\u00e1.","og_url":"https:\/\/eletricistadelisboa.pt\/es\/electricista-amadora\/","og_site_name":"Eletricista de Lisboa","article_modified_time":"2025-11-06T10:01:33+00:00","twitter_card":"summary_large_image","twitter_misc":{"Tiempo de lectura":"1 minuto"},"schema":{"@context":"https:\/\/schema.org","@graph":[{"@type":"WebPage","@id":"https:\/\/eletricistadelisboa.pt\/eletricista-amadora\/","url":"https:\/\/eletricistadelisboa.pt\/eletricista-amadora\/","name":"Electricista Amadora - Asistencia r\u00e1pida el mismo d\u00eda","isPartOf":{"@id":"https:\/\/eletricistadelisboa.pt\/#website"},"datePublished":"2025-11-06T10:01:05+00:00","dateModified":"2025-11-06T10:01:33+00:00","description":"Electricista en Amadora para aver\u00edas el\u00e9ctricas, cortocircuitos y problemas de iluminaci\u00f3n. Intervenci\u00f3n r\u00e1pida y segura. Ll\u00e1menos ahora.","breadcrumb":{"@id":"https:\/\/eletricistadelisboa.pt\/eletricista-amadora\/#breadcrumb"},"inLanguage":"es","potentialAction":[{"@type":"ReadAction","target":["https:\/\/eletricistadelisboa.pt\/eletricista-amadora\/"]}]},{"@type":"BreadcrumbList","@id":"https:\/\/eletricistadelisboa.pt\/eletricista-amadora\/#breadcrumb","itemListElement":[{"@type":"ListItem","position":1,"name":"In\u00edcio","item":"https:\/\/eletricistadelisboa.pt\/"},{"@type":"ListItem","position":2,"name":"Eletricista Amadora \u2013 Assist\u00eancia R\u00e1pida no Mesmo Dia"}]},{"@type":"WebSite","@id":"https:\/\/eletricistadelisboa.pt\/#website","url":"https:\/\/eletricistadelisboa.pt\/","name":"Eletricista de Lisboa","description":"Servicios el\u00e9ctricos r\u00e1pidos y de calidad en Lisboa, disponibles las 24 horas del d\u00eda.","potentialAction":[{"@type":"SearchAction","target":{"@type":"EntryPoint","urlTemplate":"https:\/\/eletricistadelisboa.pt\/?s={search_term_string}"},"query-input":{"@type":"PropertyValueSpecification","valueRequired":true,"valueName":"search_term_string"}}],"inLanguage":"es"}]}},"_links":{"self":[{"href":"https:\/\/eletricistadelisboa.pt\/es\/wp-json\/wp\/v2\/pages\/3201","targetHints":{"allow":["GET"]}}],"collection":[{"href":"https:\/\/eletricistadelisboa.pt\/es\/wp-json\/wp\/v2\/pages"}],"about":[{"href":"https:\/\/eletricistadelisboa.pt\/es\/wp-json\/wp\/v2\/types\/page"}],"author":[{"embeddable":true,"href":"https:\/\/eletricistadelisboa.pt\/es\/wp-json\/wp\/v2\/users\/1"}],"replies":[{"embeddable":true,"href":"https:\/\/eletricistadelisboa.pt\/es\/wp-json\/wp\/v2\/comments?post=3201"}],"version-history":[{"count":1,"href":"https:\/\/eletricistadelisboa.pt\/es\/wp-json\/wp\/v2\/pages\/3201\/revisions"}],"predecessor-version":[{"id":3202,"href":"https:\/\/eletricistadelisboa.pt\/es\/wp-json\/wp\/v2\/pages\/3201\/revisions\/3202"}],"wp:attachment":[{"href":"https:\/\/eletricistadelisboa.pt\/es\/wp-json\/wp\/v2\/media?parent=3201"}],"curies":[{"name":"wp","href":"https:\/\/api.w.org\/{rel}","templated":true}]}}