{"id":3199,"date":"2025-11-06T10:00:21","date_gmt":"2025-11-06T10:00:21","guid":{"rendered":"https:\/\/eletricistadelisboa.pt\/?page_id=3199"},"modified":"2025-11-06T10:01:43","modified_gmt":"2025-11-06T10:01:43","slug":"electricista-parque-das-nacoes","status":"publish","type":"page","link":"https:\/\/eletricistadelisboa.pt\/es\/electricista-parque-das-nacoes\/","title":{"rendered":"Electricista Parque das Na\u00e7\u00f5es - Asistencia r\u00e1pida y en el mismo d\u00eda"},"content":{"rendered":"<p>Si necesita un <strong>electricista en Parque das Na\u00e7\u00f5es<\/strong>, hablar con <strong>Eletricista de Lisboa<\/strong>. Intervenci\u00f3n r\u00e1pida en caso de fallo de luces, ca\u00edda de disyuntores, sobrecalentamiento de enchufes y problemas en cuadros el\u00e9ctricos.<\/p>\n<h2>Servicios en el Parque das Na\u00e7\u00f5es<\/h2>\n<ul>\n<li>Reparaci\u00f3n de cortocircuitos;<\/li>\n<li>Sustituci\u00f3n de disyuntores e interruptores quemados;<\/li>\n<li>Correcci\u00f3n de la iluminaci\u00f3n LED y focos empotrados;<\/li>\n<li>Mantenimiento de cuadros el\u00e9ctricos y cableado;<\/li>\n<li>Servicio para casas, pisos, comercios y oficinas.<\/li>\n<\/ul>\n<p>Llegamos r\u00e1pidamente, explicamos el problema y lo resolvimos con seguridad.<\/p>\n<p>Hable directamente con <a href=\"https:\/\/eletricistadelisboa.pt\/es\/\" title=\"Electricista Parque das Na\u00e7\u00f5es\">Electricista Parque das Na\u00e7\u00f5es<\/a> para asistencia inmediata.<\/p>\n<hr>\n<p style=\"text-align:center; font-size:1.2em;\">\n\u26a1 **\u00bfElectricidad?**<br \/>\n<strong>Ll\u00e1menos ahora. Iremos a verte.<\/strong><\/p>","protected":false},"excerpt":{"rendered":"<p>Se precisa de um eletricista no Parque das Na\u00e7\u00f5es, fale com a Eletricista de Lisboa. Interven\u00e7\u00e3o r\u00e1pida para luzes a falhar, disjuntores a cair, tomadas a aquecer e problemas no quadro el\u00e9trico. Servi\u00e7os no Parque das Na\u00e7\u00f5es Repara\u00e7\u00e3o de curto-circuito; Substitui\u00e7\u00e3o de disjuntores e interruptores queimados; Corre\u00e7\u00e3o de ilumina\u00e7\u00e3o LED e focos embutidos; Manuten\u00e7\u00e3o de [&hellip;]<\/p>\n","protected":false},"author":1,"featured_media":0,"parent":0,"menu_order":0,"comment_status":"closed","ping_status":"closed","template":"","meta":{"iawp_total_views":16,"footnotes":""},"class_list":["post-3199","page","type-page","status-publish","hentry"],"yoast_head":"<!-- This site is optimized with the Yoast SEO plugin v27.5 - https:\/\/yoast.com\/product\/yoast-seo-wordpress\/ -->\n<title>Eletricista Parque das Na\u00e7\u00f5es \u2013 Assist\u00eancia R\u00e1pida no Mesmo Dia<\/title>\n<meta name=\"description\" content=\"Eletricista no Parque das Na\u00e7\u00f5es para falhas el\u00e9tricas, curto-circuito e problemas de ilumina\u00e7\u00e3o. Chegada r\u00e1pida. Ligue j\u00e1.\" \/>\n<meta name=\"robots\" content=\"index, follow, max-snippet:-1, max-image-preview:large, max-video-preview:-1\" \/>\n<link rel=\"canonical\" href=\"https:\/\/eletricistadelisboa.pt\/es\/electricista-parque-das-nacoes\/\" \/>\n<meta property=\"og:locale\" content=\"es_ES\" \/>\n<meta property=\"og:type\" content=\"article\" \/>\n<meta property=\"og:title\" content=\"Eletricista Parque das Na\u00e7\u00f5es \u2013 Assist\u00eancia R\u00e1pida no Mesmo Dia\" \/>\n<meta property=\"og:description\" content=\"Eletricista no Parque das Na\u00e7\u00f5es para falhas el\u00e9tricas, curto-circuito e problemas de ilumina\u00e7\u00e3o. Chegada r\u00e1pida. Ligue j\u00e1.\" \/>\n<meta property=\"og:url\" content=\"https:\/\/eletricistadelisboa.pt\/es\/electricista-parque-das-nacoes\/\" \/>\n<meta property=\"og:site_name\" content=\"Eletricista de Lisboa\" \/>\n<meta property=\"article:modified_time\" content=\"2025-11-06T10:01:43+00:00\" \/>\n<meta name=\"twitter:card\" content=\"summary_large_image\" \/>\n<meta name=\"twitter:label1\" content=\"Tiempo de lectura\" \/>\n\t<meta name=\"twitter:data1\" content=\"1 minuto\" \/>\n<script type=\"application\/ld+json\" class=\"yoast-schema-graph\">{\"@context\":\"https:\\\/\\\/schema.org\",\"@graph\":[{\"@type\":\"WebPage\",\"@id\":\"https:\\\/\\\/eletricistadelisboa.pt\\\/eletricista-parque-das-nacoes\\\/\",\"url\":\"https:\\\/\\\/eletricistadelisboa.pt\\\/eletricista-parque-das-nacoes\\\/\",\"name\":\"Eletricista Parque das Na\u00e7\u00f5es \u2013 Assist\u00eancia R\u00e1pida no Mesmo Dia\",\"isPartOf\":{\"@id\":\"https:\\\/\\\/eletricistadelisboa.pt\\\/#website\"},\"datePublished\":\"2025-11-06T10:00:21+00:00\",\"dateModified\":\"2025-11-06T10:01:43+00:00\",\"description\":\"Eletricista no Parque das Na\u00e7\u00f5es para falhas el\u00e9tricas, curto-circuito e problemas de ilumina\u00e7\u00e3o. Chegada r\u00e1pida. Ligue j\u00e1.\",\"breadcrumb\":{\"@id\":\"https:\\\/\\\/eletricistadelisboa.pt\\\/eletricista-parque-das-nacoes\\\/#breadcrumb\"},\"inLanguage\":\"es\",\"potentialAction\":[{\"@type\":\"ReadAction\",\"target\":[\"https:\\\/\\\/eletricistadelisboa.pt\\\/eletricista-parque-das-nacoes\\\/\"]}]},{\"@type\":\"BreadcrumbList\",\"@id\":\"https:\\\/\\\/eletricistadelisboa.pt\\\/eletricista-parque-das-nacoes\\\/#breadcrumb\",\"itemListElement\":[{\"@type\":\"ListItem\",\"position\":1,\"name\":\"In\u00edcio\",\"item\":\"https:\\\/\\\/eletricistadelisboa.pt\\\/\"},{\"@type\":\"ListItem\",\"position\":2,\"name\":\"Eletricista Parque das Na\u00e7\u00f5es \u2013 Assist\u00eancia R\u00e1pida no Mesmo Dia\"}]},{\"@type\":\"WebSite\",\"@id\":\"https:\\\/\\\/eletricistadelisboa.pt\\\/#website\",\"url\":\"https:\\\/\\\/eletricistadelisboa.pt\\\/\",\"name\":\"Eletricista de Lisboa\",\"description\":\"Servi\u00e7os el\u00e9tricos r\u00e1pidos e de alta qualidade em Lisboa, dispon\u00edveis 24 horas por dia.\",\"potentialAction\":[{\"@type\":\"SearchAction\",\"target\":{\"@type\":\"EntryPoint\",\"urlTemplate\":\"https:\\\/\\\/eletricistadelisboa.pt\\\/?s={search_term_string}\"},\"query-input\":{\"@type\":\"PropertyValueSpecification\",\"valueRequired\":true,\"valueName\":\"search_term_string\"}}],\"inLanguage\":\"es\"}]}<\/script>\n<!-- \/ Yoast SEO plugin. -->","yoast_head_json":{"title":"Electricista Parque das Na\u00e7\u00f5es - Asistencia r\u00e1pida y en el mismo d\u00eda","description":"Electricista en Parque das Na\u00e7\u00f5es para aver\u00edas el\u00e9ctricas, cortocircuitos y problemas de iluminaci\u00f3n. Llegada r\u00e1pida. Ll\u00e1menos ahora.","robots":{"index":"index","follow":"follow","max-snippet":"max-snippet:-1","max-image-preview":"max-image-preview:large","max-video-preview":"max-video-preview:-1"},"canonical":"https:\/\/eletricistadelisboa.pt\/es\/electricista-parque-das-nacoes\/","og_locale":"es_ES","og_type":"article","og_title":"Eletricista Parque das Na\u00e7\u00f5es \u2013 Assist\u00eancia R\u00e1pida no Mesmo Dia","og_description":"Eletricista no Parque das Na\u00e7\u00f5es para falhas el\u00e9tricas, curto-circuito e problemas de ilumina\u00e7\u00e3o. Chegada r\u00e1pida. Ligue j\u00e1.","og_url":"https:\/\/eletricistadelisboa.pt\/es\/electricista-parque-das-nacoes\/","og_site_name":"Eletricista de Lisboa","article_modified_time":"2025-11-06T10:01:43+00:00","twitter_card":"summary_large_image","twitter_misc":{"Tiempo de lectura":"1 minuto"},"schema":{"@context":"https:\/\/schema.org","@graph":[{"@type":"WebPage","@id":"https:\/\/eletricistadelisboa.pt\/eletricista-parque-das-nacoes\/","url":"https:\/\/eletricistadelisboa.pt\/eletricista-parque-das-nacoes\/","name":"Electricista Parque das Na\u00e7\u00f5es - Asistencia r\u00e1pida y en el mismo d\u00eda","isPartOf":{"@id":"https:\/\/eletricistadelisboa.pt\/#website"},"datePublished":"2025-11-06T10:00:21+00:00","dateModified":"2025-11-06T10:01:43+00:00","description":"Electricista en Parque das Na\u00e7\u00f5es para aver\u00edas el\u00e9ctricas, cortocircuitos y problemas de iluminaci\u00f3n. Llegada r\u00e1pida. Ll\u00e1menos ahora.","breadcrumb":{"@id":"https:\/\/eletricistadelisboa.pt\/eletricista-parque-das-nacoes\/#breadcrumb"},"inLanguage":"es","potentialAction":[{"@type":"ReadAction","target":["https:\/\/eletricistadelisboa.pt\/eletricista-parque-das-nacoes\/"]}]},{"@type":"BreadcrumbList","@id":"https:\/\/eletricistadelisboa.pt\/eletricista-parque-das-nacoes\/#breadcrumb","itemListElement":[{"@type":"ListItem","position":1,"name":"In\u00edcio","item":"https:\/\/eletricistadelisboa.pt\/"},{"@type":"ListItem","position":2,"name":"Eletricista Parque das Na\u00e7\u00f5es \u2013 Assist\u00eancia R\u00e1pida no Mesmo Dia"}]},{"@type":"WebSite","@id":"https:\/\/eletricistadelisboa.pt\/#website","url":"https:\/\/eletricistadelisboa.pt\/","name":"Eletricista de Lisboa","description":"Servicios el\u00e9ctricos r\u00e1pidos y de calidad en Lisboa, disponibles las 24 horas del d\u00eda.","potentialAction":[{"@type":"SearchAction","target":{"@type":"EntryPoint","urlTemplate":"https:\/\/eletricistadelisboa.pt\/?s={search_term_string}"},"query-input":{"@type":"PropertyValueSpecification","valueRequired":true,"valueName":"search_term_string"}}],"inLanguage":"es"}]}},"_links":{"self":[{"href":"https:\/\/eletricistadelisboa.pt\/es\/wp-json\/wp\/v2\/pages\/3199","targetHints":{"allow":["GET"]}}],"collection":[{"href":"https:\/\/eletricistadelisboa.pt\/es\/wp-json\/wp\/v2\/pages"}],"about":[{"href":"https:\/\/eletricistadelisboa.pt\/es\/wp-json\/wp\/v2\/types\/page"}],"author":[{"embeddable":true,"href":"https:\/\/eletricistadelisboa.pt\/es\/wp-json\/wp\/v2\/users\/1"}],"replies":[{"embeddable":true,"href":"https:\/\/eletricistadelisboa.pt\/es\/wp-json\/wp\/v2\/comments?post=3199"}],"version-history":[{"count":1,"href":"https:\/\/eletricistadelisboa.pt\/es\/wp-json\/wp\/v2\/pages\/3199\/revisions"}],"predecessor-version":[{"id":3200,"href":"https:\/\/eletricistadelisboa.pt\/es\/wp-json\/wp\/v2\/pages\/3199\/revisions\/3200"}],"wp:attachment":[{"href":"https:\/\/eletricistadelisboa.pt\/es\/wp-json\/wp\/v2\/media?parent=3199"}],"curies":[{"name":"wp","href":"https:\/\/api.w.org\/{rel}","templated":true}]}}