{"id":3178,"date":"2025-11-05T14:49:59","date_gmt":"2025-11-05T14:49:59","guid":{"rendered":"https:\/\/eletricistadelisboa.pt\/?page_id=3178"},"modified":"2025-11-05T14:49:59","modified_gmt":"2025-11-05T14:49:59","slug":"iluminacion-lisboa","status":"publish","type":"page","link":"https:\/\/eletricistadelisboa.pt\/es\/iluminacion-lisboa\/","title":{"rendered":"Iluminaci\u00f3n Lisboa - Intervenci\u00f3n el\u00e9ctrica r\u00e1pida y segura"},"content":{"rendered":"<p>Resolvemos <strong>iluminaci\u00f3n en Lisboa<\/strong> de forma r\u00e1pida y segura. Luces que parpadean, bombillas que se funden con frecuencia, circuitos sin corriente o focos que dejan de funcionar: acudiremos al lugar y lo solucionaremos.<\/p>\n<p>Si la iluminaci\u00f3n de su casa o negocio ha fallado, no intente improvisar. Los problemas el\u00e9ctricos pueden provocar un cortocircuito o un sobrecalentamiento. Intervenimos el mismo d\u00eda cuando es posible.<\/p>\n<h2>Servicios r\u00e1pidos de iluminaci\u00f3n<\/h2>\n<ul>\n<li>Reparaci\u00f3n de focos empotrados y luces LED;<\/li>\n<li>Correcci\u00f3n de conexiones sueltas y mal contacto;<\/li>\n<li>Sustituci\u00f3n de interruptores y reguladores;<\/li>\n<li>Reparaci\u00f3n de circuitos de alumbrado en el cuadro el\u00e9ctrico;<\/li>\n<li>Instalaci\u00f3n o mejora de la iluminaci\u00f3n en cocinas, salones y escaleras.<\/li>\n<\/ul>\n<p>Intervenimos en toda la ciudad. Sin complicaciones ni retrasos.<\/p>\n<p>Si necesita un <a href=\"https:\/\/eletricistadelisboa.pt\/es\/\" title=\"Eletricista de Lisboa\">Eletricista de Lisboa<\/a> para solucionar un problema de iluminaci\u00f3n ahora, p\u00f3ngase en contacto con nosotros.<\/p>\n<hr>\n<p style=\"text-align:center; font-size:1.2em;\">\n\u26a1 \u00bfFalla la luz? Problemas de iluminaci\u00f3n?<br \/>\n<strong>Ll\u00e1menos ahora. Iremos a verte.<\/strong><\/p>","protected":false},"excerpt":{"rendered":"<p>Resolvemos problemas de ilumina\u00e7\u00e3o em Lisboa de forma r\u00e1pida e segura. Luzes que piscam, l\u00e2mpadas a queimar com frequ\u00eancia, circuitos sem energia ou focos que deixam de funcionar \u2014 vamos at\u00e9 ao local e resolvemos. Se a ilumina\u00e7\u00e3o da sua casa ou neg\u00f3cio falhou, n\u00e3o tente improvisar. Problemas el\u00e9tricos podem causar curto-circuito ou sobreaquecimento. Intervimos [&hellip;]<\/p>\n","protected":false},"author":1,"featured_media":0,"parent":0,"menu_order":0,"comment_status":"closed","ping_status":"closed","template":"","meta":{"iawp_total_views":22,"footnotes":""},"class_list":["post-3178","page","type-page","status-publish","hentry"],"yoast_head":"<!-- This site is optimized with the Yoast SEO plugin v27.5 - https:\/\/yoast.com\/product\/yoast-seo-wordpress\/ -->\n<title>Ilumina\u00e7\u00e3o Lisboa \u2013 Interven\u00e7\u00e3o El\u00e9trica R\u00e1pida e Segura<\/title>\n<meta name=\"description\" content=\"Luzes a piscar, focos sem funcionar ou ilumina\u00e7\u00e3o fraca? T\u00e9cnico em Lisboa com interven\u00e7\u00e3o imediata. Resolvo no mesmo dia. Ligue agora.\" \/>\n<meta name=\"robots\" content=\"index, follow, max-snippet:-1, max-image-preview:large, max-video-preview:-1\" \/>\n<link rel=\"canonical\" href=\"https:\/\/eletricistadelisboa.pt\/es\/iluminacion-lisboa\/\" \/>\n<meta property=\"og:locale\" content=\"es_ES\" \/>\n<meta property=\"og:type\" content=\"article\" \/>\n<meta property=\"og:title\" content=\"Ilumina\u00e7\u00e3o Lisboa \u2013 Interven\u00e7\u00e3o El\u00e9trica R\u00e1pida e Segura\" \/>\n<meta property=\"og:description\" content=\"Luzes a piscar, focos sem funcionar ou ilumina\u00e7\u00e3o fraca? T\u00e9cnico em Lisboa com interven\u00e7\u00e3o imediata. Resolvo no mesmo dia. Ligue agora.\" \/>\n<meta property=\"og:url\" content=\"https:\/\/eletricistadelisboa.pt\/es\/iluminacion-lisboa\/\" \/>\n<meta property=\"og:site_name\" content=\"Eletricista de Lisboa\" \/>\n<meta name=\"twitter:card\" content=\"summary_large_image\" \/>\n<meta name=\"twitter:label1\" content=\"Tiempo de lectura\" \/>\n\t<meta name=\"twitter:data1\" content=\"1 minuto\" \/>\n<script type=\"application\/ld+json\" class=\"yoast-schema-graph\">{\"@context\":\"https:\\\/\\\/schema.org\",\"@graph\":[{\"@type\":\"WebPage\",\"@id\":\"https:\\\/\\\/eletricistadelisboa.pt\\\/iluminacao-lisboa\\\/\",\"url\":\"https:\\\/\\\/eletricistadelisboa.pt\\\/iluminacao-lisboa\\\/\",\"name\":\"Ilumina\u00e7\u00e3o Lisboa \u2013 Interven\u00e7\u00e3o El\u00e9trica R\u00e1pida e Segura\",\"isPartOf\":{\"@id\":\"https:\\\/\\\/eletricistadelisboa.pt\\\/#website\"},\"datePublished\":\"2025-11-05T14:49:59+00:00\",\"description\":\"Luzes a piscar, focos sem funcionar ou ilumina\u00e7\u00e3o fraca? T\u00e9cnico em Lisboa com interven\u00e7\u00e3o imediata. Resolvo no mesmo dia. Ligue agora.\",\"breadcrumb\":{\"@id\":\"https:\\\/\\\/eletricistadelisboa.pt\\\/iluminacao-lisboa\\\/#breadcrumb\"},\"inLanguage\":\"es\",\"potentialAction\":[{\"@type\":\"ReadAction\",\"target\":[\"https:\\\/\\\/eletricistadelisboa.pt\\\/iluminacao-lisboa\\\/\"]}]},{\"@type\":\"BreadcrumbList\",\"@id\":\"https:\\\/\\\/eletricistadelisboa.pt\\\/iluminacao-lisboa\\\/#breadcrumb\",\"itemListElement\":[{\"@type\":\"ListItem\",\"position\":1,\"name\":\"In\u00edcio\",\"item\":\"https:\\\/\\\/eletricistadelisboa.pt\\\/\"},{\"@type\":\"ListItem\",\"position\":2,\"name\":\"Ilumina\u00e7\u00e3o Lisboa \u2013 Interven\u00e7\u00e3o El\u00e9trica R\u00e1pida e Segura\"}]},{\"@type\":\"WebSite\",\"@id\":\"https:\\\/\\\/eletricistadelisboa.pt\\\/#website\",\"url\":\"https:\\\/\\\/eletricistadelisboa.pt\\\/\",\"name\":\"Eletricista de Lisboa\",\"description\":\"Servi\u00e7os el\u00e9tricos r\u00e1pidos e de alta qualidade em Lisboa, dispon\u00edveis 24 horas por dia.\",\"potentialAction\":[{\"@type\":\"SearchAction\",\"target\":{\"@type\":\"EntryPoint\",\"urlTemplate\":\"https:\\\/\\\/eletricistadelisboa.pt\\\/?s={search_term_string}\"},\"query-input\":{\"@type\":\"PropertyValueSpecification\",\"valueRequired\":true,\"valueName\":\"search_term_string\"}}],\"inLanguage\":\"es\"}]}<\/script>\n<!-- \/ Yoast SEO plugin. -->","yoast_head_json":{"title":"Iluminaci\u00f3n Lisboa - Intervenci\u00f3n el\u00e9ctrica r\u00e1pida y segura","description":"\u00bfLuces que parpadean, focos que no funcionan o mala iluminaci\u00f3n? T\u00e9cnico en Lisboa con intervenci\u00f3n inmediata. Lo arreglo el mismo d\u00eda. Llame ahora.","robots":{"index":"index","follow":"follow","max-snippet":"max-snippet:-1","max-image-preview":"max-image-preview:large","max-video-preview":"max-video-preview:-1"},"canonical":"https:\/\/eletricistadelisboa.pt\/es\/iluminacion-lisboa\/","og_locale":"es_ES","og_type":"article","og_title":"Ilumina\u00e7\u00e3o Lisboa \u2013 Interven\u00e7\u00e3o El\u00e9trica R\u00e1pida e Segura","og_description":"Luzes a piscar, focos sem funcionar ou ilumina\u00e7\u00e3o fraca? T\u00e9cnico em Lisboa com interven\u00e7\u00e3o imediata. Resolvo no mesmo dia. Ligue agora.","og_url":"https:\/\/eletricistadelisboa.pt\/es\/iluminacion-lisboa\/","og_site_name":"Eletricista de Lisboa","twitter_card":"summary_large_image","twitter_misc":{"Tiempo de lectura":"1 minuto"},"schema":{"@context":"https:\/\/schema.org","@graph":[{"@type":"WebPage","@id":"https:\/\/eletricistadelisboa.pt\/iluminacao-lisboa\/","url":"https:\/\/eletricistadelisboa.pt\/iluminacao-lisboa\/","name":"Iluminaci\u00f3n Lisboa - Intervenci\u00f3n el\u00e9ctrica r\u00e1pida y segura","isPartOf":{"@id":"https:\/\/eletricistadelisboa.pt\/#website"},"datePublished":"2025-11-05T14:49:59+00:00","description":"\u00bfLuces que parpadean, focos que no funcionan o mala iluminaci\u00f3n? T\u00e9cnico en Lisboa con intervenci\u00f3n inmediata. Lo arreglo el mismo d\u00eda. Llame ahora.","breadcrumb":{"@id":"https:\/\/eletricistadelisboa.pt\/iluminacao-lisboa\/#breadcrumb"},"inLanguage":"es","potentialAction":[{"@type":"ReadAction","target":["https:\/\/eletricistadelisboa.pt\/iluminacao-lisboa\/"]}]},{"@type":"BreadcrumbList","@id":"https:\/\/eletricistadelisboa.pt\/iluminacao-lisboa\/#breadcrumb","itemListElement":[{"@type":"ListItem","position":1,"name":"In\u00edcio","item":"https:\/\/eletricistadelisboa.pt\/"},{"@type":"ListItem","position":2,"name":"Ilumina\u00e7\u00e3o Lisboa \u2013 Interven\u00e7\u00e3o El\u00e9trica R\u00e1pida e Segura"}]},{"@type":"WebSite","@id":"https:\/\/eletricistadelisboa.pt\/#website","url":"https:\/\/eletricistadelisboa.pt\/","name":"Eletricista de Lisboa","description":"Servicios el\u00e9ctricos r\u00e1pidos y de calidad en Lisboa, disponibles las 24 horas del d\u00eda.","potentialAction":[{"@type":"SearchAction","target":{"@type":"EntryPoint","urlTemplate":"https:\/\/eletricistadelisboa.pt\/?s={search_term_string}"},"query-input":{"@type":"PropertyValueSpecification","valueRequired":true,"valueName":"search_term_string"}}],"inLanguage":"es"}]}},"_links":{"self":[{"href":"https:\/\/eletricistadelisboa.pt\/es\/wp-json\/wp\/v2\/pages\/3178","targetHints":{"allow":["GET"]}}],"collection":[{"href":"https:\/\/eletricistadelisboa.pt\/es\/wp-json\/wp\/v2\/pages"}],"about":[{"href":"https:\/\/eletricistadelisboa.pt\/es\/wp-json\/wp\/v2\/types\/page"}],"author":[{"embeddable":true,"href":"https:\/\/eletricistadelisboa.pt\/es\/wp-json\/wp\/v2\/users\/1"}],"replies":[{"embeddable":true,"href":"https:\/\/eletricistadelisboa.pt\/es\/wp-json\/wp\/v2\/comments?post=3178"}],"version-history":[{"count":1,"href":"https:\/\/eletricistadelisboa.pt\/es\/wp-json\/wp\/v2\/pages\/3178\/revisions"}],"predecessor-version":[{"id":3179,"href":"https:\/\/eletricistadelisboa.pt\/es\/wp-json\/wp\/v2\/pages\/3178\/revisions\/3179"}],"wp:attachment":[{"href":"https:\/\/eletricistadelisboa.pt\/es\/wp-json\/wp\/v2\/media?parent=3178"}],"curies":[{"name":"wp","href":"https:\/\/api.w.org\/{rel}","templated":true}]}}