{"id":3030,"date":"2025-01-31T09:20:06","date_gmt":"2025-01-31T09:20:06","guid":{"rendered":"https:\/\/eletricistadelisboa.pt\/?page_id=3030"},"modified":"2025-01-31T09:20:06","modified_gmt":"2025-01-31T09:20:06","slug":"domotica","status":"publish","type":"page","link":"https:\/\/eletricistadelisboa.pt\/es\/domotica\/","title":{"rendered":"Dom\u00f3tica: confort, seguridad y tecnolog\u00eda"},"content":{"rendered":"<p><!DOCTYPE html><br \/>\n<html lang=\"pt\"><br \/>\n<head><br \/>\n    <meta charset=\"UTF-8\"><br \/>\n    <meta name=\"viewport\" content=\"width=device-width, initial-scale=1.0\"><br \/>\n    <meta name=\"description\" content=\"\"><br \/>\n    <title>Dom\u00f3tica: confort, seguridad y tecnolog\u00eda<\/title><br \/>\n<\/head><br \/>\n<body><\/p>\n<h1><\/h1>\n<p>\u00bfSe imagina controlar la iluminaci\u00f3n, la climatizaci\u00f3n, la seguridad y los electrodom\u00e9sticos de su casa con un simple toque de su tel\u00e9fono m\u00f3vil o un comando de voz? Con un <strong>dom\u00f3tica<\/strong>Esto es posible. La tecnolog\u00eda permite transformar cualquier propiedad en un hogar inteligente, proporcionando m\u00e1s comodidad, practicidad y eficiencia energ\u00e9tica.<\/p>\n<p>Si quiere modernizar su hogar con soluciones inteligentes, un servicio profesional le garantiza una instalaci\u00f3n segura y la personalizaci\u00f3n del sistema seg\u00fan sus necesidades.<\/p>\n<h2>\u00bfQu\u00e9 es la dom\u00f3tica?<\/h2>\n<p>A <strong>dom\u00f3tica<\/strong> consiste en integrar dispositivos y sistemas electr\u00f3nicos para el control automatizado del hogar. Con un sistema inteligente, puedes gestionar la iluminaci\u00f3n, la seguridad, la climatizaci\u00f3n, el sonido envolvente e incluso los electrodom\u00e9sticos a trav\u00e9s de apps m\u00f3viles, asistentes virtuales (Alexa, Google Assistant, Siri) o paneles de control.<\/p>\n<p>Adem\u00e1s de proporcionar confort, la automatizaci\u00f3n tambi\u00e9n mejora la seguridad y reduce el consumo de energ\u00eda, lo que hace que el medio ambiente sea m\u00e1s eficiente y sostenible.<\/p>\n<h2>\u00bfCu\u00e1les son los principales sistemas de dom\u00f3tica?<\/h2>\n<p>Los sistemas de automatizaci\u00f3n pueden personalizarse seg\u00fan las preferencias del usuario. Entre los m\u00e1s utilizados est\u00e1n:<\/p>\n<ul>\n<li><strong>Iluminaci\u00f3n inteligente:<\/strong> Control remoto de la l\u00e1mpara, ajuste de la intensidad y programaci\u00f3n horaria.<\/li>\n<li><strong>Seguridad y vigilancia:<\/strong> C\u00e1maras de vigilancia, alarmas, cerraduras electr\u00f3nicas y sensores de movimiento.<\/li>\n<li><strong>Climatizador autom\u00e1tico:<\/strong> Control del aire acondicionado, ventiladores y persianas t\u00e9rmicas.<\/li>\n<li><strong>Automatizaci\u00f3n del sonido y el entretenimiento:<\/strong> Integraci\u00f3n de altavoces, televisores y home theaters.<\/li>\n<li><strong>Electrodom\u00e9sticos inteligentes:<\/strong> Control de cafeteras, hornos, robots aspiradores y lavadoras.<\/li>\n<li><strong>Energ\u00eda y sostenibilidad:<\/strong> Control del consumo el\u00e9ctrico y optimizaci\u00f3n del uso de la energ\u00eda solar.<\/li>\n<\/ul>\n<p>La combinaci\u00f3n de estos sistemas crea un entorno automatizado, que ofrece m\u00e1s practicidad en la vida cotidiana.<\/p>\n<h2>\u00bfCu\u00e1les son las ventajas de la dom\u00f3tica?<\/h2>\n<p>Invertir en un <strong>dom\u00f3tica<\/strong> aporta muchas ventajas a su hogar y a su rutina:<\/p>\n<ul>\n<li><strong>M\u00e1s comodidad:<\/strong> Control total de tus dispositivos sin tener que levantarte del asiento.<\/li>\n<li><strong>Seguridad reforzada:<\/strong> Supervisi\u00f3n remota y alertas en tiempo real.<\/li>\n<li><strong>Ahorro de energ\u00eda:<\/strong> Uso eficiente de la iluminaci\u00f3n, el aire acondicionado y los electrodom\u00e9sticos.<\/li>\n<li><strong>Valoraci\u00f3n de la propiedad:<\/strong> Las casas inteligentes son m\u00e1s atractivas para el mercado inmobiliario.<\/li>\n<li><strong>Personalizaci\u00f3n:<\/strong> Ajustar los sistemas seg\u00fan sus necesidades y su rutina.<\/li>\n<\/ul>\n<p>Con un proyecto bien estructurado, su casa ser\u00e1 m\u00e1s pr\u00e1ctica, segura y moderna.<\/p>\n<h2>\u00bfC\u00f3mo funciona la instalaci\u00f3n de un sistema dom\u00f3tico?<\/h2>\n<p>La instalaci\u00f3n de un <strong>dom\u00f3tica<\/strong> debe ser realizado por profesionales para garantizar la eficacia y la seguridad. El proceso incluye:<\/p>\n<ul>\n<li>Analizar el entorno y definir las soluciones id\u00f3neas para cada necesidad.<\/li>\n<li>Elecci\u00f3n de dispositivos e integraci\u00f3n con la red el\u00e9ctrica y Wi-Fi.<\/li>\n<li>Instalaci\u00f3n de sensores, paneles de control y dispositivos inteligentes.<\/li>\n<li>Configuraci\u00f3n de aplicaciones m\u00f3viles y asistentes de voz.<\/li>\n<li>Pruebas de funcionamiento y ajustes personalizados.<\/li>\n<\/ul>\n<p>Con un servicio profesional, su automatizaci\u00f3n se instalar\u00e1 correctamente y funcionar\u00e1 a la perfecci\u00f3n y con eficacia.<\/p>\n<h2>\u00bfCu\u00e1nto cuesta la dom\u00f3tica?<\/h2>\n<p>El coste de un <strong>dom\u00f3tica<\/strong> depende de varios factores, como<\/p>\n<ul>\n<li>N\u00famero de dispositivos que deben automatizarse.<\/li>\n<li>Tipo de tecnolog\u00eda utilizada (Wi-Fi, Zigbee, Bluetooth, etc.).<\/li>\n<li>Integraci\u00f3n con asistentes virtuales (Alexa, Google Home, Siri).<\/li>\n<li>Complejidad de la instalaci\u00f3n y necesidad de ajustes el\u00e9ctricos.<\/li>\n<li>Personalizaci\u00f3n del sistema seg\u00fan la rutina del cliente.<\/li>\n<\/ul>\n<p>Para obtener un presupuesto justo y un proyecto que se adapte a sus necesidades, le recomendamos una evaluaci\u00f3n profesional.<\/p>\n<h2>\u00bfCu\u00e1nto se tarda en instalar un sistema dom\u00f3tico?<\/h2>\n<p>El tiempo de instalaci\u00f3n var\u00eda en funci\u00f3n del tama\u00f1o del proyecto. Los sistemas sencillos pueden instalarse en unas horas, mientras que los proyectos m\u00e1s completos pueden tardar varios d\u00edas en implantarse y ajustarse por completo.<\/p>\n<h2>\u00bfEs segura la dom\u00f3tica?<\/h2>\n<p>Cuando se instala correctamente, la dom\u00f3tica es extremadamente segura. Los dispositivos utilizan cifrado y protocolos de seguridad avanzados para proteger sus datos y evitar accesos no autorizados. Adem\u00e1s, puedes establecer contrase\u00f1as, autenticaci\u00f3n de dos factores y supervisi\u00f3n remota para mayor protecci\u00f3n.<\/p>\n<h2>\u00bfQuiere transformar su hogar con la dom\u00f3tica? Cons\u00faltenos.<\/h2>\n<p>Si quiere modernizar su casa con un <strong>proyecto de dom\u00f3tica<\/strong>p\u00f3ngase en contacto con nosotros. Creamos soluciones personalizadas para que su hogar sea m\u00e1s inteligente, c\u00f3modo y seguro.<\/p>","protected":false},"excerpt":{"rendered":"<p>Automa\u00e7\u00e3o Residencial &#8211; Conforto, Seguran\u00e7a e Tecnologia J\u00e1 imaginou controlar a ilumina\u00e7\u00e3o, climatiza\u00e7\u00e3o, seguran\u00e7a e eletrodom\u00e9sticos da sua casa com um simples toque no celular ou comando de voz? Com um sistema de automa\u00e7\u00e3o residencial, isso \u00e9 poss\u00edvel. A tecnologia permite transformar qualquer im\u00f3vel em uma casa inteligente, proporcionando mais conforto, praticidade e efici\u00eancia energ\u00e9tica. [&hellip;]<\/p>\n","protected":false},"author":1,"featured_media":0,"parent":0,"menu_order":0,"comment_status":"closed","ping_status":"closed","template":"","meta":{"iawp_total_views":13,"footnotes":""},"class_list":["post-3030","page","type-page","status-publish","hentry"],"yoast_head":"<!-- This site is optimized with the Yoast SEO plugin v27.5 - https:\/\/yoast.com\/product\/yoast-seo-wordpress\/ -->\n<title>Automa\u00e7\u00e3o Residencial \u2013 Conforto, Seguran\u00e7a e Tecnologia<\/title>\n<meta name=\"description\" content=\"Precisa de automa\u00e7\u00e3o residencial? Transforme sua casa com tecnologia para mais conforto, seguran\u00e7a e economia de energia. Pe\u00e7a um or\u00e7amento agora!\" \/>\n<meta name=\"robots\" content=\"index, follow, max-snippet:-1, max-image-preview:large, max-video-preview:-1\" \/>\n<link rel=\"canonical\" href=\"https:\/\/eletricistadelisboa.pt\/es\/domotica\/\" \/>\n<meta property=\"og:locale\" content=\"es_ES\" \/>\n<meta property=\"og:type\" content=\"article\" \/>\n<meta property=\"og:title\" content=\"Automa\u00e7\u00e3o Residencial \u2013 Conforto, Seguran\u00e7a e Tecnologia\" \/>\n<meta property=\"og:description\" content=\"Precisa de automa\u00e7\u00e3o residencial? Transforme sua casa com tecnologia para mais conforto, seguran\u00e7a e economia de energia. Pe\u00e7a um or\u00e7amento agora!\" \/>\n<meta property=\"og:url\" content=\"https:\/\/eletricistadelisboa.pt\/es\/domotica\/\" \/>\n<meta property=\"og:site_name\" content=\"Eletricista de Lisboa\" \/>\n<meta name=\"twitter:card\" content=\"summary_large_image\" \/>\n<script type=\"application\/ld+json\" class=\"yoast-schema-graph\">{\"@context\":\"https:\\\/\\\/schema.org\",\"@graph\":[{\"@type\":\"WebPage\",\"@id\":\"https:\\\/\\\/eletricistadelisboa.pt\\\/automacao-residencial\\\/\",\"url\":\"https:\\\/\\\/eletricistadelisboa.pt\\\/automacao-residencial\\\/\",\"name\":\"Automa\u00e7\u00e3o Residencial \u2013 Conforto, Seguran\u00e7a e Tecnologia\",\"isPartOf\":{\"@id\":\"https:\\\/\\\/eletricistadelisboa.pt\\\/#website\"},\"datePublished\":\"2025-01-31T09:20:06+00:00\",\"description\":\"Precisa de automa\u00e7\u00e3o residencial? Transforme sua casa com tecnologia para mais conforto, seguran\u00e7a e economia de energia. Pe\u00e7a um or\u00e7amento agora!\",\"breadcrumb\":{\"@id\":\"https:\\\/\\\/eletricistadelisboa.pt\\\/automacao-residencial\\\/#breadcrumb\"},\"inLanguage\":\"es\",\"potentialAction\":[{\"@type\":\"ReadAction\",\"target\":[\"https:\\\/\\\/eletricistadelisboa.pt\\\/automacao-residencial\\\/\"]}]},{\"@type\":\"BreadcrumbList\",\"@id\":\"https:\\\/\\\/eletricistadelisboa.pt\\\/automacao-residencial\\\/#breadcrumb\",\"itemListElement\":[{\"@type\":\"ListItem\",\"position\":1,\"name\":\"In\u00edcio\",\"item\":\"https:\\\/\\\/eletricistadelisboa.pt\\\/\"},{\"@type\":\"ListItem\",\"position\":2,\"name\":\"Automa\u00e7\u00e3o Residencial \u2013 Conforto, Seguran\u00e7a e Tecnologia\"}]},{\"@type\":\"WebSite\",\"@id\":\"https:\\\/\\\/eletricistadelisboa.pt\\\/#website\",\"url\":\"https:\\\/\\\/eletricistadelisboa.pt\\\/\",\"name\":\"Eletricista de Lisboa\",\"description\":\"Servi\u00e7os el\u00e9tricos r\u00e1pidos e de alta qualidade em Lisboa, dispon\u00edveis 24 horas por dia.\",\"potentialAction\":[{\"@type\":\"SearchAction\",\"target\":{\"@type\":\"EntryPoint\",\"urlTemplate\":\"https:\\\/\\\/eletricistadelisboa.pt\\\/?s={search_term_string}\"},\"query-input\":{\"@type\":\"PropertyValueSpecification\",\"valueRequired\":true,\"valueName\":\"search_term_string\"}}],\"inLanguage\":\"es\"}]}<\/script>\n<!-- \/ Yoast SEO plugin. -->","yoast_head_json":{"title":"Dom\u00f3tica: confort, seguridad y tecnolog\u00eda","description":"\u00bfNecesita dom\u00f3tica? Transforme su hogar con tecnolog\u00eda para obtener m\u00e1s confort, seguridad y ahorro energ\u00e9tico. \u00a1Pida presupuesto ahora!","robots":{"index":"index","follow":"follow","max-snippet":"max-snippet:-1","max-image-preview":"max-image-preview:large","max-video-preview":"max-video-preview:-1"},"canonical":"https:\/\/eletricistadelisboa.pt\/es\/domotica\/","og_locale":"es_ES","og_type":"article","og_title":"Automa\u00e7\u00e3o Residencial \u2013 Conforto, Seguran\u00e7a e Tecnologia","og_description":"Precisa de automa\u00e7\u00e3o residencial? Transforme sua casa com tecnologia para mais conforto, seguran\u00e7a e economia de energia. Pe\u00e7a um or\u00e7amento agora!","og_url":"https:\/\/eletricistadelisboa.pt\/es\/domotica\/","og_site_name":"Eletricista de Lisboa","twitter_card":"summary_large_image","schema":{"@context":"https:\/\/schema.org","@graph":[{"@type":"WebPage","@id":"https:\/\/eletricistadelisboa.pt\/automacao-residencial\/","url":"https:\/\/eletricistadelisboa.pt\/automacao-residencial\/","name":"Dom\u00f3tica: confort, seguridad y tecnolog\u00eda","isPartOf":{"@id":"https:\/\/eletricistadelisboa.pt\/#website"},"datePublished":"2025-01-31T09:20:06+00:00","description":"\u00bfNecesita dom\u00f3tica? Transforme su hogar con tecnolog\u00eda para obtener m\u00e1s confort, seguridad y ahorro energ\u00e9tico. \u00a1Pida presupuesto ahora!","breadcrumb":{"@id":"https:\/\/eletricistadelisboa.pt\/automacao-residencial\/#breadcrumb"},"inLanguage":"es","potentialAction":[{"@type":"ReadAction","target":["https:\/\/eletricistadelisboa.pt\/automacao-residencial\/"]}]},{"@type":"BreadcrumbList","@id":"https:\/\/eletricistadelisboa.pt\/automacao-residencial\/#breadcrumb","itemListElement":[{"@type":"ListItem","position":1,"name":"In\u00edcio","item":"https:\/\/eletricistadelisboa.pt\/"},{"@type":"ListItem","position":2,"name":"Automa\u00e7\u00e3o Residencial \u2013 Conforto, Seguran\u00e7a e Tecnologia"}]},{"@type":"WebSite","@id":"https:\/\/eletricistadelisboa.pt\/#website","url":"https:\/\/eletricistadelisboa.pt\/","name":"Eletricista de Lisboa","description":"Servicios el\u00e9ctricos r\u00e1pidos y de calidad en Lisboa, disponibles las 24 horas del d\u00eda.","potentialAction":[{"@type":"SearchAction","target":{"@type":"EntryPoint","urlTemplate":"https:\/\/eletricistadelisboa.pt\/?s={search_term_string}"},"query-input":{"@type":"PropertyValueSpecification","valueRequired":true,"valueName":"search_term_string"}}],"inLanguage":"es"}]}},"_links":{"self":[{"href":"https:\/\/eletricistadelisboa.pt\/es\/wp-json\/wp\/v2\/pages\/3030","targetHints":{"allow":["GET"]}}],"collection":[{"href":"https:\/\/eletricistadelisboa.pt\/es\/wp-json\/wp\/v2\/pages"}],"about":[{"href":"https:\/\/eletricistadelisboa.pt\/es\/wp-json\/wp\/v2\/types\/page"}],"author":[{"embeddable":true,"href":"https:\/\/eletricistadelisboa.pt\/es\/wp-json\/wp\/v2\/users\/1"}],"replies":[{"embeddable":true,"href":"https:\/\/eletricistadelisboa.pt\/es\/wp-json\/wp\/v2\/comments?post=3030"}],"version-history":[{"count":1,"href":"https:\/\/eletricistadelisboa.pt\/es\/wp-json\/wp\/v2\/pages\/3030\/revisions"}],"predecessor-version":[{"id":3031,"href":"https:\/\/eletricistadelisboa.pt\/es\/wp-json\/wp\/v2\/pages\/3030\/revisions\/3031"}],"wp:attachment":[{"href":"https:\/\/eletricistadelisboa.pt\/es\/wp-json\/wp\/v2\/media?parent=3030"}],"curies":[{"name":"wp","href":"https:\/\/api.w.org\/{rel}","templated":true}]}}