{"id":2892,"date":"2025-01-29T09:40:19","date_gmt":"2025-01-29T09:40:19","guid":{"rendered":"https:\/\/eletricistadelisboa.pt\/?page_id=2892"},"modified":"2025-01-29T09:40:19","modified_gmt":"2025-01-29T09:40:19","slug":"instalacion-de-tomas","status":"publish","type":"page","link":"https:\/\/eletricistadelisboa.pt\/es\/instalacion-de-tomas\/","title":{"rendered":"Instalaci\u00f3n de enchufes - Servicio seguro y profesional"},"content":{"rendered":"<p>Necesita un <strong>instalaci\u00f3n de tomas<\/strong>? Los enchufes insuficientes o mal colocados pueden ser una gran molestia e incluso un riesgo para la seguridad el\u00e9ctrica de su hogar o negocio.<\/p>\n<h2>\u00bfCu\u00e1ndo es necesario instalar un enchufe?<\/h2>\n<p>Si utilizas demasiados enchufes y tomas de corriente, es se\u00f1al de que necesitas m\u00e1s tomas. Los sistemas el\u00e9ctricos antiguos no sol\u00edan estar dise\u00f1ados para el n\u00famero de aparatos modernos que utilizamos hoy en d\u00eda.<\/p>\n<p>Adem\u00e1s, si notas chispas, sobrecalentamiento o enchufes flojos, es hora de actualizarlos para garantizar m\u00e1s seguridad y practicidad en el d\u00eda a d\u00eda.<\/p>\n<h2>\u00bfC\u00f3mo funciona la instalaci\u00f3n de enchufes?<\/h2>\n<p>Antes de la instalaci\u00f3n, evaluamos su red el\u00e9ctrica para asegurarnos de que la nueva toma de corriente se conectar\u00e1 de forma segura. A continuaci\u00f3n, colocamos el cableado necesario y fijamos la toma en el lugar deseado.<\/p>\n<p>Tambi\u00e9n nos aseguramos de que todas las conexiones cumplan las normas t\u00e9cnicas, evitando sobrecargas y garantizando un funcionamiento eficaz.<\/p>\n<h2>\u00bfQu\u00e9 ventajas tiene instalar enchufes nuevos?<\/h2>\n<p>A <strong>instalaci\u00f3n de tomas<\/strong> un sistema bien dise\u00f1ado evita sobrecargas, reduce el riesgo de cortocircuitos y mejora la organizaci\u00f3n de los cables, eliminando el exceso de alargadores y adaptadores.<\/p>\n<p>Tambi\u00e9n facilita el uso de equipos el\u00e9ctricos sin tener que recurrir a soluciones improvisadas.<\/p>\n<h2>\u00bfCu\u00e1nto cuesta la instalaci\u00f3n de enchufes?<\/h2>\n<p>El precio var\u00eda en funci\u00f3n de la complejidad del servicio y de la necesidad de realizar ajustes en la instalaci\u00f3n el\u00e9ctrica existente. Pero le garantizamos un presupuesto transparente y justo.<\/p>\n<p>P\u00f3ngase en contacto con nosotros para obtener un presupuesto sin compromiso.<\/p>\n<h2>\u00bfNecesita instalar enchufes? Hable con nosotros<\/h2>\n<p>Si necesita un <strong>instalaci\u00f3n de tomas<\/strong>no lo posponga. Garantice la seguridad, la practicidad y la eficacia con un servicio profesional.<\/p>","protected":false},"excerpt":{"rendered":"<p>Precisa de uma instala\u00e7\u00e3o de tomada? Tomadas insuficientes ou mal posicionadas podem ser um grande inc\u00f4modo e at\u00e9 um risco para a seguran\u00e7a el\u00e9trica da sua casa ou empresa. Quando \u00e9 necess\u00e1ria uma instala\u00e7\u00e3o de tomada? Se usa extens\u00f5es e adaptadores em excesso, \u00e9 um sinal de que precisa de mais pontos de energia. Sistemas [&hellip;]<\/p>\n","protected":false},"author":1,"featured_media":0,"parent":0,"menu_order":0,"comment_status":"closed","ping_status":"closed","template":"","meta":{"iawp_total_views":36,"footnotes":""},"class_list":["post-2892","page","type-page","status-publish","hentry"],"yoast_head":"<!-- This site is optimized with the Yoast SEO plugin v27.5 - https:\/\/yoast.com\/product\/yoast-seo-wordpress\/ -->\n<title>Instala\u00e7\u00e3o de Tomada - Servi\u00e7o Seguro e Profissional<\/title>\n<meta name=\"description\" content=\"Precisa de instala\u00e7\u00e3o de tomada? Garantimos um servi\u00e7o r\u00e1pido, seguro e profissional para refor\u00e7ar a rede el\u00e9trica da sua casa ou empresa.\" \/>\n<meta name=\"robots\" content=\"index, follow, max-snippet:-1, max-image-preview:large, max-video-preview:-1\" \/>\n<link rel=\"canonical\" href=\"https:\/\/eletricistadelisboa.pt\/es\/instalacion-de-tomas\/\" \/>\n<meta property=\"og:locale\" content=\"es_ES\" \/>\n<meta property=\"og:type\" content=\"article\" \/>\n<meta property=\"og:title\" content=\"Instala\u00e7\u00e3o de Tomada - Servi\u00e7o Seguro e Profissional\" \/>\n<meta property=\"og:description\" content=\"Precisa de instala\u00e7\u00e3o de tomada? Garantimos um servi\u00e7o r\u00e1pido, seguro e profissional para refor\u00e7ar a rede el\u00e9trica da sua casa ou empresa.\" \/>\n<meta property=\"og:url\" content=\"https:\/\/eletricistadelisboa.pt\/es\/instalacion-de-tomas\/\" \/>\n<meta property=\"og:site_name\" content=\"Eletricista de Lisboa\" \/>\n<meta name=\"twitter:card\" content=\"summary_large_image\" \/>\n<script type=\"application\/ld+json\" class=\"yoast-schema-graph\">{\"@context\":\"https:\\\/\\\/schema.org\",\"@graph\":[{\"@type\":\"WebPage\",\"@id\":\"https:\\\/\\\/eletricistadelisboa.pt\\\/instalacao-de-tomada\\\/\",\"url\":\"https:\\\/\\\/eletricistadelisboa.pt\\\/instalacao-de-tomada\\\/\",\"name\":\"Instala\u00e7\u00e3o de Tomada - Servi\u00e7o Seguro e Profissional\",\"isPartOf\":{\"@id\":\"https:\\\/\\\/eletricistadelisboa.pt\\\/#website\"},\"datePublished\":\"2025-01-29T09:40:19+00:00\",\"description\":\"Precisa de instala\u00e7\u00e3o de tomada? Garantimos um servi\u00e7o r\u00e1pido, seguro e profissional para refor\u00e7ar a rede el\u00e9trica da sua casa ou empresa.\",\"breadcrumb\":{\"@id\":\"https:\\\/\\\/eletricistadelisboa.pt\\\/instalacao-de-tomada\\\/#breadcrumb\"},\"inLanguage\":\"es\",\"potentialAction\":[{\"@type\":\"ReadAction\",\"target\":[\"https:\\\/\\\/eletricistadelisboa.pt\\\/instalacao-de-tomada\\\/\"]}]},{\"@type\":\"BreadcrumbList\",\"@id\":\"https:\\\/\\\/eletricistadelisboa.pt\\\/instalacao-de-tomada\\\/#breadcrumb\",\"itemListElement\":[{\"@type\":\"ListItem\",\"position\":1,\"name\":\"In\u00edcio\",\"item\":\"https:\\\/\\\/eletricistadelisboa.pt\\\/\"},{\"@type\":\"ListItem\",\"position\":2,\"name\":\"Instala\u00e7\u00e3o de Tomada &#8211; Servi\u00e7o Seguro e Profissional\"}]},{\"@type\":\"WebSite\",\"@id\":\"https:\\\/\\\/eletricistadelisboa.pt\\\/#website\",\"url\":\"https:\\\/\\\/eletricistadelisboa.pt\\\/\",\"name\":\"Eletricista de Lisboa\",\"description\":\"Servi\u00e7os el\u00e9tricos r\u00e1pidos e de alta qualidade em Lisboa, dispon\u00edveis 24 horas por dia.\",\"potentialAction\":[{\"@type\":\"SearchAction\",\"target\":{\"@type\":\"EntryPoint\",\"urlTemplate\":\"https:\\\/\\\/eletricistadelisboa.pt\\\/?s={search_term_string}\"},\"query-input\":{\"@type\":\"PropertyValueSpecification\",\"valueRequired\":true,\"valueName\":\"search_term_string\"}}],\"inLanguage\":\"es\"}]}<\/script>\n<!-- \/ Yoast SEO plugin. -->","yoast_head_json":{"title":"Instalaci\u00f3n de enchufes - Servicio seguro y profesional","description":"\u00bfNecesita instalar un enchufe? Le garantizamos un servicio r\u00e1pido, seguro y profesional para reforzar la red el\u00e9ctrica de su hogar o negocio.","robots":{"index":"index","follow":"follow","max-snippet":"max-snippet:-1","max-image-preview":"max-image-preview:large","max-video-preview":"max-video-preview:-1"},"canonical":"https:\/\/eletricistadelisboa.pt\/es\/instalacion-de-tomas\/","og_locale":"es_ES","og_type":"article","og_title":"Instala\u00e7\u00e3o de Tomada - Servi\u00e7o Seguro e Profissional","og_description":"Precisa de instala\u00e7\u00e3o de tomada? Garantimos um servi\u00e7o r\u00e1pido, seguro e profissional para refor\u00e7ar a rede el\u00e9trica da sua casa ou empresa.","og_url":"https:\/\/eletricistadelisboa.pt\/es\/instalacion-de-tomas\/","og_site_name":"Eletricista de Lisboa","twitter_card":"summary_large_image","schema":{"@context":"https:\/\/schema.org","@graph":[{"@type":"WebPage","@id":"https:\/\/eletricistadelisboa.pt\/instalacao-de-tomada\/","url":"https:\/\/eletricistadelisboa.pt\/instalacao-de-tomada\/","name":"Instalaci\u00f3n de enchufes - Servicio seguro y profesional","isPartOf":{"@id":"https:\/\/eletricistadelisboa.pt\/#website"},"datePublished":"2025-01-29T09:40:19+00:00","description":"\u00bfNecesita instalar un enchufe? Le garantizamos un servicio r\u00e1pido, seguro y profesional para reforzar la red el\u00e9ctrica de su hogar o negocio.","breadcrumb":{"@id":"https:\/\/eletricistadelisboa.pt\/instalacao-de-tomada\/#breadcrumb"},"inLanguage":"es","potentialAction":[{"@type":"ReadAction","target":["https:\/\/eletricistadelisboa.pt\/instalacao-de-tomada\/"]}]},{"@type":"BreadcrumbList","@id":"https:\/\/eletricistadelisboa.pt\/instalacao-de-tomada\/#breadcrumb","itemListElement":[{"@type":"ListItem","position":1,"name":"In\u00edcio","item":"https:\/\/eletricistadelisboa.pt\/"},{"@type":"ListItem","position":2,"name":"Instala\u00e7\u00e3o de Tomada &#8211; Servi\u00e7o Seguro e Profissional"}]},{"@type":"WebSite","@id":"https:\/\/eletricistadelisboa.pt\/#website","url":"https:\/\/eletricistadelisboa.pt\/","name":"Eletricista de Lisboa","description":"Servicios el\u00e9ctricos r\u00e1pidos y de calidad en Lisboa, disponibles las 24 horas del d\u00eda.","potentialAction":[{"@type":"SearchAction","target":{"@type":"EntryPoint","urlTemplate":"https:\/\/eletricistadelisboa.pt\/?s={search_term_string}"},"query-input":{"@type":"PropertyValueSpecification","valueRequired":true,"valueName":"search_term_string"}}],"inLanguage":"es"}]}},"_links":{"self":[{"href":"https:\/\/eletricistadelisboa.pt\/es\/wp-json\/wp\/v2\/pages\/2892","targetHints":{"allow":["GET"]}}],"collection":[{"href":"https:\/\/eletricistadelisboa.pt\/es\/wp-json\/wp\/v2\/pages"}],"about":[{"href":"https:\/\/eletricistadelisboa.pt\/es\/wp-json\/wp\/v2\/types\/page"}],"author":[{"embeddable":true,"href":"https:\/\/eletricistadelisboa.pt\/es\/wp-json\/wp\/v2\/users\/1"}],"replies":[{"embeddable":true,"href":"https:\/\/eletricistadelisboa.pt\/es\/wp-json\/wp\/v2\/comments?post=2892"}],"version-history":[{"count":1,"href":"https:\/\/eletricistadelisboa.pt\/es\/wp-json\/wp\/v2\/pages\/2892\/revisions"}],"predecessor-version":[{"id":2893,"href":"https:\/\/eletricistadelisboa.pt\/es\/wp-json\/wp\/v2\/pages\/2892\/revisions\/2893"}],"wp:attachment":[{"href":"https:\/\/eletricistadelisboa.pt\/es\/wp-json\/wp\/v2\/media?parent=2892"}],"curies":[{"name":"wp","href":"https:\/\/api.w.org\/{rel}","templated":true}]}}