{"id":2883,"date":"2025-01-29T08:05:57","date_gmt":"2025-01-29T08:05:57","guid":{"rendered":"https:\/\/eletricistadelisboa.pt\/?page_id=2883"},"modified":"2025-11-06T10:02:30","modified_gmt":"2025-11-06T10:02:30","slug":"servicios","status":"publish","type":"page","link":"https:\/\/eletricistadelisboa.pt\/es\/servicios\/","title":{"rendered":"Servicios"},"content":{"rendered":"<p>En Eletricista de Lisboa, ofrecemos una amplia gama de servicios para satisfacer todas sus necesidades el\u00e9ctricas. Vea a continuaci\u00f3n una lista completa de nuestros servicios:<\/p>\n<h2>Instalaci\u00f3n el\u00e9ctrica<\/h2>\n<p><a href=\"https:\/\/eletricistadelisboa.pt\/es\/instalacion-electrica\/\">Instalaci\u00f3n el\u00e9ctrica<\/a><br \/>\n<a href=\"https:\/\/eletricistadelisboa.pt\/es\/nueva-instalacion-electrica\/\">Nueva instalaci\u00f3n el\u00e9ctrica<\/a><br \/>\n<a href=\"https:\/\/eletricistadelisboa.pt\/es\/remodelacion-electrica\/\">Remodelaci\u00f3n el\u00e9ctrica<\/a><br \/>\n<a href=\"https:\/\/eletricistadelisboa.pt\/es\/instalacion-de-tomas\/\">Instalaci\u00f3n de enchufes<\/a><br \/>\n<a href=\"https:\/\/eletricistadelisboa.pt\/es\/instalacion-de-interruptores\/\">Instalaci\u00f3n del interruptor<\/a><br \/>\n<a href=\"https:\/\/eletricistadelisboa.pt\/es\/instalacion-de-electrodomesticos\/\">Instalaci\u00f3n de electrodom\u00e9sticos<\/a><br \/>\n<a href=\"https:\/\/eletricistadelisboa.pt\/es\/instalacion-de-calefaccion\/\">Instalaci\u00f3n de sistemas de calefacci\u00f3n<\/a><br \/>\n<a href=\"https:\/\/eletricistadelisboa.pt\/es\/instalacion-de-timbres\/\">Instalaci\u00f3n de timbres<\/a><br \/>\n<a href=\"https:\/\/eletricistadelisboa.pt\/es\/instalacion-electrica-lisboa\/\">Instalaci\u00f3n el\u00e9ctrica Lisboa<\/a><\/p>\n<h2>Cuadro el\u00e9ctrico<\/h2>\n<p><a href=\"https:\/\/eletricistadelisboa.pt\/es\/instalacion-de-cuadros-electricos\/\">Instalaci\u00f3n de cuadros el\u00e9ctricos<\/a><br \/>\n<a href=\"https:\/\/eletricistadelisboa.pt\/es\/actualizacion-del-cuadro-electrico\/\">Mejora del cuadro el\u00e9ctrico<\/a><br \/>\n<a href=\"https:\/\/eletricistadelisboa.pt\/es\/mantenimiento-de-centralitas\/\">Mantenimiento de centralitas<\/a><br \/>\n<a href=\"https:\/\/eletricistadelisboa.pt\/es\/montaje-del-cuadro-electrico\/\">Montaje del cuadro el\u00e9ctrico<\/a><br \/>\n<a href=\"https:\/\/eletricistadelisboa.pt\/es\/cambio-de-un-cuadro-de-distribucion-monofasico-a-un-cuadro-de-distribucion-trifasico\/\">Cambio de cuadro monof\u00e1sico a trif\u00e1sico<\/a><br \/>\n<a href=\"https:\/\/eletricistadelisboa.pt\/es\/sustitucion-de-disyuntores\/\">Sustituci\u00f3n de disyuntores<\/a><br \/>\n<a href=\"https:\/\/eletricistadelisboa.pt\/es\/sustitucion-de-fusibles\/\">Sustituci\u00f3n de fusibles<\/a><br \/>\n<a href=\"https:\/\/eletricistadelisboa.pt\/es\/cuadro-electrico-lisboa\/\">Cuadro el\u00e9ctrico Lisboa<\/a><\/p>\n<h2>Reparaciones el\u00e9ctricas<\/h2>\n<p><a href=\"https:\/\/eletricistadelisboa.pt\/es\/diagnostico-de-averias-electricas\/\">Diagn\u00f3stico de aver\u00edas el\u00e9ctricas<\/a><br \/>\n<a href=\"https:\/\/eletricistadelisboa.pt\/es\/reparacion-de-centralitas\/\">Reparaci\u00f3n de cuadros el\u00e9ctricos<\/a><br \/>\n<a href=\"https:\/\/eletricistadelisboa.pt\/es\/reparacion-de-enchufes\/\">Reparaci\u00f3n de enchufes<\/a><br \/>\n<a href=\"https:\/\/eletricistadelisboa.pt\/es\/reparacion-de-interruptores\/\">Reparaci\u00f3n de interruptores<\/a><br \/>\n<a href=\"https:\/\/eletricistadelisboa.pt\/es\/reparaciones-de-cableado-electrico\/\">Reparaci\u00f3n de cableado el\u00e9ctrico<\/a><br \/>\n<a href=\"https:\/\/eletricistadelisboa.pt\/es\/reparacion-de-la-luz\/\">Reparaci\u00f3n de luminarias<\/a><br \/>\n<a href=\"https:\/\/eletricistadelisboa.pt\/es\/reparaciones-electricas-lisboa\/\">Reparaci\u00f3n El\u00e9ctrica Lisboa<\/a><\/p>\n<h2>Iluminaci\u00f3n<\/h2>\n<p><a href=\"https:\/\/eletricistadelisboa.pt\/es\/proyectos-de-iluminacion\/\">Proyectos de iluminaci\u00f3n<\/a><br \/>\n<a href=\"https:\/\/eletricistadelisboa.pt\/es\/instalacion-de-alumbrado\/\">Instalaci\u00f3n de iluminaci\u00f3n LED<\/a><br \/>\n<a href=\"https:\/\/eletricistadelisboa.pt\/es\/instalacion-puntual\/\">Instalaci\u00f3n puntual<\/a><br \/>\n<a href=\"https:\/\/eletricistadelisboa.pt\/es\/instalacion-de-lamparas\/\">Instalaci\u00f3n de l\u00e1mparas<\/a><br \/>\n<a href=\"https:\/\/eletricistadelisboa.pt\/es\/instalacion-de-lamparas-de-techo\/\">Instalaci\u00f3n de l\u00e1mparas de techo<\/a><br \/>\n<a href=\"https:\/\/eletricistadelisboa.pt\/es\/iluminacion-decorativa\/\">Iluminaci\u00f3n decorativa<\/a><br \/>\n<a href=\"https:\/\/eletricistadelisboa.pt\/es\/iluminacion-de-jardin\/\">Iluminaci\u00f3n de jardines<\/a><br \/>\n<a href=\"https:\/\/eletricistadelisboa.pt\/es\/iluminacion-exterior\/\">Iluminaci\u00f3n exterior<\/a><br \/>\n<a href=\"https:\/\/eletricistadelisboa.pt\/es\/iluminacion-lisboa\/\">Iluminaci\u00f3n Lisboa<\/a><\/p>\n<h2>M\u00e1s servicios<\/h2>\n<p><a href=\"https:\/\/eletricistadelisboa.pt\/es\/columna-de-importe-de-la-electricidad\/\">Columna Electricidad<\/a><br \/>\n<a href=\"https:\/\/eletricistadelisboa.pt\/es\/rama-electricidad\/\">Sector el\u00e9ctrico<\/a><br \/>\n<a href=\"https:\/\/eletricistadelisboa.pt\/es\/domotica\/\">Dom\u00f3tica<\/a><br \/>\n<a href=\"https:\/\/eletricistadelisboa.pt\/es\/cambiar-la-potencia-contratada\/\">Cambiar Potencia contratada<\/a><br \/>\n<a href=\"https:\/\/eletricistadelisboa.pt\/es\/aumentar-la-potencia-electrica\/\">Aumentar la potencia el\u00e9ctrica<\/a><br \/>\n<a href=\"https:\/\/eletricistadelisboa.pt\/es\/instalacion-de-una-toma-de-corriente-electrica-para-el-coche\/\">Instalaci\u00f3n de tomas de corriente para coches el\u00e9ctricos<\/a><br \/>\n<a href=\"https:\/\/eletricistadelisboa.pt\/es\/instalacion-de-cargadores-para-coches-electricos\/\">Instalaci\u00f3n de cargadores para coches el\u00e9ctricos<\/a><br \/>\n<a href=\"https:\/\/eletricistadelisboa.pt\/es\/puesta-a-tierra-electrica\/\">Conexi\u00f3n a tierra<\/a><br \/>\n<a href=\"https:\/\/eletricistadelisboa.pt\/es\/mantenimiento-electrico-preventivo\/\">Mantenimiento el\u00e9ctrico preventivo<\/a><br \/>\n<a href=\"https:\/\/eletricistadelisboa.pt\/es\/ficha-electrotecnica\/\">Expediente electrot\u00e9cnico<\/a><br \/>\n<a href=\"https:\/\/eletricistadelisboa.pt\/es\/mandato-de-responsabilidad\/\">Plazo de responsabilidad<\/a><\/p>\n<h2>B\u00fasquedas frecuentes<\/h2>\n<p><a href=\"https:\/\/eletricistadelisboa.pt\/es\/servicio-electricista\/\">Servicio de electricista<\/a><br \/>\n<a href=\"https:\/\/eletricistadelisboa.pt\/es\/electricistas-certificados\/\">Electricistas certificados<\/a><br \/>\n<a href=\"https:\/\/eletricistadelisboa.pt\/es\/electricista-urgente\/\">Electricista urgente<\/a><br \/>\n<a href=\"https:\/\/eletricistadelisboa.pt\/es\/electricista-urgente-lisboa\/\">Electricista urgente Lisboa<\/a><br \/>\n<a href=\"https:\/\/eletricistadelisboa.pt\/es\/electricista-certificado-por-la-dgeg\/\">Electricista certificado por la DGEG<\/a><br \/>\n<a href=\"https:\/\/eletricistadelisboa.pt\/es\/potencia-contratada\/\">Potencia contratada<\/a><br \/>\n<a href=\"https:\/\/eletricistadelisboa.pt\/es\/electricista-24-horas\/\">Electricista 24 horas<\/a><br \/>\n<a href=\"https:\/\/eletricistadelisboa.pt\/es\/electricista-24-horas-lisboa\/\">Electricista 24 horas Lisboa<\/a><br \/>\n<a href=\"https:\/\/eletricistadelisboa.pt\/es\/electricista-titulado-lisboa\/\">Electricista certificado Lisboa<\/a><br \/>\n<a href=\"https:\/\/eletricistadelisboa.pt\/es\/electricista-certificado\/\">Electricista certificado<\/a><br \/>\n<a href=\"https:\/\/eletricistadelisboa.pt\/es\/mejor-electricista-en-lisboa\/\">Mejor electricista en Lisboa<\/a><br \/>\n<a href=\"https:\/\/eletricistadelisboa.pt\/es\/electricista-amadora\/\">Electricista Amadora<\/a><br \/>\n<a href=\"https:\/\/eletricistadelisboa.pt\/es\/electricista-parque-das-nacoes\/\">Electricista Parque das Na\u00e7\u00f5es<\/a><br \/>\n<a href=\"https:\/\/eletricistadelisboa.pt\/es\/electricista-benfica\/\">Electricista Benfica<\/a><\/p>","protected":false},"excerpt":{"rendered":"<p>Na Eletricista de Lisboa, oferecemos uma ampla gama de servi\u00e7os para atender todas as suas necessidades el\u00e9tricas. Veja abaixo a lista completa dos nossos servi\u00e7os: Instala\u00e7\u00e3o el\u00e9trica Instala\u00e7\u00e3o El\u00e9trica Instala\u00e7\u00e3o El\u00e9trica Nova Remodela\u00e7\u00e3o El\u00e9trica Instala\u00e7\u00e3o de Tomada Instala\u00e7\u00e3o de Interruptor Instala\u00e7\u00e3o de Eletrodom\u00e9stico Instala\u00e7\u00e3o de Sistema de Aquecimento Instala\u00e7\u00e3o de Campainha Instala\u00e7\u00e3o el\u00e9trica Lisboa Quadro [&hellip;]<\/p>\n","protected":false},"author":1,"featured_media":0,"parent":0,"menu_order":0,"comment_status":"closed","ping_status":"closed","template":"","meta":{"iawp_total_views":381,"footnotes":""},"class_list":["post-2883","page","type-page","status-publish","hentry"],"yoast_head":"<!-- This site is optimized with the Yoast SEO plugin v27.5 - https:\/\/yoast.com\/product\/yoast-seo-wordpress\/ -->\n<title>Servi\u00e7os<\/title>\n<meta name=\"description\" content=\"Na Eletricista de Lisboa, oferecemos servi\u00e7os el\u00e9tricos completos para resid\u00eancias e empresas, garantindo seguran\u00e7a e efici\u00eancia. Confira abaixo a lista dos nossos servi\u00e7os.\" \/>\n<meta name=\"robots\" content=\"index, follow, max-snippet:-1, max-image-preview:large, max-video-preview:-1\" \/>\n<link rel=\"canonical\" href=\"https:\/\/eletricistadelisboa.pt\/es\/servicios\/\" \/>\n<meta property=\"og:locale\" content=\"es_ES\" \/>\n<meta property=\"og:type\" content=\"article\" \/>\n<meta property=\"og:title\" content=\"Servi\u00e7os\" \/>\n<meta property=\"og:description\" content=\"Na Eletricista de Lisboa, oferecemos servi\u00e7os el\u00e9tricos completos para resid\u00eancias e empresas, garantindo seguran\u00e7a e efici\u00eancia. Confira abaixo a lista dos nossos servi\u00e7os.\" \/>\n<meta property=\"og:url\" content=\"https:\/\/eletricistadelisboa.pt\/es\/servicios\/\" \/>\n<meta property=\"og:site_name\" content=\"Eletricista de Lisboa\" \/>\n<meta property=\"article:modified_time\" content=\"2025-11-06T10:02:30+00:00\" \/>\n<meta name=\"twitter:card\" content=\"summary_large_image\" \/>\n<meta name=\"twitter:label1\" content=\"Tiempo de lectura\" \/>\n\t<meta name=\"twitter:data1\" content=\"2 minutos\" \/>\n<script type=\"application\/ld+json\" class=\"yoast-schema-graph\">{\"@context\":\"https:\\\/\\\/schema.org\",\"@graph\":[{\"@type\":\"WebPage\",\"@id\":\"https:\\\/\\\/eletricistadelisboa.pt\\\/servicos\\\/\",\"url\":\"https:\\\/\\\/eletricistadelisboa.pt\\\/servicos\\\/\",\"name\":\"Servi\u00e7os\",\"isPartOf\":{\"@id\":\"https:\\\/\\\/eletricistadelisboa.pt\\\/#website\"},\"datePublished\":\"2025-01-29T08:05:57+00:00\",\"dateModified\":\"2025-11-06T10:02:30+00:00\",\"description\":\"Na Eletricista de Lisboa, oferecemos servi\u00e7os el\u00e9tricos completos para resid\u00eancias e empresas, garantindo seguran\u00e7a e efici\u00eancia. Confira abaixo a lista dos nossos servi\u00e7os.\",\"breadcrumb\":{\"@id\":\"https:\\\/\\\/eletricistadelisboa.pt\\\/servicos\\\/#breadcrumb\"},\"inLanguage\":\"es\",\"potentialAction\":[{\"@type\":\"ReadAction\",\"target\":[\"https:\\\/\\\/eletricistadelisboa.pt\\\/servicos\\\/\"]}]},{\"@type\":\"BreadcrumbList\",\"@id\":\"https:\\\/\\\/eletricistadelisboa.pt\\\/servicos\\\/#breadcrumb\",\"itemListElement\":[{\"@type\":\"ListItem\",\"position\":1,\"name\":\"In\u00edcio\",\"item\":\"https:\\\/\\\/eletricistadelisboa.pt\\\/\"},{\"@type\":\"ListItem\",\"position\":2,\"name\":\"Servi\u00e7os\"}]},{\"@type\":\"WebSite\",\"@id\":\"https:\\\/\\\/eletricistadelisboa.pt\\\/#website\",\"url\":\"https:\\\/\\\/eletricistadelisboa.pt\\\/\",\"name\":\"Eletricista de Lisboa\",\"description\":\"Servi\u00e7os el\u00e9tricos r\u00e1pidos e de alta qualidade em Lisboa, dispon\u00edveis 24 horas por dia.\",\"potentialAction\":[{\"@type\":\"SearchAction\",\"target\":{\"@type\":\"EntryPoint\",\"urlTemplate\":\"https:\\\/\\\/eletricistadelisboa.pt\\\/?s={search_term_string}\"},\"query-input\":{\"@type\":\"PropertyValueSpecification\",\"valueRequired\":true,\"valueName\":\"search_term_string\"}}],\"inLanguage\":\"es\"}]}<\/script>\n<!-- \/ Yoast SEO plugin. -->","yoast_head_json":{"title":"Servicios","description":"En Eletricista de Lisboa, ofrecemos servicios el\u00e9ctricos completos para hogares y empresas, garantizando seguridad y eficiencia. Vea a continuaci\u00f3n una lista de nuestros servicios.","robots":{"index":"index","follow":"follow","max-snippet":"max-snippet:-1","max-image-preview":"max-image-preview:large","max-video-preview":"max-video-preview:-1"},"canonical":"https:\/\/eletricistadelisboa.pt\/es\/servicios\/","og_locale":"es_ES","og_type":"article","og_title":"Servi\u00e7os","og_description":"Na Eletricista de Lisboa, oferecemos servi\u00e7os el\u00e9tricos completos para resid\u00eancias e empresas, garantindo seguran\u00e7a e efici\u00eancia. Confira abaixo a lista dos nossos servi\u00e7os.","og_url":"https:\/\/eletricistadelisboa.pt\/es\/servicios\/","og_site_name":"Eletricista de Lisboa","article_modified_time":"2025-11-06T10:02:30+00:00","twitter_card":"summary_large_image","twitter_misc":{"Tiempo de lectura":"2 minutos"},"schema":{"@context":"https:\/\/schema.org","@graph":[{"@type":"WebPage","@id":"https:\/\/eletricistadelisboa.pt\/servicos\/","url":"https:\/\/eletricistadelisboa.pt\/servicos\/","name":"Servicios","isPartOf":{"@id":"https:\/\/eletricistadelisboa.pt\/#website"},"datePublished":"2025-01-29T08:05:57+00:00","dateModified":"2025-11-06T10:02:30+00:00","description":"En Eletricista de Lisboa, ofrecemos servicios el\u00e9ctricos completos para hogares y empresas, garantizando seguridad y eficiencia. Vea a continuaci\u00f3n una lista de nuestros servicios.","breadcrumb":{"@id":"https:\/\/eletricistadelisboa.pt\/servicos\/#breadcrumb"},"inLanguage":"es","potentialAction":[{"@type":"ReadAction","target":["https:\/\/eletricistadelisboa.pt\/servicos\/"]}]},{"@type":"BreadcrumbList","@id":"https:\/\/eletricistadelisboa.pt\/servicos\/#breadcrumb","itemListElement":[{"@type":"ListItem","position":1,"name":"In\u00edcio","item":"https:\/\/eletricistadelisboa.pt\/"},{"@type":"ListItem","position":2,"name":"Servi\u00e7os"}]},{"@type":"WebSite","@id":"https:\/\/eletricistadelisboa.pt\/#website","url":"https:\/\/eletricistadelisboa.pt\/","name":"Eletricista de Lisboa","description":"Servicios el\u00e9ctricos r\u00e1pidos y de calidad en Lisboa, disponibles las 24 horas del d\u00eda.","potentialAction":[{"@type":"SearchAction","target":{"@type":"EntryPoint","urlTemplate":"https:\/\/eletricistadelisboa.pt\/?s={search_term_string}"},"query-input":{"@type":"PropertyValueSpecification","valueRequired":true,"valueName":"search_term_string"}}],"inLanguage":"es"}]}},"_links":{"self":[{"href":"https:\/\/eletricistadelisboa.pt\/es\/wp-json\/wp\/v2\/pages\/2883","targetHints":{"allow":["GET"]}}],"collection":[{"href":"https:\/\/eletricistadelisboa.pt\/es\/wp-json\/wp\/v2\/pages"}],"about":[{"href":"https:\/\/eletricistadelisboa.pt\/es\/wp-json\/wp\/v2\/types\/page"}],"author":[{"embeddable":true,"href":"https:\/\/eletricistadelisboa.pt\/es\/wp-json\/wp\/v2\/users\/1"}],"replies":[{"embeddable":true,"href":"https:\/\/eletricistadelisboa.pt\/es\/wp-json\/wp\/v2\/comments?post=2883"}],"version-history":[{"count":57,"href":"https:\/\/eletricistadelisboa.pt\/es\/wp-json\/wp\/v2\/pages\/2883\/revisions"}],"predecessor-version":[{"id":3203,"href":"https:\/\/eletricistadelisboa.pt\/es\/wp-json\/wp\/v2\/pages\/2883\/revisions\/3203"}],"wp:attachment":[{"href":"https:\/\/eletricistadelisboa.pt\/es\/wp-json\/wp\/v2\/media?parent=2883"}],"curies":[{"name":"wp","href":"https:\/\/api.w.org\/{rel}","templated":true}]}}