{"id":231,"date":"2019-08-08T09:57:55","date_gmt":"2019-08-08T09:57:55","guid":{"rendered":"https:\/\/airtech.bolvosites.com\/demo6\/?page_id=231"},"modified":"2025-02-03T07:40:23","modified_gmt":"2025-02-03T07:40:23","slug":"contactos-2","status":"publish","type":"page","link":"https:\/\/eletricistadelisboa.pt\/es\/contactos-2\/","title":{"rendered":"P\u00f3ngase en contacto con nosotros"},"content":{"rendered":"\t\t<div data-elementor-type=\"wp-post\" data-elementor-id=\"231\" class=\"elementor elementor-231\">\n\t\t\t\t\t\t<section class=\"elementor-section elementor-top-section elementor-element elementor-element-84c1dd9 elementor-section-boxed elementor-section-height-default elementor-section-height-default\" data-id=\"84c1dd9\" data-element_type=\"section\" data-e-type=\"section\" data-settings=\"{&quot;background_background&quot;:&quot;classic&quot;}\">\n\t\t\t\t\t\t\t<div class=\"elementor-background-overlay\"><\/div>\n\t\t\t\t\t\t\t<div class=\"elementor-container elementor-column-gap-no\">\n\t\t\t\t\t<div class=\"elementor-column elementor-col-100 elementor-top-column elementor-element elementor-element-c422c89\" data-id=\"c422c89\" data-element_type=\"column\" data-e-type=\"column\">\n\t\t\t<div class=\"elementor-widget-wrap elementor-element-populated\">\n\t\t\t\t\t\t<div class=\"elementor-element elementor-element-9572fba elementor-widget elementor-widget-ucaddon_homecontact\" data-id=\"9572fba\" data-element_type=\"widget\" data-e-type=\"widget\" data-widget_type=\"ucaddon_homecontact.default\">\n\t\t\t\t<div class=\"elementor-widget-container\">\n\t\t\t\t\t\n<!-- start Home Contact -->\n\n<section class=\"contact_details_area\">\n    <div class=\"container\">\n        <div class=\"row\">\n            <div class=\"col-lg-2 d-flex\">\n                <div class=\"c_details_inner\">\n                    <div class=\"main_title\">\n                    <h2>Entre em Contato<\/h2>\n                    <p>Desloca\u00e7\u00f5es e or\u00e7amentos gratuitos.<\/p>\n                    <\/div>\n                    <div class=\"contact_details_text\">\n                        <div class=\"media\">\n                            <div class=\"d-flex\">\n                            <img decoding=\"async\" src=\"https:\/\/eletricistadelisboa.pt\/wp-content\/uploads\/2019\/08\/map-marker.png\" alt=\"\">\n                            <\/div>\n                            <div class=\"media-body\">\n                                <h4> Endere\u00e7o :<\/h4>\n                                <p>Eletricista de Lisboa<br>\nRua Mouzinho da Silveira 32, 1250-167 Lisboa<\/p>\n                            <\/div>\n                        <\/div>\n                        <div class=\"media\">\n                            <div class=\"d-flex\">\n                            <img decoding=\"async\" src=\"https:\/\/eletricistadelisboa.pt\/wp-content\/uploads\/2019\/08\/phone-2.png\" alt=\"\">\n                            <\/div>\n                            <div class=\"media-body\">\n                                <h4>Telefone :<\/h4>\n                                <a href=\"tel:+351 962 558 141\">+351 962 558 141<\/a>\n                            <\/div>\n                        <\/div>\n                        <div class=\"media\">\n                            <div class=\"d-flex\">\n                                <img decoding=\"async\" src=\"https:\/\/eletricistadelisboa.pt\/wp-content\/uploads\/2019\/08\/inbox.png\" alt=\"\">\n                            <\/div>\n                            <div class=\"media-body\">\n                                <h4>Email :<\/h4>\n                                <a href=\"mailto:info@eletricistadelisboa.pt\">info@eletricistadelisboa.pt<\/a>\n                            <\/div>\n                        <\/div>\n                    <\/div>\n                <\/div>\n            <\/div>\n            <div class=\"col-lg-10\">\n                <div class=\"contact_form_area\">\n                    <h3>Envie uma mensagem<\/h3>\n                    \n<div class=\"wpcf7 no-js\" id=\"wpcf7-f2821-o1\" lang=\"pt-PT\" dir=\"ltr\" data-wpcf7-id=\"2821\">\n<div class=\"screen-reader-response\"><p role=\"status\" aria-live=\"polite\" aria-atomic=\"true\"><\/p> <ul><\/ul><\/div>\n<form action=\"\/es\/wp-json\/wp\/v2\/pages\/231#wpcf7-f2821-o1\" method=\"post\" class=\"wpcf7-form init\" aria-label=\"Formul\u00e1rio de contacto\" novalidate=\"novalidate\" data-status=\"init\">\n<fieldset class=\"hidden-fields-container\"><input type=\"hidden\" name=\"_wpcf7\" value=\"2821\" \/><input type=\"hidden\" name=\"_wpcf7_version\" value=\"6.1.5\" \/><input type=\"hidden\" name=\"_wpcf7_locale\" value=\"pt_PT\" \/><input type=\"hidden\" name=\"_wpcf7_unit_tag\" value=\"wpcf7-f2821-o1\" \/><input type=\"hidden\" name=\"_wpcf7_container_post\" value=\"0\" \/><input type=\"hidden\" name=\"_wpcf7_posted_data_hash\" value=\"\" \/>\n<\/fieldset>\n<p><label> O seu nome<br \/>\n<span class=\"wpcf7-form-control-wrap\" data-name=\"your-name\"><input size=\"40\" maxlength=\"400\" class=\"wpcf7-form-control wpcf7-text wpcf7-validates-as-required\" autocomplete=\"name\" aria-required=\"true\" aria-invalid=\"false\" value=\"\" type=\"text\" name=\"your-name\" \/><\/span> <\/label>\n<\/p>\n<p><label> O seu email<br \/>\n<span class=\"wpcf7-form-control-wrap\" data-name=\"your-email\"><input size=\"40\" maxlength=\"400\" class=\"wpcf7-form-control wpcf7-email wpcf7-validates-as-required wpcf7-text wpcf7-validates-as-email\" autocomplete=\"email\" aria-required=\"true\" aria-invalid=\"false\" value=\"\" type=\"email\" name=\"your-email\" \/><\/span> <\/label>\n<\/p>\n<p><label> Assunto<br \/>\n<span class=\"wpcf7-form-control-wrap\" data-name=\"your-subject\"><input size=\"40\" maxlength=\"400\" class=\"wpcf7-form-control wpcf7-text wpcf7-validates-as-required\" aria-required=\"true\" aria-invalid=\"false\" value=\"\" type=\"text\" name=\"your-subject\" \/><\/span> <\/label>\n<\/p>\n<p><label> A sua mensagem<br \/>\n<span class=\"wpcf7-form-control-wrap\" data-name=\"your-message\"><textarea cols=\"40\" rows=\"10\" maxlength=\"2000\" class=\"wpcf7-form-control wpcf7-textarea\" aria-invalid=\"false\" name=\"your-message\"><\/textarea><\/span> <\/label>\n<\/p>\n<p><input class=\"wpcf7-form-control wpcf7-submit has-spinner\" type=\"submit\" value=\"Submeter\" \/>\n<\/p><p style=\"display: none !important;\" class=\"akismet-fields-container\" data-prefix=\"_wpcf7_ak_\"><label>&#916;<textarea name=\"_wpcf7_ak_hp_textarea\" cols=\"45\" rows=\"8\" maxlength=\"100\"><\/textarea><\/label><input type=\"hidden\" id=\"ak_js_1\" name=\"_wpcf7_ak_js\" value=\"218\"\/><script type=\"text\/javascript\">\n\/* <![CDATA[ *\/\ndocument.getElementById( \"ak_js_1\" ).setAttribute( \"value\", ( new Date() ).getTime() );\n\/* ]]> *\/\n<\/script>\n<\/p><div class=\"wpcf7-response-output\" aria-hidden=\"true\"><\/div>\n<\/form>\n<\/div>\n\n                <\/div>\n            <\/div>\n        <\/div>\n    <\/div>\n<\/section>\n<!-- end Home Contact -->\t\t\t\t<\/div>\n\t\t\t\t<\/div>\n\t\t\t\t\t<\/div>\n\t\t<\/div>\n\t\t\t\t\t<\/div>\n\t\t<\/section>\n\t\t<div class=\"elementor-element elementor-element-bbb8084 e-flex e-con-boxed e-con e-parent\" data-id=\"bbb8084\" data-element_type=\"container\" data-e-type=\"container\">\n\t\t\t\t\t<div class=\"e-con-inner\">\n\t\t\t\t<div class=\"elementor-element elementor-element-b067627 elementor-widget elementor-widget-html\" data-id=\"b067627\" data-element_type=\"widget\" data-e-type=\"widget\" data-widget_type=\"html.default\">\n\t\t\t\t<div class=\"elementor-widget-container\">\n\t\t\t\t\t<iframe src=\"https:\/\/www.google.com\/maps\/embed?pb=!1m18!1m12!1m3!1d3112.767179241606!2d-9.1505616!3d38.723153999999994!2m3!1f0!2f0!3f0!3m2!1i1024!2i768!4f13.1!3m3!1m2!1s0xf5a771eebcf7efb%3A0xbf628ceebbdfe849!2sEletricista%20de%20Lisboa!5e0!3m2!1spt-PT!2spt!4v1738568160291!5m2!1spt-PT!2spt\" width=\"600\" height=\"450\" style=\"border:0;\" allowfullscreen=\"\" loading=\"lazy\" referrerpolicy=\"no-referrer-when-downgrade\"><\/iframe>\t\t\t\t<\/div>\n\t\t\t\t<\/div>\n\t\t\t\t\t<\/div>\n\t\t\t\t<\/div>\n\t\t\t\t<\/div>\n\t\t","protected":false},"excerpt":{"rendered":"<p>Contacto Desplazamientos y presupuestos gratuitos. Direcci\u00f3n : Eletricista de Lisboa Rua Mouzinho da Silveira 32, 1250-167 Lisboa Tel\u00e9fono : +351 962 558 141 Email : info@eletricistadelisboa.pt Enviar un mensaje<\/p>","protected":false},"author":1,"featured_media":0,"parent":0,"menu_order":0,"comment_status":"closed","ping_status":"closed","template":"elementor_header_footer","meta":{"iawp_total_views":540,"footnotes":""},"class_list":["post-231","page","type-page","status-publish","hentry"],"yoast_head":"<!-- This site is optimized with the Yoast SEO plugin v27.5 - https:\/\/yoast.com\/product\/yoast-seo-wordpress\/ -->\n<title>Contatos<\/title>\n<meta name=\"robots\" content=\"index, follow, max-snippet:-1, max-image-preview:large, max-video-preview:-1\" \/>\n<link rel=\"canonical\" href=\"https:\/\/eletricistadelisboa.pt\/es\/contactos-2\/\" \/>\n<meta property=\"og:locale\" content=\"es_ES\" \/>\n<meta property=\"og:type\" content=\"article\" \/>\n<meta property=\"og:title\" content=\"Contatos\" \/>\n<meta property=\"og:description\" content=\"Entre em Contato Desloca\u00e7\u00f5es e or\u00e7amentos gratuitos. Endere\u00e7o : Eletricista de Lisboa Rua Mouzinho da Silveira 32, 1250-167 Lisboa Telefone : +351 962 558 141 Email : info@eletricistadelisboa.pt Envie uma mensagem\" \/>\n<meta property=\"og:url\" content=\"https:\/\/eletricistadelisboa.pt\/es\/contactos-2\/\" \/>\n<meta property=\"og:site_name\" content=\"Eletricista de Lisboa\" \/>\n<meta property=\"article:modified_time\" content=\"2025-02-03T07:40:23+00:00\" \/>\n<meta property=\"og:image\" content=\"https:\/\/eletricistadelisboa.pt\/wp-content\/uploads\/2019\/08\/map-marker.png\" \/>\n<meta name=\"twitter:card\" content=\"summary_large_image\" \/>\n<meta name=\"twitter:label1\" content=\"Tiempo de lectura\" \/>\n\t<meta name=\"twitter:data1\" content=\"1 minuto\" \/>\n<script type=\"application\/ld+json\" class=\"yoast-schema-graph\">{\"@context\":\"https:\\\/\\\/schema.org\",\"@graph\":[{\"@type\":\"WebPage\",\"@id\":\"https:\\\/\\\/eletricistadelisboa.pt\\\/contatos\\\/\",\"url\":\"https:\\\/\\\/eletricistadelisboa.pt\\\/contatos\\\/\",\"name\":\"Contatos\",\"isPartOf\":{\"@id\":\"https:\\\/\\\/eletricistadelisboa.pt\\\/#website\"},\"primaryImageOfPage\":{\"@id\":\"https:\\\/\\\/eletricistadelisboa.pt\\\/contatos\\\/#primaryimage\"},\"image\":{\"@id\":\"https:\\\/\\\/eletricistadelisboa.pt\\\/contatos\\\/#primaryimage\"},\"thumbnailUrl\":\"https:\\\/\\\/eletricistadelisboa.pt\\\/wp-content\\\/uploads\\\/2019\\\/08\\\/map-marker.png\",\"datePublished\":\"2019-08-08T09:57:55+00:00\",\"dateModified\":\"2025-02-03T07:40:23+00:00\",\"breadcrumb\":{\"@id\":\"https:\\\/\\\/eletricistadelisboa.pt\\\/contatos\\\/#breadcrumb\"},\"inLanguage\":\"es\",\"potentialAction\":[{\"@type\":\"ReadAction\",\"target\":[\"https:\\\/\\\/eletricistadelisboa.pt\\\/contatos\\\/\"]}]},{\"@type\":\"ImageObject\",\"inLanguage\":\"es\",\"@id\":\"https:\\\/\\\/eletricistadelisboa.pt\\\/contatos\\\/#primaryimage\",\"url\":\"https:\\\/\\\/eletricistadelisboa.pt\\\/wp-content\\\/uploads\\\/2019\\\/08\\\/map-marker.png\",\"contentUrl\":\"https:\\\/\\\/eletricistadelisboa.pt\\\/wp-content\\\/uploads\\\/2019\\\/08\\\/map-marker.png\"},{\"@type\":\"BreadcrumbList\",\"@id\":\"https:\\\/\\\/eletricistadelisboa.pt\\\/contatos\\\/#breadcrumb\",\"itemListElement\":[{\"@type\":\"ListItem\",\"position\":1,\"name\":\"In\u00edcio\",\"item\":\"https:\\\/\\\/eletricistadelisboa.pt\\\/\"},{\"@type\":\"ListItem\",\"position\":2,\"name\":\"Contatos\"}]},{\"@type\":\"WebSite\",\"@id\":\"https:\\\/\\\/eletricistadelisboa.pt\\\/#website\",\"url\":\"https:\\\/\\\/eletricistadelisboa.pt\\\/\",\"name\":\"Eletricista de Lisboa\",\"description\":\"Servi\u00e7os el\u00e9tricos r\u00e1pidos e de alta qualidade em Lisboa, dispon\u00edveis 24 horas por dia.\",\"potentialAction\":[{\"@type\":\"SearchAction\",\"target\":{\"@type\":\"EntryPoint\",\"urlTemplate\":\"https:\\\/\\\/eletricistadelisboa.pt\\\/?s={search_term_string}\"},\"query-input\":{\"@type\":\"PropertyValueSpecification\",\"valueRequired\":true,\"valueName\":\"search_term_string\"}}],\"inLanguage\":\"es\"}]}<\/script>\n<!-- \/ Yoast SEO plugin. -->","yoast_head_json":{"title":"P\u00f3ngase en contacto con nosotros","robots":{"index":"index","follow":"follow","max-snippet":"max-snippet:-1","max-image-preview":"max-image-preview:large","max-video-preview":"max-video-preview:-1"},"canonical":"https:\/\/eletricistadelisboa.pt\/es\/contactos-2\/","og_locale":"es_ES","og_type":"article","og_title":"Contatos","og_description":"Entre em Contato Desloca\u00e7\u00f5es e or\u00e7amentos gratuitos. Endere\u00e7o : Eletricista de Lisboa Rua Mouzinho da Silveira 32, 1250-167 Lisboa Telefone : +351 962 558 141 Email : info@eletricistadelisboa.pt Envie uma mensagem","og_url":"https:\/\/eletricistadelisboa.pt\/es\/contactos-2\/","og_site_name":"Eletricista de Lisboa","article_modified_time":"2025-02-03T07:40:23+00:00","og_image":[{"url":"https:\/\/eletricistadelisboa.pt\/wp-content\/uploads\/2019\/08\/map-marker.png","type":"","width":"","height":""}],"twitter_card":"summary_large_image","twitter_misc":{"Tiempo de lectura":"1 minuto"},"schema":{"@context":"https:\/\/schema.org","@graph":[{"@type":"WebPage","@id":"https:\/\/eletricistadelisboa.pt\/contatos\/","url":"https:\/\/eletricistadelisboa.pt\/contatos\/","name":"P\u00f3ngase en contacto con nosotros","isPartOf":{"@id":"https:\/\/eletricistadelisboa.pt\/#website"},"primaryImageOfPage":{"@id":"https:\/\/eletricistadelisboa.pt\/contatos\/#primaryimage"},"image":{"@id":"https:\/\/eletricistadelisboa.pt\/contatos\/#primaryimage"},"thumbnailUrl":"https:\/\/eletricistadelisboa.pt\/wp-content\/uploads\/2019\/08\/map-marker.png","datePublished":"2019-08-08T09:57:55+00:00","dateModified":"2025-02-03T07:40:23+00:00","breadcrumb":{"@id":"https:\/\/eletricistadelisboa.pt\/contatos\/#breadcrumb"},"inLanguage":"es","potentialAction":[{"@type":"ReadAction","target":["https:\/\/eletricistadelisboa.pt\/contatos\/"]}]},{"@type":"ImageObject","inLanguage":"es","@id":"https:\/\/eletricistadelisboa.pt\/contatos\/#primaryimage","url":"https:\/\/eletricistadelisboa.pt\/wp-content\/uploads\/2019\/08\/map-marker.png","contentUrl":"https:\/\/eletricistadelisboa.pt\/wp-content\/uploads\/2019\/08\/map-marker.png"},{"@type":"BreadcrumbList","@id":"https:\/\/eletricistadelisboa.pt\/contatos\/#breadcrumb","itemListElement":[{"@type":"ListItem","position":1,"name":"In\u00edcio","item":"https:\/\/eletricistadelisboa.pt\/"},{"@type":"ListItem","position":2,"name":"Contatos"}]},{"@type":"WebSite","@id":"https:\/\/eletricistadelisboa.pt\/#website","url":"https:\/\/eletricistadelisboa.pt\/","name":"Eletricista de Lisboa","description":"Servicios el\u00e9ctricos r\u00e1pidos y de calidad en Lisboa, disponibles las 24 horas del d\u00eda.","potentialAction":[{"@type":"SearchAction","target":{"@type":"EntryPoint","urlTemplate":"https:\/\/eletricistadelisboa.pt\/?s={search_term_string}"},"query-input":{"@type":"PropertyValueSpecification","valueRequired":true,"valueName":"search_term_string"}}],"inLanguage":"es"}]}},"_links":{"self":[{"href":"https:\/\/eletricistadelisboa.pt\/es\/wp-json\/wp\/v2\/pages\/231","targetHints":{"allow":["GET"]}}],"collection":[{"href":"https:\/\/eletricistadelisboa.pt\/es\/wp-json\/wp\/v2\/pages"}],"about":[{"href":"https:\/\/eletricistadelisboa.pt\/es\/wp-json\/wp\/v2\/types\/page"}],"author":[{"embeddable":true,"href":"https:\/\/eletricistadelisboa.pt\/es\/wp-json\/wp\/v2\/users\/1"}],"replies":[{"embeddable":true,"href":"https:\/\/eletricistadelisboa.pt\/es\/wp-json\/wp\/v2\/comments?post=231"}],"version-history":[{"count":15,"href":"https:\/\/eletricistadelisboa.pt\/es\/wp-json\/wp\/v2\/pages\/231\/revisions"}],"predecessor-version":[{"id":3103,"href":"https:\/\/eletricistadelisboa.pt\/es\/wp-json\/wp\/v2\/pages\/231\/revisions\/3103"}],"wp:attachment":[{"href":"https:\/\/eletricistadelisboa.pt\/es\/wp-json\/wp\/v2\/media?parent=231"}],"curies":[{"name":"wp","href":"https:\/\/api.w.org\/{rel}","templated":true}]}}