{"id":3199,"date":"2025-11-06T10:00:21","date_gmt":"2025-11-06T10:00:21","guid":{"rendered":"https:\/\/eletricistadelisboa.pt\/?page_id=3199"},"modified":"2025-11-06T10:01:43","modified_gmt":"2025-11-06T10:01:43","slug":"electrician-parque-das-nacoes","status":"publish","type":"page","link":"https:\/\/eletricistadelisboa.pt\/en\/electrician-parque-das-nacoes\/","title":{"rendered":"Electrician Parque das Na\u00e7\u00f5es - Fast Same-Day Assistance"},"content":{"rendered":"<p>If you need a <strong>electrician in Parque das Na\u00e7\u00f5es<\/strong>, talk to <strong>Eletricista de Lisboa<\/strong>. Rapid intervention for lights failing, circuit breakers falling, sockets overheating and electrical panel problems.<\/p>\n<h2>Services in Parque das Na\u00e7\u00f5es<\/h2>\n<ul>\n<li>Short-circuit repair;<\/li>\n<li>Replacement of burnt-out circuit breakers and switches;<\/li>\n<li>Correction of LED lighting and recessed spotlights;<\/li>\n<li>Electrical panel maintenance and wiring;<\/li>\n<li>Service for houses, apartments, stores and offices.<\/li>\n<\/ul>\n<p>We arrived quickly, explained the problem and resolved it safely.<\/p>\n<p>Speak directly to <a href=\"https:\/\/eletricistadelisboa.pt\/en\/\" title=\"Electrician Parque das Na\u00e7\u00f5es\">Electrician Parque das Na\u00e7\u00f5es<\/a> for immediate assistance.<\/p>\n<hr>\n<p style=\"text-align:center; font-size:1.2em;\">\n\u26a1 **Electricity?**<br \/>\n<strong>Call us now. We'll come to you.<\/strong><\/p>","protected":false},"excerpt":{"rendered":"<p>Se precisa de um eletricista no Parque das Na\u00e7\u00f5es, fale com a Eletricista de Lisboa. Interven\u00e7\u00e3o r\u00e1pida para luzes a falhar, disjuntores a cair, tomadas a aquecer e problemas no quadro el\u00e9trico. Servi\u00e7os no Parque das Na\u00e7\u00f5es Repara\u00e7\u00e3o de curto-circuito; Substitui\u00e7\u00e3o de disjuntores e interruptores queimados; Corre\u00e7\u00e3o de ilumina\u00e7\u00e3o LED e focos embutidos; Manuten\u00e7\u00e3o de [&hellip;]<\/p>\n","protected":false},"author":1,"featured_media":0,"parent":0,"menu_order":0,"comment_status":"closed","ping_status":"closed","template":"","meta":{"iawp_total_views":16,"footnotes":""},"class_list":["post-3199","page","type-page","status-publish","hentry"],"yoast_head":"<!-- This site is optimized with the Yoast SEO plugin v27.5 - https:\/\/yoast.com\/product\/yoast-seo-wordpress\/ -->\n<title>Eletricista Parque das Na\u00e7\u00f5es \u2013 Assist\u00eancia R\u00e1pida no Mesmo Dia<\/title>\n<meta name=\"description\" content=\"Eletricista no Parque das Na\u00e7\u00f5es para falhas el\u00e9tricas, curto-circuito e problemas de ilumina\u00e7\u00e3o. Chegada r\u00e1pida. Ligue j\u00e1.\" \/>\n<meta name=\"robots\" content=\"index, follow, max-snippet:-1, max-image-preview:large, max-video-preview:-1\" \/>\n<link rel=\"canonical\" href=\"https:\/\/eletricistadelisboa.pt\/en\/electrician-parque-das-nacoes\/\" \/>\n<meta property=\"og:locale\" content=\"en_US\" \/>\n<meta property=\"og:type\" content=\"article\" \/>\n<meta property=\"og:title\" content=\"Eletricista Parque das Na\u00e7\u00f5es \u2013 Assist\u00eancia R\u00e1pida no Mesmo Dia\" \/>\n<meta property=\"og:description\" content=\"Eletricista no Parque das Na\u00e7\u00f5es para falhas el\u00e9tricas, curto-circuito e problemas de ilumina\u00e7\u00e3o. Chegada r\u00e1pida. Ligue j\u00e1.\" \/>\n<meta property=\"og:url\" content=\"https:\/\/eletricistadelisboa.pt\/en\/electrician-parque-das-nacoes\/\" \/>\n<meta property=\"og:site_name\" content=\"Eletricista de Lisboa\" \/>\n<meta property=\"article:modified_time\" content=\"2025-11-06T10:01:43+00:00\" \/>\n<meta name=\"twitter:card\" content=\"summary_large_image\" \/>\n<meta name=\"twitter:label1\" content=\"Est. reading time\" \/>\n\t<meta name=\"twitter:data1\" content=\"1 minute\" \/>\n<script type=\"application\/ld+json\" class=\"yoast-schema-graph\">{\"@context\":\"https:\\\/\\\/schema.org\",\"@graph\":[{\"@type\":\"WebPage\",\"@id\":\"https:\\\/\\\/eletricistadelisboa.pt\\\/eletricista-parque-das-nacoes\\\/\",\"url\":\"https:\\\/\\\/eletricistadelisboa.pt\\\/eletricista-parque-das-nacoes\\\/\",\"name\":\"Eletricista Parque das Na\u00e7\u00f5es \u2013 Assist\u00eancia R\u00e1pida no Mesmo Dia\",\"isPartOf\":{\"@id\":\"https:\\\/\\\/eletricistadelisboa.pt\\\/#website\"},\"datePublished\":\"2025-11-06T10:00:21+00:00\",\"dateModified\":\"2025-11-06T10:01:43+00:00\",\"description\":\"Eletricista no Parque das Na\u00e7\u00f5es para falhas el\u00e9tricas, curto-circuito e problemas de ilumina\u00e7\u00e3o. Chegada r\u00e1pida. Ligue j\u00e1.\",\"breadcrumb\":{\"@id\":\"https:\\\/\\\/eletricistadelisboa.pt\\\/eletricista-parque-das-nacoes\\\/#breadcrumb\"},\"inLanguage\":\"en-US\",\"potentialAction\":[{\"@type\":\"ReadAction\",\"target\":[\"https:\\\/\\\/eletricistadelisboa.pt\\\/eletricista-parque-das-nacoes\\\/\"]}]},{\"@type\":\"BreadcrumbList\",\"@id\":\"https:\\\/\\\/eletricistadelisboa.pt\\\/eletricista-parque-das-nacoes\\\/#breadcrumb\",\"itemListElement\":[{\"@type\":\"ListItem\",\"position\":1,\"name\":\"In\u00edcio\",\"item\":\"https:\\\/\\\/eletricistadelisboa.pt\\\/\"},{\"@type\":\"ListItem\",\"position\":2,\"name\":\"Eletricista Parque das Na\u00e7\u00f5es \u2013 Assist\u00eancia R\u00e1pida no Mesmo Dia\"}]},{\"@type\":\"WebSite\",\"@id\":\"https:\\\/\\\/eletricistadelisboa.pt\\\/#website\",\"url\":\"https:\\\/\\\/eletricistadelisboa.pt\\\/\",\"name\":\"Eletricista de Lisboa\",\"description\":\"Servi\u00e7os el\u00e9tricos r\u00e1pidos e de alta qualidade em Lisboa, dispon\u00edveis 24 horas por dia.\",\"potentialAction\":[{\"@type\":\"SearchAction\",\"target\":{\"@type\":\"EntryPoint\",\"urlTemplate\":\"https:\\\/\\\/eletricistadelisboa.pt\\\/?s={search_term_string}\"},\"query-input\":{\"@type\":\"PropertyValueSpecification\",\"valueRequired\":true,\"valueName\":\"search_term_string\"}}],\"inLanguage\":\"en-US\"}]}<\/script>\n<!-- \/ Yoast SEO plugin. -->","yoast_head_json":{"title":"Electrician Parque das Na\u00e7\u00f5es - Fast Same-Day Assistance","description":"Electrician in Parque das Na\u00e7\u00f5es for electrical faults, short circuits and lighting problems. Quick arrival. Call now.","robots":{"index":"index","follow":"follow","max-snippet":"max-snippet:-1","max-image-preview":"max-image-preview:large","max-video-preview":"max-video-preview:-1"},"canonical":"https:\/\/eletricistadelisboa.pt\/en\/electrician-parque-das-nacoes\/","og_locale":"en_US","og_type":"article","og_title":"Eletricista Parque das Na\u00e7\u00f5es \u2013 Assist\u00eancia R\u00e1pida no Mesmo Dia","og_description":"Eletricista no Parque das Na\u00e7\u00f5es para falhas el\u00e9tricas, curto-circuito e problemas de ilumina\u00e7\u00e3o. Chegada r\u00e1pida. Ligue j\u00e1.","og_url":"https:\/\/eletricistadelisboa.pt\/en\/electrician-parque-das-nacoes\/","og_site_name":"Eletricista de Lisboa","article_modified_time":"2025-11-06T10:01:43+00:00","twitter_card":"summary_large_image","twitter_misc":{"Est. reading time":"1 minute"},"schema":{"@context":"https:\/\/schema.org","@graph":[{"@type":"WebPage","@id":"https:\/\/eletricistadelisboa.pt\/eletricista-parque-das-nacoes\/","url":"https:\/\/eletricistadelisboa.pt\/eletricista-parque-das-nacoes\/","name":"Electrician Parque das Na\u00e7\u00f5es - Fast Same-Day Assistance","isPartOf":{"@id":"https:\/\/eletricistadelisboa.pt\/#website"},"datePublished":"2025-11-06T10:00:21+00:00","dateModified":"2025-11-06T10:01:43+00:00","description":"Electrician in Parque das Na\u00e7\u00f5es for electrical faults, short circuits and lighting problems. Quick arrival. Call now.","breadcrumb":{"@id":"https:\/\/eletricistadelisboa.pt\/eletricista-parque-das-nacoes\/#breadcrumb"},"inLanguage":"en-US","potentialAction":[{"@type":"ReadAction","target":["https:\/\/eletricistadelisboa.pt\/eletricista-parque-das-nacoes\/"]}]},{"@type":"BreadcrumbList","@id":"https:\/\/eletricistadelisboa.pt\/eletricista-parque-das-nacoes\/#breadcrumb","itemListElement":[{"@type":"ListItem","position":1,"name":"In\u00edcio","item":"https:\/\/eletricistadelisboa.pt\/"},{"@type":"ListItem","position":2,"name":"Eletricista Parque das Na\u00e7\u00f5es \u2013 Assist\u00eancia R\u00e1pida no Mesmo Dia"}]},{"@type":"WebSite","@id":"https:\/\/eletricistadelisboa.pt\/#website","url":"https:\/\/eletricistadelisboa.pt\/","name":"Eletricista de Lisboa","description":"Fast, high-quality electrical services in Lisbon, available 24 hours a day.","potentialAction":[{"@type":"SearchAction","target":{"@type":"EntryPoint","urlTemplate":"https:\/\/eletricistadelisboa.pt\/?s={search_term_string}"},"query-input":{"@type":"PropertyValueSpecification","valueRequired":true,"valueName":"search_term_string"}}],"inLanguage":"en-US"}]}},"_links":{"self":[{"href":"https:\/\/eletricistadelisboa.pt\/en\/wp-json\/wp\/v2\/pages\/3199","targetHints":{"allow":["GET"]}}],"collection":[{"href":"https:\/\/eletricistadelisboa.pt\/en\/wp-json\/wp\/v2\/pages"}],"about":[{"href":"https:\/\/eletricistadelisboa.pt\/en\/wp-json\/wp\/v2\/types\/page"}],"author":[{"embeddable":true,"href":"https:\/\/eletricistadelisboa.pt\/en\/wp-json\/wp\/v2\/users\/1"}],"replies":[{"embeddable":true,"href":"https:\/\/eletricistadelisboa.pt\/en\/wp-json\/wp\/v2\/comments?post=3199"}],"version-history":[{"count":1,"href":"https:\/\/eletricistadelisboa.pt\/en\/wp-json\/wp\/v2\/pages\/3199\/revisions"}],"predecessor-version":[{"id":3200,"href":"https:\/\/eletricistadelisboa.pt\/en\/wp-json\/wp\/v2\/pages\/3199\/revisions\/3200"}],"wp:attachment":[{"href":"https:\/\/eletricistadelisboa.pt\/en\/wp-json\/wp\/v2\/media?parent=3199"}],"curies":[{"name":"wp","href":"https:\/\/api.w.org\/{rel}","templated":true}]}}