{"id":3197,"date":"2025-11-06T09:59:12","date_gmt":"2025-11-06T09:59:12","guid":{"rendered":"https:\/\/eletricistadelisboa.pt\/?page_id=3197"},"modified":"2025-11-06T09:59:12","modified_gmt":"2025-11-06T09:59:12","slug":"electrician-benfica","status":"publish","type":"page","link":"https:\/\/eletricistadelisboa.pt\/en\/electrician-benfica\/","title":{"rendered":"Electrician Benfica - Fast and Safe Same-Day Assistance"},"content":{"rendered":"<p>Then talk to <strong>Eletricista de Lisboa<\/strong>. We serve Benfica with fast arrival and safe resolution of electrical faults, short circuits, flashing lights and hot sockets.<\/p>\n<h2>Services in Benfica<\/h2>\n<ul>\n<li>Repair of LED lighting and spotlights;<\/li>\n<li>Correction of falling circuit breakers;<\/li>\n<li>Replacement of burnt-out sockets and switches;<\/li>\n<li>Repairing a short circuit in the electrical panel;<\/li>\n<li>Electrical installation and maintenance in homes and stores.<\/li>\n<\/ul>\n<p>We arrive quickly, explain the problem and solve it on the spot whenever possible.<\/p>\n<p>Speak directly to <a href=\"https:\/\/eletricistadelisboa.pt\/en\/\" title=\"Electrician Benfica\">Electrician Benfica<\/a> for immediate assistance.<\/p>\n<hr>\n<p style=\"text-align:center; font-size:1.2em;\">\nLights failed? Circuit breaker tripped?<br \/>\n<strong>Call us now. We'll come to you.<\/strong><\/p>","protected":false},"excerpt":{"rendered":"<p>Ent\u00e3o fale com a Eletricista de Lisboa. Atendemos Benfica com chegada r\u00e1pida e resolu\u00e7\u00e3o segura de falhas el\u00e9tricas, curto-circuito, luzes a piscar e tomadas a aquecer. Servi\u00e7os em Benfica Repara\u00e7\u00e3o de ilumina\u00e7\u00e3o e focos LED; Corre\u00e7\u00e3o de disjuntores a cair; Substitui\u00e7\u00e3o de tomadas e interruptores queimados; Repara\u00e7\u00e3o de curto-circuito no quadro el\u00e9trico; Instala\u00e7\u00e3o e manuten\u00e7\u00e3o [&hellip;]<\/p>\n","protected":false},"author":1,"featured_media":0,"parent":0,"menu_order":0,"comment_status":"closed","ping_status":"closed","template":"","meta":{"iawp_total_views":8,"footnotes":""},"class_list":["post-3197","page","type-page","status-publish","hentry"],"yoast_head":"<!-- This site is optimized with the Yoast SEO plugin v27.3 - https:\/\/yoast.com\/product\/yoast-seo-wordpress\/ -->\n<title>Eletricista Benfica \u2013 Assist\u00eancia R\u00e1pida e Segura no Mesmo Dia<\/title>\n<meta name=\"description\" content=\"Eletricista em Benfica para falhas el\u00e9tricas, curto-circuito e problemas de ilumina\u00e7\u00e3o. Interven\u00e7\u00e3o r\u00e1pida. Ligue j\u00e1.\" \/>\n<meta name=\"robots\" content=\"index, follow, max-snippet:-1, max-image-preview:large, max-video-preview:-1\" \/>\n<link rel=\"canonical\" href=\"https:\/\/eletricistadelisboa.pt\/en\/electrician-benfica\/\" \/>\n<meta property=\"og:locale\" content=\"en_US\" \/>\n<meta property=\"og:type\" content=\"article\" \/>\n<meta property=\"og:title\" content=\"Eletricista Benfica \u2013 Assist\u00eancia R\u00e1pida e Segura no Mesmo Dia\" \/>\n<meta property=\"og:description\" content=\"Eletricista em Benfica para falhas el\u00e9tricas, curto-circuito e problemas de ilumina\u00e7\u00e3o. Interven\u00e7\u00e3o r\u00e1pida. Ligue j\u00e1.\" \/>\n<meta property=\"og:url\" content=\"https:\/\/eletricistadelisboa.pt\/en\/electrician-benfica\/\" \/>\n<meta property=\"og:site_name\" content=\"Eletricista de Lisboa\" \/>\n<meta name=\"twitter:card\" content=\"summary_large_image\" \/>\n<meta name=\"twitter:label1\" content=\"Est. reading time\" \/>\n\t<meta name=\"twitter:data1\" content=\"1 minute\" \/>\n<script type=\"application\/ld+json\" class=\"yoast-schema-graph\">{\"@context\":\"https:\\\/\\\/schema.org\",\"@graph\":[{\"@type\":\"WebPage\",\"@id\":\"https:\\\/\\\/eletricistadelisboa.pt\\\/eletricista-benfica\\\/\",\"url\":\"https:\\\/\\\/eletricistadelisboa.pt\\\/eletricista-benfica\\\/\",\"name\":\"Eletricista Benfica \u2013 Assist\u00eancia R\u00e1pida e Segura no Mesmo Dia\",\"isPartOf\":{\"@id\":\"https:\\\/\\\/eletricistadelisboa.pt\\\/#website\"},\"datePublished\":\"2025-11-06T09:59:12+00:00\",\"description\":\"Eletricista em Benfica para falhas el\u00e9tricas, curto-circuito e problemas de ilumina\u00e7\u00e3o. Interven\u00e7\u00e3o r\u00e1pida. Ligue j\u00e1.\",\"breadcrumb\":{\"@id\":\"https:\\\/\\\/eletricistadelisboa.pt\\\/eletricista-benfica\\\/#breadcrumb\"},\"inLanguage\":\"en-US\",\"potentialAction\":[{\"@type\":\"ReadAction\",\"target\":[\"https:\\\/\\\/eletricistadelisboa.pt\\\/eletricista-benfica\\\/\"]}]},{\"@type\":\"BreadcrumbList\",\"@id\":\"https:\\\/\\\/eletricistadelisboa.pt\\\/eletricista-benfica\\\/#breadcrumb\",\"itemListElement\":[{\"@type\":\"ListItem\",\"position\":1,\"name\":\"In\u00edcio\",\"item\":\"https:\\\/\\\/eletricistadelisboa.pt\\\/\"},{\"@type\":\"ListItem\",\"position\":2,\"name\":\"Eletricista Benfica \u2013 Assist\u00eancia R\u00e1pida e Segura no Mesmo Dia\"}]},{\"@type\":\"WebSite\",\"@id\":\"https:\\\/\\\/eletricistadelisboa.pt\\\/#website\",\"url\":\"https:\\\/\\\/eletricistadelisboa.pt\\\/\",\"name\":\"Eletricista de Lisboa\",\"description\":\"Servi\u00e7os el\u00e9tricos r\u00e1pidos e de alta qualidade em Lisboa, dispon\u00edveis 24 horas por dia.\",\"potentialAction\":[{\"@type\":\"SearchAction\",\"target\":{\"@type\":\"EntryPoint\",\"urlTemplate\":\"https:\\\/\\\/eletricistadelisboa.pt\\\/?s={search_term_string}\"},\"query-input\":{\"@type\":\"PropertyValueSpecification\",\"valueRequired\":true,\"valueName\":\"search_term_string\"}}],\"inLanguage\":\"en-US\"}]}<\/script>\n<!-- \/ Yoast SEO plugin. -->","yoast_head_json":{"title":"Electrician Benfica - Fast and Safe Same-Day Assistance","description":"Electrician in Benfica for electrical faults, short-circuits and lighting problems. Fast intervention. Call now.","robots":{"index":"index","follow":"follow","max-snippet":"max-snippet:-1","max-image-preview":"max-image-preview:large","max-video-preview":"max-video-preview:-1"},"canonical":"https:\/\/eletricistadelisboa.pt\/en\/electrician-benfica\/","og_locale":"en_US","og_type":"article","og_title":"Eletricista Benfica \u2013 Assist\u00eancia R\u00e1pida e Segura no Mesmo Dia","og_description":"Eletricista em Benfica para falhas el\u00e9tricas, curto-circuito e problemas de ilumina\u00e7\u00e3o. Interven\u00e7\u00e3o r\u00e1pida. Ligue j\u00e1.","og_url":"https:\/\/eletricistadelisboa.pt\/en\/electrician-benfica\/","og_site_name":"Eletricista de Lisboa","twitter_card":"summary_large_image","twitter_misc":{"Est. reading time":"1 minute"},"schema":{"@context":"https:\/\/schema.org","@graph":[{"@type":"WebPage","@id":"https:\/\/eletricistadelisboa.pt\/eletricista-benfica\/","url":"https:\/\/eletricistadelisboa.pt\/eletricista-benfica\/","name":"Electrician Benfica - Fast and Safe Same-Day Assistance","isPartOf":{"@id":"https:\/\/eletricistadelisboa.pt\/#website"},"datePublished":"2025-11-06T09:59:12+00:00","description":"Electrician in Benfica for electrical faults, short-circuits and lighting problems. Fast intervention. Call now.","breadcrumb":{"@id":"https:\/\/eletricistadelisboa.pt\/eletricista-benfica\/#breadcrumb"},"inLanguage":"en-US","potentialAction":[{"@type":"ReadAction","target":["https:\/\/eletricistadelisboa.pt\/eletricista-benfica\/"]}]},{"@type":"BreadcrumbList","@id":"https:\/\/eletricistadelisboa.pt\/eletricista-benfica\/#breadcrumb","itemListElement":[{"@type":"ListItem","position":1,"name":"In\u00edcio","item":"https:\/\/eletricistadelisboa.pt\/"},{"@type":"ListItem","position":2,"name":"Eletricista Benfica \u2013 Assist\u00eancia R\u00e1pida e Segura no Mesmo Dia"}]},{"@type":"WebSite","@id":"https:\/\/eletricistadelisboa.pt\/#website","url":"https:\/\/eletricistadelisboa.pt\/","name":"Eletricista de Lisboa","description":"Fast, high-quality electrical services in Lisbon, available 24 hours a day.","potentialAction":[{"@type":"SearchAction","target":{"@type":"EntryPoint","urlTemplate":"https:\/\/eletricistadelisboa.pt\/?s={search_term_string}"},"query-input":{"@type":"PropertyValueSpecification","valueRequired":true,"valueName":"search_term_string"}}],"inLanguage":"en-US"}]}},"_links":{"self":[{"href":"https:\/\/eletricistadelisboa.pt\/en\/wp-json\/wp\/v2\/pages\/3197","targetHints":{"allow":["GET"]}}],"collection":[{"href":"https:\/\/eletricistadelisboa.pt\/en\/wp-json\/wp\/v2\/pages"}],"about":[{"href":"https:\/\/eletricistadelisboa.pt\/en\/wp-json\/wp\/v2\/types\/page"}],"author":[{"embeddable":true,"href":"https:\/\/eletricistadelisboa.pt\/en\/wp-json\/wp\/v2\/users\/1"}],"replies":[{"embeddable":true,"href":"https:\/\/eletricistadelisboa.pt\/en\/wp-json\/wp\/v2\/comments?post=3197"}],"version-history":[{"count":1,"href":"https:\/\/eletricistadelisboa.pt\/en\/wp-json\/wp\/v2\/pages\/3197\/revisions"}],"predecessor-version":[{"id":3198,"href":"https:\/\/eletricistadelisboa.pt\/en\/wp-json\/wp\/v2\/pages\/3197\/revisions\/3198"}],"wp:attachment":[{"href":"https:\/\/eletricistadelisboa.pt\/en\/wp-json\/wp\/v2\/media?parent=3197"}],"curies":[{"name":"wp","href":"https:\/\/api.w.org\/{rel}","templated":true}]}}