{"id":3178,"date":"2025-11-05T14:49:59","date_gmt":"2025-11-05T14:49:59","guid":{"rendered":"https:\/\/eletricistadelisboa.pt\/?page_id=3178"},"modified":"2025-11-05T14:49:59","modified_gmt":"2025-11-05T14:49:59","slug":"lighting-lisbon","status":"publish","type":"page","link":"https:\/\/eletricistadelisboa.pt\/en\/lighting-lisbon\/","title":{"rendered":"Lighting Lisbon - Fast and Safe Electrical Intervention"},"content":{"rendered":"<p>We solve <strong>lighting in Lisbon<\/strong> quickly and safely. Lights that flicker, bulbs that burn out frequently, circuits with no power or spotlights that stop working - we'll come to the scene and sort it out.<\/p>\n<p>If the lighting in your home or business has failed, don't try to improvise. Electrical problems can cause short circuits or overheating. We intervene on the same day when possible.<\/p>\n<h2>Quick lighting services<\/h2>\n<ul>\n<li>Repair of recessed spotlights and LED lights;<\/li>\n<li>Fix loose connections and poor contact;<\/li>\n<li>Replacement of switches and dimmers;<\/li>\n<li>Repair of lighting circuits in the electrical panel;<\/li>\n<li>Installation or improvement of lighting in kitchens, living rooms and staircases.<\/li>\n<\/ul>\n<p>We intervene throughout the city. No complications, no delays.<\/p>\n<p>If you need a <a href=\"https:\/\/eletricistadelisboa.pt\/en\/\" title=\"Eletricista de Lisboa\">Eletricista de Lisboa<\/a> to solve a lighting problem now, contact us.<\/p>\n<hr>\n<p style=\"text-align:center; font-size:1.2em;\">\n\u26a1 Light failure? Lighting problems?<br \/>\n<strong>Call us now. We'll come to you.<\/strong><\/p>","protected":false},"excerpt":{"rendered":"<p>Resolvemos problemas de ilumina\u00e7\u00e3o em Lisboa de forma r\u00e1pida e segura. Luzes que piscam, l\u00e2mpadas a queimar com frequ\u00eancia, circuitos sem energia ou focos que deixam de funcionar \u2014 vamos at\u00e9 ao local e resolvemos. Se a ilumina\u00e7\u00e3o da sua casa ou neg\u00f3cio falhou, n\u00e3o tente improvisar. Problemas el\u00e9tricos podem causar curto-circuito ou sobreaquecimento. Intervimos [&hellip;]<\/p>\n","protected":false},"author":1,"featured_media":0,"parent":0,"menu_order":0,"comment_status":"closed","ping_status":"closed","template":"","meta":{"iawp_total_views":22,"footnotes":""},"class_list":["post-3178","page","type-page","status-publish","hentry"],"yoast_head":"<!-- This site is optimized with the Yoast SEO plugin v27.5 - https:\/\/yoast.com\/product\/yoast-seo-wordpress\/ -->\n<title>Ilumina\u00e7\u00e3o Lisboa \u2013 Interven\u00e7\u00e3o El\u00e9trica R\u00e1pida e Segura<\/title>\n<meta name=\"description\" content=\"Luzes a piscar, focos sem funcionar ou ilumina\u00e7\u00e3o fraca? T\u00e9cnico em Lisboa com interven\u00e7\u00e3o imediata. Resolvo no mesmo dia. Ligue agora.\" \/>\n<meta name=\"robots\" content=\"index, follow, max-snippet:-1, max-image-preview:large, max-video-preview:-1\" \/>\n<link rel=\"canonical\" href=\"https:\/\/eletricistadelisboa.pt\/en\/lighting-lisbon\/\" \/>\n<meta property=\"og:locale\" content=\"en_US\" \/>\n<meta property=\"og:type\" content=\"article\" \/>\n<meta property=\"og:title\" content=\"Ilumina\u00e7\u00e3o Lisboa \u2013 Interven\u00e7\u00e3o El\u00e9trica R\u00e1pida e Segura\" \/>\n<meta property=\"og:description\" content=\"Luzes a piscar, focos sem funcionar ou ilumina\u00e7\u00e3o fraca? T\u00e9cnico em Lisboa com interven\u00e7\u00e3o imediata. Resolvo no mesmo dia. Ligue agora.\" \/>\n<meta property=\"og:url\" content=\"https:\/\/eletricistadelisboa.pt\/en\/lighting-lisbon\/\" \/>\n<meta property=\"og:site_name\" content=\"Eletricista de Lisboa\" \/>\n<meta name=\"twitter:card\" content=\"summary_large_image\" \/>\n<meta name=\"twitter:label1\" content=\"Est. reading time\" \/>\n\t<meta name=\"twitter:data1\" content=\"1 minute\" \/>\n<script type=\"application\/ld+json\" class=\"yoast-schema-graph\">{\"@context\":\"https:\\\/\\\/schema.org\",\"@graph\":[{\"@type\":\"WebPage\",\"@id\":\"https:\\\/\\\/eletricistadelisboa.pt\\\/iluminacao-lisboa\\\/\",\"url\":\"https:\\\/\\\/eletricistadelisboa.pt\\\/iluminacao-lisboa\\\/\",\"name\":\"Ilumina\u00e7\u00e3o Lisboa \u2013 Interven\u00e7\u00e3o El\u00e9trica R\u00e1pida e Segura\",\"isPartOf\":{\"@id\":\"https:\\\/\\\/eletricistadelisboa.pt\\\/#website\"},\"datePublished\":\"2025-11-05T14:49:59+00:00\",\"description\":\"Luzes a piscar, focos sem funcionar ou ilumina\u00e7\u00e3o fraca? T\u00e9cnico em Lisboa com interven\u00e7\u00e3o imediata. Resolvo no mesmo dia. Ligue agora.\",\"breadcrumb\":{\"@id\":\"https:\\\/\\\/eletricistadelisboa.pt\\\/iluminacao-lisboa\\\/#breadcrumb\"},\"inLanguage\":\"en-US\",\"potentialAction\":[{\"@type\":\"ReadAction\",\"target\":[\"https:\\\/\\\/eletricistadelisboa.pt\\\/iluminacao-lisboa\\\/\"]}]},{\"@type\":\"BreadcrumbList\",\"@id\":\"https:\\\/\\\/eletricistadelisboa.pt\\\/iluminacao-lisboa\\\/#breadcrumb\",\"itemListElement\":[{\"@type\":\"ListItem\",\"position\":1,\"name\":\"In\u00edcio\",\"item\":\"https:\\\/\\\/eletricistadelisboa.pt\\\/\"},{\"@type\":\"ListItem\",\"position\":2,\"name\":\"Ilumina\u00e7\u00e3o Lisboa \u2013 Interven\u00e7\u00e3o El\u00e9trica R\u00e1pida e Segura\"}]},{\"@type\":\"WebSite\",\"@id\":\"https:\\\/\\\/eletricistadelisboa.pt\\\/#website\",\"url\":\"https:\\\/\\\/eletricistadelisboa.pt\\\/\",\"name\":\"Eletricista de Lisboa\",\"description\":\"Servi\u00e7os el\u00e9tricos r\u00e1pidos e de alta qualidade em Lisboa, dispon\u00edveis 24 horas por dia.\",\"potentialAction\":[{\"@type\":\"SearchAction\",\"target\":{\"@type\":\"EntryPoint\",\"urlTemplate\":\"https:\\\/\\\/eletricistadelisboa.pt\\\/?s={search_term_string}\"},\"query-input\":{\"@type\":\"PropertyValueSpecification\",\"valueRequired\":true,\"valueName\":\"search_term_string\"}}],\"inLanguage\":\"en-US\"}]}<\/script>\n<!-- \/ Yoast SEO plugin. -->","yoast_head_json":{"title":"Lighting Lisbon - Fast and Safe Electrical Intervention","description":"Lights flickering, spotlights not working or poor lighting? Technician in Lisbon with immediate intervention. I fix it the same day. Call now.","robots":{"index":"index","follow":"follow","max-snippet":"max-snippet:-1","max-image-preview":"max-image-preview:large","max-video-preview":"max-video-preview:-1"},"canonical":"https:\/\/eletricistadelisboa.pt\/en\/lighting-lisbon\/","og_locale":"en_US","og_type":"article","og_title":"Ilumina\u00e7\u00e3o Lisboa \u2013 Interven\u00e7\u00e3o El\u00e9trica R\u00e1pida e Segura","og_description":"Luzes a piscar, focos sem funcionar ou ilumina\u00e7\u00e3o fraca? T\u00e9cnico em Lisboa com interven\u00e7\u00e3o imediata. Resolvo no mesmo dia. Ligue agora.","og_url":"https:\/\/eletricistadelisboa.pt\/en\/lighting-lisbon\/","og_site_name":"Eletricista de Lisboa","twitter_card":"summary_large_image","twitter_misc":{"Est. reading time":"1 minute"},"schema":{"@context":"https:\/\/schema.org","@graph":[{"@type":"WebPage","@id":"https:\/\/eletricistadelisboa.pt\/iluminacao-lisboa\/","url":"https:\/\/eletricistadelisboa.pt\/iluminacao-lisboa\/","name":"Lighting Lisbon - Fast and Safe Electrical Intervention","isPartOf":{"@id":"https:\/\/eletricistadelisboa.pt\/#website"},"datePublished":"2025-11-05T14:49:59+00:00","description":"Lights flickering, spotlights not working or poor lighting? Technician in Lisbon with immediate intervention. I fix it the same day. Call now.","breadcrumb":{"@id":"https:\/\/eletricistadelisboa.pt\/iluminacao-lisboa\/#breadcrumb"},"inLanguage":"en-US","potentialAction":[{"@type":"ReadAction","target":["https:\/\/eletricistadelisboa.pt\/iluminacao-lisboa\/"]}]},{"@type":"BreadcrumbList","@id":"https:\/\/eletricistadelisboa.pt\/iluminacao-lisboa\/#breadcrumb","itemListElement":[{"@type":"ListItem","position":1,"name":"In\u00edcio","item":"https:\/\/eletricistadelisboa.pt\/"},{"@type":"ListItem","position":2,"name":"Ilumina\u00e7\u00e3o Lisboa \u2013 Interven\u00e7\u00e3o El\u00e9trica R\u00e1pida e Segura"}]},{"@type":"WebSite","@id":"https:\/\/eletricistadelisboa.pt\/#website","url":"https:\/\/eletricistadelisboa.pt\/","name":"Eletricista de Lisboa","description":"Fast, high-quality electrical services in Lisbon, available 24 hours a day.","potentialAction":[{"@type":"SearchAction","target":{"@type":"EntryPoint","urlTemplate":"https:\/\/eletricistadelisboa.pt\/?s={search_term_string}"},"query-input":{"@type":"PropertyValueSpecification","valueRequired":true,"valueName":"search_term_string"}}],"inLanguage":"en-US"}]}},"_links":{"self":[{"href":"https:\/\/eletricistadelisboa.pt\/en\/wp-json\/wp\/v2\/pages\/3178","targetHints":{"allow":["GET"]}}],"collection":[{"href":"https:\/\/eletricistadelisboa.pt\/en\/wp-json\/wp\/v2\/pages"}],"about":[{"href":"https:\/\/eletricistadelisboa.pt\/en\/wp-json\/wp\/v2\/types\/page"}],"author":[{"embeddable":true,"href":"https:\/\/eletricistadelisboa.pt\/en\/wp-json\/wp\/v2\/users\/1"}],"replies":[{"embeddable":true,"href":"https:\/\/eletricistadelisboa.pt\/en\/wp-json\/wp\/v2\/comments?post=3178"}],"version-history":[{"count":1,"href":"https:\/\/eletricistadelisboa.pt\/en\/wp-json\/wp\/v2\/pages\/3178\/revisions"}],"predecessor-version":[{"id":3179,"href":"https:\/\/eletricistadelisboa.pt\/en\/wp-json\/wp\/v2\/pages\/3178\/revisions\/3179"}],"wp:attachment":[{"href":"https:\/\/eletricistadelisboa.pt\/en\/wp-json\/wp\/v2\/media?parent=3178"}],"curies":[{"name":"wp","href":"https:\/\/api.w.org\/{rel}","templated":true}]}}