{"id":3119,"date":"2025-10-07T09:09:25","date_gmt":"2025-10-07T09:09:25","guid":{"rendered":"https:\/\/eletricistadelisboa.pt\/?page_id=3119"},"modified":"2025-10-07T09:12:03","modified_gmt":"2025-10-07T09:12:03","slug":"photos","status":"publish","type":"page","link":"https:\/\/eletricistadelisboa.pt\/en\/photos\/","title":{"rendered":"Photos"},"content":{"rendered":"<div data-elementor-type=\"wp-page\" data-elementor-id=\"3119\" class=\"elementor elementor-3119\">\n\t\t\t\t<div class=\"elementor-element elementor-element-82be418 e-flex e-con-boxed e-con e-parent\" data-id=\"82be418\" data-element_type=\"container\" data-e-type=\"container\">\n\t\t\t\t\t<div class=\"e-con-inner\">\n\t\t\t\t<div class=\"elementor-element elementor-element-241539b elementor-widget elementor-widget-image-gallery\" data-id=\"241539b\" data-element_type=\"widget\" data-e-type=\"widget\" data-widget_type=\"image-gallery.default\">\n\t\t\t\t<div class=\"elementor-widget-container\">\n\t\t\t\t\t\t\t<div class=\"elementor-image-gallery\">\n\t\t\t<div id='gallery-1' class='gallery galleryid-3119 gallery-columns-4 gallery-size-thumbnail'><figure class='gallery-item'>\n\t\t\t<div class='gallery-icon portrait'>\n\t\t\t\t<a data-elementor-open-lightbox=\"no\" href='https:\/\/eletricistadelisboa.pt\/wp-content\/uploads\/2025\/10\/curto-circuito-no-quadro-eletrico.jpeg'><img decoding=\"async\" width=\"150\" height=\"150\" src=\"https:\/\/eletricistadelisboa.pt\/wp-content\/uploads\/2025\/10\/curto-circuito-no-quadro-eletrico-150x150.jpeg\" class=\"attachment-thumbnail size-thumbnail\" alt=\"\" \/><\/a>\n\t\t\t<\/div><\/figure><figure class='gallery-item'>\n\t\t\t<div class='gallery-icon portrait'>\n\t\t\t\t<a data-elementor-open-lightbox=\"no\" href='https:\/\/eletricistadelisboa.pt\/wp-content\/uploads\/2025\/10\/eletricista-obra.jpeg'><img decoding=\"async\" width=\"150\" height=\"150\" src=\"https:\/\/eletricistadelisboa.pt\/wp-content\/uploads\/2025\/10\/eletricista-obra-150x150.jpeg\" class=\"attachment-thumbnail size-thumbnail\" alt=\"\" \/><\/a>\n\t\t\t<\/div><\/figure><figure class='gallery-item'>\n\t\t\t<div class='gallery-icon portrait'>\n\t\t\t\t<a data-elementor-open-lightbox=\"no\" href='https:\/\/eletricistadelisboa.pt\/wp-content\/uploads\/2025\/10\/final-parte-eletrica.jpeg'><img decoding=\"async\" width=\"150\" height=\"150\" src=\"https:\/\/eletricistadelisboa.pt\/wp-content\/uploads\/2025\/10\/final-parte-eletrica-150x150.jpeg\" class=\"attachment-thumbnail size-thumbnail\" alt=\"\" \/><\/a>\n\t\t\t<\/div><\/figure><figure class='gallery-item'>\n\t\t\t<div class='gallery-icon portrait'>\n\t\t\t\t<a data-elementor-open-lightbox=\"no\" href='https:\/\/eletricistadelisboa.pt\/wp-content\/uploads\/2025\/10\/Identificacao-e-correcao-de-outro-circuito-com-defeito.jpeg'><img loading=\"lazy\" decoding=\"async\" width=\"150\" height=\"150\" src=\"https:\/\/eletricistadelisboa.pt\/wp-content\/uploads\/2025\/10\/Identificacao-e-correcao-de-outro-circuito-com-defeito-150x150.jpeg\" class=\"attachment-thumbnail size-thumbnail\" alt=\"\" \/><\/a>\n\t\t\t<\/div><\/figure><figure class='gallery-item'>\n\t\t\t<div class='gallery-icon portrait'>\n\t\t\t\t<a data-elementor-open-lightbox=\"no\" href='https:\/\/eletricistadelisboa.pt\/wp-content\/uploads\/2025\/10\/Iluminacao-Plafond.jpeg'><img loading=\"lazy\" decoding=\"async\" width=\"150\" height=\"150\" src=\"https:\/\/eletricistadelisboa.pt\/wp-content\/uploads\/2025\/10\/Iluminacao-Plafond-150x150.jpeg\" class=\"attachment-thumbnail size-thumbnail\" alt=\"\" \/><\/a>\n\t\t\t<\/div><\/figure><figure class='gallery-item'>\n\t\t\t<div class='gallery-icon portrait'>\n\t\t\t\t<a data-elementor-open-lightbox=\"no\" href='https:\/\/eletricistadelisboa.pt\/wp-content\/uploads\/2025\/10\/instalacao-lampada-scaled.jpg'><img loading=\"lazy\" decoding=\"async\" width=\"150\" height=\"150\" src=\"https:\/\/eletricistadelisboa.pt\/wp-content\/uploads\/2025\/10\/instalacao-lampada-150x150.jpg\" class=\"attachment-thumbnail size-thumbnail\" alt=\"\" \/><\/a>\n\t\t\t<\/div><\/figure><figure class='gallery-item'>\n\t\t\t<div class='gallery-icon portrait'>\n\t\t\t\t<a data-elementor-open-lightbox=\"no\" href='https:\/\/eletricistadelisboa.pt\/wp-content\/uploads\/2025\/10\/instalacao-luz.jpeg'><img loading=\"lazy\" decoding=\"async\" width=\"150\" height=\"150\" src=\"https:\/\/eletricistadelisboa.pt\/wp-content\/uploads\/2025\/10\/instalacao-luz-150x150.jpeg\" class=\"attachment-thumbnail size-thumbnail\" alt=\"\" \/><\/a>\n\t\t\t<\/div><\/figure><figure class='gallery-item'>\n\t\t\t<div class='gallery-icon portrait'>\n\t\t\t\t<a data-elementor-open-lightbox=\"no\" href='https:\/\/eletricistadelisboa.pt\/wp-content\/uploads\/2025\/10\/lampada-scaled.jpg'><img loading=\"lazy\" decoding=\"async\" width=\"150\" height=\"150\" src=\"https:\/\/eletricistadelisboa.pt\/wp-content\/uploads\/2025\/10\/lampada-150x150.jpg\" class=\"attachment-thumbnail size-thumbnail\" alt=\"\" \/><\/a>\n\t\t\t<\/div><\/figure><figure class='gallery-item'>\n\t\t\t<div class='gallery-icon portrait'>\n\t\t\t\t<a data-elementor-open-lightbox=\"no\" href='https:\/\/eletricistadelisboa.pt\/wp-content\/uploads\/2025\/10\/Quadro-eletrico-de-bomba-d-agua-a-reparar-scaled.jpeg'><img loading=\"lazy\" decoding=\"async\" width=\"150\" height=\"150\" src=\"https:\/\/eletricistadelisboa.pt\/wp-content\/uploads\/2025\/10\/Quadro-eletrico-de-bomba-d-agua-a-reparar-150x150.jpeg\" class=\"attachment-thumbnail size-thumbnail\" alt=\"\" \/><\/a>\n\t\t\t<\/div><\/figure><figure class='gallery-item'>\n\t\t\t<div class='gallery-icon portrait'>\n\t\t\t\t<a data-elementor-open-lightbox=\"no\" href='https:\/\/eletricistadelisboa.pt\/wp-content\/uploads\/2025\/10\/Quadro-eletrico-de-bomba-d-agua-scaled.jpeg'><img loading=\"lazy\" decoding=\"async\" width=\"150\" height=\"150\" src=\"https:\/\/eletricistadelisboa.pt\/wp-content\/uploads\/2025\/10\/Quadro-eletrico-de-bomba-d-agua-150x150.jpeg\" class=\"attachment-thumbnail size-thumbnail\" alt=\"\" \/><\/a>\n\t\t\t<\/div><\/figure><figure class='gallery-item'>\n\t\t\t<div class='gallery-icon portrait'>\n\t\t\t\t<a data-elementor-open-lightbox=\"no\" href='https:\/\/eletricistadelisboa.pt\/wp-content\/uploads\/2025\/10\/quadro-eletrico-problema-eletricista-scaled.jpg'><img loading=\"lazy\" decoding=\"async\" width=\"150\" height=\"150\" src=\"https:\/\/eletricistadelisboa.pt\/wp-content\/uploads\/2025\/10\/quadro-eletrico-problema-eletricista-150x150.jpg\" class=\"attachment-thumbnail size-thumbnail\" alt=\"\" \/><\/a>\n\t\t\t<\/div><\/figure><figure class='gallery-item'>\n\t\t\t<div class='gallery-icon portrait'>\n\t\t\t\t<a data-elementor-open-lightbox=\"no\" href='https:\/\/eletricistadelisboa.pt\/wp-content\/uploads\/2025\/10\/Substitucao-do-quadro-eletrico-antes-scaled.jpeg'><img loading=\"lazy\" decoding=\"async\" width=\"150\" height=\"150\" src=\"https:\/\/eletricistadelisboa.pt\/wp-content\/uploads\/2025\/10\/Substitucao-do-quadro-eletrico-antes-150x150.jpeg\" class=\"attachment-thumbnail size-thumbnail\" alt=\"\" \/><\/a>\n\t\t\t<\/div><\/figure><figure class='gallery-item'>\n\t\t\t<div class='gallery-icon portrait'>\n\t\t\t\t<a data-elementor-open-lightbox=\"no\" href='https:\/\/eletricistadelisboa.pt\/wp-content\/uploads\/2025\/10\/Substitucao-do-quadro-eletrico-depois-scaled.jpeg'><img loading=\"lazy\" decoding=\"async\" width=\"150\" height=\"150\" src=\"https:\/\/eletricistadelisboa.pt\/wp-content\/uploads\/2025\/10\/Substitucao-do-quadro-eletrico-depois-150x150.jpeg\" class=\"attachment-thumbnail size-thumbnail\" alt=\"\" \/><\/a>\n\t\t\t<\/div><\/figure><figure class='gallery-item'>\n\t\t\t<div class='gallery-icon portrait'>\n\t\t\t\t<a data-elementor-open-lightbox=\"no\" href='https:\/\/eletricistadelisboa.pt\/wp-content\/uploads\/2025\/10\/Substitucao-do-quadro-eletrico-obra-scaled.jpeg'><img loading=\"lazy\" decoding=\"async\" width=\"150\" height=\"150\" src=\"https:\/\/eletricistadelisboa.pt\/wp-content\/uploads\/2025\/10\/Substitucao-do-quadro-eletrico-obra-150x150.jpeg\" class=\"attachment-thumbnail size-thumbnail\" alt=\"\" \/><\/a>\n\t\t\t<\/div><\/figure><figure class='gallery-item'>\n\t\t\t<div class='gallery-icon portrait'>\n\t\t\t\t<a data-elementor-open-lightbox=\"no\" href='https:\/\/eletricistadelisboa.pt\/wp-content\/uploads\/2025\/10\/substituicao-de-disjuntor-general-do-circuito-do-gas.jpeg'><img loading=\"lazy\" decoding=\"async\" width=\"150\" height=\"150\" src=\"https:\/\/eletricistadelisboa.pt\/wp-content\/uploads\/2025\/10\/substituicao-de-disjuntor-general-do-circuito-do-gas-150x150.jpeg\" class=\"attachment-thumbnail size-thumbnail\" alt=\"\" \/><\/a>\n\t\t\t<\/div><\/figure><figure class='gallery-item'>\n\t\t\t<div class='gallery-icon landscape'>\n\t\t\t\t<a data-elementor-open-lightbox=\"no\" href='https:\/\/eletricistadelisboa.pt\/wp-content\/uploads\/2025\/10\/Substituicao-de-Luminaria.jpeg'><img loading=\"lazy\" decoding=\"async\" width=\"150\" height=\"150\" src=\"https:\/\/eletricistadelisboa.pt\/wp-content\/uploads\/2025\/10\/Substituicao-de-Luminaria-150x150.jpeg\" class=\"attachment-thumbnail size-thumbnail\" alt=\"\" \/><\/a>\n\t\t\t<\/div><\/figure><figure class='gallery-item'>\n\t\t\t<div class='gallery-icon portrait'>\n\t\t\t\t<a data-elementor-open-lightbox=\"no\" href='https:\/\/eletricistadelisboa.pt\/wp-content\/uploads\/2025\/10\/substituido-a-peca-completa.jpeg'><img loading=\"lazy\" decoding=\"async\" width=\"150\" height=\"150\" src=\"https:\/\/eletricistadelisboa.pt\/wp-content\/uploads\/2025\/10\/substituido-a-peca-completa-150x150.jpeg\" class=\"attachment-thumbnail size-thumbnail\" alt=\"\" \/><\/a>\n\t\t\t<\/div><\/figure><figure class='gallery-item'>\n\t\t\t<div class='gallery-icon portrait'>\n\t\t\t\t<a data-elementor-open-lightbox=\"no\" href='https:\/\/eletricistadelisboa.pt\/wp-content\/uploads\/2025\/10\/tomadas-eletricista-lisboa-scaled.jpg'><img loading=\"lazy\" decoding=\"async\" width=\"150\" height=\"150\" src=\"https:\/\/eletricistadelisboa.pt\/wp-content\/uploads\/2025\/10\/tomadas-eletricista-lisboa-150x150.jpg\" class=\"attachment-thumbnail size-thumbnail\" alt=\"\" \/><\/a>\n\t\t\t<\/div><\/figure><figure class='gallery-item'>\n\t\t\t<div class='gallery-icon landscape'>\n\t\t\t\t<a data-elementor-open-lightbox=\"no\" href='https:\/\/eletricistadelisboa.pt\/wp-content\/uploads\/2025\/10\/trabalho-eletricidade-concluido.jpeg'><img loading=\"lazy\" decoding=\"async\" width=\"150\" height=\"150\" src=\"https:\/\/eletricistadelisboa.pt\/wp-content\/uploads\/2025\/10\/trabalho-eletricidade-concluido-150x150.jpeg\" class=\"attachment-thumbnail size-thumbnail\" alt=\"\" \/><\/a>\n\t\t\t<\/div><\/figure><figure class='gallery-item'>\n\t\t\t<div class='gallery-icon portrait'>\n\t\t\t\t<a data-elementor-open-lightbox=\"no\" href='https:\/\/eletricistadelisboa.pt\/wp-content\/uploads\/2025\/10\/trabalho-eletricidade-escritorio.jpeg'><img loading=\"lazy\" decoding=\"async\" width=\"150\" height=\"150\" src=\"https:\/\/eletricistadelisboa.pt\/wp-content\/uploads\/2025\/10\/trabalho-eletricidade-escritorio-150x150.jpeg\" class=\"attachment-thumbnail size-thumbnail\" alt=\"\" \/><\/a>\n\t\t\t<\/div><\/figure><figure class='gallery-item'>\n\t\t\t<div class='gallery-icon portrait'>\n\t\t\t\t<a data-elementor-open-lightbox=\"no\" href='https:\/\/eletricistadelisboa.pt\/wp-content\/uploads\/2025\/10\/trabalho-eletricidade.jpeg'><img loading=\"lazy\" decoding=\"async\" width=\"150\" height=\"150\" src=\"https:\/\/eletricistadelisboa.pt\/wp-content\/uploads\/2025\/10\/trabalho-eletricidade-150x150.jpeg\" class=\"attachment-thumbnail size-thumbnail\" alt=\"\" \/><\/a>\n\t\t\t<\/div><\/figure>\n\t\t<\/div>\n\t\t<\/div>\n\t\t\t\t\t\t<\/div>\n\t\t\t\t<\/div>\n\t\t\t\t\t<\/div>\n\t\t\t\t<\/div>\n\t\t\t\t<\/div>","protected":false},"excerpt":{"rendered":"","protected":false},"author":1,"featured_media":0,"parent":0,"menu_order":0,"comment_status":"closed","ping_status":"closed","template":"","meta":{"iawp_total_views":131,"footnotes":""},"class_list":["post-3119","page","type-page","status-publish","hentry"],"yoast_head":"<!-- This site is optimized with the Yoast SEO plugin v27.5 - https:\/\/yoast.com\/product\/yoast-seo-wordpress\/ -->\n<title>Fotos<\/title>\n<meta name=\"robots\" content=\"index, follow, max-snippet:-1, max-image-preview:large, max-video-preview:-1\" \/>\n<link rel=\"canonical\" href=\"https:\/\/eletricistadelisboa.pt\/en\/photos\/\" \/>\n<meta property=\"og:locale\" content=\"en_US\" \/>\n<meta property=\"og:type\" content=\"article\" \/>\n<meta property=\"og:title\" content=\"Fotos\" \/>\n<meta property=\"og:url\" content=\"https:\/\/eletricistadelisboa.pt\/en\/photos\/\" \/>\n<meta property=\"og:site_name\" content=\"Eletricista de Lisboa\" \/>\n<meta property=\"article:modified_time\" content=\"2025-10-07T09:12:03+00:00\" \/>\n<meta property=\"og:image\" content=\"https:\/\/eletricistadelisboa.pt\/wp-content\/uploads\/2025\/10\/curto-circuito-no-quadro-eletrico-150x150.jpeg\" \/>\n<meta name=\"twitter:card\" content=\"summary_large_image\" \/>\n<meta name=\"twitter:label1\" content=\"Est. reading time\" \/>\n\t<meta name=\"twitter:data1\" content=\"5 minutes\" \/>\n<script type=\"application\/ld+json\" class=\"yoast-schema-graph\">{\"@context\":\"https:\\\/\\\/schema.org\",\"@graph\":[{\"@type\":\"WebPage\",\"@id\":\"https:\\\/\\\/eletricistadelisboa.pt\\\/fotos\\\/\",\"url\":\"https:\\\/\\\/eletricistadelisboa.pt\\\/fotos\\\/\",\"name\":\"Fotos\",\"isPartOf\":{\"@id\":\"https:\\\/\\\/eletricistadelisboa.pt\\\/#website\"},\"primaryImageOfPage\":{\"@id\":\"https:\\\/\\\/eletricistadelisboa.pt\\\/fotos\\\/#primaryimage\"},\"image\":{\"@id\":\"https:\\\/\\\/eletricistadelisboa.pt\\\/fotos\\\/#primaryimage\"},\"thumbnailUrl\":\"https:\\\/\\\/eletricistadelisboa.pt\\\/wp-content\\\/uploads\\\/2025\\\/10\\\/curto-circuito-no-quadro-eletrico-150x150.jpeg\",\"datePublished\":\"2025-10-07T09:09:25+00:00\",\"dateModified\":\"2025-10-07T09:12:03+00:00\",\"breadcrumb\":{\"@id\":\"https:\\\/\\\/eletricistadelisboa.pt\\\/fotos\\\/#breadcrumb\"},\"inLanguage\":\"en-US\",\"potentialAction\":[{\"@type\":\"ReadAction\",\"target\":[\"https:\\\/\\\/eletricistadelisboa.pt\\\/fotos\\\/\"]}]},{\"@type\":\"ImageObject\",\"inLanguage\":\"en-US\",\"@id\":\"https:\\\/\\\/eletricistadelisboa.pt\\\/fotos\\\/#primaryimage\",\"url\":\"https:\\\/\\\/eletricistadelisboa.pt\\\/wp-content\\\/uploads\\\/2025\\\/10\\\/curto-circuito-no-quadro-eletrico-150x150.jpeg\",\"contentUrl\":\"https:\\\/\\\/eletricistadelisboa.pt\\\/wp-content\\\/uploads\\\/2025\\\/10\\\/curto-circuito-no-quadro-eletrico-150x150.jpeg\"},{\"@type\":\"BreadcrumbList\",\"@id\":\"https:\\\/\\\/eletricistadelisboa.pt\\\/fotos\\\/#breadcrumb\",\"itemListElement\":[{\"@type\":\"ListItem\",\"position\":1,\"name\":\"In\u00edcio\",\"item\":\"https:\\\/\\\/eletricistadelisboa.pt\\\/\"},{\"@type\":\"ListItem\",\"position\":2,\"name\":\"Fotos\"}]},{\"@type\":\"WebSite\",\"@id\":\"https:\\\/\\\/eletricistadelisboa.pt\\\/#website\",\"url\":\"https:\\\/\\\/eletricistadelisboa.pt\\\/\",\"name\":\"Eletricista de Lisboa\",\"description\":\"Servi\u00e7os el\u00e9tricos r\u00e1pidos e de alta qualidade em Lisboa, dispon\u00edveis 24 horas por dia.\",\"potentialAction\":[{\"@type\":\"SearchAction\",\"target\":{\"@type\":\"EntryPoint\",\"urlTemplate\":\"https:\\\/\\\/eletricistadelisboa.pt\\\/?s={search_term_string}\"},\"query-input\":{\"@type\":\"PropertyValueSpecification\",\"valueRequired\":true,\"valueName\":\"search_term_string\"}}],\"inLanguage\":\"en-US\"}]}<\/script>\n<!-- \/ Yoast SEO plugin. -->","yoast_head_json":{"title":"Photos","robots":{"index":"index","follow":"follow","max-snippet":"max-snippet:-1","max-image-preview":"max-image-preview:large","max-video-preview":"max-video-preview:-1"},"canonical":"https:\/\/eletricistadelisboa.pt\/en\/photos\/","og_locale":"en_US","og_type":"article","og_title":"Fotos","og_url":"https:\/\/eletricistadelisboa.pt\/en\/photos\/","og_site_name":"Eletricista de Lisboa","article_modified_time":"2025-10-07T09:12:03+00:00","og_image":[{"url":"https:\/\/eletricistadelisboa.pt\/wp-content\/uploads\/2025\/10\/curto-circuito-no-quadro-eletrico-150x150.jpeg","type":"","width":"","height":""}],"twitter_card":"summary_large_image","twitter_misc":{"Est. reading time":"5 minutes"},"schema":{"@context":"https:\/\/schema.org","@graph":[{"@type":"WebPage","@id":"https:\/\/eletricistadelisboa.pt\/fotos\/","url":"https:\/\/eletricistadelisboa.pt\/fotos\/","name":"Photos","isPartOf":{"@id":"https:\/\/eletricistadelisboa.pt\/#website"},"primaryImageOfPage":{"@id":"https:\/\/eletricistadelisboa.pt\/fotos\/#primaryimage"},"image":{"@id":"https:\/\/eletricistadelisboa.pt\/fotos\/#primaryimage"},"thumbnailUrl":"https:\/\/eletricistadelisboa.pt\/wp-content\/uploads\/2025\/10\/curto-circuito-no-quadro-eletrico-150x150.jpeg","datePublished":"2025-10-07T09:09:25+00:00","dateModified":"2025-10-07T09:12:03+00:00","breadcrumb":{"@id":"https:\/\/eletricistadelisboa.pt\/fotos\/#breadcrumb"},"inLanguage":"en-US","potentialAction":[{"@type":"ReadAction","target":["https:\/\/eletricistadelisboa.pt\/fotos\/"]}]},{"@type":"ImageObject","inLanguage":"en-US","@id":"https:\/\/eletricistadelisboa.pt\/fotos\/#primaryimage","url":"https:\/\/eletricistadelisboa.pt\/wp-content\/uploads\/2025\/10\/curto-circuito-no-quadro-eletrico-150x150.jpeg","contentUrl":"https:\/\/eletricistadelisboa.pt\/wp-content\/uploads\/2025\/10\/curto-circuito-no-quadro-eletrico-150x150.jpeg"},{"@type":"BreadcrumbList","@id":"https:\/\/eletricistadelisboa.pt\/fotos\/#breadcrumb","itemListElement":[{"@type":"ListItem","position":1,"name":"In\u00edcio","item":"https:\/\/eletricistadelisboa.pt\/"},{"@type":"ListItem","position":2,"name":"Fotos"}]},{"@type":"WebSite","@id":"https:\/\/eletricistadelisboa.pt\/#website","url":"https:\/\/eletricistadelisboa.pt\/","name":"Eletricista de Lisboa","description":"Fast, high-quality electrical services in Lisbon, available 24 hours a day.","potentialAction":[{"@type":"SearchAction","target":{"@type":"EntryPoint","urlTemplate":"https:\/\/eletricistadelisboa.pt\/?s={search_term_string}"},"query-input":{"@type":"PropertyValueSpecification","valueRequired":true,"valueName":"search_term_string"}}],"inLanguage":"en-US"}]}},"_links":{"self":[{"href":"https:\/\/eletricistadelisboa.pt\/en\/wp-json\/wp\/v2\/pages\/3119","targetHints":{"allow":["GET"]}}],"collection":[{"href":"https:\/\/eletricistadelisboa.pt\/en\/wp-json\/wp\/v2\/pages"}],"about":[{"href":"https:\/\/eletricistadelisboa.pt\/en\/wp-json\/wp\/v2\/types\/page"}],"author":[{"embeddable":true,"href":"https:\/\/eletricistadelisboa.pt\/en\/wp-json\/wp\/v2\/users\/1"}],"replies":[{"embeddable":true,"href":"https:\/\/eletricistadelisboa.pt\/en\/wp-json\/wp\/v2\/comments?post=3119"}],"version-history":[{"count":5,"href":"https:\/\/eletricistadelisboa.pt\/en\/wp-json\/wp\/v2\/pages\/3119\/revisions"}],"predecessor-version":[{"id":3147,"href":"https:\/\/eletricistadelisboa.pt\/en\/wp-json\/wp\/v2\/pages\/3119\/revisions\/3147"}],"wp:attachment":[{"href":"https:\/\/eletricistadelisboa.pt\/en\/wp-json\/wp\/v2\/media?parent=3119"}],"curies":[{"name":"wp","href":"https:\/\/api.w.org\/{rel}","templated":true}]}}