{"id":3106,"date":"2025-02-07T14:49:25","date_gmt":"2025-02-07T14:49:25","guid":{"rendered":"https:\/\/eletricistadelisboa.pt\/?page_id=3106"},"modified":"2025-02-07T14:49:25","modified_gmt":"2025-02-07T14:49:25","slug":"legal-mentions","status":"publish","type":"page","link":"https:\/\/eletricistadelisboa.pt\/en\/legal-mentions\/","title":{"rendered":"Legal mentions"},"content":{"rendered":"<h2>1. company information<\/h2>\n<p>This site is owned and operated by:<\/p>\n<p><strong>Thibaut Pakiry Unipessoal Lda<\/strong><br \/>\n       Avenida Antonio Augusto de Aguiar 187 RDC ESQ, 1050-014 Lisboa<br \/>\n       NIF: 513 876 707<br \/>\n       E-mail: info@eletricistadelisboa.pt<br \/>\n       Phone: +351 962 558 141<\/p>\n<h2>2. Intellectual property<\/h2>\n<p>All content on this site (texts, images, logos, graphics, videos, etc.) is protected by copyright and intellectual property. Any unauthorized reproduction, distribution or use of this material without prior written consent is strictly prohibited.<\/p>\n<h2>3. Responsibility<\/h2>\n<p>The contents of this website are provided for information purposes only. Although we make every effort to ensure that the information is accurate and up-to-date, we accept no liability for any errors, omissions or damages resulting from the use of the information contained on this site.<\/p>\n<h2>4. Data Protection and Privacy<\/h2>\n<p>Personal data collected on this site is handled in accordance with current data protection laws. Users have the right to access, correct or delete their personal data upon request.<\/p>\n<h2>5. Cookies<\/h2>\n<p>This website may use cookies to improve the user experience. By continuing to browse, you agree to the use of cookies. You can set your browser to block or delete cookies at any time.<\/p>\n<h2>6. External links<\/h2>\n<p>Our website may contain links to third-party websites. We are not responsible for the content or privacy practices of these sites.<\/p>\n<h2>7. Applicable jurisdiction<\/h2>\n<p>These legal mentions are governed by the laws of Portugal. In the event of a dispute, the Portuguese courts shall have exclusive jurisdiction.<\/p>","protected":false},"excerpt":{"rendered":"<p>1. Informa\u00e7\u00f5es da Empresa Este site \u00e9 propriedade e operado por: Thibaut Pakiry Unipessoal Lda Avenida Antonio Augusto de Aguiar 187 RDC ESQ, 1050-014 Lisboa NIF: 513 876 707 E-mail: info@eletricistadelisboa.pt Telefone: +351 962 558 141 2. Propriedade Intelectual Todo o conte\u00fado deste site (textos, imagens, logotipos, gr\u00e1ficos, v\u00eddeos, etc.) est\u00e1 protegido por direitos autorais [&hellip;]<\/p>\n","protected":false},"author":1,"featured_media":0,"parent":0,"menu_order":0,"comment_status":"closed","ping_status":"closed","template":"","meta":{"iawp_total_views":17,"footnotes":""},"class_list":["post-3106","page","type-page","status-publish","hentry"],"yoast_head":"<!-- This site is optimized with the Yoast SEO plugin v27.5 - https:\/\/yoast.com\/product\/yoast-seo-wordpress\/ -->\n<title>Men\u00e7\u00f5es Legais<\/title>\n<meta name=\"description\" content=\"Men\u00e7\u00f5es Legais - Informa\u00e7\u00f5es sobre a empresa, propriedade intelectual, responsabilidade e prote\u00e7\u00e3o de dados.\" \/>\n<meta name=\"robots\" content=\"noindex, nofollow\" \/>\n<meta property=\"og:locale\" content=\"en_US\" \/>\n<meta property=\"og:type\" content=\"article\" \/>\n<meta property=\"og:title\" content=\"Men\u00e7\u00f5es Legais\" \/>\n<meta property=\"og:description\" content=\"Men\u00e7\u00f5es Legais - Informa\u00e7\u00f5es sobre a empresa, propriedade intelectual, responsabilidade e prote\u00e7\u00e3o de dados.\" \/>\n<meta property=\"og:url\" content=\"https:\/\/eletricistadelisboa.pt\/en\/legal-mentions\/\" \/>\n<meta property=\"og:site_name\" content=\"Eletricista de Lisboa\" \/>\n<meta name=\"twitter:card\" content=\"summary_large_image\" \/>\n<script type=\"application\/ld+json\" class=\"yoast-schema-graph\">{\"@context\":\"https:\\\/\\\/schema.org\",\"@graph\":[{\"@type\":\"WebPage\",\"@id\":\"https:\\\/\\\/eletricistadelisboa.pt\\\/mencoes-legais\\\/\",\"url\":\"https:\\\/\\\/eletricistadelisboa.pt\\\/mencoes-legais\\\/\",\"name\":\"Men\u00e7\u00f5es Legais\",\"isPartOf\":{\"@id\":\"https:\\\/\\\/eletricistadelisboa.pt\\\/#website\"},\"datePublished\":\"2025-02-07T14:49:25+00:00\",\"description\":\"Men\u00e7\u00f5es Legais - Informa\u00e7\u00f5es sobre a empresa, propriedade intelectual, responsabilidade e prote\u00e7\u00e3o de dados.\",\"breadcrumb\":{\"@id\":\"https:\\\/\\\/eletricistadelisboa.pt\\\/mencoes-legais\\\/#breadcrumb\"},\"inLanguage\":\"en-US\",\"potentialAction\":[{\"@type\":\"ReadAction\",\"target\":[\"https:\\\/\\\/eletricistadelisboa.pt\\\/mencoes-legais\\\/\"]}]},{\"@type\":\"BreadcrumbList\",\"@id\":\"https:\\\/\\\/eletricistadelisboa.pt\\\/mencoes-legais\\\/#breadcrumb\",\"itemListElement\":[{\"@type\":\"ListItem\",\"position\":1,\"name\":\"In\u00edcio\",\"item\":\"https:\\\/\\\/eletricistadelisboa.pt\\\/\"},{\"@type\":\"ListItem\",\"position\":2,\"name\":\"Men\u00e7\u00f5es Legais\"}]},{\"@type\":\"WebSite\",\"@id\":\"https:\\\/\\\/eletricistadelisboa.pt\\\/#website\",\"url\":\"https:\\\/\\\/eletricistadelisboa.pt\\\/\",\"name\":\"Eletricista de Lisboa\",\"description\":\"Servi\u00e7os el\u00e9tricos r\u00e1pidos e de alta qualidade em Lisboa, dispon\u00edveis 24 horas por dia.\",\"potentialAction\":[{\"@type\":\"SearchAction\",\"target\":{\"@type\":\"EntryPoint\",\"urlTemplate\":\"https:\\\/\\\/eletricistadelisboa.pt\\\/?s={search_term_string}\"},\"query-input\":{\"@type\":\"PropertyValueSpecification\",\"valueRequired\":true,\"valueName\":\"search_term_string\"}}],\"inLanguage\":\"en-US\"}]}<\/script>\n<!-- \/ Yoast SEO plugin. -->","yoast_head_json":{"title":"Legal mentions","description":"Legal Notices - Information about the company, intellectual property, liability and data protection.","robots":{"index":"noindex","follow":"nofollow"},"og_locale":"en_US","og_type":"article","og_title":"Men\u00e7\u00f5es Legais","og_description":"Men\u00e7\u00f5es Legais - Informa\u00e7\u00f5es sobre a empresa, propriedade intelectual, responsabilidade e prote\u00e7\u00e3o de dados.","og_url":"https:\/\/eletricistadelisboa.pt\/en\/legal-mentions\/","og_site_name":"Eletricista de Lisboa","twitter_card":"summary_large_image","schema":{"@context":"https:\/\/schema.org","@graph":[{"@type":"WebPage","@id":"https:\/\/eletricistadelisboa.pt\/mencoes-legais\/","url":"https:\/\/eletricistadelisboa.pt\/mencoes-legais\/","name":"Legal mentions","isPartOf":{"@id":"https:\/\/eletricistadelisboa.pt\/#website"},"datePublished":"2025-02-07T14:49:25+00:00","description":"Legal Notices - Information about the company, intellectual property, liability and data protection.","breadcrumb":{"@id":"https:\/\/eletricistadelisboa.pt\/mencoes-legais\/#breadcrumb"},"inLanguage":"en-US","potentialAction":[{"@type":"ReadAction","target":["https:\/\/eletricistadelisboa.pt\/mencoes-legais\/"]}]},{"@type":"BreadcrumbList","@id":"https:\/\/eletricistadelisboa.pt\/mencoes-legais\/#breadcrumb","itemListElement":[{"@type":"ListItem","position":1,"name":"In\u00edcio","item":"https:\/\/eletricistadelisboa.pt\/"},{"@type":"ListItem","position":2,"name":"Men\u00e7\u00f5es Legais"}]},{"@type":"WebSite","@id":"https:\/\/eletricistadelisboa.pt\/#website","url":"https:\/\/eletricistadelisboa.pt\/","name":"Eletricista de Lisboa","description":"Fast, high-quality electrical services in Lisbon, available 24 hours a day.","potentialAction":[{"@type":"SearchAction","target":{"@type":"EntryPoint","urlTemplate":"https:\/\/eletricistadelisboa.pt\/?s={search_term_string}"},"query-input":{"@type":"PropertyValueSpecification","valueRequired":true,"valueName":"search_term_string"}}],"inLanguage":"en-US"}]}},"_links":{"self":[{"href":"https:\/\/eletricistadelisboa.pt\/en\/wp-json\/wp\/v2\/pages\/3106","targetHints":{"allow":["GET"]}}],"collection":[{"href":"https:\/\/eletricistadelisboa.pt\/en\/wp-json\/wp\/v2\/pages"}],"about":[{"href":"https:\/\/eletricistadelisboa.pt\/en\/wp-json\/wp\/v2\/types\/page"}],"author":[{"embeddable":true,"href":"https:\/\/eletricistadelisboa.pt\/en\/wp-json\/wp\/v2\/users\/1"}],"replies":[{"embeddable":true,"href":"https:\/\/eletricistadelisboa.pt\/en\/wp-json\/wp\/v2\/comments?post=3106"}],"version-history":[{"count":1,"href":"https:\/\/eletricistadelisboa.pt\/en\/wp-json\/wp\/v2\/pages\/3106\/revisions"}],"predecessor-version":[{"id":3107,"href":"https:\/\/eletricistadelisboa.pt\/en\/wp-json\/wp\/v2\/pages\/3106\/revisions\/3107"}],"wp:attachment":[{"href":"https:\/\/eletricistadelisboa.pt\/en\/wp-json\/wp\/v2\/media?parent=3106"}],"curies":[{"name":"wp","href":"https:\/\/api.w.org\/{rel}","templated":true}]}}