{"id":2898,"date":"2025-01-29T09:45:17","date_gmt":"2025-01-29T09:45:17","guid":{"rendered":"https:\/\/eletricistadelisboa.pt\/?page_id=2898"},"modified":"2025-01-29T09:45:17","modified_gmt":"2025-01-29T09:45:17","slug":"home-appliance-installation","status":"publish","type":"page","link":"https:\/\/eletricistadelisboa.pt\/en\/home-appliance-installation\/","title":{"rendered":"Appliance Installation - Professional and Safe Service"},"content":{"rendered":"<p>You need a <strong>appliance installation<\/strong>? Connecting an electrical appliance correctly can prevent problems such as malfunctions, excessive energy consumption or even electrical hazards.<\/p>\n<h2>When is a professional installation necessary?<\/h2>\n<p>If you've bought a new appliance and don't know how to install it, or if you need to make adjustments to the electrical installation to support the load of the appliance, it's best to rely on a professional service.<\/p>\n<p>Washing machines, electric stoves, built-in ovens, extractor hoods and other appliances require secure, well-made connections to work flawlessly.<\/p>\n<h2>How does appliance installation work?<\/h2>\n<p>Before connecting the appliance, we check that the electrical network can support the necessary load. We adjust sockets, circuit breakers and make any necessary adjustments to ensure total safety.<\/p>\n<p>In addition to electrical wiring, we make adjustments such as leveling washing machines, fixing extractor hoods and gas connections for compatible appliances.<\/p>\n<h2>What are the benefits of a professional service?<\/h2>\n<p>One <strong>appliance installation<\/strong> done correctly, it prevents short circuits, protects against overloads and extends the life of the appliance.<\/p>\n<p>It also guarantees efficient operation, avoiding energy waste and unexpected failures.<\/p>\n<h2>How much does appliance installation cost?<\/h2>\n<p>The price varies according to the type of appliance and the need for adaptations to the electrical installation. But we guarantee a quality service and a transparent quote.<\/p>\n<p>Get in touch for a no-obligation quote.<\/p>\n<h2>Do you need to install an appliance? Count on us!<\/h2>\n<p>If you need a <strong>appliance installation<\/strong>to avoid problems and guarantee a safe and efficient service.<\/p>","protected":false},"excerpt":{"rendered":"<p>Precisa de uma instala\u00e7\u00e3o de eletrodom\u00e9stico? Ligar corretamente um aparelho el\u00e9trico pode evitar problemas como mau funcionamento, consumo excessivo de energia ou at\u00e9 riscos el\u00e9tricos. Quando \u00e9 necess\u00e1ria uma instala\u00e7\u00e3o profissional? Se comprou um novo eletrodom\u00e9stico e n\u00e3o sabe como instal\u00e1-lo ou se precisa de ajustes na instala\u00e7\u00e3o el\u00e9trica para suportar a carga do aparelho, [&hellip;]<\/p>\n","protected":false},"author":1,"featured_media":0,"parent":0,"menu_order":0,"comment_status":"closed","ping_status":"closed","template":"","meta":{"iawp_total_views":13,"footnotes":""},"class_list":["post-2898","page","type-page","status-publish","hentry"],"yoast_head":"<!-- This site is optimized with the Yoast SEO plugin v27.5 - https:\/\/yoast.com\/product\/yoast-seo-wordpress\/ -->\n<title>Instala\u00e7\u00e3o de Eletrodom\u00e9stico \u2013 Servi\u00e7o Profissional e Seguro<\/title>\n<meta name=\"description\" content=\"Precisa de instala\u00e7\u00e3o de eletrodom\u00e9stico? Garantimos um servi\u00e7o profissional, r\u00e1pido e seguro para a liga\u00e7\u00e3o correta dos seus aparelhos.\" \/>\n<meta name=\"robots\" content=\"index, follow, max-snippet:-1, max-image-preview:large, max-video-preview:-1\" \/>\n<link rel=\"canonical\" href=\"https:\/\/eletricistadelisboa.pt\/en\/home-appliance-installation\/\" \/>\n<meta property=\"og:locale\" content=\"en_US\" \/>\n<meta property=\"og:type\" content=\"article\" \/>\n<meta property=\"og:title\" content=\"Instala\u00e7\u00e3o de Eletrodom\u00e9stico \u2013 Servi\u00e7o Profissional e Seguro\" \/>\n<meta property=\"og:description\" content=\"Precisa de instala\u00e7\u00e3o de eletrodom\u00e9stico? Garantimos um servi\u00e7o profissional, r\u00e1pido e seguro para a liga\u00e7\u00e3o correta dos seus aparelhos.\" \/>\n<meta property=\"og:url\" content=\"https:\/\/eletricistadelisboa.pt\/en\/home-appliance-installation\/\" \/>\n<meta property=\"og:site_name\" content=\"Eletricista de Lisboa\" \/>\n<meta name=\"twitter:card\" content=\"summary_large_image\" \/>\n<script type=\"application\/ld+json\" class=\"yoast-schema-graph\">{\"@context\":\"https:\\\/\\\/schema.org\",\"@graph\":[{\"@type\":\"WebPage\",\"@id\":\"https:\\\/\\\/eletricistadelisboa.pt\\\/instalacao-de-eletrodomestico\\\/\",\"url\":\"https:\\\/\\\/eletricistadelisboa.pt\\\/instalacao-de-eletrodomestico\\\/\",\"name\":\"Instala\u00e7\u00e3o de Eletrodom\u00e9stico \u2013 Servi\u00e7o Profissional e Seguro\",\"isPartOf\":{\"@id\":\"https:\\\/\\\/eletricistadelisboa.pt\\\/#website\"},\"datePublished\":\"2025-01-29T09:45:17+00:00\",\"description\":\"Precisa de instala\u00e7\u00e3o de eletrodom\u00e9stico? Garantimos um servi\u00e7o profissional, r\u00e1pido e seguro para a liga\u00e7\u00e3o correta dos seus aparelhos.\",\"breadcrumb\":{\"@id\":\"https:\\\/\\\/eletricistadelisboa.pt\\\/instalacao-de-eletrodomestico\\\/#breadcrumb\"},\"inLanguage\":\"en-US\",\"potentialAction\":[{\"@type\":\"ReadAction\",\"target\":[\"https:\\\/\\\/eletricistadelisboa.pt\\\/instalacao-de-eletrodomestico\\\/\"]}]},{\"@type\":\"BreadcrumbList\",\"@id\":\"https:\\\/\\\/eletricistadelisboa.pt\\\/instalacao-de-eletrodomestico\\\/#breadcrumb\",\"itemListElement\":[{\"@type\":\"ListItem\",\"position\":1,\"name\":\"In\u00edcio\",\"item\":\"https:\\\/\\\/eletricistadelisboa.pt\\\/\"},{\"@type\":\"ListItem\",\"position\":2,\"name\":\"Instala\u00e7\u00e3o de Eletrodom\u00e9stico \u2013 Servi\u00e7o Profissional e Seguro\"}]},{\"@type\":\"WebSite\",\"@id\":\"https:\\\/\\\/eletricistadelisboa.pt\\\/#website\",\"url\":\"https:\\\/\\\/eletricistadelisboa.pt\\\/\",\"name\":\"Eletricista de Lisboa\",\"description\":\"Servi\u00e7os el\u00e9tricos r\u00e1pidos e de alta qualidade em Lisboa, dispon\u00edveis 24 horas por dia.\",\"potentialAction\":[{\"@type\":\"SearchAction\",\"target\":{\"@type\":\"EntryPoint\",\"urlTemplate\":\"https:\\\/\\\/eletricistadelisboa.pt\\\/?s={search_term_string}\"},\"query-input\":{\"@type\":\"PropertyValueSpecification\",\"valueRequired\":true,\"valueName\":\"search_term_string\"}}],\"inLanguage\":\"en-US\"}]}<\/script>\n<!-- \/ Yoast SEO plugin. -->","yoast_head_json":{"title":"Appliance Installation - Professional and Safe Service","description":"Do you need an appliance installed? We guarantee a professional, fast and safe service for the correct connection of your appliances.","robots":{"index":"index","follow":"follow","max-snippet":"max-snippet:-1","max-image-preview":"max-image-preview:large","max-video-preview":"max-video-preview:-1"},"canonical":"https:\/\/eletricistadelisboa.pt\/en\/home-appliance-installation\/","og_locale":"en_US","og_type":"article","og_title":"Instala\u00e7\u00e3o de Eletrodom\u00e9stico \u2013 Servi\u00e7o Profissional e Seguro","og_description":"Precisa de instala\u00e7\u00e3o de eletrodom\u00e9stico? Garantimos um servi\u00e7o profissional, r\u00e1pido e seguro para a liga\u00e7\u00e3o correta dos seus aparelhos.","og_url":"https:\/\/eletricistadelisboa.pt\/en\/home-appliance-installation\/","og_site_name":"Eletricista de Lisboa","twitter_card":"summary_large_image","schema":{"@context":"https:\/\/schema.org","@graph":[{"@type":"WebPage","@id":"https:\/\/eletricistadelisboa.pt\/instalacao-de-eletrodomestico\/","url":"https:\/\/eletricistadelisboa.pt\/instalacao-de-eletrodomestico\/","name":"Appliance Installation - Professional and Safe Service","isPartOf":{"@id":"https:\/\/eletricistadelisboa.pt\/#website"},"datePublished":"2025-01-29T09:45:17+00:00","description":"Do you need an appliance installed? We guarantee a professional, fast and safe service for the correct connection of your appliances.","breadcrumb":{"@id":"https:\/\/eletricistadelisboa.pt\/instalacao-de-eletrodomestico\/#breadcrumb"},"inLanguage":"en-US","potentialAction":[{"@type":"ReadAction","target":["https:\/\/eletricistadelisboa.pt\/instalacao-de-eletrodomestico\/"]}]},{"@type":"BreadcrumbList","@id":"https:\/\/eletricistadelisboa.pt\/instalacao-de-eletrodomestico\/#breadcrumb","itemListElement":[{"@type":"ListItem","position":1,"name":"In\u00edcio","item":"https:\/\/eletricistadelisboa.pt\/"},{"@type":"ListItem","position":2,"name":"Instala\u00e7\u00e3o de Eletrodom\u00e9stico \u2013 Servi\u00e7o Profissional e Seguro"}]},{"@type":"WebSite","@id":"https:\/\/eletricistadelisboa.pt\/#website","url":"https:\/\/eletricistadelisboa.pt\/","name":"Eletricista de Lisboa","description":"Fast, high-quality electrical services in Lisbon, available 24 hours a day.","potentialAction":[{"@type":"SearchAction","target":{"@type":"EntryPoint","urlTemplate":"https:\/\/eletricistadelisboa.pt\/?s={search_term_string}"},"query-input":{"@type":"PropertyValueSpecification","valueRequired":true,"valueName":"search_term_string"}}],"inLanguage":"en-US"}]}},"_links":{"self":[{"href":"https:\/\/eletricistadelisboa.pt\/en\/wp-json\/wp\/v2\/pages\/2898","targetHints":{"allow":["GET"]}}],"collection":[{"href":"https:\/\/eletricistadelisboa.pt\/en\/wp-json\/wp\/v2\/pages"}],"about":[{"href":"https:\/\/eletricistadelisboa.pt\/en\/wp-json\/wp\/v2\/types\/page"}],"author":[{"embeddable":true,"href":"https:\/\/eletricistadelisboa.pt\/en\/wp-json\/wp\/v2\/users\/1"}],"replies":[{"embeddable":true,"href":"https:\/\/eletricistadelisboa.pt\/en\/wp-json\/wp\/v2\/comments?post=2898"}],"version-history":[{"count":1,"href":"https:\/\/eletricistadelisboa.pt\/en\/wp-json\/wp\/v2\/pages\/2898\/revisions"}],"predecessor-version":[{"id":2899,"href":"https:\/\/eletricistadelisboa.pt\/en\/wp-json\/wp\/v2\/pages\/2898\/revisions\/2899"}],"wp:attachment":[{"href":"https:\/\/eletricistadelisboa.pt\/en\/wp-json\/wp\/v2\/media?parent=2898"}],"curies":[{"name":"wp","href":"https:\/\/api.w.org\/{rel}","templated":true}]}}