{"id":2895,"date":"2025-01-29T09:42:39","date_gmt":"2025-01-29T09:42:39","guid":{"rendered":"https:\/\/eletricistadelisboa.pt\/?page_id=2895"},"modified":"2025-01-29T09:42:39","modified_gmt":"2025-01-29T09:42:39","slug":"switch-installation","status":"publish","type":"page","link":"https:\/\/eletricistadelisboa.pt\/en\/switch-installation\/","title":{"rendered":"Switch Installation - Safe and Professional Service"},"content":{"rendered":"<p>You need a <strong>switch installation<\/strong>? A well-placed and correctly installed switch makes all the difference to the comfort and functionality of your lighting.<\/p>\n<h2>When is a switch installation necessary?<\/h2>\n<p>If you want to improve lighting control, replace old switches or add new switch points, it's time to act. Worn switches or switches with poor contact can cause lighting faults and even short circuits.<\/p>\n<p>What's more, if you're remodeling a space or want to install smart switches, a professional service guarantees safe and efficient operation.<\/p>\n<h2>How does switch installation work?<\/h2>\n<p>First, we assess the electrical system to determine the best connection. We then carry out the installation, ensuring that the wires are properly connected, avoiding poor contact and future faults.<\/p>\n<p>We can install single, double and triple switches, dimmers and even intelligent models for home automation.<\/p>\n<h2>What are the benefits of a professional installation?<\/h2>\n<p>One <strong>switch installation<\/strong> well-done prevents poor contact, reduces electrical hazards and improves the user experience. In addition, it can help save energy by allowing more efficient control of lighting.<\/p>\n<p>Strategically positioned, we guarantee greater practicality in everyday life, making it easier to access lighting in the right places.<\/p>\n<h2>How much does switch installation cost?<\/h2>\n<p>The price varies depending on the complexity of the installation and the type of switch chosen. But we guarantee a transparent and fair quote.<\/p>\n<p>Get in touch for a no-obligation quote.<\/p>\n<h2>Do you need to install switches? Talk to us!<\/h2>\n<p>If you need a <strong>switch installation<\/strong>You can count on a professional service to guarantee the safety and functionality of your electrical system.<\/p>","protected":false},"excerpt":{"rendered":"<p>Precisa de uma instala\u00e7\u00e3o de interruptor? Um interruptor bem posicionado e corretamente instalado faz toda a diferen\u00e7a no conforto e na funcionalidade da sua ilumina\u00e7\u00e3o. Quando \u00e9 necess\u00e1ria uma instala\u00e7\u00e3o de interruptor? Se deseja melhorar o controle da ilumina\u00e7\u00e3o, trocar interruptores antigos ou adicionar novos pontos de acionamento, \u00e9 hora de agir. Interruptores desgastados ou [&hellip;]<\/p>\n","protected":false},"author":1,"featured_media":0,"parent":0,"menu_order":0,"comment_status":"closed","ping_status":"closed","template":"","meta":{"iawp_total_views":12,"footnotes":""},"class_list":["post-2895","page","type-page","status-publish","hentry"],"yoast_head":"<!-- This site is optimized with the Yoast SEO plugin v27.5 - https:\/\/yoast.com\/product\/yoast-seo-wordpress\/ -->\n<title>Instala\u00e7\u00e3o de Interruptor - Servi\u00e7o Seguro e Profissional<\/title>\n<meta name=\"description\" content=\"Precisa de instala\u00e7\u00e3o de interruptor? Garantimos um servi\u00e7o seguro e profissional para melhorar o controle da ilumina\u00e7\u00e3o na sua casa ou empresa.\" \/>\n<meta name=\"robots\" content=\"index, follow, max-snippet:-1, max-image-preview:large, max-video-preview:-1\" \/>\n<link rel=\"canonical\" href=\"https:\/\/eletricistadelisboa.pt\/en\/switch-installation\/\" \/>\n<meta property=\"og:locale\" content=\"en_US\" \/>\n<meta property=\"og:type\" content=\"article\" \/>\n<meta property=\"og:title\" content=\"Instala\u00e7\u00e3o de Interruptor - Servi\u00e7o Seguro e Profissional\" \/>\n<meta property=\"og:description\" content=\"Precisa de instala\u00e7\u00e3o de interruptor? Garantimos um servi\u00e7o seguro e profissional para melhorar o controle da ilumina\u00e7\u00e3o na sua casa ou empresa.\" \/>\n<meta property=\"og:url\" content=\"https:\/\/eletricistadelisboa.pt\/en\/switch-installation\/\" \/>\n<meta property=\"og:site_name\" content=\"Eletricista de Lisboa\" \/>\n<meta name=\"twitter:card\" content=\"summary_large_image\" \/>\n<script type=\"application\/ld+json\" class=\"yoast-schema-graph\">{\"@context\":\"https:\\\/\\\/schema.org\",\"@graph\":[{\"@type\":\"WebPage\",\"@id\":\"https:\\\/\\\/eletricistadelisboa.pt\\\/instalacao-de-interruptor\\\/\",\"url\":\"https:\\\/\\\/eletricistadelisboa.pt\\\/instalacao-de-interruptor\\\/\",\"name\":\"Instala\u00e7\u00e3o de Interruptor - Servi\u00e7o Seguro e Profissional\",\"isPartOf\":{\"@id\":\"https:\\\/\\\/eletricistadelisboa.pt\\\/#website\"},\"datePublished\":\"2025-01-29T09:42:39+00:00\",\"description\":\"Precisa de instala\u00e7\u00e3o de interruptor? Garantimos um servi\u00e7o seguro e profissional para melhorar o controle da ilumina\u00e7\u00e3o na sua casa ou empresa.\",\"breadcrumb\":{\"@id\":\"https:\\\/\\\/eletricistadelisboa.pt\\\/instalacao-de-interruptor\\\/#breadcrumb\"},\"inLanguage\":\"en-US\",\"potentialAction\":[{\"@type\":\"ReadAction\",\"target\":[\"https:\\\/\\\/eletricistadelisboa.pt\\\/instalacao-de-interruptor\\\/\"]}]},{\"@type\":\"BreadcrumbList\",\"@id\":\"https:\\\/\\\/eletricistadelisboa.pt\\\/instalacao-de-interruptor\\\/#breadcrumb\",\"itemListElement\":[{\"@type\":\"ListItem\",\"position\":1,\"name\":\"In\u00edcio\",\"item\":\"https:\\\/\\\/eletricistadelisboa.pt\\\/\"},{\"@type\":\"ListItem\",\"position\":2,\"name\":\"Instala\u00e7\u00e3o de Interruptor &#8211; Servi\u00e7o Seguro e Profissional\"}]},{\"@type\":\"WebSite\",\"@id\":\"https:\\\/\\\/eletricistadelisboa.pt\\\/#website\",\"url\":\"https:\\\/\\\/eletricistadelisboa.pt\\\/\",\"name\":\"Eletricista de Lisboa\",\"description\":\"Servi\u00e7os el\u00e9tricos r\u00e1pidos e de alta qualidade em Lisboa, dispon\u00edveis 24 horas por dia.\",\"potentialAction\":[{\"@type\":\"SearchAction\",\"target\":{\"@type\":\"EntryPoint\",\"urlTemplate\":\"https:\\\/\\\/eletricistadelisboa.pt\\\/?s={search_term_string}\"},\"query-input\":{\"@type\":\"PropertyValueSpecification\",\"valueRequired\":true,\"valueName\":\"search_term_string\"}}],\"inLanguage\":\"en-US\"}]}<\/script>\n<!-- \/ Yoast SEO plugin. -->","yoast_head_json":{"title":"Switch Installation - Safe and Professional Service","description":"Need a switch installed? We guarantee a safe and professional service to improve lighting control in your home or business.","robots":{"index":"index","follow":"follow","max-snippet":"max-snippet:-1","max-image-preview":"max-image-preview:large","max-video-preview":"max-video-preview:-1"},"canonical":"https:\/\/eletricistadelisboa.pt\/en\/switch-installation\/","og_locale":"en_US","og_type":"article","og_title":"Instala\u00e7\u00e3o de Interruptor - Servi\u00e7o Seguro e Profissional","og_description":"Precisa de instala\u00e7\u00e3o de interruptor? Garantimos um servi\u00e7o seguro e profissional para melhorar o controle da ilumina\u00e7\u00e3o na sua casa ou empresa.","og_url":"https:\/\/eletricistadelisboa.pt\/en\/switch-installation\/","og_site_name":"Eletricista de Lisboa","twitter_card":"summary_large_image","schema":{"@context":"https:\/\/schema.org","@graph":[{"@type":"WebPage","@id":"https:\/\/eletricistadelisboa.pt\/instalacao-de-interruptor\/","url":"https:\/\/eletricistadelisboa.pt\/instalacao-de-interruptor\/","name":"Switch Installation - Safe and Professional Service","isPartOf":{"@id":"https:\/\/eletricistadelisboa.pt\/#website"},"datePublished":"2025-01-29T09:42:39+00:00","description":"Need a switch installed? We guarantee a safe and professional service to improve lighting control in your home or business.","breadcrumb":{"@id":"https:\/\/eletricistadelisboa.pt\/instalacao-de-interruptor\/#breadcrumb"},"inLanguage":"en-US","potentialAction":[{"@type":"ReadAction","target":["https:\/\/eletricistadelisboa.pt\/instalacao-de-interruptor\/"]}]},{"@type":"BreadcrumbList","@id":"https:\/\/eletricistadelisboa.pt\/instalacao-de-interruptor\/#breadcrumb","itemListElement":[{"@type":"ListItem","position":1,"name":"In\u00edcio","item":"https:\/\/eletricistadelisboa.pt\/"},{"@type":"ListItem","position":2,"name":"Instala\u00e7\u00e3o de Interruptor &#8211; Servi\u00e7o Seguro e Profissional"}]},{"@type":"WebSite","@id":"https:\/\/eletricistadelisboa.pt\/#website","url":"https:\/\/eletricistadelisboa.pt\/","name":"Eletricista de Lisboa","description":"Fast, high-quality electrical services in Lisbon, available 24 hours a day.","potentialAction":[{"@type":"SearchAction","target":{"@type":"EntryPoint","urlTemplate":"https:\/\/eletricistadelisboa.pt\/?s={search_term_string}"},"query-input":{"@type":"PropertyValueSpecification","valueRequired":true,"valueName":"search_term_string"}}],"inLanguage":"en-US"}]}},"_links":{"self":[{"href":"https:\/\/eletricistadelisboa.pt\/en\/wp-json\/wp\/v2\/pages\/2895","targetHints":{"allow":["GET"]}}],"collection":[{"href":"https:\/\/eletricistadelisboa.pt\/en\/wp-json\/wp\/v2\/pages"}],"about":[{"href":"https:\/\/eletricistadelisboa.pt\/en\/wp-json\/wp\/v2\/types\/page"}],"author":[{"embeddable":true,"href":"https:\/\/eletricistadelisboa.pt\/en\/wp-json\/wp\/v2\/users\/1"}],"replies":[{"embeddable":true,"href":"https:\/\/eletricistadelisboa.pt\/en\/wp-json\/wp\/v2\/comments?post=2895"}],"version-history":[{"count":1,"href":"https:\/\/eletricistadelisboa.pt\/en\/wp-json\/wp\/v2\/pages\/2895\/revisions"}],"predecessor-version":[{"id":2896,"href":"https:\/\/eletricistadelisboa.pt\/en\/wp-json\/wp\/v2\/pages\/2895\/revisions\/2896"}],"wp:attachment":[{"href":"https:\/\/eletricistadelisboa.pt\/en\/wp-json\/wp\/v2\/media?parent=2895"}],"curies":[{"name":"wp","href":"https:\/\/api.w.org\/{rel}","templated":true}]}}