{"id":2892,"date":"2025-01-29T09:40:19","date_gmt":"2025-01-29T09:40:19","guid":{"rendered":"https:\/\/eletricistadelisboa.pt\/?page_id=2892"},"modified":"2025-01-29T09:40:19","modified_gmt":"2025-01-29T09:40:19","slug":"socket-installation","status":"publish","type":"page","link":"https:\/\/eletricistadelisboa.pt\/en\/socket-installation\/","title":{"rendered":"Socket Installation - Safe and Professional Service"},"content":{"rendered":"<p>You need a <strong>socket installation<\/strong>? Insufficient or poorly positioned sockets can be a major nuisance and even a risk to the electrical safety of your home or business.<\/p>\n<h2>When is a socket installation necessary?<\/h2>\n<p>If you use too many extension cords and adapters, it's a sign that you need more power points. Old electrical systems were generally not designed for the number of modern appliances we use today.<\/p>\n<p>Also, if you notice sparks, overheating or loose sockets, it's time for an upgrade to ensure more safety and practicality in everyday life.<\/p>\n<h2>How does socket installation work?<\/h2>\n<p>Before installation, we assess your electrical network to ensure that the new socket outlet will be connected safely. We then lay the necessary wiring and fix the socket in the desired location.<\/p>\n<p>We also ensure that all connections comply with technical standards, avoiding overloads and guaranteeing efficient operation.<\/p>\n<h2>What are the benefits of installing new sockets?<\/h2>\n<p>One <strong>socket installation<\/strong> a well-designed system prevents overloads, reduces the risk of short circuits and improves the organization of wires, eliminating excess extensions and adapters.<\/p>\n<p>It also allows for greater convenience, making it easier to use electrical equipment without having to rely on improvised solutions.<\/p>\n<h2>How much does socket installation cost?<\/h2>\n<p>The price varies according to the complexity of the service and the need for adjustments to the existing electrical installation. But we guarantee a transparent and fair quote.<\/p>\n<p>Get in touch for a no-obligation quote.<\/p>\n<h2>Do you need to install sockets? Talk to us!<\/h2>\n<p>If you need a <strong>socket installation<\/strong>don't put it off. Ensure safety, practicality and efficiency with a professional service.<\/p>","protected":false},"excerpt":{"rendered":"<p>Precisa de uma instala\u00e7\u00e3o de tomada? Tomadas insuficientes ou mal posicionadas podem ser um grande inc\u00f4modo e at\u00e9 um risco para a seguran\u00e7a el\u00e9trica da sua casa ou empresa. Quando \u00e9 necess\u00e1ria uma instala\u00e7\u00e3o de tomada? Se usa extens\u00f5es e adaptadores em excesso, \u00e9 um sinal de que precisa de mais pontos de energia. Sistemas [&hellip;]<\/p>\n","protected":false},"author":1,"featured_media":0,"parent":0,"menu_order":0,"comment_status":"closed","ping_status":"closed","template":"","meta":{"iawp_total_views":36,"footnotes":""},"class_list":["post-2892","page","type-page","status-publish","hentry"],"yoast_head":"<!-- This site is optimized with the Yoast SEO plugin v27.5 - https:\/\/yoast.com\/product\/yoast-seo-wordpress\/ -->\n<title>Instala\u00e7\u00e3o de Tomada - Servi\u00e7o Seguro e Profissional<\/title>\n<meta name=\"description\" content=\"Precisa de instala\u00e7\u00e3o de tomada? Garantimos um servi\u00e7o r\u00e1pido, seguro e profissional para refor\u00e7ar a rede el\u00e9trica da sua casa ou empresa.\" \/>\n<meta name=\"robots\" content=\"index, follow, max-snippet:-1, max-image-preview:large, max-video-preview:-1\" \/>\n<link rel=\"canonical\" href=\"https:\/\/eletricistadelisboa.pt\/en\/socket-installation\/\" \/>\n<meta property=\"og:locale\" content=\"en_US\" \/>\n<meta property=\"og:type\" content=\"article\" \/>\n<meta property=\"og:title\" content=\"Instala\u00e7\u00e3o de Tomada - Servi\u00e7o Seguro e Profissional\" \/>\n<meta property=\"og:description\" content=\"Precisa de instala\u00e7\u00e3o de tomada? Garantimos um servi\u00e7o r\u00e1pido, seguro e profissional para refor\u00e7ar a rede el\u00e9trica da sua casa ou empresa.\" \/>\n<meta property=\"og:url\" content=\"https:\/\/eletricistadelisboa.pt\/en\/socket-installation\/\" \/>\n<meta property=\"og:site_name\" content=\"Eletricista de Lisboa\" \/>\n<meta name=\"twitter:card\" content=\"summary_large_image\" \/>\n<script type=\"application\/ld+json\" class=\"yoast-schema-graph\">{\"@context\":\"https:\\\/\\\/schema.org\",\"@graph\":[{\"@type\":\"WebPage\",\"@id\":\"https:\\\/\\\/eletricistadelisboa.pt\\\/instalacao-de-tomada\\\/\",\"url\":\"https:\\\/\\\/eletricistadelisboa.pt\\\/instalacao-de-tomada\\\/\",\"name\":\"Instala\u00e7\u00e3o de Tomada - Servi\u00e7o Seguro e Profissional\",\"isPartOf\":{\"@id\":\"https:\\\/\\\/eletricistadelisboa.pt\\\/#website\"},\"datePublished\":\"2025-01-29T09:40:19+00:00\",\"description\":\"Precisa de instala\u00e7\u00e3o de tomada? Garantimos um servi\u00e7o r\u00e1pido, seguro e profissional para refor\u00e7ar a rede el\u00e9trica da sua casa ou empresa.\",\"breadcrumb\":{\"@id\":\"https:\\\/\\\/eletricistadelisboa.pt\\\/instalacao-de-tomada\\\/#breadcrumb\"},\"inLanguage\":\"en-US\",\"potentialAction\":[{\"@type\":\"ReadAction\",\"target\":[\"https:\\\/\\\/eletricistadelisboa.pt\\\/instalacao-de-tomada\\\/\"]}]},{\"@type\":\"BreadcrumbList\",\"@id\":\"https:\\\/\\\/eletricistadelisboa.pt\\\/instalacao-de-tomada\\\/#breadcrumb\",\"itemListElement\":[{\"@type\":\"ListItem\",\"position\":1,\"name\":\"In\u00edcio\",\"item\":\"https:\\\/\\\/eletricistadelisboa.pt\\\/\"},{\"@type\":\"ListItem\",\"position\":2,\"name\":\"Instala\u00e7\u00e3o de Tomada &#8211; Servi\u00e7o Seguro e Profissional\"}]},{\"@type\":\"WebSite\",\"@id\":\"https:\\\/\\\/eletricistadelisboa.pt\\\/#website\",\"url\":\"https:\\\/\\\/eletricistadelisboa.pt\\\/\",\"name\":\"Eletricista de Lisboa\",\"description\":\"Servi\u00e7os el\u00e9tricos r\u00e1pidos e de alta qualidade em Lisboa, dispon\u00edveis 24 horas por dia.\",\"potentialAction\":[{\"@type\":\"SearchAction\",\"target\":{\"@type\":\"EntryPoint\",\"urlTemplate\":\"https:\\\/\\\/eletricistadelisboa.pt\\\/?s={search_term_string}\"},\"query-input\":{\"@type\":\"PropertyValueSpecification\",\"valueRequired\":true,\"valueName\":\"search_term_string\"}}],\"inLanguage\":\"en-US\"}]}<\/script>\n<!-- \/ Yoast SEO plugin. -->","yoast_head_json":{"title":"Socket Installation - Safe and Professional Service","description":"Need a socket installed? We guarantee a fast, safe and professional service to reinforce the electrical network in your home or business.","robots":{"index":"index","follow":"follow","max-snippet":"max-snippet:-1","max-image-preview":"max-image-preview:large","max-video-preview":"max-video-preview:-1"},"canonical":"https:\/\/eletricistadelisboa.pt\/en\/socket-installation\/","og_locale":"en_US","og_type":"article","og_title":"Instala\u00e7\u00e3o de Tomada - Servi\u00e7o Seguro e Profissional","og_description":"Precisa de instala\u00e7\u00e3o de tomada? Garantimos um servi\u00e7o r\u00e1pido, seguro e profissional para refor\u00e7ar a rede el\u00e9trica da sua casa ou empresa.","og_url":"https:\/\/eletricistadelisboa.pt\/en\/socket-installation\/","og_site_name":"Eletricista de Lisboa","twitter_card":"summary_large_image","schema":{"@context":"https:\/\/schema.org","@graph":[{"@type":"WebPage","@id":"https:\/\/eletricistadelisboa.pt\/instalacao-de-tomada\/","url":"https:\/\/eletricistadelisboa.pt\/instalacao-de-tomada\/","name":"Socket Installation - Safe and Professional Service","isPartOf":{"@id":"https:\/\/eletricistadelisboa.pt\/#website"},"datePublished":"2025-01-29T09:40:19+00:00","description":"Need a socket installed? We guarantee a fast, safe and professional service to reinforce the electrical network in your home or business.","breadcrumb":{"@id":"https:\/\/eletricistadelisboa.pt\/instalacao-de-tomada\/#breadcrumb"},"inLanguage":"en-US","potentialAction":[{"@type":"ReadAction","target":["https:\/\/eletricistadelisboa.pt\/instalacao-de-tomada\/"]}]},{"@type":"BreadcrumbList","@id":"https:\/\/eletricistadelisboa.pt\/instalacao-de-tomada\/#breadcrumb","itemListElement":[{"@type":"ListItem","position":1,"name":"In\u00edcio","item":"https:\/\/eletricistadelisboa.pt\/"},{"@type":"ListItem","position":2,"name":"Instala\u00e7\u00e3o de Tomada &#8211; Servi\u00e7o Seguro e Profissional"}]},{"@type":"WebSite","@id":"https:\/\/eletricistadelisboa.pt\/#website","url":"https:\/\/eletricistadelisboa.pt\/","name":"Eletricista de Lisboa","description":"Fast, high-quality electrical services in Lisbon, available 24 hours a day.","potentialAction":[{"@type":"SearchAction","target":{"@type":"EntryPoint","urlTemplate":"https:\/\/eletricistadelisboa.pt\/?s={search_term_string}"},"query-input":{"@type":"PropertyValueSpecification","valueRequired":true,"valueName":"search_term_string"}}],"inLanguage":"en-US"}]}},"_links":{"self":[{"href":"https:\/\/eletricistadelisboa.pt\/en\/wp-json\/wp\/v2\/pages\/2892","targetHints":{"allow":["GET"]}}],"collection":[{"href":"https:\/\/eletricistadelisboa.pt\/en\/wp-json\/wp\/v2\/pages"}],"about":[{"href":"https:\/\/eletricistadelisboa.pt\/en\/wp-json\/wp\/v2\/types\/page"}],"author":[{"embeddable":true,"href":"https:\/\/eletricistadelisboa.pt\/en\/wp-json\/wp\/v2\/users\/1"}],"replies":[{"embeddable":true,"href":"https:\/\/eletricistadelisboa.pt\/en\/wp-json\/wp\/v2\/comments?post=2892"}],"version-history":[{"count":1,"href":"https:\/\/eletricistadelisboa.pt\/en\/wp-json\/wp\/v2\/pages\/2892\/revisions"}],"predecessor-version":[{"id":2893,"href":"https:\/\/eletricistadelisboa.pt\/en\/wp-json\/wp\/v2\/pages\/2892\/revisions\/2893"}],"wp:attachment":[{"href":"https:\/\/eletricistadelisboa.pt\/en\/wp-json\/wp\/v2\/media?parent=2892"}],"curies":[{"name":"wp","href":"https:\/\/api.w.org\/{rel}","templated":true}]}}