{"id":2883,"date":"2025-01-29T08:05:57","date_gmt":"2025-01-29T08:05:57","guid":{"rendered":"https:\/\/eletricistadelisboa.pt\/?page_id=2883"},"modified":"2025-11-06T10:02:30","modified_gmt":"2025-11-06T10:02:30","slug":"services","status":"publish","type":"page","link":"https:\/\/eletricistadelisboa.pt\/en\/services\/","title":{"rendered":"Services"},"content":{"rendered":"<p>At Eletricista de Lisboa, we offer a wide range of services to meet all your electrical needs. See below for a full list of our services:<\/p>\n<h2>Electrical installation<\/h2>\n<p><a href=\"https:\/\/eletricistadelisboa.pt\/en\/electrical-installation\/\">Electrical Installation<\/a><br \/>\n<a href=\"https:\/\/eletricistadelisboa.pt\/en\/new-electrical-installation\/\">New Electrical Installation<\/a><br \/>\n<a href=\"https:\/\/eletricistadelisboa.pt\/en\/electrical-refurbishment\/\">Electrical Refurbishment<\/a><br \/>\n<a href=\"https:\/\/eletricistadelisboa.pt\/en\/socket-installation\/\">Socket installation<\/a><br \/>\n<a href=\"https:\/\/eletricistadelisboa.pt\/en\/switch-installation\/\">Switch installation<\/a><br \/>\n<a href=\"https:\/\/eletricistadelisboa.pt\/en\/home-appliance-installation\/\">Domestic appliance installation<\/a><br \/>\n<a href=\"https:\/\/eletricistadelisboa.pt\/en\/heating-system-installation\/\">Heating System Installation<\/a><br \/>\n<a href=\"https:\/\/eletricistadelisboa.pt\/en\/doorbell-installation\/\">Doorbell installation<\/a><br \/>\n<a href=\"https:\/\/eletricistadelisboa.pt\/en\/electrical-installation-lisbon\/\">Electrical installation Lisbon<\/a><\/p>\n<h2>Electrical panel<\/h2>\n<p><a href=\"https:\/\/eletricistadelisboa.pt\/en\/electrical-panel-installation\/\">Electrical panel installation<\/a><br \/>\n<a href=\"https:\/\/eletricistadelisboa.pt\/en\/electrical-panel-upgrade\/\">Electrical panel upgrade<\/a><br \/>\n<a href=\"https:\/\/eletricistadelisboa.pt\/en\/switchboard-maintenance\/\">Electrical panel maintenance<\/a><br \/>\n<a href=\"https:\/\/eletricistadelisboa.pt\/en\/electrical-panel-assembly\/\">Electrical panel assembly<\/a><br \/>\n<a href=\"https:\/\/eletricistadelisboa.pt\/en\/changing-a-single-phase-switchboard-to-a-three-phase-switchboard\/\">Change from single-phase to three-phase switchboard<\/a><br \/>\n<a href=\"https:\/\/eletricistadelisboa.pt\/en\/circuit-breaker-replacement\/\">Circuit breaker replacement<\/a><br \/>\n<a href=\"https:\/\/eletricistadelisboa.pt\/en\/fuse-replacement\/\">Fuse replacement<\/a><br \/>\n<a href=\"https:\/\/eletricistadelisboa.pt\/en\/electrical-panel-lisbon\/\">Electrical panel Lisbon<\/a><\/p>\n<h2>Electrical Repairs<\/h2>\n<p><a href=\"https:\/\/eletricistadelisboa.pt\/en\/electrical-fault-diagnosis\/\">Electrical fault diagnosis<\/a><br \/>\n<a href=\"https:\/\/eletricistadelisboa.pt\/en\/electrical-panel-repair\/\">Electrical panel repair<\/a><br \/>\n<a href=\"https:\/\/eletricistadelisboa.pt\/en\/socket-repair\/\">Socket repair<\/a><br \/>\n<a href=\"https:\/\/eletricistadelisboa.pt\/en\/switch-repair\/\">Switch repair<\/a><br \/>\n<a href=\"https:\/\/eletricistadelisboa.pt\/en\/electrical-wiring-repairs\/\">Electrical Wiring Repair<\/a><br \/>\n<a href=\"https:\/\/eletricistadelisboa.pt\/en\/light-repair\/\">Luminaire repair<\/a><br \/>\n<a href=\"https:\/\/eletricistadelisboa.pt\/en\/electrical-repairs-lisbon\/\">Electrical Repair Lisbon<\/a><\/p>\n<h2>Lighting<\/h2>\n<p><a href=\"https:\/\/eletricistadelisboa.pt\/en\/lighting-projects\/\">Lighting Projects<\/a><br \/>\n<a href=\"https:\/\/eletricistadelisboa.pt\/en\/lighting-installation\/\">LED lighting installation<\/a><br \/>\n<a href=\"https:\/\/eletricistadelisboa.pt\/en\/spot-installation\/\">Spot installation<\/a><br \/>\n<a href=\"https:\/\/eletricistadelisboa.pt\/en\/lamp-installation\/\">Lamp installation<\/a><br \/>\n<a href=\"https:\/\/eletricistadelisboa.pt\/en\/ceiling-light-installation\/\">Ceiling light installation<\/a><br \/>\n<a href=\"https:\/\/eletricistadelisboa.pt\/en\/decorative-lighting\/\">Decorative lighting<\/a><br \/>\n<a href=\"https:\/\/eletricistadelisboa.pt\/en\/garden-lighting\/\">Garden lighting<\/a><br \/>\n<a href=\"https:\/\/eletricistadelisboa.pt\/en\/outdoor-lighting\/\">Outdoor Lighting<\/a><br \/>\n<a href=\"https:\/\/eletricistadelisboa.pt\/en\/lighting-lisbon\/\">Lighting Lisbon<\/a><\/p>\n<h2>More services<\/h2>\n<p><a href=\"https:\/\/eletricistadelisboa.pt\/en\/electricity-amount-column\/\">Electricity Column<\/a><br \/>\n<a href=\"https:\/\/eletricistadelisboa.pt\/en\/electricity-branch\/\">Electricity branch<\/a><br \/>\n<a href=\"https:\/\/eletricistadelisboa.pt\/en\/home-automation\/\">Home automation<\/a><br \/>\n<a href=\"https:\/\/eletricistadelisboa.pt\/en\/change-contracted-power\/\">Change Contracted Power<\/a><br \/>\n<a href=\"https:\/\/eletricistadelisboa.pt\/en\/increasing-electrical-power\/\">Increasing Electrical Power<\/a><br \/>\n<a href=\"https:\/\/eletricistadelisboa.pt\/en\/installation-of-an-electric-car-socket\/\">Electric Car Socket Installation<\/a><br \/>\n<a href=\"https:\/\/eletricistadelisboa.pt\/en\/electric-car-charger-installation\/\">Electric Car Charger Installation<\/a><br \/>\n<a href=\"https:\/\/eletricistadelisboa.pt\/en\/electrical-grounding\/\">Grounding<\/a><br \/>\n<a href=\"https:\/\/eletricistadelisboa.pt\/en\/preventive-electrical-maintenance\/\">Preventive Electrical Maintenance<\/a><br \/>\n<a href=\"https:\/\/eletricistadelisboa.pt\/en\/electrotechnical-data-sheet\/\">Electrical sheet<\/a><br \/>\n<a href=\"https:\/\/eletricistadelisboa.pt\/en\/term-of-responsibility\/\">Statement of Responsibility<\/a><\/p>\n<h2>Frequent searches<\/h2>\n<p><a href=\"https:\/\/eletricistadelisboa.pt\/en\/electrician-service\/\">Electrician Service<\/a><br \/>\n<a href=\"https:\/\/eletricistadelisboa.pt\/en\/certified-electricians\/\">Certified electricians<\/a><br \/>\n<a href=\"https:\/\/eletricistadelisboa.pt\/en\/urgent-electrician\/\">Urgent Electrician<\/a><br \/>\n<a href=\"https:\/\/eletricistadelisboa.pt\/en\/urgent-electrician-lisbon\/\">Urgent Electrician Lisbon<\/a><br \/>\n<a href=\"https:\/\/eletricistadelisboa.pt\/en\/dgeg-certified-electrician\/\">DGEG Certified Electrician<\/a><br \/>\n<a href=\"https:\/\/eletricistadelisboa.pt\/en\/contracted-power\/\">Contracted power<\/a><br \/>\n<a href=\"https:\/\/eletricistadelisboa.pt\/en\/24-hour-electrician\/\">24 Hour Electrician<\/a><br \/>\n<a href=\"https:\/\/eletricistadelisboa.pt\/en\/24-hour-electrician-lisbon\/\">24 Hour Electrician Lisbon<\/a><br \/>\n<a href=\"https:\/\/eletricistadelisboa.pt\/en\/certified-electrician-lisbon\/\">Certified Electrician Lisbon<\/a><br \/>\n<a href=\"https:\/\/eletricistadelisboa.pt\/en\/certified-electrician\/\">Certified Electrician<\/a><br \/>\n<a href=\"https:\/\/eletricistadelisboa.pt\/en\/best-electrician-in-lisbon\/\">Best Electrician in Lisbon<\/a><br \/>\n<a href=\"https:\/\/eletricistadelisboa.pt\/en\/electrician-amadora\/\">Electrician Amadora<\/a><br \/>\n<a href=\"https:\/\/eletricistadelisboa.pt\/en\/electrician-parque-das-nacoes\/\">Electrician Parque das Na\u00e7\u00f5es<\/a><br \/>\n<a href=\"https:\/\/eletricistadelisboa.pt\/en\/electrician-benfica\/\">Electrician Benfica<\/a><\/p>","protected":false},"excerpt":{"rendered":"<p>Na Eletricista de Lisboa, oferecemos uma ampla gama de servi\u00e7os para atender todas as suas necessidades el\u00e9tricas. Veja abaixo a lista completa dos nossos servi\u00e7os: Instala\u00e7\u00e3o el\u00e9trica Instala\u00e7\u00e3o El\u00e9trica Instala\u00e7\u00e3o El\u00e9trica Nova Remodela\u00e7\u00e3o El\u00e9trica Instala\u00e7\u00e3o de Tomada Instala\u00e7\u00e3o de Interruptor Instala\u00e7\u00e3o de Eletrodom\u00e9stico Instala\u00e7\u00e3o de Sistema de Aquecimento Instala\u00e7\u00e3o de Campainha Instala\u00e7\u00e3o el\u00e9trica Lisboa Quadro [&hellip;]<\/p>\n","protected":false},"author":1,"featured_media":0,"parent":0,"menu_order":0,"comment_status":"closed","ping_status":"closed","template":"","meta":{"iawp_total_views":381,"footnotes":""},"class_list":["post-2883","page","type-page","status-publish","hentry"],"yoast_head":"<!-- This site is optimized with the Yoast SEO plugin v27.5 - https:\/\/yoast.com\/product\/yoast-seo-wordpress\/ -->\n<title>Servi\u00e7os<\/title>\n<meta name=\"description\" content=\"Na Eletricista de Lisboa, oferecemos servi\u00e7os el\u00e9tricos completos para resid\u00eancias e empresas, garantindo seguran\u00e7a e efici\u00eancia. Confira abaixo a lista dos nossos servi\u00e7os.\" \/>\n<meta name=\"robots\" content=\"index, follow, max-snippet:-1, max-image-preview:large, max-video-preview:-1\" \/>\n<link rel=\"canonical\" href=\"https:\/\/eletricistadelisboa.pt\/en\/services\/\" \/>\n<meta property=\"og:locale\" content=\"en_US\" \/>\n<meta property=\"og:type\" content=\"article\" \/>\n<meta property=\"og:title\" content=\"Servi\u00e7os\" \/>\n<meta property=\"og:description\" content=\"Na Eletricista de Lisboa, oferecemos servi\u00e7os el\u00e9tricos completos para resid\u00eancias e empresas, garantindo seguran\u00e7a e efici\u00eancia. Confira abaixo a lista dos nossos servi\u00e7os.\" \/>\n<meta property=\"og:url\" content=\"https:\/\/eletricistadelisboa.pt\/en\/services\/\" \/>\n<meta property=\"og:site_name\" content=\"Eletricista de Lisboa\" \/>\n<meta property=\"article:modified_time\" content=\"2025-11-06T10:02:30+00:00\" \/>\n<meta name=\"twitter:card\" content=\"summary_large_image\" \/>\n<meta name=\"twitter:label1\" content=\"Est. reading time\" \/>\n\t<meta name=\"twitter:data1\" content=\"2 minutes\" \/>\n<script type=\"application\/ld+json\" class=\"yoast-schema-graph\">{\"@context\":\"https:\\\/\\\/schema.org\",\"@graph\":[{\"@type\":\"WebPage\",\"@id\":\"https:\\\/\\\/eletricistadelisboa.pt\\\/servicos\\\/\",\"url\":\"https:\\\/\\\/eletricistadelisboa.pt\\\/servicos\\\/\",\"name\":\"Servi\u00e7os\",\"isPartOf\":{\"@id\":\"https:\\\/\\\/eletricistadelisboa.pt\\\/#website\"},\"datePublished\":\"2025-01-29T08:05:57+00:00\",\"dateModified\":\"2025-11-06T10:02:30+00:00\",\"description\":\"Na Eletricista de Lisboa, oferecemos servi\u00e7os el\u00e9tricos completos para resid\u00eancias e empresas, garantindo seguran\u00e7a e efici\u00eancia. Confira abaixo a lista dos nossos servi\u00e7os.\",\"breadcrumb\":{\"@id\":\"https:\\\/\\\/eletricistadelisboa.pt\\\/servicos\\\/#breadcrumb\"},\"inLanguage\":\"en-US\",\"potentialAction\":[{\"@type\":\"ReadAction\",\"target\":[\"https:\\\/\\\/eletricistadelisboa.pt\\\/servicos\\\/\"]}]},{\"@type\":\"BreadcrumbList\",\"@id\":\"https:\\\/\\\/eletricistadelisboa.pt\\\/servicos\\\/#breadcrumb\",\"itemListElement\":[{\"@type\":\"ListItem\",\"position\":1,\"name\":\"In\u00edcio\",\"item\":\"https:\\\/\\\/eletricistadelisboa.pt\\\/\"},{\"@type\":\"ListItem\",\"position\":2,\"name\":\"Servi\u00e7os\"}]},{\"@type\":\"WebSite\",\"@id\":\"https:\\\/\\\/eletricistadelisboa.pt\\\/#website\",\"url\":\"https:\\\/\\\/eletricistadelisboa.pt\\\/\",\"name\":\"Eletricista de Lisboa\",\"description\":\"Servi\u00e7os el\u00e9tricos r\u00e1pidos e de alta qualidade em Lisboa, dispon\u00edveis 24 horas por dia.\",\"potentialAction\":[{\"@type\":\"SearchAction\",\"target\":{\"@type\":\"EntryPoint\",\"urlTemplate\":\"https:\\\/\\\/eletricistadelisboa.pt\\\/?s={search_term_string}\"},\"query-input\":{\"@type\":\"PropertyValueSpecification\",\"valueRequired\":true,\"valueName\":\"search_term_string\"}}],\"inLanguage\":\"en-US\"}]}<\/script>\n<!-- \/ Yoast SEO plugin. -->","yoast_head_json":{"title":"Services","description":"At Eletricista de Lisboa, we offer complete electrical services for homes and businesses, guaranteeing safety and efficiency. See below for a list of our services.","robots":{"index":"index","follow":"follow","max-snippet":"max-snippet:-1","max-image-preview":"max-image-preview:large","max-video-preview":"max-video-preview:-1"},"canonical":"https:\/\/eletricistadelisboa.pt\/en\/services\/","og_locale":"en_US","og_type":"article","og_title":"Servi\u00e7os","og_description":"Na Eletricista de Lisboa, oferecemos servi\u00e7os el\u00e9tricos completos para resid\u00eancias e empresas, garantindo seguran\u00e7a e efici\u00eancia. Confira abaixo a lista dos nossos servi\u00e7os.","og_url":"https:\/\/eletricistadelisboa.pt\/en\/services\/","og_site_name":"Eletricista de Lisboa","article_modified_time":"2025-11-06T10:02:30+00:00","twitter_card":"summary_large_image","twitter_misc":{"Est. reading time":"2 minutes"},"schema":{"@context":"https:\/\/schema.org","@graph":[{"@type":"WebPage","@id":"https:\/\/eletricistadelisboa.pt\/servicos\/","url":"https:\/\/eletricistadelisboa.pt\/servicos\/","name":"Services","isPartOf":{"@id":"https:\/\/eletricistadelisboa.pt\/#website"},"datePublished":"2025-01-29T08:05:57+00:00","dateModified":"2025-11-06T10:02:30+00:00","description":"At Eletricista de Lisboa, we offer complete electrical services for homes and businesses, guaranteeing safety and efficiency. See below for a list of our services.","breadcrumb":{"@id":"https:\/\/eletricistadelisboa.pt\/servicos\/#breadcrumb"},"inLanguage":"en-US","potentialAction":[{"@type":"ReadAction","target":["https:\/\/eletricistadelisboa.pt\/servicos\/"]}]},{"@type":"BreadcrumbList","@id":"https:\/\/eletricistadelisboa.pt\/servicos\/#breadcrumb","itemListElement":[{"@type":"ListItem","position":1,"name":"In\u00edcio","item":"https:\/\/eletricistadelisboa.pt\/"},{"@type":"ListItem","position":2,"name":"Servi\u00e7os"}]},{"@type":"WebSite","@id":"https:\/\/eletricistadelisboa.pt\/#website","url":"https:\/\/eletricistadelisboa.pt\/","name":"Eletricista de Lisboa","description":"Fast, high-quality electrical services in Lisbon, available 24 hours a day.","potentialAction":[{"@type":"SearchAction","target":{"@type":"EntryPoint","urlTemplate":"https:\/\/eletricistadelisboa.pt\/?s={search_term_string}"},"query-input":{"@type":"PropertyValueSpecification","valueRequired":true,"valueName":"search_term_string"}}],"inLanguage":"en-US"}]}},"_links":{"self":[{"href":"https:\/\/eletricistadelisboa.pt\/en\/wp-json\/wp\/v2\/pages\/2883","targetHints":{"allow":["GET"]}}],"collection":[{"href":"https:\/\/eletricistadelisboa.pt\/en\/wp-json\/wp\/v2\/pages"}],"about":[{"href":"https:\/\/eletricistadelisboa.pt\/en\/wp-json\/wp\/v2\/types\/page"}],"author":[{"embeddable":true,"href":"https:\/\/eletricistadelisboa.pt\/en\/wp-json\/wp\/v2\/users\/1"}],"replies":[{"embeddable":true,"href":"https:\/\/eletricistadelisboa.pt\/en\/wp-json\/wp\/v2\/comments?post=2883"}],"version-history":[{"count":57,"href":"https:\/\/eletricistadelisboa.pt\/en\/wp-json\/wp\/v2\/pages\/2883\/revisions"}],"predecessor-version":[{"id":3203,"href":"https:\/\/eletricistadelisboa.pt\/en\/wp-json\/wp\/v2\/pages\/2883\/revisions\/3203"}],"wp:attachment":[{"href":"https:\/\/eletricistadelisboa.pt\/en\/wp-json\/wp\/v2\/media?parent=2883"}],"curies":[{"name":"wp","href":"https:\/\/api.w.org\/{rel}","templated":true}]}}