{"id":3178,"date":"2025-11-05T14:49:59","date_gmt":"2025-11-05T14:49:59","guid":{"rendered":"https:\/\/eletricistadelisboa.pt\/?page_id=3178"},"modified":"2025-11-05T14:49:59","modified_gmt":"2025-11-05T14:49:59","slug":"beleuchtung-lissabon","status":"publish","type":"page","link":"https:\/\/eletricistadelisboa.pt\/de\/beleuchtung-lissabon\/","title":{"rendered":"Beleuchtung Lissabon - Schnelle und sichere elektrische Intervention"},"content":{"rendered":"<p>Wir l\u00f6sen <strong>Beleuchtung in Lissabon<\/strong> schnell und sicher. Flackerndes Licht, h\u00e4ufig durchbrennende Gl\u00fchbirnen, Stromkreise ohne Strom oder nicht mehr funktionierende Scheinwerfer - wir kommen an den Ort des Geschehens und bringen es in Ordnung.<\/p>\n<p>Wenn die Beleuchtung in Ihrer Wohnung oder Ihrem Gesch\u00e4ft ausgefallen ist, sollten Sie nicht versuchen zu improvisieren. Elektrische Probleme k\u00f6nnen einen Kurzschluss oder eine \u00dcberhitzung verursachen. Wenn m\u00f6glich, werden wir noch am selben Tag t\u00e4tig.<\/p>\n<h2>Schnelle Beleuchtungsdienste<\/h2>\n<ul>\n<li>Reparatur von Einbaustrahlern und LED-Leuchten;<\/li>\n<li>Behebung von Wackelkontakten und schlechten Kontakten;<\/li>\n<li>Auswechseln von Schaltern und Dimmern;<\/li>\n<li>Reparatur von Beleuchtungskreisen in der Schalttafel;<\/li>\n<li>Einbau oder Verbesserung der Beleuchtung in K\u00fcchen, Wohnr\u00e4umen und Treppenh\u00e4usern.<\/li>\n<\/ul>\n<p>Wir intervenieren in der ganzen Stadt. Keine Komplikationen, keine Verz\u00f6gerungen.<\/p>\n<p>Wenn Sie eine <a href=\"https:\/\/eletricistadelisboa.pt\/de\/\" title=\"Eletricista de Lisboa\">Eletricista de Lisboa<\/a> um ein Beleuchtungsproblem jetzt zu l\u00f6sen, kontaktieren Sie uns.<\/p>\n<hr>\n<p style=\"text-align:center; font-size:1.2em;\">\n\u26a1 Lichtausfall? Probleme mit der Beleuchtung?<br \/>\n<strong>Rufen Sie uns jetzt an. Wir kommen zu Ihnen.<\/strong><\/p>","protected":false},"excerpt":{"rendered":"<p>Resolvemos problemas de ilumina\u00e7\u00e3o em Lisboa de forma r\u00e1pida e segura. Luzes que piscam, l\u00e2mpadas a queimar com frequ\u00eancia, circuitos sem energia ou focos que deixam de funcionar \u2014 vamos at\u00e9 ao local e resolvemos. Se a ilumina\u00e7\u00e3o da sua casa ou neg\u00f3cio falhou, n\u00e3o tente improvisar. Problemas el\u00e9tricos podem causar curto-circuito ou sobreaquecimento. Intervimos [&hellip;]<\/p>\n","protected":false},"author":1,"featured_media":0,"parent":0,"menu_order":0,"comment_status":"closed","ping_status":"closed","template":"","meta":{"iawp_total_views":22,"footnotes":""},"class_list":["post-3178","page","type-page","status-publish","hentry"],"yoast_head":"<!-- This site is optimized with the Yoast SEO plugin v27.5 - https:\/\/yoast.com\/product\/yoast-seo-wordpress\/ -->\n<title>Ilumina\u00e7\u00e3o Lisboa \u2013 Interven\u00e7\u00e3o El\u00e9trica R\u00e1pida e Segura<\/title>\n<meta name=\"description\" content=\"Luzes a piscar, focos sem funcionar ou ilumina\u00e7\u00e3o fraca? T\u00e9cnico em Lisboa com interven\u00e7\u00e3o imediata. Resolvo no mesmo dia. Ligue agora.\" \/>\n<meta name=\"robots\" content=\"index, follow, max-snippet:-1, max-image-preview:large, max-video-preview:-1\" \/>\n<link rel=\"canonical\" href=\"https:\/\/eletricistadelisboa.pt\/de\/beleuchtung-lissabon\/\" \/>\n<meta property=\"og:locale\" content=\"de_DE\" \/>\n<meta property=\"og:type\" content=\"article\" \/>\n<meta property=\"og:title\" content=\"Ilumina\u00e7\u00e3o Lisboa \u2013 Interven\u00e7\u00e3o El\u00e9trica R\u00e1pida e Segura\" \/>\n<meta property=\"og:description\" content=\"Luzes a piscar, focos sem funcionar ou ilumina\u00e7\u00e3o fraca? T\u00e9cnico em Lisboa com interven\u00e7\u00e3o imediata. Resolvo no mesmo dia. Ligue agora.\" \/>\n<meta property=\"og:url\" content=\"https:\/\/eletricistadelisboa.pt\/de\/beleuchtung-lissabon\/\" \/>\n<meta property=\"og:site_name\" content=\"Eletricista de Lisboa\" \/>\n<meta name=\"twitter:card\" content=\"summary_large_image\" \/>\n<meta name=\"twitter:label1\" content=\"Gesch\u00e4tzte Lesezeit\" \/>\n\t<meta name=\"twitter:data1\" content=\"1\u00a0Minute\" \/>\n<script type=\"application\/ld+json\" class=\"yoast-schema-graph\">{\"@context\":\"https:\\\/\\\/schema.org\",\"@graph\":[{\"@type\":\"WebPage\",\"@id\":\"https:\\\/\\\/eletricistadelisboa.pt\\\/iluminacao-lisboa\\\/\",\"url\":\"https:\\\/\\\/eletricistadelisboa.pt\\\/iluminacao-lisboa\\\/\",\"name\":\"Ilumina\u00e7\u00e3o Lisboa \u2013 Interven\u00e7\u00e3o El\u00e9trica R\u00e1pida e Segura\",\"isPartOf\":{\"@id\":\"https:\\\/\\\/eletricistadelisboa.pt\\\/#website\"},\"datePublished\":\"2025-11-05T14:49:59+00:00\",\"description\":\"Luzes a piscar, focos sem funcionar ou ilumina\u00e7\u00e3o fraca? T\u00e9cnico em Lisboa com interven\u00e7\u00e3o imediata. Resolvo no mesmo dia. Ligue agora.\",\"breadcrumb\":{\"@id\":\"https:\\\/\\\/eletricistadelisboa.pt\\\/iluminacao-lisboa\\\/#breadcrumb\"},\"inLanguage\":\"de\",\"potentialAction\":[{\"@type\":\"ReadAction\",\"target\":[\"https:\\\/\\\/eletricistadelisboa.pt\\\/iluminacao-lisboa\\\/\"]}]},{\"@type\":\"BreadcrumbList\",\"@id\":\"https:\\\/\\\/eletricistadelisboa.pt\\\/iluminacao-lisboa\\\/#breadcrumb\",\"itemListElement\":[{\"@type\":\"ListItem\",\"position\":1,\"name\":\"In\u00edcio\",\"item\":\"https:\\\/\\\/eletricistadelisboa.pt\\\/\"},{\"@type\":\"ListItem\",\"position\":2,\"name\":\"Ilumina\u00e7\u00e3o Lisboa \u2013 Interven\u00e7\u00e3o El\u00e9trica R\u00e1pida e Segura\"}]},{\"@type\":\"WebSite\",\"@id\":\"https:\\\/\\\/eletricistadelisboa.pt\\\/#website\",\"url\":\"https:\\\/\\\/eletricistadelisboa.pt\\\/\",\"name\":\"Eletricista de Lisboa\",\"description\":\"Servi\u00e7os el\u00e9tricos r\u00e1pidos e de alta qualidade em Lisboa, dispon\u00edveis 24 horas por dia.\",\"potentialAction\":[{\"@type\":\"SearchAction\",\"target\":{\"@type\":\"EntryPoint\",\"urlTemplate\":\"https:\\\/\\\/eletricistadelisboa.pt\\\/?s={search_term_string}\"},\"query-input\":{\"@type\":\"PropertyValueSpecification\",\"valueRequired\":true,\"valueName\":\"search_term_string\"}}],\"inLanguage\":\"de\"}]}<\/script>\n<!-- \/ Yoast SEO plugin. -->","yoast_head_json":{"title":"Beleuchtung Lissabon - Schnelle und sichere elektrische Intervention","description":"Flackernde Lichter, nicht funktionierende Scheinwerfer oder schlechte Beleuchtung? Techniker in Lissabon mit sofortigem Einsatz. Ich repariere es noch am selben Tag. Rufen Sie jetzt an.","robots":{"index":"index","follow":"follow","max-snippet":"max-snippet:-1","max-image-preview":"max-image-preview:large","max-video-preview":"max-video-preview:-1"},"canonical":"https:\/\/eletricistadelisboa.pt\/de\/beleuchtung-lissabon\/","og_locale":"de_DE","og_type":"article","og_title":"Ilumina\u00e7\u00e3o Lisboa \u2013 Interven\u00e7\u00e3o El\u00e9trica R\u00e1pida e Segura","og_description":"Luzes a piscar, focos sem funcionar ou ilumina\u00e7\u00e3o fraca? T\u00e9cnico em Lisboa com interven\u00e7\u00e3o imediata. Resolvo no mesmo dia. Ligue agora.","og_url":"https:\/\/eletricistadelisboa.pt\/de\/beleuchtung-lissabon\/","og_site_name":"Eletricista de Lisboa","twitter_card":"summary_large_image","twitter_misc":{"Gesch\u00e4tzte Lesezeit":"1\u00a0Minute"},"schema":{"@context":"https:\/\/schema.org","@graph":[{"@type":"WebPage","@id":"https:\/\/eletricistadelisboa.pt\/iluminacao-lisboa\/","url":"https:\/\/eletricistadelisboa.pt\/iluminacao-lisboa\/","name":"Beleuchtung Lissabon - Schnelle und sichere elektrische Intervention","isPartOf":{"@id":"https:\/\/eletricistadelisboa.pt\/#website"},"datePublished":"2025-11-05T14:49:59+00:00","description":"Flackernde Lichter, nicht funktionierende Scheinwerfer oder schlechte Beleuchtung? Techniker in Lissabon mit sofortigem Einsatz. Ich repariere es noch am selben Tag. Rufen Sie jetzt an.","breadcrumb":{"@id":"https:\/\/eletricistadelisboa.pt\/iluminacao-lisboa\/#breadcrumb"},"inLanguage":"de","potentialAction":[{"@type":"ReadAction","target":["https:\/\/eletricistadelisboa.pt\/iluminacao-lisboa\/"]}]},{"@type":"BreadcrumbList","@id":"https:\/\/eletricistadelisboa.pt\/iluminacao-lisboa\/#breadcrumb","itemListElement":[{"@type":"ListItem","position":1,"name":"In\u00edcio","item":"https:\/\/eletricistadelisboa.pt\/"},{"@type":"ListItem","position":2,"name":"Ilumina\u00e7\u00e3o Lisboa \u2013 Interven\u00e7\u00e3o El\u00e9trica R\u00e1pida e Segura"}]},{"@type":"WebSite","@id":"https:\/\/eletricistadelisboa.pt\/#website","url":"https:\/\/eletricistadelisboa.pt\/","name":"Eletricista de Lisboa","description":"Schnelle, qualitativ hochwertige Elektrodienstleistungen in Lissabon, 24 Stunden am Tag verf\u00fcgbar.","potentialAction":[{"@type":"SearchAction","target":{"@type":"EntryPoint","urlTemplate":"https:\/\/eletricistadelisboa.pt\/?s={search_term_string}"},"query-input":{"@type":"PropertyValueSpecification","valueRequired":true,"valueName":"search_term_string"}}],"inLanguage":"de"}]}},"_links":{"self":[{"href":"https:\/\/eletricistadelisboa.pt\/de\/wp-json\/wp\/v2\/pages\/3178","targetHints":{"allow":["GET"]}}],"collection":[{"href":"https:\/\/eletricistadelisboa.pt\/de\/wp-json\/wp\/v2\/pages"}],"about":[{"href":"https:\/\/eletricistadelisboa.pt\/de\/wp-json\/wp\/v2\/types\/page"}],"author":[{"embeddable":true,"href":"https:\/\/eletricistadelisboa.pt\/de\/wp-json\/wp\/v2\/users\/1"}],"replies":[{"embeddable":true,"href":"https:\/\/eletricistadelisboa.pt\/de\/wp-json\/wp\/v2\/comments?post=3178"}],"version-history":[{"count":1,"href":"https:\/\/eletricistadelisboa.pt\/de\/wp-json\/wp\/v2\/pages\/3178\/revisions"}],"predecessor-version":[{"id":3179,"href":"https:\/\/eletricistadelisboa.pt\/de\/wp-json\/wp\/v2\/pages\/3178\/revisions\/3179"}],"wp:attachment":[{"href":"https:\/\/eletricistadelisboa.pt\/de\/wp-json\/wp\/v2\/media?parent=3178"}],"curies":[{"name":"wp","href":"https:\/\/api.w.org\/{rel}","templated":true}]}}