{"id":3081,"date":"2025-01-31T13:58:44","date_gmt":"2025-01-31T13:58:44","guid":{"rendered":"https:\/\/eletricistadelisboa.pt\/?page_id=3081"},"modified":"2025-01-31T13:58:44","modified_gmt":"2025-01-31T13:58:44","slug":"24-stunden-elektriker-lissabon","status":"publish","type":"page","link":"https:\/\/eletricistadelisboa.pt\/de\/24-stunden-elektriker-lissabon\/","title":{"rendered":"24-Stunden-Elektriker Lissabon - Notdienst"},"content":{"rendered":"<p>Sie haben ein elektrisches Problem und brauchen einen <strong>24-Stunden-Elektriker in Lissabon<\/strong>? Elektrische St\u00f6rungen k\u00f6nnen jederzeit auftreten und Ihre Sicherheit und Ihren Komfort gef\u00e4hrden. Um weitere Unannehmlichkeiten zu vermeiden, ist ein elektrischer Notdienst verf\u00fcgbar <strong>jeden Tag, auch an Feiertagen und Wochenenden<\/strong>.<\/p>\n<p>Ganz gleich, ob Sie einen Kurzschluss, einen ausgel\u00f6sten Schutzschalter oder ein Problem mit Ihrer Schalttafel beheben m\u00fcssen, wir garantieren Ihnen einen schnellen, professionellen und sicheren Service in jeder Gegend von Lissabon.<\/p>\n<h2>Wann sollte ich einen 24-Stunden-Elektriker rufen?<\/h2>\n<p>Nicht alle elektrischen Probleme k\u00f6nnen warten. Wenn Sie eines der folgenden Anzeichen bemerken, sollten Sie einen Elektriker rufen. <strong>24-Stunden-Elektriker in Lissabon<\/strong> sofort:<\/p>\n<ul>\n<li><strong>Pl\u00f6tzlicher Stromausfall:<\/strong> Ist Ihr Grundst\u00fcck ohne Strom, aber die Nachbarn haben Licht?<\/li>\n<li><strong>H\u00e4ufiges Ausl\u00f6sen des Leistungsschalters:<\/strong> Dies kann auf eine elektrische \u00dcberlastung oder einen Kurzschluss hinweisen.<\/li>\n<li><strong>Brennende Steckdosen oder ein brennender Geruch:<\/strong> Kurzschlusssignal mit Brandgefahr.<\/li>\n<li><strong>Blinkende oder oszillierende Lichter:<\/strong> Ein Problem mit der Verkabelung oder der Schalttafel.<\/li>\n<li><strong>Freiliegende Dr\u00e4hte oder Funken in Steckdosen:<\/strong> Es besteht Stromschlag- und Brandgefahr.<\/li>\n<li><strong>Elektrische Dusche durchgebrannt:<\/strong> Probleme mit dem Heizelement oder der elektrischen Installation.<\/li>\n<li><strong>Elektrischer Leckstrom:<\/strong> Schockgef\u00fchl beim Ber\u00fchren von elektrischen Ger\u00e4ten oder Wasserh\u00e4hnen.<\/li>\n<\/ul>\n<p>Wenn Sie eines dieser Probleme haben, wenden Sie sich an einen <strong>dringender Elektriker in Lissabon<\/strong> um weitere Sch\u00e4den zu vermeiden.<\/p>\n<h2>24-Stunden-Elektrikerdienste in Lissabon<\/h2>\n<p>Unser <strong>24-Stunden-Elektriker in Lissabon<\/strong> sind bereit, jede elektrische St\u00f6rung zu beheben. Wir bieten Dienstleistungen wie:<\/p>\n<ul>\n<li>Diagnose und Reparatur von Kurzschl\u00fcssen.<\/li>\n<li>Austausch und Wartung von Leistungsschaltern.<\/li>\n<li>Reparatur von durchgebrannten Steckdosen und Schaltern.<\/li>\n<li>Austausch von besch\u00e4digten elektrischen Leitungen.<\/li>\n<li>Behebung von Fehlern in der Telefonzentrale.<\/li>\n<li>Installation und Reparatur von Beleuchtung.<\/li>\n<li>Aufsp\u00fcren und Beheben von elektrischen Lecks.<\/li>\n<li>Reparatur von Heizungen und elektrischen Duschen.<\/li>\n<\/ul>\n<p>Wir arbeiten schnell und effizient, um die Stromversorgung wiederherzustellen und Ihre Sicherheit zu gew\u00e4hrleisten.<\/p>\n<h2>Warum einen 24-Stunden-Elektriker in Lissabon beauftragen?<\/h2>\n<p>Der Versuch, elektrische Probleme auf eigene Faust zu l\u00f6sen, kann gef\u00e4hrlich sein. Beauftragen Sie einen <strong>24-Stunden-Elektriker<\/strong> bietet mehrere Vorteile:<\/p>\n<ul>\n<li><strong>Sicherheit:<\/strong> Verhindert die Gefahr von Stromschl\u00e4gen und Br\u00e4nden.<\/li>\n<li><strong>Sofortiger Dienst:<\/strong> Wir haben das Problem in der k\u00fcrzest m\u00f6glichen Zeit gel\u00f6st.<\/li>\n<li><strong>Pr\u00e4zise Diagnose:<\/strong> Wir ermitteln und beheben die tats\u00e4chliche Ursache der St\u00f6rung.<\/li>\n<li><strong>Verwendung von zertifizierten Materialien:<\/strong> Garantiert dauerhafter und sicherer Betrieb.<\/li>\n<li><strong>Der Service ist 24 Stunden am Tag verf\u00fcgbar:<\/strong> Notdienst zu jeder Zeit.<\/li>\n<\/ul>\n<p>Gehen Sie kein Risiko ein, wenn die Elektroinstallation nicht einwandfrei ist. Z\u00e4hlen Sie auf eine <strong>Elektrofachkraft<\/strong> um jeden elektrischen Notfall zu l\u00f6sen.<\/p>\n<h2>Wie viel kostet ein 24-Stunden-Elektriker in Lissabon?<\/h2>\n<p>Die Kosten f\u00fcr eine <strong>24-Stunden-Elektriker in Lissabon<\/strong> kann variieren je nach<\/p>\n<ul>\n<li>Die Komplexit\u00e4t des elektrischen Problems.<\/li>\n<li>\u00d6ffnungszeiten (Gesch\u00e4ftszeiten, abends oder an Feiertagen).<\/li>\n<li>F\u00fcr die Reparatur ben\u00f6tigte Teile und Materialien.<\/li>\n<li>Lage und Anreise zum Objekt.<\/li>\n<\/ul>\n<p>F\u00fcr einen schnellen und transparenten Kostenvoranschlag nehmen Sie bitte Kontakt mit uns auf und schildern Sie uns Ihren Notfall.<\/p>\n<h2>Wie lange dauert es, ein elektrisches Problem zu l\u00f6sen?<\/h2>\n<p>Die Dauer der Reparatur h\u00e4ngt von der Schwere der St\u00f6rung ab. Kleinere Reparaturen, wie der Austausch von Steckdosen oder Schutzschaltern, k\u00f6nnen in weniger als einer Stunde behoben werden. Komplexere Probleme, wie Fehler in der Schalttafel oder interne Kurzschl\u00fcsse, k\u00f6nnen l\u00e4nger dauern.<\/p>\n<h2>24-Stunden-Elektriker f\u00fcr Haushalte, Unternehmen und Betriebe<\/h2>\n<p>Unser <strong>24-Stunden-Elektrikerdienst in Lissabon<\/strong> ist f\u00fcr alle Arten von Immobilien geeignet:<\/p>\n<ul>\n<li><strong>Wohnsitze:<\/strong> Wir beheben elektrische St\u00f6rungen schnell, um den Komfort und die Sicherheit in Ihrem Haus zu gew\u00e4hrleisten.<\/li>\n<li><strong>Unternehmen und B\u00fcros:<\/strong> Elektrische Wartung zur Vermeidung von Sch\u00e4den und Produktivit\u00e4tsverlusten.<\/li>\n<li><strong>Eigentumswohnungen:<\/strong> Elektrische Reparaturen in Gemeinschaftsbereichen und einzelnen Wohnungen.<\/li>\n<li><strong>Branchen:<\/strong> Hilfe in Notf\u00e4llen, um den sicheren Betrieb der Ger\u00e4te zu gew\u00e4hrleisten.<\/li>\n<\/ul>\n<p>Was auch immer Sie brauchen, wir sind zu jeder Tages- und Nachtzeit f\u00fcr Sie da.<\/p>\n<h2>24-Stunden-Elektriker in Lissabon - Service in der gesamten Region<\/h2>\n<p>Wir k\u00fcmmern uns um elektrische Notf\u00e4lle in der gesamten Region Lissabon, einschlie\u00dflich:<\/p>\n<ul>\n<li>Lissabon Zentrum<\/li>\n<li>Amadora<\/li>\n<li>Odivelas<\/li>\n<li>Sintra<\/li>\n<li>Loures<\/li>\n<li>Cascais<\/li>\n<li>Almada<\/li>\n<\/ul>\n<p>Egal, wo Sie sind, wir sind schnell zur Stelle, um Ihr elektrisches Problem zu l\u00f6sen.<\/p>\n<h2>Ben\u00f6tigen Sie einen 24-Stunden-Elektriker in Lissabon? Rufen Sie jetzt an!<\/h2>\n<p>Wenn Sie mit einer <strong>elektrischer Notfall<\/strong>z\u00f6gern Sie nicht, uns anzurufen. Unser <strong>24-Stunden-Elektriker in Lissabon<\/strong> ist bereit, Ihre Bed\u00fcrfnisse schnell, effizient und sicher zu erf\u00fcllen.<\/p>\n<p><strong>Rufen Sie jetzt an und lassen Sie Ihr elektrisches Problem sofort l\u00f6sen!<\/strong><\/p>","protected":false},"excerpt":{"rendered":"<p>Est\u00e1 com um problema el\u00e9trico e precisa de um eletricista 24 horas em Lisboa? Falhas el\u00e9tricas podem acontecer a qualquer momento, colocando sua seguran\u00e7a e conforto em risco. Para evitar maiores transtornos, um servi\u00e7o de emerg\u00eancia el\u00e9trica est\u00e1 dispon\u00edvel todos os dias, incluindo feriados e fins de semana. Seja para resolver um curto-circuito, um disjuntor [&hellip;]<\/p>\n","protected":false},"author":1,"featured_media":0,"parent":0,"menu_order":0,"comment_status":"closed","ping_status":"closed","template":"","meta":{"iawp_total_views":32,"footnotes":""},"class_list":["post-3081","page","type-page","status-publish","hentry"],"yoast_head":"<!-- This site is optimized with the Yoast SEO plugin v27.5 - https:\/\/yoast.com\/product\/yoast-seo-wordpress\/ -->\n<title>Eletricista 24 Horas Lisboa \u2013 Atendimento de Emerg\u00eancia<\/title>\n<meta name=\"description\" content=\"Precisa de um eletricista 24 horas em Lisboa? Atendimento de emerg\u00eancia r\u00e1pido e seguro para resolver qualquer problema el\u00e9trico. Ligue agora!\" \/>\n<meta name=\"robots\" content=\"index, follow, max-snippet:-1, max-image-preview:large, max-video-preview:-1\" \/>\n<link rel=\"canonical\" href=\"https:\/\/eletricistadelisboa.pt\/de\/24-stunden-elektriker-lissabon\/\" \/>\n<meta property=\"og:locale\" content=\"de_DE\" \/>\n<meta property=\"og:type\" content=\"article\" \/>\n<meta property=\"og:title\" content=\"Eletricista 24 Horas Lisboa \u2013 Atendimento de Emerg\u00eancia\" \/>\n<meta property=\"og:description\" content=\"Precisa de um eletricista 24 horas em Lisboa? Atendimento de emerg\u00eancia r\u00e1pido e seguro para resolver qualquer problema el\u00e9trico. Ligue agora!\" \/>\n<meta property=\"og:url\" content=\"https:\/\/eletricistadelisboa.pt\/de\/24-stunden-elektriker-lissabon\/\" \/>\n<meta property=\"og:site_name\" content=\"Eletricista de Lisboa\" \/>\n<meta name=\"twitter:card\" content=\"summary_large_image\" \/>\n<script type=\"application\/ld+json\" class=\"yoast-schema-graph\">{\"@context\":\"https:\\\/\\\/schema.org\",\"@graph\":[{\"@type\":\"WebPage\",\"@id\":\"https:\\\/\\\/eletricistadelisboa.pt\\\/eletricista-24-horas-lisboa\\\/\",\"url\":\"https:\\\/\\\/eletricistadelisboa.pt\\\/eletricista-24-horas-lisboa\\\/\",\"name\":\"Eletricista 24 Horas Lisboa \u2013 Atendimento de Emerg\u00eancia\",\"isPartOf\":{\"@id\":\"https:\\\/\\\/eletricistadelisboa.pt\\\/#website\"},\"datePublished\":\"2025-01-31T13:58:44+00:00\",\"description\":\"Precisa de um eletricista 24 horas em Lisboa? Atendimento de emerg\u00eancia r\u00e1pido e seguro para resolver qualquer problema el\u00e9trico. Ligue agora!\",\"breadcrumb\":{\"@id\":\"https:\\\/\\\/eletricistadelisboa.pt\\\/eletricista-24-horas-lisboa\\\/#breadcrumb\"},\"inLanguage\":\"de\",\"potentialAction\":[{\"@type\":\"ReadAction\",\"target\":[\"https:\\\/\\\/eletricistadelisboa.pt\\\/eletricista-24-horas-lisboa\\\/\"]}]},{\"@type\":\"BreadcrumbList\",\"@id\":\"https:\\\/\\\/eletricistadelisboa.pt\\\/eletricista-24-horas-lisboa\\\/#breadcrumb\",\"itemListElement\":[{\"@type\":\"ListItem\",\"position\":1,\"name\":\"In\u00edcio\",\"item\":\"https:\\\/\\\/eletricistadelisboa.pt\\\/\"},{\"@type\":\"ListItem\",\"position\":2,\"name\":\"Eletricista 24 Horas Lisboa \u2013 Atendimento de Emerg\u00eancia\"}]},{\"@type\":\"WebSite\",\"@id\":\"https:\\\/\\\/eletricistadelisboa.pt\\\/#website\",\"url\":\"https:\\\/\\\/eletricistadelisboa.pt\\\/\",\"name\":\"Eletricista de Lisboa\",\"description\":\"Servi\u00e7os el\u00e9tricos r\u00e1pidos e de alta qualidade em Lisboa, dispon\u00edveis 24 horas por dia.\",\"potentialAction\":[{\"@type\":\"SearchAction\",\"target\":{\"@type\":\"EntryPoint\",\"urlTemplate\":\"https:\\\/\\\/eletricistadelisboa.pt\\\/?s={search_term_string}\"},\"query-input\":{\"@type\":\"PropertyValueSpecification\",\"valueRequired\":true,\"valueName\":\"search_term_string\"}}],\"inLanguage\":\"de\"}]}<\/script>\n<!-- \/ Yoast SEO plugin. -->","yoast_head_json":{"title":"24-Stunden-Elektriker Lissabon - Notdienst","description":"Brauchen Sie einen 24-Stunden-Elektriker in Lissabon? Schneller und zuverl\u00e4ssiger Notdienst zur L\u00f6sung jedes elektrischen Problems. Rufen Sie uns jetzt an!","robots":{"index":"index","follow":"follow","max-snippet":"max-snippet:-1","max-image-preview":"max-image-preview:large","max-video-preview":"max-video-preview:-1"},"canonical":"https:\/\/eletricistadelisboa.pt\/de\/24-stunden-elektriker-lissabon\/","og_locale":"de_DE","og_type":"article","og_title":"Eletricista 24 Horas Lisboa \u2013 Atendimento de Emerg\u00eancia","og_description":"Precisa de um eletricista 24 horas em Lisboa? Atendimento de emerg\u00eancia r\u00e1pido e seguro para resolver qualquer problema el\u00e9trico. Ligue agora!","og_url":"https:\/\/eletricistadelisboa.pt\/de\/24-stunden-elektriker-lissabon\/","og_site_name":"Eletricista de Lisboa","twitter_card":"summary_large_image","schema":{"@context":"https:\/\/schema.org","@graph":[{"@type":"WebPage","@id":"https:\/\/eletricistadelisboa.pt\/eletricista-24-horas-lisboa\/","url":"https:\/\/eletricistadelisboa.pt\/eletricista-24-horas-lisboa\/","name":"24-Stunden-Elektriker Lissabon - Notdienst","isPartOf":{"@id":"https:\/\/eletricistadelisboa.pt\/#website"},"datePublished":"2025-01-31T13:58:44+00:00","description":"Brauchen Sie einen 24-Stunden-Elektriker in Lissabon? Schneller und zuverl\u00e4ssiger Notdienst zur L\u00f6sung jedes elektrischen Problems. Rufen Sie uns jetzt an!","breadcrumb":{"@id":"https:\/\/eletricistadelisboa.pt\/eletricista-24-horas-lisboa\/#breadcrumb"},"inLanguage":"de","potentialAction":[{"@type":"ReadAction","target":["https:\/\/eletricistadelisboa.pt\/eletricista-24-horas-lisboa\/"]}]},{"@type":"BreadcrumbList","@id":"https:\/\/eletricistadelisboa.pt\/eletricista-24-horas-lisboa\/#breadcrumb","itemListElement":[{"@type":"ListItem","position":1,"name":"In\u00edcio","item":"https:\/\/eletricistadelisboa.pt\/"},{"@type":"ListItem","position":2,"name":"Eletricista 24 Horas Lisboa \u2013 Atendimento de Emerg\u00eancia"}]},{"@type":"WebSite","@id":"https:\/\/eletricistadelisboa.pt\/#website","url":"https:\/\/eletricistadelisboa.pt\/","name":"Eletricista de Lisboa","description":"Schnelle, qualitativ hochwertige Elektrodienstleistungen in Lissabon, 24 Stunden am Tag verf\u00fcgbar.","potentialAction":[{"@type":"SearchAction","target":{"@type":"EntryPoint","urlTemplate":"https:\/\/eletricistadelisboa.pt\/?s={search_term_string}"},"query-input":{"@type":"PropertyValueSpecification","valueRequired":true,"valueName":"search_term_string"}}],"inLanguage":"de"}]}},"_links":{"self":[{"href":"https:\/\/eletricistadelisboa.pt\/de\/wp-json\/wp\/v2\/pages\/3081","targetHints":{"allow":["GET"]}}],"collection":[{"href":"https:\/\/eletricistadelisboa.pt\/de\/wp-json\/wp\/v2\/pages"}],"about":[{"href":"https:\/\/eletricistadelisboa.pt\/de\/wp-json\/wp\/v2\/types\/page"}],"author":[{"embeddable":true,"href":"https:\/\/eletricistadelisboa.pt\/de\/wp-json\/wp\/v2\/users\/1"}],"replies":[{"embeddable":true,"href":"https:\/\/eletricistadelisboa.pt\/de\/wp-json\/wp\/v2\/comments?post=3081"}],"version-history":[{"count":1,"href":"https:\/\/eletricistadelisboa.pt\/de\/wp-json\/wp\/v2\/pages\/3081\/revisions"}],"predecessor-version":[{"id":3082,"href":"https:\/\/eletricistadelisboa.pt\/de\/wp-json\/wp\/v2\/pages\/3081\/revisions\/3082"}],"wp:attachment":[{"href":"https:\/\/eletricistadelisboa.pt\/de\/wp-json\/wp\/v2\/media?parent=3081"}],"curies":[{"name":"wp","href":"https:\/\/api.w.org\/{rel}","templated":true}]}}