{"id":3065,"date":"2025-11-04T13:43:08","date_gmt":"2025-11-04T13:43:08","guid":{"rendered":"https:\/\/eletricistadelisboa.pt\/?page_id=3065"},"modified":"2025-11-05T14:52:59","modified_gmt":"2025-11-05T14:52:59","slug":"dringender-elektriker-lissabon","status":"publish","type":"page","link":"https:\/\/eletricistadelisboa.pt\/de\/dringender-elektriker-lissabon\/","title":{"rendered":"Dringender Elektriker Lissabon - schneller und zuverl\u00e4ssiger 24-Stunden-Service"},"content":{"rendered":"<p><strong>Dringender Elektriker in Lissabon<\/strong> zur Behebung von elektrischen St\u00f6rungen, Kurzschl\u00fcssen, ausgel\u00f6sten Schutzschaltern und hei\u00dfen Steckdosen. Wir kommen schnell und handeln sicher.<\/p>\n<p>Wenn etwas verbrannt riecht, das Licht ausgeht oder Sie ein Knistern in der Anlage h\u00f6ren, gehen Sie kein Risiko ein. Schalten Sie den Stromkreis ab und rufen Sie sofort Hilfe.<\/p>\n<h2>Die Notfallma\u00dfnahmen umfassen:<\/h2>\n<ul>\n<li>Macht wiederherstellen;<\/li>\n<li>Korrektur des Kurzschlusses;<\/li>\n<li>Auswechseln von besch\u00e4digten Schutzschaltern und Steckdosen;<\/li>\n<li>Reparaturen an der Beleuchtung und den elektrischen Schalttafeln;<\/li>\n<li>Service in Wohnungen, Gesch\u00e4ften und B\u00fcros.<\/li>\n<\/ul>\n<p>Wir sind in ganz Lissabon und Umgebung t\u00e4tig und k\u00f6nnen schnell und noch am selben Tag L\u00f6sungen anbieten.<\/p>\n<p>Brauchen Sie es jetzt? Sprechen Sie direkt mit einem <a href=\"https:\/\/eletricistadelisboa.pt\/de\/\" title=\"Dringender Elektriker Lissabon\">Dringender Elektriker Lissabon<\/a>.<\/p>\n<hr>\n<p style=\"text-align:center; font-size:1.2em;\">\n\u26a1 **Elektrizit\u00e4t?**<br \/>\n<strong>Rufen Sie jetzt an. Wir kommen sofort.<\/strong><\/p>","protected":false},"excerpt":{"rendered":"<p>Eletricista urgente em Lisboa para resolver falhas el\u00e9tricas, curtos, disjuntores a disparar e tomadas a aquecer. Chegamos r\u00e1pido e atuamos com seguran\u00e7a. Se algo come\u00e7ou a cheirar a queimado, se a luz foi abaixo ou se ouviu estalos na instala\u00e7\u00e3o, n\u00e3o arrisque. Desligue o circuito e pe\u00e7a assist\u00eancia imediata. Interven\u00e7\u00e3o de urg\u00eancia inclui: Restabelecimento de [&hellip;]<\/p>\n","protected":false},"author":1,"featured_media":0,"parent":0,"menu_order":0,"comment_status":"closed","ping_status":"closed","template":"","meta":{"iawp_total_views":19,"footnotes":""},"class_list":["post-3065","page","type-page","status-publish","hentry"],"yoast_head":"<!-- This site is optimized with the Yoast SEO plugin v27.5 - https:\/\/yoast.com\/product\/yoast-seo-wordpress\/ -->\n<title>Eletricista Urgente Lisboa \u2013 Servi\u00e7o 24 Horas R\u00e1pido e Seguro<\/title>\n<meta name=\"description\" content=\"Precisa de um eletricista urgente em Lisboa? Atendimento 24 horas para emerg\u00eancias el\u00e9tricas. Chame agora para um servi\u00e7o r\u00e1pido e seguro!\" \/>\n<meta name=\"robots\" content=\"index, follow, max-snippet:-1, max-image-preview:large, max-video-preview:-1\" \/>\n<link rel=\"canonical\" href=\"https:\/\/eletricistadelisboa.pt\/de\/dringender-elektriker-lissabon\/\" \/>\n<meta property=\"og:locale\" content=\"de_DE\" \/>\n<meta property=\"og:type\" content=\"article\" \/>\n<meta property=\"og:title\" content=\"Eletricista Urgente Lisboa \u2013 Servi\u00e7o 24 Horas R\u00e1pido e Seguro\" \/>\n<meta property=\"og:description\" content=\"Precisa de um eletricista urgente em Lisboa? Atendimento 24 horas para emerg\u00eancias el\u00e9tricas. Chame agora para um servi\u00e7o r\u00e1pido e seguro!\" \/>\n<meta property=\"og:url\" content=\"https:\/\/eletricistadelisboa.pt\/de\/dringender-elektriker-lissabon\/\" \/>\n<meta property=\"og:site_name\" content=\"Eletricista de Lisboa\" \/>\n<meta property=\"article:modified_time\" content=\"2025-11-05T14:52:59+00:00\" \/>\n<meta name=\"twitter:card\" content=\"summary_large_image\" \/>\n<meta name=\"twitter:label1\" content=\"Gesch\u00e4tzte Lesezeit\" \/>\n\t<meta name=\"twitter:data1\" content=\"4\u00a0Minuten\" \/>\n<script type=\"application\/ld+json\" class=\"yoast-schema-graph\">{\"@context\":\"https:\\\/\\\/schema.org\",\"@graph\":[{\"@type\":\"WebPage\",\"@id\":\"https:\\\/\\\/eletricistadelisboa.pt\\\/eletricista-urgente-lisboa\\\/\",\"url\":\"https:\\\/\\\/eletricistadelisboa.pt\\\/eletricista-urgente-lisboa\\\/\",\"name\":\"Eletricista Urgente Lisboa \u2013 Servi\u00e7o 24 Horas R\u00e1pido e Seguro\",\"isPartOf\":{\"@id\":\"https:\\\/\\\/eletricistadelisboa.pt\\\/#website\"},\"datePublished\":\"2025-11-04T13:43:08+00:00\",\"dateModified\":\"2025-11-05T14:52:59+00:00\",\"description\":\"Precisa de um eletricista urgente em Lisboa? Atendimento 24 horas para emerg\u00eancias el\u00e9tricas. Chame agora para um servi\u00e7o r\u00e1pido e seguro!\",\"breadcrumb\":{\"@id\":\"https:\\\/\\\/eletricistadelisboa.pt\\\/eletricista-urgente-lisboa\\\/#breadcrumb\"},\"inLanguage\":\"de\",\"potentialAction\":[{\"@type\":\"ReadAction\",\"target\":[\"https:\\\/\\\/eletricistadelisboa.pt\\\/eletricista-urgente-lisboa\\\/\"]}]},{\"@type\":\"BreadcrumbList\",\"@id\":\"https:\\\/\\\/eletricistadelisboa.pt\\\/eletricista-urgente-lisboa\\\/#breadcrumb\",\"itemListElement\":[{\"@type\":\"ListItem\",\"position\":1,\"name\":\"In\u00edcio\",\"item\":\"https:\\\/\\\/eletricistadelisboa.pt\\\/\"},{\"@type\":\"ListItem\",\"position\":2,\"name\":\"Eletricista Urgente Lisboa \u2013 Servi\u00e7o 24 Horas R\u00e1pido e Seguro\"}]},{\"@type\":\"WebSite\",\"@id\":\"https:\\\/\\\/eletricistadelisboa.pt\\\/#website\",\"url\":\"https:\\\/\\\/eletricistadelisboa.pt\\\/\",\"name\":\"Eletricista de Lisboa\",\"description\":\"Servi\u00e7os el\u00e9tricos r\u00e1pidos e de alta qualidade em Lisboa, dispon\u00edveis 24 horas por dia.\",\"potentialAction\":[{\"@type\":\"SearchAction\",\"target\":{\"@type\":\"EntryPoint\",\"urlTemplate\":\"https:\\\/\\\/eletricistadelisboa.pt\\\/?s={search_term_string}\"},\"query-input\":{\"@type\":\"PropertyValueSpecification\",\"valueRequired\":true,\"valueName\":\"search_term_string\"}}],\"inLanguage\":\"de\"}]}<\/script>\n<!-- \/ Yoast SEO plugin. -->","yoast_head_json":{"title":"Dringender Elektriker Lissabon - schneller und zuverl\u00e4ssiger 24-Stunden-Service","description":"Sie brauchen dringend einen Elektriker in Lissabon? 24-Stunden-Service f\u00fcr elektrische Notf\u00e4lle. Rufen Sie jetzt an f\u00fcr einen schnellen und sicheren Service!","robots":{"index":"index","follow":"follow","max-snippet":"max-snippet:-1","max-image-preview":"max-image-preview:large","max-video-preview":"max-video-preview:-1"},"canonical":"https:\/\/eletricistadelisboa.pt\/de\/dringender-elektriker-lissabon\/","og_locale":"de_DE","og_type":"article","og_title":"Eletricista Urgente Lisboa \u2013 Servi\u00e7o 24 Horas R\u00e1pido e Seguro","og_description":"Precisa de um eletricista urgente em Lisboa? Atendimento 24 horas para emerg\u00eancias el\u00e9tricas. Chame agora para um servi\u00e7o r\u00e1pido e seguro!","og_url":"https:\/\/eletricistadelisboa.pt\/de\/dringender-elektriker-lissabon\/","og_site_name":"Eletricista de Lisboa","article_modified_time":"2025-11-05T14:52:59+00:00","twitter_card":"summary_large_image","twitter_misc":{"Gesch\u00e4tzte Lesezeit":"4\u00a0Minuten"},"schema":{"@context":"https:\/\/schema.org","@graph":[{"@type":"WebPage","@id":"https:\/\/eletricistadelisboa.pt\/eletricista-urgente-lisboa\/","url":"https:\/\/eletricistadelisboa.pt\/eletricista-urgente-lisboa\/","name":"Dringender Elektriker Lissabon - schneller und zuverl\u00e4ssiger 24-Stunden-Service","isPartOf":{"@id":"https:\/\/eletricistadelisboa.pt\/#website"},"datePublished":"2025-11-04T13:43:08+00:00","dateModified":"2025-11-05T14:52:59+00:00","description":"Sie brauchen dringend einen Elektriker in Lissabon? 24-Stunden-Service f\u00fcr elektrische Notf\u00e4lle. Rufen Sie jetzt an f\u00fcr einen schnellen und sicheren Service!","breadcrumb":{"@id":"https:\/\/eletricistadelisboa.pt\/eletricista-urgente-lisboa\/#breadcrumb"},"inLanguage":"de","potentialAction":[{"@type":"ReadAction","target":["https:\/\/eletricistadelisboa.pt\/eletricista-urgente-lisboa\/"]}]},{"@type":"BreadcrumbList","@id":"https:\/\/eletricistadelisboa.pt\/eletricista-urgente-lisboa\/#breadcrumb","itemListElement":[{"@type":"ListItem","position":1,"name":"In\u00edcio","item":"https:\/\/eletricistadelisboa.pt\/"},{"@type":"ListItem","position":2,"name":"Eletricista Urgente Lisboa \u2013 Servi\u00e7o 24 Horas R\u00e1pido e Seguro"}]},{"@type":"WebSite","@id":"https:\/\/eletricistadelisboa.pt\/#website","url":"https:\/\/eletricistadelisboa.pt\/","name":"Eletricista de Lisboa","description":"Schnelle, qualitativ hochwertige Elektrodienstleistungen in Lissabon, 24 Stunden am Tag verf\u00fcgbar.","potentialAction":[{"@type":"SearchAction","target":{"@type":"EntryPoint","urlTemplate":"https:\/\/eletricistadelisboa.pt\/?s={search_term_string}"},"query-input":{"@type":"PropertyValueSpecification","valueRequired":true,"valueName":"search_term_string"}}],"inLanguage":"de"}]}},"_links":{"self":[{"href":"https:\/\/eletricistadelisboa.pt\/de\/wp-json\/wp\/v2\/pages\/3065","targetHints":{"allow":["GET"]}}],"collection":[{"href":"https:\/\/eletricistadelisboa.pt\/de\/wp-json\/wp\/v2\/pages"}],"about":[{"href":"https:\/\/eletricistadelisboa.pt\/de\/wp-json\/wp\/v2\/types\/page"}],"author":[{"embeddable":true,"href":"https:\/\/eletricistadelisboa.pt\/de\/wp-json\/wp\/v2\/users\/1"}],"replies":[{"embeddable":true,"href":"https:\/\/eletricistadelisboa.pt\/de\/wp-json\/wp\/v2\/comments?post=3065"}],"version-history":[{"count":2,"href":"https:\/\/eletricistadelisboa.pt\/de\/wp-json\/wp\/v2\/pages\/3065\/revisions"}],"predecessor-version":[{"id":3181,"href":"https:\/\/eletricistadelisboa.pt\/de\/wp-json\/wp\/v2\/pages\/3065\/revisions\/3181"}],"wp:attachment":[{"href":"https:\/\/eletricistadelisboa.pt\/de\/wp-json\/wp\/v2\/media?parent=3065"}],"curies":[{"name":"wp","href":"https:\/\/api.w.org\/{rel}","templated":true}]}}