{"id":3059,"date":"2025-01-31T12:52:02","date_gmt":"2025-01-31T12:52:02","guid":{"rendered":"https:\/\/eletricistadelisboa.pt\/?page_id=3059"},"modified":"2025-01-31T12:52:02","modified_gmt":"2025-01-31T12:52:02","slug":"elektrotechnisches-datenblatt","status":"publish","type":"page","link":"https:\/\/eletricistadelisboa.pt\/de\/elektrotechnisches-datenblatt\/","title":{"rendered":"Ficha Eletrot\u00e9cnica - Regulieren Sie Ihre Elektroinstallation"},"content":{"rendered":"<p>Sie ben\u00f6tigen eine <strong>Elektrotechnische Akte<\/strong> um die Stromversorgung zu beantragen oder zu \u00e4ndern? Dieses Dokument ist wichtig, um sicherzustellen, dass die Elektroinstallation Ihrer Immobilie den technischen Normen und Anforderungen des Energiekonzession\u00e4rs entspricht.<\/p>\n<p>Mit einem professionellen Service erstellen wir Ihr elektrotechnisches Dossier schnell und sicher und vermeiden so Verz\u00f6gerungen und Probleme bei der Genehmigung der elektrischen Versorgung.<\/p>\n<h2>Was ist eine elektrotechnische Akte?<\/h2>\n<p>A <strong>Elektrotechnische Akte<\/strong> ist ein technisches Dokument, das detaillierte Informationen \u00fcber die Elektroinstallation einer Immobilie enth\u00e4lt. Es wird vom Energiekonzession\u00e4r verlangt:<\/p>\n<ul>\n<li>Antrag auf einen neuen Stromanschluss.<\/li>\n<li>Zunahme oder Abnahme der kontrahierten Leistung.<\/li>\n<li>\u00c4nderung der Art der Versorgung (einphasig, zweiphasig oder dreiphasig).<\/li>\n<li>Regulierung von Elektroinstallationen.<\/li>\n<li>Technische Sicherheitspr\u00fcfungen.<\/li>\n<\/ul>\n<p>Dieses Dokument ist unerl\u00e4sslich, um sicherzustellen, dass die Elektroinstallation den geforderten Normen entspricht und sicher mit Strom versorgt werden kann.<\/p>\n<h2>Wann wird das elektrotechnische Datenblatt ben\u00f6tigt?<\/h2>\n<p>Die Pr\u00e4sentation von <strong>Elektrotechnische Akte<\/strong> ist in einer Reihe von Situationen obligatorisch, darunter<\/p>\n<ul>\n<li><strong>Neuer elektrischer Anschluss:<\/strong> F\u00fcr neu gebaute Immobilien, die eine Energieversorgung ben\u00f6tigen.<\/li>\n<li><strong>Erh\u00f6hung der elektrischen Ladung:<\/strong> Wenn die Immobilie aufgrund der Installation neuer Ger\u00e4te mehr Strom ben\u00f6tigt.<\/li>\n<li><strong>\u00c4nderungen an der Elektroinstallation:<\/strong> Bei \u00c4nderungen an der elektrischen Anlage, wie z. B. dem Austausch von Kabeln und Schalttafeln.<\/li>\n<li><strong>Regulierung des Stromnetzes:<\/strong> F\u00fcr Grundst\u00fccke mit unregelm\u00e4\u00dfigen oder alten Anschl\u00fcssen.<\/li>\n<li><strong>Eigentumswohnungen und Unternehmen:<\/strong> Sicherstellen, dass die Elektroinstallation den Normen des Versorgungsunternehmens entspricht.<\/li>\n<\/ul>\n<p>Wenn an Ihrer Immobilie eine dieser \u00c4nderungen erforderlich ist, m\u00fcssen Sie das von einem qualifizierten Fachmann ordnungsgem\u00e4\u00df unterzeichnete elektrotechnische Datenblatt vorlegen.<\/p>\n<h2>Welche Informationen finden sich auf dem elektrischen Datenblatt?<\/h2>\n<p>A <strong>Elektrotechnische Akte<\/strong> enth\u00e4lt alle detaillierten Informationen \u00fcber die Elektroinstallation der Immobilie, einschlie\u00dflich:<\/p>\n<ul>\n<li>Angaben zur Immobilie und zum Inhaber der Energieversorgung.<\/li>\n<li>Art der Versorgung (einphasig, zweiphasig oder dreiphasig).<\/li>\n<li>Gesamte installierte Leistung und elektrische Belastung der Stromkreise.<\/li>\n<li>Schema der elektrischen Schalttafel und der Leistungsschalter.<\/li>\n<li>Spezifikation der Erdungsanlage.<\/li>\n<li>Sicherheitsma\u00dfnahmen und Schutz vor \u00dcberspannungen.<\/li>\n<li>Unterschrift eines qualifizierten Elektrikers oder Ingenieurs.<\/li>\n<\/ul>\n<p>Das korrekte Ausf\u00fcllen des Formulars vermeidet Probleme bei der Genehmigung und gew\u00e4hrleistet, dass die Energielieferung in v\u00f6lliger Sicherheit erfolgt.<\/p>\n<h2>Wer kann das elektrotechnische Dossier erstellen?<\/h2>\n<p>A <strong>Elektrotechnische Akte<\/strong> muss von einem qualifizierten Fachmann ausgef\u00fcllt und unterzeichnet werden, z. B. von einem <strong>Elektrofachkraft<\/strong> oder eine <strong>Elektrotechniker<\/strong>. Dieser Fachmann analysiert die Elektroinstallation und stellt sicher, dass alle Angaben korrekt sind, bevor er sie beim Versorgungsunternehmen einreicht.<\/p>\n<p>Die Beauftragung eines Fachmanns vermeidet Fehler beim Ausf\u00fcllen des Formulars und m\u00f6gliche Ablehnungen durch das Autohaus.<\/p>\n<h2>Was sind die Vorteile der Erstellung eines elektrotechnischen Dossiers durch einen Fachmann?<\/h2>\n<p>Realisieren Sie <strong>Elektrotechnische Akte<\/strong> mit einem spezialisierten Fachmann bietet viele Vorteile:<\/p>\n<ul>\n<li><strong>Schnellere Genehmigung im Autohaus:<\/strong> Korrekte Dokumente vermeiden Ablehnung und Nacharbeit.<\/li>\n<li><strong>Sicherheit von Elektroinstallationen:<\/strong> Die technische Kontrolle vermeidet \u00dcberlastungs- und Kurzschlussrisiken.<\/li>\n<li><strong>Einhaltung von Normen:<\/strong> Er stellt sicher, dass die Anlage den erforderlichen technischen Standards entspricht.<\/li>\n<li><strong>Vermeidung von Geldbu\u00dfen und Unregelm\u00e4\u00dfigkeiten:<\/strong> G\u00fcltiges Dokument zum Nachweis der Konformit\u00e4t der Anlage.<\/li>\n<li><strong>Bessere Nutzung der Energie:<\/strong> Anpassungen der Anlage verringern den Abfall und erh\u00f6hen die Effizienz.<\/li>\n<\/ul>\n<p>Mit einem professionellen Service wird Ihr elektrotechnisches Dossier korrekt erstellt und ohne Komplikationen genehmigt.<\/p>\n<h2>Wie hoch sind die Kosten f\u00fcr die Erstellung eines elektrotechnischen Dossiers?<\/h2>\n<p>Die Kosten f\u00fcr <strong>Elektrotechnische Akte<\/strong> kann von einer Reihe von Faktoren abh\u00e4ngen, wie zum Beispiel<\/p>\n<ul>\n<li>Gr\u00f6\u00dfe und Komplexit\u00e4t der Elektroinstallation.<\/li>\n<li>Menge der installierten elektrischen Last.<\/li>\n<li>Das Stromnetz muss angepasst werden.<\/li>\n<li>Dringlichkeit der Ausarbeitung des Dokuments.<\/li>\n<\/ul>\n<p>F\u00fcr einen fairen Kostenvoranschlag und einen Qualit\u00e4tsservice empfehlen wir eine professionelle Bewertung.<\/p>\n<h2>Wie lange dauert es, das elektrische Datenblatt zu erstellen?<\/h2>\n<p>Die Zeit, die f\u00fcr die Vorbereitung der <strong>Elektrotechnische Akte<\/strong> h\u00e4ngt von der Komplexit\u00e4t der Elektroinstallation ab. Im Allgemeinen kann das Dokument innerhalb von 24 bis 48 Stunden erstellt und zugestellt werden, wenn keine \u00c4nderungen am elektrischen Netz erforderlich sind.<\/p>\n<h2>Sie ben\u00f6tigen ein elektrotechnisches Datenblatt? Sprechen Sie mit uns!<\/h2>\n<p>Wenn Sie eine <strong>Elektrotechnische Akte<\/strong> um Ihre Elektroinstallation zu regulieren oder eine neue Energieversorgung zu beantragen, wenden Sie sich an uns. Wir garantieren Ihnen einen professionellen und effizienten Service, um Ihnen die Genehmigung durch den Energiekonzession\u00e4r zu erleichtern.<\/p>","protected":false},"excerpt":{"rendered":"<p>Precisa de uma Ficha Eletrot\u00e9cnica para solicitar ou modificar o fornecimento de energia el\u00e9trica? Esse documento \u00e9 essencial para garantir que a instala\u00e7\u00e3o el\u00e9trica do seu im\u00f3vel atende \u00e0s normas t\u00e9cnicas e requisitos exigidos pela concession\u00e1ria de energia. Com um servi\u00e7o profissional, elaboramos sua ficha eletrot\u00e9cnica de forma r\u00e1pida e segura, evitando atrasos e problemas [&hellip;]<\/p>\n","protected":false},"author":1,"featured_media":0,"parent":0,"menu_order":0,"comment_status":"closed","ping_status":"closed","template":"","meta":{"iawp_total_views":67,"footnotes":""},"class_list":["post-3059","page","type-page","status-publish","hentry"],"yoast_head":"<!-- This site is optimized with the Yoast SEO plugin v27.5 - https:\/\/yoast.com\/product\/yoast-seo-wordpress\/ -->\n<title>Ficha Eletrot\u00e9cnica - Regularize Sua Instala\u00e7\u00e3o El\u00e9trica<\/title>\n<meta name=\"description\" content=\"Precisa de uma Ficha Eletrot\u00e9cnica? Elaboramos o documento com todos os requisitos t\u00e9cnicos exigidos pela concession\u00e1ria de energia. Pe\u00e7a um or\u00e7amento agora!\" \/>\n<meta name=\"robots\" content=\"index, follow, max-snippet:-1, max-image-preview:large, max-video-preview:-1\" \/>\n<link rel=\"canonical\" href=\"https:\/\/eletricistadelisboa.pt\/de\/elektrotechnisches-datenblatt\/\" \/>\n<meta property=\"og:locale\" content=\"de_DE\" \/>\n<meta property=\"og:type\" content=\"article\" \/>\n<meta property=\"og:title\" content=\"Ficha Eletrot\u00e9cnica - Regularize Sua Instala\u00e7\u00e3o El\u00e9trica\" \/>\n<meta property=\"og:description\" content=\"Precisa de uma Ficha Eletrot\u00e9cnica? Elaboramos o documento com todos os requisitos t\u00e9cnicos exigidos pela concession\u00e1ria de energia. Pe\u00e7a um or\u00e7amento agora!\" \/>\n<meta property=\"og:url\" content=\"https:\/\/eletricistadelisboa.pt\/de\/elektrotechnisches-datenblatt\/\" \/>\n<meta property=\"og:site_name\" content=\"Eletricista de Lisboa\" \/>\n<meta name=\"twitter:card\" content=\"summary_large_image\" \/>\n<script type=\"application\/ld+json\" class=\"yoast-schema-graph\">{\"@context\":\"https:\\\/\\\/schema.org\",\"@graph\":[{\"@type\":\"WebPage\",\"@id\":\"https:\\\/\\\/eletricistadelisboa.pt\\\/ficha-eletrotecnica\\\/\",\"url\":\"https:\\\/\\\/eletricistadelisboa.pt\\\/ficha-eletrotecnica\\\/\",\"name\":\"Ficha Eletrot\u00e9cnica - Regularize Sua Instala\u00e7\u00e3o El\u00e9trica\",\"isPartOf\":{\"@id\":\"https:\\\/\\\/eletricistadelisboa.pt\\\/#website\"},\"datePublished\":\"2025-01-31T12:52:02+00:00\",\"description\":\"Precisa de uma Ficha Eletrot\u00e9cnica? Elaboramos o documento com todos os requisitos t\u00e9cnicos exigidos pela concession\u00e1ria de energia. Pe\u00e7a um or\u00e7amento agora!\",\"breadcrumb\":{\"@id\":\"https:\\\/\\\/eletricistadelisboa.pt\\\/ficha-eletrotecnica\\\/#breadcrumb\"},\"inLanguage\":\"de\",\"potentialAction\":[{\"@type\":\"ReadAction\",\"target\":[\"https:\\\/\\\/eletricistadelisboa.pt\\\/ficha-eletrotecnica\\\/\"]}]},{\"@type\":\"BreadcrumbList\",\"@id\":\"https:\\\/\\\/eletricistadelisboa.pt\\\/ficha-eletrotecnica\\\/#breadcrumb\",\"itemListElement\":[{\"@type\":\"ListItem\",\"position\":1,\"name\":\"In\u00edcio\",\"item\":\"https:\\\/\\\/eletricistadelisboa.pt\\\/\"},{\"@type\":\"ListItem\",\"position\":2,\"name\":\"Ficha Eletrot\u00e9cnica &#8211; Regularize Sua Instala\u00e7\u00e3o El\u00e9trica\"}]},{\"@type\":\"WebSite\",\"@id\":\"https:\\\/\\\/eletricistadelisboa.pt\\\/#website\",\"url\":\"https:\\\/\\\/eletricistadelisboa.pt\\\/\",\"name\":\"Eletricista de Lisboa\",\"description\":\"Servi\u00e7os el\u00e9tricos r\u00e1pidos e de alta qualidade em Lisboa, dispon\u00edveis 24 horas por dia.\",\"potentialAction\":[{\"@type\":\"SearchAction\",\"target\":{\"@type\":\"EntryPoint\",\"urlTemplate\":\"https:\\\/\\\/eletricistadelisboa.pt\\\/?s={search_term_string}\"},\"query-input\":{\"@type\":\"PropertyValueSpecification\",\"valueRequired\":true,\"valueName\":\"search_term_string\"}}],\"inLanguage\":\"de\"}]}<\/script>\n<!-- \/ Yoast SEO plugin. -->","yoast_head_json":{"title":"Ficha Eletrot\u00e9cnica - Regulieren Sie Ihre Elektroinstallation","description":"Sie ben\u00f6tigen ein elektrisches Datenblatt? Wir erstellen das Dokument mit allen technischen Anforderungen, die der Energiekonzession\u00e4r verlangt. Fordern Sie jetzt ein Angebot an!","robots":{"index":"index","follow":"follow","max-snippet":"max-snippet:-1","max-image-preview":"max-image-preview:large","max-video-preview":"max-video-preview:-1"},"canonical":"https:\/\/eletricistadelisboa.pt\/de\/elektrotechnisches-datenblatt\/","og_locale":"de_DE","og_type":"article","og_title":"Ficha Eletrot\u00e9cnica - Regularize Sua Instala\u00e7\u00e3o El\u00e9trica","og_description":"Precisa de uma Ficha Eletrot\u00e9cnica? Elaboramos o documento com todos os requisitos t\u00e9cnicos exigidos pela concession\u00e1ria de energia. Pe\u00e7a um or\u00e7amento agora!","og_url":"https:\/\/eletricistadelisboa.pt\/de\/elektrotechnisches-datenblatt\/","og_site_name":"Eletricista de Lisboa","twitter_card":"summary_large_image","schema":{"@context":"https:\/\/schema.org","@graph":[{"@type":"WebPage","@id":"https:\/\/eletricistadelisboa.pt\/ficha-eletrotecnica\/","url":"https:\/\/eletricistadelisboa.pt\/ficha-eletrotecnica\/","name":"Ficha Eletrot\u00e9cnica - Regulieren Sie Ihre Elektroinstallation","isPartOf":{"@id":"https:\/\/eletricistadelisboa.pt\/#website"},"datePublished":"2025-01-31T12:52:02+00:00","description":"Sie ben\u00f6tigen ein elektrisches Datenblatt? Wir erstellen das Dokument mit allen technischen Anforderungen, die der Energiekonzession\u00e4r verlangt. Fordern Sie jetzt ein Angebot an!","breadcrumb":{"@id":"https:\/\/eletricistadelisboa.pt\/ficha-eletrotecnica\/#breadcrumb"},"inLanguage":"de","potentialAction":[{"@type":"ReadAction","target":["https:\/\/eletricistadelisboa.pt\/ficha-eletrotecnica\/"]}]},{"@type":"BreadcrumbList","@id":"https:\/\/eletricistadelisboa.pt\/ficha-eletrotecnica\/#breadcrumb","itemListElement":[{"@type":"ListItem","position":1,"name":"In\u00edcio","item":"https:\/\/eletricistadelisboa.pt\/"},{"@type":"ListItem","position":2,"name":"Ficha Eletrot\u00e9cnica &#8211; Regularize Sua Instala\u00e7\u00e3o El\u00e9trica"}]},{"@type":"WebSite","@id":"https:\/\/eletricistadelisboa.pt\/#website","url":"https:\/\/eletricistadelisboa.pt\/","name":"Eletricista de Lisboa","description":"Schnelle, qualitativ hochwertige Elektrodienstleistungen in Lissabon, 24 Stunden am Tag verf\u00fcgbar.","potentialAction":[{"@type":"SearchAction","target":{"@type":"EntryPoint","urlTemplate":"https:\/\/eletricistadelisboa.pt\/?s={search_term_string}"},"query-input":{"@type":"PropertyValueSpecification","valueRequired":true,"valueName":"search_term_string"}}],"inLanguage":"de"}]}},"_links":{"self":[{"href":"https:\/\/eletricistadelisboa.pt\/de\/wp-json\/wp\/v2\/pages\/3059","targetHints":{"allow":["GET"]}}],"collection":[{"href":"https:\/\/eletricistadelisboa.pt\/de\/wp-json\/wp\/v2\/pages"}],"about":[{"href":"https:\/\/eletricistadelisboa.pt\/de\/wp-json\/wp\/v2\/types\/page"}],"author":[{"embeddable":true,"href":"https:\/\/eletricistadelisboa.pt\/de\/wp-json\/wp\/v2\/users\/1"}],"replies":[{"embeddable":true,"href":"https:\/\/eletricistadelisboa.pt\/de\/wp-json\/wp\/v2\/comments?post=3059"}],"version-history":[{"count":1,"href":"https:\/\/eletricistadelisboa.pt\/de\/wp-json\/wp\/v2\/pages\/3059\/revisions"}],"predecessor-version":[{"id":3061,"href":"https:\/\/eletricistadelisboa.pt\/de\/wp-json\/wp\/v2\/pages\/3059\/revisions\/3061"}],"wp:attachment":[{"href":"https:\/\/eletricistadelisboa.pt\/de\/wp-json\/wp\/v2\/media?parent=3059"}],"curies":[{"name":"wp","href":"https:\/\/api.w.org\/{rel}","templated":true}]}}