{"id":3057,"date":"2025-01-31T12:50:07","date_gmt":"2025-01-31T12:50:07","guid":{"rendered":"https:\/\/eletricistadelisboa.pt\/?page_id=3057"},"modified":"2025-01-31T12:50:07","modified_gmt":"2025-01-31T12:50:07","slug":"praventive-elektrische-wartung","status":"publish","type":"page","link":"https:\/\/eletricistadelisboa.pt\/de\/praventive-elektrische-wartung\/","title":{"rendered":"Vorbeugende elektrische Wartung - Sicherheit und Effizienz"},"content":{"rendered":"<p>A <strong>pr\u00e4ventive elektrische Wartung<\/strong> ist wichtig, um das ordnungsgem\u00e4\u00dfe Funktionieren der elektrischen Anlage zu gew\u00e4hrleisten, St\u00f6rungen zu vermeiden und Unf\u00e4lle zu verhindern. Kleine elektrische Probleme k\u00f6nnen sich zu schwerwiegenden Fehlern entwickeln, die Kurzschl\u00fcsse, Br\u00e4nde oder sogar Sch\u00e4den an elektronischen Ger\u00e4ten verursachen.<\/p>\n<p>Um unangenehme \u00dcberraschungen zu vermeiden und die Sicherheit zu gew\u00e4hrleisten, ist ein pr\u00e4ventiver Wartungsplan f\u00fcr elektrische Anlagen die beste L\u00f6sung f\u00fcr Privathaushalte, Unternehmen und Industrie.<\/p>\n<h2>Was ist vorbeugende elektrische Wartung?<\/h2>\n<p>A <strong>pr\u00e4ventive elektrische Wartung<\/strong> besteht aus regelm\u00e4\u00dfigen Inspektionen und Anpassungen des elektrischen Netzes, bevor Probleme auftreten. Ziel ist es, Verschlei\u00df, \u00dcberhitzung, lose Verbindungen und andere M\u00e4ngel zu erkennen, die die Sicherheit und Effizienz des elektrischen Systems gef\u00e4hrden k\u00f6nnen.<\/p>\n<p>Diese Art der Wartung beugt nicht nur unerwarteten Ausf\u00e4llen vor, sondern verl\u00e4ngert auch die Lebensdauer der Ger\u00e4te und reduziert die Kosten f\u00fcr Notreparaturen.<\/p>\n<h2>Warum ist vorbeugende elektrische Wartung wichtig?<\/h2>\n<p>Die Durchf\u00fchrung regelm\u00e4\u00dfiger Inspektionen des Stromnetzes bietet mehrere Vorteile:<\/p>\n<ul>\n<li><strong>Vermeiden Sie unerwartete Ausf\u00e4lle:<\/strong> Die fr\u00fchzeitige Erkennung von Problemen verringert das Risiko von Stromausf\u00e4llen und Kurzschl\u00fcssen.<\/li>\n<li><strong>Kostensenkung:<\/strong> Durch die planm\u00e4\u00dfige Wartung werden die Kosten f\u00fcr Notreparaturen und den Austausch von durchgebrannten Ger\u00e4ten vermieden.<\/li>\n<li><strong>Gr\u00f6\u00dfere Sicherheit:<\/strong> Verringert das Risiko von Stromschl\u00e4gen, Br\u00e4nden und strukturellen Sch\u00e4den.<\/li>\n<li><strong>Energieeffizienz:<\/strong> Korrigiert Energieverschwendung, die durch lose Verbindungen oder \u00fcberlastete Kabel verursacht wird.<\/li>\n<li><strong>Verl\u00e4ngert die Lebensdauer der Ger\u00e4te:<\/strong> Verhindert \u00dcberlastung und \u00dcberhitzung von elektrischen Ger\u00e4ten.<\/li>\n<\/ul>\n<p>Mit einem <strong>pr\u00e4ventive elektrische Wartung<\/strong>Ihre Anlage ist stets in einwandfreiem Zustand und entspricht den Sicherheitsvorschriften.<\/p>\n<h2>Was beinhaltet eine vorbeugende elektrische Wartung?<\/h2>\n<p>A <strong>pr\u00e4ventive elektrische Wartung<\/strong> umfasst mehrere Schritte, um zu gew\u00e4hrleisten, dass das System sicher und effizient ist. Zu den wichtigsten Aktivit\u00e4ten geh\u00f6ren:<\/p>\n<ul>\n<li><strong>Inspektion der elektrischen Verkabelung:<\/strong> \u00dcberpr\u00fcfung auf ausgefranste Kabel, besch\u00e4digte Isolierung und \u00dcberhitzung.<\/li>\n<li><strong>Analyse von Leistungsschaltern und Schalttafeln:<\/strong> Pr\u00fcfung der Kapazit\u00e4t von Leistungsschaltern zur Vermeidung von \u00dcberlastungen.<\/li>\n<li><strong>Pr\u00fcfung von Steckdosen und Schaltern:<\/strong> Bewertung von losen oder schlecht dimensionierten Verbindungen.<\/li>\n<li><strong>Messung des Erdungswiderstands:<\/strong> \u00dcberpr\u00fcfung des Erdungssystems, um den Schutz vor \u00dcberspannungen zu gew\u00e4hrleisten.<\/li>\n<li><strong>Inspektion von Beleuchtungsanlagen:<\/strong> Beurteilung der Funktionsf\u00e4higkeit von Lampen, Reflektoren und Leuchtenverkabelung.<\/li>\n<li><strong>\u00dcberpr\u00fcfung von Schalttafeln und Kabeln:<\/strong> Inspektion zur Feststellung von \u00dcberlastungen und Stromkreisfehlern.<\/li>\n<li><strong>Pr\u00fcfung elektrischer Ger\u00e4te:<\/strong> Bewertung des Energieverbrauchs und der Effizienz von Maschinen und Ger\u00e4ten.<\/li>\n<\/ul>\n<p>Mit diesem umfassenden Ansatz sorgen wir daf\u00fcr, dass Ihre Elektroinstallation stets sicher ist und einwandfrei funktioniert.<\/p>\n<h2>Wer braucht eine vorbeugende elektrische Wartung?<\/h2>\n<p>A <strong>pr\u00e4ventive elektrische Wartung<\/strong> wird f\u00fcr verschiedene Arten von Immobilien und Sektoren empfohlen:<\/p>\n<ul>\n<li><strong>Wohnsitze:<\/strong> Zur Vermeidung von \u00dcberlastungen und zur Gew\u00e4hrleistung des sicheren Betriebs von elektrischen Ger\u00e4ten.<\/li>\n<li><strong>Unternehmen und B\u00fcros:<\/strong> Vermeidung von Stromausf\u00e4llen und Ausf\u00e4llen von wichtigen Ger\u00e4ten.<\/li>\n<li><strong>Branchen:<\/strong> Damit Maschinen und Ger\u00e4te ohne Unterbrechung laufen.<\/li>\n<li><strong>Eigentumswohnungen und Geb\u00e4ude:<\/strong> Gew\u00e4hrleistung der Sicherheit in kommunalen Bereichen und Verhinderung von St\u00f6rungen im Stromnetz.<\/li>\n<li><strong>Krankenh\u00e4user und Kliniken:<\/strong> Wo Strom f\u00fcr den Betrieb medizinischer Ger\u00e4te unerl\u00e4sslich ist.<\/li>\n<\/ul>\n<p>Unabh\u00e4ngig von der Art der Immobilie ist eine vorbeugende Wartung unerl\u00e4sslich, um Probleme zu vermeiden und das ordnungsgem\u00e4\u00dfe Funktionieren der elektrischen Anlage zu gew\u00e4hrleisten.<\/p>\n<h2>Wie oft sollte die elektrische Wartung durchgef\u00fchrt werden?<\/h2>\n<p>Die H\u00e4ufigkeit der <strong>pr\u00e4ventive elektrische Wartung<\/strong> h\u00e4ngt von der Art der Installation und der verwendeten elektrischen Last ab. Einige allgemeine Empfehlungen sind:<\/p>\n<ul>\n<li><strong>Wohnsitze:<\/strong> J\u00e4hrliche Inspektion zur Vermeidung von Fehlern im elektrischen Netz.<\/li>\n<li><strong>Unternehmen und B\u00fcros:<\/strong> Inspektion alle 6 Monate, da die Ger\u00e4te st\u00e4ndig benutzt werden.<\/li>\n<li><strong>Branchen:<\/strong> Viertelj\u00e4hrliche Wartung oder wie vom Ger\u00e4tehersteller empfohlen.<\/li>\n<li><strong>Krankenh\u00e4user und Laboratorien:<\/strong> Monatliche Inspektion oder nach spezifischen Vorschriften.<\/li>\n<\/ul>\n<p>Die ideale Empfehlung sollte von einem qualifizierten Elektriker nach einer Beurteilung der elektrischen Anlage ausgesprochen werden.<\/p>\n<h2>Wie viel kostet die vorbeugende elektrische Wartung?<\/h2>\n<p>Die Kosten f\u00fcr <strong>pr\u00e4ventive elektrische Wartung<\/strong> kann in Abh\u00e4ngigkeit von mehreren Faktoren variieren:<\/p>\n<ul>\n<li>Gr\u00f6\u00dfe der Elektroinstallation.<\/li>\n<li>Menge der zu pr\u00fcfenden elektrischen Betriebsmittel.<\/li>\n<li>Komplexit\u00e4t des elektrischen Systems (einphasig, zweiphasig oder dreiphasig).<\/li>\n<li>Notwendigkeit von Reparaturen oder Austausch von Komponenten.<\/li>\n<\/ul>\n<p>F\u00fcr einen detaillierten und fairen Kostenvoranschlag empfehlen wir eine professionelle Standortbestimmung.<\/p>\n<h2>Wie lange dauert die vorbeugende elektrische Wartung?<\/h2>\n<p>Die Zeit, die f\u00fcr die Durchf\u00fchrung der <strong>pr\u00e4ventive elektrische Wartung<\/strong> h\u00e4ngt von der Komplexit\u00e4t der Dienstleistung ab. Kleine Inspektionen k\u00f6nnen in wenigen Stunden erledigt werden, w\u00e4hrend detailliertere Analysen ein oder zwei Tage dauern k\u00f6nnen.<\/p>\n<h2>Sie ben\u00f6tigen eine vorbeugende elektrische Wartung? Sprechen Sie mit uns!<\/h2>\n<p>Wenn Sie die Sicherheit und Effizienz Ihrer Elektroinstallation gew\u00e4hrleisten wollen, wenden Sie sich an uns. Wir bieten eine professionelle <strong>pr\u00e4ventive elektrische Wartung<\/strong> f\u00fcr Haushalte, Unternehmen und Industrie.<\/p>","protected":false},"excerpt":{"rendered":"<p>A manuten\u00e7\u00e3o el\u00e9trica preventiva \u00e9 essencial para garantir o bom funcionamento da instala\u00e7\u00e3o el\u00e9trica, prevenir falhas e evitar acidentes. Pequenos problemas el\u00e9tricos podem evoluir para falhas graves, causando curtos-circuitos, inc\u00eandios ou at\u00e9 mesmo danos a equipamentos eletr\u00f4nicos. Se deseja evitar surpresas desagrad\u00e1veis e garantir seguran\u00e7a, um plano de manuten\u00e7\u00e3o el\u00e9trica preventiva \u00e9 a melhor solu\u00e7\u00e3o [&hellip;]<\/p>\n","protected":false},"author":1,"featured_media":0,"parent":0,"menu_order":0,"comment_status":"closed","ping_status":"closed","template":"","meta":{"iawp_total_views":9,"footnotes":""},"class_list":["post-3057","page","type-page","status-publish","hentry"],"yoast_head":"<!-- This site is optimized with the Yoast SEO plugin v27.3 - https:\/\/yoast.com\/product\/yoast-seo-wordpress\/ -->\n<title>Manuten\u00e7\u00e3o El\u00e9trica Preventiva \u2013 Seguran\u00e7a e Efici\u00eancia<\/title>\n<meta name=\"description\" content=\"Precisa de manuten\u00e7\u00e3o el\u00e9trica preventiva? Evite falhas, aumente a seguran\u00e7a e reduza custos com inspe\u00e7\u00f5es regulares. Pe\u00e7a um or\u00e7amento agora!\" \/>\n<meta name=\"robots\" content=\"index, follow, max-snippet:-1, max-image-preview:large, max-video-preview:-1\" \/>\n<link rel=\"canonical\" href=\"https:\/\/eletricistadelisboa.pt\/de\/praventive-elektrische-wartung\/\" \/>\n<meta property=\"og:locale\" content=\"de_DE\" \/>\n<meta property=\"og:type\" content=\"article\" \/>\n<meta property=\"og:title\" content=\"Manuten\u00e7\u00e3o El\u00e9trica Preventiva \u2013 Seguran\u00e7a e Efici\u00eancia\" \/>\n<meta property=\"og:description\" content=\"Precisa de manuten\u00e7\u00e3o el\u00e9trica preventiva? Evite falhas, aumente a seguran\u00e7a e reduza custos com inspe\u00e7\u00f5es regulares. Pe\u00e7a um or\u00e7amento agora!\" \/>\n<meta property=\"og:url\" content=\"https:\/\/eletricistadelisboa.pt\/de\/praventive-elektrische-wartung\/\" \/>\n<meta property=\"og:site_name\" content=\"Eletricista de Lisboa\" \/>\n<meta name=\"twitter:card\" content=\"summary_large_image\" \/>\n<script type=\"application\/ld+json\" class=\"yoast-schema-graph\">{\"@context\":\"https:\\\/\\\/schema.org\",\"@graph\":[{\"@type\":\"WebPage\",\"@id\":\"https:\\\/\\\/eletricistadelisboa.pt\\\/manutencao-eletrica-preventiva\\\/\",\"url\":\"https:\\\/\\\/eletricistadelisboa.pt\\\/manutencao-eletrica-preventiva\\\/\",\"name\":\"Manuten\u00e7\u00e3o El\u00e9trica Preventiva \u2013 Seguran\u00e7a e Efici\u00eancia\",\"isPartOf\":{\"@id\":\"https:\\\/\\\/eletricistadelisboa.pt\\\/#website\"},\"datePublished\":\"2025-01-31T12:50:07+00:00\",\"description\":\"Precisa de manuten\u00e7\u00e3o el\u00e9trica preventiva? Evite falhas, aumente a seguran\u00e7a e reduza custos com inspe\u00e7\u00f5es regulares. Pe\u00e7a um or\u00e7amento agora!\",\"breadcrumb\":{\"@id\":\"https:\\\/\\\/eletricistadelisboa.pt\\\/manutencao-eletrica-preventiva\\\/#breadcrumb\"},\"inLanguage\":\"de\",\"potentialAction\":[{\"@type\":\"ReadAction\",\"target\":[\"https:\\\/\\\/eletricistadelisboa.pt\\\/manutencao-eletrica-preventiva\\\/\"]}]},{\"@type\":\"BreadcrumbList\",\"@id\":\"https:\\\/\\\/eletricistadelisboa.pt\\\/manutencao-eletrica-preventiva\\\/#breadcrumb\",\"itemListElement\":[{\"@type\":\"ListItem\",\"position\":1,\"name\":\"In\u00edcio\",\"item\":\"https:\\\/\\\/eletricistadelisboa.pt\\\/\"},{\"@type\":\"ListItem\",\"position\":2,\"name\":\"Manuten\u00e7\u00e3o El\u00e9trica Preventiva \u2013 Seguran\u00e7a e Efici\u00eancia\"}]},{\"@type\":\"WebSite\",\"@id\":\"https:\\\/\\\/eletricistadelisboa.pt\\\/#website\",\"url\":\"https:\\\/\\\/eletricistadelisboa.pt\\\/\",\"name\":\"Eletricista de Lisboa\",\"description\":\"Servi\u00e7os el\u00e9tricos r\u00e1pidos e de alta qualidade em Lisboa, dispon\u00edveis 24 horas por dia.\",\"potentialAction\":[{\"@type\":\"SearchAction\",\"target\":{\"@type\":\"EntryPoint\",\"urlTemplate\":\"https:\\\/\\\/eletricistadelisboa.pt\\\/?s={search_term_string}\"},\"query-input\":{\"@type\":\"PropertyValueSpecification\",\"valueRequired\":true,\"valueName\":\"search_term_string\"}}],\"inLanguage\":\"de\"}]}<\/script>\n<!-- \/ Yoast SEO plugin. -->","yoast_head_json":{"title":"Vorbeugende elektrische Wartung - Sicherheit und Effizienz","description":"Brauchen Sie eine vorbeugende elektrische Wartung? Vermeiden Sie St\u00f6rungen, erh\u00f6hen Sie die Sicherheit und senken Sie die Kosten durch regelm\u00e4\u00dfige Inspektionen. Fordern Sie jetzt ein Angebot an!","robots":{"index":"index","follow":"follow","max-snippet":"max-snippet:-1","max-image-preview":"max-image-preview:large","max-video-preview":"max-video-preview:-1"},"canonical":"https:\/\/eletricistadelisboa.pt\/de\/praventive-elektrische-wartung\/","og_locale":"de_DE","og_type":"article","og_title":"Manuten\u00e7\u00e3o El\u00e9trica Preventiva \u2013 Seguran\u00e7a e Efici\u00eancia","og_description":"Precisa de manuten\u00e7\u00e3o el\u00e9trica preventiva? Evite falhas, aumente a seguran\u00e7a e reduza custos com inspe\u00e7\u00f5es regulares. Pe\u00e7a um or\u00e7amento agora!","og_url":"https:\/\/eletricistadelisboa.pt\/de\/praventive-elektrische-wartung\/","og_site_name":"Eletricista de Lisboa","twitter_card":"summary_large_image","schema":{"@context":"https:\/\/schema.org","@graph":[{"@type":"WebPage","@id":"https:\/\/eletricistadelisboa.pt\/manutencao-eletrica-preventiva\/","url":"https:\/\/eletricistadelisboa.pt\/manutencao-eletrica-preventiva\/","name":"Vorbeugende elektrische Wartung - Sicherheit und Effizienz","isPartOf":{"@id":"https:\/\/eletricistadelisboa.pt\/#website"},"datePublished":"2025-01-31T12:50:07+00:00","description":"Brauchen Sie eine vorbeugende elektrische Wartung? Vermeiden Sie St\u00f6rungen, erh\u00f6hen Sie die Sicherheit und senken Sie die Kosten durch regelm\u00e4\u00dfige Inspektionen. Fordern Sie jetzt ein Angebot an!","breadcrumb":{"@id":"https:\/\/eletricistadelisboa.pt\/manutencao-eletrica-preventiva\/#breadcrumb"},"inLanguage":"de","potentialAction":[{"@type":"ReadAction","target":["https:\/\/eletricistadelisboa.pt\/manutencao-eletrica-preventiva\/"]}]},{"@type":"BreadcrumbList","@id":"https:\/\/eletricistadelisboa.pt\/manutencao-eletrica-preventiva\/#breadcrumb","itemListElement":[{"@type":"ListItem","position":1,"name":"In\u00edcio","item":"https:\/\/eletricistadelisboa.pt\/"},{"@type":"ListItem","position":2,"name":"Manuten\u00e7\u00e3o El\u00e9trica Preventiva \u2013 Seguran\u00e7a e Efici\u00eancia"}]},{"@type":"WebSite","@id":"https:\/\/eletricistadelisboa.pt\/#website","url":"https:\/\/eletricistadelisboa.pt\/","name":"Eletricista de Lisboa","description":"Schnelle, qualitativ hochwertige Elektrodienstleistungen in Lissabon, 24 Stunden am Tag verf\u00fcgbar.","potentialAction":[{"@type":"SearchAction","target":{"@type":"EntryPoint","urlTemplate":"https:\/\/eletricistadelisboa.pt\/?s={search_term_string}"},"query-input":{"@type":"PropertyValueSpecification","valueRequired":true,"valueName":"search_term_string"}}],"inLanguage":"de"}]}},"_links":{"self":[{"href":"https:\/\/eletricistadelisboa.pt\/de\/wp-json\/wp\/v2\/pages\/3057","targetHints":{"allow":["GET"]}}],"collection":[{"href":"https:\/\/eletricistadelisboa.pt\/de\/wp-json\/wp\/v2\/pages"}],"about":[{"href":"https:\/\/eletricistadelisboa.pt\/de\/wp-json\/wp\/v2\/types\/page"}],"author":[{"embeddable":true,"href":"https:\/\/eletricistadelisboa.pt\/de\/wp-json\/wp\/v2\/users\/1"}],"replies":[{"embeddable":true,"href":"https:\/\/eletricistadelisboa.pt\/de\/wp-json\/wp\/v2\/comments?post=3057"}],"version-history":[{"count":1,"href":"https:\/\/eletricistadelisboa.pt\/de\/wp-json\/wp\/v2\/pages\/3057\/revisions"}],"predecessor-version":[{"id":3058,"href":"https:\/\/eletricistadelisboa.pt\/de\/wp-json\/wp\/v2\/pages\/3057\/revisions\/3058"}],"wp:attachment":[{"href":"https:\/\/eletricistadelisboa.pt\/de\/wp-json\/wp\/v2\/media?parent=3057"}],"curies":[{"name":"wp","href":"https:\/\/api.w.org\/{rel}","templated":true}]}}