{"id":3044,"date":"2025-01-31T12:26:38","date_gmt":"2025-01-31T12:26:38","guid":{"rendered":"https:\/\/eletricistadelisboa.pt\/?page_id=3044"},"modified":"2025-01-31T12:26:38","modified_gmt":"2025-01-31T12:26:38","slug":"elektrofachkrafte","status":"publish","type":"page","link":"https:\/\/eletricistadelisboa.pt\/de\/elektrofachkrafte\/","title":{"rendered":"Zertifizierte Elektriker - Qualifizierte Fachkr\u00e4fte"},"content":{"rendered":"<p>Sie ben\u00f6tigen eine <strong>Elektrofachkraft<\/strong>? Um die Sicherheit und Effizienz Ihrer Elektroinstallation zu gew\u00e4hrleisten, ist es unerl\u00e4sslich, einen qualifizierten und registrierten Fachmann zu beauftragen. Elektrische Probleme k\u00f6nnen ernsthafte Risiken wie Kurzschl\u00fcsse und Br\u00e4nde mit sich bringen, und eine schlecht ausgef\u00fchrte Arbeit kann gro\u00dfe Sch\u00e4den verursachen.<\/p>\n<p>Ob f\u00fcr Installationen, Wartung oder Reparaturen, Sie k\u00f6nnen sich auf <strong>Elektrofachkr\u00e4fte<\/strong> garantiert, dass die Arbeiten unter Einhaltung der technischen und sicherheitstechnischen Normen durchgef\u00fchrt werden.<\/p>\n<h2>Was ist ein zertifizierter Elektriker?<\/h2>\n<p>Eine <strong>Elektrofachkraft<\/strong> ist eine qualifizierte Fachkraft, die ausgebildet und befugt ist, Elektroinstallationen sicher und effizient auszuf\u00fchren. Diese Fachkraft verf\u00fcgt \u00fcber das technische Wissen \u00fcber Stromkreise, gesetzliche Normen und bew\u00e4hrte Verfahren, um eine zuverl\u00e4ssige Dienstleistung zu gew\u00e4hrleisten.<\/p>\n<p>Zertifizierte Elektriker k\u00f6nnen in einer Vielzahl von Bereichen arbeiten, wie zum Beispiel:<\/p>\n<ul>\n<li><strong>Elektroinstallation in Wohn- und Gesch\u00e4ftsgeb\u00e4uden:<\/strong> Montage und Verteilung von Schaltkreisen.<\/li>\n<li><strong>Elektrische Wartung:<\/strong> Vorbeugung und Behebung von Fehlern in der elektrischen Anlage.<\/li>\n<li><strong>Beleuchtungsanlage:<\/strong> Spots, LEDs, Plafonds und dekorative Systeme.<\/li>\n<li><strong>Hausautomatisierung:<\/strong> Integration von intelligenten Ger\u00e4ten zur Fernsteuerung.<\/li>\n<li><strong>Elektrische Schalttafeln:<\/strong> Ersatzbeschaffung, Instandhaltung und Modernisierung.<\/li>\n<li><strong>Erh\u00f6hung der Vertragsleistung:<\/strong> Anpassung der Anlage, um gr\u00f6\u00dferen Belastungen standzuhalten.<\/li>\n<li><strong>Elektrische Zertifizierung und Inspektion:<\/strong> Bewertung, um die Einhaltung der technischen Normen zu gew\u00e4hrleisten.<\/li>\n<\/ul>\n<h2>Warum zertifizierte Elektriker beauftragen?<\/h2>\n<p>Mieten Sie einen <strong>Elektrofachkraft<\/strong> bringt mehrere Vorteile mit sich und garantiert eine sichere und effiziente Dienstleistung. Hier sind einige der wichtigsten Vorteile:<\/p>\n<ul>\n<li><strong>Sicherheit:<\/strong> Verhindert Kurzschl\u00fcsse, elektrische Schl\u00e4ge und Br\u00e4nde.<\/li>\n<li><strong>Konformit\u00e4tsgarantie:<\/strong> Der Dienst entspricht den vorgeschriebenen Normen.<\/li>\n<li><strong>Energieeffizienz:<\/strong> Eine korrekte Installation verringert den Abfall und erh\u00f6ht die Lebensdauer der Ger\u00e4te.<\/li>\n<li><strong>L\u00e4ngere Lebensdauer der Anlage:<\/strong> Vermeidet fr\u00fchzeitige Ausf\u00e4lle und den Bedarf an h\u00e4ufiger Wartung.<\/li>\n<li><strong>Langfristige Einsparungen:<\/strong> Verringerung der Energiekosten und unn\u00f6tiger Reparaturen.<\/li>\n<\/ul>\n<p>Ein zertifizierter Fachmann verf\u00fcgt \u00fcber aktuelles technisches Wissen und wei\u00df, wie er elektrische Gefahren in Ihrer Immobilie vermeiden kann.<\/p>\n<h2>Wann sollte ich einen zertifizierten Elektriker rufen?<\/h2>\n<p>Elektrische Probleme sind nicht immer sichtbar, aber es gibt einige eindeutige Anzeichen daf\u00fcr, dass es an der Zeit ist, einen Elektriker zu rufen. <strong>Elektrofachkraft<\/strong>:<\/p>\n<ul>\n<li><strong>H\u00e4ufiges Ausl\u00f6sen von Leistungsschaltern:<\/strong> Dies kann auf eine \u00dcberlastung der Elektroinstallation hinweisen.<\/li>\n<li><strong>Steckdosen werden hei\u00df oder riechen verbrannt:<\/strong> Kurzschlusssignal steht an.<\/li>\n<li><strong>Blinkende oder oszillierende Lichter:<\/strong> Es k\u00f6nnte ein Problem mit der Verkabelung oder den Schutzschaltern sein.<\/li>\n<li><strong>Freiliegende oder alte Leitungen:<\/strong> Es besteht Stromschlag- und Brandgefahr.<\/li>\n<li><strong>Installation von neuen Ger\u00e4ten:<\/strong> Wenn Sie eine Klimaanlage, eine elektrische Dusche oder Ger\u00e4te mit hohem Stromverbrauch installieren m\u00f6chten, m\u00fcssen Sie das Stromnetz anpassen.<\/li>\n<li><strong>Neue elektrische Projekte oder Renovierungen:<\/strong> Der fachgerechte Einbau garantiert Sicherheit und Energieeffizienz.<\/li>\n<\/ul>\n<p>Wenn Sie eines dieser Anzeichen bemerken, sollten Sie nicht z\u00f6gern, einen zertifizierten Elektriker zu rufen, um die Situation zu beurteilen.<\/p>\n<h2>Welche Leistungen kann ein zertifizierter Elektriker erbringen?<\/h2>\n<p>Unser <strong>Elektrofachkr\u00e4fte<\/strong> bieten eine breite Palette von Elektrodienstleistungen an, darunter:<\/p>\n<ul>\n<li>Elektroinstallation und -wartung.<\/li>\n<li>Erneuerung und Modernisierung der elektrischen Schalttafeln.<\/li>\n<li>Installation von LED-Beleuchtung und intelligenten Systemen.<\/li>\n<li>Automatisierung im Wohn- und Gesch\u00e4ftsbereich.<\/li>\n<li>Beseitigung von \u00dcberlastungen und Kurzschl\u00fcssen.<\/li>\n<li>Reparaturen an Steckdosen, Schaltern und Schutzschaltern.<\/li>\n<li>Anpassung der Stromnetze zur Erh\u00f6hung der Vertragsleistung.<\/li>\n<li>Elektrische Projekte und Sicherheitszertifizierung.<\/li>\n<\/ul>\n<h2>Wie viel kostet es, einen zertifizierten Elektriker zu engagieren?<\/h2>\n<p>Der Wert eines <strong>Elektrofachkraft<\/strong> kann von folgenden Faktoren abh\u00e4ngen<\/p>\n<ul>\n<li>Art und Komplexit\u00e4t des elektrischen Dienstes.<\/li>\n<li>Anzahl der zu installierenden oder zu reparierenden elektrischen Anschl\u00fcsse.<\/li>\n<li>F\u00fcr die Durchf\u00fchrung der Dienstleistung ben\u00f6tigte Materialien.<\/li>\n<li>Dringlichkeit des Dienstes (f\u00fcr Notdienste k\u00f6nnen zus\u00e4tzliche Kosten anfallen).<\/li>\n<\/ul>\n<p>Um einen genauen und transparenten Kostenvoranschlag zu erhalten, empfehlen wir eine professionelle Bewertung.<\/p>\n<h2>Wie lange dauert ein Elektroauftrag?<\/h2>\n<p>Die Zeit, die f\u00fcr die Durchf\u00fchrung einer elektrischen Dienstleistung ben\u00f6tigt wird, h\u00e4ngt von der Komplexit\u00e4t der Installation oder Reparatur ab. Einfache Arbeiten, wie das Auswechseln von Schutzschaltern und die Installation von Steckdosen, k\u00f6nnen in wenigen Stunden erledigt werden. Gr\u00f6\u00dfere Projekte, wie z. B. die komplette Umgestaltung der Elektrik oder die Aufr\u00fcstung der Stromversorgung, k\u00f6nnen mehrere Tage in Anspruch nehmen.<\/p>\n<h2>Sie brauchen einen zertifizierten Elektriker? Sprechen Sie mit uns!<\/h2>\n<p>Wenn Sie auf der Suche nach <strong>Elektrofachkr\u00e4fte<\/strong> f\u00fcr Elektroinstallation, -wartung oder -reparatur, dann nehmen Sie bitte Kontakt mit uns auf. Wir garantieren Ihnen einen professionellen, sicheren und hochwertigen Service f\u00fcr Ihr Zuhause oder Ihr Unternehmen.<\/p>","protected":false},"excerpt":{"rendered":"<p>Precisa de um eletricista certificado? Para garantir a seguran\u00e7a e efici\u00eancia da sua instala\u00e7\u00e3o el\u00e9trica, \u00e9 fundamental contar com um profissional qualificado e registrado. Problemas el\u00e9tricos podem representar s\u00e9rios riscos, como curtos-circuitos e inc\u00eandios, e um servi\u00e7o mal executado pode trazer grandes preju\u00edzos. Seja para instala\u00e7\u00f5es, manuten\u00e7\u00f5es ou reparos, contar com eletricistas certificados garante que [&hellip;]<\/p>\n","protected":false},"author":1,"featured_media":0,"parent":0,"menu_order":0,"comment_status":"closed","ping_status":"closed","template":"","meta":{"iawp_total_views":14,"footnotes":""},"class_list":["post-3044","page","type-page","status-publish","hentry"],"yoast_head":"<!-- This site is optimized with the Yoast SEO plugin v27.3 - https:\/\/yoast.com\/product\/yoast-seo-wordpress\/ -->\n<title>Eletricistas Certificados \u2013 Profissionais Qualificados<\/title>\n<meta name=\"description\" content=\"Procura eletricistas certificados? Garantimos servi\u00e7os el\u00e9tricos seguros, eficientes e de acordo com as normas t\u00e9cnicas. Pe\u00e7a um or\u00e7amento agora!\" \/>\n<meta name=\"robots\" content=\"index, follow, max-snippet:-1, max-image-preview:large, max-video-preview:-1\" \/>\n<link rel=\"canonical\" href=\"https:\/\/eletricistadelisboa.pt\/de\/elektrofachkrafte\/\" \/>\n<meta property=\"og:locale\" content=\"de_DE\" \/>\n<meta property=\"og:type\" content=\"article\" \/>\n<meta property=\"og:title\" content=\"Eletricistas Certificados \u2013 Profissionais Qualificados\" \/>\n<meta property=\"og:description\" content=\"Procura eletricistas certificados? Garantimos servi\u00e7os el\u00e9tricos seguros, eficientes e de acordo com as normas t\u00e9cnicas. Pe\u00e7a um or\u00e7amento agora!\" \/>\n<meta property=\"og:url\" content=\"https:\/\/eletricistadelisboa.pt\/de\/elektrofachkrafte\/\" \/>\n<meta property=\"og:site_name\" content=\"Eletricista de Lisboa\" \/>\n<meta name=\"twitter:card\" content=\"summary_large_image\" \/>\n<script type=\"application\/ld+json\" class=\"yoast-schema-graph\">{\"@context\":\"https:\\\/\\\/schema.org\",\"@graph\":[{\"@type\":\"WebPage\",\"@id\":\"https:\\\/\\\/eletricistadelisboa.pt\\\/eletricistas-certificados\\\/\",\"url\":\"https:\\\/\\\/eletricistadelisboa.pt\\\/eletricistas-certificados\\\/\",\"name\":\"Eletricistas Certificados \u2013 Profissionais Qualificados\",\"isPartOf\":{\"@id\":\"https:\\\/\\\/eletricistadelisboa.pt\\\/#website\"},\"datePublished\":\"2025-01-31T12:26:38+00:00\",\"description\":\"Procura eletricistas certificados? Garantimos servi\u00e7os el\u00e9tricos seguros, eficientes e de acordo com as normas t\u00e9cnicas. Pe\u00e7a um or\u00e7amento agora!\",\"breadcrumb\":{\"@id\":\"https:\\\/\\\/eletricistadelisboa.pt\\\/eletricistas-certificados\\\/#breadcrumb\"},\"inLanguage\":\"de\",\"potentialAction\":[{\"@type\":\"ReadAction\",\"target\":[\"https:\\\/\\\/eletricistadelisboa.pt\\\/eletricistas-certificados\\\/\"]}]},{\"@type\":\"BreadcrumbList\",\"@id\":\"https:\\\/\\\/eletricistadelisboa.pt\\\/eletricistas-certificados\\\/#breadcrumb\",\"itemListElement\":[{\"@type\":\"ListItem\",\"position\":1,\"name\":\"In\u00edcio\",\"item\":\"https:\\\/\\\/eletricistadelisboa.pt\\\/\"},{\"@type\":\"ListItem\",\"position\":2,\"name\":\"Eletricistas Certificados \u2013 Profissionais Qualificados\"}]},{\"@type\":\"WebSite\",\"@id\":\"https:\\\/\\\/eletricistadelisboa.pt\\\/#website\",\"url\":\"https:\\\/\\\/eletricistadelisboa.pt\\\/\",\"name\":\"Eletricista de Lisboa\",\"description\":\"Servi\u00e7os el\u00e9tricos r\u00e1pidos e de alta qualidade em Lisboa, dispon\u00edveis 24 horas por dia.\",\"potentialAction\":[{\"@type\":\"SearchAction\",\"target\":{\"@type\":\"EntryPoint\",\"urlTemplate\":\"https:\\\/\\\/eletricistadelisboa.pt\\\/?s={search_term_string}\"},\"query-input\":{\"@type\":\"PropertyValueSpecification\",\"valueRequired\":true,\"valueName\":\"search_term_string\"}}],\"inLanguage\":\"de\"}]}<\/script>\n<!-- \/ Yoast SEO plugin. -->","yoast_head_json":{"title":"Zertifizierte Elektriker - Qualifizierte Fachkr\u00e4fte","description":"Sie suchen einen zertifizierten Elektriker? Wir garantieren Ihnen sichere, effiziente und den technischen Normen entsprechende elektrische Dienstleistungen. Fordern Sie jetzt ein Angebot an!","robots":{"index":"index","follow":"follow","max-snippet":"max-snippet:-1","max-image-preview":"max-image-preview:large","max-video-preview":"max-video-preview:-1"},"canonical":"https:\/\/eletricistadelisboa.pt\/de\/elektrofachkrafte\/","og_locale":"de_DE","og_type":"article","og_title":"Eletricistas Certificados \u2013 Profissionais Qualificados","og_description":"Procura eletricistas certificados? Garantimos servi\u00e7os el\u00e9tricos seguros, eficientes e de acordo com as normas t\u00e9cnicas. Pe\u00e7a um or\u00e7amento agora!","og_url":"https:\/\/eletricistadelisboa.pt\/de\/elektrofachkrafte\/","og_site_name":"Eletricista de Lisboa","twitter_card":"summary_large_image","schema":{"@context":"https:\/\/schema.org","@graph":[{"@type":"WebPage","@id":"https:\/\/eletricistadelisboa.pt\/eletricistas-certificados\/","url":"https:\/\/eletricistadelisboa.pt\/eletricistas-certificados\/","name":"Zertifizierte Elektriker - Qualifizierte Fachkr\u00e4fte","isPartOf":{"@id":"https:\/\/eletricistadelisboa.pt\/#website"},"datePublished":"2025-01-31T12:26:38+00:00","description":"Sie suchen einen zertifizierten Elektriker? Wir garantieren Ihnen sichere, effiziente und den technischen Normen entsprechende elektrische Dienstleistungen. Fordern Sie jetzt ein Angebot an!","breadcrumb":{"@id":"https:\/\/eletricistadelisboa.pt\/eletricistas-certificados\/#breadcrumb"},"inLanguage":"de","potentialAction":[{"@type":"ReadAction","target":["https:\/\/eletricistadelisboa.pt\/eletricistas-certificados\/"]}]},{"@type":"BreadcrumbList","@id":"https:\/\/eletricistadelisboa.pt\/eletricistas-certificados\/#breadcrumb","itemListElement":[{"@type":"ListItem","position":1,"name":"In\u00edcio","item":"https:\/\/eletricistadelisboa.pt\/"},{"@type":"ListItem","position":2,"name":"Eletricistas Certificados \u2013 Profissionais Qualificados"}]},{"@type":"WebSite","@id":"https:\/\/eletricistadelisboa.pt\/#website","url":"https:\/\/eletricistadelisboa.pt\/","name":"Eletricista de Lisboa","description":"Schnelle, qualitativ hochwertige Elektrodienstleistungen in Lissabon, 24 Stunden am Tag verf\u00fcgbar.","potentialAction":[{"@type":"SearchAction","target":{"@type":"EntryPoint","urlTemplate":"https:\/\/eletricistadelisboa.pt\/?s={search_term_string}"},"query-input":{"@type":"PropertyValueSpecification","valueRequired":true,"valueName":"search_term_string"}}],"inLanguage":"de"}]}},"_links":{"self":[{"href":"https:\/\/eletricistadelisboa.pt\/de\/wp-json\/wp\/v2\/pages\/3044","targetHints":{"allow":["GET"]}}],"collection":[{"href":"https:\/\/eletricistadelisboa.pt\/de\/wp-json\/wp\/v2\/pages"}],"about":[{"href":"https:\/\/eletricistadelisboa.pt\/de\/wp-json\/wp\/v2\/types\/page"}],"author":[{"embeddable":true,"href":"https:\/\/eletricistadelisboa.pt\/de\/wp-json\/wp\/v2\/users\/1"}],"replies":[{"embeddable":true,"href":"https:\/\/eletricistadelisboa.pt\/de\/wp-json\/wp\/v2\/comments?post=3044"}],"version-history":[{"count":1,"href":"https:\/\/eletricistadelisboa.pt\/de\/wp-json\/wp\/v2\/pages\/3044\/revisions"}],"predecessor-version":[{"id":3046,"href":"https:\/\/eletricistadelisboa.pt\/de\/wp-json\/wp\/v2\/pages\/3044\/revisions\/3046"}],"wp:attachment":[{"href":"https:\/\/eletricistadelisboa.pt\/de\/wp-json\/wp\/v2\/media?parent=3044"}],"curies":[{"name":"wp","href":"https:\/\/api.w.org\/{rel}","templated":true}]}}