{"id":3038,"date":"2025-01-31T12:22:10","date_gmt":"2025-01-31T12:22:10","guid":{"rendered":"https:\/\/eletricistadelisboa.pt\/?page_id=3038"},"modified":"2025-01-31T12:22:10","modified_gmt":"2025-01-31T12:22:10","slug":"vertragskraft-andern","status":"publish","type":"page","link":"https:\/\/eletricistadelisboa.pt\/de\/vertragskraft-andern\/","title":{"rendered":"\u00c4ndern Sie die vertragliche Leistung - Passen Sie die elektrische Kapazit\u00e4t Ihres Hauses an"},"content":{"rendered":"<p>Wenn Ihre Elektroinstallation unter h\u00e4ufigen Stromausf\u00e4llen, ausgel\u00f6sten Schutzschaltern oder h\u00f6heren Stromrechnungen als erwartet leidet, ist es vielleicht an der Zeit, etwas zu unternehmen. <strong>die vereinbarte Leistung \u00e4ndern<\/strong>. Die Wahl des richtigen Stroms garantiert eine stabile Versorgung und kann sogar die Kosten f\u00fcr Ihre Rechnung senken.<\/p>\n<p>Unabh\u00e4ngig davon, ob Sie die vertraglich vereinbarte Leistung erh\u00f6hen oder reduzieren m\u00f6chten, garantiert ein professioneller Service einen schnellen und sicheren Prozess, der den Standards der Energiekonzession\u00e4re entspricht.<\/p>\n<h2>Was ist Vertragskraft?<\/h2>\n<p>A <strong>Vertragskraft<\/strong> ist die maximale Energiemenge, die eine Immobilie gleichzeitig verbrauchen kann und die im Vertrag mit dem Stromversorger festgelegt ist. Dieser Wert wird in Kilowatt (kW) gemessen und hat direkten Einfluss auf die Leistung der elektrischen Anlage und die Kosten der Stromrechnung.<\/p>\n<p>Wenn die vertraglich vereinbarte Leistung niedriger ist als der tats\u00e4chliche Bedarf der Immobilie, kann der Schutzschalter st\u00e4ndig ausgel\u00f6st werden. Ist er h\u00f6her als n\u00f6tig, zahlt der Verbraucher m\u00f6glicherweise mehr, als er sollte.<\/p>\n<h2>Wann ist es notwendig, die vereinbarte Leistung zu \u00e4ndern?<\/h2>\n<p>Die Ver\u00e4nderung der <strong>Elektrische Leistung unter Vertrag<\/strong> kann in verschiedenen Situationen erforderlich sein:<\/p>\n<ul>\n<li><strong>H\u00e4ufige Stromausf\u00e4lle:<\/strong> Wenn die Schutzschalter h\u00e4ufig ausl\u00f6sen, ist die elektrische Last m\u00f6glicherweise h\u00f6her als die vertraglich vereinbarte Leistung.<\/li>\n<li><strong>Installation von neuen Ger\u00e4ten:<\/strong> Klimaanlagen, Heizungen, Industriemaschinen und andere Ger\u00e4te k\u00f6nnen einen h\u00f6heren Stromverbrauch haben.<\/li>\n<li><strong>Senkung des Verbrauchs:<\/strong> Wenn sich der Energieverbrauch ge\u00e4ndert hat (Abschalten von Ger\u00e4ten), kann es von Vorteil sein, die vertraglich vereinbarte Leistung zu reduzieren und Geld zu sparen.<\/li>\n<li><strong>\u00c4nderung der Art der Installation:<\/strong> Die Umstellung von einphasig auf zwei- oder dreiphasig kann eine Leistungsanpassung erfordern.<\/li>\n<li><strong>Ungerechtfertigt hohe Stromrechnungen:<\/strong> Durch die Anpassung der Leistung k\u00f6nnen unn\u00f6tige Kosten vermieden werden.<\/li>\n<\/ul>\n<p>Wenn Sie eine dieser Situationen festgestellt haben, kann eine professionelle Bewertung die beste L\u00f6sung f\u00fcr Ihre Elektroinstallation aufzeigen.<\/p>\n<h2>Wie funktioniert der Prozess der \u00c4nderung der vertraglichen Leistung?<\/h2>\n<p>Der Wechsel der Vertragsleistung erfolgt in einigen Schritten, die sorgf\u00e4ltig ausgef\u00fchrt werden m\u00fcssen, um einen sicheren Prozess zu gew\u00e4hrleisten, der den Vorschriften des Energiekonzession\u00e4rs entspricht:<\/p>\n<ul>\n<li><strong>Analyse des Stromverbrauchs:<\/strong> Bewertung der elektrischen Last zur Bestimmung der optimalen Leistung.<\/li>\n<li><strong>\u00dcberpr\u00fcfung der Art der Installation:<\/strong> Ob die Immobilie \u00fcber ein einphasiges, zweiphasiges oder dreiphasiges System verf\u00fcgt.<\/li>\n<li><strong>Anfrage an den Konzession\u00e4r:<\/strong> Formeller Antrag auf Leistungsanpassung.<\/li>\n<li><strong>M\u00f6glicher Austausch der elektrischen Schalttafel:<\/strong> In einigen F\u00e4llen kann es erforderlich sein, die Elektroinstallation zu erneuern.<\/li>\n<li><strong>Testlauf:<\/strong> Nach der Umstellung wird gepr\u00fcft, ob die neue Leistung den Bed\u00fcrfnissen der Immobilie entspricht.<\/li>\n<\/ul>\n<p>Mit einem professionellen Service ist das Verfahren problemlos und v\u00f6llig sicher.<\/p>\n<h2>Was sind die Vorteile einer Anpassung der Vertragsleistung?<\/h2>\n<p>Nehmen Sie eine Anpassung an <strong>Vertragskraft<\/strong> hat mehrere Vorteile:<\/p>\n<ul>\n<li><strong>Verhindert Stromausf\u00e4lle:<\/strong> Durch das Einstellen der Leistung wird verhindert, dass die Schutzschalter aufgrund von \u00dcberlastung ausl\u00f6sen.<\/li>\n<li><strong>Optimiert den Verbrauch:<\/strong> Die Beauftragung der richtigen Kraft vermeidet die Verschwendung von Energie und Geld.<\/li>\n<li><strong>Verbessert die elektrische Leistung:<\/strong> Die Ger\u00e4te arbeiten ohne Schwankungen und Ausf\u00e4lle.<\/li>\n<li><strong>Verhindert Sch\u00e4den am Stromnetz:<\/strong> Eine unzureichende Stromversorgung kann zu einer \u00dcberhitzung der Kabel f\u00fchren.<\/li>\n<li><strong>Reduziert die Stromrechnung:<\/strong> Durch die Einstellung auf optimale Leistung werden unn\u00f6tige Kosten vermieden.<\/li>\n<\/ul>\n<p>Mit einer technischen Studie \u00fcber den Strombedarf ist es m\u00f6glich, ein Gleichgewicht zwischen Verbrauch und Einsparungen zu finden.<\/p>\n<h2>Wie viel kostet es, den Stromvertrag zu \u00e4ndern?<\/h2>\n<p>Die Kosten f\u00fcr <strong>die vereinbarte elektrische Leistung \u00e4ndern<\/strong> kann in Abh\u00e4ngigkeit von einer Reihe von Faktoren variieren:<\/p>\n<ul>\n<li>Vom Energiekonzession\u00e4r erhobene Geb\u00fchren.<\/li>\n<li>Die Verkabelung und die Schalttafel m\u00fcssen angepasst werden.<\/li>\n<li>Art der Installation (einphasig, zweiphasig oder dreiphasig).<\/li>\n<li>Energiebedarf der genutzten Immobilien und Ger\u00e4te.<\/li>\n<\/ul>\n<p>F\u00fcr einen genauen Kostenvoranschlag und eine detaillierte Analyse empfehlen wir einen professionellen Service.<\/p>\n<h2>Wie lange dauert es, die vereinbarte Leistung zu \u00e4ndern?<\/h2>\n<p>Wie lange der Wechsel dauert, h\u00e4ngt vom Energieversorger und dem Zustand der Elektroinstallation in der Immobilie ab. Im Allgemeinen kann das Verfahren zwischen einigen Tagen und einigen Wochen dauern, je nachdem, welche Anpassungen am Stromnetz erforderlich sind.<\/p>\n<h2>Woher wei\u00df ich, welche Kraft ich einstellen muss?<\/h2>\n<p>Die Wahl der <strong>Vertragskraft<\/strong> Der ideale Preis h\u00e4ngt von der Menge und der Art der in der Immobilie verwendeten Ausr\u00fcstung ab. Einige g\u00e4ngige Referenzen sind:<\/p>\n<ul>\n<li><strong>3,45 kW bis 6,9 kW:<\/strong> Kleine Wohnungen mit wenigen Ger\u00e4ten.<\/li>\n<li><strong>10,35 kW bis 13,8 kW:<\/strong> Gr\u00f6\u00dfere H\u00e4user mit Klimaanlagen und elektrischen Duschen.<\/li>\n<li><strong>15 kW oder mehr:<\/strong> Unternehmen, B\u00fcros und Industrien mit verbrauchsintensiven Ger\u00e4ten.<\/li>\n<\/ul>\n<p>Um die genaue Leistung f\u00fcr Ihre Immobilie zu ermitteln, empfiehlt sich eine professionelle Berechnung der elektrischen Belastung.<\/p>\n<h2>M\u00fcssen Sie Ihre vertraglich vereinbarte Leistung anpassen? Sprechen Sie mit uns!<\/h2>\n<p>Wenn Sie wollen <strong>die vereinbarte Leistung \u00e4ndern<\/strong> um eine effiziente und wirtschaftliche Energieversorgung zu gew\u00e4hrleisten, wenden Sie sich an uns. Wir garantieren Ihnen einen professionellen und schnellen Service, der den Standards des Versorgungsunternehmens entspricht.<\/p>","protected":false},"excerpt":{"rendered":"<p>Se sua instala\u00e7\u00e3o el\u00e9trica apresenta quedas de energia frequentes, disjuntores desarmando ou contas de luz mais altas do que o esperado, pode ser o momento de alterar a pot\u00eancia contratada. Escolher a pot\u00eancia el\u00e9trica adequada garante um fornecimento est\u00e1vel e pode at\u00e9 reduzir os custos na sua fatura. Seja para aumentar ou reduzir a pot\u00eancia [&hellip;]<\/p>\n","protected":false},"author":1,"featured_media":0,"parent":0,"menu_order":0,"comment_status":"closed","ping_status":"closed","template":"","meta":{"iawp_total_views":17,"footnotes":""},"class_list":["post-3038","page","type-page","status-publish","hentry"],"yoast_head":"<!-- This site is optimized with the Yoast SEO plugin v27.5 - https:\/\/yoast.com\/product\/yoast-seo-wordpress\/ -->\n<title>Alterar Pot\u00eancia Contratada - Ajuste a Capacidade El\u00e9trica da Sua Casa<\/title>\n<meta name=\"description\" content=\"Precisa alterar a pot\u00eancia contratada? Ajuste sua capacidade el\u00e9trica para evitar quedas de energia e economizar na fatura de luz. Pe\u00e7a um or\u00e7amento agora!\" \/>\n<meta name=\"robots\" content=\"index, follow, max-snippet:-1, max-image-preview:large, max-video-preview:-1\" \/>\n<link rel=\"canonical\" href=\"https:\/\/eletricistadelisboa.pt\/de\/vertragskraft-andern\/\" \/>\n<meta property=\"og:locale\" content=\"de_DE\" \/>\n<meta property=\"og:type\" content=\"article\" \/>\n<meta property=\"og:title\" content=\"Alterar Pot\u00eancia Contratada - Ajuste a Capacidade El\u00e9trica da Sua Casa\" \/>\n<meta property=\"og:description\" content=\"Precisa alterar a pot\u00eancia contratada? Ajuste sua capacidade el\u00e9trica para evitar quedas de energia e economizar na fatura de luz. Pe\u00e7a um or\u00e7amento agora!\" \/>\n<meta property=\"og:url\" content=\"https:\/\/eletricistadelisboa.pt\/de\/vertragskraft-andern\/\" \/>\n<meta property=\"og:site_name\" content=\"Eletricista de Lisboa\" \/>\n<meta name=\"twitter:card\" content=\"summary_large_image\" \/>\n<script type=\"application\/ld+json\" class=\"yoast-schema-graph\">{\"@context\":\"https:\\\/\\\/schema.org\",\"@graph\":[{\"@type\":\"WebPage\",\"@id\":\"https:\\\/\\\/eletricistadelisboa.pt\\\/alterar-potencia-contratada\\\/\",\"url\":\"https:\\\/\\\/eletricistadelisboa.pt\\\/alterar-potencia-contratada\\\/\",\"name\":\"Alterar Pot\u00eancia Contratada - Ajuste a Capacidade El\u00e9trica da Sua Casa\",\"isPartOf\":{\"@id\":\"https:\\\/\\\/eletricistadelisboa.pt\\\/#website\"},\"datePublished\":\"2025-01-31T12:22:10+00:00\",\"description\":\"Precisa alterar a pot\u00eancia contratada? Ajuste sua capacidade el\u00e9trica para evitar quedas de energia e economizar na fatura de luz. Pe\u00e7a um or\u00e7amento agora!\",\"breadcrumb\":{\"@id\":\"https:\\\/\\\/eletricistadelisboa.pt\\\/alterar-potencia-contratada\\\/#breadcrumb\"},\"inLanguage\":\"de\",\"potentialAction\":[{\"@type\":\"ReadAction\",\"target\":[\"https:\\\/\\\/eletricistadelisboa.pt\\\/alterar-potencia-contratada\\\/\"]}]},{\"@type\":\"BreadcrumbList\",\"@id\":\"https:\\\/\\\/eletricistadelisboa.pt\\\/alterar-potencia-contratada\\\/#breadcrumb\",\"itemListElement\":[{\"@type\":\"ListItem\",\"position\":1,\"name\":\"In\u00edcio\",\"item\":\"https:\\\/\\\/eletricistadelisboa.pt\\\/\"},{\"@type\":\"ListItem\",\"position\":2,\"name\":\"Alterar Pot\u00eancia Contratada &#8211; Ajuste a Capacidade El\u00e9trica da Sua Casa\"}]},{\"@type\":\"WebSite\",\"@id\":\"https:\\\/\\\/eletricistadelisboa.pt\\\/#website\",\"url\":\"https:\\\/\\\/eletricistadelisboa.pt\\\/\",\"name\":\"Eletricista de Lisboa\",\"description\":\"Servi\u00e7os el\u00e9tricos r\u00e1pidos e de alta qualidade em Lisboa, dispon\u00edveis 24 horas por dia.\",\"potentialAction\":[{\"@type\":\"SearchAction\",\"target\":{\"@type\":\"EntryPoint\",\"urlTemplate\":\"https:\\\/\\\/eletricistadelisboa.pt\\\/?s={search_term_string}\"},\"query-input\":{\"@type\":\"PropertyValueSpecification\",\"valueRequired\":true,\"valueName\":\"search_term_string\"}}],\"inLanguage\":\"de\"}]}<\/script>\n<!-- \/ Yoast SEO plugin. -->","yoast_head_json":{"title":"\u00c4ndern Sie die vertragliche Leistung - Passen Sie die elektrische Kapazit\u00e4t Ihres Hauses an","description":"Sie m\u00fcssen Ihren Stromvertrag \u00e4ndern? Passen Sie Ihre Stromkapazit\u00e4t an, um Stromausf\u00e4lle zu vermeiden und bei Ihrer Stromrechnung zu sparen. Fordern Sie jetzt ein Angebot an!","robots":{"index":"index","follow":"follow","max-snippet":"max-snippet:-1","max-image-preview":"max-image-preview:large","max-video-preview":"max-video-preview:-1"},"canonical":"https:\/\/eletricistadelisboa.pt\/de\/vertragskraft-andern\/","og_locale":"de_DE","og_type":"article","og_title":"Alterar Pot\u00eancia Contratada - Ajuste a Capacidade El\u00e9trica da Sua Casa","og_description":"Precisa alterar a pot\u00eancia contratada? Ajuste sua capacidade el\u00e9trica para evitar quedas de energia e economizar na fatura de luz. Pe\u00e7a um or\u00e7amento agora!","og_url":"https:\/\/eletricistadelisboa.pt\/de\/vertragskraft-andern\/","og_site_name":"Eletricista de Lisboa","twitter_card":"summary_large_image","schema":{"@context":"https:\/\/schema.org","@graph":[{"@type":"WebPage","@id":"https:\/\/eletricistadelisboa.pt\/alterar-potencia-contratada\/","url":"https:\/\/eletricistadelisboa.pt\/alterar-potencia-contratada\/","name":"\u00c4ndern Sie die vertragliche Leistung - Passen Sie die elektrische Kapazit\u00e4t Ihres Hauses an","isPartOf":{"@id":"https:\/\/eletricistadelisboa.pt\/#website"},"datePublished":"2025-01-31T12:22:10+00:00","description":"Sie m\u00fcssen Ihren Stromvertrag \u00e4ndern? Passen Sie Ihre Stromkapazit\u00e4t an, um Stromausf\u00e4lle zu vermeiden und bei Ihrer Stromrechnung zu sparen. Fordern Sie jetzt ein Angebot an!","breadcrumb":{"@id":"https:\/\/eletricistadelisboa.pt\/alterar-potencia-contratada\/#breadcrumb"},"inLanguage":"de","potentialAction":[{"@type":"ReadAction","target":["https:\/\/eletricistadelisboa.pt\/alterar-potencia-contratada\/"]}]},{"@type":"BreadcrumbList","@id":"https:\/\/eletricistadelisboa.pt\/alterar-potencia-contratada\/#breadcrumb","itemListElement":[{"@type":"ListItem","position":1,"name":"In\u00edcio","item":"https:\/\/eletricistadelisboa.pt\/"},{"@type":"ListItem","position":2,"name":"Alterar Pot\u00eancia Contratada &#8211; Ajuste a Capacidade El\u00e9trica da Sua Casa"}]},{"@type":"WebSite","@id":"https:\/\/eletricistadelisboa.pt\/#website","url":"https:\/\/eletricistadelisboa.pt\/","name":"Eletricista de Lisboa","description":"Schnelle, qualitativ hochwertige Elektrodienstleistungen in Lissabon, 24 Stunden am Tag verf\u00fcgbar.","potentialAction":[{"@type":"SearchAction","target":{"@type":"EntryPoint","urlTemplate":"https:\/\/eletricistadelisboa.pt\/?s={search_term_string}"},"query-input":{"@type":"PropertyValueSpecification","valueRequired":true,"valueName":"search_term_string"}}],"inLanguage":"de"}]}},"_links":{"self":[{"href":"https:\/\/eletricistadelisboa.pt\/de\/wp-json\/wp\/v2\/pages\/3038","targetHints":{"allow":["GET"]}}],"collection":[{"href":"https:\/\/eletricistadelisboa.pt\/de\/wp-json\/wp\/v2\/pages"}],"about":[{"href":"https:\/\/eletricistadelisboa.pt\/de\/wp-json\/wp\/v2\/types\/page"}],"author":[{"embeddable":true,"href":"https:\/\/eletricistadelisboa.pt\/de\/wp-json\/wp\/v2\/users\/1"}],"replies":[{"embeddable":true,"href":"https:\/\/eletricistadelisboa.pt\/de\/wp-json\/wp\/v2\/comments?post=3038"}],"version-history":[{"count":1,"href":"https:\/\/eletricistadelisboa.pt\/de\/wp-json\/wp\/v2\/pages\/3038\/revisions"}],"predecessor-version":[{"id":3040,"href":"https:\/\/eletricistadelisboa.pt\/de\/wp-json\/wp\/v2\/pages\/3038\/revisions\/3040"}],"wp:attachment":[{"href":"https:\/\/eletricistadelisboa.pt\/de\/wp-json\/wp\/v2\/media?parent=3038"}],"curies":[{"name":"wp","href":"https:\/\/api.w.org\/{rel}","templated":true}]}}