{"id":3021,"date":"2025-01-31T08:02:05","date_gmt":"2025-01-31T08:02:05","guid":{"rendered":"https:\/\/eletricistadelisboa.pt\/?page_id=3021"},"modified":"2025-01-31T08:02:12","modified_gmt":"2025-01-31T08:02:12","slug":"ausenbeleuchtung","status":"publish","type":"page","link":"https:\/\/eletricistadelisboa.pt\/de\/ausenbeleuchtung\/","title":{"rendered":"Au\u00dfenbeleuchtung - Sch\u00f6nheit und Sicherheit f\u00fcr den Au\u00dfenbereich"},"content":{"rendered":"<p>Sie ben\u00f6tigen eine <strong>Au\u00dfenbeleuchtungsprojekt<\/strong>? Au\u00dfenbeleuchtung ist unerl\u00e4sslich, um Fassaden, G\u00e4rten, Balkone und Gemeinschaftsbereiche aufzuwerten und f\u00fcr mehr Sicherheit und Zweckm\u00e4\u00dfigkeit zu sorgen. Mit der richtigen Planung k\u00f6nnen Sie anspruchsvolle und funktionale Umgebungen schaffen, um Ihre Au\u00dfenbereiche bei Nacht optimal zu nutzen.<\/p>\n<p>Mit einer professionellen Installation sorgen wir daf\u00fcr, dass Ihre Au\u00dfenbeleuchtung langlebig, effizient und wirtschaftlich ist.<\/p>\n<h2>Warum in Au\u00dfenbeleuchtung investieren?<\/h2>\n<p>Eine gute <strong>Au\u00dfenbeleuchtung<\/strong> bringt mehrere Vorteile f\u00fcr Ihre Immobilie:<\/p>\n<ul>\n<li><strong>Bewertung von Immobilien:<\/strong> Gut beleuchtete R\u00e4ume schaffen eine anspruchsvolle \u00c4sthetik.<\/li>\n<li><strong>Sicherheit:<\/strong> Eine strategische Beleuchtung verhindert Unf\u00e4lle und erh\u00f6ht den Schutz vor Einbr\u00fcchen.<\/li>\n<li><strong>Gr\u00f6\u00dfere Funktionalit\u00e4t:<\/strong> So k\u00f6nnen Sie nachts G\u00e4rten, Balkone und Freizeitbereiche genie\u00dfen.<\/li>\n<li><strong>Energieeffizienz:<\/strong> Die Verwendung von LED-Beleuchtung reduziert den Stromverbrauch.<\/li>\n<li><strong>Gem\u00fctliche Atmosph\u00e4re:<\/strong> Sanftes Licht schafft einen angenehmeren Raum f\u00fcr geselliges Beisammensein.<\/li>\n<\/ul>\n<p>Mit einem <strong>angemessene Planung<\/strong>Ihr Au\u00dfenbereich wird sch\u00f6ner, funktioneller und sicherer.<\/p>\n<h2>Welche Arten von Au\u00dfenbeleuchtung gibt es?<\/h2>\n<p>Es gibt verschiedene M\u00f6glichkeiten f\u00fcr eine effiziente und dekorative Au\u00dfenbeleuchtung. Die wichtigsten Arten sind<\/p>\n<ul>\n<li><strong>Beleuchtung der Fassade:<\/strong> Sie hebt die architektonischen Details des Hauses oder Geb\u00e4udes hervor.<\/li>\n<li><strong>Pfosten und Baken:<\/strong> Perfekt f\u00fcr Wege, B\u00fcrgersteige und Gehwege.<\/li>\n<li><strong>LED-Scheinwerfer:<\/strong> Ideal f\u00fcr die Beleuchtung von gro\u00dfen Fl\u00e4chen wie Terrassen und Parkpl\u00e4tzen.<\/li>\n<li><strong>LED-Streifen:<\/strong> Wird f\u00fcr Handl\u00e4ufe, Treppen, Au\u00dfenm\u00f6bel und Pergolen verwendet.<\/li>\n<li><strong>Externe Wandleuchter:<\/strong> An der Wand befestigt, erzeugen sie elegante indirekte Lichteffekte.<\/li>\n<li><strong>Pool-Beleuchtung:<\/strong> Unterwasserbeleuchtung, die das Schwimmbad bei Nacht noch sch\u00f6ner macht.<\/li>\n<li><strong>Anwesenheitssensor:<\/strong> Schaltet das Licht nur bei Bedarf ein und spart so Energie.<\/li>\n<li><strong>Solare Beleuchtung:<\/strong> Eine nachhaltige und wirtschaftliche Option, die keine Verkabelung erfordert.<\/li>\n<\/ul>\n<p>Die Wahl der Beleuchtung h\u00e4ngt von der gew\u00fcnschten Wirkung und der Funktionalit\u00e4t des Raumes ab.<\/p>\n<h2>Wo kann die Au\u00dfenbeleuchtung eingesetzt werden?<\/h2>\n<p>A <strong>Au\u00dfenbeleuchtung<\/strong> kann in verschiedenen Bereichen des Hauses eingesetzt werden, um dekorative und funktionale Effekte zu erzielen:<\/p>\n<ul>\n<li><strong>Fassaden:<\/strong> Die architektonische Gestaltung der Immobilie sticht hervor.<\/li>\n<li><strong>G\u00e4rten und Landschaftsgestaltung:<\/strong> Heben Sie Pflanzen, B\u00e4ume und Wege hervor.<\/li>\n<li><strong>Balkone und Terrassen:<\/strong> Sanfte Beleuchtung f\u00fcr die Freizeit.<\/li>\n<li><strong>Schwimmb\u00e4der:<\/strong> Unterwasser- und Umgebungsbeleuchtung f\u00fcr Sicherheit und \u00c4sthetik.<\/li>\n<li><strong>Parkh\u00e4user und Garagen:<\/strong> Funktionelle Beleuchtung f\u00fcr bessere Sichtbarkeit.<\/li>\n<li><strong>Au\u00dfentreppen und Korridore:<\/strong> Verhindert Unf\u00e4lle und verbessert die Durchblutung.<\/li>\n<li><strong>Gourmetbereiche und Grills:<\/strong> Strategische Beleuchtung f\u00fcr mehr Komfort und Funktionalit\u00e4t.<\/li>\n<\/ul>\n<p>Mit einem gut strukturierten Projekt kann jedes Detail Ihres Au\u00dfenbereichs durch die richtige Beleuchtung aufgewertet werden.<\/p>\n<h2>Wie funktioniert die Installation der Au\u00dfenbeleuchtung?<\/h2>\n<p>Die Installation von <strong>Au\u00dfenbeleuchtung<\/strong> sollte von Fachleuten durchgef\u00fchrt werden, um Haltbarkeit und Sicherheit zu gew\u00e4hrleisten. Der Prozess umfasst:<\/p>\n<ul>\n<li>Untersuchung des Raums, um die besten Beleuchtungspunkte zu bestimmen.<\/li>\n<li>Auswahl der richtigen Ausr\u00fcstung (LEDs, Reflektoren, Sensoren usw.).<\/li>\n<li>Installation von wettergesch\u00fctzten elektrischen Leitungen.<\/li>\n<li>Befestigung von Leuchten, Leuchtfeuern und Au\u00dfenleuchten.<\/li>\n<li>Testl\u00e4ufe und Anpassungen zur Optimierung der Lichtwirkung.<\/li>\n<\/ul>\n<p>Mit einem professionellen Service vermeiden Sie elektrische Defekte, schlechte Kontakte und Energieverschwendung.<\/p>\n<h2>Was sind die Vorteile einer professionellen Au\u00dfenbeleuchtung?<\/h2>\n<p>Beauftragen Sie einen Experten mit der Entwicklung eines <strong>Au\u00dfenbeleuchtungsprojekt<\/strong> hat mehrere Vorteile:<\/p>\n<ul>\n<li><strong>Lichtausbeute:<\/strong> Gut verteiltes Licht, ohne dunkle Flecken oder \u00fcberm\u00e4\u00dfige Helligkeit.<\/li>\n<li><strong>Energieeinsparung:<\/strong> Der Einsatz von LED-Technologie und Sensoren reduziert den Verbrauch.<\/li>\n<li><strong>H\u00f6here Haltbarkeit:<\/strong> Eine fachgerechte Installation vermeidet elektrische St\u00f6rungen und h\u00e4ufige Wartungsarbeiten.<\/li>\n<li><strong>Verbesserte \u00c4sthetik:<\/strong> Die Beleuchtung wird an den Stil des Raums und des Kunden angepasst.<\/li>\n<li><strong>Verst\u00e4rkte Sicherheit:<\/strong> Risikominderung in schlecht beleuchteten Au\u00dfenbereichen.<\/li>\n<\/ul>\n<h2>Wie viel kostet die Au\u00dfenbeleuchtung?<\/h2>\n<p>Die Kosten f\u00fcr <strong>Au\u00dfenbeleuchtung<\/strong> h\u00e4ngt von mehreren Faktoren ab, darunter<\/p>\n<ul>\n<li>Zu beleuchtende Fl\u00e4che und Anzahl der Lichtpunkte.<\/li>\n<li>Art der Leuchten und Technologie (LED, Sensoren, Reflektoren usw.).<\/li>\n<li>Komplexit\u00e4t der Elektroinstallation und Bedarf an neuen Stromkreisen.<\/li>\n<li>Integration in Automatisierungs- und Fernsteuerungssysteme.<\/li>\n<\/ul>\n<p>F\u00fcr einen fairen Kostenvoranschlag und einen Qualit\u00e4tsservice empfehlen wir eine professionelle Bewertung.<\/p>\n<h2>Wie lange dauert es, eine Au\u00dfenbeleuchtung zu installieren?<\/h2>\n<p>Die Installationszeit h\u00e4ngt von der Gr\u00f6\u00dfe des Projekts ab. Kleine Installationen k\u00f6nnen in wenigen Stunden abgeschlossen sein, w\u00e4hrend komplexere Projekte mit mehreren Lichtpunkten und unterirdischer Verkabelung einige Tage in Anspruch nehmen k\u00f6nnen.<\/p>\n<h2>Ben\u00f6tigen Sie ein Projekt zur Au\u00dfenbeleuchtung? Sprechen Sie mit uns!<\/h2>\n<p>Wenn Sie eine <strong>Au\u00dfenbeleuchtung<\/strong> der Ihren Raum mit Eleganz und Sicherheit aufwertet, wenden Sie sich an uns. Wir erstellen ma\u00dfgeschneiderte Projekte, um Au\u00dfenbereiche in anspruchsvolle und funktionale Umgebungen zu verwandeln.<\/p>","protected":false},"excerpt":{"rendered":"<p>Precisa de um projeto de ilumina\u00e7\u00e3o de exterior? A ilumina\u00e7\u00e3o externa \u00e9 essencial para valorizar fachadas, jardins, varandas e \u00e1reas de conviv\u00eancia, al\u00e9m de proporcionar mais seguran\u00e7a e praticidade. Com um planejamento adequado, \u00e9 poss\u00edvel criar ambientes sofisticados e funcionais para aproveitar ao m\u00e1ximo os espa\u00e7os externos durante a noite. Com uma instala\u00e7\u00e3o profissional, garantimos [&hellip;]<\/p>\n","protected":false},"author":1,"featured_media":0,"parent":0,"menu_order":0,"comment_status":"closed","ping_status":"closed","template":"","meta":{"iawp_total_views":5,"footnotes":""},"class_list":["post-3021","page","type-page","status-publish","hentry"],"yoast_head":"<!-- This site is optimized with the Yoast SEO plugin v27.5 - https:\/\/yoast.com\/product\/yoast-seo-wordpress\/ -->\n<title>Ilumina\u00e7\u00e3o de Exterior \u2013 Beleza e Seguran\u00e7a para \u00c1reas Externas<\/title>\n<meta name=\"description\" content=\"Precisa de ilumina\u00e7\u00e3o de exterior? Criamos projetos personalizados para real\u00e7ar fachadas, jardins e garantir seguran\u00e7a com economia. Pe\u00e7a um or\u00e7amento agora!\" \/>\n<meta name=\"robots\" content=\"index, follow, max-snippet:-1, max-image-preview:large, max-video-preview:-1\" \/>\n<link rel=\"canonical\" href=\"https:\/\/eletricistadelisboa.pt\/de\/ausenbeleuchtung\/\" \/>\n<meta property=\"og:locale\" content=\"de_DE\" \/>\n<meta property=\"og:type\" content=\"article\" \/>\n<meta property=\"og:title\" content=\"Ilumina\u00e7\u00e3o de Exterior \u2013 Beleza e Seguran\u00e7a para \u00c1reas Externas\" \/>\n<meta property=\"og:description\" content=\"Precisa de ilumina\u00e7\u00e3o de exterior? Criamos projetos personalizados para real\u00e7ar fachadas, jardins e garantir seguran\u00e7a com economia. Pe\u00e7a um or\u00e7amento agora!\" \/>\n<meta property=\"og:url\" content=\"https:\/\/eletricistadelisboa.pt\/de\/ausenbeleuchtung\/\" \/>\n<meta property=\"og:site_name\" content=\"Eletricista de Lisboa\" \/>\n<meta property=\"article:modified_time\" content=\"2025-01-31T08:02:12+00:00\" \/>\n<meta name=\"twitter:card\" content=\"summary_large_image\" \/>\n<meta name=\"twitter:label1\" content=\"Gesch\u00e4tzte Lesezeit\" \/>\n\t<meta name=\"twitter:data1\" content=\"4\u00a0Minuten\" \/>\n<script type=\"application\/ld+json\" class=\"yoast-schema-graph\">{\"@context\":\"https:\\\/\\\/schema.org\",\"@graph\":[{\"@type\":\"WebPage\",\"@id\":\"https:\\\/\\\/eletricistadelisboa.pt\\\/iluminacao-de-exterior\\\/\",\"url\":\"https:\\\/\\\/eletricistadelisboa.pt\\\/iluminacao-de-exterior\\\/\",\"name\":\"Ilumina\u00e7\u00e3o de Exterior \u2013 Beleza e Seguran\u00e7a para \u00c1reas Externas\",\"isPartOf\":{\"@id\":\"https:\\\/\\\/eletricistadelisboa.pt\\\/#website\"},\"datePublished\":\"2025-01-31T08:02:05+00:00\",\"dateModified\":\"2025-01-31T08:02:12+00:00\",\"description\":\"Precisa de ilumina\u00e7\u00e3o de exterior? Criamos projetos personalizados para real\u00e7ar fachadas, jardins e garantir seguran\u00e7a com economia. Pe\u00e7a um or\u00e7amento agora!\",\"breadcrumb\":{\"@id\":\"https:\\\/\\\/eletricistadelisboa.pt\\\/iluminacao-de-exterior\\\/#breadcrumb\"},\"inLanguage\":\"de\",\"potentialAction\":[{\"@type\":\"ReadAction\",\"target\":[\"https:\\\/\\\/eletricistadelisboa.pt\\\/iluminacao-de-exterior\\\/\"]}]},{\"@type\":\"BreadcrumbList\",\"@id\":\"https:\\\/\\\/eletricistadelisboa.pt\\\/iluminacao-de-exterior\\\/#breadcrumb\",\"itemListElement\":[{\"@type\":\"ListItem\",\"position\":1,\"name\":\"In\u00edcio\",\"item\":\"https:\\\/\\\/eletricistadelisboa.pt\\\/\"},{\"@type\":\"ListItem\",\"position\":2,\"name\":\"Ilumina\u00e7\u00e3o de Exterior \u2013 Beleza e Seguran\u00e7a para \u00c1reas Externas\"}]},{\"@type\":\"WebSite\",\"@id\":\"https:\\\/\\\/eletricistadelisboa.pt\\\/#website\",\"url\":\"https:\\\/\\\/eletricistadelisboa.pt\\\/\",\"name\":\"Eletricista de Lisboa\",\"description\":\"Servi\u00e7os el\u00e9tricos r\u00e1pidos e de alta qualidade em Lisboa, dispon\u00edveis 24 horas por dia.\",\"potentialAction\":[{\"@type\":\"SearchAction\",\"target\":{\"@type\":\"EntryPoint\",\"urlTemplate\":\"https:\\\/\\\/eletricistadelisboa.pt\\\/?s={search_term_string}\"},\"query-input\":{\"@type\":\"PropertyValueSpecification\",\"valueRequired\":true,\"valueName\":\"search_term_string\"}}],\"inLanguage\":\"de\"}]}<\/script>\n<!-- \/ Yoast SEO plugin. -->","yoast_head_json":{"title":"Au\u00dfenbeleuchtung - Sch\u00f6nheit und Sicherheit f\u00fcr den Au\u00dfenbereich","description":"Sie brauchen eine Au\u00dfenbeleuchtung? Wir erstellen ma\u00dfgeschneiderte Projekte, um Fassaden und G\u00e4rten zu versch\u00f6nern, Sicherheit zu gew\u00e4hrleisten und gleichzeitig Geld zu sparen. Fordern Sie jetzt ein Angebot an!","robots":{"index":"index","follow":"follow","max-snippet":"max-snippet:-1","max-image-preview":"max-image-preview:large","max-video-preview":"max-video-preview:-1"},"canonical":"https:\/\/eletricistadelisboa.pt\/de\/ausenbeleuchtung\/","og_locale":"de_DE","og_type":"article","og_title":"Ilumina\u00e7\u00e3o de Exterior \u2013 Beleza e Seguran\u00e7a para \u00c1reas Externas","og_description":"Precisa de ilumina\u00e7\u00e3o de exterior? Criamos projetos personalizados para real\u00e7ar fachadas, jardins e garantir seguran\u00e7a com economia. Pe\u00e7a um or\u00e7amento agora!","og_url":"https:\/\/eletricistadelisboa.pt\/de\/ausenbeleuchtung\/","og_site_name":"Eletricista de Lisboa","article_modified_time":"2025-01-31T08:02:12+00:00","twitter_card":"summary_large_image","twitter_misc":{"Gesch\u00e4tzte Lesezeit":"4\u00a0Minuten"},"schema":{"@context":"https:\/\/schema.org","@graph":[{"@type":"WebPage","@id":"https:\/\/eletricistadelisboa.pt\/iluminacao-de-exterior\/","url":"https:\/\/eletricistadelisboa.pt\/iluminacao-de-exterior\/","name":"Au\u00dfenbeleuchtung - Sch\u00f6nheit und Sicherheit f\u00fcr den Au\u00dfenbereich","isPartOf":{"@id":"https:\/\/eletricistadelisboa.pt\/#website"},"datePublished":"2025-01-31T08:02:05+00:00","dateModified":"2025-01-31T08:02:12+00:00","description":"Sie brauchen eine Au\u00dfenbeleuchtung? Wir erstellen ma\u00dfgeschneiderte Projekte, um Fassaden und G\u00e4rten zu versch\u00f6nern, Sicherheit zu gew\u00e4hrleisten und gleichzeitig Geld zu sparen. Fordern Sie jetzt ein Angebot an!","breadcrumb":{"@id":"https:\/\/eletricistadelisboa.pt\/iluminacao-de-exterior\/#breadcrumb"},"inLanguage":"de","potentialAction":[{"@type":"ReadAction","target":["https:\/\/eletricistadelisboa.pt\/iluminacao-de-exterior\/"]}]},{"@type":"BreadcrumbList","@id":"https:\/\/eletricistadelisboa.pt\/iluminacao-de-exterior\/#breadcrumb","itemListElement":[{"@type":"ListItem","position":1,"name":"In\u00edcio","item":"https:\/\/eletricistadelisboa.pt\/"},{"@type":"ListItem","position":2,"name":"Ilumina\u00e7\u00e3o de Exterior \u2013 Beleza e Seguran\u00e7a para \u00c1reas Externas"}]},{"@type":"WebSite","@id":"https:\/\/eletricistadelisboa.pt\/#website","url":"https:\/\/eletricistadelisboa.pt\/","name":"Eletricista de Lisboa","description":"Schnelle, qualitativ hochwertige Elektrodienstleistungen in Lissabon, 24 Stunden am Tag verf\u00fcgbar.","potentialAction":[{"@type":"SearchAction","target":{"@type":"EntryPoint","urlTemplate":"https:\/\/eletricistadelisboa.pt\/?s={search_term_string}"},"query-input":{"@type":"PropertyValueSpecification","valueRequired":true,"valueName":"search_term_string"}}],"inLanguage":"de"}]}},"_links":{"self":[{"href":"https:\/\/eletricistadelisboa.pt\/de\/wp-json\/wp\/v2\/pages\/3021","targetHints":{"allow":["GET"]}}],"collection":[{"href":"https:\/\/eletricistadelisboa.pt\/de\/wp-json\/wp\/v2\/pages"}],"about":[{"href":"https:\/\/eletricistadelisboa.pt\/de\/wp-json\/wp\/v2\/types\/page"}],"author":[{"embeddable":true,"href":"https:\/\/eletricistadelisboa.pt\/de\/wp-json\/wp\/v2\/users\/1"}],"replies":[{"embeddable":true,"href":"https:\/\/eletricistadelisboa.pt\/de\/wp-json\/wp\/v2\/comments?post=3021"}],"version-history":[{"count":1,"href":"https:\/\/eletricistadelisboa.pt\/de\/wp-json\/wp\/v2\/pages\/3021\/revisions"}],"predecessor-version":[{"id":3022,"href":"https:\/\/eletricistadelisboa.pt\/de\/wp-json\/wp\/v2\/pages\/3021\/revisions\/3022"}],"wp:attachment":[{"href":"https:\/\/eletricistadelisboa.pt\/de\/wp-json\/wp\/v2\/media?parent=3021"}],"curies":[{"name":"wp","href":"https:\/\/api.w.org\/{rel}","templated":true}]}}