{"id":2941,"date":"2025-01-29T16:59:06","date_gmt":"2025-01-29T16:59:06","guid":{"rendered":"https:\/\/eletricistadelisboa.pt\/?page_id=2941"},"modified":"2025-01-29T16:59:16","modified_gmt":"2025-01-29T16:59:16","slug":"reparaturen-von-elektrischen-leitungen","status":"publish","type":"page","link":"https:\/\/eletricistadelisboa.pt\/de\/reparaturen-von-elektrischen-leitungen\/","title":{"rendered":"Reparatur von Elektroinstallationen - sicherer und effizienter Service"},"content":{"rendered":"<p>Sie ben\u00f6tigen eine <strong>Reparaturen von elektrischen Leitungen<\/strong>? Besch\u00e4digte, \u00fcberlastete oder schlecht installierte elektrische Leitungen k\u00f6nnen Kurzschl\u00fcsse, Stromschl\u00e4ge und sogar Br\u00e4nde verursachen. Wenn Sie Probleme mit Ihrer Elektroinstallation feststellen, m\u00fcssen Sie schnell handeln, um Risiken zu vermeiden und die Sicherheit Ihres Eigentums zu gew\u00e4hrleisten.<\/p>\n<p>Wenn Ihre Ger\u00e4te ausfallen, es zu h\u00e4ufigen Stromausf\u00e4llen kommt oder Sie in der N\u00e4he von Steckdosen und Schalttafeln Brandgeruch wahrnehmen, ist m\u00f6glicherweise die Verkabelung besch\u00e4digt und muss sofort repariert werden.<\/p>\n<h2>Wann ist es notwendig, die elektrischen Leitungen zu reparieren?<\/h2>\n<p>Mit der Zeit k\u00f6nnen elektrische Leitungen verschlei\u00dfen, insbesondere bei alten oder schlecht dimensionierten Installationen. Hier sind einige Anzeichen daf\u00fcr, dass Ihr elektrisches Netz reparaturbed\u00fcrftig ist:<\/p>\n<ul>\n<li><strong>Freiliegende oder ausgefranste Dr\u00e4hte:<\/strong> Hohes Risiko von Stromschl\u00e4gen und Kurzschl\u00fcssen.<\/li>\n<li><strong>H\u00e4ufige Stromausf\u00e4lle:<\/strong> Dies kann auf einen schlechten Kontakt oder eine \u00dcberlastung des Netzes hinweisen.<\/li>\n<li><strong>Verbrennungsgeruch oder \u00dcberhitzung:<\/strong> Ein deutliches Zeichen f\u00fcr ein ernsthaftes Problem mit der Verkabelung.<\/li>\n<li><strong>St\u00e4ndiges Ausl\u00f6sen von Sicherungen oder Schutzschaltern:<\/strong> Die Verkabelung ist m\u00f6glicherweise nicht f\u00fcr die elektrische Last geeignet.<\/li>\n<li><strong>Funkende Steckdosen und Schalter:<\/strong> Weist auf schlechten Kontakt oder lose Dr\u00e4hte im Schaltkasten hin.<\/li>\n<li><strong>Schwingungen der Energie:<\/strong> Blinkende Gl\u00fchbirnen oder sich selbst ausschaltende Ger\u00e4te k\u00f6nnen auf einen Fehler in der Stromverteilung hinweisen.<\/li>\n<\/ul>\n<p>Wenn Sie eines dieser Anzeichen bemerken, sollten Sie einen <strong>Elektrodiagnose<\/strong> Fachmann kann das Problem erkennen und weitere Sch\u00e4den verhindern.<\/p>\n<h2>Wie funktioniert die Reparatur von Elektroinstallationen?<\/h2>\n<p>Reparaturen an elektrischen Leitungen sollten von einem erfahrenen Elektriker durchgef\u00fchrt werden, um einen sicheren und hochwertigen Service zu gew\u00e4hrleisten. Der Prozess umfasst:<\/p>\n<ul>\n<li>Schalten Sie das Ger\u00e4t aus, um die Gefahr eines Stromschlags zu vermeiden.<\/li>\n<li>Vollst\u00e4ndige Inspektion der Elektroinstallation zur Feststellung von Fehlern.<\/li>\n<li>Ersetzen von ausgefransten, gebrochenen oder \u00fcberlasteten Kabeln.<\/li>\n<li>Korrektur von losen oder schlecht ausgef\u00fchrten Verbindungen, um schlechten Kontakt zu vermeiden.<\/li>\n<li>\u00dcberpr\u00fcfung der elektrischen Schalttafel, um sicherzustellen, dass sie richtig dimensioniert ist.<\/li>\n<li>Sicherheitstests, um sicherzustellen, dass die neue Verkabelung ordnungsgem\u00e4\u00df funktioniert.<\/li>\n<\/ul>\n<p>Neben der Reparatur beurteilen wir, ob die Elektroinstallation f\u00fcr den aktuellen Bedarf geeignet ist und schlagen gegebenenfalls Verbesserungen vor.<\/p>\n<h2>Was sind die Vorteile der Reparatur von elektrischen Leitungen?<\/h2>\n<p>A <strong>Reparaturen von elektrischen Leitungen<\/strong> Wenn es richtig gemacht wird, hat es mehrere Vorteile, wie zum Beispiel<\/p>\n<ul>\n<li><strong>Sicherheit:<\/strong> Verhindert Kurzschl\u00fcsse und elektrische Br\u00e4nde.<\/li>\n<li><strong>Energieeffizienz:<\/strong> Reduziert Energieverluste, die durch ausgefranste oder schlecht angeschlossene Dr\u00e4hte entstehen.<\/li>\n<li><strong>Schutz von elektrischen Ger\u00e4ten:<\/strong> Verhindert Sch\u00e4den an Ger\u00e4ten aufgrund von Netzausf\u00e4llen.<\/li>\n<li><strong>L\u00e4ngere Lebensdauer der Anlage:<\/strong> Eine neue, gut installierte Verkabelung h\u00e4lt viele Jahre lang, ohne dass h\u00e4ufige Reparaturen erforderlich sind.<\/li>\n<li><strong>Einhaltung der elektrischen Normen:<\/strong> Instandhaltung der Anlage gem\u00e4\u00df den erforderlichen technischen Standards.<\/li>\n<\/ul>\n<h2>Wie hoch sind die Kosten f\u00fcr die Reparatur der Elektroinstallation?<\/h2>\n<p>Die Kosten des Dienstes k\u00f6nnen von verschiedenen Faktoren abh\u00e4ngen, z. B.<\/p>\n<ul>\n<li>Verl\u00e4ngerte Verkabelung, die ersetzt werden muss.<\/li>\n<li>Art der Immobilie und Komplexit\u00e4t der Elektroinstallation.<\/li>\n<li>Sie m\u00fcssen Steckdosen, Schutzschalter oder andere Komponenten ersetzen.<\/li>\n<li>Zeitaufwand f\u00fcr die Erbringung der Dienstleistung.<\/li>\n<\/ul>\n<p>Um einen fairen Kostenvoranschlag und einen sicheren Service zu gew\u00e4hrleisten, empfehlen wir eine professionelle Bewertung.<\/p>\n<h2>Wie oft sollte die elektrische Verkabelung \u00fcberpr\u00fcft werden?<\/h2>\n<p>Idealerweise sollte eine elektrische Inspektion alle 5 bis 10 Jahre in Wohngeb\u00e4uden und alle 3 bis 5 Jahre in Gewerbegeb\u00e4uden durchgef\u00fchrt werden. Bei Anzeichen von M\u00e4ngeln, wie den oben genannten, sollte die Anlage sofort \u00fcberpr\u00fcft werden.<\/p>\n<h2>M\u00fcssen elektrische Leitungen repariert werden? Sprechen Sie mit uns!<\/h2>\n<p>Wenn Sie eine <strong>Reparaturen von elektrischen Leitungen<\/strong>z\u00f6gern Sie es nicht hinaus. Ein professioneller Service garantiert Sicherheit, Effizienz und die Einhaltung der elektrischen Normen.<\/p>","protected":false},"excerpt":{"rendered":"<p>Precisa de uma repara\u00e7\u00e3o de fia\u00e7\u00e3o el\u00e9trica? Fios el\u00e9tricos danificados, sobrecarregados ou mal instalados podem causar curtos-circuitos, choques el\u00e9tricos e at\u00e9 inc\u00eandios. Se notar problemas na sua instala\u00e7\u00e3o el\u00e9trica, \u00e9 essencial agir rapidamente para evitar riscos e garantir a seguran\u00e7a do im\u00f3vel. Se os seus equipamentos est\u00e3o a falhar, h\u00e1 quedas de energia frequentes ou [&hellip;]<\/p>\n","protected":false},"author":1,"featured_media":0,"parent":0,"menu_order":0,"comment_status":"closed","ping_status":"closed","template":"","meta":{"iawp_total_views":17,"footnotes":""},"class_list":["post-2941","page","type-page","status-publish","hentry"],"yoast_head":"<!-- This site is optimized with the Yoast SEO plugin v27.5 - https:\/\/yoast.com\/product\/yoast-seo-wordpress\/ -->\n<title>Repara\u00e7\u00e3o de Fia\u00e7\u00e3o El\u00e9trica \u2013 Servi\u00e7o Seguro e Eficiente<\/title>\n<meta name=\"description\" content=\"Precisa de repara\u00e7\u00e3o de fia\u00e7\u00e3o el\u00e9trica? Identificamos e resolvemos falhas na rede el\u00e9trica para garantir seguran\u00e7a e efici\u00eancia. Pe\u00e7a um or\u00e7amento!\" \/>\n<meta name=\"robots\" content=\"index, follow, max-snippet:-1, max-image-preview:large, max-video-preview:-1\" \/>\n<link rel=\"canonical\" href=\"https:\/\/eletricistadelisboa.pt\/de\/reparaturen-von-elektrischen-leitungen\/\" \/>\n<meta property=\"og:locale\" content=\"de_DE\" \/>\n<meta property=\"og:type\" content=\"article\" \/>\n<meta property=\"og:title\" content=\"Repara\u00e7\u00e3o de Fia\u00e7\u00e3o El\u00e9trica \u2013 Servi\u00e7o Seguro e Eficiente\" \/>\n<meta property=\"og:description\" content=\"Precisa de repara\u00e7\u00e3o de fia\u00e7\u00e3o el\u00e9trica? Identificamos e resolvemos falhas na rede el\u00e9trica para garantir seguran\u00e7a e efici\u00eancia. Pe\u00e7a um or\u00e7amento!\" \/>\n<meta property=\"og:url\" content=\"https:\/\/eletricistadelisboa.pt\/de\/reparaturen-von-elektrischen-leitungen\/\" \/>\n<meta property=\"og:site_name\" content=\"Eletricista de Lisboa\" \/>\n<meta property=\"article:modified_time\" content=\"2025-01-29T16:59:16+00:00\" \/>\n<meta name=\"twitter:card\" content=\"summary_large_image\" \/>\n<meta name=\"twitter:label1\" content=\"Gesch\u00e4tzte Lesezeit\" \/>\n\t<meta name=\"twitter:data1\" content=\"3\u00a0Minuten\" \/>\n<script type=\"application\/ld+json\" class=\"yoast-schema-graph\">{\"@context\":\"https:\\\/\\\/schema.org\",\"@graph\":[{\"@type\":\"WebPage\",\"@id\":\"https:\\\/\\\/eletricistadelisboa.pt\\\/reparacao-de-fiacao-eletrica\\\/\",\"url\":\"https:\\\/\\\/eletricistadelisboa.pt\\\/reparacao-de-fiacao-eletrica\\\/\",\"name\":\"Repara\u00e7\u00e3o de Fia\u00e7\u00e3o El\u00e9trica \u2013 Servi\u00e7o Seguro e Eficiente\",\"isPartOf\":{\"@id\":\"https:\\\/\\\/eletricistadelisboa.pt\\\/#website\"},\"datePublished\":\"2025-01-29T16:59:06+00:00\",\"dateModified\":\"2025-01-29T16:59:16+00:00\",\"description\":\"Precisa de repara\u00e7\u00e3o de fia\u00e7\u00e3o el\u00e9trica? Identificamos e resolvemos falhas na rede el\u00e9trica para garantir seguran\u00e7a e efici\u00eancia. Pe\u00e7a um or\u00e7amento!\",\"breadcrumb\":{\"@id\":\"https:\\\/\\\/eletricistadelisboa.pt\\\/reparacao-de-fiacao-eletrica\\\/#breadcrumb\"},\"inLanguage\":\"de\",\"potentialAction\":[{\"@type\":\"ReadAction\",\"target\":[\"https:\\\/\\\/eletricistadelisboa.pt\\\/reparacao-de-fiacao-eletrica\\\/\"]}]},{\"@type\":\"BreadcrumbList\",\"@id\":\"https:\\\/\\\/eletricistadelisboa.pt\\\/reparacao-de-fiacao-eletrica\\\/#breadcrumb\",\"itemListElement\":[{\"@type\":\"ListItem\",\"position\":1,\"name\":\"In\u00edcio\",\"item\":\"https:\\\/\\\/eletricistadelisboa.pt\\\/\"},{\"@type\":\"ListItem\",\"position\":2,\"name\":\"Repara\u00e7\u00e3o de Fia\u00e7\u00e3o El\u00e9trica \u2013 Servi\u00e7o Seguro e Eficiente\"}]},{\"@type\":\"WebSite\",\"@id\":\"https:\\\/\\\/eletricistadelisboa.pt\\\/#website\",\"url\":\"https:\\\/\\\/eletricistadelisboa.pt\\\/\",\"name\":\"Eletricista de Lisboa\",\"description\":\"Servi\u00e7os el\u00e9tricos r\u00e1pidos e de alta qualidade em Lisboa, dispon\u00edveis 24 horas por dia.\",\"potentialAction\":[{\"@type\":\"SearchAction\",\"target\":{\"@type\":\"EntryPoint\",\"urlTemplate\":\"https:\\\/\\\/eletricistadelisboa.pt\\\/?s={search_term_string}\"},\"query-input\":{\"@type\":\"PropertyValueSpecification\",\"valueRequired\":true,\"valueName\":\"search_term_string\"}}],\"inLanguage\":\"de\"}]}<\/script>\n<!-- \/ Yoast SEO plugin. -->","yoast_head_json":{"title":"Reparatur von Elektroinstallationen - sicherer und effizienter Service","description":"M\u00fcssen elektrische Leitungen repariert werden? Wir ermitteln und beheben Fehler im elektrischen Netz, um Sicherheit und Effizienz zu gew\u00e4hrleisten. Fordern Sie ein Angebot an!","robots":{"index":"index","follow":"follow","max-snippet":"max-snippet:-1","max-image-preview":"max-image-preview:large","max-video-preview":"max-video-preview:-1"},"canonical":"https:\/\/eletricistadelisboa.pt\/de\/reparaturen-von-elektrischen-leitungen\/","og_locale":"de_DE","og_type":"article","og_title":"Repara\u00e7\u00e3o de Fia\u00e7\u00e3o El\u00e9trica \u2013 Servi\u00e7o Seguro e Eficiente","og_description":"Precisa de repara\u00e7\u00e3o de fia\u00e7\u00e3o el\u00e9trica? Identificamos e resolvemos falhas na rede el\u00e9trica para garantir seguran\u00e7a e efici\u00eancia. Pe\u00e7a um or\u00e7amento!","og_url":"https:\/\/eletricistadelisboa.pt\/de\/reparaturen-von-elektrischen-leitungen\/","og_site_name":"Eletricista de Lisboa","article_modified_time":"2025-01-29T16:59:16+00:00","twitter_card":"summary_large_image","twitter_misc":{"Gesch\u00e4tzte Lesezeit":"3\u00a0Minuten"},"schema":{"@context":"https:\/\/schema.org","@graph":[{"@type":"WebPage","@id":"https:\/\/eletricistadelisboa.pt\/reparacao-de-fiacao-eletrica\/","url":"https:\/\/eletricistadelisboa.pt\/reparacao-de-fiacao-eletrica\/","name":"Reparatur von Elektroinstallationen - sicherer und effizienter Service","isPartOf":{"@id":"https:\/\/eletricistadelisboa.pt\/#website"},"datePublished":"2025-01-29T16:59:06+00:00","dateModified":"2025-01-29T16:59:16+00:00","description":"M\u00fcssen elektrische Leitungen repariert werden? Wir ermitteln und beheben Fehler im elektrischen Netz, um Sicherheit und Effizienz zu gew\u00e4hrleisten. Fordern Sie ein Angebot an!","breadcrumb":{"@id":"https:\/\/eletricistadelisboa.pt\/reparacao-de-fiacao-eletrica\/#breadcrumb"},"inLanguage":"de","potentialAction":[{"@type":"ReadAction","target":["https:\/\/eletricistadelisboa.pt\/reparacao-de-fiacao-eletrica\/"]}]},{"@type":"BreadcrumbList","@id":"https:\/\/eletricistadelisboa.pt\/reparacao-de-fiacao-eletrica\/#breadcrumb","itemListElement":[{"@type":"ListItem","position":1,"name":"In\u00edcio","item":"https:\/\/eletricistadelisboa.pt\/"},{"@type":"ListItem","position":2,"name":"Repara\u00e7\u00e3o de Fia\u00e7\u00e3o El\u00e9trica \u2013 Servi\u00e7o Seguro e Eficiente"}]},{"@type":"WebSite","@id":"https:\/\/eletricistadelisboa.pt\/#website","url":"https:\/\/eletricistadelisboa.pt\/","name":"Eletricista de Lisboa","description":"Schnelle, qualitativ hochwertige Elektrodienstleistungen in Lissabon, 24 Stunden am Tag verf\u00fcgbar.","potentialAction":[{"@type":"SearchAction","target":{"@type":"EntryPoint","urlTemplate":"https:\/\/eletricistadelisboa.pt\/?s={search_term_string}"},"query-input":{"@type":"PropertyValueSpecification","valueRequired":true,"valueName":"search_term_string"}}],"inLanguage":"de"}]}},"_links":{"self":[{"href":"https:\/\/eletricistadelisboa.pt\/de\/wp-json\/wp\/v2\/pages\/2941","targetHints":{"allow":["GET"]}}],"collection":[{"href":"https:\/\/eletricistadelisboa.pt\/de\/wp-json\/wp\/v2\/pages"}],"about":[{"href":"https:\/\/eletricistadelisboa.pt\/de\/wp-json\/wp\/v2\/types\/page"}],"author":[{"embeddable":true,"href":"https:\/\/eletricistadelisboa.pt\/de\/wp-json\/wp\/v2\/users\/1"}],"replies":[{"embeddable":true,"href":"https:\/\/eletricistadelisboa.pt\/de\/wp-json\/wp\/v2\/comments?post=2941"}],"version-history":[{"count":1,"href":"https:\/\/eletricistadelisboa.pt\/de\/wp-json\/wp\/v2\/pages\/2941\/revisions"}],"predecessor-version":[{"id":2943,"href":"https:\/\/eletricistadelisboa.pt\/de\/wp-json\/wp\/v2\/pages\/2941\/revisions\/2943"}],"wp:attachment":[{"href":"https:\/\/eletricistadelisboa.pt\/de\/wp-json\/wp\/v2\/media?parent=2941"}],"curies":[{"name":"wp","href":"https:\/\/api.w.org\/{rel}","templated":true}]}}