{"id":2914,"date":"2025-01-29T10:22:28","date_gmt":"2025-01-29T10:22:28","guid":{"rendered":"https:\/\/eletricistadelisboa.pt\/?page_id=2914"},"modified":"2025-01-29T10:22:28","modified_gmt":"2025-01-29T10:22:28","slug":"wartung-der-telefonzentrale","status":"publish","type":"page","link":"https:\/\/eletricistadelisboa.pt\/de\/wartung-der-telefonzentrale\/","title":{"rendered":"Wartung von Schaltanlagen - Sicherheit gew\u00e4hrleisten"},"content":{"rendered":"<p>A <strong>Wartung der Telefonzentrale<\/strong> k\u00f6nnen gr\u00f6\u00dfere Probleme verhindern. Die Schalttafel ist das Herzst\u00fcck der Elektroinstallation einer jeden Immobilie. Wenn sie ausf\u00e4llt, kann das gesamte System beeintr\u00e4chtigt werden, was das Risiko von Kurzschl\u00fcssen, Stromausf\u00e4llen und sogar Br\u00e4nden erh\u00f6ht.<\/p>\n<p>Damit Ihre Elektroinstallation sicher und effizient bleibt, m\u00fcssen Sie sie regelm\u00e4\u00dfig \u00fcberpr\u00fcfen. Wenn Sie Ihre Schalttafel schon lange nicht mehr \u00fcberpr\u00fcft haben, ist es vielleicht an der Zeit zu handeln, bevor ein gr\u00f6\u00dferes Problem auftritt.<\/p>\n<h2>Wann muss die Telefonzentrale gewartet werden?<\/h2>\n<p>Elektrische Probleme sind nicht immer offensichtlich. Oft sind es nur kleine Anzeichen, die darauf hinweisen, dass die Schalttafel dringend gewartet werden muss. Hier sind einige der wichtigsten Warnhinweise:<\/p>\n<ul>\n<li>Schutzschalter, die h\u00e4ufig und ohne ersichtlichen Grund ausl\u00f6sen.<\/li>\n<li>St\u00e4ndige Stromausf\u00e4lle in bestimmten Stromkreisen.<\/li>\n<li>\u00dcberm\u00e4\u00dfige Erw\u00e4rmung in der Schalttafel oder den Steckdosen.<\/li>\n<li>Alte, ausgefranste oder schlecht angeschlossene Dr\u00e4hte.<\/li>\n<li>Brandgeruch oder Funkenbildung beim Einschalten von Elektroger\u00e4ten.<\/li>\n<\/ul>\n<p>Wenn Sie eines dieser Probleme festgestellt haben, sollten Sie nicht warten, bis die Situation schlimmer wird. Mangelnde Wartung kann zu schwerwiegenden M\u00e4ngeln und hohen Reparaturkosten f\u00fchren.<\/p>\n<h2>Wie funktioniert die Wartung von Telefonzentralen?<\/h2>\n<p>Die vorbeugende Wartung einer Schaltanlage umfasst mehrere wichtige Schritte, um sicherzustellen, dass alles ordnungsgem\u00e4\u00df und unter Einhaltung der Sicherheitsvorschriften funktioniert.<\/p>\n<p>Zun\u00e4chst f\u00fchren wir eine gr\u00fcndliche Inspektion durch, um Fehler zu erkennen, die mit blo\u00dfem Auge nicht sichtbar sind, wie z. B. \u00dcberlastungen in Stromkreisen oder lose Verbindungen. Anschlie\u00dfend f\u00fchren wir die folgenden Ma\u00dfnahmen durch:<\/p>\n<ul>\n<li>Austausch von besch\u00e4digten oder korrodierten Dr\u00e4hten.<\/li>\n<li>Einstellen und Nachziehen der elektrischen Verbindungen.<\/li>\n<li>Pr\u00fcfen und Auswechseln von Schutzschaltern, falls erforderlich.<\/li>\n<li>\u00dcberlasttests und Effizienz der Stromverteilung.<\/li>\n<li>Organisation und Kennzeichnung von Schaltkreisen, um die k\u00fcnftige Wartung zu erleichtern.<\/li>\n<\/ul>\n<p>Au\u00dferdem pr\u00fcfen wir, ob die Schalttafel noch f\u00fcr die aktuelle elektrische Belastung der Immobilie geeignet ist. Falls erforderlich, empfehlen wir Verbesserungen, um die Effizienz zu steigern und k\u00fcnftige Probleme zu vermeiden.<\/p>\n<h2>Welche Vorteile hat es, die Schalttafel in gutem Zustand zu halten?<\/h2>\n<p>A <strong>Wartung der Telefonzentrale<\/strong> bietet regelm\u00e4\u00dfig mehrere Vorteile f\u00fcr Ihr Haus oder Ihr Unternehmen. Siehe die wichtigsten Vorteile:<\/p>\n<ul>\n<li><strong>Sicherheit:<\/strong> Verhindert Kurzschl\u00fcsse und reduziert das Risiko von Br\u00e4nden durch elektrische Fehler.<\/li>\n<li><strong>Effizienz:<\/strong> Eine gut gewartete Schaltanlage verteilt die Energie gleichm\u00e4\u00dfig und vermeidet Spannungsabf\u00e4lle.<\/li>\n<li><strong>Langlebigkeit:<\/strong> Erh\u00f6ht die Lebensdauer von Leistungsschaltern und der gesamten Elektroinstallation.<\/li>\n<li><strong>Wirtschaft:<\/strong> Vermeiden Sie unn\u00f6tige Kosten f\u00fcr Notreparaturen und Sch\u00e4den an Elektroger\u00e4ten.<\/li>\n<li><strong>Einhaltung von Normen:<\/strong> Stellen Sie sicher, dass die Installation den technischen Normen und elektrischen Vorschriften entspricht.<\/li>\n<\/ul>\n<h2>Wie viel kostet die Wartung einer Telefonzentrale?<\/h2>\n<p>Die Kosten f\u00fcr die Wartung h\u00e4ngen von verschiedenen Faktoren ab, z. B. vom Zustand des Fahrgestells, von der Notwendigkeit des Austauschs von Bauteilen und von der Komplexit\u00e4t der Wartungsarbeiten.<\/p>\n<p>Deshalb empfehlen wir eine professionelle Diagnose, um genau festzustellen, was getan werden muss. Wichtig ist, dass eine Investition in die Wartung der Elektrik viel wirtschaftlicher ist, als sich in der Zukunft mit ernsthaften Problemen auseinanderzusetzen.<\/p>\n<h2>Wie oft sollte ich die Wartung durchf\u00fchren?<\/h2>\n<p>Idealerweise <strong>Wartung der Telefonzentrale<\/strong> sollte in Haushalten mindestens alle 3 bis 5 Jahre durchgef\u00fchrt werden. In Unternehmen hingegen, wo der elektrische Bedarf h\u00f6her ist, sind j\u00e4hrliche Inspektionen ideal.<\/p>\n<p>Wenn Sie jedoch Anzeichen einer St\u00f6rung, wie die oben genannten, bemerken, sollten Sie nicht warten. Nehmen Sie so schnell wie m\u00f6glich Kontakt auf, um Komplikationen zu vermeiden.<\/p>\n<h2>Ben\u00f6tigen Sie einen Service f\u00fcr Ihre Telefonzentrale? Sprechen Sie mit uns!<\/h2>\n<p>Wenn Sie eine <strong>Wartung der Telefonzentrale<\/strong>Warten Sie nicht auf St\u00f6rungen oder Unf\u00e4lle. Buchen Sie jetzt einen professionellen Service und garantieren Sie die Sicherheit und Effizienz Ihrer Elektroinstallation.<\/p>","protected":false},"excerpt":{"rendered":"<p>Uma manuten\u00e7\u00e3o de quadro el\u00e9trico bem feita pode evitar grandes problemas. O quadro el\u00e9trico \u00e9 a pe\u00e7a central da instala\u00e7\u00e3o el\u00e9trica de qualquer im\u00f3vel. Se apresentar falhas, todo o sistema pode ficar comprometido, aumentando o risco de curtos-circuitos, apag\u00f5es e at\u00e9 inc\u00eandios. Manter a sua instala\u00e7\u00e3o el\u00e9trica segura e eficiente depende de revis\u00f5es peri\u00f3dicas. Se [&hellip;]<\/p>\n","protected":false},"author":1,"featured_media":0,"parent":0,"menu_order":0,"comment_status":"closed","ping_status":"closed","template":"","meta":{"iawp_total_views":18,"footnotes":""},"class_list":["post-2914","page","type-page","status-publish","hentry"],"yoast_head":"<!-- This site is optimized with the Yoast SEO plugin v27.5 - https:\/\/yoast.com\/product\/yoast-seo-wordpress\/ -->\n<title>Manuten\u00e7\u00e3o de Quadro El\u00e9trico - Garanta Seguran\u00e7a<\/title>\n<meta name=\"description\" content=\"Precisa de manuten\u00e7\u00e3o de quadro el\u00e9trico? Garantimos um servi\u00e7o seguro, eficiente e profissional para evitar falhas e proteger sua instala\u00e7\u00e3o el\u00e9trica.\" \/>\n<meta name=\"robots\" content=\"index, follow, max-snippet:-1, max-image-preview:large, max-video-preview:-1\" \/>\n<link rel=\"canonical\" href=\"https:\/\/eletricistadelisboa.pt\/de\/wartung-der-telefonzentrale\/\" \/>\n<meta property=\"og:locale\" content=\"de_DE\" \/>\n<meta property=\"og:type\" content=\"article\" \/>\n<meta property=\"og:title\" content=\"Manuten\u00e7\u00e3o de Quadro El\u00e9trico - Garanta Seguran\u00e7a\" \/>\n<meta property=\"og:description\" content=\"Precisa de manuten\u00e7\u00e3o de quadro el\u00e9trico? Garantimos um servi\u00e7o seguro, eficiente e profissional para evitar falhas e proteger sua instala\u00e7\u00e3o el\u00e9trica.\" \/>\n<meta property=\"og:url\" content=\"https:\/\/eletricistadelisboa.pt\/de\/wartung-der-telefonzentrale\/\" \/>\n<meta property=\"og:site_name\" content=\"Eletricista de Lisboa\" \/>\n<meta name=\"twitter:card\" content=\"summary_large_image\" \/>\n<script type=\"application\/ld+json\" class=\"yoast-schema-graph\">{\"@context\":\"https:\\\/\\\/schema.org\",\"@graph\":[{\"@type\":\"WebPage\",\"@id\":\"https:\\\/\\\/eletricistadelisboa.pt\\\/manutencao-de-quadro-eletrico\\\/\",\"url\":\"https:\\\/\\\/eletricistadelisboa.pt\\\/manutencao-de-quadro-eletrico\\\/\",\"name\":\"Manuten\u00e7\u00e3o de Quadro El\u00e9trico - Garanta Seguran\u00e7a\",\"isPartOf\":{\"@id\":\"https:\\\/\\\/eletricistadelisboa.pt\\\/#website\"},\"datePublished\":\"2025-01-29T10:22:28+00:00\",\"description\":\"Precisa de manuten\u00e7\u00e3o de quadro el\u00e9trico? Garantimos um servi\u00e7o seguro, eficiente e profissional para evitar falhas e proteger sua instala\u00e7\u00e3o el\u00e9trica.\",\"breadcrumb\":{\"@id\":\"https:\\\/\\\/eletricistadelisboa.pt\\\/manutencao-de-quadro-eletrico\\\/#breadcrumb\"},\"inLanguage\":\"de\",\"potentialAction\":[{\"@type\":\"ReadAction\",\"target\":[\"https:\\\/\\\/eletricistadelisboa.pt\\\/manutencao-de-quadro-eletrico\\\/\"]}]},{\"@type\":\"BreadcrumbList\",\"@id\":\"https:\\\/\\\/eletricistadelisboa.pt\\\/manutencao-de-quadro-eletrico\\\/#breadcrumb\",\"itemListElement\":[{\"@type\":\"ListItem\",\"position\":1,\"name\":\"In\u00edcio\",\"item\":\"https:\\\/\\\/eletricistadelisboa.pt\\\/\"},{\"@type\":\"ListItem\",\"position\":2,\"name\":\"Manuten\u00e7\u00e3o de Quadro El\u00e9trico &#8211; Garanta Seguran\u00e7a\"}]},{\"@type\":\"WebSite\",\"@id\":\"https:\\\/\\\/eletricistadelisboa.pt\\\/#website\",\"url\":\"https:\\\/\\\/eletricistadelisboa.pt\\\/\",\"name\":\"Eletricista de Lisboa\",\"description\":\"Servi\u00e7os el\u00e9tricos r\u00e1pidos e de alta qualidade em Lisboa, dispon\u00edveis 24 horas por dia.\",\"potentialAction\":[{\"@type\":\"SearchAction\",\"target\":{\"@type\":\"EntryPoint\",\"urlTemplate\":\"https:\\\/\\\/eletricistadelisboa.pt\\\/?s={search_term_string}\"},\"query-input\":{\"@type\":\"PropertyValueSpecification\",\"valueRequired\":true,\"valueName\":\"search_term_string\"}}],\"inLanguage\":\"de\"}]}<\/script>\n<!-- \/ Yoast SEO plugin. -->","yoast_head_json":{"title":"Wartung von Schaltanlagen - Sicherheit gew\u00e4hrleisten","description":"Ben\u00f6tigen Sie eine Wartung der elektrischen Schalttafel? Wir garantieren einen sicheren, effizienten und professionellen Service, um St\u00f6rungen zu vermeiden und Ihre Elektroinstallation zu sch\u00fctzen.","robots":{"index":"index","follow":"follow","max-snippet":"max-snippet:-1","max-image-preview":"max-image-preview:large","max-video-preview":"max-video-preview:-1"},"canonical":"https:\/\/eletricistadelisboa.pt\/de\/wartung-der-telefonzentrale\/","og_locale":"de_DE","og_type":"article","og_title":"Manuten\u00e7\u00e3o de Quadro El\u00e9trico - Garanta Seguran\u00e7a","og_description":"Precisa de manuten\u00e7\u00e3o de quadro el\u00e9trico? Garantimos um servi\u00e7o seguro, eficiente e profissional para evitar falhas e proteger sua instala\u00e7\u00e3o el\u00e9trica.","og_url":"https:\/\/eletricistadelisboa.pt\/de\/wartung-der-telefonzentrale\/","og_site_name":"Eletricista de Lisboa","twitter_card":"summary_large_image","schema":{"@context":"https:\/\/schema.org","@graph":[{"@type":"WebPage","@id":"https:\/\/eletricistadelisboa.pt\/manutencao-de-quadro-eletrico\/","url":"https:\/\/eletricistadelisboa.pt\/manutencao-de-quadro-eletrico\/","name":"Wartung von Schaltanlagen - Sicherheit gew\u00e4hrleisten","isPartOf":{"@id":"https:\/\/eletricistadelisboa.pt\/#website"},"datePublished":"2025-01-29T10:22:28+00:00","description":"Ben\u00f6tigen Sie eine Wartung der elektrischen Schalttafel? Wir garantieren einen sicheren, effizienten und professionellen Service, um St\u00f6rungen zu vermeiden und Ihre Elektroinstallation zu sch\u00fctzen.","breadcrumb":{"@id":"https:\/\/eletricistadelisboa.pt\/manutencao-de-quadro-eletrico\/#breadcrumb"},"inLanguage":"de","potentialAction":[{"@type":"ReadAction","target":["https:\/\/eletricistadelisboa.pt\/manutencao-de-quadro-eletrico\/"]}]},{"@type":"BreadcrumbList","@id":"https:\/\/eletricistadelisboa.pt\/manutencao-de-quadro-eletrico\/#breadcrumb","itemListElement":[{"@type":"ListItem","position":1,"name":"In\u00edcio","item":"https:\/\/eletricistadelisboa.pt\/"},{"@type":"ListItem","position":2,"name":"Manuten\u00e7\u00e3o de Quadro El\u00e9trico &#8211; Garanta Seguran\u00e7a"}]},{"@type":"WebSite","@id":"https:\/\/eletricistadelisboa.pt\/#website","url":"https:\/\/eletricistadelisboa.pt\/","name":"Eletricista de Lisboa","description":"Schnelle, qualitativ hochwertige Elektrodienstleistungen in Lissabon, 24 Stunden am Tag verf\u00fcgbar.","potentialAction":[{"@type":"SearchAction","target":{"@type":"EntryPoint","urlTemplate":"https:\/\/eletricistadelisboa.pt\/?s={search_term_string}"},"query-input":{"@type":"PropertyValueSpecification","valueRequired":true,"valueName":"search_term_string"}}],"inLanguage":"de"}]}},"_links":{"self":[{"href":"https:\/\/eletricistadelisboa.pt\/de\/wp-json\/wp\/v2\/pages\/2914","targetHints":{"allow":["GET"]}}],"collection":[{"href":"https:\/\/eletricistadelisboa.pt\/de\/wp-json\/wp\/v2\/pages"}],"about":[{"href":"https:\/\/eletricistadelisboa.pt\/de\/wp-json\/wp\/v2\/types\/page"}],"author":[{"embeddable":true,"href":"https:\/\/eletricistadelisboa.pt\/de\/wp-json\/wp\/v2\/users\/1"}],"replies":[{"embeddable":true,"href":"https:\/\/eletricistadelisboa.pt\/de\/wp-json\/wp\/v2\/comments?post=2914"}],"version-history":[{"count":1,"href":"https:\/\/eletricistadelisboa.pt\/de\/wp-json\/wp\/v2\/pages\/2914\/revisions"}],"predecessor-version":[{"id":2915,"href":"https:\/\/eletricistadelisboa.pt\/de\/wp-json\/wp\/v2\/pages\/2914\/revisions\/2915"}],"wp:attachment":[{"href":"https:\/\/eletricistadelisboa.pt\/de\/wp-json\/wp\/v2\/media?parent=2914"}],"curies":[{"name":"wp","href":"https:\/\/api.w.org\/{rel}","templated":true}]}}